{"id":10214,"date":"2025-01-23T00:52:33","date_gmt":"2025-01-22T23:52:33","guid":{"rendered":"https:\/\/thelyflabs.com\/?post_type=product&#038;p=10214"},"modified":"2026-03-09T09:32:40","modified_gmt":"2026-03-09T08:32:40","slug":"static-runtz-hash-cbd-40","status":"publish","type":"product","link":"https:\/\/thelyflabs.com\/it\/product\/static-runtz-hash-cbd-40","title":{"rendered":"Static Runtz Hash CBD 40%"},"content":{"rendered":"<h3 data-pm-slice=\"1 1 []\">Static Runtz Hash CBD 40%<\/h3>\n<p>Benvenuti a una nuova esperienza di qualit\u00e0 premium con <strong>Static Runtz Hash CBD<\/strong>, l&#039;hashish al CBD che sta rivoluzionando il mercato. Questo prodotto esclusivo contiene 40% di CBD, offrendoti una combinazione unica di propriet\u00e0 rilassanti, aroma eccezionale e una finitura artigianale degna dei palati pi\u00f9 esigenti.<\/p>\n<h4>La magia di Static Runtz Hash CBD<\/h4>\n<p>Lui <strong>Static Runtz Hash CBD<\/strong> \u00c8 un hashish al CBD prodotto con metodi tradizionali che garantiscono la conservazione dei terpeni naturali della canapa. Il suo processo di produzione artigianale garantisce che ogni lotto abbia una consistenza liscia e compatta, con un aroma dolce e fruttato che caratterizza la variet\u00e0 Static Runtz.<\/p>\n<p>Questo hashish si distingue per l&#039;alta concentrazione di CBD, rendendolo la scelta ideale per chi desidera godere delle propriet\u00e0 del cannabidiolo senza gli effetti psicoattivi. Con meno di 0,2% di THC, \u00e8 completamente legale in Spagna e in tutta Europa.<\/p>\n<h4>Processo di fabbricazione<\/h4>\n<p>Lui <strong>Static Runtz Hash CBD<\/strong> Si ottiene attraverso un attento processo di estrazione che separa i tricomi dalla pianta di canapa. Questo garantisce una purezza eccezionale e una consistenza omogenea che delizier\u00e0 gli amanti dell&#039;hashish al CBD. Inoltre, l&#039;utilizzo di mesh di alta qualit\u00e0 consente la preservazione di terpeni e cannabinoidi, garantendo un&#039;esperienza unica ad ogni utilizzo.<\/p>\n<h4>Perch\u00e9 scegliere Static Runtz Hash CBD?<\/h4>\n<p>Se sei un appassionato di CBD, <strong>Static Runtz Hash CBD<\/strong> \u00e8 la scelta perfetta per te. Questo hashish combina le migliori qualit\u00e0 di un prodotto artigianale con le propriet\u00e0 terapeutiche del cannabidiolo. Il suo aroma e sapore equilibrati, insieme all&#039;alta concentrazione di CBD, lo rendono un must per chi apprezza la qualit\u00e0 e l&#039;autenticit\u00e0.<\/p>\n<p>Questo prodotto \u00e8 ideale sia per i collezionisti che per chi cerca un oggetto decorativo o aromatico esclusivo. La consistenza mielata e la tonalit\u00e0 marrone dorato del <strong>Static Runtz Hash CBD<\/strong> Riflettono la loro purezza e la dedizione profusa in ogni fase del loro sviluppo.<\/p>\n<p>&nbsp;<\/p>\n<h2>Caratteristiche dell&#039;hashish Runtz Static CBD:<\/h2>\n<ul>\n<li><b>Aspetto e consistenza: <span style=\"font-size: 16px;font-weight: 400\">Si distingue per la sua <strong>consistenza morbida e compatta, un po&#039; mielosa<\/strong>Questo hashish, di colore marrone dorato, ha un <strong>consistenza friabile<\/strong> che ne facilita l&#039;uso piacevole, riflettendo la cura e la precisione nella sua produzione artigianale.\u00a0<\/span><\/b><\/li>\n<li><span style=\"font-size: 16px;font-weight: 400\"><strong>Aroma e sapore:<\/strong> <strong>dolce e fruttato<\/strong>; Con tocchi olfattivi agrumati.<\/span><\/li>\n<li><strong>Origine e purezza:<\/strong><span style=\"font-size: 16px;font-weight: 400\"> \u00c8 stato fatto con <strong>metodi tradizionali<\/strong>\u00c8 realizzato con reti a maglie, che consentono la conservazione dei cannabinoidi e dei terpeni naturali della canapa. Viene prodotto attraverso un attento processo di estrazione che separa <strong>Tricomi di canapa<\/strong>ottenendo una purezza eccezionale e una consistenza omogenea.\u00a0<\/span><\/li>\n<\/ul>\n<section class=\"product-description\">\n<h2><\/h2>\n<h2>Qualit\u00e0 e sicurezza<\/h2>\n<p>In <strong>I laboratori Lyf<\/strong>, garantiamo che ogni lotto di <span style=\"font-weight: 400\"><strong>Hash CBD Static Runtz<\/strong><\/span>\u00a0Viene sottoposto a rigorose analisi di laboratorio per confermarne la purezza, l&#039;assenza di pesticidi e i livelli legali di THC (inferiori a 0,3%). Il nostro impegno per la qualit\u00e0 e la sicurezza ci consente di offrire un prodotto affidabile, adatto a tutti gli utenti che apprezzano la legalit\u00e0 e l&#039;eccellenza nel loro consumo.<\/p>\n<p>&nbsp;<\/p>\n<p><span style=\"font-size: 1.7em;font-weight: bold\">Perch\u00e9 acquistare <span style=\"font-weight: 400\"><strong>Hash CBD Static Runtz<\/strong><\/span>\u00a0presso The Lyf Labs?<\/span><\/p>\n<\/section>\n<section class=\"product-description\">\n<ul>\n<li>Prodotto 100% legale nell&#039;Unione Europea, conforme alle normative vigenti sul THC.<\/li>\n<li>Naturale, senza pesticidi n\u00e9 additivi chimici, a garanzia di un consumo sicuro e sano.<\/li>\n<li>Testati in laboratori certificati per garantire la massima purezza e qualit\u00e0.<\/li>\n<li>Ogni acquisto \u00e8 accompagnato da una consegna rapida e da un servizio professionale.<\/li>\n<li>Acquisto sicuro e supporto specializzato per risolvere qualsiasi dubbio.<\/li>\n<\/ul>\n<p>Lyf Labs si impegna a offrire prodotti che uniscono tradizione, innovazione e la massima qualit\u00e0. <span style=\"font-weight: 400\"><strong>Hash CBD Static Runtz<\/strong><\/span>\u00a0\u00c8 una scelta eccellente per chi cerca un hashish artigianale dal profilo moderno e un&#039;esperienza d&#039;uso unica. Affidati a noi per aggiungere alla tua collezione o al tuo catalogo un prodotto che si distingue per autenticit\u00e0, sapore e affidabilit\u00e0.<\/p>\n<p>&nbsp;<\/p>\n<p><span style=\"font-size: 1.7em;font-weight: bold\">Lyf Labs \u00e8 di qualit\u00e0<\/span><\/p>\n<\/section>\n<p>Lyf Labs rappresenta l&#039;eccellenza nel mercato all&#039;ingrosso dei cannabinoidi, offrendo prodotti innovativi, sicuri e ad alta purezza a negozi specializzati e distributori. Ci concentriamo sulla soddisfazione delle esigenze di un settore professionale che ricerca qualit\u00e0 costante, tracciabilit\u00e0 e prezzi competitivi. Se cercate un fornitore affidabile e lungimirante, in Lyf Labs troverete un partner strategico che vi aiuter\u00e0 a crescere nel mercato della canapa.<\/p>\n<p>&nbsp;<\/p>","protected":false},"excerpt":{"rendered":"<p><span style=\"font-weight: 400\">Prova Hash CBD Static Runtz, una resina di CBD unica con un aroma speciale. Combina le note terrose e resinose della cannabis con un fresco tocco agrumato.\u00a0<\/span><\/p>\n<ul>\n<li>Composizione: 40% di CBD e &lt;0,3% di THC<\/li>\n<li>100% legale in Spagna<\/li>\n<\/ul>\n<p>Analisi della qualit\u00e0: clicca\u00a0<a href=\"https:\/\/iguanasmoke.com\/analiticas\/\" target=\"_blank\" rel=\"noopener\">Qui<\/a><\/p>","protected":false},"featured_media":12891,"comment_status":"open","ping_status":"closed","template":"","meta":{"_acf_changed":false,"site-sidebar-layout":"default","site-content-layout":"","ast-site-content-layout":"default","site-content-style":"default","site-sidebar-style":"default","ast-global-header-display":"","ast-banner-title-visibility":"","ast-main-header-display":"","ast-hfb-above-header-display":"","ast-hfb-below-header-display":"","ast-hfb-mobile-header-display":"","site-post-title":"","ast-breadcrumbs-content":"","ast-featured-img":"","footer-sml-layout":"","theme-transparent-header-meta":"default","adv-header-id-meta":"","stick-header-meta":"","header-above-stick-meta":"","header-main-stick-meta":"","header-below-stick-meta":"","astra-migrate-meta-layouts":"set","ast-page-background-enabled":"default","ast-page-background-meta":{"desktop":{"background-color":"var(--ast-global-color-4)","background-image":"","background-repeat":"repeat","background-position":"center center","background-size":"auto","background-attachment":"scroll","background-type":"","background-media":"","overlay-type":"","overlay-color":"","overlay-opacity":"","overlay-gradient":""},"tablet":{"background-color":"","background-image":"","background-repeat":"repeat","background-position":"center center","background-size":"auto","background-attachment":"scroll","background-type":"","background-media":"","overlay-type":"","overlay-color":"","overlay-opacity":"","overlay-gradient":""},"mobile":{"background-color":"","background-image":"","background-repeat":"repeat","background-position":"center center","background-size":"auto","background-attachment":"scroll","background-type":"","background-media":"","overlay-type":"","overlay-color":"","overlay-opacity":"","overlay-gradient":""}},"ast-content-background-meta":{"desktop":{"background-color":"var(--ast-global-color-5)","background-image":"","background-repeat":"repeat","background-position":"center center","background-size":"auto","background-attachment":"scroll","background-type":"","background-media":"","overlay-type":"","overlay-color":"","overlay-opacity":"","overlay-gradient":""},"tablet":{"background-color":"var(--ast-global-color-5)","background-image":"","background-repeat":"repeat","background-position":"center center","background-size":"auto","background-attachment":"scroll","background-type":"","background-media":"","overlay-type":"","overlay-color":"","overlay-opacity":"","overlay-gradient":""},"mobile":{"background-color":"var(--ast-global-color-5)","background-image":"","background-repeat":"repeat","background-position":"center center","background-size":"auto","background-attachment":"scroll","background-type":"","background-media":"","overlay-type":"","overlay-color":"","overlay-opacity":"","overlay-gradient":""}}},"product_brand":[],"product_cat":[40,66,86],"product_tag":[],"class_list":{"0":"post-10214","1":"product","2":"type-product","3":"status-publish","4":"has-post-thumbnail","6":"product_cat-iguanasmoke","7":"product_cat-resinas","8":"product_cat-resinas-cbd","9":"desktop-align-center","10":"tablet-align-left","11":"mobile-align-left","13":"first","14":"outofstock","15":"taxable","16":"shipping-taxable","17":"purchasable","18":"product-type-variable"},"acf":[],"yoast_head":"<!-- This site is optimized with the Yoast SEO plugin v27.4 - https:\/\/yoast.com\/product\/yoast-seo-wordpress\/ -->\n<title>Static Runtz Hash CBD 40% - THE LYF LABS<\/title>\n<meta name=\"description\" content=\"Decubre ya el nuevo Hash CBD Static Runtz, con una concentraci\u00f3n de 40%, esta obra maestra artesanal te dejara sin palabras.\" \/>\n<meta name=\"robots\" content=\"index, follow, max-snippet:-1, max-image-preview:large, max-video-preview:-1\" \/>\n<link rel=\"canonical\" href=\"https:\/\/thelyflabs.com\/it\/product\/static-runtz-hash-cbd-40\/\" \/>\n<meta property=\"og:locale\" content=\"it_IT\" \/>\n<meta property=\"og:type\" content=\"article\" \/>\n<meta property=\"og:title\" content=\"Static Runtz Hash CBD 40% - THE LYF LABS\" \/>\n<meta property=\"og:description\" content=\"Decubre ya el nuevo Hash CBD Static Runtz, con una concentraci\u00f3n de 40%, esta obra maestra artesanal te dejara sin palabras.\" \/>\n<meta property=\"og:url\" content=\"https:\/\/thelyflabs.com\/it\/product\/static-runtz-hash-cbd-40\/\" \/>\n<meta property=\"og:site_name\" content=\"THE LYF LABS\" \/>\n<meta property=\"article:modified_time\" content=\"2026-03-09T08:32:40+00:00\" \/>\n<meta property=\"og:image\" content=\"https:\/\/thelyflabs.com\/wp-content\/uploads\/2023\/08\/Hash-Static-Runtz.webp\" \/>\n\t<meta property=\"og:image:width\" content=\"1000\" \/>\n\t<meta property=\"og:image:height\" content=\"1000\" \/>\n\t<meta property=\"og:image:type\" content=\"image\/webp\" \/>\n<meta name=\"twitter:card\" content=\"summary_large_image\" \/>\n<meta name=\"twitter:label1\" content=\"Tempo di lettura stimato\" \/>\n\t<meta name=\"twitter:data1\" content=\"4 minuti\" \/>\n<script type=\"application\/ld+json\" class=\"yoast-schema-graph\">{\"@context\":\"https:\\\/\\\/schema.org\",\"@graph\":[{\"@type\":\"WebPage\",\"@id\":\"https:\\\/\\\/thelyflabs.com\\\/product\\\/static-runtz-hash-cbd-40\",\"url\":\"https:\\\/\\\/thelyflabs.com\\\/product\\\/static-runtz-hash-cbd-40\",\"name\":\"Static Runtz Hash CBD 40% - THE LYF LABS\",\"isPartOf\":{\"@id\":\"https:\\\/\\\/thelyflabs.com\\\/#website\"},\"primaryImageOfPage\":{\"@id\":\"https:\\\/\\\/thelyflabs.com\\\/product\\\/static-runtz-hash-cbd-40#primaryimage\"},\"image\":{\"@id\":\"https:\\\/\\\/thelyflabs.com\\\/product\\\/static-runtz-hash-cbd-40#primaryimage\"},\"thumbnailUrl\":\"https:\\\/\\\/thelyflabs.com\\\/wp-content\\\/uploads\\\/2023\\\/08\\\/Hash-Static-Runtz.webp\",\"datePublished\":\"2025-01-22T23:52:33+00:00\",\"dateModified\":\"2026-03-09T08:32:40+00:00\",\"description\":\"Decubre ya el nuevo Hash CBD Static Runtz, con una concentraci\u00f3n de 40%, esta obra maestra artesanal te dejara sin palabras.\",\"breadcrumb\":{\"@id\":\"https:\\\/\\\/thelyflabs.com\\\/product\\\/static-runtz-hash-cbd-40#breadcrumb\"},\"inLanguage\":\"it-IT\",\"potentialAction\":[{\"@type\":\"ReadAction\",\"target\":[\"https:\\\/\\\/thelyflabs.com\\\/product\\\/static-runtz-hash-cbd-40\"]}]},{\"@type\":\"ImageObject\",\"inLanguage\":\"it-IT\",\"@id\":\"https:\\\/\\\/thelyflabs.com\\\/product\\\/static-runtz-hash-cbd-40#primaryimage\",\"url\":\"https:\\\/\\\/thelyflabs.com\\\/wp-content\\\/uploads\\\/2023\\\/08\\\/Hash-Static-Runtz.webp\",\"contentUrl\":\"https:\\\/\\\/thelyflabs.com\\\/wp-content\\\/uploads\\\/2023\\\/08\\\/Hash-Static-Runtz.webp\",\"width\":1000,\"height\":1000},{\"@type\":\"BreadcrumbList\",\"@id\":\"https:\\\/\\\/thelyflabs.com\\\/product\\\/static-runtz-hash-cbd-40#breadcrumb\",\"itemListElement\":[{\"@type\":\"ListItem\",\"position\":1,\"name\":\"Portada\",\"item\":\"https:\\\/\\\/thelyflabs.com\\\/\"},{\"@type\":\"ListItem\",\"position\":2,\"name\":\"Tienda\",\"item\":\"https:\\\/\\\/thelyflabs.com\\\/tienda\"},{\"@type\":\"ListItem\",\"position\":3,\"name\":\"Static Runtz Hash CBD 40%\"}]},{\"@type\":\"WebSite\",\"@id\":\"https:\\\/\\\/thelyflabs.com\\\/#website\",\"url\":\"https:\\\/\\\/thelyflabs.com\\\/\",\"name\":\"The LYF Labs\",\"description\":\"CBD al por mayor\",\"publisher\":{\"@id\":\"https:\\\/\\\/thelyflabs.com\\\/#organization\"},\"potentialAction\":[{\"@type\":\"SearchAction\",\"target\":{\"@type\":\"EntryPoint\",\"urlTemplate\":\"https:\\\/\\\/thelyflabs.com\\\/?s={search_term_string}\"},\"query-input\":{\"@type\":\"PropertyValueSpecification\",\"valueRequired\":true,\"valueName\":\"search_term_string\"}}],\"inLanguage\":\"it-IT\"},{\"@type\":\"Organization\",\"@id\":\"https:\\\/\\\/thelyflabs.com\\\/#organization\",\"name\":\"The LYF Labs\",\"url\":\"https:\\\/\\\/thelyflabs.com\\\/\",\"logo\":{\"@type\":\"ImageObject\",\"inLanguage\":\"it-IT\",\"@id\":\"https:\\\/\\\/thelyflabs.com\\\/#\\\/schema\\\/logo\\\/image\\\/\",\"url\":\"https:\\\/\\\/thelyflabs.com\\\/wp-content\\\/uploads\\\/2023\\\/01\\\/cropped-LogoTheLYFLabs.png\",\"contentUrl\":\"https:\\\/\\\/thelyflabs.com\\\/wp-content\\\/uploads\\\/2023\\\/01\\\/cropped-LogoTheLYFLabs.png\",\"width\":600,\"height\":180,\"caption\":\"The LYF Labs\"},\"image\":{\"@id\":\"https:\\\/\\\/thelyflabs.com\\\/#\\\/schema\\\/logo\\\/image\\\/\"}}]}<\/script>\n<!-- \/ Yoast SEO plugin. -->","yoast_head_json":{"title":"Static Runtz Hash CBD 40% - THE LYF LABS","description":"Decubre ya el nuevo Hash CBD Static Runtz, con una concentraci\u00f3n de 40%, esta obra maestra artesanal te dejara sin palabras.","robots":{"index":"index","follow":"follow","max-snippet":"max-snippet:-1","max-image-preview":"max-image-preview:large","max-video-preview":"max-video-preview:-1"},"canonical":"https:\/\/thelyflabs.com\/it\/product\/static-runtz-hash-cbd-40\/","og_locale":"it_IT","og_type":"article","og_title":"Static Runtz Hash CBD 40% - THE LYF LABS","og_description":"Decubre ya el nuevo Hash CBD Static Runtz, con una concentraci\u00f3n de 40%, esta obra maestra artesanal te dejara sin palabras.","og_url":"https:\/\/thelyflabs.com\/it\/product\/static-runtz-hash-cbd-40\/","og_site_name":"THE LYF LABS","article_modified_time":"2026-03-09T08:32:40+00:00","og_image":[{"width":1000,"height":1000,"url":"https:\/\/thelyflabs.com\/wp-content\/uploads\/2023\/08\/Hash-Static-Runtz.webp","type":"image\/webp"}],"twitter_card":"summary_large_image","twitter_misc":{"Tempo di lettura stimato":"4 minuti"},"schema":{"@context":"https:\/\/schema.org","@graph":[{"@type":"WebPage","@id":"https:\/\/thelyflabs.com\/product\/static-runtz-hash-cbd-40","url":"https:\/\/thelyflabs.com\/product\/static-runtz-hash-cbd-40","name":"Static Runtz Hash CBD 40% - THE LYF LABS","isPartOf":{"@id":"https:\/\/thelyflabs.com\/#website"},"primaryImageOfPage":{"@id":"https:\/\/thelyflabs.com\/product\/static-runtz-hash-cbd-40#primaryimage"},"image":{"@id":"https:\/\/thelyflabs.com\/product\/static-runtz-hash-cbd-40#primaryimage"},"thumbnailUrl":"https:\/\/thelyflabs.com\/wp-content\/uploads\/2023\/08\/Hash-Static-Runtz.webp","datePublished":"2025-01-22T23:52:33+00:00","dateModified":"2026-03-09T08:32:40+00:00","description":"Decubre ya el nuevo Hash CBD Static Runtz, con una concentraci\u00f3n de 40%, esta obra maestra artesanal te dejara sin palabras.","breadcrumb":{"@id":"https:\/\/thelyflabs.com\/product\/static-runtz-hash-cbd-40#breadcrumb"},"inLanguage":"it-IT","potentialAction":[{"@type":"ReadAction","target":["https:\/\/thelyflabs.com\/product\/static-runtz-hash-cbd-40"]}]},{"@type":"ImageObject","inLanguage":"it-IT","@id":"https:\/\/thelyflabs.com\/product\/static-runtz-hash-cbd-40#primaryimage","url":"https:\/\/thelyflabs.com\/wp-content\/uploads\/2023\/08\/Hash-Static-Runtz.webp","contentUrl":"https:\/\/thelyflabs.com\/wp-content\/uploads\/2023\/08\/Hash-Static-Runtz.webp","width":1000,"height":1000},{"@type":"BreadcrumbList","@id":"https:\/\/thelyflabs.com\/product\/static-runtz-hash-cbd-40#breadcrumb","itemListElement":[{"@type":"ListItem","position":1,"name":"Portada","item":"https:\/\/thelyflabs.com\/"},{"@type":"ListItem","position":2,"name":"Tienda","item":"https:\/\/thelyflabs.com\/tienda"},{"@type":"ListItem","position":3,"name":"Static Runtz Hash CBD 40%"}]},{"@type":"WebSite","@id":"https:\/\/thelyflabs.com\/#website","url":"https:\/\/thelyflabs.com\/","name":"I laboratori LYF","description":"CBD all&#039;ingrosso","publisher":{"@id":"https:\/\/thelyflabs.com\/#organization"},"potentialAction":[{"@type":"SearchAction","target":{"@type":"EntryPoint","urlTemplate":"https:\/\/thelyflabs.com\/?s={search_term_string}"},"query-input":{"@type":"PropertyValueSpecification","valueRequired":true,"valueName":"search_term_string"}}],"inLanguage":"it-IT"},{"@type":"Organization","@id":"https:\/\/thelyflabs.com\/#organization","name":"I laboratori LYF","url":"https:\/\/thelyflabs.com\/","logo":{"@type":"ImageObject","inLanguage":"it-IT","@id":"https:\/\/thelyflabs.com\/#\/schema\/logo\/image\/","url":"https:\/\/thelyflabs.com\/wp-content\/uploads\/2023\/01\/cropped-LogoTheLYFLabs.png","contentUrl":"https:\/\/thelyflabs.com\/wp-content\/uploads\/2023\/01\/cropped-LogoTheLYFLabs.png","width":600,"height":180,"caption":"The LYF Labs"},"image":{"@id":"https:\/\/thelyflabs.com\/#\/schema\/logo\/image\/"}}]}},"_links":{"self":[{"href":"https:\/\/thelyflabs.com\/it\/wp-json\/wp\/v2\/product\/10214","targetHints":{"allow":["GET"]}}],"collection":[{"href":"https:\/\/thelyflabs.com\/it\/wp-json\/wp\/v2\/product"}],"about":[{"href":"https:\/\/thelyflabs.com\/it\/wp-json\/wp\/v2\/types\/product"}],"replies":[{"embeddable":true,"href":"https:\/\/thelyflabs.com\/it\/wp-json\/wp\/v2\/comments?post=10214"}],"wp:featuredmedia":[{"embeddable":true,"href":"https:\/\/thelyflabs.com\/it\/wp-json\/wp\/v2\/media\/12891"}],"wp:attachment":[{"href":"https:\/\/thelyflabs.com\/it\/wp-json\/wp\/v2\/media?parent=10214"}],"wp:term":[{"taxonomy":"product_brand","embeddable":true,"href":"https:\/\/thelyflabs.com\/it\/wp-json\/wp\/v2\/product_brand?post=10214"},{"taxonomy":"product_cat","embeddable":true,"href":"https:\/\/thelyflabs.com\/it\/wp-json\/wp\/v2\/product_cat?post=10214"},{"taxonomy":"product_tag","embeddable":true,"href":"https:\/\/thelyflabs.com\/it\/wp-json\/wp\/v2\/product_tag?post=10214"}],"curies":[{"name":"parola chiave","href":"https:\/\/api.w.org\/{rel}","templated":true}]}}