{"id":10215,"date":"2025-01-23T00:52:33","date_gmt":"2025-01-22T23:52:33","guid":{"rendered":"https:\/\/thelyflabs.com\/?post_type=product&#038;p=10215"},"modified":"2026-04-15T10:31:44","modified_gmt":"2026-04-15T08:31:44","slug":"ice-90%c2%b5-hash-cbd-60","status":"publish","type":"product","link":"https:\/\/thelyflabs.com\/it\/product\/ice-90%c2%b5-hash-cbd-60","title":{"rendered":"Ghiaccio 90\u00b5 Hash CBD 60%"},"content":{"rendered":"<h3>Ice 90\u00b5 Hash CBD 60%: Qualit\u00e0 Pura e Artigianale<\/h3>\n<p>Scopri il <strong>Ghiaccio 90\u00b5 Hash CBD 60%<\/strong>, il nuovo standard per l&#039;hashish al CBD, \u00e8 qui per rivoluzionare la tua esperienza! Questo hashish al CBD \u00e8 prodotto con reti da 90 micron, un metodo di estrazione meticoloso che seleziona solo i tricomi pi\u00f9 pregiati per un prodotto di alta qualit\u00e0, ricco di terpeni naturali e privo di additivi artificiali. Pronto a portare la tua passione per l&#039;hashish al CBD a un livello superiore?<\/p>\n<h3>Cosa rende speciale Ice 90\u00b5 Hash CBD 60%?<\/h3>\n<p>Lui <strong>Ice 90\u00b5 Hash CBD<\/strong> \u00c8 un gioiello nel mondo del CBD. \u00c8 un hashish artigianale, creato con particolare attenzione alla purezza e alla qualit\u00e0. Osservandolo, noterete la sua consistenza unica e i cristalli di resina che lo distinguono dagli altri prodotti sul mercato.<\/p>\n<p>Questo hashish non solo promette un aroma e un sapore squisiti, ma garantisce anche un&#039;esperienza unica per gli amanti dell&#039;hashish. <strong>Hashish CBD<\/strong>Al primo odore, avvertirai un&#039;intensa miscela di aromi terrosi con una nota fresca e delicatamente dolce che solo la canapa di altissima qualit\u00e0 pu\u00f2 offrire.<\/p>\n<p>&nbsp;<\/p>\n<h3>Processo di estrazione di CBD da hashish Ice 90\u00b5<\/h3>\n<p>Il nome <strong>Ghiaccio 90\u00b5<\/strong> Deriva dal suo esclusivo processo di produzione, che utilizza filtri a maglie da 90 micron per filtrare accuratamente le ghiandole di resina della cannabis, note come tricomi. Questo metodo, eseguito con acqua ghiacciata, garantisce che solo le teste di tricomi pi\u00f9 pure finiscano nel prodotto finale, lasciando solo materiale vegetale e altri detriti indesiderati.<\/p>\n<p>Il risultato \u00e8 un hashish pulito e concentrato, ideale per chi cerca un&#039;esperienza senza compromessi con un&#039;elevata concentrazione di CBD.<\/p>\n<p>&nbsp;<\/p>\n<h3>A chi \u00e8 rivolto?<\/h3>\n<p>Lui <strong>Ice 90\u00b5 Hash CBD<\/strong> \u00c8 perfetto per chi apprezza la qualit\u00e0 artigianale e desidera un prodotto che combini potenza, aroma e sapore. \u00c8 ideale sia per i collezionisti che per gli amanti del CBD in cerca di qualcosa di unico e raffinato. La sua attraente tonalit\u00e0 marrone miele, che si trasforma in oro con il calore, lo rende un prodotto che si distingue per qualit\u00e0 ed estetica.<\/p>\n<p>&nbsp;<\/p>\n<section class=\"product-description\">\n<h2>Qualit\u00e0 e sicurezza<\/h2>\n<p>In <strong>I laboratori Lyf<\/strong>, garantiamo che ogni lotto di <strong>Ice 90\u00b5 Hash CBD<\/strong>\u00a0Viene sottoposto a rigorose analisi di laboratorio per confermarne la purezza, l&#039;assenza di pesticidi e i livelli legali di THC (inferiori a 0,3%). Il nostro impegno per la qualit\u00e0 e la sicurezza ci consente di offrire un prodotto affidabile, adatto a tutti gli utenti che apprezzano la legalit\u00e0 e l&#039;eccellenza nel loro consumo.<\/p>\n<p>&nbsp;<\/p>\n<p><span style=\"font-size: 1.7em;font-weight: bold\">Perch\u00e9 acquistare <strong>Ice 90\u00b5 Hash CBD<\/strong>\u00a0presso The Lyf Labs?<\/span><\/p>\n<\/section>\n<section class=\"product-description\">\n<ul>\n<li>Prodotto 100% legale nell&#039;Unione Europea, conforme alle normative vigenti sul THC.<\/li>\n<li>Naturale, senza pesticidi n\u00e9 additivi chimici, a garanzia di un consumo sicuro e sano.<\/li>\n<li>Testati in laboratori certificati per garantire la massima purezza e qualit\u00e0.<\/li>\n<li>Ogni acquisto \u00e8 accompagnato da una consegna rapida e da un servizio professionale.<\/li>\n<li>Acquisto sicuro e supporto specializzato per risolvere qualsiasi dubbio.<\/li>\n<\/ul>\n<p>Lyf Labs si impegna a offrire prodotti che uniscono tradizione, innovazione e la massima qualit\u00e0. <strong>Ice 90\u00b5 Hash CBD<\/strong>\u00a0\u00c8 una scelta eccellente per chi cerca un hashish artigianale dal profilo moderno e un&#039;esperienza d&#039;uso unica. Affidati a noi per aggiungere alla tua collezione o al tuo catalogo un prodotto che si distingue per autenticit\u00e0, sapore e affidabilit\u00e0.<\/p>\n<p><span style=\"font-size: 1.7em;font-weight: bold\">Lyf Labs \u00e8 di qualit\u00e0<\/span><\/p>\n<\/section>\n<p>Lyf Labs rappresenta l&#039;eccellenza nel mercato all&#039;ingrosso dei cannabinoidi, offrendo prodotti innovativi, sicuri e ad alta purezza a negozi specializzati e distributori. Ci concentriamo sulla soddisfazione delle esigenze di un settore professionale che ricerca qualit\u00e0 costante, tracciabilit\u00e0 e prezzi competitivi. Se cercate un fornitore affidabile e lungimirante, in Lyf Labs troverete un partner strategico che vi aiuter\u00e0 a crescere nel mercato della canapa.<\/p>","protected":false},"excerpt":{"rendered":"<p>Lui <strong>Hash CBD Ice 90\u00b5<\/strong> Si distingue per il suo sofisticato profilo aromatico, regalando un&#039;esperienza morbida ma intensa, ideale per chi cerca qualcosa in pi\u00f9:<\/p>\n<ul>\n<li><strong>Hashish CBD puro<\/strong>60% di CBD e meno di 0,3 THC.<\/li>\n<li><strong>Agricoltura biologica.<\/strong><\/li>\n<li>100% legale in Spagna<\/li>\n<\/ul>\n<p>Analisi della qualit\u00e0: clicca\u00a0<a href=\"https:\/\/iguanasmoke.com\/analiticas\/\" target=\"_blank\" rel=\"noopener\">Qui<\/a><\/p>","protected":false},"featured_media":17471,"comment_status":"open","ping_status":"closed","template":"","meta":{"_acf_changed":false,"site-sidebar-layout":"default","site-content-layout":"","ast-site-content-layout":"default","site-content-style":"default","site-sidebar-style":"default","ast-global-header-display":"","ast-banner-title-visibility":"","ast-main-header-display":"","ast-hfb-above-header-display":"","ast-hfb-below-header-display":"","ast-hfb-mobile-header-display":"","site-post-title":"","ast-breadcrumbs-content":"","ast-featured-img":"","footer-sml-layout":"","theme-transparent-header-meta":"default","adv-header-id-meta":"","stick-header-meta":"","header-above-stick-meta":"","header-main-stick-meta":"","header-below-stick-meta":"","astra-migrate-meta-layouts":"set","ast-page-background-enabled":"default","ast-page-background-meta":{"desktop":{"background-color":"var(--ast-global-color-4)","background-image":"","background-repeat":"repeat","background-position":"center center","background-size":"auto","background-attachment":"scroll","background-type":"","background-media":"","overlay-type":"","overlay-color":"","overlay-opacity":"","overlay-gradient":""},"tablet":{"background-color":"","background-image":"","background-repeat":"repeat","background-position":"center center","background-size":"auto","background-attachment":"scroll","background-type":"","background-media":"","overlay-type":"","overlay-color":"","overlay-opacity":"","overlay-gradient":""},"mobile":{"background-color":"","background-image":"","background-repeat":"repeat","background-position":"center center","background-size":"auto","background-attachment":"scroll","background-type":"","background-media":"","overlay-type":"","overlay-color":"","overlay-opacity":"","overlay-gradient":""}},"ast-content-background-meta":{"desktop":{"background-color":"var(--ast-global-color-5)","background-image":"","background-repeat":"repeat","background-position":"center center","background-size":"auto","background-attachment":"scroll","background-type":"","background-media":"","overlay-type":"","overlay-color":"","overlay-opacity":"","overlay-gradient":""},"tablet":{"background-color":"var(--ast-global-color-5)","background-image":"","background-repeat":"repeat","background-position":"center center","background-size":"auto","background-attachment":"scroll","background-type":"","background-media":"","overlay-type":"","overlay-color":"","overlay-opacity":"","overlay-gradient":""},"mobile":{"background-color":"var(--ast-global-color-5)","background-image":"","background-repeat":"repeat","background-position":"center center","background-size":"auto","background-attachment":"scroll","background-type":"","background-media":"","overlay-type":"","overlay-color":"","overlay-opacity":"","overlay-gradient":""}}},"product_brand":[],"product_cat":[40,66,86],"product_tag":[],"class_list":{"0":"post-10215","1":"product","2":"type-product","3":"status-publish","4":"has-post-thumbnail","6":"product_cat-iguanasmoke","7":"product_cat-resinas","8":"product_cat-resinas-cbd","9":"desktop-align-center","10":"tablet-align-left","11":"mobile-align-left","13":"first","14":"outofstock","15":"taxable","16":"shipping-taxable","17":"purchasable","18":"product-type-variable"},"acf":[],"yoast_head":"<!-- This site is optimized with the Yoast SEO plugin v27.4 - https:\/\/yoast.com\/product\/yoast-seo-wordpress\/ -->\n<title>Ice 90\u00b5 Hash CBD 60% - THE LYF LABS<\/title>\n<meta name=\"description\" content=\"Descubre nuestro Hash CBD Ice 90\u00b5. Compra hach\u00eds CBD online ahora y experimenta la relajaci\u00f3n que te ofrece con la mejor calidad-precio.\" \/>\n<meta name=\"robots\" content=\"index, follow, max-snippet:-1, max-image-preview:large, max-video-preview:-1\" \/>\n<link rel=\"canonical\" href=\"https:\/\/thelyflabs.com\/it\/product\/ice-90\u00b5-hash-cbd-60\/\" \/>\n<meta property=\"og:locale\" content=\"it_IT\" \/>\n<meta property=\"og:type\" content=\"article\" \/>\n<meta property=\"og:title\" content=\"Ice 90\u00b5 Hash CBD 60% - THE LYF LABS\" \/>\n<meta property=\"og:description\" content=\"Descubre nuestro Hash CBD Ice 90\u00b5. Compra hach\u00eds CBD online ahora y experimenta la relajaci\u00f3n que te ofrece con la mejor calidad-precio.\" \/>\n<meta property=\"og:url\" content=\"https:\/\/thelyflabs.com\/it\/product\/ice-90\u00b5-hash-cbd-60\/\" \/>\n<meta property=\"og:site_name\" content=\"THE LYF LABS\" \/>\n<meta property=\"article:modified_time\" content=\"2026-04-15T08:31:44+00:00\" \/>\n<meta property=\"og:image\" content=\"https:\/\/thelyflabs.com\/wp-content\/uploads\/2025\/01\/Ice-90-2g-con-hash.webp\" \/>\n\t<meta property=\"og:image:width\" content=\"1000\" \/>\n\t<meta property=\"og:image:height\" content=\"1000\" \/>\n\t<meta property=\"og:image:type\" content=\"image\/webp\" \/>\n<meta name=\"twitter:card\" content=\"summary_large_image\" \/>\n<meta name=\"twitter:label1\" content=\"Tempo di lettura stimato\" \/>\n\t<meta name=\"twitter:data1\" content=\"3 minuti\" \/>\n<script type=\"application\/ld+json\" class=\"yoast-schema-graph\">{\"@context\":\"https:\\\/\\\/schema.org\",\"@graph\":[{\"@type\":\"WebPage\",\"@id\":\"https:\\\/\\\/thelyflabs.com\\\/product\\\/ice-90%c2%b5-hash-cbd-60\",\"url\":\"https:\\\/\\\/thelyflabs.com\\\/product\\\/ice-90%c2%b5-hash-cbd-60\",\"name\":\"Ice 90\u00b5 Hash CBD 60% - THE LYF LABS\",\"isPartOf\":{\"@id\":\"https:\\\/\\\/thelyflabs.com\\\/#website\"},\"primaryImageOfPage\":{\"@id\":\"https:\\\/\\\/thelyflabs.com\\\/product\\\/ice-90%c2%b5-hash-cbd-60#primaryimage\"},\"image\":{\"@id\":\"https:\\\/\\\/thelyflabs.com\\\/product\\\/ice-90%c2%b5-hash-cbd-60#primaryimage\"},\"thumbnailUrl\":\"https:\\\/\\\/thelyflabs.com\\\/wp-content\\\/uploads\\\/2025\\\/01\\\/Ice-90-2g-con-hash.webp\",\"datePublished\":\"2025-01-22T23:52:33+00:00\",\"dateModified\":\"2026-04-15T08:31:44+00:00\",\"description\":\"Descubre nuestro Hash CBD Ice 90\u00b5. Compra hach\u00eds CBD online ahora y experimenta la relajaci\u00f3n que te ofrece con la mejor calidad-precio.\",\"breadcrumb\":{\"@id\":\"https:\\\/\\\/thelyflabs.com\\\/product\\\/ice-90%c2%b5-hash-cbd-60#breadcrumb\"},\"inLanguage\":\"it-IT\",\"potentialAction\":[{\"@type\":\"ReadAction\",\"target\":[\"https:\\\/\\\/thelyflabs.com\\\/product\\\/ice-90%c2%b5-hash-cbd-60\"]}]},{\"@type\":\"ImageObject\",\"inLanguage\":\"it-IT\",\"@id\":\"https:\\\/\\\/thelyflabs.com\\\/product\\\/ice-90%c2%b5-hash-cbd-60#primaryimage\",\"url\":\"https:\\\/\\\/thelyflabs.com\\\/wp-content\\\/uploads\\\/2025\\\/01\\\/Ice-90-2g-con-hash.webp\",\"contentUrl\":\"https:\\\/\\\/thelyflabs.com\\\/wp-content\\\/uploads\\\/2025\\\/01\\\/Ice-90-2g-con-hash.webp\",\"width\":1000,\"height\":1000,\"caption\":\"Hash CBD Ice90 2g\"},{\"@type\":\"BreadcrumbList\",\"@id\":\"https:\\\/\\\/thelyflabs.com\\\/product\\\/ice-90%c2%b5-hash-cbd-60#breadcrumb\",\"itemListElement\":[{\"@type\":\"ListItem\",\"position\":1,\"name\":\"Portada\",\"item\":\"https:\\\/\\\/thelyflabs.com\\\/\"},{\"@type\":\"ListItem\",\"position\":2,\"name\":\"Tienda\",\"item\":\"https:\\\/\\\/thelyflabs.com\\\/tienda\"},{\"@type\":\"ListItem\",\"position\":3,\"name\":\"Ice 90\u00b5 Hash CBD 60%\"}]},{\"@type\":\"WebSite\",\"@id\":\"https:\\\/\\\/thelyflabs.com\\\/#website\",\"url\":\"https:\\\/\\\/thelyflabs.com\\\/\",\"name\":\"The LYF Labs\",\"description\":\"CBD al por mayor\",\"publisher\":{\"@id\":\"https:\\\/\\\/thelyflabs.com\\\/#organization\"},\"potentialAction\":[{\"@type\":\"SearchAction\",\"target\":{\"@type\":\"EntryPoint\",\"urlTemplate\":\"https:\\\/\\\/thelyflabs.com\\\/?s={search_term_string}\"},\"query-input\":{\"@type\":\"PropertyValueSpecification\",\"valueRequired\":true,\"valueName\":\"search_term_string\"}}],\"inLanguage\":\"it-IT\"},{\"@type\":\"Organization\",\"@id\":\"https:\\\/\\\/thelyflabs.com\\\/#organization\",\"name\":\"The LYF Labs\",\"url\":\"https:\\\/\\\/thelyflabs.com\\\/\",\"logo\":{\"@type\":\"ImageObject\",\"inLanguage\":\"it-IT\",\"@id\":\"https:\\\/\\\/thelyflabs.com\\\/#\\\/schema\\\/logo\\\/image\\\/\",\"url\":\"https:\\\/\\\/thelyflabs.com\\\/wp-content\\\/uploads\\\/2023\\\/01\\\/cropped-LogoTheLYFLabs.png\",\"contentUrl\":\"https:\\\/\\\/thelyflabs.com\\\/wp-content\\\/uploads\\\/2023\\\/01\\\/cropped-LogoTheLYFLabs.png\",\"width\":600,\"height\":180,\"caption\":\"The LYF Labs\"},\"image\":{\"@id\":\"https:\\\/\\\/thelyflabs.com\\\/#\\\/schema\\\/logo\\\/image\\\/\"}}]}<\/script>\n<!-- \/ Yoast SEO plugin. -->","yoast_head_json":{"title":"Ice 90\u00b5 Hash CBD 60% - THE LYF LABS","description":"Descubre nuestro Hash CBD Ice 90\u00b5. Compra hach\u00eds CBD online ahora y experimenta la relajaci\u00f3n que te ofrece con la mejor calidad-precio.","robots":{"index":"index","follow":"follow","max-snippet":"max-snippet:-1","max-image-preview":"max-image-preview:large","max-video-preview":"max-video-preview:-1"},"canonical":"https:\/\/thelyflabs.com\/it\/product\/ice-90\u00b5-hash-cbd-60\/","og_locale":"it_IT","og_type":"article","og_title":"Ice 90\u00b5 Hash CBD 60% - THE LYF LABS","og_description":"Descubre nuestro Hash CBD Ice 90\u00b5. Compra hach\u00eds CBD online ahora y experimenta la relajaci\u00f3n que te ofrece con la mejor calidad-precio.","og_url":"https:\/\/thelyflabs.com\/it\/product\/ice-90\u00b5-hash-cbd-60\/","og_site_name":"THE LYF LABS","article_modified_time":"2026-04-15T08:31:44+00:00","og_image":[{"width":1000,"height":1000,"url":"https:\/\/thelyflabs.com\/wp-content\/uploads\/2025\/01\/Ice-90-2g-con-hash.webp","type":"image\/webp"}],"twitter_card":"summary_large_image","twitter_misc":{"Tempo di lettura stimato":"3 minuti"},"schema":{"@context":"https:\/\/schema.org","@graph":[{"@type":"WebPage","@id":"https:\/\/thelyflabs.com\/product\/ice-90%c2%b5-hash-cbd-60","url":"https:\/\/thelyflabs.com\/product\/ice-90%c2%b5-hash-cbd-60","name":"Ice 90\u00b5 Hash CBD 60% - THE LYF LABS","isPartOf":{"@id":"https:\/\/thelyflabs.com\/#website"},"primaryImageOfPage":{"@id":"https:\/\/thelyflabs.com\/product\/ice-90%c2%b5-hash-cbd-60#primaryimage"},"image":{"@id":"https:\/\/thelyflabs.com\/product\/ice-90%c2%b5-hash-cbd-60#primaryimage"},"thumbnailUrl":"https:\/\/thelyflabs.com\/wp-content\/uploads\/2025\/01\/Ice-90-2g-con-hash.webp","datePublished":"2025-01-22T23:52:33+00:00","dateModified":"2026-04-15T08:31:44+00:00","description":"Descubre nuestro Hash CBD Ice 90\u00b5. Compra hach\u00eds CBD online ahora y experimenta la relajaci\u00f3n que te ofrece con la mejor calidad-precio.","breadcrumb":{"@id":"https:\/\/thelyflabs.com\/product\/ice-90%c2%b5-hash-cbd-60#breadcrumb"},"inLanguage":"it-IT","potentialAction":[{"@type":"ReadAction","target":["https:\/\/thelyflabs.com\/product\/ice-90%c2%b5-hash-cbd-60"]}]},{"@type":"ImageObject","inLanguage":"it-IT","@id":"https:\/\/thelyflabs.com\/product\/ice-90%c2%b5-hash-cbd-60#primaryimage","url":"https:\/\/thelyflabs.com\/wp-content\/uploads\/2025\/01\/Ice-90-2g-con-hash.webp","contentUrl":"https:\/\/thelyflabs.com\/wp-content\/uploads\/2025\/01\/Ice-90-2g-con-hash.webp","width":1000,"height":1000,"caption":"Hash CBD Ice90 2g"},{"@type":"BreadcrumbList","@id":"https:\/\/thelyflabs.com\/product\/ice-90%c2%b5-hash-cbd-60#breadcrumb","itemListElement":[{"@type":"ListItem","position":1,"name":"Portada","item":"https:\/\/thelyflabs.com\/"},{"@type":"ListItem","position":2,"name":"Tienda","item":"https:\/\/thelyflabs.com\/tienda"},{"@type":"ListItem","position":3,"name":"Ice 90\u00b5 Hash CBD 60%"}]},{"@type":"WebSite","@id":"https:\/\/thelyflabs.com\/#website","url":"https:\/\/thelyflabs.com\/","name":"I laboratori LYF","description":"CBD all&#039;ingrosso","publisher":{"@id":"https:\/\/thelyflabs.com\/#organization"},"potentialAction":[{"@type":"SearchAction","target":{"@type":"EntryPoint","urlTemplate":"https:\/\/thelyflabs.com\/?s={search_term_string}"},"query-input":{"@type":"PropertyValueSpecification","valueRequired":true,"valueName":"search_term_string"}}],"inLanguage":"it-IT"},{"@type":"Organization","@id":"https:\/\/thelyflabs.com\/#organization","name":"I laboratori LYF","url":"https:\/\/thelyflabs.com\/","logo":{"@type":"ImageObject","inLanguage":"it-IT","@id":"https:\/\/thelyflabs.com\/#\/schema\/logo\/image\/","url":"https:\/\/thelyflabs.com\/wp-content\/uploads\/2023\/01\/cropped-LogoTheLYFLabs.png","contentUrl":"https:\/\/thelyflabs.com\/wp-content\/uploads\/2023\/01\/cropped-LogoTheLYFLabs.png","width":600,"height":180,"caption":"The LYF Labs"},"image":{"@id":"https:\/\/thelyflabs.com\/#\/schema\/logo\/image\/"}}]}},"_links":{"self":[{"href":"https:\/\/thelyflabs.com\/it\/wp-json\/wp\/v2\/product\/10215","targetHints":{"allow":["GET"]}}],"collection":[{"href":"https:\/\/thelyflabs.com\/it\/wp-json\/wp\/v2\/product"}],"about":[{"href":"https:\/\/thelyflabs.com\/it\/wp-json\/wp\/v2\/types\/product"}],"replies":[{"embeddable":true,"href":"https:\/\/thelyflabs.com\/it\/wp-json\/wp\/v2\/comments?post=10215"}],"wp:featuredmedia":[{"embeddable":true,"href":"https:\/\/thelyflabs.com\/it\/wp-json\/wp\/v2\/media\/17471"}],"wp:attachment":[{"href":"https:\/\/thelyflabs.com\/it\/wp-json\/wp\/v2\/media?parent=10215"}],"wp:term":[{"taxonomy":"product_brand","embeddable":true,"href":"https:\/\/thelyflabs.com\/it\/wp-json\/wp\/v2\/product_brand?post=10215"},{"taxonomy":"product_cat","embeddable":true,"href":"https:\/\/thelyflabs.com\/it\/wp-json\/wp\/v2\/product_cat?post=10215"},{"taxonomy":"product_tag","embeddable":true,"href":"https:\/\/thelyflabs.com\/it\/wp-json\/wp\/v2\/product_tag?post=10215"}],"curies":[{"name":"parola chiave","href":"https:\/\/api.w.org\/{rel}","templated":true}]}}