{"id":10216,"date":"2025-01-23T00:52:34","date_gmt":"2025-01-22T23:52:34","guid":{"rendered":"https:\/\/thelyflabs.com\/?post_type=product&#038;p=10216"},"modified":"2026-04-15T10:38:04","modified_gmt":"2026-04-15T08:38:04","slug":"dry-sift-hash-cbd-15","status":"publish","type":"product","link":"https:\/\/thelyflabs.com\/it\/product\/dry-sift-hash-cbd-15","title":{"rendered":"Hashish CBD setacciato a secco 15%"},"content":{"rendered":"<h1><span style=\"font-weight: 400\">Hash CBD Dry Sift 15%: l&#039;hashish CBD artigianale che ti meriti<\/span><\/h1>\n<p><span style=\"font-weight: 400\">Progettato per i pi\u00f9 esigenti <strong>Hash CBD Dry Sift 15% <\/strong> \u00c8 molto pi\u00f9 di un semplice hashish. \u00c8 un capolavoro, frutto di un&#039;estrazione artigianale, pensato per offrire un&#039;esperienza autentica e arricchente. Questo hashish offre una combinazione unica di propriet\u00e0 rilassanti e un aroma eccezionale: ha un <strong>finitura artigianale<\/strong> degno dei palati pi\u00f9 esigenti.<\/span><\/p>\n<p>\u00c8 ideale per chi cerca genuinit\u00e0 e benefici terapeutici grazie al suo sapore e alla sua perfetta e <strong>concentrazione bilanciata di CBD<\/strong>. <span style=\"font-weight: 400\">Contiene anche meno dello 0,31% di THC, quindi questo hashish \u00e8 <strong>legale in Spagna e in Europa<\/strong>.<\/span><\/p>\n<p>\u00c8 molto pi\u00f9 di un semplice hashish al CBD. \u00c8 un prodotto artigianale che unisce qualit\u00e0, purezza e un aroma ineguagliabile; un&#039;opzione unica sul mercato. <span style=\"font-weight: 400\"> Esplora la sua consistenza e assapora i suoi aromi! Scopri perch\u00e9 il <strong>CBD hashish Dry Sift 15% <\/strong>\u00c8 una delle resine pi\u00f9 autentiche e di altissima qualit\u00e0 che puoi trovare se vuoi <strong>hashish CBD economico<\/strong> ma di qualit\u00e0 superiore.<\/span><\/p>\n<p>&nbsp;<\/p>\n<h2>Caratteristiche del CBD Hash Dry Sift:<\/h2>\n<ul>\n<li><b>Aspetto e consistenza: <span style=\"font-size: 16px;font-weight: 400\">Si distingue per la sua <strong>consistenza setosa e liscia<\/strong>Questo hashish, di colore dorato chiaro, ha un c<strong>consistenza friabile<\/strong> che ne facilita l&#039;uso piacevole, riflettendo la cura e la precisione nella sua produzione artigianale. In esso <span style=\"font-weight: 400\">puoi vedere il <strong>piccoli cristalli di resina<\/strong>, segno che \u00e8 ricco di cannabinoidi e terpeni di alta qualit\u00e0.<\/span><\/span><\/b><\/li>\n<li><span style=\"font-size: 16px;font-weight: 400\"><strong>Aroma e sapore:<\/strong> profondo e naturale; Con tocchi <strong>profumi terrosi e agrumati<\/strong>.<\/span><\/li>\n<li><strong>Origine e purezza:<\/strong><span style=\"font-size: 16px;font-weight: 400\"> <strong><span style=\"font-weight: 400\">Tutto inizia con il metodo di estrazione dell&#039;hashish, che prevede un processo di setacciatura a secco chiamato &quot;Dry-Sift&quot;. Si tratta di un metodo tradizionale per separare i cristalli pi\u00f9 puri dalla pianta di canapa. Vengono utilizzati setacci a maglie fini, che danno vita a una resina dalla consistenza liscia, dall&#039;aroma intenso e dalla purezza ineguagliabile.<\/span><\/strong><\/span><\/li>\n<\/ul>\n<p>&nbsp;<\/p>\n<p>&nbsp;<\/p>\n<h3><strong>Un hashish CBD pensato per i pi\u00f9 esigenti<\/strong><\/h3>\n<p>In breve, il <strong>Hashish CBD setacciato a secco 15%<\/strong> \u00c8 molto pi\u00f9 di un semplice prodotto a base di canapa. \u00c8 un capolavoro di estrazione artigianale, progettato per offrire un&#039;esperienza autentica e arricchente. Con la sua alta concentrazione di CBD e il suo squisito profilo aromatico, questo hashish si posiziona come una delle migliori opzioni sul mercato per chi cerca qualit\u00e0, purezza e sapore.<\/p>\n<p><strong>Acquista subito il tuo Dry Sift Hash CBD e goditi l&#039;essenza pi\u00f9 pura della canapa!<\/strong> Per qualsiasi domanda o dubbio, non esitate a contattare il nostro team. <strong>Fumo di iguana<\/strong>, siamo qui per aiutarti a scegliere il meglio.<\/p>\n<p>&nbsp;<\/p>\n<section class=\"product-description\">\n<h2>Qualit\u00e0 e sicurezza<\/h2>\n<p>In <strong>I laboratori Lyf<\/strong>, garantiamo che ogni lotto di <span style=\"font-weight: 400\"><strong>Hash CBD Dry Sift<\/strong><\/span>\u00a0Viene sottoposto a rigorose analisi di laboratorio per confermarne la purezza, l&#039;assenza di pesticidi e i livelli legali di THC (inferiori a 0,3%). Il nostro impegno per la qualit\u00e0 e la sicurezza ci consente di offrire un prodotto affidabile, adatto a tutti gli utenti che apprezzano la legalit\u00e0 e l&#039;eccellenza nel loro consumo.<\/p>\n<p>&nbsp;<\/p>\n<p><span style=\"font-size: 1.7em;font-weight: bold\">Perch\u00e9 acquistare <span style=\"font-weight: 400\"><strong>Hash CBD Dry Sift<\/strong><\/span>\u00a0presso The Lyf Labs?<\/span><\/p>\n<\/section>\n<section class=\"product-description\">\n<ul>\n<li>Prodotto 100% legale nell&#039;Unione Europea, conforme alle normative vigenti sul THC.<\/li>\n<li>Naturale, senza pesticidi n\u00e9 additivi chimici, a garanzia di un consumo sicuro e sano.<\/li>\n<li>Testati in laboratori certificati per garantire la massima purezza e qualit\u00e0.<\/li>\n<li>Ogni acquisto \u00e8 accompagnato da una consegna rapida e da un servizio professionale.<\/li>\n<li>Acquisto sicuro e supporto specializzato per risolvere qualsiasi dubbio.<\/li>\n<\/ul>\n<p>Lyf Labs si impegna a offrire prodotti che uniscono tradizione, innovazione e la massima qualit\u00e0. <span style=\"font-weight: 400\"><strong>Hash CBD Dry Sift<\/strong><\/span>\u00a0\u00c8 una scelta eccellente per chi cerca un hashish artigianale dal profilo moderno e un&#039;esperienza d&#039;uso unica. Affidati a noi per aggiungere alla tua collezione o al tuo catalogo un prodotto che si distingue per autenticit\u00e0, sapore e affidabilit\u00e0.<\/p>\n<p>&nbsp;<\/p>\n<p><span style=\"font-size: 1.7em;font-weight: bold\">Lyf Labs \u00e8 di qualit\u00e0<\/span><\/p>\n<\/section>\n<p>Lyf Labs rappresenta l&#039;eccellenza nel mercato all&#039;ingrosso dei cannabinoidi, offrendo prodotti innovativi, sicuri e ad alta purezza a negozi specializzati e distributori. Ci concentriamo sulla soddisfazione delle esigenze di un settore professionale che ricerca qualit\u00e0 costante, tracciabilit\u00e0 e prezzi competitivi. Se cercate un fornitore affidabile e lungimirante, in Lyf Labs troverete un partner strategico che vi aiuter\u00e0 a crescere nel mercato della canapa.<\/p>\n<p>&nbsp;<\/p>","protected":false},"excerpt":{"rendered":"<p>Prova subito Dry Sift Hash 15% CBD, una resina CBD unica con un aroma speciale.<\/p>\n<ul>\n<li><strong>Massima purezza: <\/strong>Concentrazione di CBD 15% e THC &lt;0,3%.<\/li>\n<li>100% legale in Europa<\/li>\n<\/ul>\n<p>Analisi della qualit\u00e0: clicca\u00a0<a href=\"https:\/\/iguanasmoke.com\/analiticas\/\" target=\"_blank\" rel=\"noopener\">Qui<\/a><\/p>","protected":false},"featured_media":17464,"comment_status":"open","ping_status":"closed","template":"","meta":{"_acf_changed":false,"site-sidebar-layout":"default","site-content-layout":"","ast-site-content-layout":"default","site-content-style":"default","site-sidebar-style":"default","ast-global-header-display":"","ast-banner-title-visibility":"","ast-main-header-display":"","ast-hfb-above-header-display":"","ast-hfb-below-header-display":"","ast-hfb-mobile-header-display":"","site-post-title":"","ast-breadcrumbs-content":"","ast-featured-img":"","footer-sml-layout":"","theme-transparent-header-meta":"default","adv-header-id-meta":"","stick-header-meta":"","header-above-stick-meta":"","header-main-stick-meta":"","header-below-stick-meta":"","astra-migrate-meta-layouts":"set","ast-page-background-enabled":"default","ast-page-background-meta":{"desktop":{"background-color":"var(--ast-global-color-4)","background-image":"","background-repeat":"repeat","background-position":"center center","background-size":"auto","background-attachment":"scroll","background-type":"","background-media":"","overlay-type":"","overlay-color":"","overlay-opacity":"","overlay-gradient":""},"tablet":{"background-color":"","background-image":"","background-repeat":"repeat","background-position":"center center","background-size":"auto","background-attachment":"scroll","background-type":"","background-media":"","overlay-type":"","overlay-color":"","overlay-opacity":"","overlay-gradient":""},"mobile":{"background-color":"","background-image":"","background-repeat":"repeat","background-position":"center center","background-size":"auto","background-attachment":"scroll","background-type":"","background-media":"","overlay-type":"","overlay-color":"","overlay-opacity":"","overlay-gradient":""}},"ast-content-background-meta":{"desktop":{"background-color":"var(--ast-global-color-5)","background-image":"","background-repeat":"repeat","background-position":"center center","background-size":"auto","background-attachment":"scroll","background-type":"","background-media":"","overlay-type":"","overlay-color":"","overlay-opacity":"","overlay-gradient":""},"tablet":{"background-color":"var(--ast-global-color-5)","background-image":"","background-repeat":"repeat","background-position":"center center","background-size":"auto","background-attachment":"scroll","background-type":"","background-media":"","overlay-type":"","overlay-color":"","overlay-opacity":"","overlay-gradient":""},"mobile":{"background-color":"var(--ast-global-color-5)","background-image":"","background-repeat":"repeat","background-position":"center center","background-size":"auto","background-attachment":"scroll","background-type":"","background-media":"","overlay-type":"","overlay-color":"","overlay-opacity":"","overlay-gradient":""}}},"product_brand":[],"product_cat":[40,66,86],"product_tag":[],"class_list":{"0":"post-10216","1":"product","2":"type-product","3":"status-publish","4":"has-post-thumbnail","6":"product_cat-iguanasmoke","7":"product_cat-resinas","8":"product_cat-resinas-cbd","9":"desktop-align-center","10":"tablet-align-left","11":"mobile-align-left","13":"first","14":"outofstock","15":"taxable","16":"shipping-taxable","17":"purchasable","18":"product-type-variable"},"acf":[],"yoast_head":"<!-- This site is optimized with the Yoast SEO plugin v27.4 - https:\/\/yoast.com\/product\/yoast-seo-wordpress\/ -->\n<title>Dry Sift Hash CBD 15% - Hash CBD al por mayor - THE LYF LABS<\/title>\n<meta name=\"description\" content=\"Compra la resina Hash CBD Dry Sift de 15% CBD de alta pureza y calidad premium. Proveniente de cultivo ecol\u00f3gico y libre de aditivos artificiales.\" \/>\n<meta name=\"robots\" content=\"index, follow, max-snippet:-1, max-image-preview:large, max-video-preview:-1\" \/>\n<link rel=\"canonical\" href=\"https:\/\/thelyflabs.com\/it\/product\/dry-sift-hash-cbd-15\/\" \/>\n<meta property=\"og:locale\" content=\"it_IT\" \/>\n<meta property=\"og:type\" content=\"article\" \/>\n<meta property=\"og:title\" content=\"Dry Sift Hash CBD 15% - Hash CBD al por mayor - THE LYF LABS\" \/>\n<meta property=\"og:description\" content=\"Compra la resina Hash CBD Dry Sift de 15% CBD de alta pureza y calidad premium. Proveniente de cultivo ecol\u00f3gico y libre de aditivos artificiales.\" \/>\n<meta property=\"og:url\" content=\"https:\/\/thelyflabs.com\/it\/product\/dry-sift-hash-cbd-15\/\" \/>\n<meta property=\"og:site_name\" content=\"THE LYF LABS\" \/>\n<meta property=\"article:modified_time\" content=\"2026-04-15T08:38:04+00:00\" \/>\n<meta property=\"og:image\" content=\"https:\/\/thelyflabs.com\/wp-content\/uploads\/2025\/01\/Dry-sift-2g-con-hash.webp\" \/>\n\t<meta property=\"og:image:width\" content=\"1000\" \/>\n\t<meta property=\"og:image:height\" content=\"1000\" \/>\n\t<meta property=\"og:image:type\" content=\"image\/webp\" \/>\n<meta name=\"twitter:card\" content=\"summary_large_image\" \/>\n<meta name=\"twitter:label1\" content=\"Tempo di lettura stimato\" \/>\n\t<meta name=\"twitter:data1\" content=\"4 minuti\" \/>\n<script type=\"application\/ld+json\" class=\"yoast-schema-graph\">{\"@context\":\"https:\\\/\\\/schema.org\",\"@graph\":[{\"@type\":\"WebPage\",\"@id\":\"https:\\\/\\\/thelyflabs.com\\\/product\\\/dry-sift-hash-cbd-15\",\"url\":\"https:\\\/\\\/thelyflabs.com\\\/product\\\/dry-sift-hash-cbd-15\",\"name\":\"Dry Sift Hash CBD 15% - Hash CBD al por mayor - THE LYF LABS\",\"isPartOf\":{\"@id\":\"https:\\\/\\\/thelyflabs.com\\\/#website\"},\"primaryImageOfPage\":{\"@id\":\"https:\\\/\\\/thelyflabs.com\\\/product\\\/dry-sift-hash-cbd-15#primaryimage\"},\"image\":{\"@id\":\"https:\\\/\\\/thelyflabs.com\\\/product\\\/dry-sift-hash-cbd-15#primaryimage\"},\"thumbnailUrl\":\"https:\\\/\\\/thelyflabs.com\\\/wp-content\\\/uploads\\\/2025\\\/01\\\/Dry-sift-2g-con-hash.webp\",\"datePublished\":\"2025-01-22T23:52:34+00:00\",\"dateModified\":\"2026-04-15T08:38:04+00:00\",\"description\":\"Compra la resina Hash CBD Dry Sift de 15% CBD de alta pureza y calidad premium. Proveniente de cultivo ecol\u00f3gico y libre de aditivos artificiales.\",\"breadcrumb\":{\"@id\":\"https:\\\/\\\/thelyflabs.com\\\/product\\\/dry-sift-hash-cbd-15#breadcrumb\"},\"inLanguage\":\"it-IT\",\"potentialAction\":[{\"@type\":\"ReadAction\",\"target\":[\"https:\\\/\\\/thelyflabs.com\\\/product\\\/dry-sift-hash-cbd-15\"]}]},{\"@type\":\"ImageObject\",\"inLanguage\":\"it-IT\",\"@id\":\"https:\\\/\\\/thelyflabs.com\\\/product\\\/dry-sift-hash-cbd-15#primaryimage\",\"url\":\"https:\\\/\\\/thelyflabs.com\\\/wp-content\\\/uploads\\\/2025\\\/01\\\/Dry-sift-2g-con-hash.webp\",\"contentUrl\":\"https:\\\/\\\/thelyflabs.com\\\/wp-content\\\/uploads\\\/2025\\\/01\\\/Dry-sift-2g-con-hash.webp\",\"width\":1000,\"height\":1000,\"caption\":\"Hash CBD Dry Sift 2g\"},{\"@type\":\"BreadcrumbList\",\"@id\":\"https:\\\/\\\/thelyflabs.com\\\/product\\\/dry-sift-hash-cbd-15#breadcrumb\",\"itemListElement\":[{\"@type\":\"ListItem\",\"position\":1,\"name\":\"Portada\",\"item\":\"https:\\\/\\\/thelyflabs.com\\\/\"},{\"@type\":\"ListItem\",\"position\":2,\"name\":\"Tienda\",\"item\":\"https:\\\/\\\/thelyflabs.com\\\/tienda\"},{\"@type\":\"ListItem\",\"position\":3,\"name\":\"Dry Sift Hash CBD 15%\"}]},{\"@type\":\"WebSite\",\"@id\":\"https:\\\/\\\/thelyflabs.com\\\/#website\",\"url\":\"https:\\\/\\\/thelyflabs.com\\\/\",\"name\":\"The LYF Labs\",\"description\":\"CBD al por mayor\",\"publisher\":{\"@id\":\"https:\\\/\\\/thelyflabs.com\\\/#organization\"},\"potentialAction\":[{\"@type\":\"SearchAction\",\"target\":{\"@type\":\"EntryPoint\",\"urlTemplate\":\"https:\\\/\\\/thelyflabs.com\\\/?s={search_term_string}\"},\"query-input\":{\"@type\":\"PropertyValueSpecification\",\"valueRequired\":true,\"valueName\":\"search_term_string\"}}],\"inLanguage\":\"it-IT\"},{\"@type\":\"Organization\",\"@id\":\"https:\\\/\\\/thelyflabs.com\\\/#organization\",\"name\":\"The LYF Labs\",\"url\":\"https:\\\/\\\/thelyflabs.com\\\/\",\"logo\":{\"@type\":\"ImageObject\",\"inLanguage\":\"it-IT\",\"@id\":\"https:\\\/\\\/thelyflabs.com\\\/#\\\/schema\\\/logo\\\/image\\\/\",\"url\":\"https:\\\/\\\/thelyflabs.com\\\/wp-content\\\/uploads\\\/2023\\\/01\\\/cropped-LogoTheLYFLabs.png\",\"contentUrl\":\"https:\\\/\\\/thelyflabs.com\\\/wp-content\\\/uploads\\\/2023\\\/01\\\/cropped-LogoTheLYFLabs.png\",\"width\":600,\"height\":180,\"caption\":\"The LYF Labs\"},\"image\":{\"@id\":\"https:\\\/\\\/thelyflabs.com\\\/#\\\/schema\\\/logo\\\/image\\\/\"}}]}<\/script>\n<!-- \/ Yoast SEO plugin. -->","yoast_head_json":{"title":"Dry Sift Hash CBD 15% - Hash CBD al por mayor - THE LYF LABS","description":"Compra la resina Hash CBD Dry Sift de 15% CBD de alta pureza y calidad premium. Proveniente de cultivo ecol\u00f3gico y libre de aditivos artificiales.","robots":{"index":"index","follow":"follow","max-snippet":"max-snippet:-1","max-image-preview":"max-image-preview:large","max-video-preview":"max-video-preview:-1"},"canonical":"https:\/\/thelyflabs.com\/it\/product\/dry-sift-hash-cbd-15\/","og_locale":"it_IT","og_type":"article","og_title":"Dry Sift Hash CBD 15% - Hash CBD al por mayor - THE LYF LABS","og_description":"Compra la resina Hash CBD Dry Sift de 15% CBD de alta pureza y calidad premium. Proveniente de cultivo ecol\u00f3gico y libre de aditivos artificiales.","og_url":"https:\/\/thelyflabs.com\/it\/product\/dry-sift-hash-cbd-15\/","og_site_name":"THE LYF LABS","article_modified_time":"2026-04-15T08:38:04+00:00","og_image":[{"width":1000,"height":1000,"url":"https:\/\/thelyflabs.com\/wp-content\/uploads\/2025\/01\/Dry-sift-2g-con-hash.webp","type":"image\/webp"}],"twitter_card":"summary_large_image","twitter_misc":{"Tempo di lettura stimato":"4 minuti"},"schema":{"@context":"https:\/\/schema.org","@graph":[{"@type":"WebPage","@id":"https:\/\/thelyflabs.com\/product\/dry-sift-hash-cbd-15","url":"https:\/\/thelyflabs.com\/product\/dry-sift-hash-cbd-15","name":"Dry Sift Hash CBD 15% - Hash CBD al por mayor - THE LYF LABS","isPartOf":{"@id":"https:\/\/thelyflabs.com\/#website"},"primaryImageOfPage":{"@id":"https:\/\/thelyflabs.com\/product\/dry-sift-hash-cbd-15#primaryimage"},"image":{"@id":"https:\/\/thelyflabs.com\/product\/dry-sift-hash-cbd-15#primaryimage"},"thumbnailUrl":"https:\/\/thelyflabs.com\/wp-content\/uploads\/2025\/01\/Dry-sift-2g-con-hash.webp","datePublished":"2025-01-22T23:52:34+00:00","dateModified":"2026-04-15T08:38:04+00:00","description":"Compra la resina Hash CBD Dry Sift de 15% CBD de alta pureza y calidad premium. Proveniente de cultivo ecol\u00f3gico y libre de aditivos artificiales.","breadcrumb":{"@id":"https:\/\/thelyflabs.com\/product\/dry-sift-hash-cbd-15#breadcrumb"},"inLanguage":"it-IT","potentialAction":[{"@type":"ReadAction","target":["https:\/\/thelyflabs.com\/product\/dry-sift-hash-cbd-15"]}]},{"@type":"ImageObject","inLanguage":"it-IT","@id":"https:\/\/thelyflabs.com\/product\/dry-sift-hash-cbd-15#primaryimage","url":"https:\/\/thelyflabs.com\/wp-content\/uploads\/2025\/01\/Dry-sift-2g-con-hash.webp","contentUrl":"https:\/\/thelyflabs.com\/wp-content\/uploads\/2025\/01\/Dry-sift-2g-con-hash.webp","width":1000,"height":1000,"caption":"Hash CBD Dry Sift 2g"},{"@type":"BreadcrumbList","@id":"https:\/\/thelyflabs.com\/product\/dry-sift-hash-cbd-15#breadcrumb","itemListElement":[{"@type":"ListItem","position":1,"name":"Portada","item":"https:\/\/thelyflabs.com\/"},{"@type":"ListItem","position":2,"name":"Tienda","item":"https:\/\/thelyflabs.com\/tienda"},{"@type":"ListItem","position":3,"name":"Dry Sift Hash CBD 15%"}]},{"@type":"WebSite","@id":"https:\/\/thelyflabs.com\/#website","url":"https:\/\/thelyflabs.com\/","name":"I laboratori LYF","description":"CBD all&#039;ingrosso","publisher":{"@id":"https:\/\/thelyflabs.com\/#organization"},"potentialAction":[{"@type":"SearchAction","target":{"@type":"EntryPoint","urlTemplate":"https:\/\/thelyflabs.com\/?s={search_term_string}"},"query-input":{"@type":"PropertyValueSpecification","valueRequired":true,"valueName":"search_term_string"}}],"inLanguage":"it-IT"},{"@type":"Organization","@id":"https:\/\/thelyflabs.com\/#organization","name":"I laboratori LYF","url":"https:\/\/thelyflabs.com\/","logo":{"@type":"ImageObject","inLanguage":"it-IT","@id":"https:\/\/thelyflabs.com\/#\/schema\/logo\/image\/","url":"https:\/\/thelyflabs.com\/wp-content\/uploads\/2023\/01\/cropped-LogoTheLYFLabs.png","contentUrl":"https:\/\/thelyflabs.com\/wp-content\/uploads\/2023\/01\/cropped-LogoTheLYFLabs.png","width":600,"height":180,"caption":"The LYF Labs"},"image":{"@id":"https:\/\/thelyflabs.com\/#\/schema\/logo\/image\/"}}]}},"_links":{"self":[{"href":"https:\/\/thelyflabs.com\/it\/wp-json\/wp\/v2\/product\/10216","targetHints":{"allow":["GET"]}}],"collection":[{"href":"https:\/\/thelyflabs.com\/it\/wp-json\/wp\/v2\/product"}],"about":[{"href":"https:\/\/thelyflabs.com\/it\/wp-json\/wp\/v2\/types\/product"}],"replies":[{"embeddable":true,"href":"https:\/\/thelyflabs.com\/it\/wp-json\/wp\/v2\/comments?post=10216"}],"wp:featuredmedia":[{"embeddable":true,"href":"https:\/\/thelyflabs.com\/it\/wp-json\/wp\/v2\/media\/17464"}],"wp:attachment":[{"href":"https:\/\/thelyflabs.com\/it\/wp-json\/wp\/v2\/media?parent=10216"}],"wp:term":[{"taxonomy":"product_brand","embeddable":true,"href":"https:\/\/thelyflabs.com\/it\/wp-json\/wp\/v2\/product_brand?post=10216"},{"taxonomy":"product_cat","embeddable":true,"href":"https:\/\/thelyflabs.com\/it\/wp-json\/wp\/v2\/product_cat?post=10216"},{"taxonomy":"product_tag","embeddable":true,"href":"https:\/\/thelyflabs.com\/it\/wp-json\/wp\/v2\/product_tag?post=10216"}],"curies":[{"name":"parola chiave","href":"https:\/\/api.w.org\/{rel}","templated":true}]}}