{"id":11589,"date":"2025-04-27T02:48:12","date_gmt":"2025-04-27T00:48:12","guid":{"rendered":"https:\/\/thelyflabs.com\/?post_type=product&#038;p=11589"},"modified":"2026-03-20T11:22:33","modified_gmt":"2026-03-20T10:22:33","slug":"vaper-stv-space-vape-gelato-2ml-sativanolstv","status":"publish","type":"product","link":"https:\/\/thelyflabs.com\/it\/product\/vaper-stv-space-vape-gelato-2ml-sativanolstv","title":{"rendered":"Vaper STV \u2013 Space Vape Gelato 2ml (Sativanolo)"},"content":{"rendered":"<h4><strong>Vaper Space Vape Gelato monouso con STV (SATIVANOL), CBD 40% e CBG 30%.<\/strong><\/h4>\n<p>Lui <strong data-start=\"335\" data-end=\"362\">Gusto Space Vape Gelato<\/strong> \u00c8 uno svapo usa e getta con una combinazione esclusiva di <strong data-start=\"419\" data-end=\"438\">STV (Sativanolo)<\/strong>, <strong data-start=\"440\" data-end=\"454\">CBD a 40%<\/strong> E <strong data-start=\"457\" data-end=\"471\">CBG a 30%<\/strong>, infuso con <strong data-start=\"489\" data-end=\"511\">terpeni naturali<\/strong> che riproducono il profilo dolce, cremoso e fruttato della leggendaria variet\u00e0 <strong data-start=\"585\" data-end=\"595\">Gelato.<\/strong><\/p>\n<h4><strong>Che cosa \u00e8 STV?<\/strong><\/h4>\n<p><strong>STV \u2013 La Super Sativa<\/strong> \u00e8 un <strong>derivato dall&#039;ultima generazione di canapa e recentemente scoperto<\/strong>, un cannabinoide semisintetico progettato per offrire potenza e funzionalit\u00e0 senza pari. \u00c8 assolutamente unico: fornisce una chiarezza mentale simile a quella delle Sativa.<\/p>\n<p>Utilizzando la scienza all&#039;avanguardia, abbiamo isolato un nuovo cannabinoide dalla canapa e apportato precise modifiche semisintetiche per potenziarne gli effetti. Il risultato? Un&#039;esperienza cannabinoide senza precedenti, creata per chi cerca il meglio che l&#039;industria della canapa ha da offrire in termini di funzionalit\u00e0 ed effetto Sativa.<\/p>\n<p><strong>STV \u2013 La Super Sativa<\/strong>A differenza di qualsiasi altro cannabinoide attualmente disponibile, l&#039;STV offre un&#039;esperienza stimolante senza contenere THC, THCP, HHC o altri analoghi tradizionali. Questo white paper esplora le propriet\u00e0 uniche, i benefici e le potenziali applicazioni dell&#039;STV, posizionandolo come una svolta rivoluzionaria nel mercato dei cannabinoidi derivati dalla canapa.<\/p>\n<p><strong>Propriet\u00e0 chiave<\/strong><\/p>\n<ul>\n<li><strong>Nessuna tolleranza nota<\/strong>A differenza dei composti a base di THC, gli effetti rimangono costanti nel tempo.<\/li>\n<li><strong>Inizio medio, durata moderata<\/strong>:Gli effetti iniziano entro 10-30 minuti dall&#039;uso, durano 3-4 ore e non provocano sonnolenza il giorno successivo.<\/li>\n<li><strong>Potenziale potenziatore di altri cannabinoidi<\/strong>: Pu\u00f2 amplificare gli effetti di altri cannabinoidi e composti in formulazioni combinate.<\/li>\n<\/ul>\n<p><strong>Perch\u00e9 l&#039;STV \u00e8 diverso dagli altri cannabinoidi?<\/strong><\/p>\n<p>I cannabinoidi tradizionali presentano diverse limitazioni: il THC provoca alterazioni, il THCP crea rapidamente tolleranza e l&#039;HHC produce effetti incoerenti.<\/p>\n<p>STV, d&#039;altra parte, la Super Sativa, \u00e8 una vera svolta. Offre un&#039;esperienza controllata e prevedibile, senza gli svantaggi dei cannabinoidi tradizionali.<\/p>\n<h4><strong>Cos&#039;\u00e8 una sigaretta elettronica usa e getta?<\/strong><\/h4>\n<p>Le sigarette elettroniche usa e getta, note anche come pod usa e getta, vaporizzatori usa e getta o sigarette elettroniche, sono dispositivi di svapo a &quot;penna&quot; molto comodi e pratici, dotati di una batteria integrata che non richiede una batteria esterna n\u00e9 un contenitore per il liquido. N\u00e9 la batteria n\u00e9 il liquido devono essere ricaricati. Sono dispositivi progettati per raggiungere un numero specifico di tiri, solitamente specificato all&#039;esterno del prodotto.<\/p>\n<h4><strong>Lo Space Vape ti fa sballare?<\/strong><\/h4>\n<p>Come il THC, l&#039;STV offre a molte persone un effetto piacevole quando assunto. Alcune persone segnalano effetti simili ai prodotti a base di THC convenzionali, ma non ci sono dati sufficienti per affermarlo con certezza. Non ci sono nemmeno dati sufficienti per stabilire se l&#039;assunzione di STV possa avere effetti collaterali negativi o addirittura effetti a lungo termine.<\/p>\n<div class=\"ewd-ufaq-faq-body\">\n<p>Tuttavia, in conformit\u00e0 con la legislazione spagnola vigente, non incoraggiamo in alcun modo l&#039;uso o l&#039;ingestione delle suddette sostanze. Non guidare veicoli a motore o utilizzare macchinari pesanti dopo l&#039;assunzione.<br \/>\nDestinato a scopi industriali, tecnici e orticoli.<\/p>\n<p>Questo \u00e8 un oggetto da collezione. Non adatto al consumo diretto o al fumo.<\/p>\n<\/div>\n<p>Questo prodotto non contiene cannabinoidi inclusi nell&#039;Allegato 1 del Regio Decreto 2829\/1977, aggiornato dall&#039;Ordinanza SND\/380\/2025, del 14 aprile, n\u00e9 sostanze controllate dalla Convenzione unica sugli stupefacenti del 1961 e dalla Convenzione sulle sostanze psicotrope del 1971.<\/p>","protected":false},"excerpt":{"rendered":"<h4>STV Space Vape Gelato Vape monouso (Sativanol)<\/h4>\n<p>Contiene STV, CBD, CBG e terpeni naturali aromatizzati con una delle variet\u00e0 di cannabis pi\u00f9 famose, il rinfrescante Gelato<\/p>\n<h5><strong>Caratteristiche<\/strong><\/h5>\n<ul>\n<li>Dimensioni: 105 mm x 24 mm x 11,2 mm<\/li>\n<li>Batteria: 380 mAh<\/li>\n<li>Capacit\u00e0: 2 ml<\/li>\n<li>Sbuffi: fino a 600<\/li>\n<li>Terpeni naturali di alta qualit\u00e0<\/li>\n<li>STV (Sativanolo)<\/li>\n<li>CBD: 40%<\/li>\n<li>Codice a barre: 30%<\/li>\n<li>THC: 0%<\/li>\n<li>Numero di serie: 0%<\/li>\n<li>THC-P: 0%<\/li>\n<li>Nicotina: 0%<\/li>\n<li>Non contiene VG, PG, PEG, MCT o altri agenti di taglio<\/li>\n<\/ul>\n<p>Tutti i nostri prodotti derivano da canapa industriale certificata. Contengono meno dello 0,3% di THC e non contengono cannabinoidi illegali come HHC, HHC-P, THCP, THCP-O, H4CBD o i loro derivati. <a href=\"https:\/\/iguanasmoke.com\/analiticas\/\">Certificato di analisi qui.<\/a><\/p>","protected":false},"featured_media":16963,"comment_status":"open","ping_status":"closed","template":"","meta":{"_acf_changed":false,"site-sidebar-layout":"default","site-content-layout":"","ast-site-content-layout":"default","site-content-style":"default","site-sidebar-style":"default","ast-global-header-display":"","ast-banner-title-visibility":"","ast-main-header-display":"","ast-hfb-above-header-display":"","ast-hfb-below-header-display":"","ast-hfb-mobile-header-display":"","site-post-title":"","ast-breadcrumbs-content":"","ast-featured-img":"","footer-sml-layout":"","theme-transparent-header-meta":"default","adv-header-id-meta":"","stick-header-meta":"","header-above-stick-meta":"","header-main-stick-meta":"","header-below-stick-meta":"","astra-migrate-meta-layouts":"set","ast-page-background-enabled":"default","ast-page-background-meta":{"desktop":{"background-color":"var(--ast-global-color-4)","background-image":"","background-repeat":"repeat","background-position":"center center","background-size":"auto","background-attachment":"scroll","background-type":"","background-media":"","overlay-type":"","overlay-color":"","overlay-opacity":"","overlay-gradient":""},"tablet":{"background-color":"","background-image":"","background-repeat":"repeat","background-position":"center center","background-size":"auto","background-attachment":"scroll","background-type":"","background-media":"","overlay-type":"","overlay-color":"","overlay-opacity":"","overlay-gradient":""},"mobile":{"background-color":"","background-image":"","background-repeat":"repeat","background-position":"center center","background-size":"auto","background-attachment":"scroll","background-type":"","background-media":"","overlay-type":"","overlay-color":"","overlay-opacity":"","overlay-gradient":""}},"ast-content-background-meta":{"desktop":{"background-color":"var(--ast-global-color-5)","background-image":"","background-repeat":"repeat","background-position":"center center","background-size":"auto","background-attachment":"scroll","background-type":"","background-media":"","overlay-type":"","overlay-color":"","overlay-opacity":"","overlay-gradient":""},"tablet":{"background-color":"var(--ast-global-color-5)","background-image":"","background-repeat":"repeat","background-position":"center center","background-size":"auto","background-attachment":"scroll","background-type":"","background-media":"","overlay-type":"","overlay-color":"","overlay-opacity":"","overlay-gradient":""},"mobile":{"background-color":"var(--ast-global-color-5)","background-image":"","background-repeat":"repeat","background-position":"center center","background-size":"auto","background-attachment":"scroll","background-type":"","background-media":"","overlay-type":"","overlay-color":"","overlay-opacity":"","overlay-gradient":""}}},"product_brand":[],"product_cat":[146,143,138],"product_tag":[],"class_list":{"0":"post-11589","1":"product","2":"type-product","3":"status-publish","4":"has-post-thumbnail","6":"product_cat-nuevas-moleculas","7":"product_cat-stv","8":"product_cat-stv-sativanol","9":"desktop-align-center","10":"tablet-align-left","11":"mobile-align-left","13":"first","14":"instock","15":"taxable","16":"shipping-taxable","17":"purchasable","18":"product-type-simple"},"acf":[],"yoast_head":"<!-- This site is optimized with the Yoast SEO plugin v27.3 - https:\/\/yoast.com\/product\/yoast-seo-wordpress\/ -->\n<title>Vaper STV - Space Vape Gelato 2ml (Sativanol) - THE LYF LABS<\/title>\n<meta name=\"description\" content=\"Vaper desechable Space Vape sabor Gelato con STV, CBD 40% y CBG 30%. Terpenos naturales, sin THC ni nicotina. Precio exclusivo para tiendas y mayoristas.\" \/>\n<meta name=\"robots\" content=\"index, follow, max-snippet:-1, max-image-preview:large, max-video-preview:-1\" \/>\n<link rel=\"canonical\" href=\"https:\/\/thelyflabs.com\/it\/product\/vaper-stv-space-vape-gelato-2ml-sativanolstv\/\" \/>\n<meta property=\"og:locale\" content=\"it_IT\" \/>\n<meta property=\"og:type\" content=\"article\" \/>\n<meta property=\"og:title\" content=\"Vaper STV - Space Vape Gelato 2ml (Sativanol) - THE LYF LABS\" \/>\n<meta property=\"og:description\" content=\"Vaper desechable Space Vape sabor Gelato con STV, CBD 40% y CBG 30%. Terpenos naturales, sin THC ni nicotina. Precio exclusivo para tiendas y mayoristas.\" \/>\n<meta property=\"og:url\" content=\"https:\/\/thelyflabs.com\/it\/product\/vaper-stv-space-vape-gelato-2ml-sativanolstv\/\" \/>\n<meta property=\"og:site_name\" content=\"THE LYF LABS\" \/>\n<meta property=\"article:modified_time\" content=\"2026-03-20T10:22:33+00:00\" \/>\n<meta property=\"og:image\" content=\"https:\/\/thelyflabs.com\/wp-content\/uploads\/2026\/03\/Mockup-gelato-der-pod.png\" \/>\n\t<meta property=\"og:image:width\" content=\"1000\" \/>\n\t<meta property=\"og:image:height\" content=\"1000\" \/>\n\t<meta property=\"og:image:type\" content=\"image\/png\" \/>\n<meta name=\"twitter:card\" content=\"summary_large_image\" \/>\n<meta name=\"twitter:label1\" content=\"Tempo di lettura stimato\" \/>\n\t<meta name=\"twitter:data1\" content=\"3 minuti\" \/>\n<script type=\"application\/ld+json\" class=\"yoast-schema-graph\">{\"@context\":\"https:\\\/\\\/schema.org\",\"@graph\":[{\"@type\":\"WebPage\",\"@id\":\"https:\\\/\\\/thelyflabs.com\\\/product\\\/vaper-stv-space-vape-gelato-2ml-sativanolstv\",\"url\":\"https:\\\/\\\/thelyflabs.com\\\/product\\\/vaper-stv-space-vape-gelato-2ml-sativanolstv\",\"name\":\"Vaper STV - Space Vape Gelato 2ml (Sativanol) - THE LYF LABS\",\"isPartOf\":{\"@id\":\"https:\\\/\\\/thelyflabs.com\\\/#website\"},\"primaryImageOfPage\":{\"@id\":\"https:\\\/\\\/thelyflabs.com\\\/product\\\/vaper-stv-space-vape-gelato-2ml-sativanolstv#primaryimage\"},\"image\":{\"@id\":\"https:\\\/\\\/thelyflabs.com\\\/product\\\/vaper-stv-space-vape-gelato-2ml-sativanolstv#primaryimage\"},\"thumbnailUrl\":\"https:\\\/\\\/thelyflabs.com\\\/wp-content\\\/uploads\\\/2026\\\/03\\\/Mockup-gelato-der-pod.png\",\"datePublished\":\"2025-04-27T00:48:12+00:00\",\"dateModified\":\"2026-03-20T10:22:33+00:00\",\"description\":\"Vaper desechable Space Vape sabor Gelato con STV, CBD 40% y CBG 30%. Terpenos naturales, sin THC ni nicotina. Precio exclusivo para tiendas y mayoristas.\",\"breadcrumb\":{\"@id\":\"https:\\\/\\\/thelyflabs.com\\\/product\\\/vaper-stv-space-vape-gelato-2ml-sativanolstv#breadcrumb\"},\"inLanguage\":\"it-IT\",\"potentialAction\":[{\"@type\":\"ReadAction\",\"target\":[\"https:\\\/\\\/thelyflabs.com\\\/product\\\/vaper-stv-space-vape-gelato-2ml-sativanolstv\"]}]},{\"@type\":\"ImageObject\",\"inLanguage\":\"it-IT\",\"@id\":\"https:\\\/\\\/thelyflabs.com\\\/product\\\/vaper-stv-space-vape-gelato-2ml-sativanolstv#primaryimage\",\"url\":\"https:\\\/\\\/thelyflabs.com\\\/wp-content\\\/uploads\\\/2026\\\/03\\\/Mockup-gelato-der-pod.png\",\"contentUrl\":\"https:\\\/\\\/thelyflabs.com\\\/wp-content\\\/uploads\\\/2026\\\/03\\\/Mockup-gelato-der-pod.png\",\"width\":1000,\"height\":1000,\"caption\":\"Caja m\u00e1s vaper naranja Gelato STV 2ml dcha\"},{\"@type\":\"BreadcrumbList\",\"@id\":\"https:\\\/\\\/thelyflabs.com\\\/product\\\/vaper-stv-space-vape-gelato-2ml-sativanolstv#breadcrumb\",\"itemListElement\":[{\"@type\":\"ListItem\",\"position\":1,\"name\":\"Portada\",\"item\":\"https:\\\/\\\/thelyflabs.com\\\/\"},{\"@type\":\"ListItem\",\"position\":2,\"name\":\"Tienda\",\"item\":\"https:\\\/\\\/thelyflabs.com\\\/tienda\"},{\"@type\":\"ListItem\",\"position\":3,\"name\":\"Vaper STV &#8211; Space Vape Gelato 2ml (Sativanol)\"}]},{\"@type\":\"WebSite\",\"@id\":\"https:\\\/\\\/thelyflabs.com\\\/#website\",\"url\":\"https:\\\/\\\/thelyflabs.com\\\/\",\"name\":\"The LYF Labs\",\"description\":\"CBD al por mayor\",\"publisher\":{\"@id\":\"https:\\\/\\\/thelyflabs.com\\\/#organization\"},\"potentialAction\":[{\"@type\":\"SearchAction\",\"target\":{\"@type\":\"EntryPoint\",\"urlTemplate\":\"https:\\\/\\\/thelyflabs.com\\\/?s={search_term_string}\"},\"query-input\":{\"@type\":\"PropertyValueSpecification\",\"valueRequired\":true,\"valueName\":\"search_term_string\"}}],\"inLanguage\":\"it-IT\"},{\"@type\":\"Organization\",\"@id\":\"https:\\\/\\\/thelyflabs.com\\\/#organization\",\"name\":\"The LYF Labs\",\"url\":\"https:\\\/\\\/thelyflabs.com\\\/\",\"logo\":{\"@type\":\"ImageObject\",\"inLanguage\":\"it-IT\",\"@id\":\"https:\\\/\\\/thelyflabs.com\\\/#\\\/schema\\\/logo\\\/image\\\/\",\"url\":\"https:\\\/\\\/thelyflabs.com\\\/wp-content\\\/uploads\\\/2023\\\/01\\\/cropped-LogoTheLYFLabs.png\",\"contentUrl\":\"https:\\\/\\\/thelyflabs.com\\\/wp-content\\\/uploads\\\/2023\\\/01\\\/cropped-LogoTheLYFLabs.png\",\"width\":600,\"height\":180,\"caption\":\"The LYF Labs\"},\"image\":{\"@id\":\"https:\\\/\\\/thelyflabs.com\\\/#\\\/schema\\\/logo\\\/image\\\/\"}}]}<\/script>\n<!-- \/ Yoast SEO plugin. -->","yoast_head_json":{"title":"Vaper STV - Space Vape Gelato 2ml (Sativanol) - THE LYF LABS","description":"Vaper desechable Space Vape sabor Gelato con STV, CBD 40% y CBG 30%. Terpenos naturales, sin THC ni nicotina. Precio exclusivo para tiendas y mayoristas.","robots":{"index":"index","follow":"follow","max-snippet":"max-snippet:-1","max-image-preview":"max-image-preview:large","max-video-preview":"max-video-preview:-1"},"canonical":"https:\/\/thelyflabs.com\/it\/product\/vaper-stv-space-vape-gelato-2ml-sativanolstv\/","og_locale":"it_IT","og_type":"article","og_title":"Vaper STV - Space Vape Gelato 2ml (Sativanol) - THE LYF LABS","og_description":"Vaper desechable Space Vape sabor Gelato con STV, CBD 40% y CBG 30%. Terpenos naturales, sin THC ni nicotina. Precio exclusivo para tiendas y mayoristas.","og_url":"https:\/\/thelyflabs.com\/it\/product\/vaper-stv-space-vape-gelato-2ml-sativanolstv\/","og_site_name":"THE LYF LABS","article_modified_time":"2026-03-20T10:22:33+00:00","og_image":[{"width":1000,"height":1000,"url":"https:\/\/thelyflabs.com\/wp-content\/uploads\/2026\/03\/Mockup-gelato-der-pod.png","type":"image\/png"}],"twitter_card":"summary_large_image","twitter_misc":{"Tempo di lettura stimato":"3 minuti"},"schema":{"@context":"https:\/\/schema.org","@graph":[{"@type":"WebPage","@id":"https:\/\/thelyflabs.com\/product\/vaper-stv-space-vape-gelato-2ml-sativanolstv","url":"https:\/\/thelyflabs.com\/product\/vaper-stv-space-vape-gelato-2ml-sativanolstv","name":"Vaper STV - Space Vape Gelato 2ml (Sativanol) - THE LYF LABS","isPartOf":{"@id":"https:\/\/thelyflabs.com\/#website"},"primaryImageOfPage":{"@id":"https:\/\/thelyflabs.com\/product\/vaper-stv-space-vape-gelato-2ml-sativanolstv#primaryimage"},"image":{"@id":"https:\/\/thelyflabs.com\/product\/vaper-stv-space-vape-gelato-2ml-sativanolstv#primaryimage"},"thumbnailUrl":"https:\/\/thelyflabs.com\/wp-content\/uploads\/2026\/03\/Mockup-gelato-der-pod.png","datePublished":"2025-04-27T00:48:12+00:00","dateModified":"2026-03-20T10:22:33+00:00","description":"Vaper desechable Space Vape sabor Gelato con STV, CBD 40% y CBG 30%. Terpenos naturales, sin THC ni nicotina. Precio exclusivo para tiendas y mayoristas.","breadcrumb":{"@id":"https:\/\/thelyflabs.com\/product\/vaper-stv-space-vape-gelato-2ml-sativanolstv#breadcrumb"},"inLanguage":"it-IT","potentialAction":[{"@type":"ReadAction","target":["https:\/\/thelyflabs.com\/product\/vaper-stv-space-vape-gelato-2ml-sativanolstv"]}]},{"@type":"ImageObject","inLanguage":"it-IT","@id":"https:\/\/thelyflabs.com\/product\/vaper-stv-space-vape-gelato-2ml-sativanolstv#primaryimage","url":"https:\/\/thelyflabs.com\/wp-content\/uploads\/2026\/03\/Mockup-gelato-der-pod.png","contentUrl":"https:\/\/thelyflabs.com\/wp-content\/uploads\/2026\/03\/Mockup-gelato-der-pod.png","width":1000,"height":1000,"caption":"Caja m\u00e1s vaper naranja Gelato STV 2ml dcha"},{"@type":"BreadcrumbList","@id":"https:\/\/thelyflabs.com\/product\/vaper-stv-space-vape-gelato-2ml-sativanolstv#breadcrumb","itemListElement":[{"@type":"ListItem","position":1,"name":"Portada","item":"https:\/\/thelyflabs.com\/"},{"@type":"ListItem","position":2,"name":"Tienda","item":"https:\/\/thelyflabs.com\/tienda"},{"@type":"ListItem","position":3,"name":"Vaper STV &#8211; Space Vape Gelato 2ml (Sativanol)"}]},{"@type":"WebSite","@id":"https:\/\/thelyflabs.com\/#website","url":"https:\/\/thelyflabs.com\/","name":"I laboratori LYF","description":"CBD all&#039;ingrosso","publisher":{"@id":"https:\/\/thelyflabs.com\/#organization"},"potentialAction":[{"@type":"SearchAction","target":{"@type":"EntryPoint","urlTemplate":"https:\/\/thelyflabs.com\/?s={search_term_string}"},"query-input":{"@type":"PropertyValueSpecification","valueRequired":true,"valueName":"search_term_string"}}],"inLanguage":"it-IT"},{"@type":"Organization","@id":"https:\/\/thelyflabs.com\/#organization","name":"I laboratori LYF","url":"https:\/\/thelyflabs.com\/","logo":{"@type":"ImageObject","inLanguage":"it-IT","@id":"https:\/\/thelyflabs.com\/#\/schema\/logo\/image\/","url":"https:\/\/thelyflabs.com\/wp-content\/uploads\/2023\/01\/cropped-LogoTheLYFLabs.png","contentUrl":"https:\/\/thelyflabs.com\/wp-content\/uploads\/2023\/01\/cropped-LogoTheLYFLabs.png","width":600,"height":180,"caption":"The LYF Labs"},"image":{"@id":"https:\/\/thelyflabs.com\/#\/schema\/logo\/image\/"}}]}},"_links":{"self":[{"href":"https:\/\/thelyflabs.com\/it\/wp-json\/wp\/v2\/product\/11589","targetHints":{"allow":["GET"]}}],"collection":[{"href":"https:\/\/thelyflabs.com\/it\/wp-json\/wp\/v2\/product"}],"about":[{"href":"https:\/\/thelyflabs.com\/it\/wp-json\/wp\/v2\/types\/product"}],"replies":[{"embeddable":true,"href":"https:\/\/thelyflabs.com\/it\/wp-json\/wp\/v2\/comments?post=11589"}],"wp:featuredmedia":[{"embeddable":true,"href":"https:\/\/thelyflabs.com\/it\/wp-json\/wp\/v2\/media\/16963"}],"wp:attachment":[{"href":"https:\/\/thelyflabs.com\/it\/wp-json\/wp\/v2\/media?parent=11589"}],"wp:term":[{"taxonomy":"product_brand","embeddable":true,"href":"https:\/\/thelyflabs.com\/it\/wp-json\/wp\/v2\/product_brand?post=11589"},{"taxonomy":"product_cat","embeddable":true,"href":"https:\/\/thelyflabs.com\/it\/wp-json\/wp\/v2\/product_cat?post=11589"},{"taxonomy":"product_tag","embeddable":true,"href":"https:\/\/thelyflabs.com\/it\/wp-json\/wp\/v2\/product_tag?post=11589"}],"curies":[{"name":"parola chiave","href":"https:\/\/api.w.org\/{rel}","templated":true}]}}