{"id":11778,"date":"2025-05-12T22:20:11","date_gmt":"2025-05-12T20:20:11","guid":{"rendered":"https:\/\/thelyflabs.com\/?post_type=product&#038;p=11778"},"modified":"2026-03-20T10:40:51","modified_gmt":"2026-03-20T09:40:51","slug":"vaper-stv-good-vibes-strawberry-1ml-sativanol","status":"publish","type":"product","link":"https:\/\/thelyflabs.com\/it\/product\/vaper-stv-good-vibes-strawberry-1ml-sativanol","title":{"rendered":"Vaper STV \u2013 Good Vibes Fragola 1ml (Sativanol)"},"content":{"rendered":"<h2 data-start=\"3497\" data-end=\"3571\"><strong>Vaper STV Good Vibes Fragola \u2013 CBD 40%, CBG 30% e Sativanolo (STV)<\/strong><\/h2>\n<p data-start=\"3573\" data-end=\"3846\">Il profilo naturale della fragola <strong data-start=\"3604\" data-end=\"3629\">Buone vibrazioni alla fragola<\/strong> \u00c8 dolce, morbido e facile da gustare. La sua miscela con <strong data-start=\"3682\" data-end=\"3689\">STV<\/strong>, <strong data-start=\"3691\" data-end=\"3702\">CBD 40%<\/strong> E <strong data-start=\"3705\" data-end=\"3716\">CBG 30%<\/strong> rendendolo l&#039;alleato perfetto per chi cerca un sapore classico e una sensazione funzionale, senza THC, nicotina o effetti pesanti.<\/p>\n<h4><strong>Che cosa \u00e8 STV?<\/strong><\/h4>\n<p><strong>STV \u2013 La Super Sativa<\/strong> \u00e8 un <strong>derivato dall&#039;ultima generazione di canapa e recentemente scoperto<\/strong>, un cannabinoide semisintetico progettato per offrire potenza e funzionalit\u00e0 senza pari. \u00c8 assolutamente unico: offre pura euforia, una chiarezza mentale simile a quella della Sativa e un elevato senso di benessere.<\/p>\n<p>Utilizzando la scienza all&#039;avanguardia, abbiamo isolato un nuovo cannabinoide dalla canapa e apportato precise modifiche semisintetiche per potenziarne gli effetti. Il risultato? Un&#039;esperienza cannabinoide senza precedenti, creata per chi cerca il meglio che l&#039;industria della canapa ha da offrire in termini di funzionalit\u00e0 ed effetto Sativa.<\/p>\n<p><strong>STV o Sativanolo <\/strong>A differenza di qualsiasi altro cannabinoide attualmente disponibile, offre un&#039;esperienza stimolante senza contenere THC, THCP, HHC o altri analoghi tradizionali.<\/p>\n<p><strong>Propriet\u00e0 chiave<\/strong><\/p>\n<ul>\n<li><strong>Nessuna tolleranza nota<\/strong>A differenza dei composti a base di THC, gli effetti rimangono costanti nel tempo.<\/li>\n<li><strong>Inizio medio, durata moderata<\/strong>:Gli effetti iniziano entro 10-30 minuti dall&#039;uso, durano 3-4 ore e non provocano sonnolenza il giorno successivo.<\/li>\n<li><strong>Potenziale potenziatore di altri cannabinoidi<\/strong>: Pu\u00f2 amplificare gli effetti di altri cannabinoidi e composti in formulazioni combinate.<\/li>\n<\/ul>\n<p><strong>Perch\u00e9 l&#039;STV \u00e8 diverso dagli altri cannabinoidi?<\/strong><\/p>\n<p>I cannabinoidi tradizionali presentano diverse limitazioni: il THC provoca alterazioni, il THCP crea rapidamente tolleranza e l&#039;HHC produce effetti incoerenti.<\/p>\n<p>STV, d&#039;altra parte, la Super Sativa, \u00e8 una vera svolta. Offre un&#039;esperienza controllata e prevedibile, senza gli svantaggi dei cannabinoidi tradizionali.<\/p>\n<h4><strong>Cos&#039;\u00e8 una sigaretta elettronica usa e getta?<\/strong><\/h4>\n<p>Le sigarette elettroniche usa e getta, note anche come pod usa e getta, vaporizzatori usa e getta o sigarette elettroniche, sono dispositivi di svapo a &quot;penna&quot; molto comodi e pratici, dotati di una batteria integrata che non richiede una batteria esterna n\u00e9 un contenitore per il liquido. N\u00e9 la batteria n\u00e9 il liquido devono essere ricaricati. Sono dispositivi progettati per raggiungere un numero specifico di tiri, solitamente specificato all&#039;esterno del prodotto.<\/p>\n<h4><strong>Come utilizzare Good Vibes Vape?<\/strong><\/h4>\n<p>La nostra penna svapante usa e getta STV Good Vibes Vape \u00e8 pronta all&#039;uso. Basta rimuoverla dalla custodia, posizionarla sulle labbra e inalare delicatamente. Non necessita di ricarica, n\u00e9 con liquido n\u00e9 con batteria, quindi \u00e8 ideale da portare con s\u00e9 ovunque.<\/p>\n<p>Per risultati ottimali, conserva la tua sigaretta elettronica usa e getta in posizione verticale a temperatura ambiente, lontano dalla luce solare e in un luogo fresco e sicuro.<\/p>\n<h4><strong>Good Vibes Vape ti fa sballare?<\/strong><\/h4>\n<p>Come il THC, l&#039;STV offre a molte persone un effetto piacevole quando assunto. Alcune persone segnalano effetti simili ai prodotti a base di THC convenzionali, ma non ci sono dati sufficienti per affermarlo con certezza. Non ci sono nemmeno dati sufficienti per stabilire se l&#039;assunzione di STV possa avere effetti collaterali negativi o addirittura effetti a lungo termine.<\/p>\n<div class=\"ewd-ufaq-faq-body\">\n<p>Tuttavia, in conformit\u00e0 con la legislazione spagnola vigente, non incoraggiamo in alcun modo l&#039;uso o l&#039;ingestione delle suddette sostanze. Non guidare veicoli a motore o utilizzare macchinari pesanti dopo l&#039;assunzione.<br \/>\nDestinato a scopi industriali, tecnici e orticoli.<\/p>\n<p>Questo \u00e8 un oggetto da collezione. Non adatto al consumo diretto o al fumo.<\/p>\n<\/div>\n<p>Questo prodotto non contiene cannabinoidi inclusi nell&#039;Allegato 1 del Regio Decreto 2829\/1977, aggiornato dall&#039;Ordinanza SND\/380\/2025, del 14 aprile, n\u00e9 sostanze controllate dalla Convenzione unica sugli stupefacenti del 1961 e dalla Convenzione sulle sostanze psicotrope del 1971.<\/p>\n<hr data-start=\"2500\" data-end=\"2503\" \/>\n<h3 data-start=\"2505\" data-end=\"2560\"><strong>California Style Hemp \u2013 Buone vibrazioni ad ogni tiro<\/strong><\/h3>\n<p data-start=\"109\" data-end=\"379\"><a href=\"https:\/\/thelyflabs.com\/it\/product-category\/california-style-hemp\/\"><strong>Canapa in stile californiano<\/strong><\/a> E&#039; la linea di <strong data-start=\"155\" data-end=\"171\">Fumo di iguana<\/strong> che porta lo spirito libero della West Coast direttamente nei tuoi momenti di relax. Aromi intensi, sensazioni morbide e un&#039;esperienza pensata per chi vive con stile, senza fretta e con la mente libera.<\/p>\n<p data-start=\"381\" data-end=\"543\">Perfetto per la compagnia quotidiana, l&#039;ispirazione o semplicemente per alleviare lo stress. Senza nicotina, senza THC, senza complicazioni. Solo buone vibrazioni, in ogni boccata.<\/p>\n<p data-start=\"545\" data-end=\"630\">Con <strong data-start=\"549\" data-end=\"569\">Stile californiano<\/strong>, ogni giorno ti senti un po&#039; pi\u00f9 leggero, pi\u00f9 tuo, pi\u00f9 libero.<\/p>","protected":false},"excerpt":{"rendered":"<h4><strong>STV California Style Good Vibes Vape monouso al gusto di fragola (Sativanol)<\/strong><\/h4>\n<p>Contiene STV, CBD, CBG e aroma di fragola.<\/p>\n<h5><strong>Caratteristiche<\/strong><\/h5>\n<ul>\n<li>Dimensioni: 94mmx19mmx9mm<\/li>\n<li>Batteria: 380 mAh<\/li>\n<li>Capacit\u00e0: 1 ml<\/li>\n<li>Sbuffi: fino a 300<\/li>\n<li>Terpeni naturali di alta qualit\u00e0<\/li>\n<li>STV (Sativanolo)<\/li>\n<li>CBD: 40%<\/li>\n<li>Codice a barre: 30%<\/li>\n<li>THC: 0%<\/li>\n<li>Numero di serie: 0%<\/li>\n<li>THC-P: 0%<\/li>\n<li>Nicotina: 0%<\/li>\n<li>Non contiene VG, PG, PEG, MCT o altri agenti di taglio<\/li>\n<\/ul>\n<p>Tutti i nostri prodotti derivano da canapa industriale certificata. Contengono meno dello 0,3% di THC e non contengono cannabinoidi illegali come HHC, HHC-P, THCP, THCP-O, H4CBD o i loro derivati. Puoi consultare <a href=\"https:\/\/iguanasmoke.com\/analiticas\/\" target=\"_blank\" rel=\"noopener\">Certificato di analisi qui<\/a><\/p>","protected":false},"featured_media":11875,"comment_status":"open","ping_status":"closed","template":"","meta":{"_acf_changed":false,"site-sidebar-layout":"default","site-content-layout":"","ast-site-content-layout":"default","site-content-style":"default","site-sidebar-style":"default","ast-global-header-display":"","ast-banner-title-visibility":"","ast-main-header-display":"","ast-hfb-above-header-display":"","ast-hfb-below-header-display":"","ast-hfb-mobile-header-display":"","site-post-title":"","ast-breadcrumbs-content":"","ast-featured-img":"","footer-sml-layout":"","theme-transparent-header-meta":"default","adv-header-id-meta":"","stick-header-meta":"","header-above-stick-meta":"","header-main-stick-meta":"","header-below-stick-meta":"","astra-migrate-meta-layouts":"set","ast-page-background-enabled":"default","ast-page-background-meta":{"desktop":{"background-color":"var(--ast-global-color-4)","background-image":"","background-repeat":"repeat","background-position":"center center","background-size":"auto","background-attachment":"scroll","background-type":"","background-media":"","overlay-type":"","overlay-color":"","overlay-opacity":"","overlay-gradient":""},"tablet":{"background-color":"","background-image":"","background-repeat":"repeat","background-position":"center center","background-size":"auto","background-attachment":"scroll","background-type":"","background-media":"","overlay-type":"","overlay-color":"","overlay-opacity":"","overlay-gradient":""},"mobile":{"background-color":"","background-image":"","background-repeat":"repeat","background-position":"center center","background-size":"auto","background-attachment":"scroll","background-type":"","background-media":"","overlay-type":"","overlay-color":"","overlay-opacity":"","overlay-gradient":""}},"ast-content-background-meta":{"desktop":{"background-color":"var(--ast-global-color-5)","background-image":"","background-repeat":"repeat","background-position":"center center","background-size":"auto","background-attachment":"scroll","background-type":"","background-media":"","overlay-type":"","overlay-color":"","overlay-opacity":"","overlay-gradient":""},"tablet":{"background-color":"var(--ast-global-color-5)","background-image":"","background-repeat":"repeat","background-position":"center center","background-size":"auto","background-attachment":"scroll","background-type":"","background-media":"","overlay-type":"","overlay-color":"","overlay-opacity":"","overlay-gradient":""},"mobile":{"background-color":"var(--ast-global-color-5)","background-image":"","background-repeat":"repeat","background-position":"center center","background-size":"auto","background-attachment":"scroll","background-type":"","background-media":"","overlay-type":"","overlay-color":"","overlay-opacity":"","overlay-gradient":""}}},"product_brand":[],"product_cat":[67,146,143,138],"product_tag":[],"class_list":{"0":"post-11778","1":"product","2":"type-product","3":"status-publish","4":"has-post-thumbnail","6":"product_cat-california-style-hemp","7":"product_cat-nuevas-moleculas","8":"product_cat-stv","9":"product_cat-stv-sativanol","10":"desktop-align-center","11":"tablet-align-left","12":"mobile-align-left","14":"first","15":"outofstock","16":"taxable","17":"shipping-taxable","18":"purchasable","19":"product-type-simple"},"acf":[],"yoast_head":"<!-- This site is optimized with the Yoast SEO plugin v27.3 - https:\/\/yoast.com\/product\/yoast-seo-wordpress\/ -->\n<title>Vaper STV - Good Vibes Strawberry 1ml (Sativanol) - THE LYF LABS<\/title>\n<meta name=\"description\" content=\"Compra tu vaper STV California Style Good Vibes sabor Strawberry . Efecto claro sin THC ni nicotina. \u00a1Activa tu mente con la potencia de la Super Sativa!\" \/>\n<meta name=\"robots\" content=\"index, follow, max-snippet:-1, max-image-preview:large, max-video-preview:-1\" \/>\n<link rel=\"canonical\" href=\"https:\/\/thelyflabs.com\/it\/product\/vaper-stv-good-vibes-strawberry-1ml-sativanol\/\" \/>\n<meta property=\"og:locale\" content=\"it_IT\" \/>\n<meta property=\"og:type\" content=\"article\" \/>\n<meta property=\"og:title\" content=\"Vaper STV - Good Vibes Strawberry 1ml (Sativanol) - THE LYF LABS\" \/>\n<meta property=\"og:description\" content=\"Compra tu vaper STV California Style Good Vibes sabor Strawberry . Efecto claro sin THC ni nicotina. \u00a1Activa tu mente con la potencia de la Super Sativa!\" \/>\n<meta property=\"og:url\" content=\"https:\/\/thelyflabs.com\/it\/product\/vaper-stv-good-vibes-strawberry-1ml-sativanol\/\" \/>\n<meta property=\"og:site_name\" content=\"THE LYF LABS\" \/>\n<meta property=\"article:modified_time\" content=\"2026-03-20T09:40:51+00:00\" \/>\n<meta property=\"og:image\" content=\"https:\/\/thelyflabs.com\/wp-content\/uploads\/2025\/05\/bolsa-california-Vape-Strawberry-con-Vape-2025.webp\" \/>\n\t<meta property=\"og:image:width\" content=\"1000\" \/>\n\t<meta property=\"og:image:height\" content=\"1000\" \/>\n\t<meta property=\"og:image:type\" content=\"image\/webp\" \/>\n<meta name=\"twitter:card\" content=\"summary_large_image\" \/>\n<meta name=\"twitter:label1\" content=\"Tempo di lettura stimato\" \/>\n\t<meta name=\"twitter:data1\" content=\"4 minuti\" \/>\n<script type=\"application\/ld+json\" class=\"yoast-schema-graph\">{\"@context\":\"https:\\\/\\\/schema.org\",\"@graph\":[{\"@type\":\"WebPage\",\"@id\":\"https:\\\/\\\/thelyflabs.com\\\/product\\\/vaper-stv-good-vibes-strawberry-1ml-sativanol\",\"url\":\"https:\\\/\\\/thelyflabs.com\\\/product\\\/vaper-stv-good-vibes-strawberry-1ml-sativanol\",\"name\":\"Vaper STV - Good Vibes Strawberry 1ml (Sativanol) - THE LYF LABS\",\"isPartOf\":{\"@id\":\"https:\\\/\\\/thelyflabs.com\\\/#website\"},\"primaryImageOfPage\":{\"@id\":\"https:\\\/\\\/thelyflabs.com\\\/product\\\/vaper-stv-good-vibes-strawberry-1ml-sativanol#primaryimage\"},\"image\":{\"@id\":\"https:\\\/\\\/thelyflabs.com\\\/product\\\/vaper-stv-good-vibes-strawberry-1ml-sativanol#primaryimage\"},\"thumbnailUrl\":\"https:\\\/\\\/thelyflabs.com\\\/wp-content\\\/uploads\\\/2025\\\/05\\\/bolsa-california-Vape-Strawberry-con-Vape-2025.webp\",\"datePublished\":\"2025-05-12T20:20:11+00:00\",\"dateModified\":\"2026-03-20T09:40:51+00:00\",\"description\":\"Compra tu vaper STV California Style Good Vibes sabor Strawberry . Efecto claro sin THC ni nicotina. \u00a1Activa tu mente con la potencia de la Super Sativa!\",\"breadcrumb\":{\"@id\":\"https:\\\/\\\/thelyflabs.com\\\/product\\\/vaper-stv-good-vibes-strawberry-1ml-sativanol#breadcrumb\"},\"inLanguage\":\"it-IT\",\"potentialAction\":[{\"@type\":\"ReadAction\",\"target\":[\"https:\\\/\\\/thelyflabs.com\\\/product\\\/vaper-stv-good-vibes-strawberry-1ml-sativanol\"]}]},{\"@type\":\"ImageObject\",\"inLanguage\":\"it-IT\",\"@id\":\"https:\\\/\\\/thelyflabs.com\\\/product\\\/vaper-stv-good-vibes-strawberry-1ml-sativanol#primaryimage\",\"url\":\"https:\\\/\\\/thelyflabs.com\\\/wp-content\\\/uploads\\\/2025\\\/05\\\/bolsa-california-Vape-Strawberry-con-Vape-2025.webp\",\"contentUrl\":\"https:\\\/\\\/thelyflabs.com\\\/wp-content\\\/uploads\\\/2025\\\/05\\\/bolsa-california-Vape-Strawberry-con-Vape-2025.webp\",\"width\":1000,\"height\":1000},{\"@type\":\"BreadcrumbList\",\"@id\":\"https:\\\/\\\/thelyflabs.com\\\/product\\\/vaper-stv-good-vibes-strawberry-1ml-sativanol#breadcrumb\",\"itemListElement\":[{\"@type\":\"ListItem\",\"position\":1,\"name\":\"Portada\",\"item\":\"https:\\\/\\\/thelyflabs.com\\\/\"},{\"@type\":\"ListItem\",\"position\":2,\"name\":\"Tienda\",\"item\":\"https:\\\/\\\/thelyflabs.com\\\/tienda\"},{\"@type\":\"ListItem\",\"position\":3,\"name\":\"Vaper STV &#8211; Good Vibes Strawberry 1ml (Sativanol)\"}]},{\"@type\":\"WebSite\",\"@id\":\"https:\\\/\\\/thelyflabs.com\\\/#website\",\"url\":\"https:\\\/\\\/thelyflabs.com\\\/\",\"name\":\"The LYF Labs\",\"description\":\"CBD al por mayor\",\"publisher\":{\"@id\":\"https:\\\/\\\/thelyflabs.com\\\/#organization\"},\"potentialAction\":[{\"@type\":\"SearchAction\",\"target\":{\"@type\":\"EntryPoint\",\"urlTemplate\":\"https:\\\/\\\/thelyflabs.com\\\/?s={search_term_string}\"},\"query-input\":{\"@type\":\"PropertyValueSpecification\",\"valueRequired\":true,\"valueName\":\"search_term_string\"}}],\"inLanguage\":\"it-IT\"},{\"@type\":\"Organization\",\"@id\":\"https:\\\/\\\/thelyflabs.com\\\/#organization\",\"name\":\"The LYF Labs\",\"url\":\"https:\\\/\\\/thelyflabs.com\\\/\",\"logo\":{\"@type\":\"ImageObject\",\"inLanguage\":\"it-IT\",\"@id\":\"https:\\\/\\\/thelyflabs.com\\\/#\\\/schema\\\/logo\\\/image\\\/\",\"url\":\"https:\\\/\\\/thelyflabs.com\\\/wp-content\\\/uploads\\\/2023\\\/01\\\/cropped-LogoTheLYFLabs.png\",\"contentUrl\":\"https:\\\/\\\/thelyflabs.com\\\/wp-content\\\/uploads\\\/2023\\\/01\\\/cropped-LogoTheLYFLabs.png\",\"width\":600,\"height\":180,\"caption\":\"The LYF Labs\"},\"image\":{\"@id\":\"https:\\\/\\\/thelyflabs.com\\\/#\\\/schema\\\/logo\\\/image\\\/\"}}]}<\/script>\n<!-- \/ Yoast SEO plugin. -->","yoast_head_json":{"title":"Vaper STV - Good Vibes Strawberry 1ml (Sativanol) - THE LYF LABS","description":"Compra tu vaper STV California Style Good Vibes sabor Strawberry . Efecto claro sin THC ni nicotina. \u00a1Activa tu mente con la potencia de la Super Sativa!","robots":{"index":"index","follow":"follow","max-snippet":"max-snippet:-1","max-image-preview":"max-image-preview:large","max-video-preview":"max-video-preview:-1"},"canonical":"https:\/\/thelyflabs.com\/it\/product\/vaper-stv-good-vibes-strawberry-1ml-sativanol\/","og_locale":"it_IT","og_type":"article","og_title":"Vaper STV - Good Vibes Strawberry 1ml (Sativanol) - THE LYF LABS","og_description":"Compra tu vaper STV California Style Good Vibes sabor Strawberry . Efecto claro sin THC ni nicotina. \u00a1Activa tu mente con la potencia de la Super Sativa!","og_url":"https:\/\/thelyflabs.com\/it\/product\/vaper-stv-good-vibes-strawberry-1ml-sativanol\/","og_site_name":"THE LYF LABS","article_modified_time":"2026-03-20T09:40:51+00:00","og_image":[{"width":1000,"height":1000,"url":"https:\/\/thelyflabs.com\/wp-content\/uploads\/2025\/05\/bolsa-california-Vape-Strawberry-con-Vape-2025.webp","type":"image\/webp"}],"twitter_card":"summary_large_image","twitter_misc":{"Tempo di lettura stimato":"4 minuti"},"schema":{"@context":"https:\/\/schema.org","@graph":[{"@type":"WebPage","@id":"https:\/\/thelyflabs.com\/product\/vaper-stv-good-vibes-strawberry-1ml-sativanol","url":"https:\/\/thelyflabs.com\/product\/vaper-stv-good-vibes-strawberry-1ml-sativanol","name":"Vaper STV - Good Vibes Strawberry 1ml (Sativanol) - THE LYF LABS","isPartOf":{"@id":"https:\/\/thelyflabs.com\/#website"},"primaryImageOfPage":{"@id":"https:\/\/thelyflabs.com\/product\/vaper-stv-good-vibes-strawberry-1ml-sativanol#primaryimage"},"image":{"@id":"https:\/\/thelyflabs.com\/product\/vaper-stv-good-vibes-strawberry-1ml-sativanol#primaryimage"},"thumbnailUrl":"https:\/\/thelyflabs.com\/wp-content\/uploads\/2025\/05\/bolsa-california-Vape-Strawberry-con-Vape-2025.webp","datePublished":"2025-05-12T20:20:11+00:00","dateModified":"2026-03-20T09:40:51+00:00","description":"Compra tu vaper STV California Style Good Vibes sabor Strawberry . Efecto claro sin THC ni nicotina. \u00a1Activa tu mente con la potencia de la Super Sativa!","breadcrumb":{"@id":"https:\/\/thelyflabs.com\/product\/vaper-stv-good-vibes-strawberry-1ml-sativanol#breadcrumb"},"inLanguage":"it-IT","potentialAction":[{"@type":"ReadAction","target":["https:\/\/thelyflabs.com\/product\/vaper-stv-good-vibes-strawberry-1ml-sativanol"]}]},{"@type":"ImageObject","inLanguage":"it-IT","@id":"https:\/\/thelyflabs.com\/product\/vaper-stv-good-vibes-strawberry-1ml-sativanol#primaryimage","url":"https:\/\/thelyflabs.com\/wp-content\/uploads\/2025\/05\/bolsa-california-Vape-Strawberry-con-Vape-2025.webp","contentUrl":"https:\/\/thelyflabs.com\/wp-content\/uploads\/2025\/05\/bolsa-california-Vape-Strawberry-con-Vape-2025.webp","width":1000,"height":1000},{"@type":"BreadcrumbList","@id":"https:\/\/thelyflabs.com\/product\/vaper-stv-good-vibes-strawberry-1ml-sativanol#breadcrumb","itemListElement":[{"@type":"ListItem","position":1,"name":"Portada","item":"https:\/\/thelyflabs.com\/"},{"@type":"ListItem","position":2,"name":"Tienda","item":"https:\/\/thelyflabs.com\/tienda"},{"@type":"ListItem","position":3,"name":"Vaper STV &#8211; Good Vibes Strawberry 1ml (Sativanol)"}]},{"@type":"WebSite","@id":"https:\/\/thelyflabs.com\/#website","url":"https:\/\/thelyflabs.com\/","name":"I laboratori LYF","description":"CBD all&#039;ingrosso","publisher":{"@id":"https:\/\/thelyflabs.com\/#organization"},"potentialAction":[{"@type":"SearchAction","target":{"@type":"EntryPoint","urlTemplate":"https:\/\/thelyflabs.com\/?s={search_term_string}"},"query-input":{"@type":"PropertyValueSpecification","valueRequired":true,"valueName":"search_term_string"}}],"inLanguage":"it-IT"},{"@type":"Organization","@id":"https:\/\/thelyflabs.com\/#organization","name":"I laboratori LYF","url":"https:\/\/thelyflabs.com\/","logo":{"@type":"ImageObject","inLanguage":"it-IT","@id":"https:\/\/thelyflabs.com\/#\/schema\/logo\/image\/","url":"https:\/\/thelyflabs.com\/wp-content\/uploads\/2023\/01\/cropped-LogoTheLYFLabs.png","contentUrl":"https:\/\/thelyflabs.com\/wp-content\/uploads\/2023\/01\/cropped-LogoTheLYFLabs.png","width":600,"height":180,"caption":"The LYF Labs"},"image":{"@id":"https:\/\/thelyflabs.com\/#\/schema\/logo\/image\/"}}]}},"_links":{"self":[{"href":"https:\/\/thelyflabs.com\/it\/wp-json\/wp\/v2\/product\/11778","targetHints":{"allow":["GET"]}}],"collection":[{"href":"https:\/\/thelyflabs.com\/it\/wp-json\/wp\/v2\/product"}],"about":[{"href":"https:\/\/thelyflabs.com\/it\/wp-json\/wp\/v2\/types\/product"}],"replies":[{"embeddable":true,"href":"https:\/\/thelyflabs.com\/it\/wp-json\/wp\/v2\/comments?post=11778"}],"wp:featuredmedia":[{"embeddable":true,"href":"https:\/\/thelyflabs.com\/it\/wp-json\/wp\/v2\/media\/11875"}],"wp:attachment":[{"href":"https:\/\/thelyflabs.com\/it\/wp-json\/wp\/v2\/media?parent=11778"}],"wp:term":[{"taxonomy":"product_brand","embeddable":true,"href":"https:\/\/thelyflabs.com\/it\/wp-json\/wp\/v2\/product_brand?post=11778"},{"taxonomy":"product_cat","embeddable":true,"href":"https:\/\/thelyflabs.com\/it\/wp-json\/wp\/v2\/product_cat?post=11778"},{"taxonomy":"product_tag","embeddable":true,"href":"https:\/\/thelyflabs.com\/it\/wp-json\/wp\/v2\/product_tag?post=11778"}],"curies":[{"name":"parola chiave","href":"https:\/\/api.w.org\/{rel}","templated":true}]}}