{"id":11938,"date":"2025-05-13T23:53:06","date_gmt":"2025-05-13T21:53:06","guid":{"rendered":"https:\/\/thelyflabs.com\/?post_type=product&#038;p=11938"},"modified":"2026-05-05T17:51:03","modified_gmt":"2026-05-05T15:51:03","slug":"cartucho-desechable-stv-sativanol-amnesia","status":"publish","type":"product","link":"https:\/\/thelyflabs.com\/it\/product\/cartucho-desechable-stv-sativanol-amnesia","title":{"rendered":"Cartuccia monouso STV Sativanol \u2013 Amnesia"},"content":{"rendered":"<h1 class=\"\" data-start=\"215\" data-end=\"260\">Cartuccia monouso STV Sativanol \u2013 Amnesia<\/h1>\n<p class=\"\" data-start=\"262\" data-end=\"413\"><strong data-start=\"262\" data-end=\"413\">Attiva la tua mente. Risveglia il tuo flusso. Scopri STV al gusto Amnesia, la variet\u00e0 pi\u00f9 agrumata e cerebrale del settore. Solo da Iguana Smoke, il tuo negozio di relax.<\/strong><\/p>\n<p class=\"\" data-start=\"415\" data-end=\"799\">Lui <strong data-start=\"418\" data-end=\"465\">Cartuccia monouso STV Sativanol \u2013 Amnesia<\/strong> \u00c8 puro dinamismo. Questo pod pre-riempito \u00e8 formulato con <strong data-start=\"537\" data-end=\"556\">Sativanolo (STV)<\/strong>, un cannabinoide di nuova generazione che ti porta a un altro livello senza bisogno di THC. Aggiungi a questo l&#039;aroma vibrante del leggendario <strong data-start=\"692\" data-end=\"703\">Amnesia<\/strong>, una variet\u00e0 di terpeni agrumati e note erbacee che rivitalizza corpo e mente ad ogni tiro.<\/p>\n<p class=\"\" data-start=\"801\" data-end=\"931\">Ideale per chi cerca una spinta mentale senza pesantezza o annebbiamento. Dai una boccata d&#039;aria fresca alla tua testa senza staccare i piedi da terra.<\/p>\n<h3 class=\"\" data-start=\"938\" data-end=\"957\">Che cosa \u00e8 STV?<\/h3>\n<p class=\"\" data-start=\"959\" data-end=\"1271\"><strong data-start=\"959\" data-end=\"978\">Sativanolo (STV)<\/strong> \u00c8 un cannabinoide semisintetico innovativo, estratto dalla canapa e ottimizzato per generare effetti funzionali, chiari e stabili. Non \u00e8 THC, ma il suo impatto \u00e8 altrettanto potente e molto pi\u00f9 pratico. Non crea tolleranza, non ti lascia gi\u00f9 e ti accompagna ogni giorno come un buon amico.<\/p>\n<p class=\"\" data-start=\"1273\" data-end=\"1296\"><strong data-start=\"1273\" data-end=\"1296\">Vantaggi di STV:<\/strong><\/p>\n<ul data-start=\"1297\" data-end=\"1497\">\n<li class=\"\" data-start=\"1297\" data-end=\"1330\">\n<p class=\"\" data-start=\"1299\" data-end=\"1330\">Euforia concentrata, senza paranoia.<\/p>\n<\/li>\n<li class=\"\" data-start=\"1331\" data-end=\"1361\">\n<p class=\"\" data-start=\"1333\" data-end=\"1361\">Maggiore concentrazione.<\/p>\n<\/li>\n<li class=\"\" data-start=\"1362\" data-end=\"1401\">\n<p class=\"\" data-start=\"1364\" data-end=\"1401\">Nessun crash o sonnolenza in seguito.<\/p>\n<\/li>\n<li class=\"\" data-start=\"1402\" data-end=\"1448\">\n<p class=\"\" data-start=\"1404\" data-end=\"1448\">Effetto costante anche con un uso continuato.<\/p>\n<\/li>\n<li class=\"\" data-start=\"1449\" data-end=\"1497\">\n<p class=\"\" data-start=\"1451\" data-end=\"1497\">Completamente privo di THC, HHC, THCP e analoghi.<\/p>\n<\/li>\n<\/ul>\n<p class=\"\" data-start=\"1499\" data-end=\"1602\"><strong data-start=\"1499\" data-end=\"1521\">Acquista STV online<\/strong> \u00c8 l&#039;opzione pi\u00f9 sicura per godersi uno sballo moderno, legale e funzionale.<\/p>\n<h3 class=\"\" data-start=\"1609\" data-end=\"1642\">Profilo terpenico di Amnesia<\/h3>\n<p class=\"\" data-start=\"1644\" data-end=\"1883\">La tensione <strong data-start=\"1652\" data-end=\"1663\">Amnesia<\/strong> \u00c8 una delle variet\u00e0 di cannabis pi\u00f9 riconosciute al mondo per il suo aroma agrumato, fresco e leggermente speziato, con un effetto Sativa cerebrale e frizzante. La sua combinazione di terpeni crea un&#039;esperienza aromatica esplosiva:<\/p>\n<ul data-start=\"1885\" data-end=\"2040\">\n<li class=\"\" data-start=\"1885\" data-end=\"1935\">\n<p class=\"\" data-start=\"1887\" data-end=\"1935\"><strong data-start=\"1887\" data-end=\"1899\">Limonene<\/strong>: citrico, energizzante e antistress.<\/p>\n<\/li>\n<li class=\"\" data-start=\"1936\" data-end=\"1981\">\n<p class=\"\" data-start=\"1938\" data-end=\"1981\"><strong data-start=\"1938\" data-end=\"1949\">Mircene<\/strong>: erbaceo, con un tocco calmante.<\/p>\n<\/li>\n<li class=\"\" data-start=\"1982\" data-end=\"2040\">\n<p class=\"\" data-start=\"1984\" data-end=\"2040\"><strong data-start=\"1984\" data-end=\"1999\">Terpinolene<\/strong>: floreale e complesso, con un tocco mentale.<\/p>\n<\/li>\n<\/ul>\n<p class=\"\" data-start=\"2042\" data-end=\"2169\">Il risultato \u00e8 un sapore pulito, fresco e stimolante, ideale per iniziare la giornata o per stimolare la creativit\u00e0 in qualsiasi momento.<\/p>\n<h3 class=\"\" data-start=\"2176\" data-end=\"2211\">Che cosa \u00e8 una cartuccia monouso?<\/h3>\n<p class=\"\" data-start=\"2213\" data-end=\"2403\">UN <strong data-start=\"2216\" data-end=\"2249\">cartuccia o capsula monouso<\/strong> \u00c8 un sistema di svapo plug-and-play. Lo colleghi alla tua batteria con attacco 510 (quella standard), lo usi e, quando \u00e8 scarico, lo butti via. Niente ricariche, niente problemi. Dai una seconda vita ai tuoi pod. Quando li hai finiti, portali in un punto di raccolta differenziata.<\/p>\n<p class=\"\" data-start=\"2405\" data-end=\"2476\">Lui <strong data-start=\"2408\" data-end=\"2444\">Cartuccia STV Sativanol \u2013 Amnesia<\/strong> \u00c8 disponibile in due misure:<\/p>\n<ul data-start=\"2477\" data-end=\"2540\">\n<li class=\"\" data-start=\"2477\" data-end=\"2508\">\n<p class=\"\" data-start=\"2479\" data-end=\"2508\"><strong data-start=\"2479\" data-end=\"2487\">1 ml<\/strong> \u2013 Fino a 300 boccate.<\/p>\n<\/li>\n<li class=\"\" data-start=\"2509\" data-end=\"2540\">\n<p class=\"\" data-start=\"2511\" data-end=\"2540\"><strong data-start=\"2511\" data-end=\"2519\">2 ml<\/strong> \u2013 Fino a 600 boccate.<\/p>\n<\/li>\n<\/ul>\n<p class=\"\" data-start=\"2542\" data-end=\"2666\">Prodotto con estratto di canapa biologica, senza solventi o additivi insoliti. Solo cannabinoidi funzionali e un sapore ineguagliabile.<\/p>\n<h3 class=\"\" data-start=\"2673\" data-end=\"2717\">Perch\u00e9 scegliere STV Sativanol \u2013 Amnesia?<\/h3>\n<p class=\"\" data-start=\"2719\" data-end=\"2897\"><strong data-start=\"2719\" data-end=\"2740\">Acquista STV vaper<\/strong> Significa portare in tasca la tecnologia della cannabis del futuro. Non c&#039;\u00e8 THC, ma c&#039;\u00e8 un effetto. Non c&#039;\u00e8 fumo, ma c&#039;\u00e8 una nuvola. Non c&#039;\u00e8 dubbio: questa cartuccia \u00e8 puro fuoco.<\/p>\n<p class=\"\" data-start=\"2899\" data-end=\"2918\"><strong data-start=\"2899\" data-end=\"2918\">Vantaggi principali:<\/strong><\/p>\n<ul data-start=\"2919\" data-end=\"3163\">\n<li class=\"\" data-start=\"2919\" data-end=\"2960\">\n<p class=\"\" data-start=\"2921\" data-end=\"2960\">STV senza THC o sostanze controllate.<\/p>\n<\/li>\n<li class=\"\" data-start=\"2961\" data-end=\"3014\">\n<p class=\"\" data-start=\"2963\" data-end=\"3014\">Aroma di agrumi di alta qualit\u00e0 ispirato alla variet\u00e0 Amnesia.<\/p>\n<\/li>\n<li class=\"\" data-start=\"3015\" data-end=\"3066\">\n<p class=\"\" data-start=\"3017\" data-end=\"3066\">Compatibile con tutti gli svapatori dotati di attacco 510.<\/p>\n<\/li>\n<li class=\"\" data-start=\"3067\" data-end=\"3115\">\n<p class=\"\" data-start=\"3069\" data-end=\"3115\">Effetti stimolanti senza accumulo di tolleranza.<\/p>\n<\/li>\n<li class=\"\" data-start=\"3116\" data-end=\"3163\">\n<p class=\"\" data-start=\"3118\" data-end=\"3163\">Ideale per l&#039;uso in qualsiasi momento della giornata.<\/p>\n<\/li>\n<\/ul>\n<p class=\"\" data-start=\"3165\" data-end=\"3305\">Che tu la utilizzi per concentrarti, socializzare o semplicemente per lasciarti trasportare dallo stile, questa cartuccia ti seguir\u00e0 senza prosciugare le tue energie.<\/p>\n<h3 class=\"\" data-start=\"3312\" data-end=\"3342\">Dove acquistare STV online?<\/h3>\n<p class=\"\" data-start=\"3344\" data-end=\"3489\">In <strong data-start=\"3347\" data-end=\"3363\">Fumo di iguana<\/strong>, ovviamente. Qui puoi <strong data-start=\"3384\" data-end=\"3408\">acquista la cartuccia STV<\/strong> con il gusto Amnesia e l&#039;intera gamma di Sativanol con spedizione veloce e garanzia di freschezza.<\/p>\n<p class=\"\" data-start=\"3491\" data-end=\"3498\">Oltretutto:<\/p>\n<ul data-start=\"3499\" data-end=\"3669\">\n<li class=\"\" data-start=\"3499\" data-end=\"3552\">\n<p class=\"\" data-start=\"3501\" data-end=\"3552\"><strong data-start=\"3501\" data-end=\"3528\">Acquista capsule senza THC<\/strong> con un effetto di tipo Sativa.<\/p>\n<\/li>\n<li class=\"\" data-start=\"3553\" data-end=\"3611\">\n<p class=\"\" data-start=\"3555\" data-end=\"3611\"><strong data-start=\"3555\" data-end=\"3591\">Acquista una cartuccia di THC alternativa<\/strong>, legali e funzionali.<\/p>\n<\/li>\n<li class=\"\" data-start=\"3612\" data-end=\"3669\">\n<p class=\"\" data-start=\"3614\" data-end=\"3669\"><strong data-start=\"3614\" data-end=\"3642\">Acquista STV Vape online<\/strong>, senza problemi n\u00e9 sorprese.<\/p>\n<\/li>\n<\/ul>\n<p class=\"\" data-start=\"3671\" data-end=\"3733\">Tutto legale, tutto potente, tutto stiloso. Perch\u00e9 ne vali la pena.<\/p>\n<h3 class=\"\" data-start=\"3740\" data-end=\"3798\">STV Sativanol \u2013 Amnesia: chiarezza mentale, sapore brutale<\/h3>\n<p class=\"\" data-start=\"3800\" data-end=\"3990\">Non c&#039;\u00e8 pi\u00f9 bisogno di impazzire per raggiungere un&#039;esperienza mentale e sensoriale di altissimo livello. La STV di Amnesia, arricchita di terpeni, ti prepara a qualsiasi cosa ti capiti: lavoro, palestra, arte o semplicemente divertimento.<\/p>\n<p class=\"\" data-start=\"3992\" data-end=\"4053\">Compatto, pulito e potente. <strong data-start=\"4020\" data-end=\"4053\">Il tuo nuovo rituale inizia qui.<\/strong><\/p>\n<hr class=\"\" data-start=\"4055\" data-end=\"4058\" \/>\n<p class=\"\" data-start=\"4060\" data-end=\"4142\"><strong data-start=\"4060\" data-end=\"4142\">Questo prodotto \u00e8 un oggetto da collezione. Non adatto alla combustione o al consumo diretto.<\/strong><\/p>\n<p class=\"\" data-start=\"4144\" data-end=\"4309\"><strong data-start=\"4144\" data-end=\"4309\">Non contiene cannabinoidi inclusi nell&#039;Allegato I del Regio Decreto 2829\/1977 n\u00e9 sostanze controllate dalla Convenzione Unica del 1961 o dalla Convenzione del 1971.<\/strong><\/p>","protected":false},"excerpt":{"rendered":"<h4>Cartuccia monouso STV Sativanol \u2013 Amnesia<\/h4>\n<h4><strong>Caratteristiche<\/strong><\/h4>\n<ul>\n<li>Collegamento: tipo 510<\/li>\n<li>Capacit\u00e0: <span style=\"font-size: 16px\">1 ml \/ 2 ml<\/span><\/li>\n<li>Soffi: <span style=\"font-size: 16px\">300 \/ 600<\/span><\/li>\n<li>Terpeni naturali di alta qualit\u00e0<\/li>\n<li>STV (Sativanolo)<\/li>\n<li>CBD: 40%<\/li>\n<li>Codice a barre: 30%<\/li>\n<li>THC: 0%<\/li>\n<li>Numero di serie: 0%<\/li>\n<li>THC-P: 0%Nicotina: 0%<\/li>\n<li>Non contiene VG, PG, PEG, MCT o altri agenti di taglio. Tutti i nostri prodotti derivano da canapa industriale certificata. Contengono meno di 0,3% di THC e non contengono cannabinoidi illegali come HHC, HHC-P, THCP, THCP-O, H4CBD o i loro derivati. Puoi consultare <a href=\"https:\/\/iguanasmoke.com\/analiticas\/\" target=\"_blank\" rel=\"noopener\">Certificato di analisi qui<\/a><\/li>\n<\/ul>","protected":false},"featured_media":11932,"comment_status":"open","ping_status":"closed","template":"","meta":{"_acf_changed":false,"site-sidebar-layout":"default","site-content-layout":"","ast-site-content-layout":"default","site-content-style":"default","site-sidebar-style":"default","ast-global-header-display":"","ast-banner-title-visibility":"","ast-main-header-display":"","ast-hfb-above-header-display":"","ast-hfb-below-header-display":"","ast-hfb-mobile-header-display":"","site-post-title":"","ast-breadcrumbs-content":"","ast-featured-img":"","footer-sml-layout":"","theme-transparent-header-meta":"default","adv-header-id-meta":"","stick-header-meta":"","header-above-stick-meta":"","header-main-stick-meta":"","header-below-stick-meta":"","astra-migrate-meta-layouts":"set","ast-page-background-enabled":"default","ast-page-background-meta":{"desktop":{"background-color":"var(--ast-global-color-4)","background-image":"","background-repeat":"repeat","background-position":"center center","background-size":"auto","background-attachment":"scroll","background-type":"","background-media":"","overlay-type":"","overlay-color":"","overlay-opacity":"","overlay-gradient":""},"tablet":{"background-color":"","background-image":"","background-repeat":"repeat","background-position":"center center","background-size":"auto","background-attachment":"scroll","background-type":"","background-media":"","overlay-type":"","overlay-color":"","overlay-opacity":"","overlay-gradient":""},"mobile":{"background-color":"","background-image":"","background-repeat":"repeat","background-position":"center center","background-size":"auto","background-attachment":"scroll","background-type":"","background-media":"","overlay-type":"","overlay-color":"","overlay-opacity":"","overlay-gradient":""}},"ast-content-background-meta":{"desktop":{"background-color":"var(--ast-global-color-5)","background-image":"","background-repeat":"repeat","background-position":"center center","background-size":"auto","background-attachment":"scroll","background-type":"","background-media":"","overlay-type":"","overlay-color":"","overlay-opacity":"","overlay-gradient":""},"tablet":{"background-color":"var(--ast-global-color-5)","background-image":"","background-repeat":"repeat","background-position":"center center","background-size":"auto","background-attachment":"scroll","background-type":"","background-media":"","overlay-type":"","overlay-color":"","overlay-opacity":"","overlay-gradient":""},"mobile":{"background-color":"var(--ast-global-color-5)","background-image":"","background-repeat":"repeat","background-position":"center center","background-size":"auto","background-attachment":"scroll","background-type":"","background-media":"","overlay-type":"","overlay-color":"","overlay-opacity":"","overlay-gradient":""}}},"product_brand":[],"product_cat":[91,146,143,138],"product_tag":[],"class_list":{"0":"post-11938","1":"product","2":"type-product","3":"status-publish","4":"has-post-thumbnail","6":"product_cat-cartuchos","7":"product_cat-nuevas-moleculas","8":"product_cat-stv","9":"product_cat-stv-sativanol","10":"desktop-align-center","11":"tablet-align-left","12":"mobile-align-left","14":"first","15":"instock","16":"taxable","17":"shipping-taxable","18":"product-type-variable"},"acf":[],"yoast_head":"<!-- This site is optimized with the Yoast SEO plugin v27.5 - https:\/\/yoast.com\/product\/yoast-seo-wordpress\/ -->\n<title>Cartucho desechable STV Sativanol - Amnesia - THE LYF LABS<\/title>\n<meta name=\"description\" content=\"Cartucho Amnesia con STV Sativanol para venta mayorista. Perfil herbal y c\u00edtrico, sin THC. Formatos de 1 ml y 2 ml disponibles.\" \/>\n<meta name=\"robots\" content=\"index, follow, max-snippet:-1, max-image-preview:large, max-video-preview:-1\" \/>\n<link rel=\"canonical\" href=\"https:\/\/thelyflabs.com\/it\/product\/cartucho-desechable-stv-sativanol-amnesia\/\" \/>\n<meta property=\"og:locale\" content=\"it_IT\" \/>\n<meta property=\"og:type\" content=\"article\" \/>\n<meta property=\"og:title\" content=\"Cartucho desechable STV Sativanol - Amnesia - THE LYF LABS\" \/>\n<meta property=\"og:description\" content=\"Cartucho Amnesia con STV Sativanol para venta mayorista. Perfil herbal y c\u00edtrico, sin THC. Formatos de 1 ml y 2 ml disponibles.\" \/>\n<meta property=\"og:url\" content=\"https:\/\/thelyflabs.com\/it\/product\/cartucho-desechable-stv-sativanol-amnesia\/\" \/>\n<meta property=\"og:site_name\" content=\"THE LYF LABS\" \/>\n<meta property=\"article:modified_time\" content=\"2026-05-05T15:51:03+00:00\" \/>\n<meta property=\"og:image\" content=\"https:\/\/thelyflabs.com\/wp-content\/uploads\/2025\/05\/Bolsa-Cart-HHC-Amnesia-bolsa-2025-1.webp\" \/>\n\t<meta property=\"og:image:width\" content=\"1000\" \/>\n\t<meta property=\"og:image:height\" content=\"1000\" \/>\n\t<meta property=\"og:image:type\" content=\"image\/webp\" \/>\n<meta name=\"twitter:card\" content=\"summary_large_image\" \/>\n<meta name=\"twitter:label1\" content=\"Tempo di lettura stimato\" \/>\n\t<meta name=\"twitter:data1\" content=\"4 minuti\" \/>\n<script type=\"application\/ld+json\" class=\"yoast-schema-graph\">{\"@context\":\"https:\\\/\\\/schema.org\",\"@graph\":[{\"@type\":\"WebPage\",\"@id\":\"https:\\\/\\\/thelyflabs.com\\\/product\\\/cartucho-desechable-stv-sativanol-amnesia\",\"url\":\"https:\\\/\\\/thelyflabs.com\\\/product\\\/cartucho-desechable-stv-sativanol-amnesia\",\"name\":\"Cartucho desechable STV Sativanol - Amnesia - THE LYF LABS\",\"isPartOf\":{\"@id\":\"https:\\\/\\\/thelyflabs.com\\\/#website\"},\"primaryImageOfPage\":{\"@id\":\"https:\\\/\\\/thelyflabs.com\\\/product\\\/cartucho-desechable-stv-sativanol-amnesia#primaryimage\"},\"image\":{\"@id\":\"https:\\\/\\\/thelyflabs.com\\\/product\\\/cartucho-desechable-stv-sativanol-amnesia#primaryimage\"},\"thumbnailUrl\":\"https:\\\/\\\/thelyflabs.com\\\/wp-content\\\/uploads\\\/2025\\\/05\\\/Bolsa-Cart-HHC-Amnesia-bolsa-2025-1.webp\",\"datePublished\":\"2025-05-13T21:53:06+00:00\",\"dateModified\":\"2026-05-05T15:51:03+00:00\",\"description\":\"Cartucho Amnesia con STV Sativanol para venta mayorista. Perfil herbal y c\u00edtrico, sin THC. Formatos de 1 ml y 2 ml disponibles.\",\"breadcrumb\":{\"@id\":\"https:\\\/\\\/thelyflabs.com\\\/product\\\/cartucho-desechable-stv-sativanol-amnesia#breadcrumb\"},\"inLanguage\":\"it-IT\",\"potentialAction\":[{\"@type\":\"ReadAction\",\"target\":[\"https:\\\/\\\/thelyflabs.com\\\/product\\\/cartucho-desechable-stv-sativanol-amnesia\"]}]},{\"@type\":\"ImageObject\",\"inLanguage\":\"it-IT\",\"@id\":\"https:\\\/\\\/thelyflabs.com\\\/product\\\/cartucho-desechable-stv-sativanol-amnesia#primaryimage\",\"url\":\"https:\\\/\\\/thelyflabs.com\\\/wp-content\\\/uploads\\\/2025\\\/05\\\/Bolsa-Cart-HHC-Amnesia-bolsa-2025-1.webp\",\"contentUrl\":\"https:\\\/\\\/thelyflabs.com\\\/wp-content\\\/uploads\\\/2025\\\/05\\\/Bolsa-Cart-HHC-Amnesia-bolsa-2025-1.webp\",\"width\":1000,\"height\":1000},{\"@type\":\"BreadcrumbList\",\"@id\":\"https:\\\/\\\/thelyflabs.com\\\/product\\\/cartucho-desechable-stv-sativanol-amnesia#breadcrumb\",\"itemListElement\":[{\"@type\":\"ListItem\",\"position\":1,\"name\":\"Portada\",\"item\":\"https:\\\/\\\/thelyflabs.com\\\/\"},{\"@type\":\"ListItem\",\"position\":2,\"name\":\"Tienda\",\"item\":\"https:\\\/\\\/thelyflabs.com\\\/tienda\"},{\"@type\":\"ListItem\",\"position\":3,\"name\":\"Cartucho desechable STV Sativanol &#8211; Amnesia\"}]},{\"@type\":\"WebSite\",\"@id\":\"https:\\\/\\\/thelyflabs.com\\\/#website\",\"url\":\"https:\\\/\\\/thelyflabs.com\\\/\",\"name\":\"The LYF Labs\",\"description\":\"CBD al por mayor\",\"publisher\":{\"@id\":\"https:\\\/\\\/thelyflabs.com\\\/#organization\"},\"potentialAction\":[{\"@type\":\"SearchAction\",\"target\":{\"@type\":\"EntryPoint\",\"urlTemplate\":\"https:\\\/\\\/thelyflabs.com\\\/?s={search_term_string}\"},\"query-input\":{\"@type\":\"PropertyValueSpecification\",\"valueRequired\":true,\"valueName\":\"search_term_string\"}}],\"inLanguage\":\"it-IT\"},{\"@type\":\"Organization\",\"@id\":\"https:\\\/\\\/thelyflabs.com\\\/#organization\",\"name\":\"The LYF Labs\",\"url\":\"https:\\\/\\\/thelyflabs.com\\\/\",\"logo\":{\"@type\":\"ImageObject\",\"inLanguage\":\"it-IT\",\"@id\":\"https:\\\/\\\/thelyflabs.com\\\/#\\\/schema\\\/logo\\\/image\\\/\",\"url\":\"https:\\\/\\\/thelyflabs.com\\\/wp-content\\\/uploads\\\/2023\\\/01\\\/cropped-LogoTheLYFLabs.png\",\"contentUrl\":\"https:\\\/\\\/thelyflabs.com\\\/wp-content\\\/uploads\\\/2023\\\/01\\\/cropped-LogoTheLYFLabs.png\",\"width\":600,\"height\":180,\"caption\":\"The LYF Labs\"},\"image\":{\"@id\":\"https:\\\/\\\/thelyflabs.com\\\/#\\\/schema\\\/logo\\\/image\\\/\"}}]}<\/script>\n<!-- \/ Yoast SEO plugin. -->","yoast_head_json":{"title":"Cartucho desechable STV Sativanol - Amnesia - THE LYF LABS","description":"Cartucho Amnesia con STV Sativanol para venta mayorista. Perfil herbal y c\u00edtrico, sin THC. Formatos de 1 ml y 2 ml disponibles.","robots":{"index":"index","follow":"follow","max-snippet":"max-snippet:-1","max-image-preview":"max-image-preview:large","max-video-preview":"max-video-preview:-1"},"canonical":"https:\/\/thelyflabs.com\/it\/product\/cartucho-desechable-stv-sativanol-amnesia\/","og_locale":"it_IT","og_type":"article","og_title":"Cartucho desechable STV Sativanol - Amnesia - THE LYF LABS","og_description":"Cartucho Amnesia con STV Sativanol para venta mayorista. Perfil herbal y c\u00edtrico, sin THC. Formatos de 1 ml y 2 ml disponibles.","og_url":"https:\/\/thelyflabs.com\/it\/product\/cartucho-desechable-stv-sativanol-amnesia\/","og_site_name":"THE LYF LABS","article_modified_time":"2026-05-05T15:51:03+00:00","og_image":[{"width":1000,"height":1000,"url":"https:\/\/thelyflabs.com\/wp-content\/uploads\/2025\/05\/Bolsa-Cart-HHC-Amnesia-bolsa-2025-1.webp","type":"image\/webp"}],"twitter_card":"summary_large_image","twitter_misc":{"Tempo di lettura stimato":"4 minuti"},"schema":{"@context":"https:\/\/schema.org","@graph":[{"@type":"WebPage","@id":"https:\/\/thelyflabs.com\/product\/cartucho-desechable-stv-sativanol-amnesia","url":"https:\/\/thelyflabs.com\/product\/cartucho-desechable-stv-sativanol-amnesia","name":"Cartucho desechable STV Sativanol - Amnesia - THE LYF LABS","isPartOf":{"@id":"https:\/\/thelyflabs.com\/#website"},"primaryImageOfPage":{"@id":"https:\/\/thelyflabs.com\/product\/cartucho-desechable-stv-sativanol-amnesia#primaryimage"},"image":{"@id":"https:\/\/thelyflabs.com\/product\/cartucho-desechable-stv-sativanol-amnesia#primaryimage"},"thumbnailUrl":"https:\/\/thelyflabs.com\/wp-content\/uploads\/2025\/05\/Bolsa-Cart-HHC-Amnesia-bolsa-2025-1.webp","datePublished":"2025-05-13T21:53:06+00:00","dateModified":"2026-05-05T15:51:03+00:00","description":"Cartucho Amnesia con STV Sativanol para venta mayorista. Perfil herbal y c\u00edtrico, sin THC. Formatos de 1 ml y 2 ml disponibles.","breadcrumb":{"@id":"https:\/\/thelyflabs.com\/product\/cartucho-desechable-stv-sativanol-amnesia#breadcrumb"},"inLanguage":"it-IT","potentialAction":[{"@type":"ReadAction","target":["https:\/\/thelyflabs.com\/product\/cartucho-desechable-stv-sativanol-amnesia"]}]},{"@type":"ImageObject","inLanguage":"it-IT","@id":"https:\/\/thelyflabs.com\/product\/cartucho-desechable-stv-sativanol-amnesia#primaryimage","url":"https:\/\/thelyflabs.com\/wp-content\/uploads\/2025\/05\/Bolsa-Cart-HHC-Amnesia-bolsa-2025-1.webp","contentUrl":"https:\/\/thelyflabs.com\/wp-content\/uploads\/2025\/05\/Bolsa-Cart-HHC-Amnesia-bolsa-2025-1.webp","width":1000,"height":1000},{"@type":"BreadcrumbList","@id":"https:\/\/thelyflabs.com\/product\/cartucho-desechable-stv-sativanol-amnesia#breadcrumb","itemListElement":[{"@type":"ListItem","position":1,"name":"Portada","item":"https:\/\/thelyflabs.com\/"},{"@type":"ListItem","position":2,"name":"Tienda","item":"https:\/\/thelyflabs.com\/tienda"},{"@type":"ListItem","position":3,"name":"Cartucho desechable STV Sativanol &#8211; Amnesia"}]},{"@type":"WebSite","@id":"https:\/\/thelyflabs.com\/#website","url":"https:\/\/thelyflabs.com\/","name":"I laboratori LYF","description":"CBD all&#039;ingrosso","publisher":{"@id":"https:\/\/thelyflabs.com\/#organization"},"potentialAction":[{"@type":"SearchAction","target":{"@type":"EntryPoint","urlTemplate":"https:\/\/thelyflabs.com\/?s={search_term_string}"},"query-input":{"@type":"PropertyValueSpecification","valueRequired":true,"valueName":"search_term_string"}}],"inLanguage":"it-IT"},{"@type":"Organization","@id":"https:\/\/thelyflabs.com\/#organization","name":"I laboratori LYF","url":"https:\/\/thelyflabs.com\/","logo":{"@type":"ImageObject","inLanguage":"it-IT","@id":"https:\/\/thelyflabs.com\/#\/schema\/logo\/image\/","url":"https:\/\/thelyflabs.com\/wp-content\/uploads\/2023\/01\/cropped-LogoTheLYFLabs.png","contentUrl":"https:\/\/thelyflabs.com\/wp-content\/uploads\/2023\/01\/cropped-LogoTheLYFLabs.png","width":600,"height":180,"caption":"The LYF Labs"},"image":{"@id":"https:\/\/thelyflabs.com\/#\/schema\/logo\/image\/"}}]}},"_links":{"self":[{"href":"https:\/\/thelyflabs.com\/it\/wp-json\/wp\/v2\/product\/11938","targetHints":{"allow":["GET"]}}],"collection":[{"href":"https:\/\/thelyflabs.com\/it\/wp-json\/wp\/v2\/product"}],"about":[{"href":"https:\/\/thelyflabs.com\/it\/wp-json\/wp\/v2\/types\/product"}],"replies":[{"embeddable":true,"href":"https:\/\/thelyflabs.com\/it\/wp-json\/wp\/v2\/comments?post=11938"}],"wp:featuredmedia":[{"embeddable":true,"href":"https:\/\/thelyflabs.com\/it\/wp-json\/wp\/v2\/media\/11932"}],"wp:attachment":[{"href":"https:\/\/thelyflabs.com\/it\/wp-json\/wp\/v2\/media?parent=11938"}],"wp:term":[{"taxonomy":"product_brand","embeddable":true,"href":"https:\/\/thelyflabs.com\/it\/wp-json\/wp\/v2\/product_brand?post=11938"},{"taxonomy":"product_cat","embeddable":true,"href":"https:\/\/thelyflabs.com\/it\/wp-json\/wp\/v2\/product_cat?post=11938"},{"taxonomy":"product_tag","embeddable":true,"href":"https:\/\/thelyflabs.com\/it\/wp-json\/wp\/v2\/product_tag?post=11938"}],"curies":[{"name":"parola chiave","href":"https:\/\/api.w.org\/{rel}","templated":true}]}}