{"id":11939,"date":"2025-05-13T23:53:07","date_gmt":"2025-05-13T21:53:07","guid":{"rendered":"https:\/\/thelyflabs.com\/?post_type=product&#038;p=11939"},"modified":"2026-04-08T11:55:23","modified_gmt":"2026-04-08T09:55:23","slug":"cartucho-desechable-stv-sativanol-gorilla-glue","status":"publish","type":"product","link":"https:\/\/thelyflabs.com\/it\/product\/cartucho-desechable-stv-sativanol-gorilla-glue","title":{"rendered":"Cartuccia monouso STV Sativanol \u2013 Gorilla Glue"},"content":{"rendered":"<h1 class=\"\" data-start=\"219\" data-end=\"269\">Cartuccia monouso STV Sativanol \u2013 Gorilla Glue<\/h1>\n<p class=\"\" data-start=\"271\" data-end=\"413\"><strong data-start=\"271\" data-end=\"413\">Colpisce forte. Colpisce bene. Scopri STV con il gusto Gorilla Glue e abbinalo al tuo lato pi\u00f9 potente. Solo da Iguana Smoke, il tuo negozio di fiducia.<\/strong><\/p>\n<p class=\"\" data-start=\"415\" data-end=\"819\">Lui <strong data-start=\"455\" data-end=\"507\">Cartuccia monouso STV Sativanol \u2013 Gorilla Glue<\/strong> arriva per rivoluzionare la tua routine. Questa capsula preriempita combina il potere stimolante di STV con l&#039;iconico profilo aromatico di <strong data-start=\"638\" data-end=\"654\">Gorilla Glue<\/strong>, una variet\u00e0 leggendaria nota per la sua intensit\u00e0, la profondit\u00e0 terrosa e le note agrumate e appiccicose. Una miscela che connette mente e corpo senza disconnetterti dal mondo.<\/p>\n<h3 class=\"\" data-start=\"821\" data-end=\"840\">Che cosa \u00e8 STV?<\/h3>\n<p class=\"\" data-start=\"842\" data-end=\"1151\"><strong data-start=\"842\" data-end=\"861\">STV (Sativanolo)<\/strong> Si tratta di un cannabinoide di nuova generazione derivato dalla canapa. Prodotto con tecniche semisintetiche di precisione, questo composto \u00e8 stato sviluppato per offrire un&#039;esperienza limpida, energizzante e stabile, senza i tipici effetti collaterali del THC o di analoghi come HHC e THCP.<\/p>\n<p class=\"\" data-start=\"1153\" data-end=\"1285\">Se stai cercando <strong data-start=\"1171\" data-end=\"1193\">acquista STV online<\/strong>Con effetti stimolanti ma senza paranoia o postumi di una sbornia, questa cartuccia \u00e8 per te.<\/p>\n<p class=\"\" data-start=\"1287\" data-end=\"1310\"><strong data-start=\"1287\" data-end=\"1310\">Vantaggi di STV:<\/strong><\/p>\n<ul data-start=\"1311\" data-end=\"1499\">\n<li class=\"\" data-start=\"1311\" data-end=\"1341\">\n<p class=\"\" data-start=\"1313\" data-end=\"1341\">Euforia lucida e motivante.<\/p>\n<\/li>\n<li class=\"\" data-start=\"1381\" data-end=\"1409\">\n<p class=\"\" data-start=\"1383\" data-end=\"1409\">Nessuna sonnolenza in seguito.<\/p>\n<\/li>\n<li class=\"\" data-start=\"1410\" data-end=\"1457\">\n<p class=\"\" data-start=\"1412\" data-end=\"1457\">Tolleranza stabile anche con uso frequente.<\/p>\n<\/li>\n<li class=\"\" data-start=\"1458\" data-end=\"1499\">\n<p class=\"\" data-start=\"1460\" data-end=\"1499\">Senza THC, THCP e HHC.<\/p>\n<\/li>\n<\/ul>\n<p class=\"\" data-start=\"1501\" data-end=\"1656\">La formula STV \u00e8 ideale per chi ha bisogno di essere attivo, creativo o semplicemente desidera godersi un momento di lucidit\u00e0 mentale senza disconnettersi.<\/p>\n<h3 class=\"\" data-start=\"1663\" data-end=\"1701\">Profilo terpenico di Gorilla Glue<\/h3>\n<p class=\"\" data-start=\"1703\" data-end=\"1936\">La tensione <strong data-start=\"1711\" data-end=\"1727\">Gorilla Glue<\/strong> (noto anche come GG4) \u00e8 famoso per il suo effetto &quot;collante&quot; \u2013 non letteralmente, ovviamente \u2013 che lascia corpo e mente incollati al momento, ma con STV, l&#039;effetto \u00e8 funzionale e vigile. Il suo profilo terpenico include:<\/p>\n<ul data-start=\"1937\" data-end=\"2130\">\n<li class=\"\" data-start=\"1937\" data-end=\"2005\">\n<p class=\"\" data-start=\"1939\" data-end=\"2005\"><strong data-start=\"1939\" data-end=\"1954\">Cariofillene<\/strong>: piccante, piccante, con propriet\u00e0 stimolanti.<\/p>\n<\/li>\n<li class=\"\" data-start=\"2006\" data-end=\"2065\">\n<p class=\"\" data-start=\"2008\" data-end=\"2065\"><strong data-start=\"2008\" data-end=\"2020\">Limonene<\/strong>: un profumo agrumato che solleva l&#039;umore.<\/p>\n<\/li>\n<li class=\"\" data-start=\"2066\" data-end=\"2130\">\n<p class=\"\" data-start=\"2068\" data-end=\"2130\"><strong data-start=\"2068\" data-end=\"2080\">Umulene<\/strong>: tocco terroso ed erbaceo, con effetto equilibrante.<\/p>\n<\/li>\n<\/ul>\n<p class=\"\" data-start=\"2132\" data-end=\"2336\">Il risultato \u00e8 uno svapo robusto con un <strong data-start=\"2183\" data-end=\"2232\">aroma che unisce terra umida, pino e limone<\/strong>Se amate l&#039;intensit\u00e0 aromatica e il sapore autentico dei fiori, questa cartuccia vi piacer\u00e0.<\/p>\n<hr class=\"\" data-start=\"2338\" data-end=\"2341\" \/>\n<h3 class=\"\" data-start=\"2343\" data-end=\"2378\">Che cosa \u00e8 una cartuccia monouso?<\/h3>\n<p class=\"\" data-start=\"2380\" data-end=\"2632\">UN <strong data-start=\"2383\" data-end=\"2406\">cartuccia monouso<\/strong> (noto anche come <em data-start=\"2430\" data-end=\"2446\">carrello o capsula<\/em>) \u00e8 un contenitore pre-riempito con liquido per svapo. Si collega a una batteria a vite. <strong data-start=\"2533\" data-end=\"2540\">510<\/strong> \u2014lo standard del settore\u2014 e viene smaltito al termine del ciclo di vita. Facile, pulito e senza manutenzione.<\/p>\n<p class=\"\" data-start=\"2634\" data-end=\"2698\">Lui <strong data-start=\"2637\" data-end=\"2678\">Cartuccia STV Sativanol \u2013 Gorilla Glue<\/strong> \u00e8 disponibile in:<\/p>\n<ul data-start=\"2699\" data-end=\"2762\">\n<li class=\"\" data-start=\"2699\" data-end=\"2730\">\n<p class=\"\" data-start=\"2701\" data-end=\"2730\"><strong data-start=\"2701\" data-end=\"2709\">1 ml<\/strong> \u2013 Fino a 300 boccate.<\/p>\n<\/li>\n<li class=\"\" data-start=\"2731\" data-end=\"2762\">\n<p class=\"\" data-start=\"2733\" data-end=\"2762\"><strong data-start=\"2733\" data-end=\"2741\">2 ml<\/strong> \u2013 Fino a 600 boccate.<\/p>\n<\/li>\n<\/ul>\n<p class=\"\" data-start=\"2764\" data-end=\"2916\">Goditi un e-liquid di prima qualit\u00e0, privo di impurit\u00e0, con un profilo aromatico complesso e potente che ti regala un&#039;esperienza intensa senza compromettere la limpidezza.<\/p>\n<h3 class=\"\" data-start=\"2970\" data-end=\"3019\">Perch\u00e9 scegliere STV Sativanol \u2013 Gorilla Glue?<\/h3>\n<p class=\"\" data-start=\"3021\" data-end=\"3224\"><strong data-start=\"3021\" data-end=\"3042\">Acquista STV vaper<\/strong> \u00c8 per chi cerca il meglio dello svapo alternativo. Non contiene THC n\u00e9 derivati classici, ma gli effetti sono paragonabili a quelli dei prodotti pi\u00f9 grandi: pi\u00f9 controllo, pi\u00f9 concentrazione e meno cali di umore.<\/p>\n<p class=\"\" data-start=\"3226\" data-end=\"3265\"><strong data-start=\"3226\" data-end=\"3265\">Cosa rende questa cartuccia speciale:<\/strong><\/p>\n<ul data-start=\"3266\" data-end=\"3495\">\n<li class=\"\" data-start=\"3266\" data-end=\"3309\">\n<p class=\"\" data-start=\"3268\" data-end=\"3309\">Contiene STV Sativanol 100% senza THC.<\/p>\n<\/li>\n<li class=\"\" data-start=\"3310\" data-end=\"3349\">\n<p class=\"\" data-start=\"3312\" data-end=\"3349\">Profilo aromatico Gorilla Glue Premium.<\/p>\n<\/li>\n<li class=\"\" data-start=\"3350\" data-end=\"3384\">\n<p class=\"\" data-start=\"3352\" data-end=\"3384\">Compatibile con 510 dispositivi.<\/p>\n<\/li>\n<li class=\"\" data-start=\"3385\" data-end=\"3420\">\n<p class=\"\" data-start=\"3387\" data-end=\"3420\">Non genera tolleranza cumulativa.<\/p>\n<\/li>\n<li class=\"\" data-start=\"3421\" data-end=\"3453\">\n<p class=\"\" data-start=\"3423\" data-end=\"3453\">Realizzato con canapa biologica.<\/p>\n<\/li>\n<\/ul>\n<p class=\"\" data-start=\"3497\" data-end=\"3649\">Che tu sia un neofita dei cannabinoidi o un veterano esperto, questa cartuccia ha tutto: sapore potente, effetto funzionale e design compatto.<\/p>\n<h3 class=\"\" data-start=\"3656\" data-end=\"3686\">Dove acquistare STV online?<\/h3>\n<p class=\"\" data-start=\"3688\" data-end=\"3786\">Proprio qui in <strong data-start=\"3703\" data-end=\"3719\">Fumo di iguana<\/strong>, il tuo negozio di fiducia. Puoi <strong data-start=\"3752\" data-end=\"3774\">acquista STV online<\/strong>, e anche:<\/p>\n<ul data-start=\"3787\" data-end=\"4076\">\n<li class=\"\" data-start=\"3787\" data-end=\"3837\">\n<p class=\"\" data-start=\"3789\" data-end=\"3837\"><strong data-start=\"3789\" data-end=\"3836\">Acquista la cartuccia STV con aroma Gorilla Glue<\/strong>.<\/p>\n<\/li>\n<li class=\"\" data-start=\"3838\" data-end=\"3906\">\n<p class=\"\" data-start=\"3840\" data-end=\"3906\"><strong data-start=\"3840\" data-end=\"3871\">Acquista capsule senza THC ma con un effetto simile<\/strong> (s\u00ec, \u00e8 pazzesco, ma \u00e8 reale).<\/p>\n<\/li>\n<\/ul>\n<p class=\"\" data-start=\"4078\" data-end=\"4201\">Spedizioni veloci, servizio cordiale e un negozio all&#039;avanguardia. Perch\u00e9 se vuoi svapare, fallo con stile e con le ultime novit\u00e0.<\/p>\n<h3 class=\"\" data-start=\"4208\" data-end=\"4280\">STV Sativanol \u2013 Gorilla Glue: quando vuoi pi\u00f9 di una semplice sigaretta elettronica<\/h3>\n<p class=\"\" data-start=\"4282\" data-end=\"4495\">Non hai pi\u00f9 bisogno di cercare formule dubbie per ottenere un buon effetto. Con questa cartuccia, STV ti d\u00e0 l&#039;energia e la concentrazione di cui hai bisogno, mentre l&#039;aroma Gorilla Glue ti connette con la canapa pi\u00f9 pura.<\/p>\n<p class=\"\" data-start=\"4497\" data-end=\"4591\">Portalo in tasca, usalo quando ti serve e goditi un momento che vale tre.<\/p>\n<hr class=\"\" data-start=\"4593\" data-end=\"4596\" \/>\n<p class=\"\" data-start=\"4598\" data-end=\"4680\"><strong data-start=\"4598\" data-end=\"4680\">Questo prodotto \u00e8 un oggetto da collezione. Non adatto alla combustione o al consumo diretto.<\/strong><\/p>\n<p class=\"\" data-start=\"4682\" data-end=\"4819\"><strong data-start=\"4682\" data-end=\"4819\">Non contiene cannabinoidi inclusi nell&#039;allegato I del Regio Decreto 2829\/1977 n\u00e9 sostanze controllate dalle convenzioni internazionali.<\/strong><\/p>","protected":false},"excerpt":{"rendered":"<h4>Cartuccia monouso STV Sativanol \u2013 Gorilla Glue<\/h4>\n<h4><strong>Caratteristiche<\/strong><\/h4>\n<ul>\n<li>Collegamento: tipo 510<\/li>\n<li>Capacit\u00e0: <span style=\"font-size: 16px\">1 ml \/ 2 ml<\/span><\/li>\n<li>Soffi: <span style=\"font-size: 16px\">300 \/ 600<\/span><\/li>\n<li>Terpeni naturali di alta qualit\u00e0<\/li>\n<li>STV (Sativanolo)<\/li>\n<li>CBD: 40%<\/li>\n<li>Codice a barre: 30%<\/li>\n<li>THC: 0%<\/li>\n<li>Numero di serie: 0%<\/li>\n<li>THC-P: 0%Nicotina: 0%<\/li>\n<li>Non contiene VG, PG, PEG, MCT o altri agenti di taglio. Tutti i nostri prodotti derivano da canapa industriale certificata. Contengono meno di 0,3% di THC e non contengono cannabinoidi illegali come HHC, HHC-P, THCP, THCP-O, H4CBD o i loro derivati. Puoi consultare <a href=\"https:\/\/iguanasmoke.com\/analiticas\/\" target=\"_blank\" rel=\"noopener\">Certificato di analisi qui<\/a><\/li>\n<\/ul>","protected":false},"featured_media":11933,"comment_status":"open","ping_status":"closed","template":"","meta":{"_acf_changed":false,"site-sidebar-layout":"default","site-content-layout":"","ast-site-content-layout":"default","site-content-style":"default","site-sidebar-style":"default","ast-global-header-display":"","ast-banner-title-visibility":"","ast-main-header-display":"","ast-hfb-above-header-display":"","ast-hfb-below-header-display":"","ast-hfb-mobile-header-display":"","site-post-title":"","ast-breadcrumbs-content":"","ast-featured-img":"","footer-sml-layout":"","theme-transparent-header-meta":"default","adv-header-id-meta":"","stick-header-meta":"","header-above-stick-meta":"","header-main-stick-meta":"","header-below-stick-meta":"","astra-migrate-meta-layouts":"set","ast-page-background-enabled":"default","ast-page-background-meta":{"desktop":{"background-color":"var(--ast-global-color-4)","background-image":"","background-repeat":"repeat","background-position":"center center","background-size":"auto","background-attachment":"scroll","background-type":"","background-media":"","overlay-type":"","overlay-color":"","overlay-opacity":"","overlay-gradient":""},"tablet":{"background-color":"","background-image":"","background-repeat":"repeat","background-position":"center center","background-size":"auto","background-attachment":"scroll","background-type":"","background-media":"","overlay-type":"","overlay-color":"","overlay-opacity":"","overlay-gradient":""},"mobile":{"background-color":"","background-image":"","background-repeat":"repeat","background-position":"center center","background-size":"auto","background-attachment":"scroll","background-type":"","background-media":"","overlay-type":"","overlay-color":"","overlay-opacity":"","overlay-gradient":""}},"ast-content-background-meta":{"desktop":{"background-color":"var(--ast-global-color-5)","background-image":"","background-repeat":"repeat","background-position":"center center","background-size":"auto","background-attachment":"scroll","background-type":"","background-media":"","overlay-type":"","overlay-color":"","overlay-opacity":"","overlay-gradient":""},"tablet":{"background-color":"var(--ast-global-color-5)","background-image":"","background-repeat":"repeat","background-position":"center center","background-size":"auto","background-attachment":"scroll","background-type":"","background-media":"","overlay-type":"","overlay-color":"","overlay-opacity":"","overlay-gradient":""},"mobile":{"background-color":"var(--ast-global-color-5)","background-image":"","background-repeat":"repeat","background-position":"center center","background-size":"auto","background-attachment":"scroll","background-type":"","background-media":"","overlay-type":"","overlay-color":"","overlay-opacity":"","overlay-gradient":""}}},"product_brand":[],"product_cat":[91,146,143,138],"product_tag":[],"class_list":{"0":"post-11939","1":"product","2":"type-product","3":"status-publish","4":"has-post-thumbnail","6":"product_cat-cartuchos","7":"product_cat-nuevas-moleculas","8":"product_cat-stv","9":"product_cat-stv-sativanol","10":"desktop-align-center","11":"tablet-align-left","12":"mobile-align-left","14":"first","15":"instock","16":"taxable","17":"shipping-taxable","18":"purchasable","19":"product-type-variable"},"acf":[],"yoast_head":"<!-- This site is optimized with the Yoast SEO plugin v27.3 - https:\/\/yoast.com\/product\/yoast-seo-wordpress\/ -->\n<title>Cartucho desechable STV Sativanol - Gorilla Glue - THE LYF LABS<\/title>\n<meta name=\"description\" content=\"Cartucho STV Sativanol Gorilla Glue para distribuidores. Sabor terroso y relajante, sin THC. Venta mayorista en formatos de 1 ml y 2 ml.\" \/>\n<meta name=\"robots\" content=\"index, follow, max-snippet:-1, max-image-preview:large, max-video-preview:-1\" \/>\n<link rel=\"canonical\" href=\"https:\/\/thelyflabs.com\/it\/product\/cartucho-desechable-stv-sativanol-gorilla-glue\/\" \/>\n<meta property=\"og:locale\" content=\"it_IT\" \/>\n<meta property=\"og:type\" content=\"article\" \/>\n<meta property=\"og:title\" content=\"Cartucho desechable STV Sativanol - Gorilla Glue - THE LYF LABS\" \/>\n<meta property=\"og:description\" content=\"Cartucho STV Sativanol Gorilla Glue para distribuidores. Sabor terroso y relajante, sin THC. Venta mayorista en formatos de 1 ml y 2 ml.\" \/>\n<meta property=\"og:url\" content=\"https:\/\/thelyflabs.com\/it\/product\/cartucho-desechable-stv-sativanol-gorilla-glue\/\" \/>\n<meta property=\"og:site_name\" content=\"THE LYF LABS\" \/>\n<meta property=\"article:modified_time\" content=\"2026-04-08T09:55:23+00:00\" \/>\n<meta property=\"og:image\" content=\"https:\/\/thelyflabs.com\/wp-content\/uploads\/2025\/05\/Bolsa-Cart-HHC-Gorilla-Glue-bolsa-2025.webp\" \/>\n\t<meta property=\"og:image:width\" content=\"1000\" \/>\n\t<meta property=\"og:image:height\" content=\"1000\" \/>\n\t<meta property=\"og:image:type\" content=\"image\/webp\" \/>\n<meta name=\"twitter:card\" content=\"summary_large_image\" \/>\n<meta name=\"twitter:label1\" content=\"Tempo di lettura stimato\" \/>\n\t<meta name=\"twitter:data1\" content=\"4 minuti\" \/>\n<script type=\"application\/ld+json\" class=\"yoast-schema-graph\">{\"@context\":\"https:\\\/\\\/schema.org\",\"@graph\":[{\"@type\":\"WebPage\",\"@id\":\"https:\\\/\\\/thelyflabs.com\\\/product\\\/cartucho-desechable-stv-sativanol-gorilla-glue\",\"url\":\"https:\\\/\\\/thelyflabs.com\\\/product\\\/cartucho-desechable-stv-sativanol-gorilla-glue\",\"name\":\"Cartucho desechable STV Sativanol - Gorilla Glue - THE LYF LABS\",\"isPartOf\":{\"@id\":\"https:\\\/\\\/thelyflabs.com\\\/#website\"},\"primaryImageOfPage\":{\"@id\":\"https:\\\/\\\/thelyflabs.com\\\/product\\\/cartucho-desechable-stv-sativanol-gorilla-glue#primaryimage\"},\"image\":{\"@id\":\"https:\\\/\\\/thelyflabs.com\\\/product\\\/cartucho-desechable-stv-sativanol-gorilla-glue#primaryimage\"},\"thumbnailUrl\":\"https:\\\/\\\/thelyflabs.com\\\/wp-content\\\/uploads\\\/2025\\\/05\\\/Bolsa-Cart-HHC-Gorilla-Glue-bolsa-2025.webp\",\"datePublished\":\"2025-05-13T21:53:07+00:00\",\"dateModified\":\"2026-04-08T09:55:23+00:00\",\"description\":\"Cartucho STV Sativanol Gorilla Glue para distribuidores. Sabor terroso y relajante, sin THC. Venta mayorista en formatos de 1 ml y 2 ml.\",\"breadcrumb\":{\"@id\":\"https:\\\/\\\/thelyflabs.com\\\/product\\\/cartucho-desechable-stv-sativanol-gorilla-glue#breadcrumb\"},\"inLanguage\":\"it-IT\",\"potentialAction\":[{\"@type\":\"ReadAction\",\"target\":[\"https:\\\/\\\/thelyflabs.com\\\/product\\\/cartucho-desechable-stv-sativanol-gorilla-glue\"]}]},{\"@type\":\"ImageObject\",\"inLanguage\":\"it-IT\",\"@id\":\"https:\\\/\\\/thelyflabs.com\\\/product\\\/cartucho-desechable-stv-sativanol-gorilla-glue#primaryimage\",\"url\":\"https:\\\/\\\/thelyflabs.com\\\/wp-content\\\/uploads\\\/2025\\\/05\\\/Bolsa-Cart-HHC-Gorilla-Glue-bolsa-2025.webp\",\"contentUrl\":\"https:\\\/\\\/thelyflabs.com\\\/wp-content\\\/uploads\\\/2025\\\/05\\\/Bolsa-Cart-HHC-Gorilla-Glue-bolsa-2025.webp\",\"width\":1000,\"height\":1000},{\"@type\":\"BreadcrumbList\",\"@id\":\"https:\\\/\\\/thelyflabs.com\\\/product\\\/cartucho-desechable-stv-sativanol-gorilla-glue#breadcrumb\",\"itemListElement\":[{\"@type\":\"ListItem\",\"position\":1,\"name\":\"Portada\",\"item\":\"https:\\\/\\\/thelyflabs.com\\\/\"},{\"@type\":\"ListItem\",\"position\":2,\"name\":\"Tienda\",\"item\":\"https:\\\/\\\/thelyflabs.com\\\/tienda\"},{\"@type\":\"ListItem\",\"position\":3,\"name\":\"Cartucho desechable STV Sativanol &#8211; Gorilla Glue\"}]},{\"@type\":\"WebSite\",\"@id\":\"https:\\\/\\\/thelyflabs.com\\\/#website\",\"url\":\"https:\\\/\\\/thelyflabs.com\\\/\",\"name\":\"The LYF Labs\",\"description\":\"CBD al por mayor\",\"publisher\":{\"@id\":\"https:\\\/\\\/thelyflabs.com\\\/#organization\"},\"potentialAction\":[{\"@type\":\"SearchAction\",\"target\":{\"@type\":\"EntryPoint\",\"urlTemplate\":\"https:\\\/\\\/thelyflabs.com\\\/?s={search_term_string}\"},\"query-input\":{\"@type\":\"PropertyValueSpecification\",\"valueRequired\":true,\"valueName\":\"search_term_string\"}}],\"inLanguage\":\"it-IT\"},{\"@type\":\"Organization\",\"@id\":\"https:\\\/\\\/thelyflabs.com\\\/#organization\",\"name\":\"The LYF Labs\",\"url\":\"https:\\\/\\\/thelyflabs.com\\\/\",\"logo\":{\"@type\":\"ImageObject\",\"inLanguage\":\"it-IT\",\"@id\":\"https:\\\/\\\/thelyflabs.com\\\/#\\\/schema\\\/logo\\\/image\\\/\",\"url\":\"https:\\\/\\\/thelyflabs.com\\\/wp-content\\\/uploads\\\/2023\\\/01\\\/cropped-LogoTheLYFLabs.png\",\"contentUrl\":\"https:\\\/\\\/thelyflabs.com\\\/wp-content\\\/uploads\\\/2023\\\/01\\\/cropped-LogoTheLYFLabs.png\",\"width\":600,\"height\":180,\"caption\":\"The LYF Labs\"},\"image\":{\"@id\":\"https:\\\/\\\/thelyflabs.com\\\/#\\\/schema\\\/logo\\\/image\\\/\"}}]}<\/script>\n<!-- \/ Yoast SEO plugin. -->","yoast_head_json":{"title":"Cartucho desechable STV Sativanol - Gorilla Glue - THE LYF LABS","description":"Cartucho STV Sativanol Gorilla Glue para distribuidores. Sabor terroso y relajante, sin THC. Venta mayorista en formatos de 1 ml y 2 ml.","robots":{"index":"index","follow":"follow","max-snippet":"max-snippet:-1","max-image-preview":"max-image-preview:large","max-video-preview":"max-video-preview:-1"},"canonical":"https:\/\/thelyflabs.com\/it\/product\/cartucho-desechable-stv-sativanol-gorilla-glue\/","og_locale":"it_IT","og_type":"article","og_title":"Cartucho desechable STV Sativanol - Gorilla Glue - THE LYF LABS","og_description":"Cartucho STV Sativanol Gorilla Glue para distribuidores. Sabor terroso y relajante, sin THC. Venta mayorista en formatos de 1 ml y 2 ml.","og_url":"https:\/\/thelyflabs.com\/it\/product\/cartucho-desechable-stv-sativanol-gorilla-glue\/","og_site_name":"THE LYF LABS","article_modified_time":"2026-04-08T09:55:23+00:00","og_image":[{"width":1000,"height":1000,"url":"https:\/\/thelyflabs.com\/wp-content\/uploads\/2025\/05\/Bolsa-Cart-HHC-Gorilla-Glue-bolsa-2025.webp","type":"image\/webp"}],"twitter_card":"summary_large_image","twitter_misc":{"Tempo di lettura stimato":"4 minuti"},"schema":{"@context":"https:\/\/schema.org","@graph":[{"@type":"WebPage","@id":"https:\/\/thelyflabs.com\/product\/cartucho-desechable-stv-sativanol-gorilla-glue","url":"https:\/\/thelyflabs.com\/product\/cartucho-desechable-stv-sativanol-gorilla-glue","name":"Cartucho desechable STV Sativanol - Gorilla Glue - THE LYF LABS","isPartOf":{"@id":"https:\/\/thelyflabs.com\/#website"},"primaryImageOfPage":{"@id":"https:\/\/thelyflabs.com\/product\/cartucho-desechable-stv-sativanol-gorilla-glue#primaryimage"},"image":{"@id":"https:\/\/thelyflabs.com\/product\/cartucho-desechable-stv-sativanol-gorilla-glue#primaryimage"},"thumbnailUrl":"https:\/\/thelyflabs.com\/wp-content\/uploads\/2025\/05\/Bolsa-Cart-HHC-Gorilla-Glue-bolsa-2025.webp","datePublished":"2025-05-13T21:53:07+00:00","dateModified":"2026-04-08T09:55:23+00:00","description":"Cartucho STV Sativanol Gorilla Glue para distribuidores. Sabor terroso y relajante, sin THC. Venta mayorista en formatos de 1 ml y 2 ml.","breadcrumb":{"@id":"https:\/\/thelyflabs.com\/product\/cartucho-desechable-stv-sativanol-gorilla-glue#breadcrumb"},"inLanguage":"it-IT","potentialAction":[{"@type":"ReadAction","target":["https:\/\/thelyflabs.com\/product\/cartucho-desechable-stv-sativanol-gorilla-glue"]}]},{"@type":"ImageObject","inLanguage":"it-IT","@id":"https:\/\/thelyflabs.com\/product\/cartucho-desechable-stv-sativanol-gorilla-glue#primaryimage","url":"https:\/\/thelyflabs.com\/wp-content\/uploads\/2025\/05\/Bolsa-Cart-HHC-Gorilla-Glue-bolsa-2025.webp","contentUrl":"https:\/\/thelyflabs.com\/wp-content\/uploads\/2025\/05\/Bolsa-Cart-HHC-Gorilla-Glue-bolsa-2025.webp","width":1000,"height":1000},{"@type":"BreadcrumbList","@id":"https:\/\/thelyflabs.com\/product\/cartucho-desechable-stv-sativanol-gorilla-glue#breadcrumb","itemListElement":[{"@type":"ListItem","position":1,"name":"Portada","item":"https:\/\/thelyflabs.com\/"},{"@type":"ListItem","position":2,"name":"Tienda","item":"https:\/\/thelyflabs.com\/tienda"},{"@type":"ListItem","position":3,"name":"Cartucho desechable STV Sativanol &#8211; Gorilla Glue"}]},{"@type":"WebSite","@id":"https:\/\/thelyflabs.com\/#website","url":"https:\/\/thelyflabs.com\/","name":"I laboratori LYF","description":"CBD all&#039;ingrosso","publisher":{"@id":"https:\/\/thelyflabs.com\/#organization"},"potentialAction":[{"@type":"SearchAction","target":{"@type":"EntryPoint","urlTemplate":"https:\/\/thelyflabs.com\/?s={search_term_string}"},"query-input":{"@type":"PropertyValueSpecification","valueRequired":true,"valueName":"search_term_string"}}],"inLanguage":"it-IT"},{"@type":"Organization","@id":"https:\/\/thelyflabs.com\/#organization","name":"I laboratori LYF","url":"https:\/\/thelyflabs.com\/","logo":{"@type":"ImageObject","inLanguage":"it-IT","@id":"https:\/\/thelyflabs.com\/#\/schema\/logo\/image\/","url":"https:\/\/thelyflabs.com\/wp-content\/uploads\/2023\/01\/cropped-LogoTheLYFLabs.png","contentUrl":"https:\/\/thelyflabs.com\/wp-content\/uploads\/2023\/01\/cropped-LogoTheLYFLabs.png","width":600,"height":180,"caption":"The LYF Labs"},"image":{"@id":"https:\/\/thelyflabs.com\/#\/schema\/logo\/image\/"}}]}},"_links":{"self":[{"href":"https:\/\/thelyflabs.com\/it\/wp-json\/wp\/v2\/product\/11939","targetHints":{"allow":["GET"]}}],"collection":[{"href":"https:\/\/thelyflabs.com\/it\/wp-json\/wp\/v2\/product"}],"about":[{"href":"https:\/\/thelyflabs.com\/it\/wp-json\/wp\/v2\/types\/product"}],"replies":[{"embeddable":true,"href":"https:\/\/thelyflabs.com\/it\/wp-json\/wp\/v2\/comments?post=11939"}],"wp:featuredmedia":[{"embeddable":true,"href":"https:\/\/thelyflabs.com\/it\/wp-json\/wp\/v2\/media\/11933"}],"wp:attachment":[{"href":"https:\/\/thelyflabs.com\/it\/wp-json\/wp\/v2\/media?parent=11939"}],"wp:term":[{"taxonomy":"product_brand","embeddable":true,"href":"https:\/\/thelyflabs.com\/it\/wp-json\/wp\/v2\/product_brand?post=11939"},{"taxonomy":"product_cat","embeddable":true,"href":"https:\/\/thelyflabs.com\/it\/wp-json\/wp\/v2\/product_cat?post=11939"},{"taxonomy":"product_tag","embeddable":true,"href":"https:\/\/thelyflabs.com\/it\/wp-json\/wp\/v2\/product_tag?post=11939"}],"curies":[{"name":"parola chiave","href":"https:\/\/api.w.org\/{rel}","templated":true}]}}