{"id":11940,"date":"2025-05-13T23:53:08","date_gmt":"2025-05-13T21:53:08","guid":{"rendered":"https:\/\/thelyflabs.com\/?post_type=product&#038;p=11940"},"modified":"2026-04-08T11:54:52","modified_gmt":"2026-04-08T09:54:52","slug":"cartucho-desechable-stv-sativanol-gelato","status":"publish","type":"product","link":"https:\/\/thelyflabs.com\/it\/product\/cartucho-desechable-stv-sativanol-gelato","title":{"rendered":"Cartuccia monouso STV Sativanol \u2013 Gelato"},"content":{"rendered":"<h1>Cartuccia monouso STV Sativanol \u2013 Gelato<\/h1>\n<p class=\"\" data-start=\"232\" data-end=\"355\"><strong data-start=\"232\" data-end=\"355\">Scopri la potenza di Sativanol con la nostra esclusiva cartuccia STV al gusto di gelato. Solo da Iguana Smoke, il tuo negozio di fiducia.<\/strong><\/p>\n<p class=\"\" data-start=\"357\" data-end=\"730\">Cerchi un&#039;esperienza di svapo diversa, stimolante e senza THC? Con <strong data-start=\"431\" data-end=\"477\">Cartuccia monouso STV Sativanol \u2013 Gelato<\/strong>, impazzirai. Questa capsula per lo svapo contiene una formula innovativa con <strong data-start=\"551\" data-end=\"570\">STV \u2013 Sativanolo<\/strong>, un cannabinoide rivoluzionario ideale per chi cerca chiarezza mentale, euforia creativa e zero cali di umore.<\/p>\n<h3 class=\"\" data-start=\"732\" data-end=\"751\">Che cosa \u00e8 STV?<\/h3>\n<p class=\"\" data-start=\"753\" data-end=\"1076\"><strong data-start=\"753\" data-end=\"772\">STV (Sativanolo)<\/strong> \u00c8 il futuro dei cannabinoidi. Sviluppato a partire dalla canapa industriale e potenziato con tecniche semisintetiche avanzate, questo composto \u00e8 stato progettato per massimizzare i suoi benefici stimolanti senza gli effetti negativi associati ai cannabinoidi pi\u00f9 comuni come THC, THCP o HHC.<\/p>\n<p class=\"\" data-start=\"1078\" data-end=\"1251\">Non \u00e8 THC, ma il suo effetto \u00e8 altrettanto potente e molto pi\u00f9 funzionale. <strong data-start=\"1151\" data-end=\"1173\">Acquista STV online<\/strong> \u00c8 la scelta ideale se desideri un&#039;esperienza pulita, concentrata ed energizzante.<\/p>\n<p class=\"\" data-start=\"1253\" data-end=\"1273\"><strong data-start=\"1253\" data-end=\"1273\">Effetti della STV:<\/strong><\/p>\n<ul data-start=\"1274\" data-end=\"1477\">\n<li class=\"\" data-start=\"1274\" data-end=\"1304\">\n<p class=\"\" data-start=\"1276\" data-end=\"1304\">Chiarezza mentale di tipo Sativa.<\/p>\n<\/li>\n<li class=\"\" data-start=\"1305\" data-end=\"1334\">\n<p class=\"\" data-start=\"1307\" data-end=\"1334\">Euforia lieve ma intensa.<\/p>\n<\/li>\n<li class=\"\" data-start=\"1335\" data-end=\"1368\">\n<p class=\"\" data-start=\"1337\" data-end=\"1368\">Sensazione di elevato benessere.<\/p>\n<\/li>\n<li class=\"\" data-start=\"1369\" data-end=\"1405\">\n<p class=\"\" data-start=\"1371\" data-end=\"1405\">Nessuna sonnolenza il giorno dopo.<\/p>\n<\/li>\n<li class=\"\" data-start=\"1406\" data-end=\"1477\">\n<p class=\"\" data-start=\"1408\" data-end=\"1477\">Gli effetti si mantengono con l&#039;uso prolungato.<\/p>\n<\/li>\n<\/ul>\n<p class=\"\" data-start=\"1479\" data-end=\"1732\">Questo cannabinoide non contiene THC o sue varianti, quindi puoi goderne in tutta tranquillit\u00e0.<\/p>\n<h3 class=\"\" data-start=\"1739\" data-end=\"1774\">Che cosa \u00e8 una cartuccia monouso?<\/h3>\n<p class=\"\" data-start=\"1776\" data-end=\"2086\">UN <strong data-start=\"1779\" data-end=\"1812\">cartuccia o capsula monouso<\/strong> \u00c8 un modo pratico e moderno per goderti i tuoi liquidi da svapo preferiti. Progettate per l&#039;uso con batterie di tipo 510, queste cartucce sono facili da installare e, una volta vuote, si smaltiscono facilmente. Nessun rabbocco o problema!<\/p>\n<p class=\"\" data-start=\"2088\" data-end=\"2444\">Lui <strong data-start=\"2091\" data-end=\"2137\">Cartuccia monouso STV Sativanol \u2013 Gelato<\/strong> Contiene 1 o 2 ml di liquido premium, privo di impurit\u00e0 e con tutto il sapore dolce e cremoso della variet\u00e0. <strong data-start=\"2236\" data-end=\"2246\">Gelato<\/strong>, una delle preferite nel mondo della cannabis. Ad ogni tiro, assaporerai un profilo aromatico delizioso, mentre sentirai corpo e mente allinearsi in uno stato di energia positiva e concentrazione.<\/p>\n<p class=\"\" data-start=\"2446\" data-end=\"2472\">Disponibile in due misure:<\/p>\n<ul data-start=\"2473\" data-end=\"2536\">\n<li class=\"\" data-start=\"2473\" data-end=\"2504\">\n<p class=\"\" data-start=\"2475\" data-end=\"2504\"><strong data-start=\"2475\" data-end=\"2483\">1 ml<\/strong> \u2013 Fino a 300 boccate.<\/p>\n<\/li>\n<li class=\"\" data-start=\"2505\" data-end=\"2536\">\n<p class=\"\" data-start=\"2507\" data-end=\"2536\"><strong data-start=\"2507\" data-end=\"2515\">2 ml<\/strong> \u2013 Fino a 600 boccate.<\/p>\n<\/li>\n<\/ul>\n<p class=\"\" data-start=\"2538\" data-end=\"2598\"><strong data-start=\"2538\" data-end=\"2565\">Facile, comodo e pulito.<\/strong> Basta collegarlo, inspirare e godere.<\/p>\n<h3 class=\"\" data-start=\"2605\" data-end=\"2651\">Perch\u00e9 scegliere STV Sativanol \u2013 Gelato?<\/h3>\n<p class=\"\" data-start=\"2653\" data-end=\"3002\"><strong data-start=\"2653\" data-end=\"2674\">Acquista Vaper STV<\/strong> Si tratta di scegliere qualit\u00e0 e innovazione. Da Iguana Smoke lavoriamo solo con prodotti testati e realizzati con estratti di canapa biologica certificata.<\/p>\n<p class=\"\" data-start=\"3004\" data-end=\"3023\"><strong data-start=\"3004\" data-end=\"3023\">Vantaggi principali:<\/strong><\/p>\n<ul data-start=\"3024\" data-end=\"3201\">\n<li class=\"\" data-start=\"3024\" data-end=\"3047\">\n<p class=\"\" data-start=\"3026\" data-end=\"3047\">Senza THC, THCP o HHC.<\/p>\n<\/li>\n<li class=\"\" data-start=\"3048\" data-end=\"3069\">\n<p class=\"\" data-start=\"3050\" data-end=\"3069\">Non crea tolleranza.<\/p>\n<\/li>\n<li class=\"\" data-start=\"3070\" data-end=\"3096\">\n<p class=\"\" data-start=\"3072\" data-end=\"3096\">Stimolante e funzionale.<\/p>\n<\/li>\n<li class=\"\" data-start=\"3097\" data-end=\"3120\">\n<p class=\"\" data-start=\"3099\" data-end=\"3120\">Gusto gelato premium.<\/p>\n<\/li>\n<li class=\"\" data-start=\"3121\" data-end=\"3173\">\n<p class=\"\" data-start=\"3123\" data-end=\"3173\">Compatibile con la maggior parte delle batterie in commercio.<\/p>\n<\/li>\n<li class=\"\" data-start=\"3174\" data-end=\"3201\">\n<p class=\"\" data-start=\"3176\" data-end=\"3201\">Perfetto per l&#039;uso quotidiano.<\/p>\n<\/li>\n<\/ul>\n<h3 class=\"\" data-start=\"4317\" data-end=\"4370\">STV Sativanol \u2013 Gelato: ci\u00f2 di cui la tua routine ha bisogno<\/h3>\n<p class=\"\" data-start=\"4372\" data-end=\"4666\">Dimentica i prodotti che promettono molto e non mantengono nulla. La cartuccia STV Gelato \u00e8 <strong data-start=\"4454\" data-end=\"4517\">il perfetto equilibrio tra gusto, effetti e funzionalit\u00e0<\/strong>Grazie al design compatto e ai potenti contenuti, puoi godertelo ovunque: a casa, al lavoro, in viaggio... ovunque tu voglia!<\/p>\n<p class=\"\" data-start=\"4668\" data-end=\"4856\">Sai, se stai cercando <strong data-start=\"4696\" data-end=\"4711\">acquistare STV<\/strong>, non cercare oltre. Iguana Smoke \u00e8 il tuo negozio di relax e abbiamo tutto pronto per farti vivere l&#039;esperienza di <strong data-start=\"4827\" data-end=\"4840\">Sativanolo<\/strong> come merita.<\/p>\n<div class=\"ewd-ufaq-faq-body\">\n<p>Questo \u00e8 un oggetto da collezione. Non adatto al consumo diretto o al fumo.<\/p>\n<\/div>\n<div class=\"ewd-ufaq-faq-body\">\n<p><span style=\"font-size: 16px\">Questo prodotto non contiene cannabinoidi inclusi nell&#039;Allegato 1 del Regio Decreto 2829\/1977, aggiornato dall&#039;Ordinanza SND\/380\/2025, del 14 aprile, n\u00e9 sostanze controllate dalla Convenzione unica sugli stupefacenti del 1961 e dalla Convenzione sulle sostanze psicotrope del 1971.<\/span><\/p>\n<\/div>","protected":false},"excerpt":{"rendered":"<h4>Cartuccia monouso STV Sativanol \u2013 Gelato<\/h4>\n<h4><strong>Caratteristiche<\/strong><\/h4>\n<ul>\n<li>Collegamento: tipo 510<\/li>\n<li>Capacit\u00e0: <span style=\"font-size: 16px\">1 ml \/ 2 ml<\/span><\/li>\n<li>Soffi: <span style=\"font-size: 16px\">300 \/ 600<\/span><\/li>\n<li>Terpeni naturali di alta qualit\u00e0<\/li>\n<li>STV (Sativanolo)<\/li>\n<li>CBD: 40%<\/li>\n<li>Codice a barre: 30%<\/li>\n<li>THC: 0%<\/li>\n<li>Numero di serie: 0%<\/li>\n<li>THC-P: 0%Nicotina: 0%<\/li>\n<li>Non contiene VG, PG, PEG, MCT o altri agenti di taglio. Tutti i nostri prodotti derivano da canapa industriale certificata. Contengono meno di 0,3% di THC e non contengono cannabinoidi illegali come HHC, HHC-P, THCP, THCP-O, H4CBD o i loro derivati. Puoi consultare <a href=\"https:\/\/iguanasmoke.com\/analiticas\/\" target=\"_blank\" rel=\"noopener\">Certificato di analisi qui<\/a><\/li>\n<\/ul>","protected":false},"featured_media":11934,"comment_status":"open","ping_status":"closed","template":"","meta":{"_acf_changed":false,"site-sidebar-layout":"default","site-content-layout":"","ast-site-content-layout":"default","site-content-style":"default","site-sidebar-style":"default","ast-global-header-display":"","ast-banner-title-visibility":"","ast-main-header-display":"","ast-hfb-above-header-display":"","ast-hfb-below-header-display":"","ast-hfb-mobile-header-display":"","site-post-title":"","ast-breadcrumbs-content":"","ast-featured-img":"","footer-sml-layout":"","theme-transparent-header-meta":"default","adv-header-id-meta":"","stick-header-meta":"","header-above-stick-meta":"","header-main-stick-meta":"","header-below-stick-meta":"","astra-migrate-meta-layouts":"set","ast-page-background-enabled":"default","ast-page-background-meta":{"desktop":{"background-color":"var(--ast-global-color-4)","background-image":"","background-repeat":"repeat","background-position":"center center","background-size":"auto","background-attachment":"scroll","background-type":"","background-media":"","overlay-type":"","overlay-color":"","overlay-opacity":"","overlay-gradient":""},"tablet":{"background-color":"","background-image":"","background-repeat":"repeat","background-position":"center center","background-size":"auto","background-attachment":"scroll","background-type":"","background-media":"","overlay-type":"","overlay-color":"","overlay-opacity":"","overlay-gradient":""},"mobile":{"background-color":"","background-image":"","background-repeat":"repeat","background-position":"center center","background-size":"auto","background-attachment":"scroll","background-type":"","background-media":"","overlay-type":"","overlay-color":"","overlay-opacity":"","overlay-gradient":""}},"ast-content-background-meta":{"desktop":{"background-color":"var(--ast-global-color-5)","background-image":"","background-repeat":"repeat","background-position":"center center","background-size":"auto","background-attachment":"scroll","background-type":"","background-media":"","overlay-type":"","overlay-color":"","overlay-opacity":"","overlay-gradient":""},"tablet":{"background-color":"var(--ast-global-color-5)","background-image":"","background-repeat":"repeat","background-position":"center center","background-size":"auto","background-attachment":"scroll","background-type":"","background-media":"","overlay-type":"","overlay-color":"","overlay-opacity":"","overlay-gradient":""},"mobile":{"background-color":"var(--ast-global-color-5)","background-image":"","background-repeat":"repeat","background-position":"center center","background-size":"auto","background-attachment":"scroll","background-type":"","background-media":"","overlay-type":"","overlay-color":"","overlay-opacity":"","overlay-gradient":""}}},"product_brand":[],"product_cat":[91,146,143,138],"product_tag":[],"class_list":{"0":"post-11940","1":"product","2":"type-product","3":"status-publish","4":"has-post-thumbnail","6":"product_cat-cartuchos","7":"product_cat-nuevas-moleculas","8":"product_cat-stv","9":"product_cat-stv-sativanol","10":"desktop-align-center","11":"tablet-align-left","12":"mobile-align-left","14":"first","15":"instock","16":"taxable","17":"shipping-taxable","18":"purchasable","19":"product-type-variable"},"acf":[],"yoast_head":"<!-- This site is optimized with the Yoast SEO plugin v27.3 - https:\/\/yoast.com\/product\/yoast-seo-wordpress\/ -->\n<title>Cartucho desechable STV Sativanol - Gelato - THE LYF LABS<\/title>\n<meta name=\"description\" content=\"STV Gelato al por mayor. Sabor dulce y cremoso, sin THC. Cartucho desechable en 1 ml o 2 ml con terpenos de alta calidad.\" \/>\n<meta name=\"robots\" content=\"index, follow, max-snippet:-1, max-image-preview:large, max-video-preview:-1\" \/>\n<link rel=\"canonical\" href=\"https:\/\/thelyflabs.com\/it\/product\/cartucho-desechable-stv-sativanol-gelato\/\" \/>\n<meta property=\"og:locale\" content=\"it_IT\" \/>\n<meta property=\"og:type\" content=\"article\" \/>\n<meta property=\"og:title\" content=\"Cartucho desechable STV Sativanol - Gelato - THE LYF LABS\" \/>\n<meta property=\"og:description\" content=\"STV Gelato al por mayor. Sabor dulce y cremoso, sin THC. Cartucho desechable en 1 ml o 2 ml con terpenos de alta calidad.\" \/>\n<meta property=\"og:url\" content=\"https:\/\/thelyflabs.com\/it\/product\/cartucho-desechable-stv-sativanol-gelato\/\" \/>\n<meta property=\"og:site_name\" content=\"THE LYF LABS\" \/>\n<meta property=\"article:modified_time\" content=\"2026-04-08T09:54:52+00:00\" \/>\n<meta property=\"og:image\" content=\"https:\/\/thelyflabs.com\/wp-content\/uploads\/2025\/05\/Bolsa-Cart-HHC-Gelato-bolsa-2025.webp\" \/>\n\t<meta property=\"og:image:width\" content=\"1000\" \/>\n\t<meta property=\"og:image:height\" content=\"1000\" \/>\n\t<meta property=\"og:image:type\" content=\"image\/webp\" \/>\n<meta name=\"twitter:card\" content=\"summary_large_image\" \/>\n<meta name=\"twitter:label1\" content=\"Tempo di lettura stimato\" \/>\n\t<meta name=\"twitter:data1\" content=\"3 minuti\" \/>\n<script type=\"application\/ld+json\" class=\"yoast-schema-graph\">{\"@context\":\"https:\\\/\\\/schema.org\",\"@graph\":[{\"@type\":\"WebPage\",\"@id\":\"https:\\\/\\\/thelyflabs.com\\\/product\\\/cartucho-desechable-stv-sativanol-gelato\",\"url\":\"https:\\\/\\\/thelyflabs.com\\\/product\\\/cartucho-desechable-stv-sativanol-gelato\",\"name\":\"Cartucho desechable STV Sativanol - Gelato - THE LYF LABS\",\"isPartOf\":{\"@id\":\"https:\\\/\\\/thelyflabs.com\\\/#website\"},\"primaryImageOfPage\":{\"@id\":\"https:\\\/\\\/thelyflabs.com\\\/product\\\/cartucho-desechable-stv-sativanol-gelato#primaryimage\"},\"image\":{\"@id\":\"https:\\\/\\\/thelyflabs.com\\\/product\\\/cartucho-desechable-stv-sativanol-gelato#primaryimage\"},\"thumbnailUrl\":\"https:\\\/\\\/thelyflabs.com\\\/wp-content\\\/uploads\\\/2025\\\/05\\\/Bolsa-Cart-HHC-Gelato-bolsa-2025.webp\",\"datePublished\":\"2025-05-13T21:53:08+00:00\",\"dateModified\":\"2026-04-08T09:54:52+00:00\",\"description\":\"STV Gelato al por mayor. Sabor dulce y cremoso, sin THC. Cartucho desechable en 1 ml o 2 ml con terpenos de alta calidad.\",\"breadcrumb\":{\"@id\":\"https:\\\/\\\/thelyflabs.com\\\/product\\\/cartucho-desechable-stv-sativanol-gelato#breadcrumb\"},\"inLanguage\":\"it-IT\",\"potentialAction\":[{\"@type\":\"ReadAction\",\"target\":[\"https:\\\/\\\/thelyflabs.com\\\/product\\\/cartucho-desechable-stv-sativanol-gelato\"]}]},{\"@type\":\"ImageObject\",\"inLanguage\":\"it-IT\",\"@id\":\"https:\\\/\\\/thelyflabs.com\\\/product\\\/cartucho-desechable-stv-sativanol-gelato#primaryimage\",\"url\":\"https:\\\/\\\/thelyflabs.com\\\/wp-content\\\/uploads\\\/2025\\\/05\\\/Bolsa-Cart-HHC-Gelato-bolsa-2025.webp\",\"contentUrl\":\"https:\\\/\\\/thelyflabs.com\\\/wp-content\\\/uploads\\\/2025\\\/05\\\/Bolsa-Cart-HHC-Gelato-bolsa-2025.webp\",\"width\":1000,\"height\":1000},{\"@type\":\"BreadcrumbList\",\"@id\":\"https:\\\/\\\/thelyflabs.com\\\/product\\\/cartucho-desechable-stv-sativanol-gelato#breadcrumb\",\"itemListElement\":[{\"@type\":\"ListItem\",\"position\":1,\"name\":\"Portada\",\"item\":\"https:\\\/\\\/thelyflabs.com\\\/\"},{\"@type\":\"ListItem\",\"position\":2,\"name\":\"Tienda\",\"item\":\"https:\\\/\\\/thelyflabs.com\\\/tienda\"},{\"@type\":\"ListItem\",\"position\":3,\"name\":\"Cartucho desechable STV Sativanol &#8211; Gelato\"}]},{\"@type\":\"WebSite\",\"@id\":\"https:\\\/\\\/thelyflabs.com\\\/#website\",\"url\":\"https:\\\/\\\/thelyflabs.com\\\/\",\"name\":\"The LYF Labs\",\"description\":\"CBD al por mayor\",\"publisher\":{\"@id\":\"https:\\\/\\\/thelyflabs.com\\\/#organization\"},\"potentialAction\":[{\"@type\":\"SearchAction\",\"target\":{\"@type\":\"EntryPoint\",\"urlTemplate\":\"https:\\\/\\\/thelyflabs.com\\\/?s={search_term_string}\"},\"query-input\":{\"@type\":\"PropertyValueSpecification\",\"valueRequired\":true,\"valueName\":\"search_term_string\"}}],\"inLanguage\":\"it-IT\"},{\"@type\":\"Organization\",\"@id\":\"https:\\\/\\\/thelyflabs.com\\\/#organization\",\"name\":\"The LYF Labs\",\"url\":\"https:\\\/\\\/thelyflabs.com\\\/\",\"logo\":{\"@type\":\"ImageObject\",\"inLanguage\":\"it-IT\",\"@id\":\"https:\\\/\\\/thelyflabs.com\\\/#\\\/schema\\\/logo\\\/image\\\/\",\"url\":\"https:\\\/\\\/thelyflabs.com\\\/wp-content\\\/uploads\\\/2023\\\/01\\\/cropped-LogoTheLYFLabs.png\",\"contentUrl\":\"https:\\\/\\\/thelyflabs.com\\\/wp-content\\\/uploads\\\/2023\\\/01\\\/cropped-LogoTheLYFLabs.png\",\"width\":600,\"height\":180,\"caption\":\"The LYF Labs\"},\"image\":{\"@id\":\"https:\\\/\\\/thelyflabs.com\\\/#\\\/schema\\\/logo\\\/image\\\/\"}}]}<\/script>\n<!-- \/ Yoast SEO plugin. -->","yoast_head_json":{"title":"Cartucho desechable STV Sativanol - Gelato - THE LYF LABS","description":"STV Gelato al por mayor. Sabor dulce y cremoso, sin THC. Cartucho desechable en 1 ml o 2 ml con terpenos de alta calidad.","robots":{"index":"index","follow":"follow","max-snippet":"max-snippet:-1","max-image-preview":"max-image-preview:large","max-video-preview":"max-video-preview:-1"},"canonical":"https:\/\/thelyflabs.com\/it\/product\/cartucho-desechable-stv-sativanol-gelato\/","og_locale":"it_IT","og_type":"article","og_title":"Cartucho desechable STV Sativanol - Gelato - THE LYF LABS","og_description":"STV Gelato al por mayor. Sabor dulce y cremoso, sin THC. Cartucho desechable en 1 ml o 2 ml con terpenos de alta calidad.","og_url":"https:\/\/thelyflabs.com\/it\/product\/cartucho-desechable-stv-sativanol-gelato\/","og_site_name":"THE LYF LABS","article_modified_time":"2026-04-08T09:54:52+00:00","og_image":[{"width":1000,"height":1000,"url":"https:\/\/thelyflabs.com\/wp-content\/uploads\/2025\/05\/Bolsa-Cart-HHC-Gelato-bolsa-2025.webp","type":"image\/webp"}],"twitter_card":"summary_large_image","twitter_misc":{"Tempo di lettura stimato":"3 minuti"},"schema":{"@context":"https:\/\/schema.org","@graph":[{"@type":"WebPage","@id":"https:\/\/thelyflabs.com\/product\/cartucho-desechable-stv-sativanol-gelato","url":"https:\/\/thelyflabs.com\/product\/cartucho-desechable-stv-sativanol-gelato","name":"Cartucho desechable STV Sativanol - Gelato - THE LYF LABS","isPartOf":{"@id":"https:\/\/thelyflabs.com\/#website"},"primaryImageOfPage":{"@id":"https:\/\/thelyflabs.com\/product\/cartucho-desechable-stv-sativanol-gelato#primaryimage"},"image":{"@id":"https:\/\/thelyflabs.com\/product\/cartucho-desechable-stv-sativanol-gelato#primaryimage"},"thumbnailUrl":"https:\/\/thelyflabs.com\/wp-content\/uploads\/2025\/05\/Bolsa-Cart-HHC-Gelato-bolsa-2025.webp","datePublished":"2025-05-13T21:53:08+00:00","dateModified":"2026-04-08T09:54:52+00:00","description":"STV Gelato al por mayor. Sabor dulce y cremoso, sin THC. Cartucho desechable en 1 ml o 2 ml con terpenos de alta calidad.","breadcrumb":{"@id":"https:\/\/thelyflabs.com\/product\/cartucho-desechable-stv-sativanol-gelato#breadcrumb"},"inLanguage":"it-IT","potentialAction":[{"@type":"ReadAction","target":["https:\/\/thelyflabs.com\/product\/cartucho-desechable-stv-sativanol-gelato"]}]},{"@type":"ImageObject","inLanguage":"it-IT","@id":"https:\/\/thelyflabs.com\/product\/cartucho-desechable-stv-sativanol-gelato#primaryimage","url":"https:\/\/thelyflabs.com\/wp-content\/uploads\/2025\/05\/Bolsa-Cart-HHC-Gelato-bolsa-2025.webp","contentUrl":"https:\/\/thelyflabs.com\/wp-content\/uploads\/2025\/05\/Bolsa-Cart-HHC-Gelato-bolsa-2025.webp","width":1000,"height":1000},{"@type":"BreadcrumbList","@id":"https:\/\/thelyflabs.com\/product\/cartucho-desechable-stv-sativanol-gelato#breadcrumb","itemListElement":[{"@type":"ListItem","position":1,"name":"Portada","item":"https:\/\/thelyflabs.com\/"},{"@type":"ListItem","position":2,"name":"Tienda","item":"https:\/\/thelyflabs.com\/tienda"},{"@type":"ListItem","position":3,"name":"Cartucho desechable STV Sativanol &#8211; Gelato"}]},{"@type":"WebSite","@id":"https:\/\/thelyflabs.com\/#website","url":"https:\/\/thelyflabs.com\/","name":"I laboratori LYF","description":"CBD all&#039;ingrosso","publisher":{"@id":"https:\/\/thelyflabs.com\/#organization"},"potentialAction":[{"@type":"SearchAction","target":{"@type":"EntryPoint","urlTemplate":"https:\/\/thelyflabs.com\/?s={search_term_string}"},"query-input":{"@type":"PropertyValueSpecification","valueRequired":true,"valueName":"search_term_string"}}],"inLanguage":"it-IT"},{"@type":"Organization","@id":"https:\/\/thelyflabs.com\/#organization","name":"I laboratori LYF","url":"https:\/\/thelyflabs.com\/","logo":{"@type":"ImageObject","inLanguage":"it-IT","@id":"https:\/\/thelyflabs.com\/#\/schema\/logo\/image\/","url":"https:\/\/thelyflabs.com\/wp-content\/uploads\/2023\/01\/cropped-LogoTheLYFLabs.png","contentUrl":"https:\/\/thelyflabs.com\/wp-content\/uploads\/2023\/01\/cropped-LogoTheLYFLabs.png","width":600,"height":180,"caption":"The LYF Labs"},"image":{"@id":"https:\/\/thelyflabs.com\/#\/schema\/logo\/image\/"}}]}},"_links":{"self":[{"href":"https:\/\/thelyflabs.com\/it\/wp-json\/wp\/v2\/product\/11940","targetHints":{"allow":["GET"]}}],"collection":[{"href":"https:\/\/thelyflabs.com\/it\/wp-json\/wp\/v2\/product"}],"about":[{"href":"https:\/\/thelyflabs.com\/it\/wp-json\/wp\/v2\/types\/product"}],"replies":[{"embeddable":true,"href":"https:\/\/thelyflabs.com\/it\/wp-json\/wp\/v2\/comments?post=11940"}],"wp:featuredmedia":[{"embeddable":true,"href":"https:\/\/thelyflabs.com\/it\/wp-json\/wp\/v2\/media\/11934"}],"wp:attachment":[{"href":"https:\/\/thelyflabs.com\/it\/wp-json\/wp\/v2\/media?parent=11940"}],"wp:term":[{"taxonomy":"product_brand","embeddable":true,"href":"https:\/\/thelyflabs.com\/it\/wp-json\/wp\/v2\/product_brand?post=11940"},{"taxonomy":"product_cat","embeddable":true,"href":"https:\/\/thelyflabs.com\/it\/wp-json\/wp\/v2\/product_cat?post=11940"},{"taxonomy":"product_tag","embeddable":true,"href":"https:\/\/thelyflabs.com\/it\/wp-json\/wp\/v2\/product_tag?post=11940"}],"curies":[{"name":"parola chiave","href":"https:\/\/api.w.org\/{rel}","templated":true}]}}