{"id":12198,"date":"2025-05-29T01:25:37","date_gmt":"2025-05-28T23:25:37","guid":{"rendered":"https:\/\/thelyflabs.com\/?post_type=product&#038;p=12198"},"modified":"2026-03-20T10:20:43","modified_gmt":"2026-03-20T09:20:43","slug":"space-hash-moroccan-stv-sativanol","status":"publish","type":"product","link":"https:\/\/thelyflabs.com\/it\/product\/space-hash-moroccan-stv-sativanol","title":{"rendered":"Space Hash Moroccan STV (Sativanol)"},"content":{"rendered":"<h1><span style=\"font-weight: 400\">Space Hash Moroccan STV: Le Nuove Molecole<\/span><\/h1>\n<p><span style=\"font-weight: 400\">Lo Space Hash Moroccan STV \u00e8 un gioiello per chi cerca un <strong>Hashish senza THC<\/strong> che unisce il meglio dell&#039;hashish tradizionale marocchino con la potenza di <strong>Super Sativa<\/strong>Texture flessibile e finitura artigianale, per chi cerca qualcosa di diverso senza perdere l&#039;essenza dell&#039;autentico hashish di prima qualit\u00e0:<\/span><\/p>\n<ul>\n<li>\u00c8 un prodotto sicuro che soddisfa gli standard legali, con meno di 0,3% di THC.<\/li>\n<li>Inoltre, non contiene sostanze chimiche o additivi artificiali.<\/li>\n<li>Ideale per i consumatori pi\u00f9 esigenti e gli amanti dell&#039;hashish di qualit\u00e0 superiore.<\/li>\n<li>Qualit\u00e0 testata da laboratori indipendenti <a href=\"https:\/\/iguanasmoke.com\/analiticas\/\">Qui<\/a>.<\/li>\n<\/ul>\n<h2><\/h2>\n<h2><strong>Che cosa \u00e8 STV? <\/strong><\/h2>\n<p><span style=\"font-weight: 400\">STV (Super Sativa \u2013 Sativanol) \u00e8 una <strong>cannabinoide semisintetico<\/strong> di nuova generazione, derivato dalla canapa. \u00c8 stato progettato per offrire <strong>effetti stimolanti, sensazioni di euforia e momenti di lucidit\u00e0 mentale<\/strong>tutto questo senza contenere THC, HHC, THCP o analoghi psicoattivi. <\/span><\/p>\n<p><span style=\"font-weight: 400\">La cosa grandiosa di questa molecola \u00e8 che non \u00e8 nota per causare tolleranza, il che significa che puoi godere dei suoi effetti pi\u00f9 a lungo. Puoi provare Space Hash Moroccan STV con un <strong>insorgenza moderata<\/strong> (10-30 minuti) e uno <strong>durata di 3-4 ore<\/strong>, che non provoca sonnolenza in seguito.\u00a0<\/span><\/p>\n<p><span style=\"font-weight: 400\">La cosa migliore \u00e8 che l&#039;STV rappresenta un <strong>nuova era dei cannabinoidi funzionali<\/strong>ideale per chi cerca esperienze <strong>Tipo Sativa senza subire gli effetti negativi<\/strong>\u00c8 semplicemente perfetto.\u00a0\u00a0<\/span><\/p>\n<p>&nbsp;<\/p>\n<section class=\"product-description\">\n<h2>Caratteristiche dello Space Hash Moroccan STV:<\/h2>\n<ul>\n<li><span style=\"font-size: 16px;font-weight: 400\"><strong>Aroma e sapore:<\/strong> Emana un <strong>aroma sottile e speziato<\/strong> Ricorda i classici nordafricani. Un sapore ricco e avvolgente fin dall&#039;inizio, non stucchevole.\u00a0<\/span><\/li>\n<li><strong>Origine e purezza:<\/strong> <span style=\"font-size: 16px;font-weight: 400\">Fatto da <strong>Canapa europea selezionata<\/strong> in dettaglio e seguendo le <strong>metodi tradizionali marocchini che insieme alla STV<\/strong> Questo moderno cannabinoide ti offre un&#039;esperienza alternativa, senza effetti psicoattivi e completamente legale.\u00a0<\/span><\/li>\n<li><span style=\"font-size: 16px;font-weight: 400\"><strong>Aspetto e consistenza:<\/strong>\u00a0 Il suo colore biondo chiaro e l&#039;aspetto compatto lo rendono un hashish attraente per chi apprezza la qualit\u00e0 visiva. \u00c8 facile da maneggiare e perfetto da gustare da soli o in compagnia.\u00a0<\/span><\/li>\n<\/ul>\n<p>&nbsp;<\/p>\n<h2>Qualit\u00e0 e sicurezza<\/h2>\n<p>In <strong>I laboratori Lyf<\/strong>, garantiamo che ogni lotto di <strong>Space Hash Moroccan STV (Sativanol)<\/strong> Viene sottoposto a rigorose analisi di laboratorio per confermarne la purezza, l&#039;assenza di pesticidi e i livelli legali di THC (inferiori a 0,3%). Il nostro impegno per la qualit\u00e0 e la sicurezza ci consente di offrire un prodotto affidabile, adatto a tutti gli utenti che apprezzano la legalit\u00e0 e l&#039;eccellenza nel loro consumo.<\/p>\n<p>&nbsp;<\/p>\n<p><span style=\"font-size: 1.7em;font-weight: bold\">Perch\u00e9 acquistare Space Hash STV da The Lyf Labs?<\/span><\/p>\n<\/section>\n<section class=\"product-description\">\n<ul>\n<li>Prodotto 100% legale nell&#039;Unione Europea, conforme alle normative vigenti sul THC.<\/li>\n<li>Naturale, senza pesticidi n\u00e9 additivi chimici, a garanzia di un consumo sicuro e sano.<\/li>\n<li>Testati in laboratori certificati per garantire la massima purezza e qualit\u00e0.<\/li>\n<li>Ogni acquisto \u00e8 accompagnato da una consegna rapida e da un servizio professionale.<\/li>\n<li>Acquisto sicuro e supporto specializzato per risolvere qualsiasi dubbio.<\/li>\n<\/ul>\n<p>Lyf Labs si impegna a offrire prodotti che uniscono tradizione, innovazione e la massima qualit\u00e0. <strong>Space Hash Moroccan STV (Sativanol)<\/strong> \u00c8 una scelta eccellente per chi cerca un hashish artigianale dal profilo moderno e un&#039;esperienza d&#039;uso unica. Affidati a noi per aggiungere alla tua collezione o al tuo catalogo un prodotto che si distingue per autenticit\u00e0, sapore e affidabilit\u00e0.<\/p>\n<p><span style=\"font-size: 1.7em;font-weight: bold\">Lyf Labs \u00e8 di qualit\u00e0<\/span><\/p>\n<\/section>\n<p>Lyf Labs rappresenta l&#039;eccellenza nel mercato all&#039;ingrosso dei cannabinoidi, offrendo prodotti innovativi, sicuri e ad alta purezza a negozi specializzati e distributori. Ci concentriamo sulla soddisfazione delle esigenze di un settore professionale che ricerca qualit\u00e0 costante, tracciabilit\u00e0 e prezzi competitivi. Se cercate un fornitore affidabile e lungimirante, in Lyf Labs troverete un partner strategico che vi aiuter\u00e0 a crescere nel mercato della canapa.<\/p>\n<section class=\"product-description\">\n<p style=\"position: absolute;left: -9999px\">Hashish Sativanol e CBD al miglior prezzo all&#039;ingrosso da The Lyf Labs. Prodotti CBD e STV all&#039;ingrosso con sconti esclusivi. Hashish Sativanol all&#039;ingrosso disponibile sul nostro sito web.<\/p>\n<\/section>","protected":false},"excerpt":{"rendered":"<p><span style=\"font-weight: 400\">Space Hash Moroccan STV ha una consistenza soda e un aroma speziato. Arricchito con STV (Sativanol), dona lucidit\u00e0 e una leggera euforia.\u00a0<\/span><\/p>\n<ul>\n<li><strong style=\"font-size: 16px;font-style: normal\">Colore biondo chiaro <\/strong>\u2013 Perfetto per un&#039;esperienza autentica<\/li>\n<li><strong>Meno di 0,3% di THC \u2013 100% legale in tutta Europa<\/strong><\/li>\n<li><strong>Produzione naturale<\/strong>\u2013 Senza pesticidi o sostanze chimiche artificiali<\/li>\n<\/ul>\n<p>Analisi della qualit\u00e0: clicca\u00a0<a href=\"https:\/\/iguanasmoke.com\/analiticas\/\" target=\"_blank\" rel=\"noopener\">Qui<\/a><\/p>","protected":false},"featured_media":12219,"comment_status":"open","ping_status":"closed","template":"","meta":{"_acf_changed":false,"site-sidebar-layout":"default","site-content-layout":"","ast-site-content-layout":"default","site-content-style":"default","site-sidebar-style":"default","ast-global-header-display":"","ast-banner-title-visibility":"","ast-main-header-display":"","ast-hfb-above-header-display":"","ast-hfb-below-header-display":"","ast-hfb-mobile-header-display":"","site-post-title":"","ast-breadcrumbs-content":"","ast-featured-img":"","footer-sml-layout":"","theme-transparent-header-meta":"default","adv-header-id-meta":"","stick-header-meta":"","header-above-stick-meta":"","header-main-stick-meta":"","header-below-stick-meta":"","astra-migrate-meta-layouts":"set","ast-page-background-enabled":"default","ast-page-background-meta":{"desktop":{"background-color":"var(--ast-global-color-4)","background-image":"","background-repeat":"repeat","background-position":"center center","background-size":"auto","background-attachment":"scroll","background-type":"","background-media":"","overlay-type":"","overlay-color":"","overlay-opacity":"","overlay-gradient":""},"tablet":{"background-color":"","background-image":"","background-repeat":"repeat","background-position":"center center","background-size":"auto","background-attachment":"scroll","background-type":"","background-media":"","overlay-type":"","overlay-color":"","overlay-opacity":"","overlay-gradient":""},"mobile":{"background-color":"","background-image":"","background-repeat":"repeat","background-position":"center center","background-size":"auto","background-attachment":"scroll","background-type":"","background-media":"","overlay-type":"","overlay-color":"","overlay-opacity":"","overlay-gradient":""}},"ast-content-background-meta":{"desktop":{"background-color":"var(--ast-global-color-5)","background-image":"","background-repeat":"repeat","background-position":"center center","background-size":"auto","background-attachment":"scroll","background-type":"","background-media":"","overlay-type":"","overlay-color":"","overlay-opacity":"","overlay-gradient":""},"tablet":{"background-color":"var(--ast-global-color-5)","background-image":"","background-repeat":"repeat","background-position":"center center","background-size":"auto","background-attachment":"scroll","background-type":"","background-media":"","overlay-type":"","overlay-color":"","overlay-opacity":"","overlay-gradient":""},"mobile":{"background-color":"var(--ast-global-color-5)","background-image":"","background-repeat":"repeat","background-position":"center center","background-size":"auto","background-attachment":"scroll","background-type":"","background-media":"","overlay-type":"","overlay-color":"","overlay-opacity":"","overlay-gradient":""}}},"product_brand":[],"product_cat":[146,66,143,138],"product_tag":[],"class_list":{"0":"post-12198","1":"product","2":"type-product","3":"status-publish","4":"has-post-thumbnail","6":"product_cat-nuevas-moleculas","7":"product_cat-resinas","8":"product_cat-stv","9":"product_cat-stv-sativanol","10":"desktop-align-center","11":"tablet-align-left","12":"mobile-align-left","14":"first","15":"instock","16":"taxable","17":"shipping-taxable","18":"purchasable","19":"product-type-variable"},"acf":[],"yoast_head":"<!-- This site is optimized with the Yoast SEO plugin v27.3 - https:\/\/yoast.com\/product\/yoast-seo-wordpress\/ -->\n<title>Space Hash Moroccan STV (Sativanol) - THE LYF LABS<\/title>\n<meta name=\"description\" content=\"Hach\u00eds de Sativanol y CBD al mejor precio mayorista. Venta de productos de CBD y STV al por mayor con descuentos exclusivos para tiendas.\" \/>\n<meta name=\"robots\" content=\"index, follow, max-snippet:-1, max-image-preview:large, max-video-preview:-1\" \/>\n<link rel=\"canonical\" href=\"https:\/\/thelyflabs.com\/it\/product\/space-hash-moroccan-stv-sativanol\/\" \/>\n<meta property=\"og:locale\" content=\"it_IT\" \/>\n<meta property=\"og:type\" content=\"article\" \/>\n<meta property=\"og:title\" content=\"Space Hash Moroccan STV (Sativanol) - THE LYF LABS\" \/>\n<meta property=\"og:description\" content=\"Hach\u00eds de Sativanol y CBD al mejor precio mayorista. Venta de productos de CBD y STV al por mayor con descuentos exclusivos para tiendas.\" \/>\n<meta property=\"og:url\" content=\"https:\/\/thelyflabs.com\/it\/product\/space-hash-moroccan-stv-sativanol\/\" \/>\n<meta property=\"og:site_name\" content=\"THE LYF LABS\" \/>\n<meta property=\"article:modified_time\" content=\"2026-03-20T09:20:43+00:00\" \/>\n<meta property=\"og:image\" content=\"https:\/\/thelyflabs.com\/wp-content\/uploads\/2025\/05\/mockup-Blonde-2g.png\" \/>\n\t<meta property=\"og:image:width\" content=\"1000\" \/>\n\t<meta property=\"og:image:height\" content=\"1000\" \/>\n\t<meta property=\"og:image:type\" content=\"image\/png\" \/>\n<meta name=\"twitter:card\" content=\"summary_large_image\" \/>\n<meta name=\"twitter:label1\" content=\"Tempo di lettura stimato\" \/>\n\t<meta name=\"twitter:data1\" content=\"4 minuti\" \/>\n<script type=\"application\/ld+json\" class=\"yoast-schema-graph\">{\"@context\":\"https:\\\/\\\/schema.org\",\"@graph\":[{\"@type\":\"WebPage\",\"@id\":\"https:\\\/\\\/thelyflabs.com\\\/product\\\/space-hash-moroccan-stv-sativanol\",\"url\":\"https:\\\/\\\/thelyflabs.com\\\/product\\\/space-hash-moroccan-stv-sativanol\",\"name\":\"Space Hash Moroccan STV (Sativanol) - THE LYF LABS\",\"isPartOf\":{\"@id\":\"https:\\\/\\\/thelyflabs.com\\\/#website\"},\"primaryImageOfPage\":{\"@id\":\"https:\\\/\\\/thelyflabs.com\\\/product\\\/space-hash-moroccan-stv-sativanol#primaryimage\"},\"image\":{\"@id\":\"https:\\\/\\\/thelyflabs.com\\\/product\\\/space-hash-moroccan-stv-sativanol#primaryimage\"},\"thumbnailUrl\":\"https:\\\/\\\/thelyflabs.com\\\/wp-content\\\/uploads\\\/2025\\\/05\\\/mockup-Blonde-2g.png\",\"datePublished\":\"2025-05-28T23:25:37+00:00\",\"dateModified\":\"2026-03-20T09:20:43+00:00\",\"description\":\"Hach\u00eds de Sativanol y CBD al mejor precio mayorista. Venta de productos de CBD y STV al por mayor con descuentos exclusivos para tiendas.\",\"breadcrumb\":{\"@id\":\"https:\\\/\\\/thelyflabs.com\\\/product\\\/space-hash-moroccan-stv-sativanol#breadcrumb\"},\"inLanguage\":\"it-IT\",\"potentialAction\":[{\"@type\":\"ReadAction\",\"target\":[\"https:\\\/\\\/thelyflabs.com\\\/product\\\/space-hash-moroccan-stv-sativanol\"]}]},{\"@type\":\"ImageObject\",\"inLanguage\":\"it-IT\",\"@id\":\"https:\\\/\\\/thelyflabs.com\\\/product\\\/space-hash-moroccan-stv-sativanol#primaryimage\",\"url\":\"https:\\\/\\\/thelyflabs.com\\\/wp-content\\\/uploads\\\/2025\\\/05\\\/mockup-Blonde-2g.png\",\"contentUrl\":\"https:\\\/\\\/thelyflabs.com\\\/wp-content\\\/uploads\\\/2025\\\/05\\\/mockup-Blonde-2g.png\",\"width\":1000,\"height\":1000},{\"@type\":\"BreadcrumbList\",\"@id\":\"https:\\\/\\\/thelyflabs.com\\\/product\\\/space-hash-moroccan-stv-sativanol#breadcrumb\",\"itemListElement\":[{\"@type\":\"ListItem\",\"position\":1,\"name\":\"Portada\",\"item\":\"https:\\\/\\\/thelyflabs.com\\\/\"},{\"@type\":\"ListItem\",\"position\":2,\"name\":\"Tienda\",\"item\":\"https:\\\/\\\/thelyflabs.com\\\/tienda\"},{\"@type\":\"ListItem\",\"position\":3,\"name\":\"Space Hash Moroccan STV (Sativanol)\"}]},{\"@type\":\"WebSite\",\"@id\":\"https:\\\/\\\/thelyflabs.com\\\/#website\",\"url\":\"https:\\\/\\\/thelyflabs.com\\\/\",\"name\":\"The LYF Labs\",\"description\":\"CBD al por mayor\",\"publisher\":{\"@id\":\"https:\\\/\\\/thelyflabs.com\\\/#organization\"},\"potentialAction\":[{\"@type\":\"SearchAction\",\"target\":{\"@type\":\"EntryPoint\",\"urlTemplate\":\"https:\\\/\\\/thelyflabs.com\\\/?s={search_term_string}\"},\"query-input\":{\"@type\":\"PropertyValueSpecification\",\"valueRequired\":true,\"valueName\":\"search_term_string\"}}],\"inLanguage\":\"it-IT\"},{\"@type\":\"Organization\",\"@id\":\"https:\\\/\\\/thelyflabs.com\\\/#organization\",\"name\":\"The LYF Labs\",\"url\":\"https:\\\/\\\/thelyflabs.com\\\/\",\"logo\":{\"@type\":\"ImageObject\",\"inLanguage\":\"it-IT\",\"@id\":\"https:\\\/\\\/thelyflabs.com\\\/#\\\/schema\\\/logo\\\/image\\\/\",\"url\":\"https:\\\/\\\/thelyflabs.com\\\/wp-content\\\/uploads\\\/2023\\\/01\\\/cropped-LogoTheLYFLabs.png\",\"contentUrl\":\"https:\\\/\\\/thelyflabs.com\\\/wp-content\\\/uploads\\\/2023\\\/01\\\/cropped-LogoTheLYFLabs.png\",\"width\":600,\"height\":180,\"caption\":\"The LYF Labs\"},\"image\":{\"@id\":\"https:\\\/\\\/thelyflabs.com\\\/#\\\/schema\\\/logo\\\/image\\\/\"}}]}<\/script>\n<!-- \/ Yoast SEO plugin. -->","yoast_head_json":{"title":"Space Hash Moroccan STV (Sativanol) - THE LYF LABS","description":"Hach\u00eds de Sativanol y CBD al mejor precio mayorista. Venta de productos de CBD y STV al por mayor con descuentos exclusivos para tiendas.","robots":{"index":"index","follow":"follow","max-snippet":"max-snippet:-1","max-image-preview":"max-image-preview:large","max-video-preview":"max-video-preview:-1"},"canonical":"https:\/\/thelyflabs.com\/it\/product\/space-hash-moroccan-stv-sativanol\/","og_locale":"it_IT","og_type":"article","og_title":"Space Hash Moroccan STV (Sativanol) - THE LYF LABS","og_description":"Hach\u00eds de Sativanol y CBD al mejor precio mayorista. Venta de productos de CBD y STV al por mayor con descuentos exclusivos para tiendas.","og_url":"https:\/\/thelyflabs.com\/it\/product\/space-hash-moroccan-stv-sativanol\/","og_site_name":"THE LYF LABS","article_modified_time":"2026-03-20T09:20:43+00:00","og_image":[{"width":1000,"height":1000,"url":"https:\/\/thelyflabs.com\/wp-content\/uploads\/2025\/05\/mockup-Blonde-2g.png","type":"image\/png"}],"twitter_card":"summary_large_image","twitter_misc":{"Tempo di lettura stimato":"4 minuti"},"schema":{"@context":"https:\/\/schema.org","@graph":[{"@type":"WebPage","@id":"https:\/\/thelyflabs.com\/product\/space-hash-moroccan-stv-sativanol","url":"https:\/\/thelyflabs.com\/product\/space-hash-moroccan-stv-sativanol","name":"Space Hash Moroccan STV (Sativanol) - THE LYF LABS","isPartOf":{"@id":"https:\/\/thelyflabs.com\/#website"},"primaryImageOfPage":{"@id":"https:\/\/thelyflabs.com\/product\/space-hash-moroccan-stv-sativanol#primaryimage"},"image":{"@id":"https:\/\/thelyflabs.com\/product\/space-hash-moroccan-stv-sativanol#primaryimage"},"thumbnailUrl":"https:\/\/thelyflabs.com\/wp-content\/uploads\/2025\/05\/mockup-Blonde-2g.png","datePublished":"2025-05-28T23:25:37+00:00","dateModified":"2026-03-20T09:20:43+00:00","description":"Hach\u00eds de Sativanol y CBD al mejor precio mayorista. Venta de productos de CBD y STV al por mayor con descuentos exclusivos para tiendas.","breadcrumb":{"@id":"https:\/\/thelyflabs.com\/product\/space-hash-moroccan-stv-sativanol#breadcrumb"},"inLanguage":"it-IT","potentialAction":[{"@type":"ReadAction","target":["https:\/\/thelyflabs.com\/product\/space-hash-moroccan-stv-sativanol"]}]},{"@type":"ImageObject","inLanguage":"it-IT","@id":"https:\/\/thelyflabs.com\/product\/space-hash-moroccan-stv-sativanol#primaryimage","url":"https:\/\/thelyflabs.com\/wp-content\/uploads\/2025\/05\/mockup-Blonde-2g.png","contentUrl":"https:\/\/thelyflabs.com\/wp-content\/uploads\/2025\/05\/mockup-Blonde-2g.png","width":1000,"height":1000},{"@type":"BreadcrumbList","@id":"https:\/\/thelyflabs.com\/product\/space-hash-moroccan-stv-sativanol#breadcrumb","itemListElement":[{"@type":"ListItem","position":1,"name":"Portada","item":"https:\/\/thelyflabs.com\/"},{"@type":"ListItem","position":2,"name":"Tienda","item":"https:\/\/thelyflabs.com\/tienda"},{"@type":"ListItem","position":3,"name":"Space Hash Moroccan STV (Sativanol)"}]},{"@type":"WebSite","@id":"https:\/\/thelyflabs.com\/#website","url":"https:\/\/thelyflabs.com\/","name":"I laboratori LYF","description":"CBD all&#039;ingrosso","publisher":{"@id":"https:\/\/thelyflabs.com\/#organization"},"potentialAction":[{"@type":"SearchAction","target":{"@type":"EntryPoint","urlTemplate":"https:\/\/thelyflabs.com\/?s={search_term_string}"},"query-input":{"@type":"PropertyValueSpecification","valueRequired":true,"valueName":"search_term_string"}}],"inLanguage":"it-IT"},{"@type":"Organization","@id":"https:\/\/thelyflabs.com\/#organization","name":"I laboratori LYF","url":"https:\/\/thelyflabs.com\/","logo":{"@type":"ImageObject","inLanguage":"it-IT","@id":"https:\/\/thelyflabs.com\/#\/schema\/logo\/image\/","url":"https:\/\/thelyflabs.com\/wp-content\/uploads\/2023\/01\/cropped-LogoTheLYFLabs.png","contentUrl":"https:\/\/thelyflabs.com\/wp-content\/uploads\/2023\/01\/cropped-LogoTheLYFLabs.png","width":600,"height":180,"caption":"The LYF Labs"},"image":{"@id":"https:\/\/thelyflabs.com\/#\/schema\/logo\/image\/"}}]}},"_links":{"self":[{"href":"https:\/\/thelyflabs.com\/it\/wp-json\/wp\/v2\/product\/12198","targetHints":{"allow":["GET"]}}],"collection":[{"href":"https:\/\/thelyflabs.com\/it\/wp-json\/wp\/v2\/product"}],"about":[{"href":"https:\/\/thelyflabs.com\/it\/wp-json\/wp\/v2\/types\/product"}],"replies":[{"embeddable":true,"href":"https:\/\/thelyflabs.com\/it\/wp-json\/wp\/v2\/comments?post=12198"}],"wp:featuredmedia":[{"embeddable":true,"href":"https:\/\/thelyflabs.com\/it\/wp-json\/wp\/v2\/media\/12219"}],"wp:attachment":[{"href":"https:\/\/thelyflabs.com\/it\/wp-json\/wp\/v2\/media?parent=12198"}],"wp:term":[{"taxonomy":"product_brand","embeddable":true,"href":"https:\/\/thelyflabs.com\/it\/wp-json\/wp\/v2\/product_brand?post=12198"},{"taxonomy":"product_cat","embeddable":true,"href":"https:\/\/thelyflabs.com\/it\/wp-json\/wp\/v2\/product_cat?post=12198"},{"taxonomy":"product_tag","embeddable":true,"href":"https:\/\/thelyflabs.com\/it\/wp-json\/wp\/v2\/product_tag?post=12198"}],"curies":[{"name":"parola chiave","href":"https:\/\/api.w.org\/{rel}","templated":true}]}}