{"id":12503,"date":"2025-06-18T18:44:27","date_gmt":"2025-06-18T16:44:27","guid":{"rendered":"https:\/\/thelyflabs.com\/?post_type=product&#038;p=12503"},"modified":"2026-01-20T12:24:38","modified_gmt":"2026-01-20T11:24:38","slug":"amnesia-cbd-indoor","status":"publish","type":"product","link":"https:\/\/thelyflabs.com\/it\/product\/amnesia-cbd-indoor","title":{"rendered":"Fiore di CBD Amnesia Indoor"},"content":{"rendered":"<h3>Fiore di CBD Amnesia Indoor | Una variet\u00e0 di cannabis potente, aromatica e psichedelica<\/h3>\n<p data-start=\"461\" data-end=\"802\"><strong>Amnesia Indoor CBD<\/strong> Di <strong data-start=\"483\" data-end=\"499\">Fumo di iguana<\/strong> Si tratta di un fiore di canapa di alta qualit\u00e0, coltivato indoor secondo standard biologici, senza pesticidi, additivi chimici o organismi geneticamente modificati (senza OGM). Questa variet\u00e0 conserva tutto il classico aroma dell&#039;Amnesia, con intense note agrumate e terrose e un caratteristico retrogusto Haze.<\/p>\n<p data-start=\"804\" data-end=\"1064\">Grazie alla coltivazione indoor, i fiori presentano una struttura densa, un&#039;elevata concentrazione di resina e un profilo terpenico molto completo. L&#039;elevato contenuto di CBD offre un effetto rilassante ed equilibrato, ideale per il benessere quotidiano, senza effetti psicoattivi.<\/p>\n<p data-start=\"1066\" data-end=\"1237\">Con meno di 0,2% di THC, questa variet\u00e0 \u00e8 conforme alle attuali normative europee. \u00c8 perfetta per chi cerca un&#039;esperienza naturale, sicura e aromaticamente potente.<\/p>\n<p data-start=\"1066\" data-end=\"1237\">Se ti \u00e8 piaciuto Amnesia Indoor, non perderti il nostro <a href=\"https:\/\/thelyflabs.com\/it\/product\/white-widow-cbd-indoor\/\">White Widow Indoor<\/a>: Stessa qualit\u00e0 premium, con un profilo pi\u00f9 terroso ed equilibrato.<\/p>","protected":false},"excerpt":{"rendered":"<ul>\n<li data-start=\"170\" data-end=\"211\"><strong>agricoltura biologica<\/strong> senza pesticidi o OGM<\/li>\n<li data-start=\"170\" data-end=\"211\"><strong>Fiori da interno di alta qualit\u00e0:<\/strong> compatto e resinoso<\/li>\n<li data-start=\"259\" data-end=\"289\"><strong>Aroma di agrumi con note Haze<\/strong><\/li>\n<li data-start=\"292\" data-end=\"341\"><strong>Alto contenuto di CBD<\/strong>, senza effetti psicoattivi<\/li>\n<li data-start=\"344\" data-end=\"386\"><strong>Meno di 0,2% di THC<\/strong>, 100% legale nell&#039;UE<\/li>\n<\/ul>","protected":false},"featured_media":12537,"comment_status":"open","ping_status":"closed","template":"","meta":{"_acf_changed":false,"site-sidebar-layout":"default","site-content-layout":"","ast-site-content-layout":"default","site-content-style":"default","site-sidebar-style":"default","ast-global-header-display":"","ast-banner-title-visibility":"","ast-main-header-display":"","ast-hfb-above-header-display":"","ast-hfb-below-header-display":"","ast-hfb-mobile-header-display":"","site-post-title":"","ast-breadcrumbs-content":"","ast-featured-img":"","footer-sml-layout":"","theme-transparent-header-meta":"default","adv-header-id-meta":"","stick-header-meta":"","header-above-stick-meta":"","header-main-stick-meta":"","header-below-stick-meta":"","astra-migrate-meta-layouts":"set","ast-page-background-enabled":"default","ast-page-background-meta":{"desktop":{"background-color":"var(--ast-global-color-4)","background-image":"","background-repeat":"repeat","background-position":"center center","background-size":"auto","background-attachment":"scroll","background-type":"","background-media":"","overlay-type":"","overlay-color":"","overlay-opacity":"","overlay-gradient":""},"tablet":{"background-color":"","background-image":"","background-repeat":"repeat","background-position":"center center","background-size":"auto","background-attachment":"scroll","background-type":"","background-media":"","overlay-type":"","overlay-color":"","overlay-opacity":"","overlay-gradient":""},"mobile":{"background-color":"","background-image":"","background-repeat":"repeat","background-position":"center center","background-size":"auto","background-attachment":"scroll","background-type":"","background-media":"","overlay-type":"","overlay-color":"","overlay-opacity":"","overlay-gradient":""}},"ast-content-background-meta":{"desktop":{"background-color":"var(--ast-global-color-5)","background-image":"","background-repeat":"repeat","background-position":"center center","background-size":"auto","background-attachment":"scroll","background-type":"","background-media":"","overlay-type":"","overlay-color":"","overlay-opacity":"","overlay-gradient":""},"tablet":{"background-color":"var(--ast-global-color-5)","background-image":"","background-repeat":"repeat","background-position":"center center","background-size":"auto","background-attachment":"scroll","background-type":"","background-media":"","overlay-type":"","overlay-color":"","overlay-opacity":"","overlay-gradient":""},"mobile":{"background-color":"var(--ast-global-color-5)","background-image":"","background-repeat":"repeat","background-position":"center center","background-size":"auto","background-attachment":"scroll","background-type":"","background-media":"","overlay-type":"","overlay-color":"","overlay-opacity":"","overlay-gradient":""}}},"product_brand":[],"product_cat":[144,24],"product_tag":[],"class_list":{"0":"post-12503","1":"product","2":"type-product","3":"status-publish","4":"has-post-thumbnail","6":"product_cat-flores-cbd-indoor","7":"product_cat-flores-de-cbd","8":"desktop-align-center","9":"tablet-align-left","10":"mobile-align-left","12":"first","13":"instock","14":"taxable","15":"shipping-taxable","16":"purchasable","17":"product-type-variable"},"acf":[],"yoast_head":"<!-- This site is optimized with the Yoast SEO plugin v27.3 - https:\/\/yoast.com\/product\/yoast-seo-wordpress\/ -->\n<title>Flor CBD Amnesia Indoor - Comprar CBD mayorista - THE LYF LABS<\/title>\n<meta name=\"description\" content=\"Amnesia Indoor CBD: flor premium con aroma c\u00edtrico y alto CBD. Cultivo interior, &lt;0,2% THC, sin efectos psicoactivos. Calidad garantizada.\" \/>\n<meta name=\"robots\" content=\"index, follow, max-snippet:-1, max-image-preview:large, max-video-preview:-1\" \/>\n<link rel=\"canonical\" href=\"https:\/\/thelyflabs.com\/it\/product\/amnesia-cbd-indoor\/\" \/>\n<meta property=\"og:locale\" content=\"it_IT\" \/>\n<meta property=\"og:type\" content=\"article\" \/>\n<meta property=\"og:title\" content=\"Flor CBD Amnesia Indoor - Comprar CBD mayorista - THE LYF LABS\" \/>\n<meta property=\"og:description\" content=\"Amnesia Indoor CBD: flor premium con aroma c\u00edtrico y alto CBD. Cultivo interior, &lt;0,2% THC, sin efectos psicoactivos. Calidad garantizada.\" \/>\n<meta property=\"og:url\" content=\"https:\/\/thelyflabs.com\/it\/product\/amnesia-cbd-indoor\/\" \/>\n<meta property=\"og:site_name\" content=\"THE LYF LABS\" \/>\n<meta property=\"article:modified_time\" content=\"2026-01-20T11:24:38+00:00\" \/>\n<meta property=\"og:image\" content=\"https:\/\/thelyflabs.com\/wp-content\/uploads\/2025\/06\/amnesia-indoor-CBD.webp\" \/>\n\t<meta property=\"og:image:width\" content=\"1000\" \/>\n\t<meta property=\"og:image:height\" content=\"1000\" \/>\n\t<meta property=\"og:image:type\" content=\"image\/webp\" \/>\n<meta name=\"twitter:card\" content=\"summary_large_image\" \/>\n<meta name=\"twitter:label1\" content=\"Tempo di lettura stimato\" \/>\n\t<meta name=\"twitter:data1\" content=\"2 minuti\" \/>\n<script type=\"application\/ld+json\" class=\"yoast-schema-graph\">{\"@context\":\"https:\\\/\\\/schema.org\",\"@graph\":[{\"@type\":\"WebPage\",\"@id\":\"https:\\\/\\\/thelyflabs.com\\\/product\\\/amnesia-cbd-indoor\",\"url\":\"https:\\\/\\\/thelyflabs.com\\\/product\\\/amnesia-cbd-indoor\",\"name\":\"Flor CBD Amnesia Indoor - Comprar CBD mayorista - THE LYF LABS\",\"isPartOf\":{\"@id\":\"https:\\\/\\\/thelyflabs.com\\\/#website\"},\"primaryImageOfPage\":{\"@id\":\"https:\\\/\\\/thelyflabs.com\\\/product\\\/amnesia-cbd-indoor#primaryimage\"},\"image\":{\"@id\":\"https:\\\/\\\/thelyflabs.com\\\/product\\\/amnesia-cbd-indoor#primaryimage\"},\"thumbnailUrl\":\"https:\\\/\\\/thelyflabs.com\\\/wp-content\\\/uploads\\\/2025\\\/06\\\/amnesia-indoor-CBD.webp\",\"datePublished\":\"2025-06-18T16:44:27+00:00\",\"dateModified\":\"2026-01-20T11:24:38+00:00\",\"description\":\"Amnesia Indoor CBD: flor premium con aroma c\u00edtrico y alto CBD. Cultivo interior, &lt;0,2% THC, sin efectos psicoactivos. Calidad garantizada.\",\"breadcrumb\":{\"@id\":\"https:\\\/\\\/thelyflabs.com\\\/product\\\/amnesia-cbd-indoor#breadcrumb\"},\"inLanguage\":\"it-IT\",\"potentialAction\":[{\"@type\":\"ReadAction\",\"target\":[\"https:\\\/\\\/thelyflabs.com\\\/product\\\/amnesia-cbd-indoor\"]}]},{\"@type\":\"ImageObject\",\"inLanguage\":\"it-IT\",\"@id\":\"https:\\\/\\\/thelyflabs.com\\\/product\\\/amnesia-cbd-indoor#primaryimage\",\"url\":\"https:\\\/\\\/thelyflabs.com\\\/wp-content\\\/uploads\\\/2025\\\/06\\\/amnesia-indoor-CBD.webp\",\"contentUrl\":\"https:\\\/\\\/thelyflabs.com\\\/wp-content\\\/uploads\\\/2025\\\/06\\\/amnesia-indoor-CBD.webp\",\"width\":1000,\"height\":1000},{\"@type\":\"BreadcrumbList\",\"@id\":\"https:\\\/\\\/thelyflabs.com\\\/product\\\/amnesia-cbd-indoor#breadcrumb\",\"itemListElement\":[{\"@type\":\"ListItem\",\"position\":1,\"name\":\"Portada\",\"item\":\"https:\\\/\\\/thelyflabs.com\\\/\"},{\"@type\":\"ListItem\",\"position\":2,\"name\":\"Tienda\",\"item\":\"https:\\\/\\\/thelyflabs.com\\\/tienda\"},{\"@type\":\"ListItem\",\"position\":3,\"name\":\"Flor CBD Amnesia Indoor\"}]},{\"@type\":\"WebSite\",\"@id\":\"https:\\\/\\\/thelyflabs.com\\\/#website\",\"url\":\"https:\\\/\\\/thelyflabs.com\\\/\",\"name\":\"The LYF Labs\",\"description\":\"CBD al por mayor\",\"publisher\":{\"@id\":\"https:\\\/\\\/thelyflabs.com\\\/#organization\"},\"potentialAction\":[{\"@type\":\"SearchAction\",\"target\":{\"@type\":\"EntryPoint\",\"urlTemplate\":\"https:\\\/\\\/thelyflabs.com\\\/?s={search_term_string}\"},\"query-input\":{\"@type\":\"PropertyValueSpecification\",\"valueRequired\":true,\"valueName\":\"search_term_string\"}}],\"inLanguage\":\"it-IT\"},{\"@type\":\"Organization\",\"@id\":\"https:\\\/\\\/thelyflabs.com\\\/#organization\",\"name\":\"The LYF Labs\",\"url\":\"https:\\\/\\\/thelyflabs.com\\\/\",\"logo\":{\"@type\":\"ImageObject\",\"inLanguage\":\"it-IT\",\"@id\":\"https:\\\/\\\/thelyflabs.com\\\/#\\\/schema\\\/logo\\\/image\\\/\",\"url\":\"https:\\\/\\\/thelyflabs.com\\\/wp-content\\\/uploads\\\/2023\\\/01\\\/cropped-LogoTheLYFLabs.png\",\"contentUrl\":\"https:\\\/\\\/thelyflabs.com\\\/wp-content\\\/uploads\\\/2023\\\/01\\\/cropped-LogoTheLYFLabs.png\",\"width\":600,\"height\":180,\"caption\":\"The LYF Labs\"},\"image\":{\"@id\":\"https:\\\/\\\/thelyflabs.com\\\/#\\\/schema\\\/logo\\\/image\\\/\"}}]}<\/script>\n<!-- \/ Yoast SEO plugin. -->","yoast_head_json":{"title":"Flor CBD Amnesia Indoor - Comprar CBD mayorista - THE LYF LABS","description":"Amnesia Indoor CBD: flor premium con aroma c\u00edtrico y alto CBD. Cultivo interior, &lt;0,2% THC, sin efectos psicoactivos. Calidad garantizada.","robots":{"index":"index","follow":"follow","max-snippet":"max-snippet:-1","max-image-preview":"max-image-preview:large","max-video-preview":"max-video-preview:-1"},"canonical":"https:\/\/thelyflabs.com\/it\/product\/amnesia-cbd-indoor\/","og_locale":"it_IT","og_type":"article","og_title":"Flor CBD Amnesia Indoor - Comprar CBD mayorista - THE LYF LABS","og_description":"Amnesia Indoor CBD: flor premium con aroma c\u00edtrico y alto CBD. Cultivo interior, &lt;0,2% THC, sin efectos psicoactivos. Calidad garantizada.","og_url":"https:\/\/thelyflabs.com\/it\/product\/amnesia-cbd-indoor\/","og_site_name":"THE LYF LABS","article_modified_time":"2026-01-20T11:24:38+00:00","og_image":[{"width":1000,"height":1000,"url":"https:\/\/thelyflabs.com\/wp-content\/uploads\/2025\/06\/amnesia-indoor-CBD.webp","type":"image\/webp"}],"twitter_card":"summary_large_image","twitter_misc":{"Tempo di lettura stimato":"2 minuti"},"schema":{"@context":"https:\/\/schema.org","@graph":[{"@type":"WebPage","@id":"https:\/\/thelyflabs.com\/product\/amnesia-cbd-indoor","url":"https:\/\/thelyflabs.com\/product\/amnesia-cbd-indoor","name":"Flor CBD Amnesia Indoor - Comprar CBD mayorista - THE LYF LABS","isPartOf":{"@id":"https:\/\/thelyflabs.com\/#website"},"primaryImageOfPage":{"@id":"https:\/\/thelyflabs.com\/product\/amnesia-cbd-indoor#primaryimage"},"image":{"@id":"https:\/\/thelyflabs.com\/product\/amnesia-cbd-indoor#primaryimage"},"thumbnailUrl":"https:\/\/thelyflabs.com\/wp-content\/uploads\/2025\/06\/amnesia-indoor-CBD.webp","datePublished":"2025-06-18T16:44:27+00:00","dateModified":"2026-01-20T11:24:38+00:00","description":"Amnesia Indoor CBD: flor premium con aroma c\u00edtrico y alto CBD. Cultivo interior, &lt;0,2% THC, sin efectos psicoactivos. Calidad garantizada.","breadcrumb":{"@id":"https:\/\/thelyflabs.com\/product\/amnesia-cbd-indoor#breadcrumb"},"inLanguage":"it-IT","potentialAction":[{"@type":"ReadAction","target":["https:\/\/thelyflabs.com\/product\/amnesia-cbd-indoor"]}]},{"@type":"ImageObject","inLanguage":"it-IT","@id":"https:\/\/thelyflabs.com\/product\/amnesia-cbd-indoor#primaryimage","url":"https:\/\/thelyflabs.com\/wp-content\/uploads\/2025\/06\/amnesia-indoor-CBD.webp","contentUrl":"https:\/\/thelyflabs.com\/wp-content\/uploads\/2025\/06\/amnesia-indoor-CBD.webp","width":1000,"height":1000},{"@type":"BreadcrumbList","@id":"https:\/\/thelyflabs.com\/product\/amnesia-cbd-indoor#breadcrumb","itemListElement":[{"@type":"ListItem","position":1,"name":"Portada","item":"https:\/\/thelyflabs.com\/"},{"@type":"ListItem","position":2,"name":"Tienda","item":"https:\/\/thelyflabs.com\/tienda"},{"@type":"ListItem","position":3,"name":"Flor CBD Amnesia Indoor"}]},{"@type":"WebSite","@id":"https:\/\/thelyflabs.com\/#website","url":"https:\/\/thelyflabs.com\/","name":"I laboratori LYF","description":"CBD all&#039;ingrosso","publisher":{"@id":"https:\/\/thelyflabs.com\/#organization"},"potentialAction":[{"@type":"SearchAction","target":{"@type":"EntryPoint","urlTemplate":"https:\/\/thelyflabs.com\/?s={search_term_string}"},"query-input":{"@type":"PropertyValueSpecification","valueRequired":true,"valueName":"search_term_string"}}],"inLanguage":"it-IT"},{"@type":"Organization","@id":"https:\/\/thelyflabs.com\/#organization","name":"I laboratori LYF","url":"https:\/\/thelyflabs.com\/","logo":{"@type":"ImageObject","inLanguage":"it-IT","@id":"https:\/\/thelyflabs.com\/#\/schema\/logo\/image\/","url":"https:\/\/thelyflabs.com\/wp-content\/uploads\/2023\/01\/cropped-LogoTheLYFLabs.png","contentUrl":"https:\/\/thelyflabs.com\/wp-content\/uploads\/2023\/01\/cropped-LogoTheLYFLabs.png","width":600,"height":180,"caption":"The LYF Labs"},"image":{"@id":"https:\/\/thelyflabs.com\/#\/schema\/logo\/image\/"}}]}},"_links":{"self":[{"href":"https:\/\/thelyflabs.com\/it\/wp-json\/wp\/v2\/product\/12503","targetHints":{"allow":["GET"]}}],"collection":[{"href":"https:\/\/thelyflabs.com\/it\/wp-json\/wp\/v2\/product"}],"about":[{"href":"https:\/\/thelyflabs.com\/it\/wp-json\/wp\/v2\/types\/product"}],"replies":[{"embeddable":true,"href":"https:\/\/thelyflabs.com\/it\/wp-json\/wp\/v2\/comments?post=12503"}],"wp:featuredmedia":[{"embeddable":true,"href":"https:\/\/thelyflabs.com\/it\/wp-json\/wp\/v2\/media\/12537"}],"wp:attachment":[{"href":"https:\/\/thelyflabs.com\/it\/wp-json\/wp\/v2\/media?parent=12503"}],"wp:term":[{"taxonomy":"product_brand","embeddable":true,"href":"https:\/\/thelyflabs.com\/it\/wp-json\/wp\/v2\/product_brand?post=12503"},{"taxonomy":"product_cat","embeddable":true,"href":"https:\/\/thelyflabs.com\/it\/wp-json\/wp\/v2\/product_cat?post=12503"},{"taxonomy":"product_tag","embeddable":true,"href":"https:\/\/thelyflabs.com\/it\/wp-json\/wp\/v2\/product_tag?post=12503"}],"curies":[{"name":"parola chiave","href":"https:\/\/api.w.org\/{rel}","templated":true}]}}