{"id":12841,"date":"2025-07-11T18:27:00","date_gmt":"2025-07-11T16:27:00","guid":{"rendered":"https:\/\/thelyflabs.com\/?post_type=product&#038;p=12841"},"modified":"2025-08-06T16:52:34","modified_gmt":"2025-08-06T14:52:34","slug":"pack-30-vapes-stv-o-10oh-space-vape-2ml","status":"publish","type":"product","link":"https:\/\/thelyflabs.com\/it\/product\/pack-30-vapes-stv-o-10oh-space-vape-2ml","title":{"rendered":"Confezione da 30 vaporizzatori di E8H, STV o 10OH \u2013 Space Vape 2ml"},"content":{"rendered":"<h4>Confezione da 30 sigarette elettroniche E8H, STV o 10-OH: scegli il massimo da Iguana Smoke<\/h4>\n<p>Vi presentiamo le ultime novit\u00e0 della nostra collezione: le sigarette elettroniche Space Vape E8H, STV e 10-OH da 2 ml. Ora in una comoda confezione da 30, cos\u00ec potrete scegliere le vostre preferite e ottenere la migliore esperienza di svapo. Questa confezione da 30 sigarette elettroniche STV o 10-OH \u00e8 ideale per chi cerca variet\u00e0 e qualit\u00e0 al miglior prezzo.<\/p>\n<h5>Scopri la nuova generazione di vapers<\/h5>\n<p>In questa confezione da 30 vaporizzatori E8H, STV e 10-OH puoi scegliere tra i nostri due tipi di vaporizzatori Space Vape:<\/p>\n<ul>\n<li>STV Vape: Sono il fiore all&#039;occhiello di Iguana Smoke. Ogni Space Vape contiene 40% di CBD e STV (Sativanolo), un cannabinoide che sta riscuotendo un grande successo. Con 2 ml di liquido premium e gli squisiti terpeni di Cali Terpenes, otterrai fino a 600 tiri senza nicotina n\u00e9 THC.<\/li>\n<li>Vaper 10-OH: Esplora l&#039;intrigante 10-OH (10-idrossi), una molecola di canapa che sta suscitando molto interesse. La ricerca \u00e8 limitata e il suo status legale \u00e8 in continua evoluzione, ma il suo profilo \u00e8 affascinante.<\/li>\n<\/ul>\n<h5>Diversi gusti tra cui scegliere<\/h5>\n<p>Per rendere la tua esperienza ancora migliore, il pacchetto Vapers da 30 STV e 10-OH include una selezione di aromi che amerai:<\/p>\n<ul>\n<li>Amnesia: con un profilo di cannabis autentico che evoca note terrose e un tocco speziato caratteristico di questa popolare variet\u00e0.<\/li>\n<li>Gelato: un sapore di cannabis dolce e delicato, con note cremose che ricordano la famosa variet\u00e0.<\/li>\n<li>Gorilla Glue: scopri un sapore di cannabis robusto e potente, con note terrose e di pino che catturano l&#039;essenza di questa variet\u00e0 leggendaria.<\/li>\n<li>Mango: esotico e dolce, con l&#039;inconfondibile sapore tropicale del mango appena maturo.<\/li>\n<li>Lemon Haze: Vibrante e rinfrescante, con un intenso aroma di limone e un tocco agrumato che dona energia.<\/li>\n<\/ul>\n<p>Pronti a scegliere i vostri prossimi vaporizzatori preferiti dalla nuova collezione di Iguana Smoke? Scopriteli!<\/p>\n<h5>Design e comfort con Iguana Smoke Seal<\/h5>\n<p>Le nostre sigarette elettroniche usa e getta sono l&#039;essenza di Iguana Smoke: pronte all&#039;uso, ricariche e manutenzione semplici e un design moderno ed elegante. Questa confezione da 30 \u00e8 l&#039;opzione perfetta per i rivenditori o per chi cerca una soluzione pratica ed elegante a lungo termine.<\/p>\n<h6>Informazioni legali<\/h6>\n<p>Secondo la normativa spagnola, questi prodotti non sono destinati al consumo umano. Sono destinati esclusivamente all&#039;uso industriale, tecnico, orticolo o collezionistico. Si prega di non guidare veicoli o utilizzare macchinari pesanti dopo la manipolazione. Le informazioni su STV e 10-OH sono ancora limitate. Desideriamo informarvi che i nostri prodotti non contengono cannabinoidi controllati.<\/p>\n<p>Tutti i nostri prodotti derivano da canapa industriale certificata. Contengono meno dello 0,3% di THC e sono privi di cannabinoidi non autorizzati come HHC, HHC-P, THCP, THCP-O, H4CBD e derivati.<\/p>\n<p>Controllare il <a href=\"https:\/\/iguanasmoke.com\/analiticas\/\">Certificato di analisi qui.<\/a><\/p>","protected":false},"excerpt":{"rendered":"<h4>Confezione da 30 unit\u00e0 di sigarette elettroniche monouso STV e 10-OH Space Vape<\/h4>\n<h5><strong>Caratteristiche<\/strong><\/h5>\n<ul>\n<li>Risparmia 60 \u20ac<\/li>\n<li>Spedizione gratuita inclusa nel prezzo<\/li>\n<li>Ricevi 15 \u20ac in crediti LYF per il tuo prossimo acquisto<\/li>\n<li>Dimensioni: 105 mm x 24 mm x 11,2 mm<\/li>\n<li>Batteria: 380 mAh<\/li>\n<li>Capacit\u00e0: 2 ml<\/li>\n<li>Sbuffi: fino a 600<\/li>\n<li>Terpeni naturali di alta qualit\u00e0<\/li>\n<li>CBD: 40%<\/li>\n<li>Codice a barre: 30%<\/li>\n<li>STV (Sativanolo)<\/li>\n<li>THC: 0%<\/li>\n<li>Numero di serie: 0%<\/li>\n<li>THC-P: 0%<\/li>\n<li>Nicotina: 0%<\/li>\n<li>Non contiene VG, PG, PEG, MCT o altri agenti di taglio<\/li>\n<\/ul>","protected":false},"featured_media":12857,"comment_status":"open","ping_status":"closed","template":"","meta":{"_acf_changed":false,"site-sidebar-layout":"default","site-content-layout":"","ast-site-content-layout":"default","site-content-style":"default","site-sidebar-style":"default","ast-global-header-display":"","ast-banner-title-visibility":"","ast-main-header-display":"","ast-hfb-above-header-display":"","ast-hfb-below-header-display":"","ast-hfb-mobile-header-display":"","site-post-title":"","ast-breadcrumbs-content":"","ast-featured-img":"","footer-sml-layout":"","theme-transparent-header-meta":"default","adv-header-id-meta":"","stick-header-meta":"","header-above-stick-meta":"","header-main-stick-meta":"","header-below-stick-meta":"","astra-migrate-meta-layouts":"set","ast-page-background-enabled":"default","ast-page-background-meta":{"desktop":{"background-color":"var(--ast-global-color-4)","background-image":"","background-repeat":"repeat","background-position":"center center","background-size":"auto","background-attachment":"scroll","background-type":"","background-media":"","overlay-type":"","overlay-color":"","overlay-opacity":"","overlay-gradient":""},"tablet":{"background-color":"","background-image":"","background-repeat":"repeat","background-position":"center center","background-size":"auto","background-attachment":"scroll","background-type":"","background-media":"","overlay-type":"","overlay-color":"","overlay-opacity":"","overlay-gradient":""},"mobile":{"background-color":"","background-image":"","background-repeat":"repeat","background-position":"center center","background-size":"auto","background-attachment":"scroll","background-type":"","background-media":"","overlay-type":"","overlay-color":"","overlay-opacity":"","overlay-gradient":""}},"ast-content-background-meta":{"desktop":{"background-color":"var(--ast-global-color-5)","background-image":"","background-repeat":"repeat","background-position":"center center","background-size":"auto","background-attachment":"scroll","background-type":"","background-media":"","overlay-type":"","overlay-color":"","overlay-opacity":"","overlay-gradient":""},"tablet":{"background-color":"var(--ast-global-color-5)","background-image":"","background-repeat":"repeat","background-position":"center center","background-size":"auto","background-attachment":"scroll","background-type":"","background-media":"","overlay-type":"","overlay-color":"","overlay-opacity":"","overlay-gradient":""},"mobile":{"background-color":"var(--ast-global-color-5)","background-image":"","background-repeat":"repeat","background-position":"center center","background-size":"auto","background-attachment":"scroll","background-type":"","background-media":"","overlay-type":"","overlay-color":"","overlay-opacity":"","overlay-gradient":""}}},"product_brand":[],"product_cat":[140,145,40,146,102,138],"product_tag":[],"class_list":{"0":"post-12841","1":"product","2":"type-product","3":"status-publish","4":"has-post-thumbnail","6":"product_cat-10oh","7":"product_cat-e8h","8":"product_cat-iguanasmoke","9":"product_cat-nuevas-moleculas","10":"product_cat-packs-y-ofertas","11":"product_cat-stv-sativanol","12":"desktop-align-center","13":"tablet-align-left","14":"mobile-align-left","16":"first","17":"instock","18":"sale","19":"taxable","20":"shipping-taxable","21":"purchasable","22":"product-type-composite"},"acf":[],"yoast_head":"<!-- This site is optimized with the Yoast SEO plugin v27.4 - https:\/\/yoast.com\/product\/yoast-seo-wordpress\/ -->\n<title>Pack 30 Vapes de E8H, STV o 10OH - Space Vape 2ml - THE LYF LABS<\/title>\n<meta name=\"description\" content=\"Pack 30 Vapes STV o 10-OH - Space Vape 2ml. 600 caladas, sin THC ni nicotina. Producto legal, sin aditivos. Ideal para distribuci\u00f3n mayorista.\" \/>\n<meta name=\"robots\" content=\"index, follow, max-snippet:-1, max-image-preview:large, max-video-preview:-1\" \/>\n<link rel=\"canonical\" href=\"https:\/\/thelyflabs.com\/it\/product\/pack-30-vapes-stv-o-10oh-space-vape-2ml\/\" \/>\n<meta property=\"og:locale\" content=\"it_IT\" \/>\n<meta property=\"og:type\" content=\"article\" \/>\n<meta property=\"og:title\" content=\"Pack 30 Vapes de E8H, STV o 10OH - Space Vape 2ml - THE LYF LABS\" \/>\n<meta property=\"og:description\" content=\"Pack 30 Vapes STV o 10-OH - Space Vape 2ml. 600 caladas, sin THC ni nicotina. Producto legal, sin aditivos. Ideal para distribuci\u00f3n mayorista.\" \/>\n<meta property=\"og:url\" content=\"https:\/\/thelyflabs.com\/it\/product\/pack-30-vapes-stv-o-10oh-space-vape-2ml\/\" \/>\n<meta property=\"og:site_name\" content=\"THE LYF LABS\" \/>\n<meta property=\"article:modified_time\" content=\"2025-08-06T14:52:34+00:00\" \/>\n<meta property=\"og:image\" content=\"https:\/\/thelyflabs.com\/wp-content\/uploads\/2025\/07\/Pack-Space-Vape-30x.webp\" \/>\n\t<meta property=\"og:image:width\" content=\"1000\" \/>\n\t<meta property=\"og:image:height\" content=\"1000\" \/>\n\t<meta property=\"og:image:type\" content=\"image\/webp\" \/>\n<meta name=\"twitter:card\" content=\"summary_large_image\" \/>\n<meta name=\"twitter:label1\" content=\"Tempo di lettura stimato\" \/>\n\t<meta name=\"twitter:data1\" content=\"3 minuti\" \/>\n<script type=\"application\/ld+json\" class=\"yoast-schema-graph\">{\"@context\":\"https:\\\/\\\/schema.org\",\"@graph\":[{\"@type\":\"WebPage\",\"@id\":\"https:\\\/\\\/thelyflabs.com\\\/product\\\/pack-30-vapes-stv-o-10oh-space-vape-2ml\",\"url\":\"https:\\\/\\\/thelyflabs.com\\\/product\\\/pack-30-vapes-stv-o-10oh-space-vape-2ml\",\"name\":\"Pack 30 Vapes de E8H, STV o 10OH - Space Vape 2ml - THE LYF LABS\",\"isPartOf\":{\"@id\":\"https:\\\/\\\/thelyflabs.com\\\/#website\"},\"primaryImageOfPage\":{\"@id\":\"https:\\\/\\\/thelyflabs.com\\\/product\\\/pack-30-vapes-stv-o-10oh-space-vape-2ml#primaryimage\"},\"image\":{\"@id\":\"https:\\\/\\\/thelyflabs.com\\\/product\\\/pack-30-vapes-stv-o-10oh-space-vape-2ml#primaryimage\"},\"thumbnailUrl\":\"https:\\\/\\\/thelyflabs.com\\\/wp-content\\\/uploads\\\/2025\\\/07\\\/Pack-Space-Vape-30x.webp\",\"datePublished\":\"2025-07-11T16:27:00+00:00\",\"dateModified\":\"2025-08-06T14:52:34+00:00\",\"description\":\"Pack 30 Vapes STV o 10-OH - Space Vape 2ml. 600 caladas, sin THC ni nicotina. Producto legal, sin aditivos. Ideal para distribuci\u00f3n mayorista.\",\"breadcrumb\":{\"@id\":\"https:\\\/\\\/thelyflabs.com\\\/product\\\/pack-30-vapes-stv-o-10oh-space-vape-2ml#breadcrumb\"},\"inLanguage\":\"it-IT\",\"potentialAction\":[{\"@type\":\"ReadAction\",\"target\":[\"https:\\\/\\\/thelyflabs.com\\\/product\\\/pack-30-vapes-stv-o-10oh-space-vape-2ml\"]}]},{\"@type\":\"ImageObject\",\"inLanguage\":\"it-IT\",\"@id\":\"https:\\\/\\\/thelyflabs.com\\\/product\\\/pack-30-vapes-stv-o-10oh-space-vape-2ml#primaryimage\",\"url\":\"https:\\\/\\\/thelyflabs.com\\\/wp-content\\\/uploads\\\/2025\\\/07\\\/Pack-Space-Vape-30x.webp\",\"contentUrl\":\"https:\\\/\\\/thelyflabs.com\\\/wp-content\\\/uploads\\\/2025\\\/07\\\/Pack-Space-Vape-30x.webp\",\"width\":1000,\"height\":1000},{\"@type\":\"BreadcrumbList\",\"@id\":\"https:\\\/\\\/thelyflabs.com\\\/product\\\/pack-30-vapes-stv-o-10oh-space-vape-2ml#breadcrumb\",\"itemListElement\":[{\"@type\":\"ListItem\",\"position\":1,\"name\":\"Portada\",\"item\":\"https:\\\/\\\/thelyflabs.com\\\/\"},{\"@type\":\"ListItem\",\"position\":2,\"name\":\"Tienda\",\"item\":\"https:\\\/\\\/thelyflabs.com\\\/tienda\"},{\"@type\":\"ListItem\",\"position\":3,\"name\":\"Pack 30 Vapes de E8H, STV o 10OH &#8211; Space Vape 2ml\"}]},{\"@type\":\"WebSite\",\"@id\":\"https:\\\/\\\/thelyflabs.com\\\/#website\",\"url\":\"https:\\\/\\\/thelyflabs.com\\\/\",\"name\":\"The LYF Labs\",\"description\":\"CBD al por mayor\",\"publisher\":{\"@id\":\"https:\\\/\\\/thelyflabs.com\\\/#organization\"},\"potentialAction\":[{\"@type\":\"SearchAction\",\"target\":{\"@type\":\"EntryPoint\",\"urlTemplate\":\"https:\\\/\\\/thelyflabs.com\\\/?s={search_term_string}\"},\"query-input\":{\"@type\":\"PropertyValueSpecification\",\"valueRequired\":true,\"valueName\":\"search_term_string\"}}],\"inLanguage\":\"it-IT\"},{\"@type\":\"Organization\",\"@id\":\"https:\\\/\\\/thelyflabs.com\\\/#organization\",\"name\":\"The LYF Labs\",\"url\":\"https:\\\/\\\/thelyflabs.com\\\/\",\"logo\":{\"@type\":\"ImageObject\",\"inLanguage\":\"it-IT\",\"@id\":\"https:\\\/\\\/thelyflabs.com\\\/#\\\/schema\\\/logo\\\/image\\\/\",\"url\":\"https:\\\/\\\/thelyflabs.com\\\/wp-content\\\/uploads\\\/2023\\\/01\\\/cropped-LogoTheLYFLabs.png\",\"contentUrl\":\"https:\\\/\\\/thelyflabs.com\\\/wp-content\\\/uploads\\\/2023\\\/01\\\/cropped-LogoTheLYFLabs.png\",\"width\":600,\"height\":180,\"caption\":\"The LYF Labs\"},\"image\":{\"@id\":\"https:\\\/\\\/thelyflabs.com\\\/#\\\/schema\\\/logo\\\/image\\\/\"}}]}<\/script>\n<!-- \/ Yoast SEO plugin. -->","yoast_head_json":{"title":"Pack 30 Vapes de E8H, STV o 10OH - Space Vape 2ml - THE LYF LABS","description":"Pack 30 Vapes STV o 10-OH - Space Vape 2ml. 600 caladas, sin THC ni nicotina. Producto legal, sin aditivos. Ideal para distribuci\u00f3n mayorista.","robots":{"index":"index","follow":"follow","max-snippet":"max-snippet:-1","max-image-preview":"max-image-preview:large","max-video-preview":"max-video-preview:-1"},"canonical":"https:\/\/thelyflabs.com\/it\/product\/pack-30-vapes-stv-o-10oh-space-vape-2ml\/","og_locale":"it_IT","og_type":"article","og_title":"Pack 30 Vapes de E8H, STV o 10OH - Space Vape 2ml - THE LYF LABS","og_description":"Pack 30 Vapes STV o 10-OH - Space Vape 2ml. 600 caladas, sin THC ni nicotina. Producto legal, sin aditivos. Ideal para distribuci\u00f3n mayorista.","og_url":"https:\/\/thelyflabs.com\/it\/product\/pack-30-vapes-stv-o-10oh-space-vape-2ml\/","og_site_name":"THE LYF LABS","article_modified_time":"2025-08-06T14:52:34+00:00","og_image":[{"width":1000,"height":1000,"url":"https:\/\/thelyflabs.com\/wp-content\/uploads\/2025\/07\/Pack-Space-Vape-30x.webp","type":"image\/webp"}],"twitter_card":"summary_large_image","twitter_misc":{"Tempo di lettura stimato":"3 minuti"},"schema":{"@context":"https:\/\/schema.org","@graph":[{"@type":"WebPage","@id":"https:\/\/thelyflabs.com\/product\/pack-30-vapes-stv-o-10oh-space-vape-2ml","url":"https:\/\/thelyflabs.com\/product\/pack-30-vapes-stv-o-10oh-space-vape-2ml","name":"Pack 30 Vapes de E8H, STV o 10OH - Space Vape 2ml - THE LYF LABS","isPartOf":{"@id":"https:\/\/thelyflabs.com\/#website"},"primaryImageOfPage":{"@id":"https:\/\/thelyflabs.com\/product\/pack-30-vapes-stv-o-10oh-space-vape-2ml#primaryimage"},"image":{"@id":"https:\/\/thelyflabs.com\/product\/pack-30-vapes-stv-o-10oh-space-vape-2ml#primaryimage"},"thumbnailUrl":"https:\/\/thelyflabs.com\/wp-content\/uploads\/2025\/07\/Pack-Space-Vape-30x.webp","datePublished":"2025-07-11T16:27:00+00:00","dateModified":"2025-08-06T14:52:34+00:00","description":"Pack 30 Vapes STV o 10-OH - Space Vape 2ml. 600 caladas, sin THC ni nicotina. Producto legal, sin aditivos. Ideal para distribuci\u00f3n mayorista.","breadcrumb":{"@id":"https:\/\/thelyflabs.com\/product\/pack-30-vapes-stv-o-10oh-space-vape-2ml#breadcrumb"},"inLanguage":"it-IT","potentialAction":[{"@type":"ReadAction","target":["https:\/\/thelyflabs.com\/product\/pack-30-vapes-stv-o-10oh-space-vape-2ml"]}]},{"@type":"ImageObject","inLanguage":"it-IT","@id":"https:\/\/thelyflabs.com\/product\/pack-30-vapes-stv-o-10oh-space-vape-2ml#primaryimage","url":"https:\/\/thelyflabs.com\/wp-content\/uploads\/2025\/07\/Pack-Space-Vape-30x.webp","contentUrl":"https:\/\/thelyflabs.com\/wp-content\/uploads\/2025\/07\/Pack-Space-Vape-30x.webp","width":1000,"height":1000},{"@type":"BreadcrumbList","@id":"https:\/\/thelyflabs.com\/product\/pack-30-vapes-stv-o-10oh-space-vape-2ml#breadcrumb","itemListElement":[{"@type":"ListItem","position":1,"name":"Portada","item":"https:\/\/thelyflabs.com\/"},{"@type":"ListItem","position":2,"name":"Tienda","item":"https:\/\/thelyflabs.com\/tienda"},{"@type":"ListItem","position":3,"name":"Pack 30 Vapes de E8H, STV o 10OH &#8211; Space Vape 2ml"}]},{"@type":"WebSite","@id":"https:\/\/thelyflabs.com\/#website","url":"https:\/\/thelyflabs.com\/","name":"I laboratori LYF","description":"CBD all&#039;ingrosso","publisher":{"@id":"https:\/\/thelyflabs.com\/#organization"},"potentialAction":[{"@type":"SearchAction","target":{"@type":"EntryPoint","urlTemplate":"https:\/\/thelyflabs.com\/?s={search_term_string}"},"query-input":{"@type":"PropertyValueSpecification","valueRequired":true,"valueName":"search_term_string"}}],"inLanguage":"it-IT"},{"@type":"Organization","@id":"https:\/\/thelyflabs.com\/#organization","name":"I laboratori LYF","url":"https:\/\/thelyflabs.com\/","logo":{"@type":"ImageObject","inLanguage":"it-IT","@id":"https:\/\/thelyflabs.com\/#\/schema\/logo\/image\/","url":"https:\/\/thelyflabs.com\/wp-content\/uploads\/2023\/01\/cropped-LogoTheLYFLabs.png","contentUrl":"https:\/\/thelyflabs.com\/wp-content\/uploads\/2023\/01\/cropped-LogoTheLYFLabs.png","width":600,"height":180,"caption":"The LYF Labs"},"image":{"@id":"https:\/\/thelyflabs.com\/#\/schema\/logo\/image\/"}}]}},"_links":{"self":[{"href":"https:\/\/thelyflabs.com\/it\/wp-json\/wp\/v2\/product\/12841","targetHints":{"allow":["GET"]}}],"collection":[{"href":"https:\/\/thelyflabs.com\/it\/wp-json\/wp\/v2\/product"}],"about":[{"href":"https:\/\/thelyflabs.com\/it\/wp-json\/wp\/v2\/types\/product"}],"replies":[{"embeddable":true,"href":"https:\/\/thelyflabs.com\/it\/wp-json\/wp\/v2\/comments?post=12841"}],"wp:featuredmedia":[{"embeddable":true,"href":"https:\/\/thelyflabs.com\/it\/wp-json\/wp\/v2\/media\/12857"}],"wp:attachment":[{"href":"https:\/\/thelyflabs.com\/it\/wp-json\/wp\/v2\/media?parent=12841"}],"wp:term":[{"taxonomy":"product_brand","embeddable":true,"href":"https:\/\/thelyflabs.com\/it\/wp-json\/wp\/v2\/product_brand?post=12841"},{"taxonomy":"product_cat","embeddable":true,"href":"https:\/\/thelyflabs.com\/it\/wp-json\/wp\/v2\/product_cat?post=12841"},{"taxonomy":"product_tag","embeddable":true,"href":"https:\/\/thelyflabs.com\/it\/wp-json\/wp\/v2\/product_tag?post=12841"}],"curies":[{"name":"parola chiave","href":"https:\/\/api.w.org\/{rel}","templated":true}]}}