{"id":12937,"date":"2025-07-16T21:05:09","date_gmt":"2025-07-16T19:05:09","guid":{"rendered":"https:\/\/thelyflabs.com\/?post_type=product&#038;p=12937"},"modified":"2026-03-19T15:28:45","modified_gmt":"2026-03-19T14:28:45","slug":"hash-cbd-frozen-cider","status":"publish","type":"product","link":"https:\/\/thelyflabs.com\/it\/product\/hash-cbd-frozen-cider","title":{"rendered":"Sidro dorato congelato al CBD Hash"},"content":{"rendered":"<h1><span style=\"font-weight: 400\">Hash CBD Frozen Golden Cider 61%: Purezza ghiacciata con un effetto profondo<\/span><\/h1>\n<p><span style=\"font-weight: 400\">Lui <strong>CBD hashish Frozen Golden Cider<\/strong> Si distingue per il suo impressionante contenuto di CBD, che arriva fino a <strong>61% en total (56%CBD + 5%CBD-A)<\/strong>, insieme a un <strong>0,4% di CBG<\/strong>Questa potente concentrazione lo rende una scelta ideale per coloro che cercano un <strong>effetto rilassante potente e duraturo<\/strong>Inoltre, questa variet\u00e0 \u00e8 riconosciuta nel mondo dei cannabinoidi, la <strong>Hashish CBD Frozen Golden Cider<\/strong> Si distingue per i suoi effetti unici.\u00a0<\/span><\/p>\n<p><span style=\"font-weight: 400\">Questo hashish \u00e8 fatto da <strong>fiori di canapa congelati<\/strong> subito dopo il raccolto per preservare cannabinoidi e terpeni grazie alla tecnica Frozen Extract. Utilizzando il \u00ab<strong>hashish all&#039;acqua ghiacciata<\/strong>\u00bb o estrazione con acqua ghiacciata, che consiste nell&#039;agitare i fiori congelati in acqua ghiacciata per separare i <strong>tricomi <\/strong>(piccole ghiandole riempite di resina che contengono CBD e altri composti attivi) e vengono pressate per creare un <strong>hashish puro e potente<\/strong>. <\/span><\/p>\n<p><span style=\"font-weight: 400\">A volte la tecnica viene applicata <em>colofonia<\/em>, che estrae la resina senza solventi utilizzando calore e pressione, per un&#039;estrazione ancora pi\u00f9 pulita.\u00a0<\/span><\/p>\n<p><span style=\"font-weight: 400\">Contiene anche meno dello 0,31% di THC, quindi questo hashish \u00e8 <strong>legale in Spagna e in Europa<\/strong>Esplora la sua consistenza e assapora i suoi aromi! Scopri perch\u00e9 il <strong>Hash CBD Frozen Golden Cider 61% <\/strong>\u00c8 una delle resine pi\u00f9 potenti e di qualit\u00e0 pi\u00f9 elevata che puoi trovare se vuoi <strong>hashish CBD economico<\/strong> ma di qualit\u00e0 superiore.<\/span><\/p>\n<p>&nbsp;<\/p>\n<h2>Caratteristiche di Hash CBD Frozen Golden Cider:<\/h2>\n<ul>\n<li><b>Aspetto e consistenza: <span style=\"font-size: 16px;font-weight: 400\">Si distingue per il suo colore dorato, <strong>consistenza cristallina e compatta<\/strong>Una volta riscaldato, si scioglie delicatamente, rilasciando un <strong>fumo denso<\/strong> e setoso, rivelando la sua purezza e qualit\u00e0 superiore. Il suo c<strong>consistenza friabile<\/strong> Facilita un utilizzo piacevole, riflettendo la cura e la precisione nella sua produzione artigianale.\u00a0<\/span><\/b><\/li>\n<li><span style=\"font-size: 16px;font-weight: 400\"><strong>Aroma e sapore:<\/strong> fresco e naturale, che ricorda <strong>foreste di pini<\/strong>Offre un sapore equilibrato con <strong>note erbacee<\/strong> che evocano la freschezza della natura, accompagnata da un <strong>leggero tocco di menta<\/strong> che porta freschezza. <strong>Sfumature agrumate e sentori di legno di cedro<\/strong> che arricchiscono l&#039;esperienza e la rendono memorabile.\u00a0\u00a0<\/span><\/li>\n<li><strong>Origine e purezza:<\/strong><span style=\"font-size: 16px;font-weight: 400\"> Ha le sue radici nelle montagne di <strong>Afghanistan<\/strong>Combina la tradizione dell&#039;hashish afghano con tecniche moderne. Realizzato con fiori di canapa ricchi di CBD, offre un&#039;esperienza legale, calmante e rilassante. Unisce <strong style=\"font-size: 16px;font-style: normal\">saggezza ancestrale e innovazione<\/strong>per mantenere viva l&#039;essenza dell&#039;autentico hashish artigianale.\u00a0<\/span><\/li>\n<\/ul>\n<p>&nbsp;<\/p>\n<h3 data-start=\"249\" data-end=\"612\">Origine dell&#039;hashish CBD congelato<\/h3>\n<p data-start=\"192\" data-end=\"448\">Frozen affonda le sue radici nelle montagne dell&#039;Afghanistan, un&#039;area nota da secoli per la sua competenza nella produzione di hashish di alta qualit\u00e0. \u00c8 l\u00ec che sono nate e perfezionate le tecniche tradizionali che ancora oggi ispirano i moderni artigiani della cannabis.<\/p>\n<p data-start=\"450\" data-end=\"735\">Frozen Golden Cider attinge a questa eredit\u00e0 ancestrale per combinare antiche tecniche di estrazione dell&#039;hashish con metodi moderni, utilizzando fiori di canapa ricchi di CBD per creare hashish legale che offre un&#039;esperienza lenitiva e profondamente rilassante. Pertanto, Frozen Hash non \u00e8 solo un prodotto; \u00e8 il risultato dell&#039;unione di conoscenze antiche e innovazione.<\/p>\n<h3 data-start=\"96\" data-end=\"128\">Potente concentrazione di CBD<\/h3>\n<p data-start=\"130\" data-end=\"468\">Frozen Golden Cider si distingue per il suo impressionante contenuto di CBD, raggiungendo un totale di 61% (56% CBD + 5% CBD-A), insieme a 0,4% CBG. Questa potente concentrazione lo rende la scelta ideale per chi cerca un effetto rilassante potente e duraturo.<\/p>\n<section class=\"product-description\">\n<h2>Qualit\u00e0 e sicurezza<\/h2>\n<p>In <strong>I laboratori Lyf<\/strong>, garantiamo che ogni lotto di <span style=\"font-weight: 400\"><strong>Sidro dorato congelato al CBD Hash<\/strong><\/span>\u00a0Viene sottoposto a rigorose analisi di laboratorio per confermarne la purezza, l&#039;assenza di pesticidi e i livelli legali di THC (inferiori a 0,3%). Il nostro impegno per la qualit\u00e0 e la sicurezza ci consente di offrire un prodotto affidabile, adatto a tutti gli utenti che apprezzano la legalit\u00e0 e l&#039;eccellenza nel loro consumo.<\/p>\n<p>&nbsp;<\/p>\n<p><span style=\"font-size: 1.7em;font-weight: bold\">Perch\u00e9 acquistare <span style=\"font-weight: 400\"><strong>Sidro dorato congelato al CBD Hash<\/strong><\/span>\u00a0presso The Lyf Labs?<\/span><\/p>\n<\/section>\n<section class=\"product-description\">\n<ul>\n<li>Prodotto 100% legale nell&#039;Unione Europea, conforme alle normative vigenti sul THC.<\/li>\n<li>Naturale, senza pesticidi n\u00e9 additivi chimici, a garanzia di un consumo sicuro e sano.<\/li>\n<li>Testati in laboratori certificati per garantire la massima purezza e qualit\u00e0.<\/li>\n<li>Ogni acquisto \u00e8 accompagnato da una consegna rapida e da un servizio professionale.<\/li>\n<li>Acquisto sicuro e supporto specializzato per risolvere qualsiasi dubbio.<\/li>\n<\/ul>\n<p>Lyf Labs si impegna a offrire prodotti che uniscono tradizione, innovazione e la massima qualit\u00e0. <span style=\"font-weight: 400\"><strong>Sidro dorato congelato al CBD Hash<\/strong><\/span>\u00a0\u00c8 una scelta eccellente per chi cerca un hashish artigianale dal profilo moderno e un&#039;esperienza d&#039;uso unica. Affidati a noi per aggiungere alla tua collezione o al tuo catalogo un prodotto che si distingue per autenticit\u00e0, sapore e affidabilit\u00e0.<\/p>\n<p>&nbsp;<\/p>\n<p><span style=\"font-size: 1.7em;font-weight: bold\">Lyf Labs \u00e8 di qualit\u00e0<\/span><\/p>\n<\/section>\n<p>Lyf Labs rappresenta l&#039;eccellenza nel mercato all&#039;ingrosso dei cannabinoidi, offrendo prodotti innovativi, sicuri e ad alta purezza a negozi specializzati e distributori. Ci concentriamo sulla soddisfazione delle esigenze di un settore professionale che ricerca qualit\u00e0 costante, tracciabilit\u00e0 e prezzi competitivi. Se cercate un fornitore affidabile e lungimirante, in Lyf Labs troverete un partner strategico che vi aiuter\u00e0 a crescere nel mercato della canapa.<\/p>","protected":false},"excerpt":{"rendered":"<ul>\n<li>Questo <strong>hash<\/strong> <span style=\"font-weight: 400\"><strong>Sidro dorato congelato al CBD <\/strong><\/span>\u00c8 realizzato con fiori freschi, congelati ed estratti a freddo per preservare la massima purezza e concentrazione di terpeni:\n<ul>\n<li data-start=\"246\" data-end=\"275\">Texture fine e dorata<\/li>\n<li>Prodotto legale in Spagna: THC &lt;0,3%<\/li>\n<\/ul>\n<p>Analisi della qualit\u00e0: clicca <a href=\"https:\/\/iguanasmoke.com\/analiticas\/\">Qui<\/a><\/li>\n<\/ul>","protected":false},"featured_media":17440,"comment_status":"open","ping_status":"closed","template":"","meta":{"_acf_changed":false,"site-sidebar-layout":"default","site-content-layout":"","ast-site-content-layout":"default","site-content-style":"default","site-sidebar-style":"default","ast-global-header-display":"","ast-banner-title-visibility":"","ast-main-header-display":"","ast-hfb-above-header-display":"","ast-hfb-below-header-display":"","ast-hfb-mobile-header-display":"","site-post-title":"","ast-breadcrumbs-content":"","ast-featured-img":"","footer-sml-layout":"","theme-transparent-header-meta":"default","adv-header-id-meta":"","stick-header-meta":"","header-above-stick-meta":"","header-main-stick-meta":"","header-below-stick-meta":"","astra-migrate-meta-layouts":"set","ast-page-background-enabled":"default","ast-page-background-meta":{"desktop":{"background-color":"var(--ast-global-color-4)","background-image":"","background-repeat":"repeat","background-position":"center center","background-size":"auto","background-attachment":"scroll","background-type":"","background-media":"","overlay-type":"","overlay-color":"","overlay-opacity":"","overlay-gradient":""},"tablet":{"background-color":"","background-image":"","background-repeat":"repeat","background-position":"center center","background-size":"auto","background-attachment":"scroll","background-type":"","background-media":"","overlay-type":"","overlay-color":"","overlay-opacity":"","overlay-gradient":""},"mobile":{"background-color":"","background-image":"","background-repeat":"repeat","background-position":"center center","background-size":"auto","background-attachment":"scroll","background-type":"","background-media":"","overlay-type":"","overlay-color":"","overlay-opacity":"","overlay-gradient":""}},"ast-content-background-meta":{"desktop":{"background-color":"var(--ast-global-color-5)","background-image":"","background-repeat":"repeat","background-position":"center center","background-size":"auto","background-attachment":"scroll","background-type":"","background-media":"","overlay-type":"","overlay-color":"","overlay-opacity":"","overlay-gradient":""},"tablet":{"background-color":"var(--ast-global-color-5)","background-image":"","background-repeat":"repeat","background-position":"center center","background-size":"auto","background-attachment":"scroll","background-type":"","background-media":"","overlay-type":"","overlay-color":"","overlay-opacity":"","overlay-gradient":""},"mobile":{"background-color":"var(--ast-global-color-5)","background-image":"","background-repeat":"repeat","background-position":"center center","background-size":"auto","background-attachment":"scroll","background-type":"","background-media":"","overlay-type":"","overlay-color":"","overlay-opacity":"","overlay-gradient":""}}},"product_brand":[],"product_cat":[66],"product_tag":[],"class_list":{"0":"post-12937","1":"product","2":"type-product","3":"status-publish","4":"has-post-thumbnail","6":"product_cat-resinas","7":"desktop-align-center","8":"tablet-align-left","9":"mobile-align-left","11":"first","12":"instock","13":"taxable","14":"shipping-taxable","15":"purchasable","16":"product-type-variable"},"acf":[],"yoast_head":"<!-- This site is optimized with the Yoast SEO plugin v27.4 - https:\/\/yoast.com\/product\/yoast-seo-wordpress\/ -->\n<title>Hash CBD Frozen Golden Cider - Comprar CBD legal al por mayor - THE LYF LABS<\/title>\n<meta name=\"description\" content=\"Compra Hash CBD Frozen Golden Cider al por mayor. Producto legal en la UE. Descuentos para mayoristas y distribuidores de CBD legal\" \/>\n<meta name=\"robots\" content=\"index, follow, max-snippet:-1, max-image-preview:large, max-video-preview:-1\" \/>\n<link rel=\"canonical\" href=\"https:\/\/thelyflabs.com\/it\/product\/hash-cbd-frozen-cider\/\" \/>\n<meta property=\"og:locale\" content=\"it_IT\" \/>\n<meta property=\"og:type\" content=\"article\" \/>\n<meta property=\"og:title\" content=\"Hash CBD Frozen Golden Cider - Comprar CBD legal al por mayor - THE LYF LABS\" \/>\n<meta property=\"og:description\" content=\"Compra Hash CBD Frozen Golden Cider al por mayor. Producto legal en la UE. Descuentos para mayoristas y distribuidores de CBD legal\" \/>\n<meta property=\"og:url\" content=\"https:\/\/thelyflabs.com\/it\/product\/hash-cbd-frozen-cider\/\" \/>\n<meta property=\"og:site_name\" content=\"THE LYF LABS\" \/>\n<meta property=\"article:modified_time\" content=\"2026-03-19T14:28:45+00:00\" \/>\n<meta property=\"og:image\" content=\"https:\/\/thelyflabs.com\/wp-content\/uploads\/2025\/07\/Frozen-2g-con-hash.webp\" \/>\n\t<meta property=\"og:image:width\" content=\"1000\" \/>\n\t<meta property=\"og:image:height\" content=\"1000\" \/>\n\t<meta property=\"og:image:type\" content=\"image\/webp\" \/>\n<meta name=\"twitter:card\" content=\"summary_large_image\" \/>\n<meta name=\"twitter:label1\" content=\"Tempo di lettura stimato\" \/>\n\t<meta name=\"twitter:data1\" content=\"4 minuti\" \/>\n<script type=\"application\/ld+json\" class=\"yoast-schema-graph\">{\"@context\":\"https:\\\/\\\/schema.org\",\"@graph\":[{\"@type\":\"WebPage\",\"@id\":\"https:\\\/\\\/thelyflabs.com\\\/product\\\/hash-cbd-frozen-cider\",\"url\":\"https:\\\/\\\/thelyflabs.com\\\/product\\\/hash-cbd-frozen-cider\",\"name\":\"Hash CBD Frozen Golden Cider - Comprar CBD legal al por mayor - THE LYF LABS\",\"isPartOf\":{\"@id\":\"https:\\\/\\\/thelyflabs.com\\\/#website\"},\"primaryImageOfPage\":{\"@id\":\"https:\\\/\\\/thelyflabs.com\\\/product\\\/hash-cbd-frozen-cider#primaryimage\"},\"image\":{\"@id\":\"https:\\\/\\\/thelyflabs.com\\\/product\\\/hash-cbd-frozen-cider#primaryimage\"},\"thumbnailUrl\":\"https:\\\/\\\/thelyflabs.com\\\/wp-content\\\/uploads\\\/2025\\\/07\\\/Frozen-2g-con-hash.webp\",\"datePublished\":\"2025-07-16T19:05:09+00:00\",\"dateModified\":\"2026-03-19T14:28:45+00:00\",\"description\":\"Compra Hash CBD Frozen Golden Cider al por mayor. Producto legal en la UE. Descuentos para mayoristas y distribuidores de CBD legal\",\"breadcrumb\":{\"@id\":\"https:\\\/\\\/thelyflabs.com\\\/product\\\/hash-cbd-frozen-cider#breadcrumb\"},\"inLanguage\":\"it-IT\",\"potentialAction\":[{\"@type\":\"ReadAction\",\"target\":[\"https:\\\/\\\/thelyflabs.com\\\/product\\\/hash-cbd-frozen-cider\"]}]},{\"@type\":\"ImageObject\",\"inLanguage\":\"it-IT\",\"@id\":\"https:\\\/\\\/thelyflabs.com\\\/product\\\/hash-cbd-frozen-cider#primaryimage\",\"url\":\"https:\\\/\\\/thelyflabs.com\\\/wp-content\\\/uploads\\\/2025\\\/07\\\/Frozen-2g-con-hash.webp\",\"contentUrl\":\"https:\\\/\\\/thelyflabs.com\\\/wp-content\\\/uploads\\\/2025\\\/07\\\/Frozen-2g-con-hash.webp\",\"width\":1000,\"height\":1000,\"caption\":\"Hash CBD Frozen Golden 2g\"},{\"@type\":\"BreadcrumbList\",\"@id\":\"https:\\\/\\\/thelyflabs.com\\\/product\\\/hash-cbd-frozen-cider#breadcrumb\",\"itemListElement\":[{\"@type\":\"ListItem\",\"position\":1,\"name\":\"Portada\",\"item\":\"https:\\\/\\\/thelyflabs.com\\\/\"},{\"@type\":\"ListItem\",\"position\":2,\"name\":\"Tienda\",\"item\":\"https:\\\/\\\/thelyflabs.com\\\/tienda\"},{\"@type\":\"ListItem\",\"position\":3,\"name\":\"Hash CBD Frozen Golden Cider\"}]},{\"@type\":\"WebSite\",\"@id\":\"https:\\\/\\\/thelyflabs.com\\\/#website\",\"url\":\"https:\\\/\\\/thelyflabs.com\\\/\",\"name\":\"The LYF Labs\",\"description\":\"CBD al por mayor\",\"publisher\":{\"@id\":\"https:\\\/\\\/thelyflabs.com\\\/#organization\"},\"potentialAction\":[{\"@type\":\"SearchAction\",\"target\":{\"@type\":\"EntryPoint\",\"urlTemplate\":\"https:\\\/\\\/thelyflabs.com\\\/?s={search_term_string}\"},\"query-input\":{\"@type\":\"PropertyValueSpecification\",\"valueRequired\":true,\"valueName\":\"search_term_string\"}}],\"inLanguage\":\"it-IT\"},{\"@type\":\"Organization\",\"@id\":\"https:\\\/\\\/thelyflabs.com\\\/#organization\",\"name\":\"The LYF Labs\",\"url\":\"https:\\\/\\\/thelyflabs.com\\\/\",\"logo\":{\"@type\":\"ImageObject\",\"inLanguage\":\"it-IT\",\"@id\":\"https:\\\/\\\/thelyflabs.com\\\/#\\\/schema\\\/logo\\\/image\\\/\",\"url\":\"https:\\\/\\\/thelyflabs.com\\\/wp-content\\\/uploads\\\/2023\\\/01\\\/cropped-LogoTheLYFLabs.png\",\"contentUrl\":\"https:\\\/\\\/thelyflabs.com\\\/wp-content\\\/uploads\\\/2023\\\/01\\\/cropped-LogoTheLYFLabs.png\",\"width\":600,\"height\":180,\"caption\":\"The LYF Labs\"},\"image\":{\"@id\":\"https:\\\/\\\/thelyflabs.com\\\/#\\\/schema\\\/logo\\\/image\\\/\"}}]}<\/script>\n<!-- \/ Yoast SEO plugin. -->","yoast_head_json":{"title":"Hash CBD Frozen Golden Cider - Comprar CBD legal al por mayor - THE LYF LABS","description":"Compra Hash CBD Frozen Golden Cider al por mayor. Producto legal en la UE. Descuentos para mayoristas y distribuidores de CBD legal","robots":{"index":"index","follow":"follow","max-snippet":"max-snippet:-1","max-image-preview":"max-image-preview:large","max-video-preview":"max-video-preview:-1"},"canonical":"https:\/\/thelyflabs.com\/it\/product\/hash-cbd-frozen-cider\/","og_locale":"it_IT","og_type":"article","og_title":"Hash CBD Frozen Golden Cider - Comprar CBD legal al por mayor - THE LYF LABS","og_description":"Compra Hash CBD Frozen Golden Cider al por mayor. Producto legal en la UE. Descuentos para mayoristas y distribuidores de CBD legal","og_url":"https:\/\/thelyflabs.com\/it\/product\/hash-cbd-frozen-cider\/","og_site_name":"THE LYF LABS","article_modified_time":"2026-03-19T14:28:45+00:00","og_image":[{"width":1000,"height":1000,"url":"https:\/\/thelyflabs.com\/wp-content\/uploads\/2025\/07\/Frozen-2g-con-hash.webp","type":"image\/webp"}],"twitter_card":"summary_large_image","twitter_misc":{"Tempo di lettura stimato":"4 minuti"},"schema":{"@context":"https:\/\/schema.org","@graph":[{"@type":"WebPage","@id":"https:\/\/thelyflabs.com\/product\/hash-cbd-frozen-cider","url":"https:\/\/thelyflabs.com\/product\/hash-cbd-frozen-cider","name":"Hash CBD Frozen Golden Cider - Comprar CBD legal al por mayor - THE LYF LABS","isPartOf":{"@id":"https:\/\/thelyflabs.com\/#website"},"primaryImageOfPage":{"@id":"https:\/\/thelyflabs.com\/product\/hash-cbd-frozen-cider#primaryimage"},"image":{"@id":"https:\/\/thelyflabs.com\/product\/hash-cbd-frozen-cider#primaryimage"},"thumbnailUrl":"https:\/\/thelyflabs.com\/wp-content\/uploads\/2025\/07\/Frozen-2g-con-hash.webp","datePublished":"2025-07-16T19:05:09+00:00","dateModified":"2026-03-19T14:28:45+00:00","description":"Compra Hash CBD Frozen Golden Cider al por mayor. Producto legal en la UE. Descuentos para mayoristas y distribuidores de CBD legal","breadcrumb":{"@id":"https:\/\/thelyflabs.com\/product\/hash-cbd-frozen-cider#breadcrumb"},"inLanguage":"it-IT","potentialAction":[{"@type":"ReadAction","target":["https:\/\/thelyflabs.com\/product\/hash-cbd-frozen-cider"]}]},{"@type":"ImageObject","inLanguage":"it-IT","@id":"https:\/\/thelyflabs.com\/product\/hash-cbd-frozen-cider#primaryimage","url":"https:\/\/thelyflabs.com\/wp-content\/uploads\/2025\/07\/Frozen-2g-con-hash.webp","contentUrl":"https:\/\/thelyflabs.com\/wp-content\/uploads\/2025\/07\/Frozen-2g-con-hash.webp","width":1000,"height":1000,"caption":"Hash CBD Frozen Golden 2g"},{"@type":"BreadcrumbList","@id":"https:\/\/thelyflabs.com\/product\/hash-cbd-frozen-cider#breadcrumb","itemListElement":[{"@type":"ListItem","position":1,"name":"Portada","item":"https:\/\/thelyflabs.com\/"},{"@type":"ListItem","position":2,"name":"Tienda","item":"https:\/\/thelyflabs.com\/tienda"},{"@type":"ListItem","position":3,"name":"Hash CBD Frozen Golden Cider"}]},{"@type":"WebSite","@id":"https:\/\/thelyflabs.com\/#website","url":"https:\/\/thelyflabs.com\/","name":"I laboratori LYF","description":"CBD all&#039;ingrosso","publisher":{"@id":"https:\/\/thelyflabs.com\/#organization"},"potentialAction":[{"@type":"SearchAction","target":{"@type":"EntryPoint","urlTemplate":"https:\/\/thelyflabs.com\/?s={search_term_string}"},"query-input":{"@type":"PropertyValueSpecification","valueRequired":true,"valueName":"search_term_string"}}],"inLanguage":"it-IT"},{"@type":"Organization","@id":"https:\/\/thelyflabs.com\/#organization","name":"I laboratori LYF","url":"https:\/\/thelyflabs.com\/","logo":{"@type":"ImageObject","inLanguage":"it-IT","@id":"https:\/\/thelyflabs.com\/#\/schema\/logo\/image\/","url":"https:\/\/thelyflabs.com\/wp-content\/uploads\/2023\/01\/cropped-LogoTheLYFLabs.png","contentUrl":"https:\/\/thelyflabs.com\/wp-content\/uploads\/2023\/01\/cropped-LogoTheLYFLabs.png","width":600,"height":180,"caption":"The LYF Labs"},"image":{"@id":"https:\/\/thelyflabs.com\/#\/schema\/logo\/image\/"}}]}},"_links":{"self":[{"href":"https:\/\/thelyflabs.com\/it\/wp-json\/wp\/v2\/product\/12937","targetHints":{"allow":["GET"]}}],"collection":[{"href":"https:\/\/thelyflabs.com\/it\/wp-json\/wp\/v2\/product"}],"about":[{"href":"https:\/\/thelyflabs.com\/it\/wp-json\/wp\/v2\/types\/product"}],"replies":[{"embeddable":true,"href":"https:\/\/thelyflabs.com\/it\/wp-json\/wp\/v2\/comments?post=12937"}],"wp:featuredmedia":[{"embeddable":true,"href":"https:\/\/thelyflabs.com\/it\/wp-json\/wp\/v2\/media\/17440"}],"wp:attachment":[{"href":"https:\/\/thelyflabs.com\/it\/wp-json\/wp\/v2\/media?parent=12937"}],"wp:term":[{"taxonomy":"product_brand","embeddable":true,"href":"https:\/\/thelyflabs.com\/it\/wp-json\/wp\/v2\/product_brand?post=12937"},{"taxonomy":"product_cat","embeddable":true,"href":"https:\/\/thelyflabs.com\/it\/wp-json\/wp\/v2\/product_cat?post=12937"},{"taxonomy":"product_tag","embeddable":true,"href":"https:\/\/thelyflabs.com\/it\/wp-json\/wp\/v2\/product_tag?post=12937"}],"curies":[{"name":"parola chiave","href":"https:\/\/api.w.org\/{rel}","templated":true}]}}