{"id":12951,"date":"2025-07-16T21:04:52","date_gmt":"2025-07-16T19:04:52","guid":{"rendered":"https:\/\/thelyflabs.com\/?post_type=product&#038;p=12951"},"modified":"2026-03-19T15:31:35","modified_gmt":"2026-03-19T14:31:35","slug":"hash-cbd-kiwi-creams","status":"publish","type":"product","link":"https:\/\/thelyflabs.com\/it\/product\/hash-cbd-kiwi-creams","title":{"rendered":"Crema di kiwi e CBD Hash"},"content":{"rendered":"<h1><span style=\"font-weight: 400\">Kiwi Cream Hash 30% CBD: l&#039;hashish pi\u00f9 fruttato e di alta qualit\u00e0<\/span><\/h1>\n<p data-start=\"178\" data-end=\"443\">Scopri il sapore esotico ed equilibrato di Kiwi Creams, un hashish CBD premium dal profilo aromatico unico che fonde note di kiwi maturo con una base morbida e cremosa. Provalo subito e lasciati conquistare dalle sue note fruttate per una sensazione morbida, rilassante e piacevole.<\/p>\n<p data-start=\"445\" data-end=\"681\" data-is-last-node=\"\" data-is-only-node=\"\">Realizzata con canapa pregiata e selezionata, la Kiwi Creams si distingue per la sua consistenza morbida e resinosa, l&#039;elevata concentrazione di CBD e il profilo terpenico naturale, rendendola la scelta ideale per chi cerca qualit\u00e0, sapore e benessere.<\/p>\n<h2>Caratteristiche di Hash CBD Kiwi Cream 30%:<\/h2>\n<ul>\n<li>Aspetto e consistenza: <span style=\"font-weight: 400\">Il suo aspetto invita a goderne la sensazione <strong>malleabile, resinoso e facile da manipolare<\/strong>. Di apparenza <strong>morbida, compatta e leggermente oleosa<\/strong> con una tonalit\u00e0 marrone chiaro che ne rivela la purezza.\u00a0<\/span><\/li>\n<li><span style=\"font-size: 16px;font-weight: 400\"><strong>Aroma e sapore:<\/strong> L&#039;aroma \u00e8 <strong>esotico<\/strong>, una delle sue grandi attrazioni: \u00e8 una combinazione di marcati <strong>note fruttate di kiwi maturo<\/strong>, <strong>note agrumate<\/strong> e uno sfondo con una c<strong>consistenza morbida e mielata<\/strong> che lo render\u00e0 uno dei tuoi hashtag preferiti.<\/span><\/li>\n<li><span style=\"font-size: 16px;font-weight: 400\"><strong>Origine e purezza:<\/strong> Questa resina si ottiene dai fiori di canapa attraverso un processo di estrazione meccanica, senza solventi o sostanze chimiche. Questo metodo preserva i tricomi e mantiene intatti i terpeni naturali della pianta, responsabili del suo aroma distintivo. Fondamentale per chi cerca <strong>CBD economico<\/strong> ma non vogliono scendere a compromessi sulla qualit\u00e0 di <strong>Crema al kiwi e hashish al CBD 30%.<\/strong><\/span><\/li>\n<\/ul>\n<p>&nbsp;<\/p>\n<h3>Come \u00e8 fatto?<\/h3>\n<p>Le Kiwi Creams sono ottenute da fiori di canapa accuratamente trattati, utilizzando un processo di estrazione meccanica, privo di solventi e sostanze chimiche. Questo metodo preserva i tricomi e mantiene intatti i terpeni naturali della pianta, responsabili del suo aroma distintivo.<\/p>\n<h3>Imballaggio e presentazione<\/h3>\n<p data-start=\"168\" data-end=\"445\">Kiwi Creams Hash CBD \u00e8 disponibile in un barattolo di vetro ermetico e riutilizzabile, progettato per mantenere l&#039;aroma, la consistenza e la freschezza del prodotto pi\u00f9 a lungo. \u00c8 disponibile nei formati da 2 g, 5 g e 10 g, cos\u00ec puoi scegliere quello pi\u00f9 adatto a te. Si consiglia di conservare il prodotto in un luogo fresco e asciutto, al riparo dalla luce diretta.<\/p>\n<h3 data-start=\"168\" data-end=\"445\">Effetti attesi di Kiwi Creams Hash CBD<\/h3>\n<p data-start=\"153\" data-end=\"495\">Grazie alla combinazione di CBD e terpeni naturali, le Kiwi Creams sono associate a momenti di relax, buon umore e una sensazione di benessere, come alcuni affermano. <a href=\"https:\/\/pubmed.ncbi.nlm.nih.gov\/38924898\/\">studi.<\/a><\/p>\n<p data-start=\"153\" data-end=\"495\"><strong>Avviso importante:<\/strong> Questo contenuto ha solo scopo informativo e non sostituisce il parere di un professionista sanitario. Tenere il prodotto fuori dalla portata dei bambini e conservarlo correttamente per garantirne la qualit\u00e0.<\/p>\n<p>&nbsp;<\/p>\n<section class=\"product-description\">\n<h2>Qualit\u00e0 e sicurezza<\/h2>\n<p>In <strong>I laboratori Lyf<\/strong>, garantiamo che ogni lotto di <span style=\"font-weight: 400\"><strong>Crema di kiwi e CBD Hash<\/strong><\/span>\u00a0Viene sottoposto a rigorose analisi di laboratorio per confermarne la purezza, l&#039;assenza di pesticidi e i livelli legali di THC (inferiori a 0,3%). Il nostro impegno per la qualit\u00e0 e la sicurezza ci consente di offrire un prodotto affidabile, adatto a tutti gli utenti che apprezzano la legalit\u00e0 e l&#039;eccellenza nel loro consumo.<\/p>\n<p>&nbsp;<\/p>\n<p><span style=\"font-size: 1.7em;font-weight: bold\">Perch\u00e9 acquistare <span style=\"font-weight: 400\"><strong>Crema di kiwi e CBD Hash<\/strong><\/span>\u00a0presso The Lyf Labs?<\/span><\/p>\n<\/section>\n<section class=\"product-description\">\n<ul>\n<li>Prodotto 100% legale nell&#039;Unione Europea, conforme alle normative vigenti sul THC.<\/li>\n<li>Naturale, senza pesticidi n\u00e9 additivi chimici, a garanzia di un consumo sicuro e sano.<\/li>\n<li>Testati in laboratori certificati per garantire la massima purezza e qualit\u00e0.<\/li>\n<li>Ogni acquisto \u00e8 accompagnato da una consegna rapida e da un servizio professionale.<\/li>\n<li>Acquisto sicuro e supporto specializzato per risolvere qualsiasi dubbio.<\/li>\n<\/ul>\n<p>Lyf Labs si impegna a offrire prodotti che uniscono tradizione, innovazione e la massima qualit\u00e0. <span style=\"font-weight: 400\"><strong>Crema di kiwi e CBD Hash<\/strong><\/span>\u00a0\u00c8 una scelta eccellente per chi cerca un hashish artigianale dal profilo moderno e un&#039;esperienza d&#039;uso unica. Affidati a noi per aggiungere alla tua collezione o al tuo catalogo un prodotto che si distingue per autenticit\u00e0, sapore e affidabilit\u00e0.<\/p>\n<p>&nbsp;<\/p>\n<p><span style=\"font-size: 1.7em;font-weight: bold\">Lyf Labs \u00e8 di qualit\u00e0<\/span><\/p>\n<\/section>\n<p>Lyf Labs rappresenta l&#039;eccellenza nel mercato all&#039;ingrosso dei cannabinoidi, offrendo prodotti innovativi, sicuri e ad alta purezza a negozi specializzati e distributori. Ci concentriamo sulla soddisfazione delle esigenze di un settore professionale che ricerca qualit\u00e0 costante, tracciabilit\u00e0 e prezzi competitivi. Se cercate un fornitore affidabile e lungimirante, in Lyf Labs troverete un partner strategico che vi aiuter\u00e0 a crescere nel mercato della canapa.<\/p>","protected":false},"excerpt":{"rendered":"<ul>\n<li data-start=\"165\" data-end=\"194\">Esplora la nostra crema al kiwi e CBD <span style=\"font-weight: 400\"><span style=\"font-size: 16px;font-weight: 400\"><strong>30%<\/strong><\/span><\/span>, una resina di CBD che si distingue per il suo aroma fruttato di kiwi con note cremose.\n<ul>\n<li data-start=\"235\" data-end=\"281\">Texture morbida e resinosa, facile da manipolare<\/li>\n<li data-start=\"284\" data-end=\"312\">Ricco di terpeni naturali<\/li>\n<li data-start=\"315\" data-end=\"355\">Prodotto legale in Spagna: THC &lt;0,3%<\/li>\n<\/ul>\n<p>Analisi della qualit\u00e0: clicca <a href=\"https:\/\/iguanasmoke.com\/analiticas\/\">Qui<\/a><\/li>\n<\/ul>","protected":false},"featured_media":17449,"comment_status":"open","ping_status":"closed","template":"","meta":{"_acf_changed":false,"site-sidebar-layout":"default","site-content-layout":"","ast-site-content-layout":"default","site-content-style":"default","site-sidebar-style":"default","ast-global-header-display":"","ast-banner-title-visibility":"","ast-main-header-display":"","ast-hfb-above-header-display":"","ast-hfb-below-header-display":"","ast-hfb-mobile-header-display":"","site-post-title":"","ast-breadcrumbs-content":"","ast-featured-img":"","footer-sml-layout":"","theme-transparent-header-meta":"default","adv-header-id-meta":"","stick-header-meta":"","header-above-stick-meta":"","header-main-stick-meta":"","header-below-stick-meta":"","astra-migrate-meta-layouts":"set","ast-page-background-enabled":"default","ast-page-background-meta":{"desktop":{"background-color":"var(--ast-global-color-4)","background-image":"","background-repeat":"repeat","background-position":"center center","background-size":"auto","background-attachment":"scroll","background-type":"","background-media":"","overlay-type":"","overlay-color":"","overlay-opacity":"","overlay-gradient":""},"tablet":{"background-color":"","background-image":"","background-repeat":"repeat","background-position":"center center","background-size":"auto","background-attachment":"scroll","background-type":"","background-media":"","overlay-type":"","overlay-color":"","overlay-opacity":"","overlay-gradient":""},"mobile":{"background-color":"","background-image":"","background-repeat":"repeat","background-position":"center center","background-size":"auto","background-attachment":"scroll","background-type":"","background-media":"","overlay-type":"","overlay-color":"","overlay-opacity":"","overlay-gradient":""}},"ast-content-background-meta":{"desktop":{"background-color":"var(--ast-global-color-5)","background-image":"","background-repeat":"repeat","background-position":"center center","background-size":"auto","background-attachment":"scroll","background-type":"","background-media":"","overlay-type":"","overlay-color":"","overlay-opacity":"","overlay-gradient":""},"tablet":{"background-color":"var(--ast-global-color-5)","background-image":"","background-repeat":"repeat","background-position":"center center","background-size":"auto","background-attachment":"scroll","background-type":"","background-media":"","overlay-type":"","overlay-color":"","overlay-opacity":"","overlay-gradient":""},"mobile":{"background-color":"var(--ast-global-color-5)","background-image":"","background-repeat":"repeat","background-position":"center center","background-size":"auto","background-attachment":"scroll","background-type":"","background-media":"","overlay-type":"","overlay-color":"","overlay-opacity":"","overlay-gradient":""}}},"product_brand":[],"product_cat":[66],"product_tag":[],"class_list":{"0":"post-12951","1":"product","2":"type-product","3":"status-publish","4":"has-post-thumbnail","6":"product_cat-resinas","7":"desktop-align-center","8":"tablet-align-left","9":"mobile-align-left","11":"first","12":"instock","13":"taxable","14":"shipping-taxable","15":"purchasable","16":"product-type-variable"},"acf":[],"yoast_head":"<!-- This site is optimized with the Yoast SEO plugin v27.3 - https:\/\/yoast.com\/product\/yoast-seo-wordpress\/ -->\n<title>Hash CBD Kiwi Cream - THE LYF LABS<\/title>\n<meta name=\"description\" content=\"Descubre Kiwi Creams, hash CBD premium con aroma frutal y textura suave. Legal en Espa\u00f1a. Precios exclusivos para mayoristas. Compra segura y r\u00e1pida.\" \/>\n<meta name=\"robots\" content=\"index, follow, max-snippet:-1, max-image-preview:large, max-video-preview:-1\" \/>\n<link rel=\"canonical\" href=\"https:\/\/thelyflabs.com\/it\/product\/hash-cbd-kiwi-creams\/\" \/>\n<meta property=\"og:locale\" content=\"it_IT\" \/>\n<meta property=\"og:type\" content=\"article\" \/>\n<meta property=\"og:title\" content=\"Hash CBD Kiwi Cream - THE LYF LABS\" \/>\n<meta property=\"og:description\" content=\"Descubre Kiwi Creams, hash CBD premium con aroma frutal y textura suave. Legal en Espa\u00f1a. Precios exclusivos para mayoristas. Compra segura y r\u00e1pida.\" \/>\n<meta property=\"og:url\" content=\"https:\/\/thelyflabs.com\/it\/product\/hash-cbd-kiwi-creams\/\" \/>\n<meta property=\"og:site_name\" content=\"THE LYF LABS\" \/>\n<meta property=\"article:modified_time\" content=\"2026-03-19T14:31:35+00:00\" \/>\n<meta property=\"og:image\" content=\"https:\/\/thelyflabs.com\/wp-content\/uploads\/2025\/07\/Kiwi-2g-con-hash.webp\" \/>\n\t<meta property=\"og:image:width\" content=\"1000\" \/>\n\t<meta property=\"og:image:height\" content=\"1000\" \/>\n\t<meta property=\"og:image:type\" content=\"image\/webp\" \/>\n<meta name=\"twitter:card\" content=\"summary_large_image\" \/>\n<meta name=\"twitter:label1\" content=\"Tempo di lettura stimato\" \/>\n\t<meta name=\"twitter:data1\" content=\"4 minuti\" \/>\n<script type=\"application\/ld+json\" class=\"yoast-schema-graph\">{\"@context\":\"https:\\\/\\\/schema.org\",\"@graph\":[{\"@type\":\"WebPage\",\"@id\":\"https:\\\/\\\/thelyflabs.com\\\/product\\\/hash-cbd-kiwi-creams\",\"url\":\"https:\\\/\\\/thelyflabs.com\\\/product\\\/hash-cbd-kiwi-creams\",\"name\":\"Hash CBD Kiwi Cream - THE LYF LABS\",\"isPartOf\":{\"@id\":\"https:\\\/\\\/thelyflabs.com\\\/#website\"},\"primaryImageOfPage\":{\"@id\":\"https:\\\/\\\/thelyflabs.com\\\/product\\\/hash-cbd-kiwi-creams#primaryimage\"},\"image\":{\"@id\":\"https:\\\/\\\/thelyflabs.com\\\/product\\\/hash-cbd-kiwi-creams#primaryimage\"},\"thumbnailUrl\":\"https:\\\/\\\/thelyflabs.com\\\/wp-content\\\/uploads\\\/2025\\\/07\\\/Kiwi-2g-con-hash.webp\",\"datePublished\":\"2025-07-16T19:04:52+00:00\",\"dateModified\":\"2026-03-19T14:31:35+00:00\",\"description\":\"Descubre Kiwi Creams, hash CBD premium con aroma frutal y textura suave. Legal en Espa\u00f1a. Precios exclusivos para mayoristas. Compra segura y r\u00e1pida.\",\"breadcrumb\":{\"@id\":\"https:\\\/\\\/thelyflabs.com\\\/product\\\/hash-cbd-kiwi-creams#breadcrumb\"},\"inLanguage\":\"it-IT\",\"potentialAction\":[{\"@type\":\"ReadAction\",\"target\":[\"https:\\\/\\\/thelyflabs.com\\\/product\\\/hash-cbd-kiwi-creams\"]}]},{\"@type\":\"ImageObject\",\"inLanguage\":\"it-IT\",\"@id\":\"https:\\\/\\\/thelyflabs.com\\\/product\\\/hash-cbd-kiwi-creams#primaryimage\",\"url\":\"https:\\\/\\\/thelyflabs.com\\\/wp-content\\\/uploads\\\/2025\\\/07\\\/Kiwi-2g-con-hash.webp\",\"contentUrl\":\"https:\\\/\\\/thelyflabs.com\\\/wp-content\\\/uploads\\\/2025\\\/07\\\/Kiwi-2g-con-hash.webp\",\"width\":1000,\"height\":1000,\"caption\":\"Hash CBD Kiwi Cream 2g\"},{\"@type\":\"BreadcrumbList\",\"@id\":\"https:\\\/\\\/thelyflabs.com\\\/product\\\/hash-cbd-kiwi-creams#breadcrumb\",\"itemListElement\":[{\"@type\":\"ListItem\",\"position\":1,\"name\":\"Portada\",\"item\":\"https:\\\/\\\/thelyflabs.com\\\/\"},{\"@type\":\"ListItem\",\"position\":2,\"name\":\"Tienda\",\"item\":\"https:\\\/\\\/thelyflabs.com\\\/tienda\"},{\"@type\":\"ListItem\",\"position\":3,\"name\":\"Hash CBD Kiwi Cream\"}]},{\"@type\":\"WebSite\",\"@id\":\"https:\\\/\\\/thelyflabs.com\\\/#website\",\"url\":\"https:\\\/\\\/thelyflabs.com\\\/\",\"name\":\"The LYF Labs\",\"description\":\"CBD al por mayor\",\"publisher\":{\"@id\":\"https:\\\/\\\/thelyflabs.com\\\/#organization\"},\"potentialAction\":[{\"@type\":\"SearchAction\",\"target\":{\"@type\":\"EntryPoint\",\"urlTemplate\":\"https:\\\/\\\/thelyflabs.com\\\/?s={search_term_string}\"},\"query-input\":{\"@type\":\"PropertyValueSpecification\",\"valueRequired\":true,\"valueName\":\"search_term_string\"}}],\"inLanguage\":\"it-IT\"},{\"@type\":\"Organization\",\"@id\":\"https:\\\/\\\/thelyflabs.com\\\/#organization\",\"name\":\"The LYF Labs\",\"url\":\"https:\\\/\\\/thelyflabs.com\\\/\",\"logo\":{\"@type\":\"ImageObject\",\"inLanguage\":\"it-IT\",\"@id\":\"https:\\\/\\\/thelyflabs.com\\\/#\\\/schema\\\/logo\\\/image\\\/\",\"url\":\"https:\\\/\\\/thelyflabs.com\\\/wp-content\\\/uploads\\\/2023\\\/01\\\/cropped-LogoTheLYFLabs.png\",\"contentUrl\":\"https:\\\/\\\/thelyflabs.com\\\/wp-content\\\/uploads\\\/2023\\\/01\\\/cropped-LogoTheLYFLabs.png\",\"width\":600,\"height\":180,\"caption\":\"The LYF Labs\"},\"image\":{\"@id\":\"https:\\\/\\\/thelyflabs.com\\\/#\\\/schema\\\/logo\\\/image\\\/\"}}]}<\/script>\n<!-- \/ Yoast SEO plugin. -->","yoast_head_json":{"title":"Hash CBD Kiwi Cream - THE LYF LABS","description":"Descubre Kiwi Creams, hash CBD premium con aroma frutal y textura suave. Legal en Espa\u00f1a. Precios exclusivos para mayoristas. Compra segura y r\u00e1pida.","robots":{"index":"index","follow":"follow","max-snippet":"max-snippet:-1","max-image-preview":"max-image-preview:large","max-video-preview":"max-video-preview:-1"},"canonical":"https:\/\/thelyflabs.com\/it\/product\/hash-cbd-kiwi-creams\/","og_locale":"it_IT","og_type":"article","og_title":"Hash CBD Kiwi Cream - THE LYF LABS","og_description":"Descubre Kiwi Creams, hash CBD premium con aroma frutal y textura suave. Legal en Espa\u00f1a. Precios exclusivos para mayoristas. Compra segura y r\u00e1pida.","og_url":"https:\/\/thelyflabs.com\/it\/product\/hash-cbd-kiwi-creams\/","og_site_name":"THE LYF LABS","article_modified_time":"2026-03-19T14:31:35+00:00","og_image":[{"width":1000,"height":1000,"url":"https:\/\/thelyflabs.com\/wp-content\/uploads\/2025\/07\/Kiwi-2g-con-hash.webp","type":"image\/webp"}],"twitter_card":"summary_large_image","twitter_misc":{"Tempo di lettura stimato":"4 minuti"},"schema":{"@context":"https:\/\/schema.org","@graph":[{"@type":"WebPage","@id":"https:\/\/thelyflabs.com\/product\/hash-cbd-kiwi-creams","url":"https:\/\/thelyflabs.com\/product\/hash-cbd-kiwi-creams","name":"Hash CBD Kiwi Cream - THE LYF LABS","isPartOf":{"@id":"https:\/\/thelyflabs.com\/#website"},"primaryImageOfPage":{"@id":"https:\/\/thelyflabs.com\/product\/hash-cbd-kiwi-creams#primaryimage"},"image":{"@id":"https:\/\/thelyflabs.com\/product\/hash-cbd-kiwi-creams#primaryimage"},"thumbnailUrl":"https:\/\/thelyflabs.com\/wp-content\/uploads\/2025\/07\/Kiwi-2g-con-hash.webp","datePublished":"2025-07-16T19:04:52+00:00","dateModified":"2026-03-19T14:31:35+00:00","description":"Descubre Kiwi Creams, hash CBD premium con aroma frutal y textura suave. Legal en Espa\u00f1a. Precios exclusivos para mayoristas. Compra segura y r\u00e1pida.","breadcrumb":{"@id":"https:\/\/thelyflabs.com\/product\/hash-cbd-kiwi-creams#breadcrumb"},"inLanguage":"it-IT","potentialAction":[{"@type":"ReadAction","target":["https:\/\/thelyflabs.com\/product\/hash-cbd-kiwi-creams"]}]},{"@type":"ImageObject","inLanguage":"it-IT","@id":"https:\/\/thelyflabs.com\/product\/hash-cbd-kiwi-creams#primaryimage","url":"https:\/\/thelyflabs.com\/wp-content\/uploads\/2025\/07\/Kiwi-2g-con-hash.webp","contentUrl":"https:\/\/thelyflabs.com\/wp-content\/uploads\/2025\/07\/Kiwi-2g-con-hash.webp","width":1000,"height":1000,"caption":"Hash CBD Kiwi Cream 2g"},{"@type":"BreadcrumbList","@id":"https:\/\/thelyflabs.com\/product\/hash-cbd-kiwi-creams#breadcrumb","itemListElement":[{"@type":"ListItem","position":1,"name":"Portada","item":"https:\/\/thelyflabs.com\/"},{"@type":"ListItem","position":2,"name":"Tienda","item":"https:\/\/thelyflabs.com\/tienda"},{"@type":"ListItem","position":3,"name":"Hash CBD Kiwi Cream"}]},{"@type":"WebSite","@id":"https:\/\/thelyflabs.com\/#website","url":"https:\/\/thelyflabs.com\/","name":"I laboratori LYF","description":"CBD all&#039;ingrosso","publisher":{"@id":"https:\/\/thelyflabs.com\/#organization"},"potentialAction":[{"@type":"SearchAction","target":{"@type":"EntryPoint","urlTemplate":"https:\/\/thelyflabs.com\/?s={search_term_string}"},"query-input":{"@type":"PropertyValueSpecification","valueRequired":true,"valueName":"search_term_string"}}],"inLanguage":"it-IT"},{"@type":"Organization","@id":"https:\/\/thelyflabs.com\/#organization","name":"I laboratori LYF","url":"https:\/\/thelyflabs.com\/","logo":{"@type":"ImageObject","inLanguage":"it-IT","@id":"https:\/\/thelyflabs.com\/#\/schema\/logo\/image\/","url":"https:\/\/thelyflabs.com\/wp-content\/uploads\/2023\/01\/cropped-LogoTheLYFLabs.png","contentUrl":"https:\/\/thelyflabs.com\/wp-content\/uploads\/2023\/01\/cropped-LogoTheLYFLabs.png","width":600,"height":180,"caption":"The LYF Labs"},"image":{"@id":"https:\/\/thelyflabs.com\/#\/schema\/logo\/image\/"}}]}},"_links":{"self":[{"href":"https:\/\/thelyflabs.com\/it\/wp-json\/wp\/v2\/product\/12951","targetHints":{"allow":["GET"]}}],"collection":[{"href":"https:\/\/thelyflabs.com\/it\/wp-json\/wp\/v2\/product"}],"about":[{"href":"https:\/\/thelyflabs.com\/it\/wp-json\/wp\/v2\/types\/product"}],"replies":[{"embeddable":true,"href":"https:\/\/thelyflabs.com\/it\/wp-json\/wp\/v2\/comments?post=12951"}],"wp:featuredmedia":[{"embeddable":true,"href":"https:\/\/thelyflabs.com\/it\/wp-json\/wp\/v2\/media\/17449"}],"wp:attachment":[{"href":"https:\/\/thelyflabs.com\/it\/wp-json\/wp\/v2\/media?parent=12951"}],"wp:term":[{"taxonomy":"product_brand","embeddable":true,"href":"https:\/\/thelyflabs.com\/it\/wp-json\/wp\/v2\/product_brand?post=12951"},{"taxonomy":"product_cat","embeddable":true,"href":"https:\/\/thelyflabs.com\/it\/wp-json\/wp\/v2\/product_cat?post=12951"},{"taxonomy":"product_tag","embeddable":true,"href":"https:\/\/thelyflabs.com\/it\/wp-json\/wp\/v2\/product_tag?post=12951"}],"curies":[{"name":"parola chiave","href":"https:\/\/api.w.org\/{rel}","templated":true}]}}