{"id":12973,"date":"2025-07-16T21:02:40","date_gmt":"2025-07-16T19:02:40","guid":{"rendered":"https:\/\/thelyflabs.com\/?post_type=product&#038;p=12973"},"modified":"2026-04-08T11:53:42","modified_gmt":"2026-04-08T09:53:42","slug":"cartucho-desechable-10-oh-amnesia","status":"publish","type":"product","link":"https:\/\/thelyflabs.com\/it\/product\/cartucho-desechable-10-oh-amnesia","title":{"rendered":"Cartuccia monouso 10-OH \u2013 Amnesia"},"content":{"rendered":"<h1>Cartuccia monouso 10-OH \u2013 Amnesia: attiva la tua mente, risveglia il tuo flusso<\/h1>\n<p>Attiva la tua mente, risveglia il tuo flusso! Scopri 10-OH al gusto Amnesia, la variet\u00e0 pi\u00f9 agrumata e cerebrale sul mercato. Solo da Iguana Smoke, il tuo negozio di fiducia per il relax.<\/p>\n<p>La cartuccia monouso 10-OH \u2013 Amnesia \u00e8, senza dubbio, puro dinamismo. Infatti, questa pod pre-riempita \u00e8 formulata con 10-OH (10-idrossi-idrossicannabinolo), un cannabinoide di nuova generazione che ti porta a un livello superiore senza bisogno di THC. A questo si aggiunge l&#039;aroma vibrante della leggendaria Amnesia, che, in sostanza, \u00e8 una variet\u00e0 di terpeni agrumati e note erbacee in grado di rivitalizzare corpo e mente ad ogni tiro.<\/p>\n<p>\u00c8 l&#039;ideale per chi cerca una spinta mentale senza sentirsi appesantito o annebbiato. Dai una boccata d&#039;aria fresca alla tua testa senza staccare i piedi da terra.<\/p>\n<h3>Che cosa \u00e8 10-OH?<\/h3>\n<p>Il 10-OH \u00e8 un metabolita dell&#039;HHC, una sostanza generata quando l&#039;organismo scompone l&#039;HHC. Pertanto, in laboratorio, viene ottenuto trasformando l&#039;HHC nella sua forma idrossilata, ottenendo un cannabinoide pi\u00f9 stabile con un&#039;affinit\u00e0 specifica per determinati recettori del sistema endocannabinoide.<\/p>\n<p>Sebbene gli effetti possano variare da persona a persona, i consumatori che hanno provato il 10-OH (nei paesi in cui il suo uso \u00e8 legale) spesso descrivono esperienze come:<\/p>\n<ul>\n<li>Euforia moderata, senza lo stato di alterazione pi\u00f9 intenso che pu\u00f2 causare il THC.<\/li>\n<li>Rilassamento fisico, senza produrre una sensazione di eccessiva sedazione.<\/li>\n<li>Lucidit\u00e0 mentale, che favorisce la concentrazione o l&#039;interazione sociale.<\/li>\n<li>Meno ansia, il che, a sua volta, lo rende un&#039;opzione interessante per coloro che non tollerano bene il THC.<\/li>\n<\/ul>\n<p>Di conseguenza, questi effetti collocano il 10-OH a met\u00e0 strada tra l&#039;HHC e il THC: pi\u00f9 intenso del primo, ma pi\u00f9 gestibile del secondo. Acquistare il 10-OH online \u00e8 quindi l&#039;opzione pi\u00f9 sicura per godere di un effetto moderno e funzionale.<\/p>\n<p>Per saperne di pi\u00f9 e scoprire le differenze tra 10-OH e altre molecole come l&#039;HHC, ti invitiamo a leggere il nostro articolo.<\/p>\n<h3>Profilo terpenico di Amnesia<\/h3>\n<p>La variet\u00e0 Amnesia \u00e8 senza dubbio una delle variet\u00e0 di cannabis pi\u00f9 riconosciute al mondo per il suo aroma agrumato, fresco e leggermente speziato, con un effetto Sativa cerebrale e frizzante. Per questo motivo, la sua combinazione di terpeni crea un&#039;esperienza aromatica esplosiva:<\/p>\n<ul>\n<li>Limonene: Agrumato, energizzante e con propriet\u00e0 antistress.<\/li>\n<li>Mircene: erbaceo, con una nota calmante che bilancia il profilo.<\/li>\n<li>Terpinolene: Floreale e complesso, con un sentore che favorisce la chiarezza mentale.<\/li>\n<\/ul>\n<p>Il risultato finale \u00e8 un sapore pulito, fresco e stimolante, ideale per iniziare la giornata o per stimolare la creativit\u00e0 in qualsiasi momento.<\/p>\n<h3>Che cosa \u00e8 una cartuccia monouso?<\/h3>\n<p>Una cartuccia o pod usa e getta \u00e8, essenzialmente, un sistema di svapo plug-and-play. In altre parole, lo si collega alla batteria con attacco 510 (lo standard del settore), lo si usa e, quando \u00e8 vuoto, lo si getta via. In questo modo, si evitano ricariche e problemi. Inoltre, \u00e8 possibile dare una seconda vita ai pod; una volta esauriti, \u00e8 possibile portarli in un centro di riciclaggio.<\/p>\n<p>La cartuccia 10-OH \u2013 Amnesia \u00e8 disponibile in due dimensioni:<\/p>\n<ul>\n<li>1 ml \u2013 Fino a 300 tiri.<\/li>\n<li>2 ml \u2013 Fino a 600 tiri.<\/li>\n<\/ul>\n<p>Prodotto con estratto di canapa biologica, senza solventi o additivi insoliti. Solo cannabinoidi funzionali (per usi legali) e un sapore ineguagliabile.<\/p>\n<h3>Perch\u00e9 scegliere la cartuccia monouso 10-OH \u2013 Amnesia?<\/h3>\n<p>Acquistare una cartuccia per vaporizzazione 10-OH significa portare in tasca la tecnologia del futuro della cannabis. Non contiene THC, ma ha comunque un effetto potente (in ambienti legali). Non c&#039;\u00e8 dubbio: questa cartuccia \u00e8 pura potenza.<\/p>\n<p>I suoi principali vantaggi includono:<\/p>\n<ul>\n<li>Contiene 10-OH senza THC o sostanze controllate.<\/li>\n<li>Sapore di cannabis agrumato ispirato alla variet\u00e0 Amnesia.<\/li>\n<li>Compatibile con tutti gli svapatori dotati di attacco 510.<\/li>\n<li>Effetti stimolanti senza accumulo di tolleranza (secondo studi preliminari).<\/li>\n<li>Ideale per l&#039;uso in qualsiasi momento della giornata (nei Paesi in cui il suo utilizzo \u00e8 legale).<\/li>\n<\/ul>\n<p>Quindi, che tu la utilizzi per concentrarti, socializzare o semplicemente per rilassarti con stile, questa cartuccia \u00e8 la compagna perfetta per te.<\/p>\n<h3>Dove acquistare 10-OH online?<\/h3>\n<p>Proprio qui da Iguana Smoke, ovviamente. Il tuo negozio di fiducia dove puoi acquistare le cartucce 10-OH al gusto Amnesia e l&#039;intera gamma con spedizione veloce e garanzia di freschezza.<\/p>\n<p>Inoltre:<\/p>\n<ul>\n<li>\u00c8 possibile acquistare capsule senza THC con un effetto simile a quello della Sativa, da collezionare.<\/li>\n<li>Acquista la cartuccia 10-OH online, senza sorprese.<\/li>\n<\/ul>\n<h3>10-OH Amnesia: chiarezza mentale, gusto brutale<\/h3>\n<p>Non c&#039;\u00e8 pi\u00f9 bisogno di impazzire per raggiungere un&#039;esperienza mentale e sensoriale di altissimo livello. Al contrario, la cartuccia monouso 10-OH di Amnesia con terpeni ti preparer\u00e0 a qualsiasi cosa ti capiti: lavoro, palestra, arte o semplicemente divertimento.<\/p>\n<p>Compatto, pulito e potente. Il tuo nuovo rituale inizia qui.<\/p>\n<h4>Informazioni legali<\/h4>\n<p>Tutti i nostri prodotti derivano da canapa industriale certificata. Contengono inoltre meno dello 0,3% di THC e non contengono cannabinoidi illegali come HHC, HHC-P, THCP, THCP-O, H4CBD o i loro derivati. Puoi consultare <a href=\"https:\/\/iguanasmoke.com\/analiticas\/\">Certificato di analisi qui.<\/a><\/p>\n<p><em><b>\u00c8 importante ricordare che<\/b> Questo prodotto \u00e8 un oggetto da collezione. Non adatto alla combustione o al consumo diretto. Non contiene cannabinoidi elencati nell&#039;Allegato I del Regio Decreto 2829\/1977 n\u00e9 sostanze controllate dalla Convenzione Unica sugli Stupefacenti del 1961 e dalla Convenzione sulle Sostanze Psicotrope del 1971.<\/em><\/p>","protected":false},"excerpt":{"rendered":"<h4>Cartuccia monouso 10-OH \u2013 Amnesia<\/h4>\n<h4>Caratteristiche<\/h4>\n<ul>\n<li>Aroma di cannabis<\/li>\n<li>Collegamento: tipo 510<\/li>\n<li>Capacit\u00e0: 1 ml \/ 2 ml<\/li>\n<li>Sbuffi: 300 \/ 600<\/li>\n<li>Terpeni naturali di alta qualit\u00e0<\/li>\n<li>10-OH<\/li>\n<li>THC: 0%, HHC: 0%, THC-P: 0%, Nicotina: 0%<\/li>\n<li>Non contiene VG, PG, PEG, MCT o altri agenti di taglio.<\/li>\n<\/ul>","protected":false},"featured_media":13007,"comment_status":"open","ping_status":"closed","template":"","meta":{"_acf_changed":false,"site-sidebar-layout":"default","site-content-layout":"","ast-site-content-layout":"default","site-content-style":"default","site-sidebar-style":"default","ast-global-header-display":"","ast-banner-title-visibility":"","ast-main-header-display":"","ast-hfb-above-header-display":"","ast-hfb-below-header-display":"","ast-hfb-mobile-header-display":"","site-post-title":"","ast-breadcrumbs-content":"","ast-featured-img":"","footer-sml-layout":"","theme-transparent-header-meta":"default","adv-header-id-meta":"","stick-header-meta":"","header-above-stick-meta":"","header-main-stick-meta":"","header-below-stick-meta":"","astra-migrate-meta-layouts":"set","ast-page-background-enabled":"default","ast-page-background-meta":{"desktop":{"background-color":"var(--ast-global-color-4)","background-image":"","background-repeat":"repeat","background-position":"center center","background-size":"auto","background-attachment":"scroll","background-type":"","background-media":"","overlay-type":"","overlay-color":"","overlay-opacity":"","overlay-gradient":""},"tablet":{"background-color":"","background-image":"","background-repeat":"repeat","background-position":"center center","background-size":"auto","background-attachment":"scroll","background-type":"","background-media":"","overlay-type":"","overlay-color":"","overlay-opacity":"","overlay-gradient":""},"mobile":{"background-color":"","background-image":"","background-repeat":"repeat","background-position":"center center","background-size":"auto","background-attachment":"scroll","background-type":"","background-media":"","overlay-type":"","overlay-color":"","overlay-opacity":"","overlay-gradient":""}},"ast-content-background-meta":{"desktop":{"background-color":"var(--ast-global-color-5)","background-image":"","background-repeat":"repeat","background-position":"center center","background-size":"auto","background-attachment":"scroll","background-type":"","background-media":"","overlay-type":"","overlay-color":"","overlay-opacity":"","overlay-gradient":""},"tablet":{"background-color":"var(--ast-global-color-5)","background-image":"","background-repeat":"repeat","background-position":"center center","background-size":"auto","background-attachment":"scroll","background-type":"","background-media":"","overlay-type":"","overlay-color":"","overlay-opacity":"","overlay-gradient":""},"mobile":{"background-color":"var(--ast-global-color-5)","background-image":"","background-repeat":"repeat","background-position":"center center","background-size":"auto","background-attachment":"scroll","background-type":"","background-media":"","overlay-type":"","overlay-color":"","overlay-opacity":"","overlay-gradient":""}}},"product_brand":[],"product_cat":[140,91,146],"product_tag":[],"class_list":{"0":"post-12973","1":"product","2":"type-product","3":"status-publish","4":"has-post-thumbnail","6":"product_cat-10oh","7":"product_cat-cartuchos","8":"product_cat-nuevas-moleculas","9":"desktop-align-center","10":"tablet-align-left","11":"mobile-align-left","13":"first","14":"instock","15":"taxable","16":"shipping-taxable","17":"purchasable","18":"product-type-variable"},"acf":[],"yoast_head":"<!-- This site is optimized with the Yoast SEO plugin v27.3 - https:\/\/yoast.com\/product\/yoast-seo-wordpress\/ -->\n<title>Cartucho desechable 10-OH - Amnesia - Comprar 10-OH mayorista - THE LYF LABS<\/title>\n<meta name=\"description\" content=\"Compra el cartucho 10-OH sabor Amnesia en TheLyfLabs. Claridad mental, energ\u00eda c\u00edtrica y cero THC. Precios para mayoristas y distribuidores.\" \/>\n<meta name=\"robots\" content=\"index, follow, max-snippet:-1, max-image-preview:large, max-video-preview:-1\" \/>\n<link rel=\"canonical\" href=\"https:\/\/thelyflabs.com\/it\/product\/cartucho-desechable-10-oh-amnesia\/\" \/>\n<meta property=\"og:locale\" content=\"it_IT\" \/>\n<meta property=\"og:type\" content=\"article\" \/>\n<meta property=\"og:title\" content=\"Cartucho desechable 10-OH - Amnesia - Comprar 10-OH mayorista - THE LYF LABS\" \/>\n<meta property=\"og:description\" content=\"Compra el cartucho 10-OH sabor Amnesia en TheLyfLabs. Claridad mental, energ\u00eda c\u00edtrica y cero THC. Precios para mayoristas y distribuidores.\" \/>\n<meta property=\"og:url\" content=\"https:\/\/thelyflabs.com\/it\/product\/cartucho-desechable-10-oh-amnesia\/\" \/>\n<meta property=\"og:site_name\" content=\"THE LYF LABS\" \/>\n<meta property=\"article:modified_time\" content=\"2026-04-08T09:53:42+00:00\" \/>\n<meta property=\"og:image\" content=\"https:\/\/thelyflabs.com\/wp-content\/uploads\/2025\/07\/bolsa-10-OH-cart-Amnesia-con-cartucho.webp\" \/>\n\t<meta property=\"og:image:width\" content=\"1000\" \/>\n\t<meta property=\"og:image:height\" content=\"1000\" \/>\n\t<meta property=\"og:image:type\" content=\"image\/webp\" \/>\n<meta name=\"twitter:card\" content=\"summary_large_image\" \/>\n<meta name=\"twitter:label1\" content=\"Tempo di lettura stimato\" \/>\n\t<meta name=\"twitter:data1\" content=\"5 minuti\" \/>\n<script type=\"application\/ld+json\" class=\"yoast-schema-graph\">{\"@context\":\"https:\\\/\\\/schema.org\",\"@graph\":[{\"@type\":\"WebPage\",\"@id\":\"https:\\\/\\\/thelyflabs.com\\\/product\\\/cartucho-desechable-10-oh-amnesia\",\"url\":\"https:\\\/\\\/thelyflabs.com\\\/product\\\/cartucho-desechable-10-oh-amnesia\",\"name\":\"Cartucho desechable 10-OH - Amnesia - Comprar 10-OH mayorista - THE LYF LABS\",\"isPartOf\":{\"@id\":\"https:\\\/\\\/thelyflabs.com\\\/#website\"},\"primaryImageOfPage\":{\"@id\":\"https:\\\/\\\/thelyflabs.com\\\/product\\\/cartucho-desechable-10-oh-amnesia#primaryimage\"},\"image\":{\"@id\":\"https:\\\/\\\/thelyflabs.com\\\/product\\\/cartucho-desechable-10-oh-amnesia#primaryimage\"},\"thumbnailUrl\":\"https:\\\/\\\/thelyflabs.com\\\/wp-content\\\/uploads\\\/2025\\\/07\\\/bolsa-10-OH-cart-Amnesia-con-cartucho.webp\",\"datePublished\":\"2025-07-16T19:02:40+00:00\",\"dateModified\":\"2026-04-08T09:53:42+00:00\",\"description\":\"Compra el cartucho 10-OH sabor Amnesia en TheLyfLabs. Claridad mental, energ\u00eda c\u00edtrica y cero THC. Precios para mayoristas y distribuidores.\",\"breadcrumb\":{\"@id\":\"https:\\\/\\\/thelyflabs.com\\\/product\\\/cartucho-desechable-10-oh-amnesia#breadcrumb\"},\"inLanguage\":\"it-IT\",\"potentialAction\":[{\"@type\":\"ReadAction\",\"target\":[\"https:\\\/\\\/thelyflabs.com\\\/product\\\/cartucho-desechable-10-oh-amnesia\"]}]},{\"@type\":\"ImageObject\",\"inLanguage\":\"it-IT\",\"@id\":\"https:\\\/\\\/thelyflabs.com\\\/product\\\/cartucho-desechable-10-oh-amnesia#primaryimage\",\"url\":\"https:\\\/\\\/thelyflabs.com\\\/wp-content\\\/uploads\\\/2025\\\/07\\\/bolsa-10-OH-cart-Amnesia-con-cartucho.webp\",\"contentUrl\":\"https:\\\/\\\/thelyflabs.com\\\/wp-content\\\/uploads\\\/2025\\\/07\\\/bolsa-10-OH-cart-Amnesia-con-cartucho.webp\",\"width\":1000,\"height\":1000},{\"@type\":\"BreadcrumbList\",\"@id\":\"https:\\\/\\\/thelyflabs.com\\\/product\\\/cartucho-desechable-10-oh-amnesia#breadcrumb\",\"itemListElement\":[{\"@type\":\"ListItem\",\"position\":1,\"name\":\"Portada\",\"item\":\"https:\\\/\\\/thelyflabs.com\\\/\"},{\"@type\":\"ListItem\",\"position\":2,\"name\":\"Tienda\",\"item\":\"https:\\\/\\\/thelyflabs.com\\\/tienda\"},{\"@type\":\"ListItem\",\"position\":3,\"name\":\"Cartucho desechable 10-OH &#8211; Amnesia\"}]},{\"@type\":\"WebSite\",\"@id\":\"https:\\\/\\\/thelyflabs.com\\\/#website\",\"url\":\"https:\\\/\\\/thelyflabs.com\\\/\",\"name\":\"The LYF Labs\",\"description\":\"CBD al por mayor\",\"publisher\":{\"@id\":\"https:\\\/\\\/thelyflabs.com\\\/#organization\"},\"potentialAction\":[{\"@type\":\"SearchAction\",\"target\":{\"@type\":\"EntryPoint\",\"urlTemplate\":\"https:\\\/\\\/thelyflabs.com\\\/?s={search_term_string}\"},\"query-input\":{\"@type\":\"PropertyValueSpecification\",\"valueRequired\":true,\"valueName\":\"search_term_string\"}}],\"inLanguage\":\"it-IT\"},{\"@type\":\"Organization\",\"@id\":\"https:\\\/\\\/thelyflabs.com\\\/#organization\",\"name\":\"The LYF Labs\",\"url\":\"https:\\\/\\\/thelyflabs.com\\\/\",\"logo\":{\"@type\":\"ImageObject\",\"inLanguage\":\"it-IT\",\"@id\":\"https:\\\/\\\/thelyflabs.com\\\/#\\\/schema\\\/logo\\\/image\\\/\",\"url\":\"https:\\\/\\\/thelyflabs.com\\\/wp-content\\\/uploads\\\/2023\\\/01\\\/cropped-LogoTheLYFLabs.png\",\"contentUrl\":\"https:\\\/\\\/thelyflabs.com\\\/wp-content\\\/uploads\\\/2023\\\/01\\\/cropped-LogoTheLYFLabs.png\",\"width\":600,\"height\":180,\"caption\":\"The LYF Labs\"},\"image\":{\"@id\":\"https:\\\/\\\/thelyflabs.com\\\/#\\\/schema\\\/logo\\\/image\\\/\"}}]}<\/script>\n<!-- \/ Yoast SEO plugin. -->","yoast_head_json":{"title":"Cartucho desechable 10-OH - Amnesia - Comprar 10-OH mayorista - THE LYF LABS","description":"Compra el cartucho 10-OH sabor Amnesia en TheLyfLabs. Claridad mental, energ\u00eda c\u00edtrica y cero THC. Precios para mayoristas y distribuidores.","robots":{"index":"index","follow":"follow","max-snippet":"max-snippet:-1","max-image-preview":"max-image-preview:large","max-video-preview":"max-video-preview:-1"},"canonical":"https:\/\/thelyflabs.com\/it\/product\/cartucho-desechable-10-oh-amnesia\/","og_locale":"it_IT","og_type":"article","og_title":"Cartucho desechable 10-OH - Amnesia - Comprar 10-OH mayorista - THE LYF LABS","og_description":"Compra el cartucho 10-OH sabor Amnesia en TheLyfLabs. Claridad mental, energ\u00eda c\u00edtrica y cero THC. Precios para mayoristas y distribuidores.","og_url":"https:\/\/thelyflabs.com\/it\/product\/cartucho-desechable-10-oh-amnesia\/","og_site_name":"THE LYF LABS","article_modified_time":"2026-04-08T09:53:42+00:00","og_image":[{"width":1000,"height":1000,"url":"https:\/\/thelyflabs.com\/wp-content\/uploads\/2025\/07\/bolsa-10-OH-cart-Amnesia-con-cartucho.webp","type":"image\/webp"}],"twitter_card":"summary_large_image","twitter_misc":{"Tempo di lettura stimato":"5 minuti"},"schema":{"@context":"https:\/\/schema.org","@graph":[{"@type":"WebPage","@id":"https:\/\/thelyflabs.com\/product\/cartucho-desechable-10-oh-amnesia","url":"https:\/\/thelyflabs.com\/product\/cartucho-desechable-10-oh-amnesia","name":"Cartucho desechable 10-OH - Amnesia - Comprar 10-OH mayorista - THE LYF LABS","isPartOf":{"@id":"https:\/\/thelyflabs.com\/#website"},"primaryImageOfPage":{"@id":"https:\/\/thelyflabs.com\/product\/cartucho-desechable-10-oh-amnesia#primaryimage"},"image":{"@id":"https:\/\/thelyflabs.com\/product\/cartucho-desechable-10-oh-amnesia#primaryimage"},"thumbnailUrl":"https:\/\/thelyflabs.com\/wp-content\/uploads\/2025\/07\/bolsa-10-OH-cart-Amnesia-con-cartucho.webp","datePublished":"2025-07-16T19:02:40+00:00","dateModified":"2026-04-08T09:53:42+00:00","description":"Compra el cartucho 10-OH sabor Amnesia en TheLyfLabs. Claridad mental, energ\u00eda c\u00edtrica y cero THC. Precios para mayoristas y distribuidores.","breadcrumb":{"@id":"https:\/\/thelyflabs.com\/product\/cartucho-desechable-10-oh-amnesia#breadcrumb"},"inLanguage":"it-IT","potentialAction":[{"@type":"ReadAction","target":["https:\/\/thelyflabs.com\/product\/cartucho-desechable-10-oh-amnesia"]}]},{"@type":"ImageObject","inLanguage":"it-IT","@id":"https:\/\/thelyflabs.com\/product\/cartucho-desechable-10-oh-amnesia#primaryimage","url":"https:\/\/thelyflabs.com\/wp-content\/uploads\/2025\/07\/bolsa-10-OH-cart-Amnesia-con-cartucho.webp","contentUrl":"https:\/\/thelyflabs.com\/wp-content\/uploads\/2025\/07\/bolsa-10-OH-cart-Amnesia-con-cartucho.webp","width":1000,"height":1000},{"@type":"BreadcrumbList","@id":"https:\/\/thelyflabs.com\/product\/cartucho-desechable-10-oh-amnesia#breadcrumb","itemListElement":[{"@type":"ListItem","position":1,"name":"Portada","item":"https:\/\/thelyflabs.com\/"},{"@type":"ListItem","position":2,"name":"Tienda","item":"https:\/\/thelyflabs.com\/tienda"},{"@type":"ListItem","position":3,"name":"Cartucho desechable 10-OH &#8211; Amnesia"}]},{"@type":"WebSite","@id":"https:\/\/thelyflabs.com\/#website","url":"https:\/\/thelyflabs.com\/","name":"I laboratori LYF","description":"CBD all&#039;ingrosso","publisher":{"@id":"https:\/\/thelyflabs.com\/#organization"},"potentialAction":[{"@type":"SearchAction","target":{"@type":"EntryPoint","urlTemplate":"https:\/\/thelyflabs.com\/?s={search_term_string}"},"query-input":{"@type":"PropertyValueSpecification","valueRequired":true,"valueName":"search_term_string"}}],"inLanguage":"it-IT"},{"@type":"Organization","@id":"https:\/\/thelyflabs.com\/#organization","name":"I laboratori LYF","url":"https:\/\/thelyflabs.com\/","logo":{"@type":"ImageObject","inLanguage":"it-IT","@id":"https:\/\/thelyflabs.com\/#\/schema\/logo\/image\/","url":"https:\/\/thelyflabs.com\/wp-content\/uploads\/2023\/01\/cropped-LogoTheLYFLabs.png","contentUrl":"https:\/\/thelyflabs.com\/wp-content\/uploads\/2023\/01\/cropped-LogoTheLYFLabs.png","width":600,"height":180,"caption":"The LYF Labs"},"image":{"@id":"https:\/\/thelyflabs.com\/#\/schema\/logo\/image\/"}}]}},"_links":{"self":[{"href":"https:\/\/thelyflabs.com\/it\/wp-json\/wp\/v2\/product\/12973","targetHints":{"allow":["GET"]}}],"collection":[{"href":"https:\/\/thelyflabs.com\/it\/wp-json\/wp\/v2\/product"}],"about":[{"href":"https:\/\/thelyflabs.com\/it\/wp-json\/wp\/v2\/types\/product"}],"replies":[{"embeddable":true,"href":"https:\/\/thelyflabs.com\/it\/wp-json\/wp\/v2\/comments?post=12973"}],"wp:featuredmedia":[{"embeddable":true,"href":"https:\/\/thelyflabs.com\/it\/wp-json\/wp\/v2\/media\/13007"}],"wp:attachment":[{"href":"https:\/\/thelyflabs.com\/it\/wp-json\/wp\/v2\/media?parent=12973"}],"wp:term":[{"taxonomy":"product_brand","embeddable":true,"href":"https:\/\/thelyflabs.com\/it\/wp-json\/wp\/v2\/product_brand?post=12973"},{"taxonomy":"product_cat","embeddable":true,"href":"https:\/\/thelyflabs.com\/it\/wp-json\/wp\/v2\/product_cat?post=12973"},{"taxonomy":"product_tag","embeddable":true,"href":"https:\/\/thelyflabs.com\/it\/wp-json\/wp\/v2\/product_tag?post=12973"}],"curies":[{"name":"parola chiave","href":"https:\/\/api.w.org\/{rel}","templated":true}]}}