{"id":13290,"date":"2025-07-30T02:05:04","date_gmt":"2025-07-30T00:05:04","guid":{"rendered":"https:\/\/thelyflabs.com\/?post_type=product&#038;p=13290"},"modified":"2026-03-19T15:21:17","modified_gmt":"2026-03-19T14:21:17","slug":"vaper-he8-space-vape-gorilla-glue-2ml","status":"publish","type":"product","link":"https:\/\/thelyflabs.com\/it\/product\/vaper-he8-space-vape-gorilla-glue-2ml","title":{"rendered":"Vaper E8H 90% \u2013 Space Vape Gorilla Glue 2ml"},"content":{"rendered":"<h3 data-start=\"1041\" data-end=\"1137\"><strong data-start=\"1045\" data-end=\"1137\">Vaper E8H Space Vape 2ml \u2013 Gorilla Glue Terpene Vape usa e getta: intensit\u00e0 illimitata<\/strong><\/h3>\n<p data-start=\"1139\" data-end=\"1455\">Conquista i tuoi sensi con Gorilla Glue 2ml Terpene E8H Space Vape, progettato per offrire un&#039;esperienza robusta e resinosa nello stile della variet\u00e0 Gorilla Glue. Grazie alla molecola E8H, ogni tiro \u00e8 denso e aromatico. Portatile, efficiente e pratico: aprilo e goditi la sua potenza senza sforzo.<\/p>\n<h3>Che cosa \u00e8 E8H?<\/h3>\n<p>Lui <b>E8H<\/b> L&#039;E8H \u00e8 un cannabinoide sintetico di nuova generazione, progettato per offrire un&#039;esperienza unica, simile all&#039;HHC. A differenza di altri cannabinoidi, l&#039;E8H \u00e8 all&#039;avanguardia nell&#039;innovazione, offrendo sensazioni uniche. Il suo recente sviluppo lo colloca all&#039;interno di un quadro normativo in continua evoluzione, aprendo nuove possibilit\u00e0 nel mercato dello svapo.<\/p>\n<h3 data-start=\"1933\" data-end=\"1992\"><strong data-start=\"1937\" data-end=\"1992\">Questo \u00e8 il tuo vaporizzatore monouso Gorilla Glue E8H<\/strong><\/h3>\n<p data-start=\"1994\" data-end=\"2435\">Questo vaporizzatore usa e getta E8H Space Vape con profilo terpenico Gorilla Glue \u00e8 un dispositivo compatto e ad alte prestazioni, perfetto per chi cerca intensit\u00e0 e carattere. \u00c8 dotato di una batteria a lunga durata e di un serbatoio pre-riempito da 2 ml che offre fino a 600 tiri. La sua formula \u00e8 composta da E8H e terpeni naturali di alta qualit\u00e0, offrendo un sapore profondo, terroso e leggermente agrumato, fedele al profilo terpenico della variet\u00e0 Gorilla Glue.<\/p>\n<p data-start=\"2437\" data-end=\"2792\">\u00c8 importante notare che questo prodotto \u00e8 completamente privo di THC, HHC, THC-P e nicotina, nonch\u00e9 di additivi non necessari. Tutti i nostri prodotti derivano da canapa industriale certificata e sono rigorosamente conformi alle normative vigenti, mantenendo un contenuto di THC inferiore a 0,3%. Garantiamo che non contengono cannabinoidi illegali.<\/p>\n<h4><\/h4>\n<h4><strong>Cos&#039;\u00e8 una sigaretta elettronica usa e getta?<\/strong><\/h4>\n<p>Le sigarette elettroniche usa e getta, note anche come pod usa e getta, vaporizzatori usa e getta o sigarette elettroniche, sono dispositivi di svapo a &quot;penna&quot; molto comodi e pratici, dotati di una batteria integrata che non richiede una batteria esterna n\u00e9 un contenitore per il liquido. N\u00e9 la batteria n\u00e9 il liquido devono essere ricaricati. Sono dispositivi progettati per raggiungere un numero specifico di tiri, solitamente specificato all&#039;esterno del prodotto.<\/p>\n<h4><strong>Lo Space Vape ti fa sballare?<\/strong><\/h4>\n<p>Come il THC, l&#039;E8H offre a molte persone una sensazione piacevole quando assunto. Alcuni segnalano effetti simili ai prodotti convenzionali a base di THC, ma non ci sono dati sufficienti per esserne certi. Non ci sono nemmeno dati sufficienti per sapere se l&#039;assunzione di STV possa causare effetti collaterali negativi o addirittura a lungo termine.<\/p>\n<div class=\"ewd-ufaq-faq-body\">\n<p>Tuttavia, in conformit\u00e0 con la legislazione spagnola vigente, non incoraggiamo in alcun modo l&#039;uso o l&#039;ingestione delle suddette sostanze. Non guidare veicoli a motore o utilizzare macchinari pesanti dopo l&#039;assunzione.<br \/>\nDestinato a scopi industriali, tecnici e orticoli.<\/p>\n<p>Questo \u00e8 un oggetto da collezione. Non adatto al consumo diretto o al fumo.<\/p>\n<\/div>\n<p>Questo prodotto non contiene cannabinoidi inclusi nell&#039;Allegato 1 del Regio Decreto 2829\/1977, aggiornato dall&#039;Ordinanza SND\/380\/2025, del 14 aprile, n\u00e9 sostanze controllate dalla Convenzione unica sugli stupefacenti del 1961 e dalla Convenzione sulle sostanze psicotrope del 1971.<\/p>","protected":false},"excerpt":{"rendered":"<h4>E8H 90% Space Vape Gorilla Glue Flavor Vape usa e getta<\/h4>\n<p>Contiene E8H e aroma di mango.<\/p>\n<h5><strong>Caratteristiche<\/strong><\/h5>\n<ul>\n<li>Dimensioni: 105 mm x 24 mm x 11,2 mm<\/li>\n<li>Batteria: 380 mAh<\/li>\n<li>Capacit\u00e0: 2 ml<\/li>\n<li>Sbuffi: fino a 600<\/li>\n<li>Terpeni naturali di alta qualit\u00e0<\/li>\n<li>E8H 90%<\/li>\n<li>THC: 0%<\/li>\n<li>Numero di serie: 0%<\/li>\n<li>THC-P: 0%<\/li>\n<li>Nicotina: 0%<\/li>\n<li>Non contiene VG, PG, PEG, MCT o altri agenti di taglio<\/li>\n<\/ul>\n<p>Tutti i nostri prodotti derivano da canapa industriale certificata. Contengono meno dello 0,31 TP3T di THC e non contengono cannabinoidi illegali come HHC, HHC-P, THCP, THCP-O, H4CBD o i loro derivati. Controlla il <a href=\"https:\/\/iguanasmoke.com\/analiticas\/\">Certificato di analisi qui.<\/a><\/p>","protected":false},"featured_media":17151,"comment_status":"open","ping_status":"closed","template":"","meta":{"_acf_changed":false,"site-sidebar-layout":"default","site-content-layout":"","ast-site-content-layout":"default","site-content-style":"default","site-sidebar-style":"default","ast-global-header-display":"","ast-banner-title-visibility":"","ast-main-header-display":"","ast-hfb-above-header-display":"","ast-hfb-below-header-display":"","ast-hfb-mobile-header-display":"","site-post-title":"","ast-breadcrumbs-content":"","ast-featured-img":"","footer-sml-layout":"","theme-transparent-header-meta":"default","adv-header-id-meta":"","stick-header-meta":"","header-above-stick-meta":"","header-main-stick-meta":"","header-below-stick-meta":"","astra-migrate-meta-layouts":"set","ast-page-background-enabled":"default","ast-page-background-meta":{"desktop":{"background-color":"var(--ast-global-color-4)","background-image":"","background-repeat":"repeat","background-position":"center center","background-size":"auto","background-attachment":"scroll","background-type":"","background-media":"","overlay-type":"","overlay-color":"","overlay-opacity":"","overlay-gradient":""},"tablet":{"background-color":"","background-image":"","background-repeat":"repeat","background-position":"center center","background-size":"auto","background-attachment":"scroll","background-type":"","background-media":"","overlay-type":"","overlay-color":"","overlay-opacity":"","overlay-gradient":""},"mobile":{"background-color":"","background-image":"","background-repeat":"repeat","background-position":"center center","background-size":"auto","background-attachment":"scroll","background-type":"","background-media":"","overlay-type":"","overlay-color":"","overlay-opacity":"","overlay-gradient":""}},"ast-content-background-meta":{"desktop":{"background-color":"var(--ast-global-color-5)","background-image":"","background-repeat":"repeat","background-position":"center center","background-size":"auto","background-attachment":"scroll","background-type":"","background-media":"","overlay-type":"","overlay-color":"","overlay-opacity":"","overlay-gradient":""},"tablet":{"background-color":"var(--ast-global-color-5)","background-image":"","background-repeat":"repeat","background-position":"center center","background-size":"auto","background-attachment":"scroll","background-type":"","background-media":"","overlay-type":"","overlay-color":"","overlay-opacity":"","overlay-gradient":""},"mobile":{"background-color":"var(--ast-global-color-5)","background-image":"","background-repeat":"repeat","background-position":"center center","background-size":"auto","background-attachment":"scroll","background-type":"","background-media":"","overlay-type":"","overlay-color":"","overlay-opacity":"","overlay-gradient":""}}},"product_brand":[],"product_cat":[145,146],"product_tag":[],"class_list":{"0":"post-13290","1":"product","2":"type-product","3":"status-publish","4":"has-post-thumbnail","6":"product_cat-e8h","7":"product_cat-nuevas-moleculas","8":"desktop-align-center","9":"tablet-align-left","10":"mobile-align-left","12":"first","13":"instock","14":"taxable","15":"shipping-taxable","16":"purchasable","17":"product-type-simple"},"acf":[],"yoast_head":"<!-- This site is optimized with the Yoast SEO plugin v27.3 - https:\/\/yoast.com\/product\/yoast-seo-wordpress\/ -->\n<title>Vaper desechable Space Vape Gorilla Glue STV - Vape al por mayor - THE LYF LABS<\/title>\n<meta name=\"description\" content=\"Vaper Space Vape desechable sabor Gorilla Glue con Sativanol, CBD 40%, CBG 30% y terpenos naturales. Potente, legal y sin THC. Producto exclusivo.\" \/>\n<meta name=\"robots\" content=\"index, follow, max-snippet:-1, max-image-preview:large, max-video-preview:-1\" \/>\n<link rel=\"canonical\" href=\"https:\/\/thelyflabs.com\/it\/product\/vaper-he8-space-vape-gorilla-glue-2ml\/\" \/>\n<meta property=\"og:locale\" content=\"it_IT\" \/>\n<meta property=\"og:type\" content=\"article\" \/>\n<meta property=\"og:title\" content=\"Vaper desechable Space Vape Gorilla Glue STV - Vape al por mayor - THE LYF LABS\" \/>\n<meta property=\"og:description\" content=\"Vaper Space Vape desechable sabor Gorilla Glue con Sativanol, CBD 40%, CBG 30% y terpenos naturales. Potente, legal y sin THC. Producto exclusivo.\" \/>\n<meta property=\"og:url\" content=\"https:\/\/thelyflabs.com\/it\/product\/vaper-he8-space-vape-gorilla-glue-2ml\/\" \/>\n<meta property=\"og:site_name\" content=\"THE LYF LABS\" \/>\n<meta property=\"article:modified_time\" content=\"2026-03-19T14:21:17+00:00\" \/>\n<meta property=\"og:image\" content=\"https:\/\/thelyflabs.com\/wp-content\/uploads\/2026\/03\/tkykjtykt.webp\" \/>\n\t<meta property=\"og:image:width\" content=\"1000\" \/>\n\t<meta property=\"og:image:height\" content=\"1000\" \/>\n\t<meta property=\"og:image:type\" content=\"image\/webp\" \/>\n<meta name=\"twitter:card\" content=\"summary_large_image\" \/>\n<meta name=\"twitter:label1\" content=\"Tempo di lettura stimato\" \/>\n\t<meta name=\"twitter:data1\" content=\"3 minuti\" \/>\n<script type=\"application\/ld+json\" class=\"yoast-schema-graph\">{\"@context\":\"https:\\\/\\\/schema.org\",\"@graph\":[{\"@type\":\"WebPage\",\"@id\":\"https:\\\/\\\/thelyflabs.com\\\/product\\\/vaper-he8-space-vape-gorilla-glue-2ml\",\"url\":\"https:\\\/\\\/thelyflabs.com\\\/product\\\/vaper-he8-space-vape-gorilla-glue-2ml\",\"name\":\"Vaper desechable Space Vape Gorilla Glue STV - Vape al por mayor - THE LYF LABS\",\"isPartOf\":{\"@id\":\"https:\\\/\\\/thelyflabs.com\\\/#website\"},\"primaryImageOfPage\":{\"@id\":\"https:\\\/\\\/thelyflabs.com\\\/product\\\/vaper-he8-space-vape-gorilla-glue-2ml#primaryimage\"},\"image\":{\"@id\":\"https:\\\/\\\/thelyflabs.com\\\/product\\\/vaper-he8-space-vape-gorilla-glue-2ml#primaryimage\"},\"thumbnailUrl\":\"https:\\\/\\\/thelyflabs.com\\\/wp-content\\\/uploads\\\/2026\\\/03\\\/tkykjtykt.webp\",\"datePublished\":\"2025-07-30T00:05:04+00:00\",\"dateModified\":\"2026-03-19T14:21:17+00:00\",\"description\":\"Vaper Space Vape desechable sabor Gorilla Glue con Sativanol, CBD 40%, CBG 30% y terpenos naturales. Potente, legal y sin THC. Producto exclusivo.\",\"breadcrumb\":{\"@id\":\"https:\\\/\\\/thelyflabs.com\\\/product\\\/vaper-he8-space-vape-gorilla-glue-2ml#breadcrumb\"},\"inLanguage\":\"it-IT\",\"potentialAction\":[{\"@type\":\"ReadAction\",\"target\":[\"https:\\\/\\\/thelyflabs.com\\\/product\\\/vaper-he8-space-vape-gorilla-glue-2ml\"]}]},{\"@type\":\"ImageObject\",\"inLanguage\":\"it-IT\",\"@id\":\"https:\\\/\\\/thelyflabs.com\\\/product\\\/vaper-he8-space-vape-gorilla-glue-2ml#primaryimage\",\"url\":\"https:\\\/\\\/thelyflabs.com\\\/wp-content\\\/uploads\\\/2026\\\/03\\\/tkykjtykt.webp\",\"contentUrl\":\"https:\\\/\\\/thelyflabs.com\\\/wp-content\\\/uploads\\\/2026\\\/03\\\/tkykjtykt.webp\",\"width\":1000,\"height\":1000,\"caption\":\"Caja m\u00e1s vaper azul gorilla E8H 2ml dcha\"},{\"@type\":\"BreadcrumbList\",\"@id\":\"https:\\\/\\\/thelyflabs.com\\\/product\\\/vaper-he8-space-vape-gorilla-glue-2ml#breadcrumb\",\"itemListElement\":[{\"@type\":\"ListItem\",\"position\":1,\"name\":\"Portada\",\"item\":\"https:\\\/\\\/thelyflabs.com\\\/\"},{\"@type\":\"ListItem\",\"position\":2,\"name\":\"Tienda\",\"item\":\"https:\\\/\\\/thelyflabs.com\\\/tienda\"},{\"@type\":\"ListItem\",\"position\":3,\"name\":\"Vaper E8H 90% &#8211; Space Vape Gorilla Glue 2ml\"}]},{\"@type\":\"WebSite\",\"@id\":\"https:\\\/\\\/thelyflabs.com\\\/#website\",\"url\":\"https:\\\/\\\/thelyflabs.com\\\/\",\"name\":\"The LYF Labs\",\"description\":\"CBD al por mayor\",\"publisher\":{\"@id\":\"https:\\\/\\\/thelyflabs.com\\\/#organization\"},\"potentialAction\":[{\"@type\":\"SearchAction\",\"target\":{\"@type\":\"EntryPoint\",\"urlTemplate\":\"https:\\\/\\\/thelyflabs.com\\\/?s={search_term_string}\"},\"query-input\":{\"@type\":\"PropertyValueSpecification\",\"valueRequired\":true,\"valueName\":\"search_term_string\"}}],\"inLanguage\":\"it-IT\"},{\"@type\":\"Organization\",\"@id\":\"https:\\\/\\\/thelyflabs.com\\\/#organization\",\"name\":\"The LYF Labs\",\"url\":\"https:\\\/\\\/thelyflabs.com\\\/\",\"logo\":{\"@type\":\"ImageObject\",\"inLanguage\":\"it-IT\",\"@id\":\"https:\\\/\\\/thelyflabs.com\\\/#\\\/schema\\\/logo\\\/image\\\/\",\"url\":\"https:\\\/\\\/thelyflabs.com\\\/wp-content\\\/uploads\\\/2023\\\/01\\\/cropped-LogoTheLYFLabs.png\",\"contentUrl\":\"https:\\\/\\\/thelyflabs.com\\\/wp-content\\\/uploads\\\/2023\\\/01\\\/cropped-LogoTheLYFLabs.png\",\"width\":600,\"height\":180,\"caption\":\"The LYF Labs\"},\"image\":{\"@id\":\"https:\\\/\\\/thelyflabs.com\\\/#\\\/schema\\\/logo\\\/image\\\/\"}}]}<\/script>\n<!-- \/ Yoast SEO plugin. -->","yoast_head_json":{"title":"Vaper desechable Space Vape Gorilla Glue STV - Vape al por mayor - THE LYF LABS","description":"Vaper Space Vape desechable sabor Gorilla Glue con Sativanol, CBD 40%, CBG 30% y terpenos naturales. Potente, legal y sin THC. Producto exclusivo.","robots":{"index":"index","follow":"follow","max-snippet":"max-snippet:-1","max-image-preview":"max-image-preview:large","max-video-preview":"max-video-preview:-1"},"canonical":"https:\/\/thelyflabs.com\/it\/product\/vaper-he8-space-vape-gorilla-glue-2ml\/","og_locale":"it_IT","og_type":"article","og_title":"Vaper desechable Space Vape Gorilla Glue STV - Vape al por mayor - THE LYF LABS","og_description":"Vaper Space Vape desechable sabor Gorilla Glue con Sativanol, CBD 40%, CBG 30% y terpenos naturales. Potente, legal y sin THC. Producto exclusivo.","og_url":"https:\/\/thelyflabs.com\/it\/product\/vaper-he8-space-vape-gorilla-glue-2ml\/","og_site_name":"THE LYF LABS","article_modified_time":"2026-03-19T14:21:17+00:00","og_image":[{"width":1000,"height":1000,"url":"https:\/\/thelyflabs.com\/wp-content\/uploads\/2026\/03\/tkykjtykt.webp","type":"image\/webp"}],"twitter_card":"summary_large_image","twitter_misc":{"Tempo di lettura stimato":"3 minuti"},"schema":{"@context":"https:\/\/schema.org","@graph":[{"@type":"WebPage","@id":"https:\/\/thelyflabs.com\/product\/vaper-he8-space-vape-gorilla-glue-2ml","url":"https:\/\/thelyflabs.com\/product\/vaper-he8-space-vape-gorilla-glue-2ml","name":"Vaper desechable Space Vape Gorilla Glue STV - Vape al por mayor - THE LYF LABS","isPartOf":{"@id":"https:\/\/thelyflabs.com\/#website"},"primaryImageOfPage":{"@id":"https:\/\/thelyflabs.com\/product\/vaper-he8-space-vape-gorilla-glue-2ml#primaryimage"},"image":{"@id":"https:\/\/thelyflabs.com\/product\/vaper-he8-space-vape-gorilla-glue-2ml#primaryimage"},"thumbnailUrl":"https:\/\/thelyflabs.com\/wp-content\/uploads\/2026\/03\/tkykjtykt.webp","datePublished":"2025-07-30T00:05:04+00:00","dateModified":"2026-03-19T14:21:17+00:00","description":"Vaper Space Vape desechable sabor Gorilla Glue con Sativanol, CBD 40%, CBG 30% y terpenos naturales. Potente, legal y sin THC. Producto exclusivo.","breadcrumb":{"@id":"https:\/\/thelyflabs.com\/product\/vaper-he8-space-vape-gorilla-glue-2ml#breadcrumb"},"inLanguage":"it-IT","potentialAction":[{"@type":"ReadAction","target":["https:\/\/thelyflabs.com\/product\/vaper-he8-space-vape-gorilla-glue-2ml"]}]},{"@type":"ImageObject","inLanguage":"it-IT","@id":"https:\/\/thelyflabs.com\/product\/vaper-he8-space-vape-gorilla-glue-2ml#primaryimage","url":"https:\/\/thelyflabs.com\/wp-content\/uploads\/2026\/03\/tkykjtykt.webp","contentUrl":"https:\/\/thelyflabs.com\/wp-content\/uploads\/2026\/03\/tkykjtykt.webp","width":1000,"height":1000,"caption":"Caja m\u00e1s vaper azul gorilla E8H 2ml dcha"},{"@type":"BreadcrumbList","@id":"https:\/\/thelyflabs.com\/product\/vaper-he8-space-vape-gorilla-glue-2ml#breadcrumb","itemListElement":[{"@type":"ListItem","position":1,"name":"Portada","item":"https:\/\/thelyflabs.com\/"},{"@type":"ListItem","position":2,"name":"Tienda","item":"https:\/\/thelyflabs.com\/tienda"},{"@type":"ListItem","position":3,"name":"Vaper E8H 90% &#8211; Space Vape Gorilla Glue 2ml"}]},{"@type":"WebSite","@id":"https:\/\/thelyflabs.com\/#website","url":"https:\/\/thelyflabs.com\/","name":"I laboratori LYF","description":"CBD all&#039;ingrosso","publisher":{"@id":"https:\/\/thelyflabs.com\/#organization"},"potentialAction":[{"@type":"SearchAction","target":{"@type":"EntryPoint","urlTemplate":"https:\/\/thelyflabs.com\/?s={search_term_string}"},"query-input":{"@type":"PropertyValueSpecification","valueRequired":true,"valueName":"search_term_string"}}],"inLanguage":"it-IT"},{"@type":"Organization","@id":"https:\/\/thelyflabs.com\/#organization","name":"I laboratori LYF","url":"https:\/\/thelyflabs.com\/","logo":{"@type":"ImageObject","inLanguage":"it-IT","@id":"https:\/\/thelyflabs.com\/#\/schema\/logo\/image\/","url":"https:\/\/thelyflabs.com\/wp-content\/uploads\/2023\/01\/cropped-LogoTheLYFLabs.png","contentUrl":"https:\/\/thelyflabs.com\/wp-content\/uploads\/2023\/01\/cropped-LogoTheLYFLabs.png","width":600,"height":180,"caption":"The LYF Labs"},"image":{"@id":"https:\/\/thelyflabs.com\/#\/schema\/logo\/image\/"}}]}},"_links":{"self":[{"href":"https:\/\/thelyflabs.com\/it\/wp-json\/wp\/v2\/product\/13290","targetHints":{"allow":["GET"]}}],"collection":[{"href":"https:\/\/thelyflabs.com\/it\/wp-json\/wp\/v2\/product"}],"about":[{"href":"https:\/\/thelyflabs.com\/it\/wp-json\/wp\/v2\/types\/product"}],"replies":[{"embeddable":true,"href":"https:\/\/thelyflabs.com\/it\/wp-json\/wp\/v2\/comments?post=13290"}],"wp:featuredmedia":[{"embeddable":true,"href":"https:\/\/thelyflabs.com\/it\/wp-json\/wp\/v2\/media\/17151"}],"wp:attachment":[{"href":"https:\/\/thelyflabs.com\/it\/wp-json\/wp\/v2\/media?parent=13290"}],"wp:term":[{"taxonomy":"product_brand","embeddable":true,"href":"https:\/\/thelyflabs.com\/it\/wp-json\/wp\/v2\/product_brand?post=13290"},{"taxonomy":"product_cat","embeddable":true,"href":"https:\/\/thelyflabs.com\/it\/wp-json\/wp\/v2\/product_cat?post=13290"},{"taxonomy":"product_tag","embeddable":true,"href":"https:\/\/thelyflabs.com\/it\/wp-json\/wp\/v2\/product_tag?post=13290"}],"curies":[{"name":"parola chiave","href":"https:\/\/api.w.org\/{rel}","templated":true}]}}