{"id":13476,"date":"2025-08-06T16:49:03","date_gmt":"2025-08-06T14:49:03","guid":{"rendered":"https:\/\/thelyflabs.com\/?post_type=product&#038;p=13476"},"modified":"2026-03-19T15:02:15","modified_gmt":"2026-03-19T14:02:15","slug":"pack-50-vapes-de-e8h-stv-o-10oh-space-vape-1ml-copia","status":"publish","type":"product","link":"https:\/\/thelyflabs.com\/it\/product\/pack-50-vapes-de-e8h-stv-o-10oh-space-vape-1ml-copia","title":{"rendered":"Confezione da 50 vaporizzatori di E8H, STV o 10OH \u2013 Space Vape 1ml"},"content":{"rendered":"<h4>Confezione da 50 sigarette elettroniche E8H, STV o 10-OH: scegli il massimo da Iguana Smoke<\/h4>\n<p>Scopri le ultime novit\u00e0 della nostra collezione: gli e-liquid Space Vape da 1 ml nei gusti E8H, STV e 10-OH. Ora disponibili in una comoda confezione da 50 pezzi, cos\u00ec puoi scegliere i tuoi preferiti e ottenere il meglio dallo svapo. Questa confezione da 50 di e-liquid E8H, STV o 10-OH \u00e8 ideale per chi cerca variet\u00e0 e qualit\u00e0 al miglior prezzo: perfetta per rifornire la tua collezione o per provare i prodotti pi\u00f9 recenti.<\/p>\n<h5>Scopri la nuova generazione di vapers<\/h5>\n<p>In questa confezione da 50 vaporizzatori E8H, STV o 10-OH puoi scegliere tra i nostri due tipi di vaporizzatori Space Vape:<\/p>\n<ul>\n<li>STV Vape: il fiore all&#039;occhiello di Iguana Smoke. Ogni Space Vape contiene 40% di CBD e STV (Sativanolo), un cannabinoide che sta suscitando molto interesse. Con 2 ml di liquido premium e gli squisiti terpeni Cali Terpenes, offre fino a 600 tiri senza nicotina o THC, garantendo un&#039;esperienza di alta qualit\u00e0.<\/li>\n<li>Vaper 10-OH: Esplora l&#039;intrigante 10-OH (10-idrossi), una molecola unica della canapa. Sebbene la ricerca e il suo status legale siano in continua evoluzione, il suo profilo \u00e8 affascinante e suscita notevole interesse nel settore.<\/li>\n<\/ul>\n<h5>Diversi gusti tra cui scegliere<\/h5>\n<p>Per rendere la tua esperienza ancora migliore, la confezione da 50 Vapers E8H, STV o 10-OH include una selezione di aromi che amerai:<\/p>\n<ul>\n<li>Amnesia: un profilo di cannabis autentico con note terrose e un tocco speziato, caratteristici di questa popolare variet\u00e0.<\/li>\n<li>Gelato: un sapore di cannabis dolce e delicato, con note cremose che ricordano la famosa variet\u00e0.<\/li>\n<li>Gorilla Glue: scopri un sapore di cannabis robusto e potente, con note terrose e di pino che catturano l&#039;essenza di questa variet\u00e0 leggendaria.<\/li>\n<li>Mango: esotico e dolce, con l&#039;inconfondibile sapore tropicale del mango appena maturo.<\/li>\n<li>Lemon Haze: Vibrante e rinfrescante, con un intenso aroma di limone e un tocco agrumato che dona energia.<\/li>\n<\/ul>\n<p>Pronti a scegliere i vostri prossimi vaporizzatori preferiti dalla nuova collezione di Iguana Smoke? Scopriteli!<\/p>\n<h5>Design e comfort con Iguana Smoke Seal<\/h5>\n<p>Le nostre sigarette elettroniche usa e getta sono la pura essenza di Iguana Smoke: pronte all&#039;uso, ricariche e manutenzione semplici e un design moderno ed elegante. Questa confezione da 50 \u00e8 l&#039;opzione perfetta per i rivenditori o per chi cerca una soluzione pratica ed elegante a lungo termine.<\/p>\n<h6>Informazioni legali<\/h6>\n<p>Per Iguana Smoke, la trasparenza \u00e8 essenziale. Vogliamo ricordarvi che, secondo la normativa spagnola vigente, questi prodotti non sono destinati al consumo umano. Sono destinati esclusivamente all&#039;uso industriale, tecnico, orticolo o collezionistico.<\/p>\n<p>Si prega di non guidare o utilizzare macchinari pesanti dopo la manipolazione. Le informazioni su E8H, STV e 10-OH sono ancora limitate. Si prega di notare che i nostri prodotti non contengono cannabinoidi controllati.<\/p>\n<p>Tutti i nostri prodotti derivano da canapa industriale certificata. Contengono meno dello 0,3% di THC e sono privi di cannabinoidi non autorizzati come HHC, HHC-P, THCP, THCP-O, H4CBD e derivati.<\/p>\n<p>Puoi consultare il <a href=\"https:\/\/iguanasmoke.com\/analiticas\/\">Certificato di analisi qui.<\/a><\/p>","protected":false},"excerpt":{"rendered":"<h4>Confezione monouso per sigaretta elettronica E8H, STV o 10 OH Space Vape x 50 unit\u00e0<\/h4>\n<p>Scegli e combina il tuo pacchetto con i nuovi cannabinoidi dello svapo spaziale E8H, STV o 10-OH a piacere<\/p>\n<h5><strong>Caratteristiche<\/strong><\/h5>\n<ul>\n<li>Risparmia 125 \u20ac<\/li>\n<li>Spedizione gratuita inclusa nel prezzo<\/li>\n<li>Ricevi 20 \u20ac in crediti LYF per il tuo prossimo acquisto<\/li>\n<li>Dimensioni: 105 mm x 24 mm x 11,2 mm<\/li>\n<li>Batteria: 380 mAh<\/li>\n<li>Capacit\u00e0: 1 ml<\/li>\n<li>Sbuffi: fino a 300<\/li>\n<li>Terpeni naturali di alta qualit\u00e0<\/li>\n<li>CBD: 40%<\/li>\n<li>Codice a barre: 30%<\/li>\n<li>STV (Sativanolo)<\/li>\n<li>10OH 90%<\/li>\n<li>THC: 0%<\/li>\n<li>Numero di serie: 0%<\/li>\n<li>THC-P: 0%<\/li>\n<li>Nicotina: 0%<\/li>\n<li>Non contiene VG, PG, PEG, MCT o altri agenti di taglio<\/li>\n<\/ul>","protected":false},"featured_media":13517,"comment_status":"open","ping_status":"closed","template":"","meta":{"_acf_changed":false,"site-sidebar-layout":"default","site-content-layout":"","ast-site-content-layout":"default","site-content-style":"default","site-sidebar-style":"default","ast-global-header-display":"","ast-banner-title-visibility":"","ast-main-header-display":"","ast-hfb-above-header-display":"","ast-hfb-below-header-display":"","ast-hfb-mobile-header-display":"","site-post-title":"","ast-breadcrumbs-content":"","ast-featured-img":"","footer-sml-layout":"","theme-transparent-header-meta":"default","adv-header-id-meta":"","stick-header-meta":"","header-above-stick-meta":"","header-main-stick-meta":"","header-below-stick-meta":"","astra-migrate-meta-layouts":"set","ast-page-background-enabled":"default","ast-page-background-meta":{"desktop":{"background-color":"var(--ast-global-color-4)","background-image":"","background-repeat":"repeat","background-position":"center center","background-size":"auto","background-attachment":"scroll","background-type":"","background-media":"","overlay-type":"","overlay-color":"","overlay-opacity":"","overlay-gradient":""},"tablet":{"background-color":"","background-image":"","background-repeat":"repeat","background-position":"center center","background-size":"auto","background-attachment":"scroll","background-type":"","background-media":"","overlay-type":"","overlay-color":"","overlay-opacity":"","overlay-gradient":""},"mobile":{"background-color":"","background-image":"","background-repeat":"repeat","background-position":"center center","background-size":"auto","background-attachment":"scroll","background-type":"","background-media":"","overlay-type":"","overlay-color":"","overlay-opacity":"","overlay-gradient":""}},"ast-content-background-meta":{"desktop":{"background-color":"var(--ast-global-color-5)","background-image":"","background-repeat":"repeat","background-position":"center center","background-size":"auto","background-attachment":"scroll","background-type":"","background-media":"","overlay-type":"","overlay-color":"","overlay-opacity":"","overlay-gradient":""},"tablet":{"background-color":"var(--ast-global-color-5)","background-image":"","background-repeat":"repeat","background-position":"center center","background-size":"auto","background-attachment":"scroll","background-type":"","background-media":"","overlay-type":"","overlay-color":"","overlay-opacity":"","overlay-gradient":""},"mobile":{"background-color":"var(--ast-global-color-5)","background-image":"","background-repeat":"repeat","background-position":"center center","background-size":"auto","background-attachment":"scroll","background-type":"","background-media":"","overlay-type":"","overlay-color":"","overlay-opacity":"","overlay-gradient":""}}},"product_brand":[],"product_cat":[140,145,40,146,102,143,138],"product_tag":[],"class_list":{"0":"post-13476","1":"product","2":"type-product","3":"status-publish","4":"has-post-thumbnail","6":"product_cat-10oh","7":"product_cat-e8h","8":"product_cat-iguanasmoke","9":"product_cat-nuevas-moleculas","10":"product_cat-packs-y-ofertas","11":"product_cat-stv","12":"product_cat-stv-sativanol","13":"desktop-align-center","14":"tablet-align-left","15":"mobile-align-left","17":"first","18":"instock","19":"sale","20":"taxable","21":"shipping-taxable","22":"purchasable","23":"product-type-composite"},"acf":[],"yoast_head":"<!-- This site is optimized with the Yoast SEO plugin v27.3 - https:\/\/yoast.com\/product\/yoast-seo-wordpress\/ -->\n<title>Pack 50 Vapes de E8H, STV o 10OH - Space Vape 1ml - THE LYF LABS<\/title>\n<meta name=\"description\" content=\"Pack de 50 vapers desechables con STV o 10-OH. Hasta 600 caladas por unidad. Sin THC, nicotina ni aditivos. Perfecto para venta al por mayor.\" \/>\n<meta name=\"robots\" content=\"index, follow, max-snippet:-1, max-image-preview:large, max-video-preview:-1\" \/>\n<link rel=\"canonical\" href=\"https:\/\/thelyflabs.com\/it\/product\/pack-50-vapes-de-e8h-stv-o-10oh-space-vape-1ml-copia\/\" \/>\n<meta property=\"og:locale\" content=\"it_IT\" \/>\n<meta property=\"og:type\" content=\"article\" \/>\n<meta property=\"og:title\" content=\"Pack 50 Vapes de E8H, STV o 10OH - Space Vape 1ml - THE LYF LABS\" \/>\n<meta property=\"og:description\" content=\"Pack de 50 vapers desechables con STV o 10-OH. Hasta 600 caladas por unidad. Sin THC, nicotina ni aditivos. Perfecto para venta al por mayor.\" \/>\n<meta property=\"og:url\" content=\"https:\/\/thelyflabs.com\/it\/product\/pack-50-vapes-de-e8h-stv-o-10oh-space-vape-1ml-copia\/\" \/>\n<meta property=\"og:site_name\" content=\"THE LYF LABS\" \/>\n<meta property=\"article:modified_time\" content=\"2026-03-19T14:02:15+00:00\" \/>\n<meta property=\"og:image\" content=\"https:\/\/thelyflabs.com\/wp-content\/uploads\/2025\/08\/Pack-Space-Vape-50x-1ml-1.webp\" \/>\n\t<meta property=\"og:image:width\" content=\"1000\" \/>\n\t<meta property=\"og:image:height\" content=\"1000\" \/>\n\t<meta property=\"og:image:type\" content=\"image\/webp\" \/>\n<meta name=\"twitter:card\" content=\"summary_large_image\" \/>\n<meta name=\"twitter:label1\" content=\"Tempo di lettura stimato\" \/>\n\t<meta name=\"twitter:data1\" content=\"3 minuti\" \/>\n<script type=\"application\/ld+json\" class=\"yoast-schema-graph\">{\"@context\":\"https:\\\/\\\/schema.org\",\"@graph\":[{\"@type\":\"WebPage\",\"@id\":\"https:\\\/\\\/thelyflabs.com\\\/product\\\/pack-50-vapes-de-e8h-stv-o-10oh-space-vape-1ml-copia\",\"url\":\"https:\\\/\\\/thelyflabs.com\\\/product\\\/pack-50-vapes-de-e8h-stv-o-10oh-space-vape-1ml-copia\",\"name\":\"Pack 50 Vapes de E8H, STV o 10OH - Space Vape 1ml - THE LYF LABS\",\"isPartOf\":{\"@id\":\"https:\\\/\\\/thelyflabs.com\\\/#website\"},\"primaryImageOfPage\":{\"@id\":\"https:\\\/\\\/thelyflabs.com\\\/product\\\/pack-50-vapes-de-e8h-stv-o-10oh-space-vape-1ml-copia#primaryimage\"},\"image\":{\"@id\":\"https:\\\/\\\/thelyflabs.com\\\/product\\\/pack-50-vapes-de-e8h-stv-o-10oh-space-vape-1ml-copia#primaryimage\"},\"thumbnailUrl\":\"https:\\\/\\\/thelyflabs.com\\\/wp-content\\\/uploads\\\/2025\\\/08\\\/Pack-Space-Vape-50x-1ml-1.webp\",\"datePublished\":\"2025-08-06T14:49:03+00:00\",\"dateModified\":\"2026-03-19T14:02:15+00:00\",\"description\":\"Pack de 50 vapers desechables con STV o 10-OH. Hasta 600 caladas por unidad. Sin THC, nicotina ni aditivos. Perfecto para venta al por mayor.\",\"breadcrumb\":{\"@id\":\"https:\\\/\\\/thelyflabs.com\\\/product\\\/pack-50-vapes-de-e8h-stv-o-10oh-space-vape-1ml-copia#breadcrumb\"},\"inLanguage\":\"it-IT\",\"potentialAction\":[{\"@type\":\"ReadAction\",\"target\":[\"https:\\\/\\\/thelyflabs.com\\\/product\\\/pack-50-vapes-de-e8h-stv-o-10oh-space-vape-1ml-copia\"]}]},{\"@type\":\"ImageObject\",\"inLanguage\":\"it-IT\",\"@id\":\"https:\\\/\\\/thelyflabs.com\\\/product\\\/pack-50-vapes-de-e8h-stv-o-10oh-space-vape-1ml-copia#primaryimage\",\"url\":\"https:\\\/\\\/thelyflabs.com\\\/wp-content\\\/uploads\\\/2025\\\/08\\\/Pack-Space-Vape-50x-1ml-1.webp\",\"contentUrl\":\"https:\\\/\\\/thelyflabs.com\\\/wp-content\\\/uploads\\\/2025\\\/08\\\/Pack-Space-Vape-50x-1ml-1.webp\",\"width\":1000,\"height\":1000},{\"@type\":\"BreadcrumbList\",\"@id\":\"https:\\\/\\\/thelyflabs.com\\\/product\\\/pack-50-vapes-de-e8h-stv-o-10oh-space-vape-1ml-copia#breadcrumb\",\"itemListElement\":[{\"@type\":\"ListItem\",\"position\":1,\"name\":\"Portada\",\"item\":\"https:\\\/\\\/thelyflabs.com\\\/\"},{\"@type\":\"ListItem\",\"position\":2,\"name\":\"Tienda\",\"item\":\"https:\\\/\\\/thelyflabs.com\\\/tienda\"},{\"@type\":\"ListItem\",\"position\":3,\"name\":\"Pack 50 Vapes de E8H, STV o 10OH &#8211; Space Vape 1ml\"}]},{\"@type\":\"WebSite\",\"@id\":\"https:\\\/\\\/thelyflabs.com\\\/#website\",\"url\":\"https:\\\/\\\/thelyflabs.com\\\/\",\"name\":\"The LYF Labs\",\"description\":\"CBD al por mayor\",\"publisher\":{\"@id\":\"https:\\\/\\\/thelyflabs.com\\\/#organization\"},\"potentialAction\":[{\"@type\":\"SearchAction\",\"target\":{\"@type\":\"EntryPoint\",\"urlTemplate\":\"https:\\\/\\\/thelyflabs.com\\\/?s={search_term_string}\"},\"query-input\":{\"@type\":\"PropertyValueSpecification\",\"valueRequired\":true,\"valueName\":\"search_term_string\"}}],\"inLanguage\":\"it-IT\"},{\"@type\":\"Organization\",\"@id\":\"https:\\\/\\\/thelyflabs.com\\\/#organization\",\"name\":\"The LYF Labs\",\"url\":\"https:\\\/\\\/thelyflabs.com\\\/\",\"logo\":{\"@type\":\"ImageObject\",\"inLanguage\":\"it-IT\",\"@id\":\"https:\\\/\\\/thelyflabs.com\\\/#\\\/schema\\\/logo\\\/image\\\/\",\"url\":\"https:\\\/\\\/thelyflabs.com\\\/wp-content\\\/uploads\\\/2023\\\/01\\\/cropped-LogoTheLYFLabs.png\",\"contentUrl\":\"https:\\\/\\\/thelyflabs.com\\\/wp-content\\\/uploads\\\/2023\\\/01\\\/cropped-LogoTheLYFLabs.png\",\"width\":600,\"height\":180,\"caption\":\"The LYF Labs\"},\"image\":{\"@id\":\"https:\\\/\\\/thelyflabs.com\\\/#\\\/schema\\\/logo\\\/image\\\/\"}}]}<\/script>\n<!-- \/ Yoast SEO plugin. -->","yoast_head_json":{"title":"Pack 50 Vapes de E8H, STV o 10OH - Space Vape 1ml - THE LYF LABS","description":"Pack de 50 vapers desechables con STV o 10-OH. Hasta 600 caladas por unidad. Sin THC, nicotina ni aditivos. Perfecto para venta al por mayor.","robots":{"index":"index","follow":"follow","max-snippet":"max-snippet:-1","max-image-preview":"max-image-preview:large","max-video-preview":"max-video-preview:-1"},"canonical":"https:\/\/thelyflabs.com\/it\/product\/pack-50-vapes-de-e8h-stv-o-10oh-space-vape-1ml-copia\/","og_locale":"it_IT","og_type":"article","og_title":"Pack 50 Vapes de E8H, STV o 10OH - Space Vape 1ml - THE LYF LABS","og_description":"Pack de 50 vapers desechables con STV o 10-OH. Hasta 600 caladas por unidad. Sin THC, nicotina ni aditivos. Perfecto para venta al por mayor.","og_url":"https:\/\/thelyflabs.com\/it\/product\/pack-50-vapes-de-e8h-stv-o-10oh-space-vape-1ml-copia\/","og_site_name":"THE LYF LABS","article_modified_time":"2026-03-19T14:02:15+00:00","og_image":[{"width":1000,"height":1000,"url":"https:\/\/thelyflabs.com\/wp-content\/uploads\/2025\/08\/Pack-Space-Vape-50x-1ml-1.webp","type":"image\/webp"}],"twitter_card":"summary_large_image","twitter_misc":{"Tempo di lettura stimato":"3 minuti"},"schema":{"@context":"https:\/\/schema.org","@graph":[{"@type":"WebPage","@id":"https:\/\/thelyflabs.com\/product\/pack-50-vapes-de-e8h-stv-o-10oh-space-vape-1ml-copia","url":"https:\/\/thelyflabs.com\/product\/pack-50-vapes-de-e8h-stv-o-10oh-space-vape-1ml-copia","name":"Pack 50 Vapes de E8H, STV o 10OH - Space Vape 1ml - THE LYF LABS","isPartOf":{"@id":"https:\/\/thelyflabs.com\/#website"},"primaryImageOfPage":{"@id":"https:\/\/thelyflabs.com\/product\/pack-50-vapes-de-e8h-stv-o-10oh-space-vape-1ml-copia#primaryimage"},"image":{"@id":"https:\/\/thelyflabs.com\/product\/pack-50-vapes-de-e8h-stv-o-10oh-space-vape-1ml-copia#primaryimage"},"thumbnailUrl":"https:\/\/thelyflabs.com\/wp-content\/uploads\/2025\/08\/Pack-Space-Vape-50x-1ml-1.webp","datePublished":"2025-08-06T14:49:03+00:00","dateModified":"2026-03-19T14:02:15+00:00","description":"Pack de 50 vapers desechables con STV o 10-OH. Hasta 600 caladas por unidad. Sin THC, nicotina ni aditivos. Perfecto para venta al por mayor.","breadcrumb":{"@id":"https:\/\/thelyflabs.com\/product\/pack-50-vapes-de-e8h-stv-o-10oh-space-vape-1ml-copia#breadcrumb"},"inLanguage":"it-IT","potentialAction":[{"@type":"ReadAction","target":["https:\/\/thelyflabs.com\/product\/pack-50-vapes-de-e8h-stv-o-10oh-space-vape-1ml-copia"]}]},{"@type":"ImageObject","inLanguage":"it-IT","@id":"https:\/\/thelyflabs.com\/product\/pack-50-vapes-de-e8h-stv-o-10oh-space-vape-1ml-copia#primaryimage","url":"https:\/\/thelyflabs.com\/wp-content\/uploads\/2025\/08\/Pack-Space-Vape-50x-1ml-1.webp","contentUrl":"https:\/\/thelyflabs.com\/wp-content\/uploads\/2025\/08\/Pack-Space-Vape-50x-1ml-1.webp","width":1000,"height":1000},{"@type":"BreadcrumbList","@id":"https:\/\/thelyflabs.com\/product\/pack-50-vapes-de-e8h-stv-o-10oh-space-vape-1ml-copia#breadcrumb","itemListElement":[{"@type":"ListItem","position":1,"name":"Portada","item":"https:\/\/thelyflabs.com\/"},{"@type":"ListItem","position":2,"name":"Tienda","item":"https:\/\/thelyflabs.com\/tienda"},{"@type":"ListItem","position":3,"name":"Pack 50 Vapes de E8H, STV o 10OH &#8211; Space Vape 1ml"}]},{"@type":"WebSite","@id":"https:\/\/thelyflabs.com\/#website","url":"https:\/\/thelyflabs.com\/","name":"I laboratori LYF","description":"CBD all&#039;ingrosso","publisher":{"@id":"https:\/\/thelyflabs.com\/#organization"},"potentialAction":[{"@type":"SearchAction","target":{"@type":"EntryPoint","urlTemplate":"https:\/\/thelyflabs.com\/?s={search_term_string}"},"query-input":{"@type":"PropertyValueSpecification","valueRequired":true,"valueName":"search_term_string"}}],"inLanguage":"it-IT"},{"@type":"Organization","@id":"https:\/\/thelyflabs.com\/#organization","name":"I laboratori LYF","url":"https:\/\/thelyflabs.com\/","logo":{"@type":"ImageObject","inLanguage":"it-IT","@id":"https:\/\/thelyflabs.com\/#\/schema\/logo\/image\/","url":"https:\/\/thelyflabs.com\/wp-content\/uploads\/2023\/01\/cropped-LogoTheLYFLabs.png","contentUrl":"https:\/\/thelyflabs.com\/wp-content\/uploads\/2023\/01\/cropped-LogoTheLYFLabs.png","width":600,"height":180,"caption":"The LYF Labs"},"image":{"@id":"https:\/\/thelyflabs.com\/#\/schema\/logo\/image\/"}}]}},"_links":{"self":[{"href":"https:\/\/thelyflabs.com\/it\/wp-json\/wp\/v2\/product\/13476","targetHints":{"allow":["GET"]}}],"collection":[{"href":"https:\/\/thelyflabs.com\/it\/wp-json\/wp\/v2\/product"}],"about":[{"href":"https:\/\/thelyflabs.com\/it\/wp-json\/wp\/v2\/types\/product"}],"replies":[{"embeddable":true,"href":"https:\/\/thelyflabs.com\/it\/wp-json\/wp\/v2\/comments?post=13476"}],"wp:featuredmedia":[{"embeddable":true,"href":"https:\/\/thelyflabs.com\/it\/wp-json\/wp\/v2\/media\/13517"}],"wp:attachment":[{"href":"https:\/\/thelyflabs.com\/it\/wp-json\/wp\/v2\/media?parent=13476"}],"wp:term":[{"taxonomy":"product_brand","embeddable":true,"href":"https:\/\/thelyflabs.com\/it\/wp-json\/wp\/v2\/product_brand?post=13476"},{"taxonomy":"product_cat","embeddable":true,"href":"https:\/\/thelyflabs.com\/it\/wp-json\/wp\/v2\/product_cat?post=13476"},{"taxonomy":"product_tag","embeddable":true,"href":"https:\/\/thelyflabs.com\/it\/wp-json\/wp\/v2\/product_tag?post=13476"}],"curies":[{"name":"parola chiave","href":"https:\/\/api.w.org\/{rel}","templated":true}]}}