{"id":1390,"date":"2023-03-07T15:37:07","date_gmt":"2023-03-07T15:37:07","guid":{"rendered":"https:\/\/thelyflabs.com\/?post_type=product&#038;p=1390"},"modified":"2026-03-19T12:22:37","modified_gmt":"2026-03-19T11:22:37","slug":"iguana-kush-cbd","status":"publish","type":"product","link":"https:\/\/thelyflabs.com\/it\/product\/iguana-kush-cbd","title":{"rendered":"Iguana Kush CBD"},"content":{"rendered":"<h1 data-start=\"1609\" data-end=\"1642\"><span style=\"font-weight: 400\">Flor CBD Iguana Kush: Potencia cl\u00e1sica con sello propio<\/span><\/h1>\n<p data-start=\"549\" data-end=\"976\"><span style=\"font-weight: 400\">Se stai cercando di acquistare fiori di CBD della massima qualit\u00e0 online, <strong>Flor CBD Iguana Kush <\/strong>es de nuestras variedades m\u00e1s queridas y exclusivas. Desarrollada a partir de gen\u00e9ticas de la familia Kush, esta flor representa el equilibrio perfecto entre tradici\u00f3n cann\u00e1bica y cultivo moderno. Con un perfil arom\u00e1tico profundo, efecto relajante y un alto contenido en CBD.\u00a0<\/span><\/p>\n<p data-start=\"549\" data-end=\"976\"><span style=\"font-weight: 400\">Grazie al tuo <strong>cultivo ecol\u00f3gico Greenhouse<\/strong>, esta flor de CBD ofrece un <strong>nivel superior de pureza y conservaci\u00f3n de terpenos<\/strong>. En consecuencia, cada cogollo destaca tanto por su apariencia como por su fragancia, ideal para quienes aprecian el CBD en su m\u00e1xima expresi\u00f3n.<\/span><\/p>\n<p data-start=\"549\" data-end=\"976\"><span style=\"font-weight: 400\"> In <strong>Fumo di iguana<\/strong>Selezioniamo attentamente ogni lotto per offrirti un <strong>Iguana Kush CBD <\/strong><\/span><span style=\"font-weight: 400\"><b>incre\u00edble. <\/b>Su exclusividad la hace especial: seleccionada y desarrollada por <strong>nuestro propios cultivadores<\/strong> hace que no est\u00e9 disponible en otras tiendas.<\/span><\/p>\n<h2 data-start=\"549\" data-end=\"976\"><\/h2>\n<p>&nbsp;<\/p>\n<h2 data-start=\"549\" data-end=\"976\"><\/h2>\n<h2><strong>\u00bfC\u00f3mo es la Flor Iguana Kush CBD?<\/strong><\/h2>\n<p><span style=\"font-weight: 400\">Esta Flor CBD es una variedad Kush conocida muldialmente por sus efectos calmantes. Iguana Kush honra esa herencia con un aroma cl\u00e1sico, pero a\u00f1ade un car\u00e1cter exclusivo gracias a su perfil terp\u00e9nico refinado. Adem\u00e1s, es perfecta para quienes quieren comprar flores CBD online y tener una experiencia intensa, rica en aromas y con una presencia visual arrolladora.\u00a0<\/span><\/p>\n<ul>\n<li><span style=\"font-weight: 400\"><strong>Tipo e percentuale di CBD:<\/strong> Esta flor es dominante \u00cdndica y contiene 15% CBD.<\/span><\/li>\n<li><span style=\"font-weight: 400\"><strong>Aspetto<\/strong>gemme\u00a0<\/span><span style=\"font-weight: 400\"><b>densos y grandes,<\/b> con tonos verde oscuro y pistilos \u00e1mbar. Con alto nivel de resina.<\/span><\/li>\n<li><span style=\"font-weight: 400\"><strong>Profumo<\/strong>: terroso, dulce y levemente c\u00edtrico. Con alg\u00fan toque especiado.\u00a0<\/span><\/li>\n<li><span style=\"font-weight: 400\"><strong>Origine<\/strong>: viene da un <strong>genetica<\/strong> <strong>selezionati:<\/strong> descendiente de la l\u00ednea OG Kush pero de producci\u00f3n propia: exclusiva de la casa.\u00a0<\/span><\/li>\n<\/ul>\n<p><span style=\"font-weight: 400\">Pero si de verdad est\u00e1s interesado y quieres conocer m\u00e1s sobre la diferencia entre Flores \u00cdndica y Sativa, visita nuestro \u00faltimo Post del Blog: <\/span><a href=\"https:\/\/iguanasmoke.com\/diferencias-indica-sativa-flores-cbd\/\"><strong>\u00cdndica vs Sativa: lo que nadie te explica sobre la marihuana y las flores de CBD.<\/strong><\/a><\/p>\n<h3 data-start=\"1732\" data-end=\"1780\"><\/h3>\n<p>&nbsp;<\/p>\n<h2><strong>Guida rapida per scegliere le giuste gemme di CBD <\/strong><\/h2>\n<ul>\n<li><span style=\"font-weight: 400\">Controlla il contenuto di CBD e THC <\/span><\/li>\n<li><span style=\"font-weight: 400\">Scegli marchi affidabili e trasparenti <\/span><\/li>\n<li><span style=\"font-weight: 400\">Verifica certificazioni e controlli qualit\u00e0 <\/span><\/li>\n<li><span style=\"font-weight: 400\">Leggi le recensioni dei clienti reali <\/span><\/li>\n<\/ul>\n<p><span style=\"font-weight: 400\">In <strong>Fumo di iguana<\/strong>, nuestra comunidad es la mejor garant\u00eda de confianza.\u00a0<\/span><\/p>\n<p>&nbsp;<\/p>\n<h2 data-start=\"1548\" data-end=\"1601\">\u00bfPor qu\u00e9 comprar flores de CBD en Iguana Smoke?<\/h2>\n<p data-start=\"2504\" data-end=\"2696\"><span style=\"font-weight: 400\">Se ti stai chiedendo dove acquistare fiori di CBD online, noi di Iguana Smoke ti diamo diversi motivi per acquistare da noi: <\/span><\/p>\n<ol>\n<li style=\"list-style-type: none\">\n<ol>\n<li data-start=\"2504\" data-end=\"2696\"><span style=\"font-weight: 400\">\u2705 <strong>Fiori di CBD convenienti e di prima qualit\u00e0:<\/strong> calidad top a precios justos, desde 2,20\u20ac\/g.<\/span><\/li>\n<li data-start=\"2504\" data-end=\"2696\"><span style=\"font-weight: 400\">\u2705 <strong>Agricoltura biologica:<\/strong> senza pesticidi, senza sostanze chimiche, senza OGM<\/span><\/li>\n<li data-start=\"2504\" data-end=\"2696\"><span style=\"font-weight: 400\">\u2705 <strong>Contenido de THC &lt; 0,3%:<\/strong> legale 100% in Spagna e in Europa<\/span><\/li>\n<li data-start=\"2504\" data-end=\"2696\"><span style=\"font-weight: 400\">\u2705 <strong>Spedizione veloce e discreta:<\/strong> Lo riceverai a casa tua in 24\/48 ore.<\/span><\/li>\n<li data-start=\"2504\" data-end=\"2696\"><span style=\"font-weight: 400\"> \u2705 <strong>Piattaforma di pagamento sicura<\/strong><\/span><\/li>\n<li data-start=\"2504\" data-end=\"2696\"><span style=\"font-weight: 400\">\u2705 <strong>Esperti di prodotti CBD<\/strong>: <strong><a href=\"https:\/\/iguanasmoke.com\/categoria\/hash-cbd\/\">Resine<\/a><\/strong>, <a href=\"https:\/\/iguanasmoke.com\/categoria\/aceite-de-cbd\/\"><strong>Oli<\/strong><\/a>, <a href=\"https:\/\/iguanasmoke.com\/categoria\/pop-corn-cbd-cogollos-pequenos-cbd-mini-buds-cbd\/\"><strong>Popcorn<\/strong><\/a>, <a href=\"https:\/\/iguanasmoke.com\/categoria\/extractos-cbd\/\"><strong>Estratti<\/strong><\/a>, <a href=\"https:\/\/iguanasmoke.com\/categoria\/vaper-cbd\/\"><strong>Svapatori<\/strong> <\/a>e molto altro ancora<\/span><\/li>\n<\/ol>\n<\/li>\n<\/ol>\n<p><span style=\"font-weight: 400\">Inoltre, tutti i nostri fiori di CBD sono<strong> approvato dall&#039;UE<\/strong>garantendone cos\u00ec la legalit\u00e0 e la sicurezza. Abbiamo<a href=\"https:\/\/iguanasmoke.com\/analiticas\/\"><strong> rapporti di laboratorio indipendenti<\/strong><\/a> per verificarne la qualit\u00e0 e la tracciabilit\u00e0. <\/span><\/p>\n<p><span style=\"font-weight: 400\">Hai provato il nostro <strong><a href=\"https:\/\/iguanasmoke.com\/producto\/comprar-flor-gelato-cbd-cogollos-online\/\">Flor CBD Gelato<\/a><\/strong>, <a style=\"font-weight: 400\" href=\"https:\/\/iguanasmoke.com\/producto\/comprar-flor-sour-diesel-cbd-online-marihuana-legal\/\"><strong>Diesel acido <\/strong><\/a>e<a style=\"font-weight: 400\" href=\"https:\/\/iguanasmoke.com\/producto\/comprar-flor-sour-tsunami-cbd-cogollos-online\/\"><strong> Sour Tsunami<\/strong><\/a>? No te pierdas las <strong><a href=\"https:\/\/iguanasmoke.com\/categoria\/flores-cbd\/flores-cbd-indoor\/\">Fiori da interno di alta qualit\u00e0<\/a> <\/strong>o il <a style=\"font-weight: 400\" href=\"https:\/\/iguanasmoke.com\/categoria\/pop-corn-cbd-cogollos-pequenos-cbd-mini-buds-cbd\/\"><strong>Piccole cime di CBD - Popcorn<\/strong><\/a> pi\u00f9 famoso sul mercato.<\/span><\/p>\n<p>&nbsp;<\/p>\n<h3><b>Iguana Smoke es tu tienda de CBD online\u00a0<\/b><\/h3>\n<p><span style=\"font-weight: 400\">In<strong> Fumo di iguana<\/strong>, creemos que disfrutar del CBD debe ser una experiencia segura. Por eso tenemos productos como esta <strong>Flor CBD Iguana Kush<\/strong>, que conecta con las nuevas generaciones: personas que buscan bienestar sin complicaciones, con marcas aut\u00e9nticas y fiables. <\/span><\/p>\n<p><span style=\"font-weight: 400\">Ya sabes, nuestra misi\u00f3n es clara:<strong> llevarte lo mejor del mundo del CBD a un precio justo<\/strong>. Adem\u00e1s, te damos la tranquilidad de saber que est\u00e1s eligiendo un <strong>producto certificado, efectivo y 100% legal<\/strong>. Da el paso; Compra tu Flor CBD hoy y eleva tu experiencia a otro nivel.\u00a0<\/span><\/p>\n<p>Hai ancora domande? Scrivici e saremo lieti di aiutarti a trovare il prodotto perfetto per te.<\/p>\n<p>&nbsp;<\/p>\n<h6>\u2139\ufe0f<strong> Informazioni legali<\/strong><\/h6>\n<p><em><span style=\"font-weight: 400\">*Producto destinado a coleccionismo o aromaterapia, conforme a la legislaci\u00f3n espa\u00f1ola vigente. <\/span><\/em><\/p>\n<p><em><span style=\"font-weight: 400\">**Derivados del c\u00e1\u00f1amo industrial certificado. Contiene menos del 0,3 THC y no incluye cannabinoides ilegales como HHC, HHC-P, THCP, THCP-O, H4CBD ni sustancias recogidas en el Anexo I del Real Decreto 2829\/1977, as\u00ed como tampoco contiene sustancias fiscalizadas por convenios internacionales.\u00a0\u00a0<\/span><\/em><\/p>\n<p>&nbsp;<\/p>\n<h3><strong>\ud83d\udcac FAQS Flor CBD Iguana Kush: <\/strong><\/h3>\n<h4><span style=\"font-weight: 400\">\u2753\u00bfLa Flor CBD produce \u00abcoloc\u00f3n\u00bb?\u00a0<\/span><\/h4>\n<p><span style=\"font-weight: 400\"><strong>No<\/strong>, las flores CBD no producen efectos psicoactivos, por eso no sentir\u00e1s eso, pero si sentir\u00e1s efectos relajantes.\u00a0<\/span><\/p>\n<h4><span style=\"font-weight: 400\">\u2753\u00bfEs legal comprar Flor de CBD en Espa\u00f1a?\u00a0<\/span><\/h4>\n<p><span style=\"font-weight: 400\"><strong>S\u00ed<\/strong>, la flores de CBD<strong> pueden comercializarse legalmente en Espa\u00f1a<\/strong> siempre que cumpla la normativa europea: que contenga menos del 0,3% de THC y que cuente con an\u00e1lisis de laboratorios independientes y su trazabilidad. <\/span><\/p>\n<h4><span style=\"font-weight: 400\">\u2753\u00bfDe qu\u00e9 tipo de cultivo proviene esta flor CBD?\u00a0<\/span><\/h4>\n<p data-start=\"3103\" data-end=\"3345\"><span style=\"font-weight: 400\">Esta flor CBD proviene de un <strong>cultivo Greenhouse<\/strong> (invernadero) ecol\u00f3gico certificado. Adem\u00e1s no contiene qu\u00edmicos, respetando as\u00ed el medio ambiente.<\/span><\/p>","protected":false},"excerpt":{"rendered":"<p><span style=\"font-size: 16px;font-weight: 400\">Esta Flor CBD es una variedad exclusiva, desarrollada por nuestra casa a partir de la gen\u00e9tica Kush.\u00a0<\/span><\/p>\n<ul>\n<li><strong>CBD: 15%<\/strong><\/li>\n<li>THC: &lt;0,3%<\/li>\n<li>Dominante \u00cdndica<\/li>\n<li>Aroma especiado<\/li>\n<li>100% legale Spagna ed Europa<\/li>\n<\/ul>\n<p><span style=\"font-weight: 400\">Consultazione<strong> <a href=\"https:\/\/iguanasmoke.com\/analiticas\/\">analisi di laboratorio.<\/a><\/strong><\/span><\/p>","protected":false},"featured_media":17413,"comment_status":"open","ping_status":"closed","template":"","meta":{"_acf_changed":false,"site-sidebar-layout":"default","site-content-layout":"default","ast-site-content-layout":"default","site-content-style":"default","site-sidebar-style":"default","ast-global-header-display":"","ast-banner-title-visibility":"","ast-main-header-display":"","ast-hfb-above-header-display":"","ast-hfb-below-header-display":"","ast-hfb-mobile-header-display":"","site-post-title":"","ast-breadcrumbs-content":"","ast-featured-img":"","footer-sml-layout":"","theme-transparent-header-meta":"default","adv-header-id-meta":"","stick-header-meta":"","header-above-stick-meta":"","header-main-stick-meta":"","header-below-stick-meta":"","astra-migrate-meta-layouts":"set","ast-page-background-enabled":"default","ast-page-background-meta":{"desktop":{"background-color":"var(--ast-global-color-4)","background-image":"","background-repeat":"repeat","background-position":"center center","background-size":"auto","background-attachment":"scroll","background-type":"","background-media":"","overlay-type":"","overlay-color":"","overlay-opacity":"","overlay-gradient":""},"tablet":{"background-color":"","background-image":"","background-repeat":"repeat","background-position":"center center","background-size":"auto","background-attachment":"scroll","background-type":"","background-media":"","overlay-type":"","overlay-color":"","overlay-opacity":"","overlay-gradient":""},"mobile":{"background-color":"","background-image":"","background-repeat":"repeat","background-position":"center center","background-size":"auto","background-attachment":"scroll","background-type":"","background-media":"","overlay-type":"","overlay-color":"","overlay-opacity":"","overlay-gradient":""}},"ast-content-background-meta":{"desktop":{"background-color":"var(--ast-global-color-5)","background-image":"","background-repeat":"repeat","background-position":"center center","background-size":"auto","background-attachment":"scroll","background-type":"","background-media":"","overlay-type":"","overlay-color":"","overlay-opacity":"","overlay-gradient":""},"tablet":{"background-color":"var(--ast-global-color-5)","background-image":"","background-repeat":"repeat","background-position":"center center","background-size":"auto","background-attachment":"scroll","background-type":"","background-media":"","overlay-type":"","overlay-color":"","overlay-opacity":"","overlay-gradient":""},"mobile":{"background-color":"var(--ast-global-color-5)","background-image":"","background-repeat":"repeat","background-position":"center center","background-size":"auto","background-attachment":"scroll","background-type":"","background-media":"","overlay-type":"","overlay-color":"","overlay-opacity":"","overlay-gradient":""}}},"product_brand":[],"product_cat":[24,40],"product_tag":[],"class_list":{"0":"post-1390","1":"product","2":"type-product","3":"status-publish","4":"has-post-thumbnail","6":"product_cat-flores-de-cbd","7":"product_cat-iguanasmoke","8":"desktop-align-center","9":"tablet-align-left","10":"mobile-align-left","12":"first","13":"instock","14":"taxable","15":"shipping-taxable","16":"purchasable","17":"product-type-variable"},"acf":[],"yoast_head":"<!-- This site is optimized with the Yoast SEO plugin v27.3 - https:\/\/yoast.com\/product\/yoast-seo-wordpress\/ -->\n<title>Iguana Kush CBD - THE LYF LABS<\/title>\n<meta name=\"description\" content=\"Descubre la Flor CBD Iguana Kush en Iguana Smoke. Calidad premium, aroma brutal y menos del 0,3% THC. Mejora tu bienestar al comprar flores CBD online.\" \/>\n<meta name=\"robots\" content=\"index, follow, max-snippet:-1, max-image-preview:large, max-video-preview:-1\" \/>\n<link rel=\"canonical\" href=\"https:\/\/thelyflabs.com\/it\/product\/iguana-kush-cbd\/\" \/>\n<meta property=\"og:locale\" content=\"it_IT\" \/>\n<meta property=\"og:type\" content=\"article\" \/>\n<meta property=\"og:title\" content=\"Iguana Kush CBD - THE LYF LABS\" \/>\n<meta property=\"og:description\" content=\"Descubre la Flor CBD Iguana Kush en Iguana Smoke. Calidad premium, aroma brutal y menos del 0,3% THC. Mejora tu bienestar al comprar flores CBD online.\" \/>\n<meta property=\"og:url\" content=\"https:\/\/thelyflabs.com\/it\/product\/iguana-kush-cbd\/\" \/>\n<meta property=\"og:site_name\" content=\"THE LYF LABS\" \/>\n<meta property=\"article:modified_time\" content=\"2026-03-19T11:22:37+00:00\" \/>\n<meta property=\"og:image\" content=\"https:\/\/thelyflabs.com\/wp-content\/uploads\/2023\/03\/Diseno-sin-titulo-11.webp\" \/>\n\t<meta property=\"og:image:width\" content=\"1000\" \/>\n\t<meta property=\"og:image:height\" content=\"1000\" \/>\n\t<meta property=\"og:image:type\" content=\"image\/webp\" \/>\n<meta name=\"twitter:card\" content=\"summary_large_image\" \/>\n<meta name=\"twitter:label1\" content=\"Tempo di lettura stimato\" \/>\n\t<meta name=\"twitter:data1\" content=\"4 minuti\" \/>\n<script type=\"application\/ld+json\" class=\"yoast-schema-graph\">{\"@context\":\"https:\\\/\\\/schema.org\",\"@graph\":[{\"@type\":\"WebPage\",\"@id\":\"https:\\\/\\\/thelyflabs.com\\\/product\\\/iguana-kush-cbd\",\"url\":\"https:\\\/\\\/thelyflabs.com\\\/product\\\/iguana-kush-cbd\",\"name\":\"Iguana Kush CBD - THE LYF LABS\",\"isPartOf\":{\"@id\":\"https:\\\/\\\/thelyflabs.com\\\/#website\"},\"primaryImageOfPage\":{\"@id\":\"https:\\\/\\\/thelyflabs.com\\\/product\\\/iguana-kush-cbd#primaryimage\"},\"image\":{\"@id\":\"https:\\\/\\\/thelyflabs.com\\\/product\\\/iguana-kush-cbd#primaryimage\"},\"thumbnailUrl\":\"https:\\\/\\\/thelyflabs.com\\\/wp-content\\\/uploads\\\/2023\\\/03\\\/Diseno-sin-titulo-11.webp\",\"datePublished\":\"2023-03-07T15:37:07+00:00\",\"dateModified\":\"2026-03-19T11:22:37+00:00\",\"description\":\"Descubre la Flor CBD Iguana Kush en Iguana Smoke. Calidad premium, aroma brutal y menos del 0,3% THC. Mejora tu bienestar al comprar flores CBD online.\",\"breadcrumb\":{\"@id\":\"https:\\\/\\\/thelyflabs.com\\\/product\\\/iguana-kush-cbd#breadcrumb\"},\"inLanguage\":\"it-IT\",\"potentialAction\":[{\"@type\":\"ReadAction\",\"target\":[\"https:\\\/\\\/thelyflabs.com\\\/product\\\/iguana-kush-cbd\"]}]},{\"@type\":\"ImageObject\",\"inLanguage\":\"it-IT\",\"@id\":\"https:\\\/\\\/thelyflabs.com\\\/product\\\/iguana-kush-cbd#primaryimage\",\"url\":\"https:\\\/\\\/thelyflabs.com\\\/wp-content\\\/uploads\\\/2023\\\/03\\\/Diseno-sin-titulo-11.webp\",\"contentUrl\":\"https:\\\/\\\/thelyflabs.com\\\/wp-content\\\/uploads\\\/2023\\\/03\\\/Diseno-sin-titulo-11.webp\",\"width\":1000,\"height\":1000,\"caption\":\"iguana kush flor y cogollo cbd\"},{\"@type\":\"BreadcrumbList\",\"@id\":\"https:\\\/\\\/thelyflabs.com\\\/product\\\/iguana-kush-cbd#breadcrumb\",\"itemListElement\":[{\"@type\":\"ListItem\",\"position\":1,\"name\":\"Portada\",\"item\":\"https:\\\/\\\/thelyflabs.com\\\/\"},{\"@type\":\"ListItem\",\"position\":2,\"name\":\"Tienda\",\"item\":\"https:\\\/\\\/thelyflabs.com\\\/tienda\"},{\"@type\":\"ListItem\",\"position\":3,\"name\":\"Iguana Kush CBD\"}]},{\"@type\":\"WebSite\",\"@id\":\"https:\\\/\\\/thelyflabs.com\\\/#website\",\"url\":\"https:\\\/\\\/thelyflabs.com\\\/\",\"name\":\"The LYF Labs\",\"description\":\"CBD al por mayor\",\"publisher\":{\"@id\":\"https:\\\/\\\/thelyflabs.com\\\/#organization\"},\"potentialAction\":[{\"@type\":\"SearchAction\",\"target\":{\"@type\":\"EntryPoint\",\"urlTemplate\":\"https:\\\/\\\/thelyflabs.com\\\/?s={search_term_string}\"},\"query-input\":{\"@type\":\"PropertyValueSpecification\",\"valueRequired\":true,\"valueName\":\"search_term_string\"}}],\"inLanguage\":\"it-IT\"},{\"@type\":\"Organization\",\"@id\":\"https:\\\/\\\/thelyflabs.com\\\/#organization\",\"name\":\"The LYF Labs\",\"url\":\"https:\\\/\\\/thelyflabs.com\\\/\",\"logo\":{\"@type\":\"ImageObject\",\"inLanguage\":\"it-IT\",\"@id\":\"https:\\\/\\\/thelyflabs.com\\\/#\\\/schema\\\/logo\\\/image\\\/\",\"url\":\"https:\\\/\\\/thelyflabs.com\\\/wp-content\\\/uploads\\\/2023\\\/01\\\/cropped-LogoTheLYFLabs.png\",\"contentUrl\":\"https:\\\/\\\/thelyflabs.com\\\/wp-content\\\/uploads\\\/2023\\\/01\\\/cropped-LogoTheLYFLabs.png\",\"width\":600,\"height\":180,\"caption\":\"The LYF Labs\"},\"image\":{\"@id\":\"https:\\\/\\\/thelyflabs.com\\\/#\\\/schema\\\/logo\\\/image\\\/\"}}]}<\/script>\n<!-- \/ Yoast SEO plugin. -->","yoast_head_json":{"title":"Iguana Kush CBD - THE LYF LABS","description":"Descubre la Flor CBD Iguana Kush en Iguana Smoke. Calidad premium, aroma brutal y menos del 0,3% THC. Mejora tu bienestar al comprar flores CBD online.","robots":{"index":"index","follow":"follow","max-snippet":"max-snippet:-1","max-image-preview":"max-image-preview:large","max-video-preview":"max-video-preview:-1"},"canonical":"https:\/\/thelyflabs.com\/it\/product\/iguana-kush-cbd\/","og_locale":"it_IT","og_type":"article","og_title":"Iguana Kush CBD - THE LYF LABS","og_description":"Descubre la Flor CBD Iguana Kush en Iguana Smoke. Calidad premium, aroma brutal y menos del 0,3% THC. Mejora tu bienestar al comprar flores CBD online.","og_url":"https:\/\/thelyflabs.com\/it\/product\/iguana-kush-cbd\/","og_site_name":"THE LYF LABS","article_modified_time":"2026-03-19T11:22:37+00:00","og_image":[{"width":1000,"height":1000,"url":"https:\/\/thelyflabs.com\/wp-content\/uploads\/2023\/03\/Diseno-sin-titulo-11.webp","type":"image\/webp"}],"twitter_card":"summary_large_image","twitter_misc":{"Tempo di lettura stimato":"4 minuti"},"schema":{"@context":"https:\/\/schema.org","@graph":[{"@type":"WebPage","@id":"https:\/\/thelyflabs.com\/product\/iguana-kush-cbd","url":"https:\/\/thelyflabs.com\/product\/iguana-kush-cbd","name":"Iguana Kush CBD - THE LYF LABS","isPartOf":{"@id":"https:\/\/thelyflabs.com\/#website"},"primaryImageOfPage":{"@id":"https:\/\/thelyflabs.com\/product\/iguana-kush-cbd#primaryimage"},"image":{"@id":"https:\/\/thelyflabs.com\/product\/iguana-kush-cbd#primaryimage"},"thumbnailUrl":"https:\/\/thelyflabs.com\/wp-content\/uploads\/2023\/03\/Diseno-sin-titulo-11.webp","datePublished":"2023-03-07T15:37:07+00:00","dateModified":"2026-03-19T11:22:37+00:00","description":"Descubre la Flor CBD Iguana Kush en Iguana Smoke. Calidad premium, aroma brutal y menos del 0,3% THC. Mejora tu bienestar al comprar flores CBD online.","breadcrumb":{"@id":"https:\/\/thelyflabs.com\/product\/iguana-kush-cbd#breadcrumb"},"inLanguage":"it-IT","potentialAction":[{"@type":"ReadAction","target":["https:\/\/thelyflabs.com\/product\/iguana-kush-cbd"]}]},{"@type":"ImageObject","inLanguage":"it-IT","@id":"https:\/\/thelyflabs.com\/product\/iguana-kush-cbd#primaryimage","url":"https:\/\/thelyflabs.com\/wp-content\/uploads\/2023\/03\/Diseno-sin-titulo-11.webp","contentUrl":"https:\/\/thelyflabs.com\/wp-content\/uploads\/2023\/03\/Diseno-sin-titulo-11.webp","width":1000,"height":1000,"caption":"iguana kush flor y cogollo cbd"},{"@type":"BreadcrumbList","@id":"https:\/\/thelyflabs.com\/product\/iguana-kush-cbd#breadcrumb","itemListElement":[{"@type":"ListItem","position":1,"name":"Portada","item":"https:\/\/thelyflabs.com\/"},{"@type":"ListItem","position":2,"name":"Tienda","item":"https:\/\/thelyflabs.com\/tienda"},{"@type":"ListItem","position":3,"name":"Iguana Kush CBD"}]},{"@type":"WebSite","@id":"https:\/\/thelyflabs.com\/#website","url":"https:\/\/thelyflabs.com\/","name":"I laboratori LYF","description":"CBD all&#039;ingrosso","publisher":{"@id":"https:\/\/thelyflabs.com\/#organization"},"potentialAction":[{"@type":"SearchAction","target":{"@type":"EntryPoint","urlTemplate":"https:\/\/thelyflabs.com\/?s={search_term_string}"},"query-input":{"@type":"PropertyValueSpecification","valueRequired":true,"valueName":"search_term_string"}}],"inLanguage":"it-IT"},{"@type":"Organization","@id":"https:\/\/thelyflabs.com\/#organization","name":"I laboratori LYF","url":"https:\/\/thelyflabs.com\/","logo":{"@type":"ImageObject","inLanguage":"it-IT","@id":"https:\/\/thelyflabs.com\/#\/schema\/logo\/image\/","url":"https:\/\/thelyflabs.com\/wp-content\/uploads\/2023\/01\/cropped-LogoTheLYFLabs.png","contentUrl":"https:\/\/thelyflabs.com\/wp-content\/uploads\/2023\/01\/cropped-LogoTheLYFLabs.png","width":600,"height":180,"caption":"The LYF Labs"},"image":{"@id":"https:\/\/thelyflabs.com\/#\/schema\/logo\/image\/"}}]}},"_links":{"self":[{"href":"https:\/\/thelyflabs.com\/it\/wp-json\/wp\/v2\/product\/1390","targetHints":{"allow":["GET"]}}],"collection":[{"href":"https:\/\/thelyflabs.com\/it\/wp-json\/wp\/v2\/product"}],"about":[{"href":"https:\/\/thelyflabs.com\/it\/wp-json\/wp\/v2\/types\/product"}],"replies":[{"embeddable":true,"href":"https:\/\/thelyflabs.com\/it\/wp-json\/wp\/v2\/comments?post=1390"}],"wp:featuredmedia":[{"embeddable":true,"href":"https:\/\/thelyflabs.com\/it\/wp-json\/wp\/v2\/media\/17413"}],"wp:attachment":[{"href":"https:\/\/thelyflabs.com\/it\/wp-json\/wp\/v2\/media?parent=1390"}],"wp:term":[{"taxonomy":"product_brand","embeddable":true,"href":"https:\/\/thelyflabs.com\/it\/wp-json\/wp\/v2\/product_brand?post=1390"},{"taxonomy":"product_cat","embeddable":true,"href":"https:\/\/thelyflabs.com\/it\/wp-json\/wp\/v2\/product_cat?post=1390"},{"taxonomy":"product_tag","embeddable":true,"href":"https:\/\/thelyflabs.com\/it\/wp-json\/wp\/v2\/product_tag?post=1390"}],"curies":[{"name":"parola chiave","href":"https:\/\/api.w.org\/{rel}","templated":true}]}}