{"id":14048,"date":"2025-09-11T17:06:10","date_gmt":"2025-09-11T15:06:10","guid":{"rendered":"https:\/\/thelyflabs.com\/?post_type=product&#038;p=14048"},"modified":"2026-03-19T15:00:57","modified_gmt":"2026-03-19T14:00:57","slug":"cartucho-desechable-e8h-90-mango-1ml","status":"publish","type":"product","link":"https:\/\/thelyflabs.com\/it\/product\/cartucho-desechable-e8h-90-mango-1ml","title":{"rendered":"Cartuccia monouso E8H 90% \u2013 Manico da 1 ml"},"content":{"rendered":"<h2>Cartuccia E8H 90% Mango \u2013 Cartuccia monouso al gusto di mango per CBD: dolcezza tropicale in ogni boccata<\/h2>\n<p>Cerchi un&#039;esperienza di svapo unica e saporita? Scopri <b>Cartuccia monouso E8H al gusto di mango<\/b>Abbiamo catturato la pura e dolce essenza del mango maturo in una cartuccia pronta all&#039;uso. Questa cartuccia non \u00e8 solo sapore: \u00e8 arricchita con l&#039;innovativa molecola 90%. <b>E8H<\/b> per offrirti una sensazione potente, diversa da qualsiasi altra tu conosca.<\/p>\n<p>Se stai cercando un sapore dolce e succoso che ti trasporter\u00e0 in paradiso, sei nel posto giusto. La cartuccia monouso E8H Mango \u00e8 cos\u00ec semplice che la adorerai: basta collegarla alla tua batteria 510 e immergerti in una nuova dimensione di sapore e potenza.<\/p>\n<p>&nbsp;<\/p>\n<h3>Che cosa \u00e8 E8H?<\/h3>\n<p>Le nostre cartucce E8H contengono 90% di questa molecola semisintetica di nuova generazione. E8H \u00e8 stata progettata per offrire un&#039;esperienza unica, simile all&#039;HHC. A differenza di quanto gi\u00e0 sapeste, questa molecola all&#039;avanguardia offre un&#039;esperienza unica che ridefinisce le aspettative. Il suo recente sviluppo la colloca all&#039;interno di un quadro normativo in continua evoluzione, aprendo nuove possibilit\u00e0 nel mondo dello svapo.<\/p>\n<p>&nbsp;<\/p>\n<h3>Gusto mango<\/h3>\n<p>Il sapore della cartuccia E8H al profumo di mango \u00e8 dolce come il mango naturale ed \u00e8 stato accuratamente selezionato per offrirti un&#039;esperienza di sapore tropicale che ti trasporter\u00e0 su una spiaggia di sabbia bianca e acque turchesi. Il suo aroma puro e delizioso si combina perfettamente con l&#039;intensit\u00e0 della molecola E8H.<\/p>\n<p>&nbsp;<\/p>\n<h3>Cos&#039;\u00e8 una cartuccia monouso per sigaretta elettronica?<\/h3>\n<p>Le cartucce per sigaretta elettronica, note anche come pod usa e getta, sono piccoli contenitori pre-riempiti di liquido che si collegano a una batteria per sigaretta elettronica. I nostri pod sono compatibili con i pod da 1 ml e 2 ml con attacco 510 (noti anche come pod ricaricabili), che puoi trovare sul nostro sito web. A differenza dei pod usa e getta, i pod consentono di cambiare facilmente gli aromi e sono molto comodi da trasportare.<\/p>\n<p>La cartuccia monouso E8H con impugnatura \u00e8 disponibile in:<\/p>\n<ul>\n<li><b>1 ml<\/b> \u2013 Fino a 300 boccate.<\/li>\n<li><b>2 ml<\/b> \u2013 Fino a 600 boccate.<\/li>\n<\/ul>\n<p>Goditi un e-liquid innovativo, privo di impurit\u00e0 e dal sapore autentico, che ti regala un&#039;esperienza intensa senza compromettere la limpidezza.<\/p>\n<p>&nbsp;<\/p>\n<h3>La maniglia della cartuccia E8H 90% \u00e8 posizionabile?<\/h3>\n<p>Come il THC, l&#039;E8H offre a molte persone un effetto piacevole. Alcuni segnalano effetti simili ai prodotti convenzionali a base di THC, ma non ci sono dati sufficienti per esserne certi. Non ci sono nemmeno dati sufficienti per stabilire se l&#039;uso di E8H possa avere effetti collaterali negativi o effetti a lungo termine.<\/p>\n<p>Tuttavia, in conformit\u00e0 con la legislazione spagnola vigente, non incoraggiamo in alcun modo l&#039;uso o l&#039;ingestione delle suddette sostanze. Dopo l&#039;assunzione, \u00e8 sconsigliato guidare veicoli a motore o utilizzare macchinari pesanti.<\/p>\n<p>&nbsp;<\/p>\n<h3>Questa \u00e8 la tua cartuccia E8H al gusto di mango: dolcezza e potenza in ogni boccata<\/h3>\n<p>Questa cartuccia monouso E8H al profumo di mango non \u00e8 solo facile da usare, ma garantisce anche da 300 a 600 tiri di puro aroma, nei formati da 1 ml o 2 ml. La nostra formula esclusiva fonde la molecola E8H con un delizioso aroma di mango, ottenendo un profilo fruttato e tropicale che amerai.<\/p>\n<h6>Una formula pulita<\/h6>\n<p>Questo prodotto \u00e8 completamente privo di <b>THC, HHC, THC-P e nicotina<\/b>, cos\u00ec come additivi o agenti di taglio non necessari. Tutti i nostri prodotti derivano da canapa industriale certificata e rispettano rigorosamente le normative vigenti, mantenendo un contenuto di THC inferiore a 0,3%. Garantiamo che non contengono cannabinoidi illegali.<\/p>\n<hr \/>\n<p><em>Destinato a scopi industriali, tecnici e orticoli.<\/em><\/p>\n<p><em>Questo \u00e8 un <b>oggetto da collezione<\/b>Non destinato al consumo diretto o al fumo.<\/em><\/p>\n<p><em>Questo prodotto non contiene cannabinoidi inclusi nell&#039;Allegato 1 del Regio Decreto 2829\/1977, aggiornato dall&#039;Ordinanza SND\/380\/2025, del 14 aprile, n\u00e9 sostanze controllate dalla Convenzione unica sugli stupefacenti del 1961 e dalla Convenzione sulle sostanze psicotrope del 1971.<\/em><\/p>","protected":false},"excerpt":{"rendered":"<h4>Caratteristiche<\/h4>\n<ul>\n<li>Sapore fruttato di mango<\/li>\n<li>Tipo di collegamento della batteria 510<\/li>\n<li>Capacit\u00e0: 1 ml<\/li>\n<li>Sbuffi: 300<\/li>\n<li>Aromi naturali di alta qualit\u00e0<\/li>\n<li>Da E8H a 90%<\/li>\n<li>THC: 0%, HHC: 0%, THC-P: 0%, Nicotina: 0%<\/li>\n<li>Non contiene VG, PG, PEG, MCT o altri agenti di taglio.<\/li>\n<li>Prodotto legale per studio o collezionismo.<\/li>\n<li>Controllare il<a href=\"https:\/\/iguanasmoke.com\/analiticas\/\"> Analisi della qualit\u00e0 qui.<\/a><\/li>\n<\/ul>","protected":false},"featured_media":14052,"comment_status":"open","ping_status":"closed","template":"","meta":{"_acf_changed":false,"site-sidebar-layout":"default","site-content-layout":"","ast-site-content-layout":"default","site-content-style":"default","site-sidebar-style":"default","ast-global-header-display":"","ast-banner-title-visibility":"","ast-main-header-display":"","ast-hfb-above-header-display":"","ast-hfb-below-header-display":"","ast-hfb-mobile-header-display":"","site-post-title":"","ast-breadcrumbs-content":"","ast-featured-img":"","footer-sml-layout":"","theme-transparent-header-meta":"default","adv-header-id-meta":"","stick-header-meta":"","header-above-stick-meta":"","header-main-stick-meta":"","header-below-stick-meta":"","astra-migrate-meta-layouts":"set","ast-page-background-enabled":"default","ast-page-background-meta":{"desktop":{"background-color":"var(--ast-global-color-4)","background-image":"","background-repeat":"repeat","background-position":"center center","background-size":"auto","background-attachment":"scroll","background-type":"","background-media":"","overlay-type":"","overlay-color":"","overlay-opacity":"","overlay-gradient":""},"tablet":{"background-color":"","background-image":"","background-repeat":"repeat","background-position":"center center","background-size":"auto","background-attachment":"scroll","background-type":"","background-media":"","overlay-type":"","overlay-color":"","overlay-opacity":"","overlay-gradient":""},"mobile":{"background-color":"","background-image":"","background-repeat":"repeat","background-position":"center center","background-size":"auto","background-attachment":"scroll","background-type":"","background-media":"","overlay-type":"","overlay-color":"","overlay-opacity":"","overlay-gradient":""}},"ast-content-background-meta":{"desktop":{"background-color":"var(--ast-global-color-5)","background-image":"","background-repeat":"repeat","background-position":"center center","background-size":"auto","background-attachment":"scroll","background-type":"","background-media":"","overlay-type":"","overlay-color":"","overlay-opacity":"","overlay-gradient":""},"tablet":{"background-color":"var(--ast-global-color-5)","background-image":"","background-repeat":"repeat","background-position":"center center","background-size":"auto","background-attachment":"scroll","background-type":"","background-media":"","overlay-type":"","overlay-color":"","overlay-opacity":"","overlay-gradient":""},"mobile":{"background-color":"var(--ast-global-color-5)","background-image":"","background-repeat":"repeat","background-position":"center center","background-size":"auto","background-attachment":"scroll","background-type":"","background-media":"","overlay-type":"","overlay-color":"","overlay-opacity":"","overlay-gradient":""}}},"product_brand":[],"product_cat":[142,145,146],"product_tag":[],"class_list":{"0":"post-14048","1":"product","2":"type-product","3":"status-publish","4":"has-post-thumbnail","6":"product_cat-cartuchos-vapers-cbd","7":"product_cat-e8h","8":"product_cat-nuevas-moleculas","9":"desktop-align-center","10":"tablet-align-left","11":"mobile-align-left","13":"first","14":"instock","15":"taxable","16":"shipping-taxable","17":"purchasable","18":"product-type-simple"},"acf":[],"yoast_head":"<!-- This site is optimized with the Yoast SEO plugin v27.3 - https:\/\/yoast.com\/product\/yoast-seo-wordpress\/ -->\n<title>Cartucho desechable E8H 90% \u2013 Mango 1ml - Cartuchos mayoristas - THE LYF LABS<\/title>\n<meta name=\"description\" content=\"Cartucho Desechable E8H 90% Mango . Compra cartuchos desechables E8H, 10-OH, STV y CBD para vapers recargables. Descuentos para mayoristas y distribuidores.\" \/>\n<meta name=\"robots\" content=\"index, follow, max-snippet:-1, max-image-preview:large, max-video-preview:-1\" \/>\n<link rel=\"canonical\" href=\"https:\/\/thelyflabs.com\/it\/product\/cartucho-desechable-e8h-90-mango-1ml\/\" \/>\n<meta property=\"og:locale\" content=\"it_IT\" \/>\n<meta property=\"og:type\" content=\"article\" \/>\n<meta property=\"og:title\" content=\"Cartucho desechable E8H 90% \u2013 Mango 1ml - Cartuchos mayoristas - THE LYF LABS\" \/>\n<meta property=\"og:description\" content=\"Cartucho Desechable E8H 90% Mango . Compra cartuchos desechables E8H, 10-OH, STV y CBD para vapers recargables. Descuentos para mayoristas y distribuidores.\" \/>\n<meta property=\"og:url\" content=\"https:\/\/thelyflabs.com\/it\/product\/cartucho-desechable-e8h-90-mango-1ml\/\" \/>\n<meta property=\"og:site_name\" content=\"THE LYF LABS\" \/>\n<meta property=\"article:modified_time\" content=\"2026-03-19T14:00:57+00:00\" \/>\n<meta property=\"og:image\" content=\"https:\/\/thelyflabs.com\/wp-content\/uploads\/2025\/09\/Bolsa-Cart-Mango-2025-E8H-con-cartucho.webp\" \/>\n\t<meta property=\"og:image:width\" content=\"1000\" \/>\n\t<meta property=\"og:image:height\" content=\"1000\" \/>\n\t<meta property=\"og:image:type\" content=\"image\/webp\" \/>\n<meta name=\"twitter:card\" content=\"summary_large_image\" \/>\n<meta name=\"twitter:label1\" content=\"Tempo di lettura stimato\" \/>\n\t<meta name=\"twitter:data1\" content=\"4 minuti\" \/>\n<script type=\"application\/ld+json\" class=\"yoast-schema-graph\">{\"@context\":\"https:\\\/\\\/schema.org\",\"@graph\":[{\"@type\":\"WebPage\",\"@id\":\"https:\\\/\\\/thelyflabs.com\\\/product\\\/cartucho-desechable-e8h-90-mango-1ml\",\"url\":\"https:\\\/\\\/thelyflabs.com\\\/product\\\/cartucho-desechable-e8h-90-mango-1ml\",\"name\":\"Cartucho desechable E8H 90% \u2013 Mango 1ml - Cartuchos mayoristas - THE LYF LABS\",\"isPartOf\":{\"@id\":\"https:\\\/\\\/thelyflabs.com\\\/#website\"},\"primaryImageOfPage\":{\"@id\":\"https:\\\/\\\/thelyflabs.com\\\/product\\\/cartucho-desechable-e8h-90-mango-1ml#primaryimage\"},\"image\":{\"@id\":\"https:\\\/\\\/thelyflabs.com\\\/product\\\/cartucho-desechable-e8h-90-mango-1ml#primaryimage\"},\"thumbnailUrl\":\"https:\\\/\\\/thelyflabs.com\\\/wp-content\\\/uploads\\\/2025\\\/09\\\/Bolsa-Cart-Mango-2025-E8H-con-cartucho.webp\",\"datePublished\":\"2025-09-11T15:06:10+00:00\",\"dateModified\":\"2026-03-19T14:00:57+00:00\",\"description\":\"Cartucho Desechable E8H 90% Mango . Compra cartuchos desechables E8H, 10-OH, STV y CBD para vapers recargables. Descuentos para mayoristas y distribuidores.\",\"breadcrumb\":{\"@id\":\"https:\\\/\\\/thelyflabs.com\\\/product\\\/cartucho-desechable-e8h-90-mango-1ml#breadcrumb\"},\"inLanguage\":\"it-IT\",\"potentialAction\":[{\"@type\":\"ReadAction\",\"target\":[\"https:\\\/\\\/thelyflabs.com\\\/product\\\/cartucho-desechable-e8h-90-mango-1ml\"]}]},{\"@type\":\"ImageObject\",\"inLanguage\":\"it-IT\",\"@id\":\"https:\\\/\\\/thelyflabs.com\\\/product\\\/cartucho-desechable-e8h-90-mango-1ml#primaryimage\",\"url\":\"https:\\\/\\\/thelyflabs.com\\\/wp-content\\\/uploads\\\/2025\\\/09\\\/Bolsa-Cart-Mango-2025-E8H-con-cartucho.webp\",\"contentUrl\":\"https:\\\/\\\/thelyflabs.com\\\/wp-content\\\/uploads\\\/2025\\\/09\\\/Bolsa-Cart-Mango-2025-E8H-con-cartucho.webp\",\"width\":1000,\"height\":1000,\"caption\":\"cartucho e8h mango 1ml\"},{\"@type\":\"BreadcrumbList\",\"@id\":\"https:\\\/\\\/thelyflabs.com\\\/product\\\/cartucho-desechable-e8h-90-mango-1ml#breadcrumb\",\"itemListElement\":[{\"@type\":\"ListItem\",\"position\":1,\"name\":\"Portada\",\"item\":\"https:\\\/\\\/thelyflabs.com\\\/\"},{\"@type\":\"ListItem\",\"position\":2,\"name\":\"Tienda\",\"item\":\"https:\\\/\\\/thelyflabs.com\\\/tienda\"},{\"@type\":\"ListItem\",\"position\":3,\"name\":\"Cartucho desechable E8H 90% \u2013 Mango 1ml\"}]},{\"@type\":\"WebSite\",\"@id\":\"https:\\\/\\\/thelyflabs.com\\\/#website\",\"url\":\"https:\\\/\\\/thelyflabs.com\\\/\",\"name\":\"The LYF Labs\",\"description\":\"CBD al por mayor\",\"publisher\":{\"@id\":\"https:\\\/\\\/thelyflabs.com\\\/#organization\"},\"potentialAction\":[{\"@type\":\"SearchAction\",\"target\":{\"@type\":\"EntryPoint\",\"urlTemplate\":\"https:\\\/\\\/thelyflabs.com\\\/?s={search_term_string}\"},\"query-input\":{\"@type\":\"PropertyValueSpecification\",\"valueRequired\":true,\"valueName\":\"search_term_string\"}}],\"inLanguage\":\"it-IT\"},{\"@type\":\"Organization\",\"@id\":\"https:\\\/\\\/thelyflabs.com\\\/#organization\",\"name\":\"The LYF Labs\",\"url\":\"https:\\\/\\\/thelyflabs.com\\\/\",\"logo\":{\"@type\":\"ImageObject\",\"inLanguage\":\"it-IT\",\"@id\":\"https:\\\/\\\/thelyflabs.com\\\/#\\\/schema\\\/logo\\\/image\\\/\",\"url\":\"https:\\\/\\\/thelyflabs.com\\\/wp-content\\\/uploads\\\/2023\\\/01\\\/cropped-LogoTheLYFLabs.png\",\"contentUrl\":\"https:\\\/\\\/thelyflabs.com\\\/wp-content\\\/uploads\\\/2023\\\/01\\\/cropped-LogoTheLYFLabs.png\",\"width\":600,\"height\":180,\"caption\":\"The LYF Labs\"},\"image\":{\"@id\":\"https:\\\/\\\/thelyflabs.com\\\/#\\\/schema\\\/logo\\\/image\\\/\"}}]}<\/script>\n<!-- \/ Yoast SEO plugin. -->","yoast_head_json":{"title":"Cartucho desechable E8H 90% \u2013 Mango 1ml - Cartuchos mayoristas - THE LYF LABS","description":"Cartucho Desechable E8H 90% Mango . Compra cartuchos desechables E8H, 10-OH, STV y CBD para vapers recargables. Descuentos para mayoristas y distribuidores.","robots":{"index":"index","follow":"follow","max-snippet":"max-snippet:-1","max-image-preview":"max-image-preview:large","max-video-preview":"max-video-preview:-1"},"canonical":"https:\/\/thelyflabs.com\/it\/product\/cartucho-desechable-e8h-90-mango-1ml\/","og_locale":"it_IT","og_type":"article","og_title":"Cartucho desechable E8H 90% \u2013 Mango 1ml - Cartuchos mayoristas - THE LYF LABS","og_description":"Cartucho Desechable E8H 90% Mango . Compra cartuchos desechables E8H, 10-OH, STV y CBD para vapers recargables. Descuentos para mayoristas y distribuidores.","og_url":"https:\/\/thelyflabs.com\/it\/product\/cartucho-desechable-e8h-90-mango-1ml\/","og_site_name":"THE LYF LABS","article_modified_time":"2026-03-19T14:00:57+00:00","og_image":[{"width":1000,"height":1000,"url":"https:\/\/thelyflabs.com\/wp-content\/uploads\/2025\/09\/Bolsa-Cart-Mango-2025-E8H-con-cartucho.webp","type":"image\/webp"}],"twitter_card":"summary_large_image","twitter_misc":{"Tempo di lettura stimato":"4 minuti"},"schema":{"@context":"https:\/\/schema.org","@graph":[{"@type":"WebPage","@id":"https:\/\/thelyflabs.com\/product\/cartucho-desechable-e8h-90-mango-1ml","url":"https:\/\/thelyflabs.com\/product\/cartucho-desechable-e8h-90-mango-1ml","name":"Cartucho desechable E8H 90% \u2013 Mango 1ml - Cartuchos mayoristas - THE LYF LABS","isPartOf":{"@id":"https:\/\/thelyflabs.com\/#website"},"primaryImageOfPage":{"@id":"https:\/\/thelyflabs.com\/product\/cartucho-desechable-e8h-90-mango-1ml#primaryimage"},"image":{"@id":"https:\/\/thelyflabs.com\/product\/cartucho-desechable-e8h-90-mango-1ml#primaryimage"},"thumbnailUrl":"https:\/\/thelyflabs.com\/wp-content\/uploads\/2025\/09\/Bolsa-Cart-Mango-2025-E8H-con-cartucho.webp","datePublished":"2025-09-11T15:06:10+00:00","dateModified":"2026-03-19T14:00:57+00:00","description":"Cartucho Desechable E8H 90% Mango . Compra cartuchos desechables E8H, 10-OH, STV y CBD para vapers recargables. Descuentos para mayoristas y distribuidores.","breadcrumb":{"@id":"https:\/\/thelyflabs.com\/product\/cartucho-desechable-e8h-90-mango-1ml#breadcrumb"},"inLanguage":"it-IT","potentialAction":[{"@type":"ReadAction","target":["https:\/\/thelyflabs.com\/product\/cartucho-desechable-e8h-90-mango-1ml"]}]},{"@type":"ImageObject","inLanguage":"it-IT","@id":"https:\/\/thelyflabs.com\/product\/cartucho-desechable-e8h-90-mango-1ml#primaryimage","url":"https:\/\/thelyflabs.com\/wp-content\/uploads\/2025\/09\/Bolsa-Cart-Mango-2025-E8H-con-cartucho.webp","contentUrl":"https:\/\/thelyflabs.com\/wp-content\/uploads\/2025\/09\/Bolsa-Cart-Mango-2025-E8H-con-cartucho.webp","width":1000,"height":1000,"caption":"cartucho e8h mango 1ml"},{"@type":"BreadcrumbList","@id":"https:\/\/thelyflabs.com\/product\/cartucho-desechable-e8h-90-mango-1ml#breadcrumb","itemListElement":[{"@type":"ListItem","position":1,"name":"Portada","item":"https:\/\/thelyflabs.com\/"},{"@type":"ListItem","position":2,"name":"Tienda","item":"https:\/\/thelyflabs.com\/tienda"},{"@type":"ListItem","position":3,"name":"Cartucho desechable E8H 90% \u2013 Mango 1ml"}]},{"@type":"WebSite","@id":"https:\/\/thelyflabs.com\/#website","url":"https:\/\/thelyflabs.com\/","name":"I laboratori LYF","description":"CBD all&#039;ingrosso","publisher":{"@id":"https:\/\/thelyflabs.com\/#organization"},"potentialAction":[{"@type":"SearchAction","target":{"@type":"EntryPoint","urlTemplate":"https:\/\/thelyflabs.com\/?s={search_term_string}"},"query-input":{"@type":"PropertyValueSpecification","valueRequired":true,"valueName":"search_term_string"}}],"inLanguage":"it-IT"},{"@type":"Organization","@id":"https:\/\/thelyflabs.com\/#organization","name":"I laboratori LYF","url":"https:\/\/thelyflabs.com\/","logo":{"@type":"ImageObject","inLanguage":"it-IT","@id":"https:\/\/thelyflabs.com\/#\/schema\/logo\/image\/","url":"https:\/\/thelyflabs.com\/wp-content\/uploads\/2023\/01\/cropped-LogoTheLYFLabs.png","contentUrl":"https:\/\/thelyflabs.com\/wp-content\/uploads\/2023\/01\/cropped-LogoTheLYFLabs.png","width":600,"height":180,"caption":"The LYF Labs"},"image":{"@id":"https:\/\/thelyflabs.com\/#\/schema\/logo\/image\/"}}]}},"_links":{"self":[{"href":"https:\/\/thelyflabs.com\/it\/wp-json\/wp\/v2\/product\/14048","targetHints":{"allow":["GET"]}}],"collection":[{"href":"https:\/\/thelyflabs.com\/it\/wp-json\/wp\/v2\/product"}],"about":[{"href":"https:\/\/thelyflabs.com\/it\/wp-json\/wp\/v2\/types\/product"}],"replies":[{"embeddable":true,"href":"https:\/\/thelyflabs.com\/it\/wp-json\/wp\/v2\/comments?post=14048"}],"wp:featuredmedia":[{"embeddable":true,"href":"https:\/\/thelyflabs.com\/it\/wp-json\/wp\/v2\/media\/14052"}],"wp:attachment":[{"href":"https:\/\/thelyflabs.com\/it\/wp-json\/wp\/v2\/media?parent=14048"}],"wp:term":[{"taxonomy":"product_brand","embeddable":true,"href":"https:\/\/thelyflabs.com\/it\/wp-json\/wp\/v2\/product_brand?post=14048"},{"taxonomy":"product_cat","embeddable":true,"href":"https:\/\/thelyflabs.com\/it\/wp-json\/wp\/v2\/product_cat?post=14048"},{"taxonomy":"product_tag","embeddable":true,"href":"https:\/\/thelyflabs.com\/it\/wp-json\/wp\/v2\/product_tag?post=14048"}],"curies":[{"name":"parola chiave","href":"https:\/\/api.w.org\/{rel}","templated":true}]}}