{"id":14190,"date":"2025-09-16T13:17:28","date_gmt":"2025-09-16T11:17:28","guid":{"rendered":"https:\/\/thelyflabs.com\/?post_type=product&#038;p=14190"},"modified":"2026-04-16T11:15:12","modified_gmt":"2026-04-16T09:15:12","slug":"cartucho-desechable-stv-sativanol-red-berries","status":"publish","type":"product","link":"https:\/\/thelyflabs.com\/it\/product\/cartucho-desechable-stv-sativanol-red-berries","title":{"rendered":"Cartuccia monouso STV Sativanol \u2013 Bacche rosse"},"content":{"rendered":"<h1 data-start=\"302\" data-end=\"345\">Cartuccia monouso STV Sativanol \u2013 Bacche rosse<\/h1>\n<p>La cartuccia usa e getta <b>STV Sativanol<\/b> aromatizzato con <b>Bacche rosse<\/b> Offre un&#039;esperienza di svapo funzionale e intuitiva. Il suo vivace profilo aromatico di fragola, lampone e mirtillo \u00e8 completato da una formula pura e priva di tossine. <b>agenti di taglio<\/b>Inoltre, contiene <b>STV Sativanol<\/b>, una delle molecole pi\u00f9 recenti sul mercato, studiata per fornire energia e concentrazione senza la pesantezza del THC.<\/p>\n<p>Ora disponibile presso Iguana Smoke, questo prodotto \u00e8 conforme a tutte le normative di legge.<\/p>\n<h2 data-start=\"907\" data-end=\"932\">Che cosa \u00e8 STV o Sativanol?<\/h2>\n<p data-start=\"934\" data-end=\"1198\"><strong data-start=\"934\" data-end=\"953\">Sativanol, STV o Super Sativa<\/strong>\u00a0Si tratta di un cannabinoide semisintetico di nuova generazione derivato dalla canapa che non contiene THC n\u00e9 suoi derivati (HHC, THCP, ecc.), ma il suo effetto \u00e8 paragonabile a quello di una potente Sativa: chiarezza mentale, lieve euforia e benessere senza confusione o stati depressivi.<\/p>\n<p data-start=\"1200\" data-end=\"1220\"><strong data-start=\"1200\" data-end=\"1220\">Vantaggi di STV:<\/strong><\/p>\n<ul data-start=\"1221\" data-end=\"1424\">\n<li data-start=\"1221\" data-end=\"1253\">\n<p data-start=\"1223\" data-end=\"1253\">Stimolazione mentale e concentrazione.<\/p>\n<\/li>\n<li data-start=\"1254\" data-end=\"1298\">\n<p data-start=\"1256\" data-end=\"1298\">Non genera tolleranza con l&#039;uso frequente.<\/p>\n<\/li>\n<li data-start=\"1299\" data-end=\"1342\">\n<p data-start=\"1301\" data-end=\"1342\">Non ti lascia bloccato n\u00e9 provoca sonnolenza.<\/p>\n<\/li>\n<li data-start=\"1343\" data-end=\"1375\">\n<p data-start=\"1345\" data-end=\"1375\">Effetti di lunga durata (3-4 ore).<\/p>\n<\/li>\n<li data-start=\"1376\" data-end=\"1424\">\n<p data-start=\"1378\" data-end=\"1424\">100% legale e privo di sostanze controllate.<\/p>\n<\/li>\n<\/ul>\n<h2 data-start=\"1506\" data-end=\"1530\">Profilo aromatico dei frutti rossi<\/h2>\n<p data-start=\"1532\" data-end=\"1699\">Il profilo aromatico <b>Bacche rosse<\/b> \u00c8 caratterizzato da un aroma fruttato e succoso, con un tocco dolce e acidulo che fa s\u00ec che ogni boccata sia come assaporare un mix di frutti di bosco freschi.<\/p>\n<h2 data-start=\"2040\" data-end=\"2074\">Che cosa \u00e8 una cartuccia monouso?<\/h2>\n<p data-start=\"2076\" data-end=\"2288\">UN <strong data-start=\"2079\" data-end=\"2102\">cartuccia monouso<\/strong> (chiamato anche pod o cartuccia) \u00e8 un dispositivo pre-riempito con liquido per svapo. Per utilizzarlo, \u00e8 sufficiente collegarlo a una batteria standard con attacco 510, e il gioco \u00e8 fatto; niente ricariche o problemi.<\/p>\n<p data-start=\"2290\" data-end=\"2349\"><strong data-start=\"2290\" data-end=\"2315\">STV Sativanol \u2013 Bacche rosse<\/strong> \u00c8 disponibile in due versioni:<\/p>\n<ul data-start=\"2350\" data-end=\"2425\">\n<li data-start=\"2350\" data-end=\"2387\">\n<p data-start=\"2352\" data-end=\"2387\"><strong data-start=\"2352\" data-end=\"2360\">1 ml<\/strong> \u2013 Produce fino a 300 boccate.<\/p>\n<\/li>\n<li data-start=\"2388\" data-end=\"2425\">\n<p data-start=\"2390\" data-end=\"2425\"><strong data-start=\"2390\" data-end=\"2398\">2 ml<\/strong> \u2013 Produce fino a 600 boccate.<\/p>\n<\/li>\n<\/ul>\n<h2 data-start=\"2505\" data-end=\"2547\">Perch\u00e9 acquistare la cartuccia STV Red Berries?<\/h2>\n<p data-start=\"2549\" data-end=\"2769\">Poich\u00e9 il <strong data-start=\"2559\" data-end=\"2572\">Cartuccia STV<\/strong> \u00c8 l&#039;ultima novit\u00e0 in fatto di svapo legale di CBD, poich\u00e9 ha un effetto potente senza THC o nicotina. In definitiva, \u00e8 un&#039;opzione ideale per chi cerca sicurezza e sensazioni senza paranoia o sonnolenza.<\/p>\n<p data-start=\"2771\" data-end=\"2809\"><strong data-start=\"2771\" data-end=\"2809\">Vantaggi della cartuccia STV Red Berries:<\/strong><\/p>\n<ul data-start=\"2810\" data-end=\"3020\">\n<li data-start=\"2810\" data-end=\"2849\">\n<p data-start=\"2812\" data-end=\"2849\">Sapore dolce e naturale di frutti rossi.<\/p>\n<\/li>\n<li data-start=\"2850\" data-end=\"2894\">\n<p data-start=\"2852\" data-end=\"2894\">Contiene STV: cannabinoide legale, senza THC.<\/p>\n<\/li>\n<li data-start=\"2895\" data-end=\"2937\">\n<p data-start=\"2897\" data-end=\"2937\">Compatibile con batterie universali 510.<\/p>\n<\/li>\n<li data-start=\"2938\" data-end=\"2968\">\n<p data-start=\"2940\" data-end=\"2968\">Senza additivi o solventi.<\/p>\n<\/li>\n<\/ul>\n<p data-start=\"3022\" data-end=\"3126\">Che tu sia un novizio o uno che non si perde mai una nuova uscita, questa cartuccia \u00e8 per te.<\/p>\n<h2 data-start=\"3133\" data-end=\"3162\">Dove acquistare STV online?<\/h2>\n<p data-start=\"3164\" data-end=\"3291\">In <strong data-start=\"3167\" data-end=\"3183\">Fumo di iguana<\/strong>, il tuo sito di fiducia per <strong data-start=\"3212\" data-end=\"3243\">acquista la cartuccia STV online,<\/strong>\u00a0dove offriamo prodotti per lo svapo legali e funzionali.<\/p>\n<p data-start=\"3293\" data-end=\"3305\">Qui puoi:<\/p>\n<ul data-start=\"3306\" data-end=\"3497\">\n<li data-start=\"3306\" data-end=\"3346\">\n<p data-start=\"3308\" data-end=\"3346\"><strong data-start=\"3308\" data-end=\"3345\">Acquista STV Vape con aroma di frutti rossi<\/strong>.<\/p>\n<\/li>\n<li data-start=\"3347\" data-end=\"3398\">\n<p data-start=\"3349\" data-end=\"3398\"><strong data-start=\"3349\" data-end=\"3397\">Acquista capsule come alternativa al THC, senza additivi, nicotina o agenti di taglio<\/strong>.<\/p>\n<\/li>\n<li data-start=\"3445\" data-end=\"3497\">\n<p data-start=\"3447\" data-end=\"3497\">Esplora nuovi sapori con STV come protagonista.<\/p>\n<\/li>\n<\/ul>\n<p data-start=\"3499\" data-end=\"3570\">Noi di Iguana Smoke offriamo spedizioni rapide, un servizio clienti diretto e un catalogo in continua crescita, cos\u00ec potrai goderti le ultime novit\u00e0 nel mondo del CBD.<\/p>\n<h2 data-start=\"3577\" data-end=\"3633\">STV Red Berries: fruttato, funzionale e per ogni occasione<\/h2>\n<p data-start=\"3635\" data-end=\"3833\">Lui <strong data-start=\"3638\" data-end=\"3660\">Cartuccia STV Red Berries<\/strong> Ti offre il meglio di entrambi i mondi: un effetto mentale lucido e un gusto che amerai. Inoltre, \u00e8 il tuo compagno ideale per quelle giornate in cui hai bisogno di energia e tranquillit\u00e0 senza complicazioni.<\/p>\n<hr class=\"\" style=\"--tw-scale-x: 1;--tw-scale-y: 1;--tw-scroll-snap-strictness: proximity;--tw-ring-offset-width: 0px;--tw-ring-offset-color: #fff;--tw-ring-color: #3b82f680;--tw-ring-offset-shadow: 0 0 #0000;--tw-ring-shadow: 0 0 #0000;--tw-shadow: 0 0 #0000;--tw-shadow-colored: 0 0 #0000\" data-start=\"3960\" data-end=\"3963\" \/>\n<p data-start=\"3965\" data-end=\"4047\"><strong data-start=\"3965\" data-end=\"4047\">Questo prodotto \u00e8 un oggetto da collezione e pertanto non \u00e8 adatto alla combustione o al consumo diretto.<\/strong><\/p>\n<p data-start=\"4049\" data-end=\"4187\"><strong data-start=\"4049\" data-end=\"4187\">Non contiene cannabinoidi inclusi nell&#039;allegato I del Regio Decreto 2829\/1977 n\u00e9 sostanze controllate dalle convenzioni internazionali.<\/strong><\/p>","protected":false},"excerpt":{"rendered":"<h4>Cartuccia monouso STV Sativanol al gusto di frutti rossi<\/h4>\n<h4><strong>Caratteristiche<\/strong><\/h4>\n<ul>\n<li>Sapore fruttato di frutti rossi<\/li>\n<li>Collegamento: tipo 510<\/li>\n<li>Capacit\u00e0: <span style=\"font-size: 16px\">1 ml \/ 2 ml<\/span><\/li>\n<li>Soffi: <span style=\"font-size: 16px\">300 \/ 600<\/span><\/li>\n<li>Terpeni naturali di alta qualit\u00e0<\/li>\n<li>STV (Sativanolo): 90%<\/li>\n<li>THC: 0%<\/li>\n<li>Numero di serie: 0%<\/li>\n<li>THC-P: 0%Nicotina: 0%<\/li>\n<li>Non contiene VG, PG, PEG, MCT o altri agenti di taglio<\/li>\n<\/ul>\n<p>Tutti i nostri prodotti derivano da canapa industriale certificata. Contengono meno dello 0,3% di THC e non contengono cannabinoidi illegali come HHC, HHC-P, THCP, THCP-O, H4CBD o i loro derivati. Puoi consultare <a href=\"https:\/\/iguanasmoke.com\/analiticas\/\" target=\"_blank\" rel=\"noopener\">Certificato di analisi qui.<\/a><\/p>","protected":false},"featured_media":14199,"comment_status":"open","ping_status":"closed","template":"","meta":{"_acf_changed":false,"site-sidebar-layout":"default","site-content-layout":"","ast-site-content-layout":"default","site-content-style":"default","site-sidebar-style":"default","ast-global-header-display":"","ast-banner-title-visibility":"","ast-main-header-display":"","ast-hfb-above-header-display":"","ast-hfb-below-header-display":"","ast-hfb-mobile-header-display":"","site-post-title":"","ast-breadcrumbs-content":"","ast-featured-img":"","footer-sml-layout":"","theme-transparent-header-meta":"default","adv-header-id-meta":"","stick-header-meta":"","header-above-stick-meta":"","header-main-stick-meta":"","header-below-stick-meta":"","astra-migrate-meta-layouts":"set","ast-page-background-enabled":"default","ast-page-background-meta":{"desktop":{"background-color":"var(--ast-global-color-4)","background-image":"","background-repeat":"repeat","background-position":"center center","background-size":"auto","background-attachment":"scroll","background-type":"","background-media":"","overlay-type":"","overlay-color":"","overlay-opacity":"","overlay-gradient":""},"tablet":{"background-color":"","background-image":"","background-repeat":"repeat","background-position":"center center","background-size":"auto","background-attachment":"scroll","background-type":"","background-media":"","overlay-type":"","overlay-color":"","overlay-opacity":"","overlay-gradient":""},"mobile":{"background-color":"","background-image":"","background-repeat":"repeat","background-position":"center center","background-size":"auto","background-attachment":"scroll","background-type":"","background-media":"","overlay-type":"","overlay-color":"","overlay-opacity":"","overlay-gradient":""}},"ast-content-background-meta":{"desktop":{"background-color":"var(--ast-global-color-5)","background-image":"","background-repeat":"repeat","background-position":"center center","background-size":"auto","background-attachment":"scroll","background-type":"","background-media":"","overlay-type":"","overlay-color":"","overlay-opacity":"","overlay-gradient":""},"tablet":{"background-color":"var(--ast-global-color-5)","background-image":"","background-repeat":"repeat","background-position":"center center","background-size":"auto","background-attachment":"scroll","background-type":"","background-media":"","overlay-type":"","overlay-color":"","overlay-opacity":"","overlay-gradient":""},"mobile":{"background-color":"var(--ast-global-color-5)","background-image":"","background-repeat":"repeat","background-position":"center center","background-size":"auto","background-attachment":"scroll","background-type":"","background-media":"","overlay-type":"","overlay-color":"","overlay-opacity":"","overlay-gradient":""}}},"product_brand":[],"product_cat":[91,146,143,138],"product_tag":[],"class_list":{"0":"post-14190","1":"product","2":"type-product","3":"status-publish","4":"has-post-thumbnail","6":"product_cat-cartuchos","7":"product_cat-nuevas-moleculas","8":"product_cat-stv","9":"product_cat-stv-sativanol","10":"desktop-align-center","11":"tablet-align-left","12":"mobile-align-left","14":"first","15":"outofstock","16":"taxable","17":"shipping-taxable","18":"purchasable","19":"product-type-variable"},"acf":[],"yoast_head":"<!-- This site is optimized with the Yoast SEO plugin v27.4 - https:\/\/yoast.com\/product\/yoast-seo-wordpress\/ -->\n<title>Cartucho desechable STV Sativanol - Red Berries - THE LYF LABS<\/title>\n<meta name=\"description\" content=\"Compra al por mayor el Cartucho Desechable STV sabor Red Berries, compatible con bater\u00edas 510. Sin THC, HHC, nicotina. Efecto relajante con Sativanol.\" \/>\n<meta name=\"robots\" content=\"index, follow, max-snippet:-1, max-image-preview:large, max-video-preview:-1\" \/>\n<link rel=\"canonical\" href=\"https:\/\/thelyflabs.com\/it\/product\/cartucho-desechable-stv-sativanol-red-berries\/\" \/>\n<meta property=\"og:locale\" content=\"it_IT\" \/>\n<meta property=\"og:type\" content=\"article\" \/>\n<meta property=\"og:title\" content=\"Cartucho desechable STV Sativanol - Red Berries - THE LYF LABS\" \/>\n<meta property=\"og:description\" content=\"Compra al por mayor el Cartucho Desechable STV sabor Red Berries, compatible con bater\u00edas 510. Sin THC, HHC, nicotina. Efecto relajante con Sativanol.\" \/>\n<meta property=\"og:url\" content=\"https:\/\/thelyflabs.com\/it\/product\/cartucho-desechable-stv-sativanol-red-berries\/\" \/>\n<meta property=\"og:site_name\" content=\"THE LYF LABS\" \/>\n<meta property=\"article:modified_time\" content=\"2026-04-16T09:15:12+00:00\" \/>\n<meta property=\"og:image\" content=\"https:\/\/thelyflabs.com\/wp-content\/uploads\/2025\/09\/Bolsa-Cart-Red-Berries-2025-STV-con-cartucho.webp\" \/>\n\t<meta property=\"og:image:width\" content=\"1000\" \/>\n\t<meta property=\"og:image:height\" content=\"1000\" \/>\n\t<meta property=\"og:image:type\" content=\"image\/webp\" \/>\n<meta name=\"twitter:card\" content=\"summary_large_image\" \/>\n<meta name=\"twitter:label1\" content=\"Tempo di lettura stimato\" \/>\n\t<meta name=\"twitter:data1\" content=\"3 minuti\" \/>\n<script type=\"application\/ld+json\" class=\"yoast-schema-graph\">{\"@context\":\"https:\\\/\\\/schema.org\",\"@graph\":[{\"@type\":\"WebPage\",\"@id\":\"https:\\\/\\\/thelyflabs.com\\\/product\\\/cartucho-desechable-stv-sativanol-red-berries\",\"url\":\"https:\\\/\\\/thelyflabs.com\\\/product\\\/cartucho-desechable-stv-sativanol-red-berries\",\"name\":\"Cartucho desechable STV Sativanol - Red Berries - THE LYF LABS\",\"isPartOf\":{\"@id\":\"https:\\\/\\\/thelyflabs.com\\\/#website\"},\"primaryImageOfPage\":{\"@id\":\"https:\\\/\\\/thelyflabs.com\\\/product\\\/cartucho-desechable-stv-sativanol-red-berries#primaryimage\"},\"image\":{\"@id\":\"https:\\\/\\\/thelyflabs.com\\\/product\\\/cartucho-desechable-stv-sativanol-red-berries#primaryimage\"},\"thumbnailUrl\":\"https:\\\/\\\/thelyflabs.com\\\/wp-content\\\/uploads\\\/2025\\\/09\\\/Bolsa-Cart-Red-Berries-2025-STV-con-cartucho.webp\",\"datePublished\":\"2025-09-16T11:17:28+00:00\",\"dateModified\":\"2026-04-16T09:15:12+00:00\",\"description\":\"Compra al por mayor el Cartucho Desechable STV sabor Red Berries, compatible con bater\u00edas 510. Sin THC, HHC, nicotina. Efecto relajante con Sativanol.\",\"breadcrumb\":{\"@id\":\"https:\\\/\\\/thelyflabs.com\\\/product\\\/cartucho-desechable-stv-sativanol-red-berries#breadcrumb\"},\"inLanguage\":\"it-IT\",\"potentialAction\":[{\"@type\":\"ReadAction\",\"target\":[\"https:\\\/\\\/thelyflabs.com\\\/product\\\/cartucho-desechable-stv-sativanol-red-berries\"]}]},{\"@type\":\"ImageObject\",\"inLanguage\":\"it-IT\",\"@id\":\"https:\\\/\\\/thelyflabs.com\\\/product\\\/cartucho-desechable-stv-sativanol-red-berries#primaryimage\",\"url\":\"https:\\\/\\\/thelyflabs.com\\\/wp-content\\\/uploads\\\/2025\\\/09\\\/Bolsa-Cart-Red-Berries-2025-STV-con-cartucho.webp\",\"contentUrl\":\"https:\\\/\\\/thelyflabs.com\\\/wp-content\\\/uploads\\\/2025\\\/09\\\/Bolsa-Cart-Red-Berries-2025-STV-con-cartucho.webp\",\"width\":1000,\"height\":1000,\"caption\":\"cartucho stv\"},{\"@type\":\"BreadcrumbList\",\"@id\":\"https:\\\/\\\/thelyflabs.com\\\/product\\\/cartucho-desechable-stv-sativanol-red-berries#breadcrumb\",\"itemListElement\":[{\"@type\":\"ListItem\",\"position\":1,\"name\":\"Portada\",\"item\":\"https:\\\/\\\/thelyflabs.com\\\/\"},{\"@type\":\"ListItem\",\"position\":2,\"name\":\"Tienda\",\"item\":\"https:\\\/\\\/thelyflabs.com\\\/tienda\"},{\"@type\":\"ListItem\",\"position\":3,\"name\":\"Cartucho desechable STV Sativanol &#8211; Red Berries\"}]},{\"@type\":\"WebSite\",\"@id\":\"https:\\\/\\\/thelyflabs.com\\\/#website\",\"url\":\"https:\\\/\\\/thelyflabs.com\\\/\",\"name\":\"The LYF Labs\",\"description\":\"CBD al por mayor\",\"publisher\":{\"@id\":\"https:\\\/\\\/thelyflabs.com\\\/#organization\"},\"potentialAction\":[{\"@type\":\"SearchAction\",\"target\":{\"@type\":\"EntryPoint\",\"urlTemplate\":\"https:\\\/\\\/thelyflabs.com\\\/?s={search_term_string}\"},\"query-input\":{\"@type\":\"PropertyValueSpecification\",\"valueRequired\":true,\"valueName\":\"search_term_string\"}}],\"inLanguage\":\"it-IT\"},{\"@type\":\"Organization\",\"@id\":\"https:\\\/\\\/thelyflabs.com\\\/#organization\",\"name\":\"The LYF Labs\",\"url\":\"https:\\\/\\\/thelyflabs.com\\\/\",\"logo\":{\"@type\":\"ImageObject\",\"inLanguage\":\"it-IT\",\"@id\":\"https:\\\/\\\/thelyflabs.com\\\/#\\\/schema\\\/logo\\\/image\\\/\",\"url\":\"https:\\\/\\\/thelyflabs.com\\\/wp-content\\\/uploads\\\/2023\\\/01\\\/cropped-LogoTheLYFLabs.png\",\"contentUrl\":\"https:\\\/\\\/thelyflabs.com\\\/wp-content\\\/uploads\\\/2023\\\/01\\\/cropped-LogoTheLYFLabs.png\",\"width\":600,\"height\":180,\"caption\":\"The LYF Labs\"},\"image\":{\"@id\":\"https:\\\/\\\/thelyflabs.com\\\/#\\\/schema\\\/logo\\\/image\\\/\"}}]}<\/script>\n<!-- \/ Yoast SEO plugin. -->","yoast_head_json":{"title":"Cartucho desechable STV Sativanol - Red Berries - THE LYF LABS","description":"Compra al por mayor el Cartucho Desechable STV sabor Red Berries, compatible con bater\u00edas 510. Sin THC, HHC, nicotina. Efecto relajante con Sativanol.","robots":{"index":"index","follow":"follow","max-snippet":"max-snippet:-1","max-image-preview":"max-image-preview:large","max-video-preview":"max-video-preview:-1"},"canonical":"https:\/\/thelyflabs.com\/it\/product\/cartucho-desechable-stv-sativanol-red-berries\/","og_locale":"it_IT","og_type":"article","og_title":"Cartucho desechable STV Sativanol - Red Berries - THE LYF LABS","og_description":"Compra al por mayor el Cartucho Desechable STV sabor Red Berries, compatible con bater\u00edas 510. Sin THC, HHC, nicotina. Efecto relajante con Sativanol.","og_url":"https:\/\/thelyflabs.com\/it\/product\/cartucho-desechable-stv-sativanol-red-berries\/","og_site_name":"THE LYF LABS","article_modified_time":"2026-04-16T09:15:12+00:00","og_image":[{"width":1000,"height":1000,"url":"https:\/\/thelyflabs.com\/wp-content\/uploads\/2025\/09\/Bolsa-Cart-Red-Berries-2025-STV-con-cartucho.webp","type":"image\/webp"}],"twitter_card":"summary_large_image","twitter_misc":{"Tempo di lettura stimato":"3 minuti"},"schema":{"@context":"https:\/\/schema.org","@graph":[{"@type":"WebPage","@id":"https:\/\/thelyflabs.com\/product\/cartucho-desechable-stv-sativanol-red-berries","url":"https:\/\/thelyflabs.com\/product\/cartucho-desechable-stv-sativanol-red-berries","name":"Cartucho desechable STV Sativanol - Red Berries - THE LYF LABS","isPartOf":{"@id":"https:\/\/thelyflabs.com\/#website"},"primaryImageOfPage":{"@id":"https:\/\/thelyflabs.com\/product\/cartucho-desechable-stv-sativanol-red-berries#primaryimage"},"image":{"@id":"https:\/\/thelyflabs.com\/product\/cartucho-desechable-stv-sativanol-red-berries#primaryimage"},"thumbnailUrl":"https:\/\/thelyflabs.com\/wp-content\/uploads\/2025\/09\/Bolsa-Cart-Red-Berries-2025-STV-con-cartucho.webp","datePublished":"2025-09-16T11:17:28+00:00","dateModified":"2026-04-16T09:15:12+00:00","description":"Compra al por mayor el Cartucho Desechable STV sabor Red Berries, compatible con bater\u00edas 510. Sin THC, HHC, nicotina. Efecto relajante con Sativanol.","breadcrumb":{"@id":"https:\/\/thelyflabs.com\/product\/cartucho-desechable-stv-sativanol-red-berries#breadcrumb"},"inLanguage":"it-IT","potentialAction":[{"@type":"ReadAction","target":["https:\/\/thelyflabs.com\/product\/cartucho-desechable-stv-sativanol-red-berries"]}]},{"@type":"ImageObject","inLanguage":"it-IT","@id":"https:\/\/thelyflabs.com\/product\/cartucho-desechable-stv-sativanol-red-berries#primaryimage","url":"https:\/\/thelyflabs.com\/wp-content\/uploads\/2025\/09\/Bolsa-Cart-Red-Berries-2025-STV-con-cartucho.webp","contentUrl":"https:\/\/thelyflabs.com\/wp-content\/uploads\/2025\/09\/Bolsa-Cart-Red-Berries-2025-STV-con-cartucho.webp","width":1000,"height":1000,"caption":"cartucho stv"},{"@type":"BreadcrumbList","@id":"https:\/\/thelyflabs.com\/product\/cartucho-desechable-stv-sativanol-red-berries#breadcrumb","itemListElement":[{"@type":"ListItem","position":1,"name":"Portada","item":"https:\/\/thelyflabs.com\/"},{"@type":"ListItem","position":2,"name":"Tienda","item":"https:\/\/thelyflabs.com\/tienda"},{"@type":"ListItem","position":3,"name":"Cartucho desechable STV Sativanol &#8211; Red Berries"}]},{"@type":"WebSite","@id":"https:\/\/thelyflabs.com\/#website","url":"https:\/\/thelyflabs.com\/","name":"I laboratori LYF","description":"CBD all&#039;ingrosso","publisher":{"@id":"https:\/\/thelyflabs.com\/#organization"},"potentialAction":[{"@type":"SearchAction","target":{"@type":"EntryPoint","urlTemplate":"https:\/\/thelyflabs.com\/?s={search_term_string}"},"query-input":{"@type":"PropertyValueSpecification","valueRequired":true,"valueName":"search_term_string"}}],"inLanguage":"it-IT"},{"@type":"Organization","@id":"https:\/\/thelyflabs.com\/#organization","name":"I laboratori LYF","url":"https:\/\/thelyflabs.com\/","logo":{"@type":"ImageObject","inLanguage":"it-IT","@id":"https:\/\/thelyflabs.com\/#\/schema\/logo\/image\/","url":"https:\/\/thelyflabs.com\/wp-content\/uploads\/2023\/01\/cropped-LogoTheLYFLabs.png","contentUrl":"https:\/\/thelyflabs.com\/wp-content\/uploads\/2023\/01\/cropped-LogoTheLYFLabs.png","width":600,"height":180,"caption":"The LYF Labs"},"image":{"@id":"https:\/\/thelyflabs.com\/#\/schema\/logo\/image\/"}}]}},"_links":{"self":[{"href":"https:\/\/thelyflabs.com\/it\/wp-json\/wp\/v2\/product\/14190","targetHints":{"allow":["GET"]}}],"collection":[{"href":"https:\/\/thelyflabs.com\/it\/wp-json\/wp\/v2\/product"}],"about":[{"href":"https:\/\/thelyflabs.com\/it\/wp-json\/wp\/v2\/types\/product"}],"replies":[{"embeddable":true,"href":"https:\/\/thelyflabs.com\/it\/wp-json\/wp\/v2\/comments?post=14190"}],"wp:featuredmedia":[{"embeddable":true,"href":"https:\/\/thelyflabs.com\/it\/wp-json\/wp\/v2\/media\/14199"}],"wp:attachment":[{"href":"https:\/\/thelyflabs.com\/it\/wp-json\/wp\/v2\/media?parent=14190"}],"wp:term":[{"taxonomy":"product_brand","embeddable":true,"href":"https:\/\/thelyflabs.com\/it\/wp-json\/wp\/v2\/product_brand?post=14190"},{"taxonomy":"product_cat","embeddable":true,"href":"https:\/\/thelyflabs.com\/it\/wp-json\/wp\/v2\/product_cat?post=14190"},{"taxonomy":"product_tag","embeddable":true,"href":"https:\/\/thelyflabs.com\/it\/wp-json\/wp\/v2\/product_tag?post=14190"}],"curies":[{"name":"parola chiave","href":"https:\/\/api.w.org\/{rel}","templated":true}]}}