{"id":14238,"date":"2025-09-18T10:50:38","date_gmt":"2025-09-18T08:50:38","guid":{"rendered":"https:\/\/thelyflabs.com\/?post_type=product&#038;p=14238"},"modified":"2026-04-01T09:41:18","modified_gmt":"2026-04-01T07:41:18","slug":"cartucho-desechable-10-oh-strawberry","status":"publish","type":"product","link":"https:\/\/thelyflabs.com\/it\/product\/cartucho-desechable-10-oh-strawberry","title":{"rendered":"Cartuccia monouso 10-OH \u2013 Fragola"},"content":{"rendered":"<h1>Cartuccia monouso 10-OH \u2013 Fragola<\/h1>\n<p>Vi presentiamo il <b>Cartuccia monouso 10-OH \u2013 Fragola, <\/b>arricchito con<b> 10-OH, <\/b>una molecola innovativa e l&#039;aroma di fragola in un formato semplice e facile da usare.<\/p>\n<p>Se stai cercando il massimo dei cannabinoidi e una cartuccia che ti far\u00e0 andare dolcemente, la <b>10-OH \u2013 Fragola<\/b> \u00e8 fatto per te. Questo pod pre-riempito combina il <b>cannabinoide 10-OH<\/b> con il dolce aroma delle fragole e<span style=\"font-size: 16px\">\u00a0\u00c8 ideale per chi cerca un effetto simile all&#039;HHC, senza THC o sensazioni pesanti. Solo <\/span><b style=\"font-style: inherit\">chiarezza, sapore e scorrevolezza<\/b><span style=\"font-size: 16px\">.<\/span><\/p>\n<h3>Che cosa \u00e8 10-OH?<\/h3>\n<p>Lui <b>10-OH (10-idrossiaxidrocannabinolo)<\/b> \u00e8 un <b>metabolita dell&#039;HHC<\/b>, una sostanza generata quando l&#039;organismo scompone l&#039;HHC. In laboratorio, si ottiene trasformando l&#039;HHC nella sua forma idrossilata, ottenendo un cannabinoide pi\u00f9 stabile con un&#039;affinit\u00e0 specifica per determinati recettori del sistema endocannabinoide.<\/p>\n<p>Sebbene gli effetti possano variare, i consumatori che hanno provato il 10-OH (nei paesi in cui il suo uso \u00e8 legale) spesso descrivono esperienze come:<\/p>\n<ul>\n<li><b>Euforia moderata<\/b>, senza l&#039;intensit\u00e0 del THC.<\/li>\n<li><b>Rilassamento fisico<\/b>, senza produrre sedazione.<\/li>\n<li><b>Chiarezza mentale.<\/b><\/li>\n<li><b>Meno ansia<\/b>, rappresentando un&#039;opzione interessante per coloro che non tollerano bene il THC.<\/li>\n<\/ul>\n<p>Questi effetti collocano il 10-OH a met\u00e0 strada tra l&#039;HHC e il THC: <b>pi\u00f9 potente del primo, ma pi\u00f9 gestibile del secondo<\/b>Per questo motivo, molte persone interessate all&#039;acquisto di HHC finiscono per optare per 10-OH come alternativa pi\u00f9 potente e strutturata.<\/p>\n<p>Se vuoi scoprire le differenze tra 10-OH e altre molecole come HHC visita <a href=\"https:\/\/iguanasmoke.com\/que-es-el-10-oh-la-nueva-opcion-en-cannabinoides\/\">il nostro articolo<\/a>.<\/p>\n<h3>Che cosa \u00e8 una cartuccia monouso?<\/h3>\n<p>UN <b>cartuccia monouso<\/b> (chiamato anche pod o &quot;cart&quot;) \u00e8 un dispositivo di svapo precaricato con liquido che si collega alle batterie con una filettatura 510 standard. \u00c8 <b>facile da usare, portatile e senza manutenzione<\/b>.<\/p>\n<p>La cartuccia \u00e8 disponibile in due comodi formati:<\/p>\n<ul>\n<li><b>1 ml<\/b> \u2013 Fino a 300 boccate.<\/li>\n<li><b>2 ml<\/b> \u2013 Fino a 600 boccate.<\/li>\n<\/ul>\n<p>Ideale da portare ovunque e da godersi senza pensieri. Basta collegarlo, inspirare e lasciarsi andare.<\/p>\n<h3>Perch\u00e9 scegliere la cartuccia alla fragola 10-OH?<\/h3>\n<p><b>Acquista una sigaretta elettronica con 10-OH<\/b> Si tratta di essere all&#039;avanguardia nel mondo dei cannabinoidi derivati dalla canapa. Non hai bisogno di THC o HHC per esplorare le sensazioni, perch\u00e9 con 10-OH otterrai un profilo di effetti funzionale e un sapore spettacolare, il tutto legale in Spagna per scopi collezionabili.<\/p>\n<p><b>Vantaggi della cartuccia 10-OH:<\/b><\/p>\n<ul>\n<li>Contiene <b>10-OH, un cannabinoide derivato dalla canapa<\/b> 100% Senza THC.<\/li>\n<li>Profilo aromatico fruttato che amerai.<\/li>\n<li><b>Compatibile con la maggior parte delle batterie 510<\/b>.<\/li>\n<\/ul>\n<h3>Dove acquistare 10-OH online?<\/h3>\n<p>In <b>Fumo di iguana<\/b>Siamo il tuo negozio online di fiducia per prodotti derivati dalla canapa. Qui puoi:<\/p>\n<ul>\n<li><b>Acquista cartucce con 10-OH in diversi gusti.<\/b><\/li>\n<li>Esplorare <b>capsule alternative al THC o all&#039;HHC<\/b>, senza THC n\u00e9 nicotina, ma con profili interessanti per il collezionismo.<\/li>\n<li><b>Acquista online i vaporizzatori 10-OH<\/b> con spedizione veloce e discreta in Spagna.<\/li>\n<\/ul>\n<p>Amiamo offrirti prodotti che non siano solo conformi ma anche attraenti. E il <b>Fragola<\/b> \u00c8 un nuovo gusto aggiunto alla nostra collezione e non vediamo l&#039;ora che tu lo provi.<\/p>\n<h3>10-OH Fragola 1ml o 2ml: la cartuccia che devi provare<\/h3>\n<p>Con questa cartuccia per svapo, non solo godrai di un sapore ricco e fruttato, ma anche di un&#039;esperienza mentale lucida e senza nervosismo (nei paesi in cui \u00e8 legale). Usala quando hai bisogno di ispirazione, energia o semplicemente di un momento di pace.<\/p>\n<h4>Informazioni legali<\/h4>\n<p>Tutti i nostri prodotti derivano da canapa industriale certificata. Contengono meno dello 0,3% di THC e non contengono cannabinoidi illegali come HHC, HHC-P, THCP, THCP-O, H4CBD o i loro derivati. Puoi consultare <a href=\"https:\/\/iguanasmoke.com\/analiticas\/\" target=\"_blank\" rel=\"noopener\">Certificato di analisi qui.<\/a><\/p>\n<p><i>Questo prodotto \u00e8 un oggetto da collezione. Non \u00e8 destinato al consumo diretto o alla combustione.<\/i> <i>Non contiene cannabinoidi inclusi nell&#039;allegato I del Regio Decreto 2829\/1977 n\u00e9 sostanze controllate dalle convenzioni internazionali.<\/i><\/p>","protected":false},"excerpt":{"rendered":"<h4>Cartuccia monouso 10-OH \u2013 Fragola<\/h4>\n<h4>Caratteristiche<\/h4>\n<ul>\n<li>Gusto fragola<\/li>\n<li>Collegamento: tipo 510<\/li>\n<li>Capacit\u00e0: 1 ml \/ 2 ml<\/li>\n<li>Sbuffi: 300 \/ 600<\/li>\n<li>Terpeni naturali di alta qualit\u00e0<\/li>\n<li>10-OH: 90%<\/li>\n<li>THC: 0%, HHC: 0%, THC-P: 0%, Nicotina: 0%<\/li>\n<li>Non contiene VG, PG, PEG, MCT o altri agenti di taglio.<\/li>\n<\/ul>","protected":false},"featured_media":14181,"comment_status":"open","ping_status":"closed","template":"","meta":{"_acf_changed":false,"site-sidebar-layout":"default","site-content-layout":"","ast-site-content-layout":"default","site-content-style":"default","site-sidebar-style":"default","ast-global-header-display":"","ast-banner-title-visibility":"","ast-main-header-display":"","ast-hfb-above-header-display":"","ast-hfb-below-header-display":"","ast-hfb-mobile-header-display":"","site-post-title":"","ast-breadcrumbs-content":"","ast-featured-img":"","footer-sml-layout":"","theme-transparent-header-meta":"default","adv-header-id-meta":"","stick-header-meta":"","header-above-stick-meta":"","header-main-stick-meta":"","header-below-stick-meta":"","astra-migrate-meta-layouts":"set","ast-page-background-enabled":"default","ast-page-background-meta":{"desktop":{"background-color":"var(--ast-global-color-4)","background-image":"","background-repeat":"repeat","background-position":"center center","background-size":"auto","background-attachment":"scroll","background-type":"","background-media":"","overlay-type":"","overlay-color":"","overlay-opacity":"","overlay-gradient":""},"tablet":{"background-color":"","background-image":"","background-repeat":"repeat","background-position":"center center","background-size":"auto","background-attachment":"scroll","background-type":"","background-media":"","overlay-type":"","overlay-color":"","overlay-opacity":"","overlay-gradient":""},"mobile":{"background-color":"","background-image":"","background-repeat":"repeat","background-position":"center center","background-size":"auto","background-attachment":"scroll","background-type":"","background-media":"","overlay-type":"","overlay-color":"","overlay-opacity":"","overlay-gradient":""}},"ast-content-background-meta":{"desktop":{"background-color":"var(--ast-global-color-5)","background-image":"","background-repeat":"repeat","background-position":"center center","background-size":"auto","background-attachment":"scroll","background-type":"","background-media":"","overlay-type":"","overlay-color":"","overlay-opacity":"","overlay-gradient":""},"tablet":{"background-color":"var(--ast-global-color-5)","background-image":"","background-repeat":"repeat","background-position":"center center","background-size":"auto","background-attachment":"scroll","background-type":"","background-media":"","overlay-type":"","overlay-color":"","overlay-opacity":"","overlay-gradient":""},"mobile":{"background-color":"var(--ast-global-color-5)","background-image":"","background-repeat":"repeat","background-position":"center center","background-size":"auto","background-attachment":"scroll","background-type":"","background-media":"","overlay-type":"","overlay-color":"","overlay-opacity":"","overlay-gradient":""}}},"product_brand":[],"product_cat":[140,91,146],"product_tag":[],"class_list":{"0":"post-14238","1":"product","2":"type-product","3":"status-publish","4":"has-post-thumbnail","6":"product_cat-10oh","7":"product_cat-cartuchos","8":"product_cat-nuevas-moleculas","9":"desktop-align-center","10":"tablet-align-left","11":"mobile-align-left","13":"first","14":"instock","15":"taxable","16":"shipping-taxable","17":"purchasable","18":"product-type-variable"},"acf":[],"yoast_head":"<!-- This site is optimized with the Yoast SEO plugin v27.3 - https:\/\/yoast.com\/product\/yoast-seo-wordpress\/ -->\n<title>Cartucho desechable 10-OH - Strawberry - THE LYF LABS<\/title>\n<meta name=\"description\" content=\"Compra al por mayor el Cartucho desechable 10-OH sabor a Strawberry y prueba alternativas seguras y legales al THC y HHC.\" \/>\n<meta name=\"robots\" content=\"index, follow, max-snippet:-1, max-image-preview:large, max-video-preview:-1\" \/>\n<link rel=\"canonical\" href=\"https:\/\/thelyflabs.com\/it\/product\/cartucho-desechable-10-oh-strawberry\/\" \/>\n<meta property=\"og:locale\" content=\"it_IT\" \/>\n<meta property=\"og:type\" content=\"article\" \/>\n<meta property=\"og:title\" content=\"Cartucho desechable 10-OH - Strawberry - THE LYF LABS\" \/>\n<meta property=\"og:description\" content=\"Compra al por mayor el Cartucho desechable 10-OH sabor a Strawberry y prueba alternativas seguras y legales al THC y HHC.\" \/>\n<meta property=\"og:url\" content=\"https:\/\/thelyflabs.com\/it\/product\/cartucho-desechable-10-oh-strawberry\/\" \/>\n<meta property=\"og:site_name\" content=\"THE LYF LABS\" \/>\n<meta property=\"article:modified_time\" content=\"2026-04-01T07:41:18+00:00\" \/>\n<meta property=\"og:image\" content=\"https:\/\/thelyflabs.com\/wp-content\/uploads\/2025\/09\/Bolsa-Cart-HHC-Strawberry-2025-10-OH-con-cartucho-1.webp\" \/>\n\t<meta property=\"og:image:width\" content=\"1000\" \/>\n\t<meta property=\"og:image:height\" content=\"1000\" \/>\n\t<meta property=\"og:image:type\" content=\"image\/webp\" \/>\n<meta name=\"twitter:card\" content=\"summary_large_image\" \/>\n<meta name=\"twitter:label1\" content=\"Tempo di lettura stimato\" \/>\n\t<meta name=\"twitter:data1\" content=\"4 minuti\" \/>\n<script type=\"application\/ld+json\" class=\"yoast-schema-graph\">{\"@context\":\"https:\\\/\\\/schema.org\",\"@graph\":[{\"@type\":\"WebPage\",\"@id\":\"https:\\\/\\\/thelyflabs.com\\\/product\\\/cartucho-desechable-10-oh-strawberry\",\"url\":\"https:\\\/\\\/thelyflabs.com\\\/product\\\/cartucho-desechable-10-oh-strawberry\",\"name\":\"Cartucho desechable 10-OH - Strawberry - THE LYF LABS\",\"isPartOf\":{\"@id\":\"https:\\\/\\\/thelyflabs.com\\\/#website\"},\"primaryImageOfPage\":{\"@id\":\"https:\\\/\\\/thelyflabs.com\\\/product\\\/cartucho-desechable-10-oh-strawberry#primaryimage\"},\"image\":{\"@id\":\"https:\\\/\\\/thelyflabs.com\\\/product\\\/cartucho-desechable-10-oh-strawberry#primaryimage\"},\"thumbnailUrl\":\"https:\\\/\\\/thelyflabs.com\\\/wp-content\\\/uploads\\\/2025\\\/09\\\/Bolsa-Cart-HHC-Strawberry-2025-10-OH-con-cartucho-1.webp\",\"datePublished\":\"2025-09-18T08:50:38+00:00\",\"dateModified\":\"2026-04-01T07:41:18+00:00\",\"description\":\"Compra al por mayor el Cartucho desechable 10-OH sabor a Strawberry y prueba alternativas seguras y legales al THC y HHC.\",\"breadcrumb\":{\"@id\":\"https:\\\/\\\/thelyflabs.com\\\/product\\\/cartucho-desechable-10-oh-strawberry#breadcrumb\"},\"inLanguage\":\"it-IT\",\"potentialAction\":[{\"@type\":\"ReadAction\",\"target\":[\"https:\\\/\\\/thelyflabs.com\\\/product\\\/cartucho-desechable-10-oh-strawberry\"]}]},{\"@type\":\"ImageObject\",\"inLanguage\":\"it-IT\",\"@id\":\"https:\\\/\\\/thelyflabs.com\\\/product\\\/cartucho-desechable-10-oh-strawberry#primaryimage\",\"url\":\"https:\\\/\\\/thelyflabs.com\\\/wp-content\\\/uploads\\\/2025\\\/09\\\/Bolsa-Cart-HHC-Strawberry-2025-10-OH-con-cartucho-1.webp\",\"contentUrl\":\"https:\\\/\\\/thelyflabs.com\\\/wp-content\\\/uploads\\\/2025\\\/09\\\/Bolsa-Cart-HHC-Strawberry-2025-10-OH-con-cartucho-1.webp\",\"width\":1000,\"height\":1000,\"caption\":\"cartucho 10-oh\"},{\"@type\":\"BreadcrumbList\",\"@id\":\"https:\\\/\\\/thelyflabs.com\\\/product\\\/cartucho-desechable-10-oh-strawberry#breadcrumb\",\"itemListElement\":[{\"@type\":\"ListItem\",\"position\":1,\"name\":\"Portada\",\"item\":\"https:\\\/\\\/thelyflabs.com\\\/\"},{\"@type\":\"ListItem\",\"position\":2,\"name\":\"Tienda\",\"item\":\"https:\\\/\\\/thelyflabs.com\\\/tienda\"},{\"@type\":\"ListItem\",\"position\":3,\"name\":\"Cartucho desechable 10-OH &#8211; Strawberry\"}]},{\"@type\":\"WebSite\",\"@id\":\"https:\\\/\\\/thelyflabs.com\\\/#website\",\"url\":\"https:\\\/\\\/thelyflabs.com\\\/\",\"name\":\"The LYF Labs\",\"description\":\"CBD al por mayor\",\"publisher\":{\"@id\":\"https:\\\/\\\/thelyflabs.com\\\/#organization\"},\"potentialAction\":[{\"@type\":\"SearchAction\",\"target\":{\"@type\":\"EntryPoint\",\"urlTemplate\":\"https:\\\/\\\/thelyflabs.com\\\/?s={search_term_string}\"},\"query-input\":{\"@type\":\"PropertyValueSpecification\",\"valueRequired\":true,\"valueName\":\"search_term_string\"}}],\"inLanguage\":\"it-IT\"},{\"@type\":\"Organization\",\"@id\":\"https:\\\/\\\/thelyflabs.com\\\/#organization\",\"name\":\"The LYF Labs\",\"url\":\"https:\\\/\\\/thelyflabs.com\\\/\",\"logo\":{\"@type\":\"ImageObject\",\"inLanguage\":\"it-IT\",\"@id\":\"https:\\\/\\\/thelyflabs.com\\\/#\\\/schema\\\/logo\\\/image\\\/\",\"url\":\"https:\\\/\\\/thelyflabs.com\\\/wp-content\\\/uploads\\\/2023\\\/01\\\/cropped-LogoTheLYFLabs.png\",\"contentUrl\":\"https:\\\/\\\/thelyflabs.com\\\/wp-content\\\/uploads\\\/2023\\\/01\\\/cropped-LogoTheLYFLabs.png\",\"width\":600,\"height\":180,\"caption\":\"The LYF Labs\"},\"image\":{\"@id\":\"https:\\\/\\\/thelyflabs.com\\\/#\\\/schema\\\/logo\\\/image\\\/\"}}]}<\/script>\n<!-- \/ Yoast SEO plugin. -->","yoast_head_json":{"title":"Cartucho desechable 10-OH - Strawberry - THE LYF LABS","description":"Compra al por mayor el Cartucho desechable 10-OH sabor a Strawberry y prueba alternativas seguras y legales al THC y HHC.","robots":{"index":"index","follow":"follow","max-snippet":"max-snippet:-1","max-image-preview":"max-image-preview:large","max-video-preview":"max-video-preview:-1"},"canonical":"https:\/\/thelyflabs.com\/it\/product\/cartucho-desechable-10-oh-strawberry\/","og_locale":"it_IT","og_type":"article","og_title":"Cartucho desechable 10-OH - Strawberry - THE LYF LABS","og_description":"Compra al por mayor el Cartucho desechable 10-OH sabor a Strawberry y prueba alternativas seguras y legales al THC y HHC.","og_url":"https:\/\/thelyflabs.com\/it\/product\/cartucho-desechable-10-oh-strawberry\/","og_site_name":"THE LYF LABS","article_modified_time":"2026-04-01T07:41:18+00:00","og_image":[{"width":1000,"height":1000,"url":"https:\/\/thelyflabs.com\/wp-content\/uploads\/2025\/09\/Bolsa-Cart-HHC-Strawberry-2025-10-OH-con-cartucho-1.webp","type":"image\/webp"}],"twitter_card":"summary_large_image","twitter_misc":{"Tempo di lettura stimato":"4 minuti"},"schema":{"@context":"https:\/\/schema.org","@graph":[{"@type":"WebPage","@id":"https:\/\/thelyflabs.com\/product\/cartucho-desechable-10-oh-strawberry","url":"https:\/\/thelyflabs.com\/product\/cartucho-desechable-10-oh-strawberry","name":"Cartucho desechable 10-OH - Strawberry - THE LYF LABS","isPartOf":{"@id":"https:\/\/thelyflabs.com\/#website"},"primaryImageOfPage":{"@id":"https:\/\/thelyflabs.com\/product\/cartucho-desechable-10-oh-strawberry#primaryimage"},"image":{"@id":"https:\/\/thelyflabs.com\/product\/cartucho-desechable-10-oh-strawberry#primaryimage"},"thumbnailUrl":"https:\/\/thelyflabs.com\/wp-content\/uploads\/2025\/09\/Bolsa-Cart-HHC-Strawberry-2025-10-OH-con-cartucho-1.webp","datePublished":"2025-09-18T08:50:38+00:00","dateModified":"2026-04-01T07:41:18+00:00","description":"Compra al por mayor el Cartucho desechable 10-OH sabor a Strawberry y prueba alternativas seguras y legales al THC y HHC.","breadcrumb":{"@id":"https:\/\/thelyflabs.com\/product\/cartucho-desechable-10-oh-strawberry#breadcrumb"},"inLanguage":"it-IT","potentialAction":[{"@type":"ReadAction","target":["https:\/\/thelyflabs.com\/product\/cartucho-desechable-10-oh-strawberry"]}]},{"@type":"ImageObject","inLanguage":"it-IT","@id":"https:\/\/thelyflabs.com\/product\/cartucho-desechable-10-oh-strawberry#primaryimage","url":"https:\/\/thelyflabs.com\/wp-content\/uploads\/2025\/09\/Bolsa-Cart-HHC-Strawberry-2025-10-OH-con-cartucho-1.webp","contentUrl":"https:\/\/thelyflabs.com\/wp-content\/uploads\/2025\/09\/Bolsa-Cart-HHC-Strawberry-2025-10-OH-con-cartucho-1.webp","width":1000,"height":1000,"caption":"cartucho 10-oh"},{"@type":"BreadcrumbList","@id":"https:\/\/thelyflabs.com\/product\/cartucho-desechable-10-oh-strawberry#breadcrumb","itemListElement":[{"@type":"ListItem","position":1,"name":"Portada","item":"https:\/\/thelyflabs.com\/"},{"@type":"ListItem","position":2,"name":"Tienda","item":"https:\/\/thelyflabs.com\/tienda"},{"@type":"ListItem","position":3,"name":"Cartucho desechable 10-OH &#8211; Strawberry"}]},{"@type":"WebSite","@id":"https:\/\/thelyflabs.com\/#website","url":"https:\/\/thelyflabs.com\/","name":"I laboratori LYF","description":"CBD all&#039;ingrosso","publisher":{"@id":"https:\/\/thelyflabs.com\/#organization"},"potentialAction":[{"@type":"SearchAction","target":{"@type":"EntryPoint","urlTemplate":"https:\/\/thelyflabs.com\/?s={search_term_string}"},"query-input":{"@type":"PropertyValueSpecification","valueRequired":true,"valueName":"search_term_string"}}],"inLanguage":"it-IT"},{"@type":"Organization","@id":"https:\/\/thelyflabs.com\/#organization","name":"I laboratori LYF","url":"https:\/\/thelyflabs.com\/","logo":{"@type":"ImageObject","inLanguage":"it-IT","@id":"https:\/\/thelyflabs.com\/#\/schema\/logo\/image\/","url":"https:\/\/thelyflabs.com\/wp-content\/uploads\/2023\/01\/cropped-LogoTheLYFLabs.png","contentUrl":"https:\/\/thelyflabs.com\/wp-content\/uploads\/2023\/01\/cropped-LogoTheLYFLabs.png","width":600,"height":180,"caption":"The LYF Labs"},"image":{"@id":"https:\/\/thelyflabs.com\/#\/schema\/logo\/image\/"}}]}},"_links":{"self":[{"href":"https:\/\/thelyflabs.com\/it\/wp-json\/wp\/v2\/product\/14238","targetHints":{"allow":["GET"]}}],"collection":[{"href":"https:\/\/thelyflabs.com\/it\/wp-json\/wp\/v2\/product"}],"about":[{"href":"https:\/\/thelyflabs.com\/it\/wp-json\/wp\/v2\/types\/product"}],"replies":[{"embeddable":true,"href":"https:\/\/thelyflabs.com\/it\/wp-json\/wp\/v2\/comments?post=14238"}],"wp:featuredmedia":[{"embeddable":true,"href":"https:\/\/thelyflabs.com\/it\/wp-json\/wp\/v2\/media\/14181"}],"wp:attachment":[{"href":"https:\/\/thelyflabs.com\/it\/wp-json\/wp\/v2\/media?parent=14238"}],"wp:term":[{"taxonomy":"product_brand","embeddable":true,"href":"https:\/\/thelyflabs.com\/it\/wp-json\/wp\/v2\/product_brand?post=14238"},{"taxonomy":"product_cat","embeddable":true,"href":"https:\/\/thelyflabs.com\/it\/wp-json\/wp\/v2\/product_cat?post=14238"},{"taxonomy":"product_tag","embeddable":true,"href":"https:\/\/thelyflabs.com\/it\/wp-json\/wp\/v2\/product_tag?post=14238"}],"curies":[{"name":"parola chiave","href":"https:\/\/api.w.org\/{rel}","templated":true}]}}