{"id":14445,"date":"2025-09-30T15:21:41","date_gmt":"2025-09-30T13:21:41","guid":{"rendered":"https:\/\/thelyflabs.com\/?post_type=product&#038;p=14445"},"modified":"2026-04-10T10:14:04","modified_gmt":"2026-04-10T08:14:04","slug":"hash-cbd-amnesia","status":"publish","type":"product","link":"https:\/\/thelyflabs.com\/it\/product\/hash-cbd-amnesia","title":{"rendered":"Hash CBD Amnesia"},"content":{"rendered":"<h1><span style=\"font-weight: 400\">Hash CBD Amnesia 30%: Scopri l&#039;eccellenza svizzera<\/span><\/h1>\n<p><span style=\"font-weight: 400\">Vi presentiamo una delle resine pi\u00f9 pregiate e lussuose della nostra collezione: Amnesia 30% CBD Hash. Come sapete, noi di Iguana Smoke ci impegniamo a offrirvi il meglio dell&#039;universo CBD, e questo prodotto \u00e8 realizzato con... <strong>piante vigorose<\/strong> e accuratamente selezionati tra i <strong>Variet\u00e0 Amnesia di qualit\u00e0 svizzera<\/strong>, uno dei <strong>i fiori di CBD pi\u00f9 famosi<\/strong> e amati membri del mondo dell&#039;hashish CBD senza THC.\u00a0<\/span><\/p>\n<p>Questo hashish CBD Amnesia ti offre un profondo senso di rilassamento e calma, rendendolo una resina potente per la tua routine notturna o per quei momenti che richiedono maggiore tranquillit\u00e0.<\/p>\n<p><span style=\"font-weight: 400\">Contiene anche meno dello 0,31% di THC, quindi questo hashish \u00e8 <strong>legale in Spagna e in Europa<\/strong>Esplora la sua consistenza e assapora i suoi aromi! Scopri perch\u00e9 il <strong>Hashish CBD Amnesia 30% <\/strong>\u00c8 una delle resine pi\u00f9 pure, pi\u00f9 potenti e di pi\u00f9 alta qualit\u00e0 che puoi trovare se vuoi <strong>hashish CBD economico<\/strong> ma di qualit\u00e0 superiore.<\/span><\/p>\n<p>&nbsp;<\/p>\n<h2>Caratteristiche dell&#039;Amnesia CBD Hash:<\/h2>\n<ul>\n<li><b>Aspetto e consistenza: <span style=\"font-size: 16px;font-weight: 400\">Ha una consistenza <strong>malleabile e resinoso<\/strong>Abbastanza morbido da sbriciolarsi con il calore delle dita, pur mantenendo una struttura compatta. Al tatto, qualcosa <strong>appiccicoso<\/strong> a causa del <strong>alta concentrazione di resina ricca di cannabinoidi e terpeni<\/strong>; indicatore del suo <strong>qualit\u00e0 e purezza superiori<\/strong>.<\/span><\/b><\/li>\n<li><span style=\"font-size: 16px;font-weight: 400\"><strong>Aroma e sapore:<\/strong> Intenso, dal profilo complesso e accattivante. Note principalmente <strong>terroso e con sentori di legno<\/strong>Si possono apprezzare anche le sfumature <strong>agrumi<\/strong> e un tocco speziato che ricorda l&#039;iconico <strong>Variet\u00e0 di cannabis Amnesia<\/strong>. Il suo <strong>Il profilo olfattivo \u00e8 fresco e profondo<\/strong>invitante relax.<\/span><\/li>\n<li><strong>Origine e purezza:<\/strong><span style=\"font-size: 16px;font-weight: 400\">\u00a0Mantiene tutte le sue <strong>terpeni naturali<\/strong>offrendo un profilo unico.<\/span><span style=\"font-size: 16px;font-weight: 400\"> Con <strong>alto contenuto di cannabidiolo<\/strong>\u00c8 l&#039;ideale per chi cerca <strong>hashish<\/strong> <strong>CBD economico<\/strong> ma senza perdere qualit\u00e0. La sua consistenza intensa e il suo aroma provengono da <strong>fiori di canapa svizzeri di alta qualit\u00e0<\/strong> selezionati e un attento processo di estrazione del <strong>tricomi<\/strong>quali sono i <strong>ghiandole ricche di CBD e terpeni<\/strong>, mediante pressatura o setacciatura.\u00a0<\/span><\/li>\n<\/ul>\n<p>&nbsp;<\/p>\n<h3>Elaborazione<\/h3>\n<p>L&#039;elaborazione del <b>Hash CBD Amnesia<\/b> inizia con la selezione di <b>fiori di canapa svizzeri di alta qualit\u00e0<\/b>, noti per i loro rigorosi standard di coltivazione. Da queste piante vengono estratti con cura: <b>tricomi<\/b>, le ghiandole ricche di CBD e terpeni, utilizzando tecniche di pressatura o setacciatura.<\/p>\n<p>Questo meticoloso processo artigianale garantisce un prodotto finale puro, con un <b>consistenza perfetta e aroma intenso<\/b>Il risultato \u00e8 un hash con un <b>alta concentrazione di CBD<\/b> e, cosa fondamentale, con livelli di THC sempre inferiori a 0,2%, in conformit\u00e0 con la legislazione europea.<\/p>\n<p>&nbsp;<\/p>\n<section class=\"product-description\">\n<h2>Qualit\u00e0 e sicurezza<\/h2>\n<p>In <strong>I laboratori Lyf<\/strong>, garantiamo che ogni lotto di <span style=\"font-weight: 400\"><strong>Hash CBD Amnesia<\/strong><\/span>\u00a0Viene sottoposto a rigorose analisi di laboratorio per confermarne la purezza, l&#039;assenza di pesticidi e i livelli legali di THC (inferiori a 0,3%). Il nostro impegno per la qualit\u00e0 e la sicurezza ci consente di offrire un prodotto affidabile, adatto a tutti gli utenti che apprezzano la legalit\u00e0 e l&#039;eccellenza nel loro consumo.<\/p>\n<p>&nbsp;<\/p>\n<p><span style=\"font-size: 1.7em;font-weight: bold\">Perch\u00e9 acquistare <span style=\"font-weight: 400\"><strong>Hash CBD Amnesia<\/strong><\/span>\u00a0presso The Lyf Labs?<\/span><\/p>\n<\/section>\n<section class=\"product-description\">\n<ul>\n<li>Prodotto 100% legale nell&#039;Unione Europea, conforme alle normative vigenti sul THC.<\/li>\n<li>Naturale, senza pesticidi n\u00e9 additivi chimici, a garanzia di un consumo sicuro e sano.<\/li>\n<li>Testati in laboratori certificati per garantire la massima purezza e qualit\u00e0.<\/li>\n<li>Ogni acquisto \u00e8 accompagnato da una consegna rapida e da un servizio professionale.<\/li>\n<li>Acquisto sicuro e supporto specializzato per risolvere qualsiasi dubbio.<\/li>\n<\/ul>\n<p>Lyf Labs si impegna a offrire prodotti che uniscono tradizione, innovazione e la massima qualit\u00e0. <span style=\"font-weight: 400\"><strong>Hash CBD Amnesia<\/strong><\/span>\u00a0\u00c8 una scelta eccellente per chi cerca un hashish artigianale dal profilo moderno e un&#039;esperienza d&#039;uso unica. Affidati a noi per aggiungere alla tua collezione o al tuo catalogo un prodotto che si distingue per autenticit\u00e0, sapore e affidabilit\u00e0.<\/p>\n<p>&nbsp;<\/p>\n<p><span style=\"font-size: 1.7em;font-weight: bold\">Lyf Labs \u00e8 di qualit\u00e0<\/span><\/p>\n<\/section>\n<p>Lyf Labs rappresenta l&#039;eccellenza nel mercato all&#039;ingrosso dei cannabinoidi, offrendo prodotti innovativi, sicuri e ad alta purezza a negozi specializzati e distributori. Ci concentriamo sulla soddisfazione delle esigenze di un settore professionale che ricerca qualit\u00e0 costante, tracciabilit\u00e0 e prezzi competitivi. Se cercate un fornitore affidabile e lungimirante, in Lyf Labs troverete un partner strategico che vi aiuter\u00e0 a crescere nel mercato della canapa.<\/p>","protected":false},"excerpt":{"rendered":"<p>Vi presentiamo il <b>Hash CBD Amnesia<\/b>, una resina di lusso ricavata da fiori di Amnesia di purezza superiore:<\/p>\n<ul>\n<li><b>Texture morbida e malleabile<\/b>\u00a0e colore dorato.<\/li>\n<li><b>Aroma potente:<\/b> Gusto Amnesia con note terrose e agrumate.<\/li>\n<li>Alto contenuto in <b>CBD\u00a0<\/b>e &lt;0,3% di THC.<\/li>\n<\/ul>\n<p>Analisi della qualit\u00e0: clicca\u00a0<a href=\"https:\/\/iguanasmoke.com\/analiticas\/\" target=\"_blank\" rel=\"noopener\">Qui<\/a><\/p>","protected":false},"featured_media":17428,"comment_status":"open","ping_status":"closed","template":"","meta":{"_acf_changed":false,"site-sidebar-layout":"default","site-content-layout":"","ast-site-content-layout":"default","site-content-style":"default","site-sidebar-style":"default","ast-global-header-display":"","ast-banner-title-visibility":"","ast-main-header-display":"","ast-hfb-above-header-display":"","ast-hfb-below-header-display":"","ast-hfb-mobile-header-display":"","site-post-title":"","ast-breadcrumbs-content":"","ast-featured-img":"","footer-sml-layout":"","theme-transparent-header-meta":"default","adv-header-id-meta":"","stick-header-meta":"","header-above-stick-meta":"","header-main-stick-meta":"","header-below-stick-meta":"","astra-migrate-meta-layouts":"set","ast-page-background-enabled":"default","ast-page-background-meta":{"desktop":{"background-color":"var(--ast-global-color-4)","background-image":"","background-repeat":"repeat","background-position":"center center","background-size":"auto","background-attachment":"scroll","background-type":"","background-media":"","overlay-type":"","overlay-color":"","overlay-opacity":"","overlay-gradient":""},"tablet":{"background-color":"","background-image":"","background-repeat":"repeat","background-position":"center center","background-size":"auto","background-attachment":"scroll","background-type":"","background-media":"","overlay-type":"","overlay-color":"","overlay-opacity":"","overlay-gradient":""},"mobile":{"background-color":"","background-image":"","background-repeat":"repeat","background-position":"center center","background-size":"auto","background-attachment":"scroll","background-type":"","background-media":"","overlay-type":"","overlay-color":"","overlay-opacity":"","overlay-gradient":""}},"ast-content-background-meta":{"desktop":{"background-color":"var(--ast-global-color-5)","background-image":"","background-repeat":"repeat","background-position":"center center","background-size":"auto","background-attachment":"scroll","background-type":"","background-media":"","overlay-type":"","overlay-color":"","overlay-opacity":"","overlay-gradient":""},"tablet":{"background-color":"var(--ast-global-color-5)","background-image":"","background-repeat":"repeat","background-position":"center center","background-size":"auto","background-attachment":"scroll","background-type":"","background-media":"","overlay-type":"","overlay-color":"","overlay-opacity":"","overlay-gradient":""},"mobile":{"background-color":"var(--ast-global-color-5)","background-image":"","background-repeat":"repeat","background-position":"center center","background-size":"auto","background-attachment":"scroll","background-type":"","background-media":"","overlay-type":"","overlay-color":"","overlay-opacity":"","overlay-gradient":""}}},"product_brand":[],"product_cat":[66],"product_tag":[],"class_list":{"0":"post-14445","1":"product","2":"type-product","3":"status-publish","4":"has-post-thumbnail","6":"product_cat-resinas","7":"desktop-align-center","8":"tablet-align-left","9":"mobile-align-left","11":"first","12":"instock","13":"taxable","14":"shipping-taxable","15":"purchasable","16":"product-type-variable"},"acf":[],"yoast_head":"<!-- This site is optimized with the Yoast SEO plugin v27.4 - https:\/\/yoast.com\/product\/yoast-seo-wordpress\/ -->\n<title>Hash CBD Amnesia - THE LYF LABS<\/title>\n<meta name=\"description\" content=\"Descubre Hash CBD Amnesia de Iguana Smoke: aroma terroso y c\u00edtrico, textura blanda, 100% legal. Relajaci\u00f3n profunda con calidad Suiza garantizada.\" \/>\n<meta name=\"robots\" content=\"index, follow, max-snippet:-1, max-image-preview:large, max-video-preview:-1\" \/>\n<link rel=\"canonical\" href=\"https:\/\/thelyflabs.com\/it\/product\/hash-cbd-amnesia\/\" \/>\n<meta property=\"og:locale\" content=\"it_IT\" \/>\n<meta property=\"og:type\" content=\"article\" \/>\n<meta property=\"og:title\" content=\"Hash CBD Amnesia - THE LYF LABS\" \/>\n<meta property=\"og:description\" content=\"Descubre Hash CBD Amnesia de Iguana Smoke: aroma terroso y c\u00edtrico, textura blanda, 100% legal. Relajaci\u00f3n profunda con calidad Suiza garantizada.\" \/>\n<meta property=\"og:url\" content=\"https:\/\/thelyflabs.com\/it\/product\/hash-cbd-amnesia\/\" \/>\n<meta property=\"og:site_name\" content=\"THE LYF LABS\" \/>\n<meta property=\"article:modified_time\" content=\"2026-04-10T08:14:04+00:00\" \/>\n<meta property=\"og:image\" content=\"https:\/\/thelyflabs.com\/wp-content\/uploads\/2025\/09\/Amnesia-2g-con-hash.webp\" \/>\n\t<meta property=\"og:image:width\" content=\"1000\" \/>\n\t<meta property=\"og:image:height\" content=\"1000\" \/>\n\t<meta property=\"og:image:type\" content=\"image\/webp\" \/>\n<meta name=\"twitter:card\" content=\"summary_large_image\" \/>\n<meta name=\"twitter:label1\" content=\"Tempo di lettura stimato\" \/>\n\t<meta name=\"twitter:data1\" content=\"4 minuti\" \/>\n<script type=\"application\/ld+json\" class=\"yoast-schema-graph\">{\"@context\":\"https:\\\/\\\/schema.org\",\"@graph\":[{\"@type\":\"WebPage\",\"@id\":\"https:\\\/\\\/thelyflabs.com\\\/product\\\/hash-cbd-amnesia\",\"url\":\"https:\\\/\\\/thelyflabs.com\\\/product\\\/hash-cbd-amnesia\",\"name\":\"Hash CBD Amnesia - THE LYF LABS\",\"isPartOf\":{\"@id\":\"https:\\\/\\\/thelyflabs.com\\\/#website\"},\"primaryImageOfPage\":{\"@id\":\"https:\\\/\\\/thelyflabs.com\\\/product\\\/hash-cbd-amnesia#primaryimage\"},\"image\":{\"@id\":\"https:\\\/\\\/thelyflabs.com\\\/product\\\/hash-cbd-amnesia#primaryimage\"},\"thumbnailUrl\":\"https:\\\/\\\/thelyflabs.com\\\/wp-content\\\/uploads\\\/2025\\\/09\\\/Amnesia-2g-con-hash.webp\",\"datePublished\":\"2025-09-30T13:21:41+00:00\",\"dateModified\":\"2026-04-10T08:14:04+00:00\",\"description\":\"Descubre Hash CBD Amnesia de Iguana Smoke: aroma terroso y c\u00edtrico, textura blanda, 100% legal. Relajaci\u00f3n profunda con calidad Suiza garantizada.\",\"breadcrumb\":{\"@id\":\"https:\\\/\\\/thelyflabs.com\\\/product\\\/hash-cbd-amnesia#breadcrumb\"},\"inLanguage\":\"it-IT\",\"potentialAction\":[{\"@type\":\"ReadAction\",\"target\":[\"https:\\\/\\\/thelyflabs.com\\\/product\\\/hash-cbd-amnesia\"]}]},{\"@type\":\"ImageObject\",\"inLanguage\":\"it-IT\",\"@id\":\"https:\\\/\\\/thelyflabs.com\\\/product\\\/hash-cbd-amnesia#primaryimage\",\"url\":\"https:\\\/\\\/thelyflabs.com\\\/wp-content\\\/uploads\\\/2025\\\/09\\\/Amnesia-2g-con-hash.webp\",\"contentUrl\":\"https:\\\/\\\/thelyflabs.com\\\/wp-content\\\/uploads\\\/2025\\\/09\\\/Amnesia-2g-con-hash.webp\",\"width\":1000,\"height\":1000,\"caption\":\"hash cbd amnesia 2g\"},{\"@type\":\"BreadcrumbList\",\"@id\":\"https:\\\/\\\/thelyflabs.com\\\/product\\\/hash-cbd-amnesia#breadcrumb\",\"itemListElement\":[{\"@type\":\"ListItem\",\"position\":1,\"name\":\"Portada\",\"item\":\"https:\\\/\\\/thelyflabs.com\\\/\"},{\"@type\":\"ListItem\",\"position\":2,\"name\":\"Tienda\",\"item\":\"https:\\\/\\\/thelyflabs.com\\\/tienda\"},{\"@type\":\"ListItem\",\"position\":3,\"name\":\"Hash CBD Amnesia\"}]},{\"@type\":\"WebSite\",\"@id\":\"https:\\\/\\\/thelyflabs.com\\\/#website\",\"url\":\"https:\\\/\\\/thelyflabs.com\\\/\",\"name\":\"The LYF Labs\",\"description\":\"CBD al por mayor\",\"publisher\":{\"@id\":\"https:\\\/\\\/thelyflabs.com\\\/#organization\"},\"potentialAction\":[{\"@type\":\"SearchAction\",\"target\":{\"@type\":\"EntryPoint\",\"urlTemplate\":\"https:\\\/\\\/thelyflabs.com\\\/?s={search_term_string}\"},\"query-input\":{\"@type\":\"PropertyValueSpecification\",\"valueRequired\":true,\"valueName\":\"search_term_string\"}}],\"inLanguage\":\"it-IT\"},{\"@type\":\"Organization\",\"@id\":\"https:\\\/\\\/thelyflabs.com\\\/#organization\",\"name\":\"The LYF Labs\",\"url\":\"https:\\\/\\\/thelyflabs.com\\\/\",\"logo\":{\"@type\":\"ImageObject\",\"inLanguage\":\"it-IT\",\"@id\":\"https:\\\/\\\/thelyflabs.com\\\/#\\\/schema\\\/logo\\\/image\\\/\",\"url\":\"https:\\\/\\\/thelyflabs.com\\\/wp-content\\\/uploads\\\/2023\\\/01\\\/cropped-LogoTheLYFLabs.png\",\"contentUrl\":\"https:\\\/\\\/thelyflabs.com\\\/wp-content\\\/uploads\\\/2023\\\/01\\\/cropped-LogoTheLYFLabs.png\",\"width\":600,\"height\":180,\"caption\":\"The LYF Labs\"},\"image\":{\"@id\":\"https:\\\/\\\/thelyflabs.com\\\/#\\\/schema\\\/logo\\\/image\\\/\"}}]}<\/script>\n<!-- \/ Yoast SEO plugin. -->","yoast_head_json":{"title":"Hash CBD Amnesia - THE LYF LABS","description":"Descubre Hash CBD Amnesia de Iguana Smoke: aroma terroso y c\u00edtrico, textura blanda, 100% legal. Relajaci\u00f3n profunda con calidad Suiza garantizada.","robots":{"index":"index","follow":"follow","max-snippet":"max-snippet:-1","max-image-preview":"max-image-preview:large","max-video-preview":"max-video-preview:-1"},"canonical":"https:\/\/thelyflabs.com\/it\/product\/hash-cbd-amnesia\/","og_locale":"it_IT","og_type":"article","og_title":"Hash CBD Amnesia - THE LYF LABS","og_description":"Descubre Hash CBD Amnesia de Iguana Smoke: aroma terroso y c\u00edtrico, textura blanda, 100% legal. Relajaci\u00f3n profunda con calidad Suiza garantizada.","og_url":"https:\/\/thelyflabs.com\/it\/product\/hash-cbd-amnesia\/","og_site_name":"THE LYF LABS","article_modified_time":"2026-04-10T08:14:04+00:00","og_image":[{"width":1000,"height":1000,"url":"https:\/\/thelyflabs.com\/wp-content\/uploads\/2025\/09\/Amnesia-2g-con-hash.webp","type":"image\/webp"}],"twitter_card":"summary_large_image","twitter_misc":{"Tempo di lettura stimato":"4 minuti"},"schema":{"@context":"https:\/\/schema.org","@graph":[{"@type":"WebPage","@id":"https:\/\/thelyflabs.com\/product\/hash-cbd-amnesia","url":"https:\/\/thelyflabs.com\/product\/hash-cbd-amnesia","name":"Hash CBD Amnesia - THE LYF LABS","isPartOf":{"@id":"https:\/\/thelyflabs.com\/#website"},"primaryImageOfPage":{"@id":"https:\/\/thelyflabs.com\/product\/hash-cbd-amnesia#primaryimage"},"image":{"@id":"https:\/\/thelyflabs.com\/product\/hash-cbd-amnesia#primaryimage"},"thumbnailUrl":"https:\/\/thelyflabs.com\/wp-content\/uploads\/2025\/09\/Amnesia-2g-con-hash.webp","datePublished":"2025-09-30T13:21:41+00:00","dateModified":"2026-04-10T08:14:04+00:00","description":"Descubre Hash CBD Amnesia de Iguana Smoke: aroma terroso y c\u00edtrico, textura blanda, 100% legal. Relajaci\u00f3n profunda con calidad Suiza garantizada.","breadcrumb":{"@id":"https:\/\/thelyflabs.com\/product\/hash-cbd-amnesia#breadcrumb"},"inLanguage":"it-IT","potentialAction":[{"@type":"ReadAction","target":["https:\/\/thelyflabs.com\/product\/hash-cbd-amnesia"]}]},{"@type":"ImageObject","inLanguage":"it-IT","@id":"https:\/\/thelyflabs.com\/product\/hash-cbd-amnesia#primaryimage","url":"https:\/\/thelyflabs.com\/wp-content\/uploads\/2025\/09\/Amnesia-2g-con-hash.webp","contentUrl":"https:\/\/thelyflabs.com\/wp-content\/uploads\/2025\/09\/Amnesia-2g-con-hash.webp","width":1000,"height":1000,"caption":"hash cbd amnesia 2g"},{"@type":"BreadcrumbList","@id":"https:\/\/thelyflabs.com\/product\/hash-cbd-amnesia#breadcrumb","itemListElement":[{"@type":"ListItem","position":1,"name":"Portada","item":"https:\/\/thelyflabs.com\/"},{"@type":"ListItem","position":2,"name":"Tienda","item":"https:\/\/thelyflabs.com\/tienda"},{"@type":"ListItem","position":3,"name":"Hash CBD Amnesia"}]},{"@type":"WebSite","@id":"https:\/\/thelyflabs.com\/#website","url":"https:\/\/thelyflabs.com\/","name":"I laboratori LYF","description":"CBD all&#039;ingrosso","publisher":{"@id":"https:\/\/thelyflabs.com\/#organization"},"potentialAction":[{"@type":"SearchAction","target":{"@type":"EntryPoint","urlTemplate":"https:\/\/thelyflabs.com\/?s={search_term_string}"},"query-input":{"@type":"PropertyValueSpecification","valueRequired":true,"valueName":"search_term_string"}}],"inLanguage":"it-IT"},{"@type":"Organization","@id":"https:\/\/thelyflabs.com\/#organization","name":"I laboratori LYF","url":"https:\/\/thelyflabs.com\/","logo":{"@type":"ImageObject","inLanguage":"it-IT","@id":"https:\/\/thelyflabs.com\/#\/schema\/logo\/image\/","url":"https:\/\/thelyflabs.com\/wp-content\/uploads\/2023\/01\/cropped-LogoTheLYFLabs.png","contentUrl":"https:\/\/thelyflabs.com\/wp-content\/uploads\/2023\/01\/cropped-LogoTheLYFLabs.png","width":600,"height":180,"caption":"The LYF Labs"},"image":{"@id":"https:\/\/thelyflabs.com\/#\/schema\/logo\/image\/"}}]}},"_links":{"self":[{"href":"https:\/\/thelyflabs.com\/it\/wp-json\/wp\/v2\/product\/14445","targetHints":{"allow":["GET"]}}],"collection":[{"href":"https:\/\/thelyflabs.com\/it\/wp-json\/wp\/v2\/product"}],"about":[{"href":"https:\/\/thelyflabs.com\/it\/wp-json\/wp\/v2\/types\/product"}],"replies":[{"embeddable":true,"href":"https:\/\/thelyflabs.com\/it\/wp-json\/wp\/v2\/comments?post=14445"}],"wp:featuredmedia":[{"embeddable":true,"href":"https:\/\/thelyflabs.com\/it\/wp-json\/wp\/v2\/media\/17428"}],"wp:attachment":[{"href":"https:\/\/thelyflabs.com\/it\/wp-json\/wp\/v2\/media?parent=14445"}],"wp:term":[{"taxonomy":"product_brand","embeddable":true,"href":"https:\/\/thelyflabs.com\/it\/wp-json\/wp\/v2\/product_brand?post=14445"},{"taxonomy":"product_cat","embeddable":true,"href":"https:\/\/thelyflabs.com\/it\/wp-json\/wp\/v2\/product_cat?post=14445"},{"taxonomy":"product_tag","embeddable":true,"href":"https:\/\/thelyflabs.com\/it\/wp-json\/wp\/v2\/product_tag?post=14445"}],"curies":[{"name":"parola chiave","href":"https:\/\/api.w.org\/{rel}","templated":true}]}}