{"id":14468,"date":"2025-10-01T12:38:24","date_gmt":"2025-10-01T10:38:24","guid":{"rendered":"https:\/\/thelyflabs.com\/?post_type=product&#038;p=14468"},"modified":"2026-03-19T14:00:41","modified_gmt":"2026-03-19T13:00:41","slug":"vaper-10-oh-90-space-vape-red-berries-2ml","status":"publish","type":"product","link":"https:\/\/thelyflabs.com\/it\/product\/vaper-10-oh-90-space-vape-red-berries-2ml","title":{"rendered":"Vaper 10-OH 90% Space Vape Bacche Rosse 2ml"},"content":{"rendered":"<h3><strong>Vaper Space Vape monouso con 10-OH 90% Aroma di frutti di bosco rossi<\/strong><\/h3>\n<p>Aggiungi il Red Berries Space Vape 10-OH 90% al tuo negozio e resta al passo con la tendenza del CBD legale. Per gli amanti dello svapo, offriamo un&#039;alternativa al CBD, senza THC, nicotina o agenti di taglio, in un dispositivo monouso facile da usare, al gusto di frutti rossi. Abbiamo anche aggiunto la molecola 10-OH al 90%, cos\u00ec puoi goderti un effetto rilassante e discreto ovunque tu sia.<\/p>\n<h4><\/h4>\n<h4><strong>Che cosa \u00e8 10-OH?<\/strong><\/h4>\n<p>Il 10-idrossi \u00e8 una molecola estratta dalla pianta di canapa, creata durante l&#039;ossidazione dell&#039;HHC da parte degli enzimi epatici. \u00c8 stato scoperto negli anni &#039;80, ma isolato solo nel 2015, grazie all&#039;estrazione e alla successiva ossidazione dell&#039;esaidrocannabinolo.<\/p>\n<p>Le speranze iniziali riposte in questo derivato erano rivolte a una maggiore biodisponibilit\u00e0 (vale a dire una migliore assimilazione da parte dell&#039;organismo) e a un maggiore potenziale terapeutico.<\/p>\n<p>Questa molecola genera ancora controversie riguardo ai suoi effetti. A priori, questo cannabinoide interagirebbe in particolare con il\u00a0\u00a0<strong>Recettori CB1 e CB2 del sistema endocannabinoide\u00a0<\/strong>\u00a0del corpo umano, ma avrebbe azioni simili a quelle del THC.<\/p>\n<p>Le informazioni in nostro possesso sul 10 OH si basano su ricerche insufficienti, nonch\u00e9 su ipotesi ed esperienze dei consumatori. Ricordiamo che l&#039;HHC, da cui \u00e8 tratto, \u00e8 vietato in Francia dal 2023.<\/p>\n<h4>Polemiche attorno al 10 OH<\/h4>\n<p>Secondo l&#039;ANSM, alcuni studi hanno dimostrato che la struttura chimica dell&#039;HHC \u00e8 simile a quella del delta-9-THC, classificato come narcotico. Poich\u00e9 il 10-OH \u00e8 un derivato dell&#039;HHC, sorge il dubbio sulla legalit\u00e0 di questa molecola.<\/p>\n<p>Ricordiamo che i prodotti venduti in Francia devono avere un livello di THC inferiore a 0,3 % per essere legali. Se gli effetti del 10-OH fossero simili, la sua vendita dovrebbe logicamente essere vietata a breve.<\/p>\n<h4>Differenze tra 10-OH e altre molecole cannabinoidi<\/h4>\n<p>Le molecole di cannabinoidi estratte dalla pianta di canapa presentano spesso delle somiglianze, ma la differenza nella struttura chimica le differenzia.<\/p>\n<p>10 OH e CBD sono due molecole con effetti antinfiammatori e analgesici, ma la prima ha\u00a0 <strong>effetti psicoattivi che possono alterare la percezione della realt\u00e0<\/strong>\u00a0, a differenza del CBD.<\/p>\n<p>Rispetto al THC, gli effetti psicoattivi di questa molecola sono simili, ma sono attenuati da alcuni effetti collaterali come paranoia e ansia. Pertanto, l&#039;esperienza con il consumo di 10-OH \u00e8 pi\u00f9 lieve.<\/p>\n<h4><strong>Cos&#039;\u00e8 una sigaretta elettronica usa e getta?<\/strong><\/h4>\n<p>Le sigarette elettroniche usa e getta, note anche come pod usa e getta, vaporizzatori usa e getta o sigarette elettroniche, sono dispositivi di svapo a &quot;penna&quot; molto comodi e pratici, dotati di una batteria integrata e di un contenitore contenente il liquido. N\u00e9 la batteria n\u00e9 il liquido devono essere ricaricati. Sono dispositivi progettati per raggiungere un numero specifico di tiri, solitamente specificato all&#039;esterno del prodotto. Quando il &quot;fumo&quot; cessa, basta gettarlo via: \u00e8 semplicissimo.<\/p>\n<h4><strong>Space Vape 10-OH ti fa sballare?<\/strong><\/h4>\n<p>Come il THC, il 10-OH offre a molte persone una sensazione piacevole quando assunto. Alcuni segnalano effetti simili ai prodotti convenzionali a base di THC, ma non ci sono dati sufficienti per esserne certi. Non ci sono nemmeno dati sufficienti per sapere se l&#039;assunzione di STV possa avere effetti collaterali negativi o addirittura effetti a lungo termine.<\/p>\n<div class=\"ewd-ufaq-faq-body\">\n<p>Tuttavia, in conformit\u00e0 con la legislazione spagnola vigente, non incoraggiamo in alcun modo l&#039;uso o l&#039;ingestione delle suddette sostanze. Non guidare veicoli a motore o utilizzare macchinari pesanti dopo l&#039;assunzione.<br \/>\nDestinato a scopi industriali, tecnici e orticoli.<\/p>\n<p>Questo \u00e8 un oggetto da collezione. Non adatto al consumo diretto o al fumo.<\/p>\n<\/div>\n<p>Questo prodotto non contiene cannabinoidi inclusi nell&#039;Allegato 1 del Regio Decreto 2829\/1977, aggiornato dall&#039;Ordinanza SND\/380\/2025, del 14 aprile, n\u00e9 sostanze controllate dalla Convenzione unica sugli stupefacenti del 1961 e dalla Convenzione sulle sostanze psicotrope del 1971.<\/p>","protected":false},"excerpt":{"rendered":"<h5><strong>Caratteristiche<\/strong><\/h5>\n<ul>\n<li>Dimensioni: 94mmx90mmx9mm<\/li>\n<li>Batteria: 380 mAh<\/li>\n<li>Capacit\u00e0: 2 ml<\/li>\n<li>Sbuffi: fino a 600<\/li>\n<li>Terpeni naturali di alta qualit\u00e0<\/li>\n<li>10-OH: 90%<\/li>\n<li>Nicotina: 0%<\/li>\n<li>Non contiene VG, PG, PEG, MCT o altri agenti di taglio<\/li>\n<\/ul>\n<p>Tutti i nostri prodotti derivano da canapa industriale certificata. Contengono meno dello 0,31 TP3T di THC e non contengono cannabinoidi illegali come HHC, HHC-P, THCP, THCP-O, H4CBD o i loro derivati. Puoi consultare <a href=\"https:\/\/iguanasmoke.com\/analiticas\/\" target=\"_blank\" rel=\"noopener\">Certificato di analisi qui.<\/a><\/p>","protected":false},"featured_media":17066,"comment_status":"open","ping_status":"closed","template":"","meta":{"_acf_changed":false,"site-sidebar-layout":"default","site-content-layout":"","ast-site-content-layout":"default","site-content-style":"default","site-sidebar-style":"default","ast-global-header-display":"","ast-banner-title-visibility":"","ast-main-header-display":"","ast-hfb-above-header-display":"","ast-hfb-below-header-display":"","ast-hfb-mobile-header-display":"","site-post-title":"","ast-breadcrumbs-content":"","ast-featured-img":"","footer-sml-layout":"","theme-transparent-header-meta":"default","adv-header-id-meta":"","stick-header-meta":"","header-above-stick-meta":"","header-main-stick-meta":"","header-below-stick-meta":"","astra-migrate-meta-layouts":"set","ast-page-background-enabled":"default","ast-page-background-meta":{"desktop":{"background-color":"var(--ast-global-color-4)","background-image":"","background-repeat":"repeat","background-position":"center center","background-size":"auto","background-attachment":"scroll","background-type":"","background-media":"","overlay-type":"","overlay-color":"","overlay-opacity":"","overlay-gradient":""},"tablet":{"background-color":"","background-image":"","background-repeat":"repeat","background-position":"center center","background-size":"auto","background-attachment":"scroll","background-type":"","background-media":"","overlay-type":"","overlay-color":"","overlay-opacity":"","overlay-gradient":""},"mobile":{"background-color":"","background-image":"","background-repeat":"repeat","background-position":"center center","background-size":"auto","background-attachment":"scroll","background-type":"","background-media":"","overlay-type":"","overlay-color":"","overlay-opacity":"","overlay-gradient":""}},"ast-content-background-meta":{"desktop":{"background-color":"var(--ast-global-color-5)","background-image":"","background-repeat":"repeat","background-position":"center center","background-size":"auto","background-attachment":"scroll","background-type":"","background-media":"","overlay-type":"","overlay-color":"","overlay-opacity":"","overlay-gradient":""},"tablet":{"background-color":"var(--ast-global-color-5)","background-image":"","background-repeat":"repeat","background-position":"center center","background-size":"auto","background-attachment":"scroll","background-type":"","background-media":"","overlay-type":"","overlay-color":"","overlay-opacity":"","overlay-gradient":""},"mobile":{"background-color":"var(--ast-global-color-5)","background-image":"","background-repeat":"repeat","background-position":"center center","background-size":"auto","background-attachment":"scroll","background-type":"","background-media":"","overlay-type":"","overlay-color":"","overlay-opacity":"","overlay-gradient":""}}},"product_brand":[],"product_cat":[140,146],"product_tag":[],"class_list":{"0":"post-14468","1":"product","2":"type-product","3":"status-publish","4":"has-post-thumbnail","6":"product_cat-10oh","7":"product_cat-nuevas-moleculas","8":"desktop-align-center","9":"tablet-align-left","10":"mobile-align-left","12":"first","13":"instock","14":"taxable","15":"shipping-taxable","16":"purchasable","17":"product-type-simple"},"acf":[],"yoast_head":"<!-- This site is optimized with the Yoast SEO plugin v27.3 - https:\/\/yoast.com\/product\/yoast-seo-wordpress\/ -->\n<title>Vaper 10-OH 90% Space Vape Red Berries 2ml - THE LYF LABS<\/title>\n<meta name=\"description\" content=\"Compra el Vaper Space Vape de 10-OH 90% Red Berries. Nuevas mol\u00e9culas de cannabis para tu tienda. Sin nicotina, THC o agentes de corte. Distribuidor B2B.\" \/>\n<meta name=\"robots\" content=\"index, follow, max-snippet:-1, max-image-preview:large, max-video-preview:-1\" \/>\n<link rel=\"canonical\" href=\"https:\/\/thelyflabs.com\/it\/product\/vaper-10-oh-90-space-vape-red-berries-2ml\/\" \/>\n<meta property=\"og:locale\" content=\"it_IT\" \/>\n<meta property=\"og:type\" content=\"article\" \/>\n<meta property=\"og:title\" content=\"Vaper 10-OH 90% Space Vape Red Berries 2ml - THE LYF LABS\" \/>\n<meta property=\"og:description\" content=\"Compra el Vaper Space Vape de 10-OH 90% Red Berries. Nuevas mol\u00e9culas de cannabis para tu tienda. Sin nicotina, THC o agentes de corte. Distribuidor B2B.\" \/>\n<meta property=\"og:url\" content=\"https:\/\/thelyflabs.com\/it\/product\/vaper-10-oh-90-space-vape-red-berries-2ml\/\" \/>\n<meta property=\"og:site_name\" content=\"THE LYF LABS\" \/>\n<meta property=\"article:modified_time\" content=\"2026-03-19T13:00:41+00:00\" \/>\n<meta property=\"og:image\" content=\"https:\/\/thelyflabs.com\/wp-content\/uploads\/2026\/03\/Mockup-10-OH-Red-Berries-caja-y-pod-vde-der.webp\" \/>\n\t<meta property=\"og:image:width\" content=\"1000\" \/>\n\t<meta property=\"og:image:height\" content=\"1000\" \/>\n\t<meta property=\"og:image:type\" content=\"image\/webp\" \/>\n<meta name=\"twitter:card\" content=\"summary_large_image\" \/>\n<meta name=\"twitter:label1\" content=\"Tempo di lettura stimato\" \/>\n\t<meta name=\"twitter:data1\" content=\"4 minuti\" \/>\n<script type=\"application\/ld+json\" class=\"yoast-schema-graph\">{\"@context\":\"https:\\\/\\\/schema.org\",\"@graph\":[{\"@type\":\"WebPage\",\"@id\":\"https:\\\/\\\/thelyflabs.com\\\/product\\\/vaper-10-oh-90-space-vape-red-berries-2ml\",\"url\":\"https:\\\/\\\/thelyflabs.com\\\/product\\\/vaper-10-oh-90-space-vape-red-berries-2ml\",\"name\":\"Vaper 10-OH 90% Space Vape Red Berries 2ml - THE LYF LABS\",\"isPartOf\":{\"@id\":\"https:\\\/\\\/thelyflabs.com\\\/#website\"},\"primaryImageOfPage\":{\"@id\":\"https:\\\/\\\/thelyflabs.com\\\/product\\\/vaper-10-oh-90-space-vape-red-berries-2ml#primaryimage\"},\"image\":{\"@id\":\"https:\\\/\\\/thelyflabs.com\\\/product\\\/vaper-10-oh-90-space-vape-red-berries-2ml#primaryimage\"},\"thumbnailUrl\":\"https:\\\/\\\/thelyflabs.com\\\/wp-content\\\/uploads\\\/2026\\\/03\\\/Mockup-10-OH-Red-Berries-caja-y-pod-vde-der.webp\",\"datePublished\":\"2025-10-01T10:38:24+00:00\",\"dateModified\":\"2026-03-19T13:00:41+00:00\",\"description\":\"Compra el Vaper Space Vape de 10-OH 90% Red Berries. Nuevas mol\u00e9culas de cannabis para tu tienda. Sin nicotina, THC o agentes de corte. Distribuidor B2B.\",\"breadcrumb\":{\"@id\":\"https:\\\/\\\/thelyflabs.com\\\/product\\\/vaper-10-oh-90-space-vape-red-berries-2ml#breadcrumb\"},\"inLanguage\":\"it-IT\",\"potentialAction\":[{\"@type\":\"ReadAction\",\"target\":[\"https:\\\/\\\/thelyflabs.com\\\/product\\\/vaper-10-oh-90-space-vape-red-berries-2ml\"]}]},{\"@type\":\"ImageObject\",\"inLanguage\":\"it-IT\",\"@id\":\"https:\\\/\\\/thelyflabs.com\\\/product\\\/vaper-10-oh-90-space-vape-red-berries-2ml#primaryimage\",\"url\":\"https:\\\/\\\/thelyflabs.com\\\/wp-content\\\/uploads\\\/2026\\\/03\\\/Mockup-10-OH-Red-Berries-caja-y-pod-vde-der.webp\",\"contentUrl\":\"https:\\\/\\\/thelyflabs.com\\\/wp-content\\\/uploads\\\/2026\\\/03\\\/Mockup-10-OH-Red-Berries-caja-y-pod-vde-der.webp\",\"width\":1000,\"height\":1000,\"caption\":\"Caja m\u00e1s vaper verde Red Berries 10-OH 2ml dcha\"},{\"@type\":\"BreadcrumbList\",\"@id\":\"https:\\\/\\\/thelyflabs.com\\\/product\\\/vaper-10-oh-90-space-vape-red-berries-2ml#breadcrumb\",\"itemListElement\":[{\"@type\":\"ListItem\",\"position\":1,\"name\":\"Portada\",\"item\":\"https:\\\/\\\/thelyflabs.com\\\/\"},{\"@type\":\"ListItem\",\"position\":2,\"name\":\"Tienda\",\"item\":\"https:\\\/\\\/thelyflabs.com\\\/tienda\"},{\"@type\":\"ListItem\",\"position\":3,\"name\":\"Vaper 10-OH 90% Space Vape Red Berries 2ml\"}]},{\"@type\":\"WebSite\",\"@id\":\"https:\\\/\\\/thelyflabs.com\\\/#website\",\"url\":\"https:\\\/\\\/thelyflabs.com\\\/\",\"name\":\"The LYF Labs\",\"description\":\"CBD al por mayor\",\"publisher\":{\"@id\":\"https:\\\/\\\/thelyflabs.com\\\/#organization\"},\"potentialAction\":[{\"@type\":\"SearchAction\",\"target\":{\"@type\":\"EntryPoint\",\"urlTemplate\":\"https:\\\/\\\/thelyflabs.com\\\/?s={search_term_string}\"},\"query-input\":{\"@type\":\"PropertyValueSpecification\",\"valueRequired\":true,\"valueName\":\"search_term_string\"}}],\"inLanguage\":\"it-IT\"},{\"@type\":\"Organization\",\"@id\":\"https:\\\/\\\/thelyflabs.com\\\/#organization\",\"name\":\"The LYF Labs\",\"url\":\"https:\\\/\\\/thelyflabs.com\\\/\",\"logo\":{\"@type\":\"ImageObject\",\"inLanguage\":\"it-IT\",\"@id\":\"https:\\\/\\\/thelyflabs.com\\\/#\\\/schema\\\/logo\\\/image\\\/\",\"url\":\"https:\\\/\\\/thelyflabs.com\\\/wp-content\\\/uploads\\\/2023\\\/01\\\/cropped-LogoTheLYFLabs.png\",\"contentUrl\":\"https:\\\/\\\/thelyflabs.com\\\/wp-content\\\/uploads\\\/2023\\\/01\\\/cropped-LogoTheLYFLabs.png\",\"width\":600,\"height\":180,\"caption\":\"The LYF Labs\"},\"image\":{\"@id\":\"https:\\\/\\\/thelyflabs.com\\\/#\\\/schema\\\/logo\\\/image\\\/\"}}]}<\/script>\n<!-- \/ Yoast SEO plugin. -->","yoast_head_json":{"title":"Vaper 10-OH 90% Space Vape Red Berries 2ml - THE LYF LABS","description":"Compra el Vaper Space Vape de 10-OH 90% Red Berries. Nuevas mol\u00e9culas de cannabis para tu tienda. Sin nicotina, THC o agentes de corte. Distribuidor B2B.","robots":{"index":"index","follow":"follow","max-snippet":"max-snippet:-1","max-image-preview":"max-image-preview:large","max-video-preview":"max-video-preview:-1"},"canonical":"https:\/\/thelyflabs.com\/it\/product\/vaper-10-oh-90-space-vape-red-berries-2ml\/","og_locale":"it_IT","og_type":"article","og_title":"Vaper 10-OH 90% Space Vape Red Berries 2ml - THE LYF LABS","og_description":"Compra el Vaper Space Vape de 10-OH 90% Red Berries. Nuevas mol\u00e9culas de cannabis para tu tienda. Sin nicotina, THC o agentes de corte. Distribuidor B2B.","og_url":"https:\/\/thelyflabs.com\/it\/product\/vaper-10-oh-90-space-vape-red-berries-2ml\/","og_site_name":"THE LYF LABS","article_modified_time":"2026-03-19T13:00:41+00:00","og_image":[{"width":1000,"height":1000,"url":"https:\/\/thelyflabs.com\/wp-content\/uploads\/2026\/03\/Mockup-10-OH-Red-Berries-caja-y-pod-vde-der.webp","type":"image\/webp"}],"twitter_card":"summary_large_image","twitter_misc":{"Tempo di lettura stimato":"4 minuti"},"schema":{"@context":"https:\/\/schema.org","@graph":[{"@type":"WebPage","@id":"https:\/\/thelyflabs.com\/product\/vaper-10-oh-90-space-vape-red-berries-2ml","url":"https:\/\/thelyflabs.com\/product\/vaper-10-oh-90-space-vape-red-berries-2ml","name":"Vaper 10-OH 90% Space Vape Red Berries 2ml - THE LYF LABS","isPartOf":{"@id":"https:\/\/thelyflabs.com\/#website"},"primaryImageOfPage":{"@id":"https:\/\/thelyflabs.com\/product\/vaper-10-oh-90-space-vape-red-berries-2ml#primaryimage"},"image":{"@id":"https:\/\/thelyflabs.com\/product\/vaper-10-oh-90-space-vape-red-berries-2ml#primaryimage"},"thumbnailUrl":"https:\/\/thelyflabs.com\/wp-content\/uploads\/2026\/03\/Mockup-10-OH-Red-Berries-caja-y-pod-vde-der.webp","datePublished":"2025-10-01T10:38:24+00:00","dateModified":"2026-03-19T13:00:41+00:00","description":"Compra el Vaper Space Vape de 10-OH 90% Red Berries. Nuevas mol\u00e9culas de cannabis para tu tienda. Sin nicotina, THC o agentes de corte. Distribuidor B2B.","breadcrumb":{"@id":"https:\/\/thelyflabs.com\/product\/vaper-10-oh-90-space-vape-red-berries-2ml#breadcrumb"},"inLanguage":"it-IT","potentialAction":[{"@type":"ReadAction","target":["https:\/\/thelyflabs.com\/product\/vaper-10-oh-90-space-vape-red-berries-2ml"]}]},{"@type":"ImageObject","inLanguage":"it-IT","@id":"https:\/\/thelyflabs.com\/product\/vaper-10-oh-90-space-vape-red-berries-2ml#primaryimage","url":"https:\/\/thelyflabs.com\/wp-content\/uploads\/2026\/03\/Mockup-10-OH-Red-Berries-caja-y-pod-vde-der.webp","contentUrl":"https:\/\/thelyflabs.com\/wp-content\/uploads\/2026\/03\/Mockup-10-OH-Red-Berries-caja-y-pod-vde-der.webp","width":1000,"height":1000,"caption":"Caja m\u00e1s vaper verde Red Berries 10-OH 2ml dcha"},{"@type":"BreadcrumbList","@id":"https:\/\/thelyflabs.com\/product\/vaper-10-oh-90-space-vape-red-berries-2ml#breadcrumb","itemListElement":[{"@type":"ListItem","position":1,"name":"Portada","item":"https:\/\/thelyflabs.com\/"},{"@type":"ListItem","position":2,"name":"Tienda","item":"https:\/\/thelyflabs.com\/tienda"},{"@type":"ListItem","position":3,"name":"Vaper 10-OH 90% Space Vape Red Berries 2ml"}]},{"@type":"WebSite","@id":"https:\/\/thelyflabs.com\/#website","url":"https:\/\/thelyflabs.com\/","name":"I laboratori LYF","description":"CBD all&#039;ingrosso","publisher":{"@id":"https:\/\/thelyflabs.com\/#organization"},"potentialAction":[{"@type":"SearchAction","target":{"@type":"EntryPoint","urlTemplate":"https:\/\/thelyflabs.com\/?s={search_term_string}"},"query-input":{"@type":"PropertyValueSpecification","valueRequired":true,"valueName":"search_term_string"}}],"inLanguage":"it-IT"},{"@type":"Organization","@id":"https:\/\/thelyflabs.com\/#organization","name":"I laboratori LYF","url":"https:\/\/thelyflabs.com\/","logo":{"@type":"ImageObject","inLanguage":"it-IT","@id":"https:\/\/thelyflabs.com\/#\/schema\/logo\/image\/","url":"https:\/\/thelyflabs.com\/wp-content\/uploads\/2023\/01\/cropped-LogoTheLYFLabs.png","contentUrl":"https:\/\/thelyflabs.com\/wp-content\/uploads\/2023\/01\/cropped-LogoTheLYFLabs.png","width":600,"height":180,"caption":"The LYF Labs"},"image":{"@id":"https:\/\/thelyflabs.com\/#\/schema\/logo\/image\/"}}]}},"_links":{"self":[{"href":"https:\/\/thelyflabs.com\/it\/wp-json\/wp\/v2\/product\/14468","targetHints":{"allow":["GET"]}}],"collection":[{"href":"https:\/\/thelyflabs.com\/it\/wp-json\/wp\/v2\/product"}],"about":[{"href":"https:\/\/thelyflabs.com\/it\/wp-json\/wp\/v2\/types\/product"}],"replies":[{"embeddable":true,"href":"https:\/\/thelyflabs.com\/it\/wp-json\/wp\/v2\/comments?post=14468"}],"wp:featuredmedia":[{"embeddable":true,"href":"https:\/\/thelyflabs.com\/it\/wp-json\/wp\/v2\/media\/17066"}],"wp:attachment":[{"href":"https:\/\/thelyflabs.com\/it\/wp-json\/wp\/v2\/media?parent=14468"}],"wp:term":[{"taxonomy":"product_brand","embeddable":true,"href":"https:\/\/thelyflabs.com\/it\/wp-json\/wp\/v2\/product_brand?post=14468"},{"taxonomy":"product_cat","embeddable":true,"href":"https:\/\/thelyflabs.com\/it\/wp-json\/wp\/v2\/product_cat?post=14468"},{"taxonomy":"product_tag","embeddable":true,"href":"https:\/\/thelyflabs.com\/it\/wp-json\/wp\/v2\/product_tag?post=14468"}],"curies":[{"name":"parola chiave","href":"https:\/\/api.w.org\/{rel}","templated":true}]}}