{"id":14499,"date":"2025-10-02T12:04:46","date_gmt":"2025-10-02T10:04:46","guid":{"rendered":"https:\/\/thelyflabs.com\/?post_type=product&#038;p=14499"},"modified":"2026-03-22T12:12:34","modified_gmt":"2026-03-22T11:12:34","slug":"vaper-stv-space-vape-strawberry-2ml-sativanol","status":"publish","type":"product","link":"https:\/\/thelyflabs.com\/it\/product\/vaper-stv-space-vape-strawberry-2ml-sativanol","title":{"rendered":"Vaper STV \u2013 Space Vape Fragola 2ml (Sativanol)"},"content":{"rendered":"<h1 data-start=\"367\" data-end=\"422\">Vaper STV 90% Space Vape Fragola<\/h1>\n<p data-start=\"424\" data-end=\"769\">Lui <strong>Vaper STV \u2013 Space Vape Fragola (Sativanol)\u00a0<\/strong>\u00c8 una sigaretta elettronica usa e getta che combina la potenza di <strong data-start=\"490\" data-end=\"509\">STV (Sativanolo)<\/strong> Con un delizioso sapore di fragola. Se stai cercando un&#039;alternativa al THC, questo vaporizzatore \u00e8 la scelta migliore per un divertimento senza pensieri.<\/p>\n<h2 data-start=\"776\" data-end=\"808\">Che cos&#039;\u00e8 STV (Sativanol)?<\/h2>\n<p data-start=\"810\" data-end=\"1070\">Lui <strong data-start=\"813\" data-end=\"832\">STV o Sativanolo<\/strong> Si tratta di un cannabinoide di nuova generazione che \u00e8 diventato una delle alternative pi\u00f9 ricercate in Europa. A differenza del THC, <strong data-start=\"971\" data-end=\"1002\">STV \u00e8 legale in Spagna 100%<\/strong>, poich\u00e9 non \u00e8 considerata una sostanza psicoattiva proibita.<\/p>\n<p data-start=\"1072\" data-end=\"1329\">Lui <strong data-start=\"1075\" data-end=\"1088\">Sativanolo<\/strong> Offre un&#039;esperienza simile ad altri cannabinoidi, ma con la tranquillit\u00e0 di essere conforme a tutte le normative vigenti. Ecco perch\u00e9 sempre pi\u00f9 utenti sono alla ricerca di <strong data-start=\"1257\" data-end=\"1272\">acquistare STV<\/strong> per godere dei suoi effetti in modo sicuro e legale.<\/p>\n<h2 data-start=\"1336\" data-end=\"1386\">Vape STV Strawberry: purezza nella sua composizione<\/h2>\n<p data-start=\"1388\" data-end=\"1558\">Lui <strong data-start=\"1391\" data-end=\"1430\">Vaper Space Vape Fragola Monouso<\/strong> non si distingue solo per la sua <strong data-start=\"1454\" data-end=\"1491\">alto contenuto di STV a 90% (Sativanol)<\/strong>, ma anche per la qualit\u00e0 e la purezza della sua formulazione premium:<\/p>\n<ul>\n<li data-start=\"1562\" data-end=\"1629\"><strong data-start=\"1564\" data-end=\"1584\">STV (Sativanol) 90%:<\/strong> cannabinoide alternativo legale e innovativo.<\/li>\n<li>Nicotina 0%<\/li>\n<li data-start=\"1708\" data-end=\"1801\">Agenti estranei o sostanze taglienti 0%<\/li>\n<li data-start=\"1804\" data-end=\"1896\"><strong data-start=\"1806\" data-end=\"1824\">Aroma naturale di fragola:<\/strong> un sapore delizioso tra il dolce e l&#039;aspro.<\/li>\n<\/ul>\n<p data-start=\"1976\" data-end=\"2127\">Se stai cercando praticit\u00e0 e potenza in un unico dispositivo, questo vaporizzatore \u00e8 l&#039;ideale per chi desidera <strong data-start=\"2070\" data-end=\"2090\">acquista STV vape<\/strong> con la massima garanzia di qualit\u00e0.<\/p>\n<h2 data-start=\"2134\" data-end=\"2166\">Legalit\u00e0 della STV in Spagna<\/h2>\n<p data-start=\"2168\" data-end=\"2451\">Uno dei grandi vantaggi del <strong data-start=\"2200\" data-end=\"2219\">Sativanolo (STV)<\/strong> \u00e8 tuo <strong data-start=\"2226\" data-end=\"2249\">legalit\u00e0 in Spagna<\/strong>A differenza del <strong data-start=\"2268\" data-end=\"2288\">THC, HHC o THC-P<\/strong>, che sono considerate sostanze proibite, il <strong data-start=\"2334\" data-end=\"2384\">STV \u00e8 conforme alle normative europee e spagnole<\/strong>, rendendolo un&#039;opzione sicura per i consumatori.<\/p>\n<p data-start=\"2453\" data-end=\"2625\">Ci\u00f2 significa che acquistare lo Strawberry Space Vape con STV (Sativanol) \u00e8 completamente legale e sicuro in Spagna, a condizione che sia destinato al collezionismo, all&#039;aromaterapia o all&#039;uso tecnico.<\/p>\n<h2 data-start=\"2937\" data-end=\"2990\">Acquista Vaper STV \u2013 Space Vape Strawberry<\/h2>\n<p data-start=\"2992\" data-end=\"3266\">Lui <strong data-start=\"2995\" data-end=\"3062\">Vaper Space Vape Fragola con STV (Sativanol)<\/strong>\u00a0\u00c8 la scelta migliore per chi cerca un&#039;esperienza intensa, sicura e legale. Se vuoi <strong data-start=\"3155\" data-end=\"3175\">acquista STV vape<\/strong>Questa opzione riunisce tutto ci\u00f2 di cui hai bisogno: qualit\u00e0, legalit\u00e0 e il gusto unico di Amnesia.<\/p>\n<p data-start=\"3268\" data-end=\"3393\">Scopri la nuova generazione di cannabinoidi legali e goditi la migliore alternativa al THC con <strong data-start=\"3371\" data-end=\"3390\">Sativanolo (STV)<\/strong>.<\/p>","protected":false},"excerpt":{"rendered":"<h5><strong>Caratteristiche<\/strong><\/h5>\n<ul>\n<li>Dimensioni: 105 mm x 24 mm x 11,2 mm<\/li>\n<li>Batteria: 380 mAh<\/li>\n<li>Capacit\u00e0: 2 ml<\/li>\n<li>Sbuffi: 600<\/li>\n<li>Aromi naturali di alta qualit\u00e0<\/li>\n<li>STV (Sativanolo): 90%<\/li>\n<li>Nicotina: 0%<\/li>\n<li>Non contiene VG, PG, PEG, MCT o altri agenti di taglio<\/li>\n<\/ul>\n<p>Tutti i nostri prodotti derivano da canapa industriale certificata. Contengono meno dello 0,31 TP3T di THC e non contengono cannabinoidi illegali come HHC, HHC-P, THCP, THCP-O, H4CBD o i loro derivati. Puoi consultare il <a href=\"https:\/\/iguanasmoke.com\/analiticas\/\" target=\"_blank\" rel=\"noopener\">Certificato di analisi qui.<\/a><\/p>","protected":false},"featured_media":16968,"comment_status":"open","ping_status":"closed","template":"","meta":{"_acf_changed":false,"site-sidebar-layout":"default","site-content-layout":"","ast-site-content-layout":"default","site-content-style":"default","site-sidebar-style":"default","ast-global-header-display":"","ast-banner-title-visibility":"","ast-main-header-display":"","ast-hfb-above-header-display":"","ast-hfb-below-header-display":"","ast-hfb-mobile-header-display":"","site-post-title":"","ast-breadcrumbs-content":"","ast-featured-img":"","footer-sml-layout":"","theme-transparent-header-meta":"default","adv-header-id-meta":"","stick-header-meta":"","header-above-stick-meta":"","header-main-stick-meta":"","header-below-stick-meta":"","astra-migrate-meta-layouts":"set","ast-page-background-enabled":"default","ast-page-background-meta":{"desktop":{"background-color":"var(--ast-global-color-4)","background-image":"","background-repeat":"repeat","background-position":"center center","background-size":"auto","background-attachment":"scroll","background-type":"","background-media":"","overlay-type":"","overlay-color":"","overlay-opacity":"","overlay-gradient":""},"tablet":{"background-color":"","background-image":"","background-repeat":"repeat","background-position":"center center","background-size":"auto","background-attachment":"scroll","background-type":"","background-media":"","overlay-type":"","overlay-color":"","overlay-opacity":"","overlay-gradient":""},"mobile":{"background-color":"","background-image":"","background-repeat":"repeat","background-position":"center center","background-size":"auto","background-attachment":"scroll","background-type":"","background-media":"","overlay-type":"","overlay-color":"","overlay-opacity":"","overlay-gradient":""}},"ast-content-background-meta":{"desktop":{"background-color":"var(--ast-global-color-5)","background-image":"","background-repeat":"repeat","background-position":"center center","background-size":"auto","background-attachment":"scroll","background-type":"","background-media":"","overlay-type":"","overlay-color":"","overlay-opacity":"","overlay-gradient":""},"tablet":{"background-color":"var(--ast-global-color-5)","background-image":"","background-repeat":"repeat","background-position":"center center","background-size":"auto","background-attachment":"scroll","background-type":"","background-media":"","overlay-type":"","overlay-color":"","overlay-opacity":"","overlay-gradient":""},"mobile":{"background-color":"var(--ast-global-color-5)","background-image":"","background-repeat":"repeat","background-position":"center center","background-size":"auto","background-attachment":"scroll","background-type":"","background-media":"","overlay-type":"","overlay-color":"","overlay-opacity":"","overlay-gradient":""}}},"product_brand":[],"product_cat":[146,143,138],"product_tag":[],"class_list":{"0":"post-14499","1":"product","2":"type-product","3":"status-publish","4":"has-post-thumbnail","6":"product_cat-nuevas-moleculas","7":"product_cat-stv","8":"product_cat-stv-sativanol","9":"desktop-align-center","10":"tablet-align-left","11":"mobile-align-left","13":"first","14":"instock","15":"taxable","16":"shipping-taxable","17":"purchasable","18":"product-type-simple"},"acf":[],"yoast_head":"<!-- This site is optimized with the Yoast SEO plugin v27.3 - https:\/\/yoast.com\/product\/yoast-seo-wordpress\/ -->\n<title>Vaper STV \u2013 Space Vape Strawberry 2ml (Sativanol) - THE LYF LABS<\/title>\n<meta name=\"description\" content=\"Compra al por mayor Vaper STV 90% - Space Vape Strawberry, completamente legal y analizado en laboratorio. STV, 10-OH, E8H. Distribuidor B2B en Espa\u00f1a\" \/>\n<meta name=\"robots\" content=\"index, follow, max-snippet:-1, max-image-preview:large, max-video-preview:-1\" \/>\n<link rel=\"canonical\" href=\"https:\/\/thelyflabs.com\/it\/product\/vaper-stv-space-vape-strawberry-2ml-sativanol\/\" \/>\n<meta property=\"og:locale\" content=\"it_IT\" \/>\n<meta property=\"og:type\" content=\"article\" \/>\n<meta property=\"og:title\" content=\"Vaper STV \u2013 Space Vape Strawberry 2ml (Sativanol) - THE LYF LABS\" \/>\n<meta property=\"og:description\" content=\"Compra al por mayor Vaper STV 90% - Space Vape Strawberry, completamente legal y analizado en laboratorio. STV, 10-OH, E8H. Distribuidor B2B en Espa\u00f1a\" \/>\n<meta property=\"og:url\" content=\"https:\/\/thelyflabs.com\/it\/product\/vaper-stv-space-vape-strawberry-2ml-sativanol\/\" \/>\n<meta property=\"og:site_name\" content=\"THE LYF LABS\" \/>\n<meta property=\"article:modified_time\" content=\"2026-03-22T11:12:34+00:00\" \/>\n<meta property=\"og:image\" content=\"https:\/\/thelyflabs.com\/wp-content\/uploads\/2026\/03\/Mockup-Strawberry-narnja-der-pod.webp\" \/>\n\t<meta property=\"og:image:width\" content=\"1000\" \/>\n\t<meta property=\"og:image:height\" content=\"1000\" \/>\n\t<meta property=\"og:image:type\" content=\"image\/webp\" \/>\n<meta name=\"twitter:card\" content=\"summary_large_image\" \/>\n<meta name=\"twitter:label1\" content=\"Tempo di lettura stimato\" \/>\n\t<meta name=\"twitter:data1\" content=\"2 minuti\" \/>\n<script type=\"application\/ld+json\" class=\"yoast-schema-graph\">{\"@context\":\"https:\\\/\\\/schema.org\",\"@graph\":[{\"@type\":\"WebPage\",\"@id\":\"https:\\\/\\\/thelyflabs.com\\\/product\\\/vaper-stv-space-vape-strawberry-2ml-sativanol\",\"url\":\"https:\\\/\\\/thelyflabs.com\\\/product\\\/vaper-stv-space-vape-strawberry-2ml-sativanol\",\"name\":\"Vaper STV \u2013 Space Vape Strawberry 2ml (Sativanol) - THE LYF LABS\",\"isPartOf\":{\"@id\":\"https:\\\/\\\/thelyflabs.com\\\/#website\"},\"primaryImageOfPage\":{\"@id\":\"https:\\\/\\\/thelyflabs.com\\\/product\\\/vaper-stv-space-vape-strawberry-2ml-sativanol#primaryimage\"},\"image\":{\"@id\":\"https:\\\/\\\/thelyflabs.com\\\/product\\\/vaper-stv-space-vape-strawberry-2ml-sativanol#primaryimage\"},\"thumbnailUrl\":\"https:\\\/\\\/thelyflabs.com\\\/wp-content\\\/uploads\\\/2026\\\/03\\\/Mockup-Strawberry-narnja-der-pod.webp\",\"datePublished\":\"2025-10-02T10:04:46+00:00\",\"dateModified\":\"2026-03-22T11:12:34+00:00\",\"description\":\"Compra al por mayor Vaper STV 90% - Space Vape Strawberry, completamente legal y analizado en laboratorio. STV, 10-OH, E8H. Distribuidor B2B en Espa\u00f1a\",\"breadcrumb\":{\"@id\":\"https:\\\/\\\/thelyflabs.com\\\/product\\\/vaper-stv-space-vape-strawberry-2ml-sativanol#breadcrumb\"},\"inLanguage\":\"it-IT\",\"potentialAction\":[{\"@type\":\"ReadAction\",\"target\":[\"https:\\\/\\\/thelyflabs.com\\\/product\\\/vaper-stv-space-vape-strawberry-2ml-sativanol\"]}]},{\"@type\":\"ImageObject\",\"inLanguage\":\"it-IT\",\"@id\":\"https:\\\/\\\/thelyflabs.com\\\/product\\\/vaper-stv-space-vape-strawberry-2ml-sativanol#primaryimage\",\"url\":\"https:\\\/\\\/thelyflabs.com\\\/wp-content\\\/uploads\\\/2026\\\/03\\\/Mockup-Strawberry-narnja-der-pod.webp\",\"contentUrl\":\"https:\\\/\\\/thelyflabs.com\\\/wp-content\\\/uploads\\\/2026\\\/03\\\/Mockup-Strawberry-narnja-der-pod.webp\",\"width\":1000,\"height\":1000,\"caption\":\"Caja m\u00e1s vaper naranja strawberry STV 2ml dcha\"},{\"@type\":\"BreadcrumbList\",\"@id\":\"https:\\\/\\\/thelyflabs.com\\\/product\\\/vaper-stv-space-vape-strawberry-2ml-sativanol#breadcrumb\",\"itemListElement\":[{\"@type\":\"ListItem\",\"position\":1,\"name\":\"Portada\",\"item\":\"https:\\\/\\\/thelyflabs.com\\\/\"},{\"@type\":\"ListItem\",\"position\":2,\"name\":\"Tienda\",\"item\":\"https:\\\/\\\/thelyflabs.com\\\/tienda\"},{\"@type\":\"ListItem\",\"position\":3,\"name\":\"Vaper STV \u2013 Space Vape Strawberry 2ml (Sativanol)\"}]},{\"@type\":\"WebSite\",\"@id\":\"https:\\\/\\\/thelyflabs.com\\\/#website\",\"url\":\"https:\\\/\\\/thelyflabs.com\\\/\",\"name\":\"The LYF Labs\",\"description\":\"CBD al por mayor\",\"publisher\":{\"@id\":\"https:\\\/\\\/thelyflabs.com\\\/#organization\"},\"potentialAction\":[{\"@type\":\"SearchAction\",\"target\":{\"@type\":\"EntryPoint\",\"urlTemplate\":\"https:\\\/\\\/thelyflabs.com\\\/?s={search_term_string}\"},\"query-input\":{\"@type\":\"PropertyValueSpecification\",\"valueRequired\":true,\"valueName\":\"search_term_string\"}}],\"inLanguage\":\"it-IT\"},{\"@type\":\"Organization\",\"@id\":\"https:\\\/\\\/thelyflabs.com\\\/#organization\",\"name\":\"The LYF Labs\",\"url\":\"https:\\\/\\\/thelyflabs.com\\\/\",\"logo\":{\"@type\":\"ImageObject\",\"inLanguage\":\"it-IT\",\"@id\":\"https:\\\/\\\/thelyflabs.com\\\/#\\\/schema\\\/logo\\\/image\\\/\",\"url\":\"https:\\\/\\\/thelyflabs.com\\\/wp-content\\\/uploads\\\/2023\\\/01\\\/cropped-LogoTheLYFLabs.png\",\"contentUrl\":\"https:\\\/\\\/thelyflabs.com\\\/wp-content\\\/uploads\\\/2023\\\/01\\\/cropped-LogoTheLYFLabs.png\",\"width\":600,\"height\":180,\"caption\":\"The LYF Labs\"},\"image\":{\"@id\":\"https:\\\/\\\/thelyflabs.com\\\/#\\\/schema\\\/logo\\\/image\\\/\"}}]}<\/script>\n<!-- \/ Yoast SEO plugin. -->","yoast_head_json":{"title":"Vaper STV \u2013 Space Vape Fragola 2ml (Sativanol) - THE LYF LABS","description":"Acquisto all&#039;ingrosso di Vaper STV 90% - Space Vape Strawberry, completamente legale e testato in laboratorio. STV, 10-OH, E8H. Distributore B2B in Spagna.","robots":{"index":"index","follow":"follow","max-snippet":"max-snippet:-1","max-image-preview":"max-image-preview:large","max-video-preview":"max-video-preview:-1"},"canonical":"https:\/\/thelyflabs.com\/it\/product\/vaper-stv-space-vape-strawberry-2ml-sativanol\/","og_locale":"it_IT","og_type":"article","og_title":"Vaper STV \u2013 Space Vape Strawberry 2ml (Sativanol) - THE LYF LABS","og_description":"Compra al por mayor Vaper STV 90% - Space Vape Strawberry, completamente legal y analizado en laboratorio. STV, 10-OH, E8H. Distribuidor B2B en Espa\u00f1a","og_url":"https:\/\/thelyflabs.com\/it\/product\/vaper-stv-space-vape-strawberry-2ml-sativanol\/","og_site_name":"THE LYF LABS","article_modified_time":"2026-03-22T11:12:34+00:00","og_image":[{"width":1000,"height":1000,"url":"https:\/\/thelyflabs.com\/wp-content\/uploads\/2026\/03\/Mockup-Strawberry-narnja-der-pod.webp","type":"image\/webp"}],"twitter_card":"summary_large_image","twitter_misc":{"Tempo di lettura stimato":"2 minuti"},"schema":{"@context":"https:\/\/schema.org","@graph":[{"@type":"WebPage","@id":"https:\/\/thelyflabs.com\/product\/vaper-stv-space-vape-strawberry-2ml-sativanol","url":"https:\/\/thelyflabs.com\/product\/vaper-stv-space-vape-strawberry-2ml-sativanol","name":"Vaper STV \u2013 Space Vape Fragola 2ml (Sativanol) - THE LYF LABS","isPartOf":{"@id":"https:\/\/thelyflabs.com\/#website"},"primaryImageOfPage":{"@id":"https:\/\/thelyflabs.com\/product\/vaper-stv-space-vape-strawberry-2ml-sativanol#primaryimage"},"image":{"@id":"https:\/\/thelyflabs.com\/product\/vaper-stv-space-vape-strawberry-2ml-sativanol#primaryimage"},"thumbnailUrl":"https:\/\/thelyflabs.com\/wp-content\/uploads\/2026\/03\/Mockup-Strawberry-narnja-der-pod.webp","datePublished":"2025-10-02T10:04:46+00:00","dateModified":"2026-03-22T11:12:34+00:00","description":"Acquisto all&#039;ingrosso di Vaper STV 90% - Space Vape Strawberry, completamente legale e testato in laboratorio. STV, 10-OH, E8H. Distributore B2B in Spagna.","breadcrumb":{"@id":"https:\/\/thelyflabs.com\/product\/vaper-stv-space-vape-strawberry-2ml-sativanol#breadcrumb"},"inLanguage":"it-IT","potentialAction":[{"@type":"ReadAction","target":["https:\/\/thelyflabs.com\/product\/vaper-stv-space-vape-strawberry-2ml-sativanol"]}]},{"@type":"ImageObject","inLanguage":"it-IT","@id":"https:\/\/thelyflabs.com\/product\/vaper-stv-space-vape-strawberry-2ml-sativanol#primaryimage","url":"https:\/\/thelyflabs.com\/wp-content\/uploads\/2026\/03\/Mockup-Strawberry-narnja-der-pod.webp","contentUrl":"https:\/\/thelyflabs.com\/wp-content\/uploads\/2026\/03\/Mockup-Strawberry-narnja-der-pod.webp","width":1000,"height":1000,"caption":"Caja m\u00e1s vaper naranja strawberry STV 2ml dcha"},{"@type":"BreadcrumbList","@id":"https:\/\/thelyflabs.com\/product\/vaper-stv-space-vape-strawberry-2ml-sativanol#breadcrumb","itemListElement":[{"@type":"ListItem","position":1,"name":"Portada","item":"https:\/\/thelyflabs.com\/"},{"@type":"ListItem","position":2,"name":"Tienda","item":"https:\/\/thelyflabs.com\/tienda"},{"@type":"ListItem","position":3,"name":"Vaper STV \u2013 Space Vape Strawberry 2ml (Sativanol)"}]},{"@type":"WebSite","@id":"https:\/\/thelyflabs.com\/#website","url":"https:\/\/thelyflabs.com\/","name":"I laboratori LYF","description":"CBD all&#039;ingrosso","publisher":{"@id":"https:\/\/thelyflabs.com\/#organization"},"potentialAction":[{"@type":"SearchAction","target":{"@type":"EntryPoint","urlTemplate":"https:\/\/thelyflabs.com\/?s={search_term_string}"},"query-input":{"@type":"PropertyValueSpecification","valueRequired":true,"valueName":"search_term_string"}}],"inLanguage":"it-IT"},{"@type":"Organization","@id":"https:\/\/thelyflabs.com\/#organization","name":"I laboratori LYF","url":"https:\/\/thelyflabs.com\/","logo":{"@type":"ImageObject","inLanguage":"it-IT","@id":"https:\/\/thelyflabs.com\/#\/schema\/logo\/image\/","url":"https:\/\/thelyflabs.com\/wp-content\/uploads\/2023\/01\/cropped-LogoTheLYFLabs.png","contentUrl":"https:\/\/thelyflabs.com\/wp-content\/uploads\/2023\/01\/cropped-LogoTheLYFLabs.png","width":600,"height":180,"caption":"The LYF Labs"},"image":{"@id":"https:\/\/thelyflabs.com\/#\/schema\/logo\/image\/"}}]}},"_links":{"self":[{"href":"https:\/\/thelyflabs.com\/it\/wp-json\/wp\/v2\/product\/14499","targetHints":{"allow":["GET"]}}],"collection":[{"href":"https:\/\/thelyflabs.com\/it\/wp-json\/wp\/v2\/product"}],"about":[{"href":"https:\/\/thelyflabs.com\/it\/wp-json\/wp\/v2\/types\/product"}],"replies":[{"embeddable":true,"href":"https:\/\/thelyflabs.com\/it\/wp-json\/wp\/v2\/comments?post=14499"}],"wp:featuredmedia":[{"embeddable":true,"href":"https:\/\/thelyflabs.com\/it\/wp-json\/wp\/v2\/media\/16968"}],"wp:attachment":[{"href":"https:\/\/thelyflabs.com\/it\/wp-json\/wp\/v2\/media?parent=14499"}],"wp:term":[{"taxonomy":"product_brand","embeddable":true,"href":"https:\/\/thelyflabs.com\/it\/wp-json\/wp\/v2\/product_brand?post=14499"},{"taxonomy":"product_cat","embeddable":true,"href":"https:\/\/thelyflabs.com\/it\/wp-json\/wp\/v2\/product_cat?post=14499"},{"taxonomy":"product_tag","embeddable":true,"href":"https:\/\/thelyflabs.com\/it\/wp-json\/wp\/v2\/product_tag?post=14499"}],"curies":[{"name":"parola chiave","href":"https:\/\/api.w.org\/{rel}","templated":true}]}}