{"id":14778,"date":"2025-10-17T16:23:11","date_gmt":"2025-10-17T14:23:11","guid":{"rendered":"https:\/\/thelyflabs.com\/?post_type=product&#038;p=14778"},"modified":"2026-03-19T13:54:58","modified_gmt":"2026-03-19T12:54:58","slug":"pre-roll-10-oh-king-size-15g","status":"publish","type":"product","link":"https:\/\/thelyflabs.com\/it\/product\/pre-roll-10-oh-king-size-15g","title":{"rendered":"Pre-Roll 10-OH King Size \u2013 1,5 g"},"content":{"rendered":"<h1><span style=\"font-weight: 400\">Space Pre Roll 10-OH &#8211; Cono King Size<\/span><\/h1>\n<p data-start=\"277\" data-end=\"346\"><span style=\"font-weight: 400\">\u00bfHas probado ya el nuevo <strong>Space<\/strong> <strong>Pre Roll 10-OH? <\/strong>Es potente y con la calidad perfecta de una flor premium. El <strong>Cono King Size de 10-OH <\/strong>Di <strong>Fumo di iguana<\/strong> es la versi\u00f3n \u00abporro arom\u00e1tico\u00bb que acabamos de sacar a la venta. Perfectamente liado, molido y filtrado para disfrutar sin complicaciones: abrir, encender y relajarse. <\/span><\/p>\n<p data-start=\"277\" data-end=\"346\"><span style=\"font-weight: 400\">Este cono preliado contiene <strong>1,5g de flor de CBD<\/strong>\u00a0cultivada de forma ecol\u00f3gica y <strong>sin restos, trim ni mezclas<\/strong>. Solo <strong>flor premium lista<\/strong> para ofrecerte una <strong>experiencia suave, natural y muy chill<\/strong>.<\/span><\/p>\n<p data-start=\"277\" data-end=\"346\">En pocas palabras: Un \u00abporro 10-OH\u00bb limpio, estable y con personalidad propia, para quienes quieren algo m\u00e1s intenso que el CBD convencional. <span style=\"font-weight: 400\">Descubre m\u00e1s formatos para <a href=\"https:\/\/iguanasmoke.com\/categoria\/flores\/flores-cbd\/\"><strong>comprar flores CBD<\/strong><\/a>, donde descubrir\u00e1s nuestra amplia selecci\u00f3n de flores CBD premium.<\/span><\/p>\n<h2><span style=\"color: #ffffff\">&#8211;<\/span><\/h2>\n<h2><strong>Space Pre Rolls 10-OH de calidad\u00a0<\/strong><\/h2>\n<p><span style=\"font-weight: 400\">Nostro <strong>Cono King Size 10-OH <\/strong>est\u00e1 liado con <strong>papel Raw org\u00e1nico<\/strong>, libre de qu\u00edmicos, aditivos o colorantes. En su interior encontrar\u00e1s flores seleccionadas con <strong>15% CBD<\/strong> y menos del <strong>0,3% THC<\/strong>. As\u00ed, son 100% legales en Espa\u00f1a y Europa.<\/span><\/p>\n<p><span style=\"font-weight: 400\">Este formato XL es ideal para quienes quieren <strong>comprar flores CBD<\/strong> ya preliadas sin renunciar al aroma, la potencia y la calidad de una buena flor. No es un Pre Roll cualquiera, es de <strong>calidad premium<\/strong>, pensado para quienes buscan comodidad sin perder intensidad.\u00a0<\/span><\/p>\n<p>&nbsp;<\/p>\n<h2 data-start=\"750\" data-end=\"812\"><strong data-start=\"756\" data-end=\"812\">Che cosa \u00e8 10-OH?<\/strong><\/h2>\n<p><span style=\"font-weight: 400\">Esta es la <strong>nueva evoluci\u00f3n del chill \u00ablegal\u00bb<\/strong>. Lui <strong>10-idrossi (10-OH)<\/strong> es un derivado <strong>semisint\u00e9tico del c\u00e1\u00f1amo industrial<\/strong>, obtenido mediante procesos de <strong>oxidaci\u00f3n controlada o hidroxilaci\u00f3n.<\/strong> Su estructura incorpora un grupo hidroxilo (-OH) que <strong>potencia su estabilidad, pureza y rendimiento arom\u00e1tico<\/strong>. <\/span><\/p>\n<p><span style=\"font-weight: 400\">Esto lo convierte en uno de los<strong> cannabinoides t\u00e9cnicos m\u00e1s modernos<\/strong> del mercado: potente, equilibrado y <strong>totalmente legal dentro de la normativa Europea<\/strong>.\u00a0<\/span><\/p>\n<p>&nbsp;<\/p>\n<h2 data-start=\"1495\" data-end=\"1540\">Caracter\u00edsticas del Cono King Size 10-OH:<\/h2>\n<ul>\n<li><span style=\"font-weight: 400\"><strong>1,5g<\/strong>\u00a0de aut\u00e9ntica flor <strong>di CBD<\/strong><\/span><\/li>\n<li>Mezcla arom\u00e1tica <strong>10-OH<\/strong><\/li>\n<li><span style=\"font-weight: 400\"><strong>CBD<\/strong> al <strong>15%<\/strong> E <strong>THC &lt;0,3%<\/strong> -Producto legal sin efectos psicoactivos <\/span><\/li>\n<li><span style=\"font-weight: 400\"><strong>Papeles Raw<\/strong> org\u00e1nicos y sin qu\u00edmicos <\/span><\/li>\n<li><span style=\"font-weight: 400\"><strong>Sativa dominante<\/strong>, con aroma dulce e intenso <\/span><\/li>\n<li><span style=\"font-weight: 400\"><strong>agricoltura biologica<\/strong>, sin pesticidas ni transg\u00e9nicos<\/span><\/li>\n<li><span style=\"font-weight: 400\">Listo para usar con una <strong>combusti\u00f3n estable<\/strong><\/span><\/li>\n<\/ul>\n<p>&nbsp;<\/p>\n<h2><b>\u00bfD\u00f3nde comprar online tus Space Pre Roll 10-OH<\/b><b>?<\/b><\/h2>\n<p><span style=\"font-weight: 400\">Por supuesto que en <strong>Iguana Smoke. <\/strong>Aqu\u00ed priorizamos la calidad y la transparencia en cada producto. Nuestro Pre Roll est\u00e1 elaborado con aut\u00e9nticas <strong>flores de c\u00e1\u00f1amo<\/strong>. Son cuidadosamente seleccionadas y <strong>picadas<\/strong> para conservar todo su <strong>aroma, potencia y propiedades naturales<\/strong>. <\/span><span style=\"font-weight: 400\">Como es el caso de nuestro <strong>Cono de CBD<\/strong>, que destaca por su comodidad y practicidad.<\/span><\/p>\n<p><span style=\"font-weight: 400\">Este es tu lugar seguro para <strong>comprar Pre Roll 10-OH online en Espa\u00f1a.<\/strong> Todos nuestros productos est\u00e1n aprobados por la UE, garantizando su legalidad y seguridad. Adem\u00e1s, si quieres puedes consultar<\/span><strong> <a href=\"https:\/\/iguanasmoke.com\/analiticas\/\">analisi di laboratorio.<\/a>\u00a0<\/strong><\/p>\n<p><span style=\"font-weight: 400\">No te olvides de completar tu experiencia con el <a href=\"https:\/\/iguanasmoke.com\/producto\/porta-pre-roll\/\"><strong>Porta Pre Roll Iguana Smoke<\/strong><\/a> y probar el <strong><a href=\"https:\/\/iguanasmoke.com\/producto\/comprar-cbd-flores-pack-pre-roll-cbd\/\">Pack Pre Roll CBD<\/a><\/strong>. Si lo tuyo son las flores CBD, descubre <\/span><span style=\"font-weight: 400\">otros <strong>Prodotti TOP<\/strong> como\u00a0el <a href=\"https:\/\/iguanasmoke.com\/producto\/comprar-flor-cbd-pop-corn-sour-tsunami-15gr-cogollos-pequenos-cbd\/\"><strong>Popcorn 15g<\/strong><\/a> o las <strong><a href=\"https:\/\/iguanasmoke.com\/producto\/comprar-flor-amnesia-cbd-cogollos-online\/\">flores CBD Amnesia<\/a><\/strong>. <\/span><span style=\"font-weight: 400\">Explora nuestra variedad de <strong><a href=\"https:\/\/iguanasmoke.com\/categoria\/extractos-cbd\/\">Extractos CBD<\/a><\/strong> E <strong><a href=\"https:\/\/iguanasmoke.com\/categoria\/hash-cbd\/\">Resine di CBD<\/a><\/strong> y alucina.\u00a0<\/span><\/p>\n<p>Env\u00edo r\u00e1pido, atenci\u00f3n cercana y una tienda con packaging discreto y seguro que va por delante. \u00a1Solo para que lo disfrutes!<\/p>\n<p>&nbsp;<\/p>\n<h3><b>Iguana Smoke es tu tienda de CBD online\u00a0<\/b><\/h3>\n<p><span style=\"font-weight: 400\">In<strong> Fumo di iguana<\/strong>, creemos que disfrutar del CBD debe ser una experiencia segura y placentera. Por eso tenemos productos como este <em>Pre Roll 10-OH &#8211; Cono King Size<\/em> de alta calidad, que conecta con las nuevas generaciones: personas que buscan bienestar sin complicaciones, con marcas aut\u00e9nticas y confiables. Este es tu Pre Roll 10-OH: ya no tienes que triturar, liar ni complicarte.\u00a0<\/span><\/p>\n<p>Ya sabes, nuestra misi\u00f3n es clara: llevarte lo mejor del mundo de los cannabinoides a un precio justo. Adem\u00e1s, te damos la tranquilidad de saber que est\u00e1s eligiendo un producto certificado, efectivo y 100% legal. Tu momento chill empieza aqu\u00ed con nosotros.<\/p>\n<p>Hai ancora domande? Scrivici e saremo lieti di aiutarti a trovare il prodotto perfetto per te.<\/p>\n<p>&nbsp;<\/p>\n<p><em><span style=\"font-weight: 400\">*Ricorda: il suo utilizzo \u00e8 destinato al collezionismo o all&#039;aromaterapia secondo la legislazione spagnola. <\/span><\/em><\/p>\n<p><em><span style=\"font-weight: 400\">**Todos nuestros productos son derivados del c\u00e1\u00f1amo industrial certificado. Contienen menos del 0,3 THC y no contiene cannabinoides ilegales como el HHC, HHC-P, THCP, THCP-O, H4CBD y los incluidos en el Anexo I del Real Decreto 2829\/1977, as\u00ed como tampoco contiene sustancias fiscalizadas por convenios internacionales.\u00a0\u00a0<\/span><\/em><\/p>","protected":false},"excerpt":{"rendered":"<p>L&#039;Iguana Smoke Pre Roll 10-OH King Size \u2013 1,5 g \u00e8 la scelta perfetta per chi desidera acquistare alternative al THC in un potente formato 10-OH, pronto all&#039;uso senza problemi.<\/p>\n<p>Il suo formato XL offre comfort, aroma dolce e qualit\u00e0 premium.<\/p>\n<ul>\n<li>Non utilizziamo rifiniture, solo fiori di prima qualit\u00e0<\/li>\n<li style=\"text-align: justify\">Quantit\u00e0 approssimativa di fiori: 1,5 grammi<\/li>\n<li>Condito con 10-OH<\/li>\n<li style=\"text-align: justify\">100% legale in Europa<\/li>\n<\/ul>\n<p>Analisi della qualit\u00e0: clicca <a href=\"https:\/\/iguanasmoke.com\/analiticas\" target=\"_blank\" rel=\"noopener\">Qui<\/a><\/p>","protected":false},"featured_media":14835,"comment_status":"open","ping_status":"closed","template":"","meta":{"_acf_changed":false,"site-sidebar-layout":"default","site-content-layout":"","ast-site-content-layout":"default","site-content-style":"default","site-sidebar-style":"default","ast-global-header-display":"","ast-banner-title-visibility":"","ast-main-header-display":"","ast-hfb-above-header-display":"","ast-hfb-below-header-display":"","ast-hfb-mobile-header-display":"","site-post-title":"","ast-breadcrumbs-content":"","ast-featured-img":"","footer-sml-layout":"","theme-transparent-header-meta":"default","adv-header-id-meta":"","stick-header-meta":"","header-above-stick-meta":"","header-main-stick-meta":"","header-below-stick-meta":"","astra-migrate-meta-layouts":"set","ast-page-background-enabled":"default","ast-page-background-meta":{"desktop":{"background-color":"var(--ast-global-color-4)","background-image":"","background-repeat":"repeat","background-position":"center center","background-size":"auto","background-attachment":"scroll","background-type":"","background-media":"","overlay-type":"","overlay-color":"","overlay-opacity":"","overlay-gradient":""},"tablet":{"background-color":"","background-image":"","background-repeat":"repeat","background-position":"center center","background-size":"auto","background-attachment":"scroll","background-type":"","background-media":"","overlay-type":"","overlay-color":"","overlay-opacity":"","overlay-gradient":""},"mobile":{"background-color":"","background-image":"","background-repeat":"repeat","background-position":"center center","background-size":"auto","background-attachment":"scroll","background-type":"","background-media":"","overlay-type":"","overlay-color":"","overlay-opacity":"","overlay-gradient":""}},"ast-content-background-meta":{"desktop":{"background-color":"var(--ast-global-color-5)","background-image":"","background-repeat":"repeat","background-position":"center center","background-size":"auto","background-attachment":"scroll","background-type":"","background-media":"","overlay-type":"","overlay-color":"","overlay-opacity":"","overlay-gradient":""},"tablet":{"background-color":"var(--ast-global-color-5)","background-image":"","background-repeat":"repeat","background-position":"center center","background-size":"auto","background-attachment":"scroll","background-type":"","background-media":"","overlay-type":"","overlay-color":"","overlay-opacity":"","overlay-gradient":""},"mobile":{"background-color":"var(--ast-global-color-5)","background-image":"","background-repeat":"repeat","background-position":"center center","background-size":"auto","background-attachment":"scroll","background-type":"","background-media":"","overlay-type":"","overlay-color":"","overlay-opacity":"","overlay-gradient":""}}},"product_brand":[],"product_cat":[140,146,27],"product_tag":[],"class_list":{"0":"post-14778","1":"product","2":"type-product","3":"status-publish","4":"has-post-thumbnail","6":"product_cat-10oh","7":"product_cat-nuevas-moleculas","8":"product_cat-pre-rolls","9":"desktop-align-center","10":"tablet-align-left","11":"mobile-align-left","13":"first","14":"instock","15":"taxable","16":"shipping-taxable","17":"purchasable","18":"product-type-simple"},"acf":[],"yoast_head":"<!-- This site is optimized with the Yoast SEO plugin v27.3 - https:\/\/yoast.com\/product\/yoast-seo-wordpress\/ -->\n<title>Pre-Roll 10-OH King Size - 1,5g - THE LYF LABS<\/title>\n<meta name=\"robots\" content=\"index, follow, max-snippet:-1, max-image-preview:large, max-video-preview:-1\" \/>\n<link rel=\"canonical\" href=\"https:\/\/thelyflabs.com\/it\/product\/pre-roll-10-oh-king-size-15g\/\" \/>\n<meta property=\"og:locale\" content=\"it_IT\" \/>\n<meta property=\"og:type\" content=\"article\" \/>\n<meta property=\"og:title\" content=\"Pre-Roll 10-OH King Size - 1,5g - THE LYF LABS\" \/>\n<meta property=\"og:description\" content=\"El Pre Roll 10-OH King Size - 1,5gr de Iguana Smoke es la opci\u00f3n perfecta para quienes buscan comprar alternativas al THC en un formato potente con 10-OH y listo para usar sin complicaciones.  Su formato XL ofrece comodidad, aroma dulce y calidad premium.   No usamos trim, solo flores de primera calidad  Cantidad de flores aprox.: 1,5 gramos  Aderezado con 10-OH  100% legal en Europa  An\u00e1lisis de calidad: pincha aqu\u00ed\" \/>\n<meta property=\"og:url\" content=\"https:\/\/thelyflabs.com\/it\/product\/pre-roll-10-oh-king-size-15g\/\" \/>\n<meta property=\"og:site_name\" content=\"THE LYF LABS\" \/>\n<meta property=\"article:modified_time\" content=\"2026-03-19T12:54:58+00:00\" \/>\n<meta property=\"og:image\" content=\"https:\/\/thelyflabs.com\/wp-content\/uploads\/2025\/10\/Pre-roll-10-OH-mockup-con-cono-scaled.webp\" \/>\n\t<meta property=\"og:image:width\" content=\"2560\" \/>\n\t<meta property=\"og:image:height\" content=\"2560\" \/>\n\t<meta property=\"og:image:type\" content=\"image\/webp\" \/>\n<meta name=\"twitter:card\" content=\"summary_large_image\" \/>\n<meta name=\"twitter:label1\" content=\"Tempo di lettura stimato\" \/>\n\t<meta name=\"twitter:data1\" content=\"4 minuti\" \/>\n<script type=\"application\/ld+json\" class=\"yoast-schema-graph\">{\"@context\":\"https:\\\/\\\/schema.org\",\"@graph\":[{\"@type\":\"WebPage\",\"@id\":\"https:\\\/\\\/thelyflabs.com\\\/product\\\/pre-roll-10-oh-king-size-15g\",\"url\":\"https:\\\/\\\/thelyflabs.com\\\/product\\\/pre-roll-10-oh-king-size-15g\",\"name\":\"Pre-Roll 10-OH King Size - 1,5g - THE LYF LABS\",\"isPartOf\":{\"@id\":\"https:\\\/\\\/thelyflabs.com\\\/#website\"},\"primaryImageOfPage\":{\"@id\":\"https:\\\/\\\/thelyflabs.com\\\/product\\\/pre-roll-10-oh-king-size-15g#primaryimage\"},\"image\":{\"@id\":\"https:\\\/\\\/thelyflabs.com\\\/product\\\/pre-roll-10-oh-king-size-15g#primaryimage\"},\"thumbnailUrl\":\"https:\\\/\\\/thelyflabs.com\\\/wp-content\\\/uploads\\\/2025\\\/10\\\/Pre-roll-10-OH-mockup-con-cono-scaled.webp\",\"datePublished\":\"2025-10-17T14:23:11+00:00\",\"dateModified\":\"2026-03-19T12:54:58+00:00\",\"breadcrumb\":{\"@id\":\"https:\\\/\\\/thelyflabs.com\\\/product\\\/pre-roll-10-oh-king-size-15g#breadcrumb\"},\"inLanguage\":\"it-IT\",\"potentialAction\":[{\"@type\":\"ReadAction\",\"target\":[\"https:\\\/\\\/thelyflabs.com\\\/product\\\/pre-roll-10-oh-king-size-15g\"]}]},{\"@type\":\"ImageObject\",\"inLanguage\":\"it-IT\",\"@id\":\"https:\\\/\\\/thelyflabs.com\\\/product\\\/pre-roll-10-oh-king-size-15g#primaryimage\",\"url\":\"https:\\\/\\\/thelyflabs.com\\\/wp-content\\\/uploads\\\/2025\\\/10\\\/Pre-roll-10-OH-mockup-con-cono-scaled.webp\",\"contentUrl\":\"https:\\\/\\\/thelyflabs.com\\\/wp-content\\\/uploads\\\/2025\\\/10\\\/Pre-roll-10-OH-mockup-con-cono-scaled.webp\",\"width\":2560,\"height\":2560,\"caption\":\"pre roll 10-oh\"},{\"@type\":\"BreadcrumbList\",\"@id\":\"https:\\\/\\\/thelyflabs.com\\\/product\\\/pre-roll-10-oh-king-size-15g#breadcrumb\",\"itemListElement\":[{\"@type\":\"ListItem\",\"position\":1,\"name\":\"Portada\",\"item\":\"https:\\\/\\\/thelyflabs.com\\\/\"},{\"@type\":\"ListItem\",\"position\":2,\"name\":\"Tienda\",\"item\":\"https:\\\/\\\/thelyflabs.com\\\/tienda\"},{\"@type\":\"ListItem\",\"position\":3,\"name\":\"Pre-Roll 10-OH King Size &#8211; 1,5g\"}]},{\"@type\":\"WebSite\",\"@id\":\"https:\\\/\\\/thelyflabs.com\\\/#website\",\"url\":\"https:\\\/\\\/thelyflabs.com\\\/\",\"name\":\"The LYF Labs\",\"description\":\"CBD al por mayor\",\"publisher\":{\"@id\":\"https:\\\/\\\/thelyflabs.com\\\/#organization\"},\"potentialAction\":[{\"@type\":\"SearchAction\",\"target\":{\"@type\":\"EntryPoint\",\"urlTemplate\":\"https:\\\/\\\/thelyflabs.com\\\/?s={search_term_string}\"},\"query-input\":{\"@type\":\"PropertyValueSpecification\",\"valueRequired\":true,\"valueName\":\"search_term_string\"}}],\"inLanguage\":\"it-IT\"},{\"@type\":\"Organization\",\"@id\":\"https:\\\/\\\/thelyflabs.com\\\/#organization\",\"name\":\"The LYF Labs\",\"url\":\"https:\\\/\\\/thelyflabs.com\\\/\",\"logo\":{\"@type\":\"ImageObject\",\"inLanguage\":\"it-IT\",\"@id\":\"https:\\\/\\\/thelyflabs.com\\\/#\\\/schema\\\/logo\\\/image\\\/\",\"url\":\"https:\\\/\\\/thelyflabs.com\\\/wp-content\\\/uploads\\\/2023\\\/01\\\/cropped-LogoTheLYFLabs.png\",\"contentUrl\":\"https:\\\/\\\/thelyflabs.com\\\/wp-content\\\/uploads\\\/2023\\\/01\\\/cropped-LogoTheLYFLabs.png\",\"width\":600,\"height\":180,\"caption\":\"The LYF Labs\"},\"image\":{\"@id\":\"https:\\\/\\\/thelyflabs.com\\\/#\\\/schema\\\/logo\\\/image\\\/\"}}]}<\/script>\n<!-- \/ Yoast SEO plugin. -->","yoast_head_json":{"title":"Pre-Roll 10-OH King Size - 1,5 g - THE LYF LABS","robots":{"index":"index","follow":"follow","max-snippet":"max-snippet:-1","max-image-preview":"max-image-preview:large","max-video-preview":"max-video-preview:-1"},"canonical":"https:\/\/thelyflabs.com\/it\/product\/pre-roll-10-oh-king-size-15g\/","og_locale":"it_IT","og_type":"article","og_title":"Pre-Roll 10-OH King Size - 1,5g - THE LYF LABS","og_description":"El Pre Roll 10-OH King Size - 1,5gr de Iguana Smoke es la opci\u00f3n perfecta para quienes buscan comprar alternativas al THC en un formato potente con 10-OH y listo para usar sin complicaciones.  Su formato XL ofrece comodidad, aroma dulce y calidad premium.   No usamos trim, solo flores de primera calidad  Cantidad de flores aprox.: 1,5 gramos  Aderezado con 10-OH  100% legal en Europa  An\u00e1lisis de calidad: pincha aqu\u00ed","og_url":"https:\/\/thelyflabs.com\/it\/product\/pre-roll-10-oh-king-size-15g\/","og_site_name":"THE LYF LABS","article_modified_time":"2026-03-19T12:54:58+00:00","og_image":[{"width":2560,"height":2560,"url":"https:\/\/thelyflabs.com\/wp-content\/uploads\/2025\/10\/Pre-roll-10-OH-mockup-con-cono-scaled.webp","type":"image\/webp"}],"twitter_card":"summary_large_image","twitter_misc":{"Tempo di lettura stimato":"4 minuti"},"schema":{"@context":"https:\/\/schema.org","@graph":[{"@type":"WebPage","@id":"https:\/\/thelyflabs.com\/product\/pre-roll-10-oh-king-size-15g","url":"https:\/\/thelyflabs.com\/product\/pre-roll-10-oh-king-size-15g","name":"Pre-Roll 10-OH King Size - 1,5 g - THE LYF LABS","isPartOf":{"@id":"https:\/\/thelyflabs.com\/#website"},"primaryImageOfPage":{"@id":"https:\/\/thelyflabs.com\/product\/pre-roll-10-oh-king-size-15g#primaryimage"},"image":{"@id":"https:\/\/thelyflabs.com\/product\/pre-roll-10-oh-king-size-15g#primaryimage"},"thumbnailUrl":"https:\/\/thelyflabs.com\/wp-content\/uploads\/2025\/10\/Pre-roll-10-OH-mockup-con-cono-scaled.webp","datePublished":"2025-10-17T14:23:11+00:00","dateModified":"2026-03-19T12:54:58+00:00","breadcrumb":{"@id":"https:\/\/thelyflabs.com\/product\/pre-roll-10-oh-king-size-15g#breadcrumb"},"inLanguage":"it-IT","potentialAction":[{"@type":"ReadAction","target":["https:\/\/thelyflabs.com\/product\/pre-roll-10-oh-king-size-15g"]}]},{"@type":"ImageObject","inLanguage":"it-IT","@id":"https:\/\/thelyflabs.com\/product\/pre-roll-10-oh-king-size-15g#primaryimage","url":"https:\/\/thelyflabs.com\/wp-content\/uploads\/2025\/10\/Pre-roll-10-OH-mockup-con-cono-scaled.webp","contentUrl":"https:\/\/thelyflabs.com\/wp-content\/uploads\/2025\/10\/Pre-roll-10-OH-mockup-con-cono-scaled.webp","width":2560,"height":2560,"caption":"pre roll 10-oh"},{"@type":"BreadcrumbList","@id":"https:\/\/thelyflabs.com\/product\/pre-roll-10-oh-king-size-15g#breadcrumb","itemListElement":[{"@type":"ListItem","position":1,"name":"Portada","item":"https:\/\/thelyflabs.com\/"},{"@type":"ListItem","position":2,"name":"Tienda","item":"https:\/\/thelyflabs.com\/tienda"},{"@type":"ListItem","position":3,"name":"Pre-Roll 10-OH King Size &#8211; 1,5g"}]},{"@type":"WebSite","@id":"https:\/\/thelyflabs.com\/#website","url":"https:\/\/thelyflabs.com\/","name":"I laboratori LYF","description":"CBD all&#039;ingrosso","publisher":{"@id":"https:\/\/thelyflabs.com\/#organization"},"potentialAction":[{"@type":"SearchAction","target":{"@type":"EntryPoint","urlTemplate":"https:\/\/thelyflabs.com\/?s={search_term_string}"},"query-input":{"@type":"PropertyValueSpecification","valueRequired":true,"valueName":"search_term_string"}}],"inLanguage":"it-IT"},{"@type":"Organization","@id":"https:\/\/thelyflabs.com\/#organization","name":"I laboratori LYF","url":"https:\/\/thelyflabs.com\/","logo":{"@type":"ImageObject","inLanguage":"it-IT","@id":"https:\/\/thelyflabs.com\/#\/schema\/logo\/image\/","url":"https:\/\/thelyflabs.com\/wp-content\/uploads\/2023\/01\/cropped-LogoTheLYFLabs.png","contentUrl":"https:\/\/thelyflabs.com\/wp-content\/uploads\/2023\/01\/cropped-LogoTheLYFLabs.png","width":600,"height":180,"caption":"The LYF Labs"},"image":{"@id":"https:\/\/thelyflabs.com\/#\/schema\/logo\/image\/"}}]}},"_links":{"self":[{"href":"https:\/\/thelyflabs.com\/it\/wp-json\/wp\/v2\/product\/14778","targetHints":{"allow":["GET"]}}],"collection":[{"href":"https:\/\/thelyflabs.com\/it\/wp-json\/wp\/v2\/product"}],"about":[{"href":"https:\/\/thelyflabs.com\/it\/wp-json\/wp\/v2\/types\/product"}],"replies":[{"embeddable":true,"href":"https:\/\/thelyflabs.com\/it\/wp-json\/wp\/v2\/comments?post=14778"}],"wp:featuredmedia":[{"embeddable":true,"href":"https:\/\/thelyflabs.com\/it\/wp-json\/wp\/v2\/media\/14835"}],"wp:attachment":[{"href":"https:\/\/thelyflabs.com\/it\/wp-json\/wp\/v2\/media?parent=14778"}],"wp:term":[{"taxonomy":"product_brand","embeddable":true,"href":"https:\/\/thelyflabs.com\/it\/wp-json\/wp\/v2\/product_brand?post=14778"},{"taxonomy":"product_cat","embeddable":true,"href":"https:\/\/thelyflabs.com\/it\/wp-json\/wp\/v2\/product_cat?post=14778"},{"taxonomy":"product_tag","embeddable":true,"href":"https:\/\/thelyflabs.com\/it\/wp-json\/wp\/v2\/product_tag?post=14778"}],"curies":[{"name":"parola chiave","href":"https:\/\/api.w.org\/{rel}","templated":true}]}}