{"id":15101,"date":"2025-11-07T16:42:06","date_gmt":"2025-11-07T15:42:06","guid":{"rendered":"https:\/\/thelyflabs.com\/?post_type=product&#038;p=15101"},"modified":"2026-03-31T17:12:48","modified_gmt":"2026-03-31T15:12:48","slug":"flores-de-cbd-ready-to-roll-amnesia-15gr","status":"publish","type":"product","link":"https:\/\/thelyflabs.com\/it\/product\/flores-de-cbd-ready-to-roll-amnesia-15gr","title":{"rendered":"Fiori di CBD pronti per essere arrotolati \u2013 Amnesia 15gr"},"content":{"rendered":"","protected":false},"excerpt":{"rendered":"<p>Nostro <b>Fiori di CBD pronti per essere arrotolati<\/b> Vengono confezionati con <strong>15<\/strong><b> grammi di fiori di CBD tritati <\/b>che attraversano un <b>processo di filtrazione esaustiva<\/b> per garantire la <b>massima purezza e qualit\u00e0<\/b>Ogni sacchetto viene accuratamente raffinato per rimuovere tutti i semi e gli steli, lasciando solo fiori finemente macinati e aromatici, sempre morbidi, potenti e pronti all&#039;uso.<\/p>\n<p>La nostra esclusiva <b>Pronti a partire<\/b>\u00a0\u00e8 un <b>prodotto pronto all&#039;uso<\/b> che puoi portare sempre con te. Confezionato in un <b>borsa leggera e facile da trasportare<\/b>Offre una praticit\u00e0 senza pari agli utilizzatori di CBD che desiderano una qualit\u00e0 premium sempre e ovunque.<\/p>\n<p>Con un <b>sapore e aroma completamente naturali<\/b>Questa miscela porta l&#039;essenza autentica della pianta di canapa direttamente a casa tua.<\/p>\n<p>Coltivati in Italia secondo i pi\u00f9 elevati standard, i nostri fiori sono realizzati con variet\u00e0 di canapa approvate dall&#039;UE, sono stati testati in laboratorio e sono completamente legali in Europa con meno di 0,2% di THC.<\/p>\n<p>Puro. Potente. Filtrato alla perfezione. Sempre pronto da gustare.<\/p>\n<ul>\n<li>Fiori di canapa di prima qualit\u00e0 coltivati in Europa<\/li>\n<li>Sacchetto richiudibile antiodore<\/li>\n<li>15 grammi dei migliori fiori di CBD con terpeni Amnesia<\/li>\n<\/ul>","protected":false},"featured_media":15112,"comment_status":"open","ping_status":"closed","template":"","meta":{"_acf_changed":false,"site-sidebar-layout":"default","site-content-layout":"","ast-site-content-layout":"default","site-content-style":"default","site-sidebar-style":"default","ast-global-header-display":"","ast-banner-title-visibility":"","ast-main-header-display":"","ast-hfb-above-header-display":"","ast-hfb-below-header-display":"","ast-hfb-mobile-header-display":"","site-post-title":"","ast-breadcrumbs-content":"","ast-featured-img":"","footer-sml-layout":"","theme-transparent-header-meta":"default","adv-header-id-meta":"","stick-header-meta":"","header-above-stick-meta":"","header-main-stick-meta":"","header-below-stick-meta":"","astra-migrate-meta-layouts":"set","ast-page-background-enabled":"default","ast-page-background-meta":{"desktop":{"background-color":"var(--ast-global-color-4)","background-image":"","background-repeat":"repeat","background-position":"center center","background-size":"auto","background-attachment":"scroll","background-type":"","background-media":"","overlay-type":"","overlay-color":"","overlay-opacity":"","overlay-gradient":""},"tablet":{"background-color":"","background-image":"","background-repeat":"repeat","background-position":"center center","background-size":"auto","background-attachment":"scroll","background-type":"","background-media":"","overlay-type":"","overlay-color":"","overlay-opacity":"","overlay-gradient":""},"mobile":{"background-color":"","background-image":"","background-repeat":"repeat","background-position":"center center","background-size":"auto","background-attachment":"scroll","background-type":"","background-media":"","overlay-type":"","overlay-color":"","overlay-opacity":"","overlay-gradient":""}},"ast-content-background-meta":{"desktop":{"background-color":"var(--ast-global-color-5)","background-image":"","background-repeat":"repeat","background-position":"center center","background-size":"auto","background-attachment":"scroll","background-type":"","background-media":"","overlay-type":"","overlay-color":"","overlay-opacity":"","overlay-gradient":""},"tablet":{"background-color":"var(--ast-global-color-5)","background-image":"","background-repeat":"repeat","background-position":"center center","background-size":"auto","background-attachment":"scroll","background-type":"","background-media":"","overlay-type":"","overlay-color":"","overlay-opacity":"","overlay-gradient":""},"mobile":{"background-color":"var(--ast-global-color-5)","background-image":"","background-repeat":"repeat","background-position":"center center","background-size":"auto","background-attachment":"scroll","background-type":"","background-media":"","overlay-type":"","overlay-color":"","overlay-opacity":"","overlay-gradient":""}}},"product_brand":[],"product_cat":[116],"product_tag":[],"class_list":{"0":"post-15101","1":"product","2":"type-product","3":"status-publish","4":"has-post-thumbnail","6":"product_cat-ready-to-roll","7":"desktop-align-center","8":"tablet-align-left","9":"mobile-align-left","11":"first","12":"instock","13":"taxable","14":"shipping-taxable","15":"purchasable","16":"product-type-simple"},"acf":[],"yoast_head":"<!-- This site is optimized with the Yoast SEO plugin v27.4 - https:\/\/yoast.com\/product\/yoast-seo-wordpress\/ -->\n<title>Flores de CBD Ready to Roll - Amnesia 15gr - THE LYF LABS<\/title>\n<meta name=\"robots\" content=\"index, follow, max-snippet:-1, max-image-preview:large, max-video-preview:-1\" \/>\n<link rel=\"canonical\" href=\"https:\/\/thelyflabs.com\/it\/product\/flores-de-cbd-ready-to-roll-amnesia-15gr\/\" \/>\n<meta property=\"og:locale\" content=\"it_IT\" \/>\n<meta property=\"og:type\" content=\"article\" \/>\n<meta property=\"og:title\" content=\"Flores de CBD Ready to Roll - Amnesia 15gr - THE LYF LABS\" \/>\n<meta property=\"og:description\" content=\"Nuestras Flores de CBD Ready to Roll vienen envasadas con 15 gramos de Flores de CBD picadas que pasan por un exhaustivo proceso de filtraci\u00f3n para garantizar la m\u00e1xima pureza y calidad. Cada bolsa se refina cuidadosamente para eliminar todas las semillas y tallos, dejando solo flores arom\u00e1ticas y finamente molidas que son siempre suaves, potentes y listas para usar.  Nuestro exclusivo Ready to Roll\u00a0es un producto listo para usar que siempre puedes llevar contigo. Empaquetado en una bolsa ligera y f\u00e1cil de transportar, ofrece una comodidad inigualable para los usuarios de CBD que desean calidad premium en cualquier momento y lugar.  Con un sabor y aroma totalmente natural, esta mezcla lleva la aut\u00e9ntica esencia de la planta de c\u00e1\u00f1amo directamente a tu hogar.  Cultivadas en Italia bajo los m\u00e1s altos est\u00e1ndares, nuestras flores est\u00e1n elaboradas a partir de cepas de c\u00e1\u00f1amo aprobadas por la UE, han sido testadas en laboratorio y son totalmente legales en Europa con menos del 0,2% de THC.  Puro. Potente. Perfectamente filtrado. Siempre Listo Para Disfrutar.   Flores de C\u00e1\u00f1amo Premium cultivadas en Europa  Bolsa resellable a prueba de olores  15 gramos de las mejores flores de CBD con terpenos Amnesia\" \/>\n<meta property=\"og:url\" content=\"https:\/\/thelyflabs.com\/it\/product\/flores-de-cbd-ready-to-roll-amnesia-15gr\/\" \/>\n<meta property=\"og:site_name\" content=\"THE LYF LABS\" \/>\n<meta property=\"article:modified_time\" content=\"2026-03-31T15:12:48+00:00\" \/>\n<meta property=\"og:image\" content=\"https:\/\/thelyflabs.com\/wp-content\/uploads\/2025\/11\/RTR-Amnesia-frente-lado-montoncito-scaled.webp\" \/>\n\t<meta property=\"og:image:width\" content=\"2560\" \/>\n\t<meta property=\"og:image:height\" content=\"2560\" \/>\n\t<meta property=\"og:image:type\" content=\"image\/webp\" \/>\n<meta name=\"twitter:card\" content=\"summary_large_image\" \/>\n<meta name=\"twitter:label1\" content=\"Tempo di lettura stimato\" \/>\n\t<meta name=\"twitter:data1\" content=\"1 minuto\" \/>\n<script type=\"application\/ld+json\" class=\"yoast-schema-graph\">{\"@context\":\"https:\\\/\\\/schema.org\",\"@graph\":[{\"@type\":\"WebPage\",\"@id\":\"https:\\\/\\\/thelyflabs.com\\\/product\\\/flores-de-cbd-ready-to-roll-amnesia-15gr\",\"url\":\"https:\\\/\\\/thelyflabs.com\\\/product\\\/flores-de-cbd-ready-to-roll-amnesia-15gr\",\"name\":\"Flores de CBD Ready to Roll - Amnesia 15gr - THE LYF LABS\",\"isPartOf\":{\"@id\":\"https:\\\/\\\/thelyflabs.com\\\/#website\"},\"primaryImageOfPage\":{\"@id\":\"https:\\\/\\\/thelyflabs.com\\\/product\\\/flores-de-cbd-ready-to-roll-amnesia-15gr#primaryimage\"},\"image\":{\"@id\":\"https:\\\/\\\/thelyflabs.com\\\/product\\\/flores-de-cbd-ready-to-roll-amnesia-15gr#primaryimage\"},\"thumbnailUrl\":\"https:\\\/\\\/thelyflabs.com\\\/wp-content\\\/uploads\\\/2025\\\/11\\\/RTR-Amnesia-frente-lado-montoncito-scaled.webp\",\"datePublished\":\"2025-11-07T15:42:06+00:00\",\"dateModified\":\"2026-03-31T15:12:48+00:00\",\"breadcrumb\":{\"@id\":\"https:\\\/\\\/thelyflabs.com\\\/product\\\/flores-de-cbd-ready-to-roll-amnesia-15gr#breadcrumb\"},\"inLanguage\":\"it-IT\",\"potentialAction\":[{\"@type\":\"ReadAction\",\"target\":[\"https:\\\/\\\/thelyflabs.com\\\/product\\\/flores-de-cbd-ready-to-roll-amnesia-15gr\"]}]},{\"@type\":\"ImageObject\",\"inLanguage\":\"it-IT\",\"@id\":\"https:\\\/\\\/thelyflabs.com\\\/product\\\/flores-de-cbd-ready-to-roll-amnesia-15gr#primaryimage\",\"url\":\"https:\\\/\\\/thelyflabs.com\\\/wp-content\\\/uploads\\\/2025\\\/11\\\/RTR-Amnesia-frente-lado-montoncito-scaled.webp\",\"contentUrl\":\"https:\\\/\\\/thelyflabs.com\\\/wp-content\\\/uploads\\\/2025\\\/11\\\/RTR-Amnesia-frente-lado-montoncito-scaled.webp\",\"width\":2560,\"height\":2560,\"caption\":\"flores de CBD picadas\"},{\"@type\":\"BreadcrumbList\",\"@id\":\"https:\\\/\\\/thelyflabs.com\\\/product\\\/flores-de-cbd-ready-to-roll-amnesia-15gr#breadcrumb\",\"itemListElement\":[{\"@type\":\"ListItem\",\"position\":1,\"name\":\"Portada\",\"item\":\"https:\\\/\\\/thelyflabs.com\\\/\"},{\"@type\":\"ListItem\",\"position\":2,\"name\":\"Tienda\",\"item\":\"https:\\\/\\\/thelyflabs.com\\\/tienda\"},{\"@type\":\"ListItem\",\"position\":3,\"name\":\"Flores de CBD Ready to Roll &#8211; Amnesia 15gr\"}]},{\"@type\":\"WebSite\",\"@id\":\"https:\\\/\\\/thelyflabs.com\\\/#website\",\"url\":\"https:\\\/\\\/thelyflabs.com\\\/\",\"name\":\"The LYF Labs\",\"description\":\"CBD al por mayor\",\"publisher\":{\"@id\":\"https:\\\/\\\/thelyflabs.com\\\/#organization\"},\"potentialAction\":[{\"@type\":\"SearchAction\",\"target\":{\"@type\":\"EntryPoint\",\"urlTemplate\":\"https:\\\/\\\/thelyflabs.com\\\/?s={search_term_string}\"},\"query-input\":{\"@type\":\"PropertyValueSpecification\",\"valueRequired\":true,\"valueName\":\"search_term_string\"}}],\"inLanguage\":\"it-IT\"},{\"@type\":\"Organization\",\"@id\":\"https:\\\/\\\/thelyflabs.com\\\/#organization\",\"name\":\"The LYF Labs\",\"url\":\"https:\\\/\\\/thelyflabs.com\\\/\",\"logo\":{\"@type\":\"ImageObject\",\"inLanguage\":\"it-IT\",\"@id\":\"https:\\\/\\\/thelyflabs.com\\\/#\\\/schema\\\/logo\\\/image\\\/\",\"url\":\"https:\\\/\\\/thelyflabs.com\\\/wp-content\\\/uploads\\\/2023\\\/01\\\/cropped-LogoTheLYFLabs.png\",\"contentUrl\":\"https:\\\/\\\/thelyflabs.com\\\/wp-content\\\/uploads\\\/2023\\\/01\\\/cropped-LogoTheLYFLabs.png\",\"width\":600,\"height\":180,\"caption\":\"The LYF Labs\"},\"image\":{\"@id\":\"https:\\\/\\\/thelyflabs.com\\\/#\\\/schema\\\/logo\\\/image\\\/\"}}]}<\/script>\n<!-- \/ Yoast SEO plugin. -->","yoast_head_json":{"title":"Fiori di CBD pronti per essere arrotolati - Amnesia 15gr - THE LYF LABS","robots":{"index":"index","follow":"follow","max-snippet":"max-snippet:-1","max-image-preview":"max-image-preview:large","max-video-preview":"max-video-preview:-1"},"canonical":"https:\/\/thelyflabs.com\/it\/product\/flores-de-cbd-ready-to-roll-amnesia-15gr\/","og_locale":"it_IT","og_type":"article","og_title":"Flores de CBD Ready to Roll - Amnesia 15gr - THE LYF LABS","og_description":"Nuestras Flores de CBD Ready to Roll vienen envasadas con 15 gramos de Flores de CBD picadas que pasan por un exhaustivo proceso de filtraci\u00f3n para garantizar la m\u00e1xima pureza y calidad. Cada bolsa se refina cuidadosamente para eliminar todas las semillas y tallos, dejando solo flores arom\u00e1ticas y finamente molidas que son siempre suaves, potentes y listas para usar.  Nuestro exclusivo Ready to Roll\u00a0es un producto listo para usar que siempre puedes llevar contigo. Empaquetado en una bolsa ligera y f\u00e1cil de transportar, ofrece una comodidad inigualable para los usuarios de CBD que desean calidad premium en cualquier momento y lugar.  Con un sabor y aroma totalmente natural, esta mezcla lleva la aut\u00e9ntica esencia de la planta de c\u00e1\u00f1amo directamente a tu hogar.  Cultivadas en Italia bajo los m\u00e1s altos est\u00e1ndares, nuestras flores est\u00e1n elaboradas a partir de cepas de c\u00e1\u00f1amo aprobadas por la UE, han sido testadas en laboratorio y son totalmente legales en Europa con menos del 0,2% de THC.  Puro. Potente. Perfectamente filtrado. Siempre Listo Para Disfrutar.   Flores de C\u00e1\u00f1amo Premium cultivadas en Europa  Bolsa resellable a prueba de olores  15 gramos de las mejores flores de CBD con terpenos Amnesia","og_url":"https:\/\/thelyflabs.com\/it\/product\/flores-de-cbd-ready-to-roll-amnesia-15gr\/","og_site_name":"THE LYF LABS","article_modified_time":"2026-03-31T15:12:48+00:00","og_image":[{"width":2560,"height":2560,"url":"https:\/\/thelyflabs.com\/wp-content\/uploads\/2025\/11\/RTR-Amnesia-frente-lado-montoncito-scaled.webp","type":"image\/webp"}],"twitter_card":"summary_large_image","twitter_misc":{"Tempo di lettura stimato":"1 minuto"},"schema":{"@context":"https:\/\/schema.org","@graph":[{"@type":"WebPage","@id":"https:\/\/thelyflabs.com\/product\/flores-de-cbd-ready-to-roll-amnesia-15gr","url":"https:\/\/thelyflabs.com\/product\/flores-de-cbd-ready-to-roll-amnesia-15gr","name":"Fiori di CBD pronti per essere arrotolati - Amnesia 15gr - THE LYF LABS","isPartOf":{"@id":"https:\/\/thelyflabs.com\/#website"},"primaryImageOfPage":{"@id":"https:\/\/thelyflabs.com\/product\/flores-de-cbd-ready-to-roll-amnesia-15gr#primaryimage"},"image":{"@id":"https:\/\/thelyflabs.com\/product\/flores-de-cbd-ready-to-roll-amnesia-15gr#primaryimage"},"thumbnailUrl":"https:\/\/thelyflabs.com\/wp-content\/uploads\/2025\/11\/RTR-Amnesia-frente-lado-montoncito-scaled.webp","datePublished":"2025-11-07T15:42:06+00:00","dateModified":"2026-03-31T15:12:48+00:00","breadcrumb":{"@id":"https:\/\/thelyflabs.com\/product\/flores-de-cbd-ready-to-roll-amnesia-15gr#breadcrumb"},"inLanguage":"it-IT","potentialAction":[{"@type":"ReadAction","target":["https:\/\/thelyflabs.com\/product\/flores-de-cbd-ready-to-roll-amnesia-15gr"]}]},{"@type":"ImageObject","inLanguage":"it-IT","@id":"https:\/\/thelyflabs.com\/product\/flores-de-cbd-ready-to-roll-amnesia-15gr#primaryimage","url":"https:\/\/thelyflabs.com\/wp-content\/uploads\/2025\/11\/RTR-Amnesia-frente-lado-montoncito-scaled.webp","contentUrl":"https:\/\/thelyflabs.com\/wp-content\/uploads\/2025\/11\/RTR-Amnesia-frente-lado-montoncito-scaled.webp","width":2560,"height":2560,"caption":"flores de CBD picadas"},{"@type":"BreadcrumbList","@id":"https:\/\/thelyflabs.com\/product\/flores-de-cbd-ready-to-roll-amnesia-15gr#breadcrumb","itemListElement":[{"@type":"ListItem","position":1,"name":"Portada","item":"https:\/\/thelyflabs.com\/"},{"@type":"ListItem","position":2,"name":"Tienda","item":"https:\/\/thelyflabs.com\/tienda"},{"@type":"ListItem","position":3,"name":"Flores de CBD Ready to Roll &#8211; Amnesia 15gr"}]},{"@type":"WebSite","@id":"https:\/\/thelyflabs.com\/#website","url":"https:\/\/thelyflabs.com\/","name":"I laboratori LYF","description":"CBD all&#039;ingrosso","publisher":{"@id":"https:\/\/thelyflabs.com\/#organization"},"potentialAction":[{"@type":"SearchAction","target":{"@type":"EntryPoint","urlTemplate":"https:\/\/thelyflabs.com\/?s={search_term_string}"},"query-input":{"@type":"PropertyValueSpecification","valueRequired":true,"valueName":"search_term_string"}}],"inLanguage":"it-IT"},{"@type":"Organization","@id":"https:\/\/thelyflabs.com\/#organization","name":"I laboratori LYF","url":"https:\/\/thelyflabs.com\/","logo":{"@type":"ImageObject","inLanguage":"it-IT","@id":"https:\/\/thelyflabs.com\/#\/schema\/logo\/image\/","url":"https:\/\/thelyflabs.com\/wp-content\/uploads\/2023\/01\/cropped-LogoTheLYFLabs.png","contentUrl":"https:\/\/thelyflabs.com\/wp-content\/uploads\/2023\/01\/cropped-LogoTheLYFLabs.png","width":600,"height":180,"caption":"The LYF Labs"},"image":{"@id":"https:\/\/thelyflabs.com\/#\/schema\/logo\/image\/"}}]}},"_links":{"self":[{"href":"https:\/\/thelyflabs.com\/it\/wp-json\/wp\/v2\/product\/15101","targetHints":{"allow":["GET"]}}],"collection":[{"href":"https:\/\/thelyflabs.com\/it\/wp-json\/wp\/v2\/product"}],"about":[{"href":"https:\/\/thelyflabs.com\/it\/wp-json\/wp\/v2\/types\/product"}],"replies":[{"embeddable":true,"href":"https:\/\/thelyflabs.com\/it\/wp-json\/wp\/v2\/comments?post=15101"}],"wp:featuredmedia":[{"embeddable":true,"href":"https:\/\/thelyflabs.com\/it\/wp-json\/wp\/v2\/media\/15112"}],"wp:attachment":[{"href":"https:\/\/thelyflabs.com\/it\/wp-json\/wp\/v2\/media?parent=15101"}],"wp:term":[{"taxonomy":"product_brand","embeddable":true,"href":"https:\/\/thelyflabs.com\/it\/wp-json\/wp\/v2\/product_brand?post=15101"},{"taxonomy":"product_cat","embeddable":true,"href":"https:\/\/thelyflabs.com\/it\/wp-json\/wp\/v2\/product_cat?post=15101"},{"taxonomy":"product_tag","embeddable":true,"href":"https:\/\/thelyflabs.com\/it\/wp-json\/wp\/v2\/product_tag?post=15101"}],"curies":[{"name":"parola chiave","href":"https:\/\/api.w.org\/{rel}","templated":true}]}}