{"id":15117,"date":"2025-11-07T16:42:21","date_gmt":"2025-11-07T15:42:21","guid":{"rendered":"https:\/\/thelyflabs.com\/?post_type=product&#038;p=15117"},"modified":"2026-03-31T17:12:43","modified_gmt":"2026-03-31T15:12:43","slug":"flores-de-cbd-ready-to-roll-super-skunk-15gr","status":"publish","type":"product","link":"https:\/\/thelyflabs.com\/it\/product\/flores-de-cbd-ready-to-roll-super-skunk-15gr","title":{"rendered":"Fiori di CBD pronti per essere arrotolati \u2013 Super Skunk 15gr"},"content":{"rendered":"","protected":false},"excerpt":{"rendered":"<p data-start=\"0\" data-end=\"356\">Ognuna delle nostre borse <strong data-start=\"23\" data-end=\"70\">Fiori di CBD pronti per essere arrotolati<\/strong> contiene <strong data-start=\"80\" data-end=\"111\">15 g di canapa premium<\/strong>, accuratamente elaborato da un <strong data-start=\"150\" data-end=\"185\">metodo di filtrazione esaustiva<\/strong>Ci\u00f2 garantisce un prodotto <strong data-start=\"214\" data-end=\"241\">100 % pulito e raffinato<\/strong>senza semi o steli, composto esclusivamente da fiori morbidi e aromatici e <strong data-start=\"320\" data-end=\"353\">pronto all&#039;uso immediato<\/strong>.<\/p>\n<p data-start=\"358\" data-end=\"598\">IL <strong data-start=\"361\" data-end=\"392\">borsa compatta e richiudibile<\/strong> Ci\u00f2 rende questo prodotto ideale da portare con s\u00e9 ovunque, offrendo agli utenti di CBD un <strong data-start=\"520\" data-end=\"550\">modo pratico e affidabile<\/strong> per gustare la canapa in qualsiasi momento.<\/p>\n<p data-start=\"600\" data-end=\"963\">Godetevi un <strong data-start=\"615\" data-end=\"648\">aroma ricco e sapore naturale<\/strong>, fedele all&#039;essenza della pianta di canapa. <strong data-start=\"694\" data-end=\"759\">Coltivato in Italia secondo i pi\u00f9 alti standard qualitativi<\/strong>Questi fiori provengono da <strong data-start=\"787\" data-end=\"824\">Variet\u00e0 certificate UE<\/strong>, analizzati per garantirne la purezza e la sicurezza, e <strong data-start=\"878\" data-end=\"960\">completamente legale secondo le normative europee (meno di 0,2 % di THC)<\/strong>.<\/p>\n<p data-start=\"965\" data-end=\"1037\"><strong data-start=\"965\" data-end=\"1035\">Premium. Comodo. Filtrato alla perfezione. Sempre pronto all&#039;uso.<\/strong><\/p>\n<ul>\n<li data-start=\"1041\" data-end=\"1096\"><strong data-start=\"1041\" data-end=\"1094\">Fiori di canapa CBD di prima qualit\u00e0 coltivati in Europa<\/strong><\/li>\n<li data-start=\"1099\" data-end=\"1162\"><strong data-start=\"1099\" data-end=\"1136\">Sacchetto richiudibile antiodore<\/strong><\/li>\n<li data-start=\"1165\" data-end=\"1237\"><strong data-start=\"1165\" data-end=\"1208\">15 grammi dei migliori fiori di CBD<\/strong> con terpeni <strong data-start=\"1222\" data-end=\"1237\" data-is-last-node=\"\">Super Skunk<\/strong><\/li>\n<\/ul>","protected":false},"featured_media":15123,"comment_status":"open","ping_status":"closed","template":"","meta":{"_acf_changed":false,"site-sidebar-layout":"default","site-content-layout":"","ast-site-content-layout":"default","site-content-style":"default","site-sidebar-style":"default","ast-global-header-display":"","ast-banner-title-visibility":"","ast-main-header-display":"","ast-hfb-above-header-display":"","ast-hfb-below-header-display":"","ast-hfb-mobile-header-display":"","site-post-title":"","ast-breadcrumbs-content":"","ast-featured-img":"","footer-sml-layout":"","theme-transparent-header-meta":"default","adv-header-id-meta":"","stick-header-meta":"","header-above-stick-meta":"","header-main-stick-meta":"","header-below-stick-meta":"","astra-migrate-meta-layouts":"set","ast-page-background-enabled":"default","ast-page-background-meta":{"desktop":{"background-color":"var(--ast-global-color-4)","background-image":"","background-repeat":"repeat","background-position":"center center","background-size":"auto","background-attachment":"scroll","background-type":"","background-media":"","overlay-type":"","overlay-color":"","overlay-opacity":"","overlay-gradient":""},"tablet":{"background-color":"","background-image":"","background-repeat":"repeat","background-position":"center center","background-size":"auto","background-attachment":"scroll","background-type":"","background-media":"","overlay-type":"","overlay-color":"","overlay-opacity":"","overlay-gradient":""},"mobile":{"background-color":"","background-image":"","background-repeat":"repeat","background-position":"center center","background-size":"auto","background-attachment":"scroll","background-type":"","background-media":"","overlay-type":"","overlay-color":"","overlay-opacity":"","overlay-gradient":""}},"ast-content-background-meta":{"desktop":{"background-color":"var(--ast-global-color-5)","background-image":"","background-repeat":"repeat","background-position":"center center","background-size":"auto","background-attachment":"scroll","background-type":"","background-media":"","overlay-type":"","overlay-color":"","overlay-opacity":"","overlay-gradient":""},"tablet":{"background-color":"var(--ast-global-color-5)","background-image":"","background-repeat":"repeat","background-position":"center center","background-size":"auto","background-attachment":"scroll","background-type":"","background-media":"","overlay-type":"","overlay-color":"","overlay-opacity":"","overlay-gradient":""},"mobile":{"background-color":"var(--ast-global-color-5)","background-image":"","background-repeat":"repeat","background-position":"center center","background-size":"auto","background-attachment":"scroll","background-type":"","background-media":"","overlay-type":"","overlay-color":"","overlay-opacity":"","overlay-gradient":""}}},"product_brand":[],"product_cat":[116],"product_tag":[],"class_list":{"0":"post-15117","1":"product","2":"type-product","3":"status-publish","4":"has-post-thumbnail","6":"product_cat-ready-to-roll","7":"desktop-align-center","8":"tablet-align-left","9":"mobile-align-left","11":"first","12":"instock","13":"taxable","14":"shipping-taxable","15":"purchasable","16":"product-type-simple"},"acf":[],"yoast_head":"<!-- This site is optimized with the Yoast SEO plugin v27.4 - https:\/\/yoast.com\/product\/yoast-seo-wordpress\/ -->\n<title>Flores de CBD Ready to Roll - Super Skunk 15gr - THE LYF LABS<\/title>\n<meta name=\"robots\" content=\"index, follow, max-snippet:-1, max-image-preview:large, max-video-preview:-1\" \/>\n<link rel=\"canonical\" href=\"https:\/\/thelyflabs.com\/it\/product\/flores-de-cbd-ready-to-roll-super-skunk-15gr\/\" \/>\n<meta property=\"og:locale\" content=\"it_IT\" \/>\n<meta property=\"og:type\" content=\"article\" \/>\n<meta property=\"og:title\" content=\"Flores de CBD Ready to Roll - Super Skunk 15gr - THE LYF LABS\" \/>\n<meta property=\"og:description\" content=\"Cada bolsa de nuestras Flores de CBD Ready to Roll contiene 15g de c\u00e1\u00f1amo premium, cuidadosamente procesado mediante un exhaustivo m\u00e9todo de filtraci\u00f3n. Esto garantiza un producto 100 % limpio y refinado, sin semillas ni tallos, compuesto \u00fanicamente por flores suaves, arom\u00e1ticas y listas para usar de inmediato. La bolsa compacta y resellable hace que este producto sea ideal para llevar contigo a cualquier parte, ofreciendo a los usuarios de CBD una forma pr\u00e1ctica y confiable de disfrutar del c\u00e1\u00f1amo en cualquier momento. Disfruta de un rico aroma y un sabor natural, fieles a la esencia de la planta de c\u00e1\u00f1amo. Cultivadas en Italia bajo los m\u00e1s altos est\u00e1ndares de calidad, estas flores provienen de variedades certificadas por la UE, analizadas para garantizar su pureza y seguridad, y totalmente legales seg\u00fan la normativa europea (menos del 0,2 % de THC). Premium. Pr\u00e1ctico. Perfectamente filtrado. Siempre Ready to Roll.    Flores de C\u00e1\u00f1amo CBD Premium cultivadas en Europa  Bolsa resellable a prueba de olor  15 gramos de las mejores flores de CBD con terpenos Super Skunk\" \/>\n<meta property=\"og:url\" content=\"https:\/\/thelyflabs.com\/it\/product\/flores-de-cbd-ready-to-roll-super-skunk-15gr\/\" \/>\n<meta property=\"og:site_name\" content=\"THE LYF LABS\" \/>\n<meta property=\"article:modified_time\" content=\"2026-03-31T15:12:43+00:00\" \/>\n<meta property=\"og:image\" content=\"https:\/\/thelyflabs.com\/wp-content\/uploads\/2025\/11\/RTR-Skunk-frente-lado-montoncito-scaled.webp\" \/>\n\t<meta property=\"og:image:width\" content=\"2560\" \/>\n\t<meta property=\"og:image:height\" content=\"2560\" \/>\n\t<meta property=\"og:image:type\" content=\"image\/webp\" \/>\n<meta name=\"twitter:card\" content=\"summary_large_image\" \/>\n<meta name=\"twitter:label1\" content=\"Tempo di lettura stimato\" \/>\n\t<meta name=\"twitter:data1\" content=\"1 minuto\" \/>\n<script type=\"application\/ld+json\" class=\"yoast-schema-graph\">{\"@context\":\"https:\\\/\\\/schema.org\",\"@graph\":[{\"@type\":\"WebPage\",\"@id\":\"https:\\\/\\\/thelyflabs.com\\\/product\\\/flores-de-cbd-ready-to-roll-super-skunk-15gr\",\"url\":\"https:\\\/\\\/thelyflabs.com\\\/product\\\/flores-de-cbd-ready-to-roll-super-skunk-15gr\",\"name\":\"Flores de CBD Ready to Roll - Super Skunk 15gr - THE LYF LABS\",\"isPartOf\":{\"@id\":\"https:\\\/\\\/thelyflabs.com\\\/#website\"},\"primaryImageOfPage\":{\"@id\":\"https:\\\/\\\/thelyflabs.com\\\/product\\\/flores-de-cbd-ready-to-roll-super-skunk-15gr#primaryimage\"},\"image\":{\"@id\":\"https:\\\/\\\/thelyflabs.com\\\/product\\\/flores-de-cbd-ready-to-roll-super-skunk-15gr#primaryimage\"},\"thumbnailUrl\":\"https:\\\/\\\/thelyflabs.com\\\/wp-content\\\/uploads\\\/2025\\\/11\\\/RTR-Skunk-frente-lado-montoncito-scaled.webp\",\"datePublished\":\"2025-11-07T15:42:21+00:00\",\"dateModified\":\"2026-03-31T15:12:43+00:00\",\"breadcrumb\":{\"@id\":\"https:\\\/\\\/thelyflabs.com\\\/product\\\/flores-de-cbd-ready-to-roll-super-skunk-15gr#breadcrumb\"},\"inLanguage\":\"it-IT\",\"potentialAction\":[{\"@type\":\"ReadAction\",\"target\":[\"https:\\\/\\\/thelyflabs.com\\\/product\\\/flores-de-cbd-ready-to-roll-super-skunk-15gr\"]}]},{\"@type\":\"ImageObject\",\"inLanguage\":\"it-IT\",\"@id\":\"https:\\\/\\\/thelyflabs.com\\\/product\\\/flores-de-cbd-ready-to-roll-super-skunk-15gr#primaryimage\",\"url\":\"https:\\\/\\\/thelyflabs.com\\\/wp-content\\\/uploads\\\/2025\\\/11\\\/RTR-Skunk-frente-lado-montoncito-scaled.webp\",\"contentUrl\":\"https:\\\/\\\/thelyflabs.com\\\/wp-content\\\/uploads\\\/2025\\\/11\\\/RTR-Skunk-frente-lado-montoncito-scaled.webp\",\"width\":2560,\"height\":2560,\"caption\":\"flores de cbd picadas\"},{\"@type\":\"BreadcrumbList\",\"@id\":\"https:\\\/\\\/thelyflabs.com\\\/product\\\/flores-de-cbd-ready-to-roll-super-skunk-15gr#breadcrumb\",\"itemListElement\":[{\"@type\":\"ListItem\",\"position\":1,\"name\":\"Portada\",\"item\":\"https:\\\/\\\/thelyflabs.com\\\/\"},{\"@type\":\"ListItem\",\"position\":2,\"name\":\"Tienda\",\"item\":\"https:\\\/\\\/thelyflabs.com\\\/tienda\"},{\"@type\":\"ListItem\",\"position\":3,\"name\":\"Flores de CBD Ready to Roll &#8211; Super Skunk 15gr\"}]},{\"@type\":\"WebSite\",\"@id\":\"https:\\\/\\\/thelyflabs.com\\\/#website\",\"url\":\"https:\\\/\\\/thelyflabs.com\\\/\",\"name\":\"The LYF Labs\",\"description\":\"CBD al por mayor\",\"publisher\":{\"@id\":\"https:\\\/\\\/thelyflabs.com\\\/#organization\"},\"potentialAction\":[{\"@type\":\"SearchAction\",\"target\":{\"@type\":\"EntryPoint\",\"urlTemplate\":\"https:\\\/\\\/thelyflabs.com\\\/?s={search_term_string}\"},\"query-input\":{\"@type\":\"PropertyValueSpecification\",\"valueRequired\":true,\"valueName\":\"search_term_string\"}}],\"inLanguage\":\"it-IT\"},{\"@type\":\"Organization\",\"@id\":\"https:\\\/\\\/thelyflabs.com\\\/#organization\",\"name\":\"The LYF Labs\",\"url\":\"https:\\\/\\\/thelyflabs.com\\\/\",\"logo\":{\"@type\":\"ImageObject\",\"inLanguage\":\"it-IT\",\"@id\":\"https:\\\/\\\/thelyflabs.com\\\/#\\\/schema\\\/logo\\\/image\\\/\",\"url\":\"https:\\\/\\\/thelyflabs.com\\\/wp-content\\\/uploads\\\/2023\\\/01\\\/cropped-LogoTheLYFLabs.png\",\"contentUrl\":\"https:\\\/\\\/thelyflabs.com\\\/wp-content\\\/uploads\\\/2023\\\/01\\\/cropped-LogoTheLYFLabs.png\",\"width\":600,\"height\":180,\"caption\":\"The LYF Labs\"},\"image\":{\"@id\":\"https:\\\/\\\/thelyflabs.com\\\/#\\\/schema\\\/logo\\\/image\\\/\"}}]}<\/script>\n<!-- \/ Yoast SEO plugin. -->","yoast_head_json":{"title":"Fiori di CBD pronti per essere arrotolati - Super Skunk 15gr - THE LYF LABS","robots":{"index":"index","follow":"follow","max-snippet":"max-snippet:-1","max-image-preview":"max-image-preview:large","max-video-preview":"max-video-preview:-1"},"canonical":"https:\/\/thelyflabs.com\/it\/product\/flores-de-cbd-ready-to-roll-super-skunk-15gr\/","og_locale":"it_IT","og_type":"article","og_title":"Flores de CBD Ready to Roll - Super Skunk 15gr - THE LYF LABS","og_description":"Cada bolsa de nuestras Flores de CBD Ready to Roll contiene 15g de c\u00e1\u00f1amo premium, cuidadosamente procesado mediante un exhaustivo m\u00e9todo de filtraci\u00f3n. Esto garantiza un producto 100 % limpio y refinado, sin semillas ni tallos, compuesto \u00fanicamente por flores suaves, arom\u00e1ticas y listas para usar de inmediato. La bolsa compacta y resellable hace que este producto sea ideal para llevar contigo a cualquier parte, ofreciendo a los usuarios de CBD una forma pr\u00e1ctica y confiable de disfrutar del c\u00e1\u00f1amo en cualquier momento. Disfruta de un rico aroma y un sabor natural, fieles a la esencia de la planta de c\u00e1\u00f1amo. Cultivadas en Italia bajo los m\u00e1s altos est\u00e1ndares de calidad, estas flores provienen de variedades certificadas por la UE, analizadas para garantizar su pureza y seguridad, y totalmente legales seg\u00fan la normativa europea (menos del 0,2 % de THC). Premium. Pr\u00e1ctico. Perfectamente filtrado. Siempre Ready to Roll.    Flores de C\u00e1\u00f1amo CBD Premium cultivadas en Europa  Bolsa resellable a prueba de olor  15 gramos de las mejores flores de CBD con terpenos Super Skunk","og_url":"https:\/\/thelyflabs.com\/it\/product\/flores-de-cbd-ready-to-roll-super-skunk-15gr\/","og_site_name":"THE LYF LABS","article_modified_time":"2026-03-31T15:12:43+00:00","og_image":[{"width":2560,"height":2560,"url":"https:\/\/thelyflabs.com\/wp-content\/uploads\/2025\/11\/RTR-Skunk-frente-lado-montoncito-scaled.webp","type":"image\/webp"}],"twitter_card":"summary_large_image","twitter_misc":{"Tempo di lettura stimato":"1 minuto"},"schema":{"@context":"https:\/\/schema.org","@graph":[{"@type":"WebPage","@id":"https:\/\/thelyflabs.com\/product\/flores-de-cbd-ready-to-roll-super-skunk-15gr","url":"https:\/\/thelyflabs.com\/product\/flores-de-cbd-ready-to-roll-super-skunk-15gr","name":"Fiori di CBD pronti per essere arrotolati - Super Skunk 15gr - THE LYF LABS","isPartOf":{"@id":"https:\/\/thelyflabs.com\/#website"},"primaryImageOfPage":{"@id":"https:\/\/thelyflabs.com\/product\/flores-de-cbd-ready-to-roll-super-skunk-15gr#primaryimage"},"image":{"@id":"https:\/\/thelyflabs.com\/product\/flores-de-cbd-ready-to-roll-super-skunk-15gr#primaryimage"},"thumbnailUrl":"https:\/\/thelyflabs.com\/wp-content\/uploads\/2025\/11\/RTR-Skunk-frente-lado-montoncito-scaled.webp","datePublished":"2025-11-07T15:42:21+00:00","dateModified":"2026-03-31T15:12:43+00:00","breadcrumb":{"@id":"https:\/\/thelyflabs.com\/product\/flores-de-cbd-ready-to-roll-super-skunk-15gr#breadcrumb"},"inLanguage":"it-IT","potentialAction":[{"@type":"ReadAction","target":["https:\/\/thelyflabs.com\/product\/flores-de-cbd-ready-to-roll-super-skunk-15gr"]}]},{"@type":"ImageObject","inLanguage":"it-IT","@id":"https:\/\/thelyflabs.com\/product\/flores-de-cbd-ready-to-roll-super-skunk-15gr#primaryimage","url":"https:\/\/thelyflabs.com\/wp-content\/uploads\/2025\/11\/RTR-Skunk-frente-lado-montoncito-scaled.webp","contentUrl":"https:\/\/thelyflabs.com\/wp-content\/uploads\/2025\/11\/RTR-Skunk-frente-lado-montoncito-scaled.webp","width":2560,"height":2560,"caption":"flores de cbd picadas"},{"@type":"BreadcrumbList","@id":"https:\/\/thelyflabs.com\/product\/flores-de-cbd-ready-to-roll-super-skunk-15gr#breadcrumb","itemListElement":[{"@type":"ListItem","position":1,"name":"Portada","item":"https:\/\/thelyflabs.com\/"},{"@type":"ListItem","position":2,"name":"Tienda","item":"https:\/\/thelyflabs.com\/tienda"},{"@type":"ListItem","position":3,"name":"Flores de CBD Ready to Roll &#8211; Super Skunk 15gr"}]},{"@type":"WebSite","@id":"https:\/\/thelyflabs.com\/#website","url":"https:\/\/thelyflabs.com\/","name":"I laboratori LYF","description":"CBD all&#039;ingrosso","publisher":{"@id":"https:\/\/thelyflabs.com\/#organization"},"potentialAction":[{"@type":"SearchAction","target":{"@type":"EntryPoint","urlTemplate":"https:\/\/thelyflabs.com\/?s={search_term_string}"},"query-input":{"@type":"PropertyValueSpecification","valueRequired":true,"valueName":"search_term_string"}}],"inLanguage":"it-IT"},{"@type":"Organization","@id":"https:\/\/thelyflabs.com\/#organization","name":"I laboratori LYF","url":"https:\/\/thelyflabs.com\/","logo":{"@type":"ImageObject","inLanguage":"it-IT","@id":"https:\/\/thelyflabs.com\/#\/schema\/logo\/image\/","url":"https:\/\/thelyflabs.com\/wp-content\/uploads\/2023\/01\/cropped-LogoTheLYFLabs.png","contentUrl":"https:\/\/thelyflabs.com\/wp-content\/uploads\/2023\/01\/cropped-LogoTheLYFLabs.png","width":600,"height":180,"caption":"The LYF Labs"},"image":{"@id":"https:\/\/thelyflabs.com\/#\/schema\/logo\/image\/"}}]}},"_links":{"self":[{"href":"https:\/\/thelyflabs.com\/it\/wp-json\/wp\/v2\/product\/15117","targetHints":{"allow":["GET"]}}],"collection":[{"href":"https:\/\/thelyflabs.com\/it\/wp-json\/wp\/v2\/product"}],"about":[{"href":"https:\/\/thelyflabs.com\/it\/wp-json\/wp\/v2\/types\/product"}],"replies":[{"embeddable":true,"href":"https:\/\/thelyflabs.com\/it\/wp-json\/wp\/v2\/comments?post=15117"}],"wp:featuredmedia":[{"embeddable":true,"href":"https:\/\/thelyflabs.com\/it\/wp-json\/wp\/v2\/media\/15123"}],"wp:attachment":[{"href":"https:\/\/thelyflabs.com\/it\/wp-json\/wp\/v2\/media?parent=15117"}],"wp:term":[{"taxonomy":"product_brand","embeddable":true,"href":"https:\/\/thelyflabs.com\/it\/wp-json\/wp\/v2\/product_brand?post=15117"},{"taxonomy":"product_cat","embeddable":true,"href":"https:\/\/thelyflabs.com\/it\/wp-json\/wp\/v2\/product_cat?post=15117"},{"taxonomy":"product_tag","embeddable":true,"href":"https:\/\/thelyflabs.com\/it\/wp-json\/wp\/v2\/product_tag?post=15117"}],"curies":[{"name":"parola chiave","href":"https:\/\/api.w.org\/{rel}","templated":true}]}}