{"id":15956,"date":"2026-01-02T11:03:45","date_gmt":"2026-01-02T10:03:45","guid":{"rendered":"https:\/\/thelyflabs.com\/?post_type=product&#038;p=15956"},"modified":"2026-03-06T10:48:37","modified_gmt":"2026-03-06T09:48:37","slug":"hash-libanes","status":"publish","type":"product","link":"https:\/\/thelyflabs.com\/it\/product\/hash-libanes","title":{"rendered":"Hashish CBD libanese"},"content":{"rendered":"<h1><span style=\"font-weight: 400\">Lebanese CBD Hash 40%: l&#039;hashish classico\u00a0<\/span><\/h1>\n<p><span style=\"font-weight: 400\">Benvenuti a una nuova esperienza di qualit\u00e0 premium con <strong>Hashish CBD libanese<\/strong>Questa resina sta rivoluzionando il mercato, ispirata allo stile classico dell&#039;hashish libanese, contiene un <strong>CBD 40%<\/strong> e ti offre una combinazione unica di propriet\u00e0 rilassanti con un aroma eccezionale: ha un <strong>finitura artigianale<\/strong> degno dei palati pi\u00f9 professionali.<\/span><\/p>\n<p><span style=\"font-weight: 400\">\u00c8 ideale per chi cerca autenticit\u00e0 e benefici terapeutici grazie al suo sapore equilibrato, alla sua morbidezza e alla sua intensit\u00e0. Inoltre, si distingue per la sua <strong>alta concentrazione di CBD<\/strong>...non meno di 40%. Inoltre, contiene meno di 0,3% di THC, il che rende questo hashish... <strong>legale in Spagna e in Europa<\/strong>.<\/span><\/p>\n<p><span style=\"font-weight: 400\">\u00c8 molto pi\u00f9 di un semplice hashish al CBD: \u00e8 un capolavoro che unisce qualit\u00e0, purezza e un aroma ineguagliabile. Esplora la sua consistenza e assapora i suoi aromi! Scopri perch\u00e9... <strong>Hashish CBD libanese <\/strong>\u00c8 una delle resine pi\u00f9 autentiche e di altissima qualit\u00e0 che puoi trovare se vuoi <strong>hashish CBD economico<\/strong> ma di qualit\u00e0 superiore.<\/span><\/p>\n<p>&nbsp;<\/p>\n<h2>Caratteristiche dell&#039;hashish CBD libanese:<\/h2>\n<ul>\n<li><b>Aspetto e consistenza: <span style=\"font-size: 16px;font-weight: 400\">Si distingue per la sua <strong>consistenza compatta<\/strong>Questo hashish marrone ha un buon <strong>coerenza\u00a0<\/strong>che ne facilita l&#039;uso piacevole, riflettendo la cura e la precisione nella sua produzione artigianale.\u00a0<\/span><\/b><\/li>\n<li><span style=\"font-size: 16px;font-weight: 400\"><strong>Aroma e sapore:<\/strong> note calde, <strong>speziato e leggermente terroso<\/strong>;\u00a0<\/span><\/li>\n<li><strong>Origine e purezza:<\/strong><span style=\"font-size: 16px;font-weight: 400\"> \u00e8 stato fatto con <strong>metodi tradizionali <\/strong>che consentono di preservare i cannabinoidi e i terpeni naturali della canapa.\u00a0<\/span><\/li>\n<\/ul>\n<p>&nbsp;<\/p>\n<section class=\"product-description\">\n<h2>Qualit\u00e0 e sicurezza<\/h2>\n<p>In <strong>I laboratori Lyf<\/strong>, garantiamo che ogni lotto di <span style=\"font-weight: 400\"><strong>Hashish CBD libanese<\/strong><\/span>\u00a0Viene sottoposto a rigorose analisi di laboratorio per confermarne la purezza, l&#039;assenza di pesticidi e i livelli legali di THC (inferiori a 0,3%). Il nostro impegno per la qualit\u00e0 e la sicurezza ci consente di offrire un prodotto affidabile, adatto a tutti gli utenti che apprezzano la legalit\u00e0 e l&#039;eccellenza nel loro consumo.<\/p>\n<p>&nbsp;<\/p>\n<p><span style=\"font-size: 1.7em;font-weight: bold\">Perch\u00e9 acquistare <span style=\"font-weight: 400\"><strong>Hashish CBD libanese<\/strong><\/span> presso The Lyf Labs?<\/span><\/p>\n<\/section>\n<section class=\"product-description\">\n<ul>\n<li>Prodotto 100% legale nell&#039;Unione Europea, conforme alle normative vigenti sul THC.<\/li>\n<li>Naturale, senza pesticidi n\u00e9 additivi chimici, a garanzia di un consumo sicuro e sano.<\/li>\n<li>Testati in laboratori certificati per garantire la massima purezza e qualit\u00e0.<\/li>\n<li>Ogni acquisto \u00e8 accompagnato da una consegna rapida e da un servizio professionale.<\/li>\n<li>Acquisto sicuro e supporto specializzato per risolvere qualsiasi dubbio.<\/li>\n<\/ul>\n<p>Lyf Labs si impegna a offrire prodotti che uniscono tradizione, innovazione e la massima qualit\u00e0. <span style=\"font-weight: 400\"><strong>Hashish CBD libanese<\/strong><\/span>\u00a0\u00c8 una scelta eccellente per chi cerca un hashish artigianale dal profilo moderno e un&#039;esperienza d&#039;uso unica. Affidati a noi per aggiungere alla tua collezione o al tuo catalogo un prodotto che si distingue per autenticit\u00e0, sapore e affidabilit\u00e0.<\/p>\n<p><span style=\"font-size: 1.7em;font-weight: bold\">Lyf Labs \u00e8 di qualit\u00e0<\/span><\/p>\n<\/section>\n<p>Lyf Labs rappresenta l&#039;eccellenza nel mercato all&#039;ingrosso dei cannabinoidi, offrendo prodotti innovativi, sicuri e ad alta purezza a negozi specializzati e distributori. Ci concentriamo sulla soddisfazione delle esigenze di un settore professionale che ricerca qualit\u00e0 costante, tracciabilit\u00e0 e prezzi competitivi. Se cercate un fornitore affidabile e lungimirante, in Lyf Labs troverete un partner strategico che vi aiuter\u00e0 a crescere nel mercato della canapa.<\/p>\n<p>&nbsp;<\/p>","protected":false},"excerpt":{"rendered":"<p><span style=\"font-weight: 400\">Prova il Lebanese CBD Hash 40%, una resina di CBD unica con un aroma speciale. Ispirato allo stile tradizionale dell&#039;hashish libanese, \u00e8 intenso ed equilibrato, senza effetti psicoattivi.\u00a0<\/span><\/p>\n<ul>\n<li>Composizione: 40% di CBD e &lt;0,3% di THC<\/li>\n<li>100% legale in Spagna<\/li>\n<\/ul>\n<p>Analisi della qualit\u00e0: clicca\u00a0<a href=\"https:\/\/iguanasmoke.com\/analiticas\/\" target=\"_blank\" rel=\"noopener\">Qui<\/a><\/p>","protected":false},"featured_media":15961,"comment_status":"open","ping_status":"closed","template":"","meta":{"_acf_changed":false,"site-sidebar-layout":"default","site-content-layout":"","ast-site-content-layout":"default","site-content-style":"default","site-sidebar-style":"default","ast-global-header-display":"","ast-banner-title-visibility":"","ast-main-header-display":"","ast-hfb-above-header-display":"","ast-hfb-below-header-display":"","ast-hfb-mobile-header-display":"","site-post-title":"","ast-breadcrumbs-content":"","ast-featured-img":"","footer-sml-layout":"","theme-transparent-header-meta":"default","adv-header-id-meta":"","stick-header-meta":"","header-above-stick-meta":"","header-main-stick-meta":"","header-below-stick-meta":"","astra-migrate-meta-layouts":"set","ast-page-background-enabled":"default","ast-page-background-meta":{"desktop":{"background-color":"var(--ast-global-color-4)","background-image":"","background-repeat":"repeat","background-position":"center center","background-size":"auto","background-attachment":"scroll","background-type":"","background-media":"","overlay-type":"","overlay-color":"","overlay-opacity":"","overlay-gradient":""},"tablet":{"background-color":"","background-image":"","background-repeat":"repeat","background-position":"center center","background-size":"auto","background-attachment":"scroll","background-type":"","background-media":"","overlay-type":"","overlay-color":"","overlay-opacity":"","overlay-gradient":""},"mobile":{"background-color":"","background-image":"","background-repeat":"repeat","background-position":"center center","background-size":"auto","background-attachment":"scroll","background-type":"","background-media":"","overlay-type":"","overlay-color":"","overlay-opacity":"","overlay-gradient":""}},"ast-content-background-meta":{"desktop":{"background-color":"var(--ast-global-color-5)","background-image":"","background-repeat":"repeat","background-position":"center center","background-size":"auto","background-attachment":"scroll","background-type":"","background-media":"","overlay-type":"","overlay-color":"","overlay-opacity":"","overlay-gradient":""},"tablet":{"background-color":"var(--ast-global-color-5)","background-image":"","background-repeat":"repeat","background-position":"center center","background-size":"auto","background-attachment":"scroll","background-type":"","background-media":"","overlay-type":"","overlay-color":"","overlay-opacity":"","overlay-gradient":""},"mobile":{"background-color":"var(--ast-global-color-5)","background-image":"","background-repeat":"repeat","background-position":"center center","background-size":"auto","background-attachment":"scroll","background-type":"","background-media":"","overlay-type":"","overlay-color":"","overlay-opacity":"","overlay-gradient":""}}},"product_brand":[],"product_cat":[66,86],"product_tag":[],"class_list":{"0":"post-15956","1":"product","2":"type-product","3":"status-publish","4":"has-post-thumbnail","6":"product_cat-resinas","7":"product_cat-resinas-cbd","8":"desktop-align-center","9":"tablet-align-left","10":"mobile-align-left","12":"first","13":"outofstock","14":"taxable","15":"shipping-taxable","16":"purchasable","17":"product-type-variable"},"acf":[],"yoast_head":"<!-- This site is optimized with the Yoast SEO plugin v27.3 - https:\/\/yoast.com\/product\/yoast-seo-wordpress\/ -->\n<title>Hash CBD Liban\u00e9s - THE LYF LABS<\/title>\n<meta name=\"description\" content=\"Descubre el hash CBD Liban\u00e9s, con toques marroqu\u00eds y actuales. Descubre el aut\u00e9ntico sabor del l\u00edbano con 40% de CBD con Iguana Smoke.\" \/>\n<meta name=\"robots\" content=\"index, follow, max-snippet:-1, max-image-preview:large, max-video-preview:-1\" \/>\n<link rel=\"canonical\" href=\"https:\/\/thelyflabs.com\/it\/product\/hash-libanes\/\" \/>\n<meta property=\"og:locale\" content=\"it_IT\" \/>\n<meta property=\"og:type\" content=\"article\" \/>\n<meta property=\"og:title\" content=\"Hash CBD Liban\u00e9s - THE LYF LABS\" \/>\n<meta property=\"og:description\" content=\"Descubre el hash CBD Liban\u00e9s, con toques marroqu\u00eds y actuales. Descubre el aut\u00e9ntico sabor del l\u00edbano con 40% de CBD con Iguana Smoke.\" \/>\n<meta property=\"og:url\" content=\"https:\/\/thelyflabs.com\/it\/product\/hash-libanes\/\" \/>\n<meta property=\"og:site_name\" content=\"THE LYF LABS\" \/>\n<meta property=\"article:modified_time\" content=\"2026-03-06T09:48:37+00:00\" \/>\n<meta property=\"og:image\" content=\"https:\/\/thelyflabs.com\/wp-content\/uploads\/2026\/01\/Hash-Libanes.webp\" \/>\n\t<meta property=\"og:image:width\" content=\"1000\" \/>\n\t<meta property=\"og:image:height\" content=\"1000\" \/>\n\t<meta property=\"og:image:type\" content=\"image\/webp\" \/>\n<meta name=\"twitter:card\" content=\"summary_large_image\" \/>\n<meta name=\"twitter:label1\" content=\"Tempo di lettura stimato\" \/>\n\t<meta name=\"twitter:data1\" content=\"3 minuti\" \/>\n<script type=\"application\/ld+json\" class=\"yoast-schema-graph\">{\"@context\":\"https:\\\/\\\/schema.org\",\"@graph\":[{\"@type\":\"WebPage\",\"@id\":\"https:\\\/\\\/thelyflabs.com\\\/product\\\/hash-libanes\",\"url\":\"https:\\\/\\\/thelyflabs.com\\\/product\\\/hash-libanes\",\"name\":\"Hash CBD Liban\u00e9s - THE LYF LABS\",\"isPartOf\":{\"@id\":\"https:\\\/\\\/thelyflabs.com\\\/#website\"},\"primaryImageOfPage\":{\"@id\":\"https:\\\/\\\/thelyflabs.com\\\/product\\\/hash-libanes#primaryimage\"},\"image\":{\"@id\":\"https:\\\/\\\/thelyflabs.com\\\/product\\\/hash-libanes#primaryimage\"},\"thumbnailUrl\":\"https:\\\/\\\/thelyflabs.com\\\/wp-content\\\/uploads\\\/2026\\\/01\\\/Hash-Libanes.webp\",\"datePublished\":\"2026-01-02T10:03:45+00:00\",\"dateModified\":\"2026-03-06T09:48:37+00:00\",\"description\":\"Descubre el hash CBD Liban\u00e9s, con toques marroqu\u00eds y actuales. Descubre el aut\u00e9ntico sabor del l\u00edbano con 40% de CBD con Iguana Smoke.\",\"breadcrumb\":{\"@id\":\"https:\\\/\\\/thelyflabs.com\\\/product\\\/hash-libanes#breadcrumb\"},\"inLanguage\":\"it-IT\",\"potentialAction\":[{\"@type\":\"ReadAction\",\"target\":[\"https:\\\/\\\/thelyflabs.com\\\/product\\\/hash-libanes\"]}]},{\"@type\":\"ImageObject\",\"inLanguage\":\"it-IT\",\"@id\":\"https:\\\/\\\/thelyflabs.com\\\/product\\\/hash-libanes#primaryimage\",\"url\":\"https:\\\/\\\/thelyflabs.com\\\/wp-content\\\/uploads\\\/2026\\\/01\\\/Hash-Libanes.webp\",\"contentUrl\":\"https:\\\/\\\/thelyflabs.com\\\/wp-content\\\/uploads\\\/2026\\\/01\\\/Hash-Libanes.webp\",\"width\":1000,\"height\":1000,\"caption\":\"hash libanes\"},{\"@type\":\"BreadcrumbList\",\"@id\":\"https:\\\/\\\/thelyflabs.com\\\/product\\\/hash-libanes#breadcrumb\",\"itemListElement\":[{\"@type\":\"ListItem\",\"position\":1,\"name\":\"Portada\",\"item\":\"https:\\\/\\\/thelyflabs.com\\\/\"},{\"@type\":\"ListItem\",\"position\":2,\"name\":\"Tienda\",\"item\":\"https:\\\/\\\/thelyflabs.com\\\/tienda\"},{\"@type\":\"ListItem\",\"position\":3,\"name\":\"Hash CBD Liban\u00e9s\"}]},{\"@type\":\"WebSite\",\"@id\":\"https:\\\/\\\/thelyflabs.com\\\/#website\",\"url\":\"https:\\\/\\\/thelyflabs.com\\\/\",\"name\":\"The LYF Labs\",\"description\":\"CBD al por mayor\",\"publisher\":{\"@id\":\"https:\\\/\\\/thelyflabs.com\\\/#organization\"},\"potentialAction\":[{\"@type\":\"SearchAction\",\"target\":{\"@type\":\"EntryPoint\",\"urlTemplate\":\"https:\\\/\\\/thelyflabs.com\\\/?s={search_term_string}\"},\"query-input\":{\"@type\":\"PropertyValueSpecification\",\"valueRequired\":true,\"valueName\":\"search_term_string\"}}],\"inLanguage\":\"it-IT\"},{\"@type\":\"Organization\",\"@id\":\"https:\\\/\\\/thelyflabs.com\\\/#organization\",\"name\":\"The LYF Labs\",\"url\":\"https:\\\/\\\/thelyflabs.com\\\/\",\"logo\":{\"@type\":\"ImageObject\",\"inLanguage\":\"it-IT\",\"@id\":\"https:\\\/\\\/thelyflabs.com\\\/#\\\/schema\\\/logo\\\/image\\\/\",\"url\":\"https:\\\/\\\/thelyflabs.com\\\/wp-content\\\/uploads\\\/2023\\\/01\\\/cropped-LogoTheLYFLabs.png\",\"contentUrl\":\"https:\\\/\\\/thelyflabs.com\\\/wp-content\\\/uploads\\\/2023\\\/01\\\/cropped-LogoTheLYFLabs.png\",\"width\":600,\"height\":180,\"caption\":\"The LYF Labs\"},\"image\":{\"@id\":\"https:\\\/\\\/thelyflabs.com\\\/#\\\/schema\\\/logo\\\/image\\\/\"}}]}<\/script>\n<!-- \/ Yoast SEO plugin. -->","yoast_head_json":{"title":"Hashish CBD libanese - THE LYF LABS","description":"Descubre el hash CBD Liban\u00e9s, con toques marroqu\u00eds y actuales. Descubre el aut\u00e9ntico sabor del l\u00edbano con 40% de CBD con Iguana Smoke.","robots":{"index":"index","follow":"follow","max-snippet":"max-snippet:-1","max-image-preview":"max-image-preview:large","max-video-preview":"max-video-preview:-1"},"canonical":"https:\/\/thelyflabs.com\/it\/product\/hash-libanes\/","og_locale":"it_IT","og_type":"article","og_title":"Hash CBD Liban\u00e9s - THE LYF LABS","og_description":"Descubre el hash CBD Liban\u00e9s, con toques marroqu\u00eds y actuales. Descubre el aut\u00e9ntico sabor del l\u00edbano con 40% de CBD con Iguana Smoke.","og_url":"https:\/\/thelyflabs.com\/it\/product\/hash-libanes\/","og_site_name":"THE LYF LABS","article_modified_time":"2026-03-06T09:48:37+00:00","og_image":[{"width":1000,"height":1000,"url":"https:\/\/thelyflabs.com\/wp-content\/uploads\/2026\/01\/Hash-Libanes.webp","type":"image\/webp"}],"twitter_card":"summary_large_image","twitter_misc":{"Tempo di lettura stimato":"3 minuti"},"schema":{"@context":"https:\/\/schema.org","@graph":[{"@type":"WebPage","@id":"https:\/\/thelyflabs.com\/product\/hash-libanes","url":"https:\/\/thelyflabs.com\/product\/hash-libanes","name":"Hashish CBD libanese - THE LYF LABS","isPartOf":{"@id":"https:\/\/thelyflabs.com\/#website"},"primaryImageOfPage":{"@id":"https:\/\/thelyflabs.com\/product\/hash-libanes#primaryimage"},"image":{"@id":"https:\/\/thelyflabs.com\/product\/hash-libanes#primaryimage"},"thumbnailUrl":"https:\/\/thelyflabs.com\/wp-content\/uploads\/2026\/01\/Hash-Libanes.webp","datePublished":"2026-01-02T10:03:45+00:00","dateModified":"2026-03-06T09:48:37+00:00","description":"Descubre el hash CBD Liban\u00e9s, con toques marroqu\u00eds y actuales. Descubre el aut\u00e9ntico sabor del l\u00edbano con 40% de CBD con Iguana Smoke.","breadcrumb":{"@id":"https:\/\/thelyflabs.com\/product\/hash-libanes#breadcrumb"},"inLanguage":"it-IT","potentialAction":[{"@type":"ReadAction","target":["https:\/\/thelyflabs.com\/product\/hash-libanes"]}]},{"@type":"ImageObject","inLanguage":"it-IT","@id":"https:\/\/thelyflabs.com\/product\/hash-libanes#primaryimage","url":"https:\/\/thelyflabs.com\/wp-content\/uploads\/2026\/01\/Hash-Libanes.webp","contentUrl":"https:\/\/thelyflabs.com\/wp-content\/uploads\/2026\/01\/Hash-Libanes.webp","width":1000,"height":1000,"caption":"hash libanes"},{"@type":"BreadcrumbList","@id":"https:\/\/thelyflabs.com\/product\/hash-libanes#breadcrumb","itemListElement":[{"@type":"ListItem","position":1,"name":"Portada","item":"https:\/\/thelyflabs.com\/"},{"@type":"ListItem","position":2,"name":"Tienda","item":"https:\/\/thelyflabs.com\/tienda"},{"@type":"ListItem","position":3,"name":"Hash CBD Liban\u00e9s"}]},{"@type":"WebSite","@id":"https:\/\/thelyflabs.com\/#website","url":"https:\/\/thelyflabs.com\/","name":"I laboratori LYF","description":"CBD all&#039;ingrosso","publisher":{"@id":"https:\/\/thelyflabs.com\/#organization"},"potentialAction":[{"@type":"SearchAction","target":{"@type":"EntryPoint","urlTemplate":"https:\/\/thelyflabs.com\/?s={search_term_string}"},"query-input":{"@type":"PropertyValueSpecification","valueRequired":true,"valueName":"search_term_string"}}],"inLanguage":"it-IT"},{"@type":"Organization","@id":"https:\/\/thelyflabs.com\/#organization","name":"I laboratori LYF","url":"https:\/\/thelyflabs.com\/","logo":{"@type":"ImageObject","inLanguage":"it-IT","@id":"https:\/\/thelyflabs.com\/#\/schema\/logo\/image\/","url":"https:\/\/thelyflabs.com\/wp-content\/uploads\/2023\/01\/cropped-LogoTheLYFLabs.png","contentUrl":"https:\/\/thelyflabs.com\/wp-content\/uploads\/2023\/01\/cropped-LogoTheLYFLabs.png","width":600,"height":180,"caption":"The LYF Labs"},"image":{"@id":"https:\/\/thelyflabs.com\/#\/schema\/logo\/image\/"}}]}},"_links":{"self":[{"href":"https:\/\/thelyflabs.com\/it\/wp-json\/wp\/v2\/product\/15956","targetHints":{"allow":["GET"]}}],"collection":[{"href":"https:\/\/thelyflabs.com\/it\/wp-json\/wp\/v2\/product"}],"about":[{"href":"https:\/\/thelyflabs.com\/it\/wp-json\/wp\/v2\/types\/product"}],"replies":[{"embeddable":true,"href":"https:\/\/thelyflabs.com\/it\/wp-json\/wp\/v2\/comments?post=15956"}],"wp:featuredmedia":[{"embeddable":true,"href":"https:\/\/thelyflabs.com\/it\/wp-json\/wp\/v2\/media\/15961"}],"wp:attachment":[{"href":"https:\/\/thelyflabs.com\/it\/wp-json\/wp\/v2\/media?parent=15956"}],"wp:term":[{"taxonomy":"product_brand","embeddable":true,"href":"https:\/\/thelyflabs.com\/it\/wp-json\/wp\/v2\/product_brand?post=15956"},{"taxonomy":"product_cat","embeddable":true,"href":"https:\/\/thelyflabs.com\/it\/wp-json\/wp\/v2\/product_cat?post=15956"},{"taxonomy":"product_tag","embeddable":true,"href":"https:\/\/thelyflabs.com\/it\/wp-json\/wp\/v2\/product_tag?post=15956"}],"curies":[{"name":"parola chiave","href":"https:\/\/api.w.org\/{rel}","templated":true}]}}