{"id":16940,"date":"2026-03-09T11:30:19","date_gmt":"2026-03-09T10:30:19","guid":{"rendered":"https:\/\/thelyflabs.com\/?post_type=product&#038;p=16940"},"modified":"2026-03-19T13:50:22","modified_gmt":"2026-03-19T12:50:22","slug":"hash-cbd-carte-dor","status":"publish","type":"product","link":"https:\/\/thelyflabs.com\/it\/product\/hash-cbd-carte-dor","title":{"rendered":"Hash CBD Carte D&#039;or 43%"},"content":{"rendered":"<h1><span style=\"font-weight: 400\">Hash CBD Carte D&#039;Or 43%: capolavoro dorato<\/span><\/h1>\n<p><span style=\"font-weight: 400\">Benvenuti a una nuova esperienza di qualit\u00e0 premium con <strong>Hash CBD Carte D&#039;Or<\/strong>Questo hashish sta rivoluzionando il mercato perch\u00e9 contiene un <strong>43% di CBD <\/strong>ed \u00e8 un<strong> Hashish senza THC<\/strong> e ti offre una combinazione unica di propriet\u00e0 rilassanti con un aroma avvolgente: ha un <strong>finitura artigianale<\/strong> degno dei palati pi\u00f9 professionali.<\/span><\/p>\n<p>\u00c8 l&#039;ideale per chi cerca l&#039;autenticit\u00e0 e quel sapore equilibrato che ricorda il caramello fuso e la vaniglia, caratteristici dei gelati pi\u00f9 famosi; il tutto con un <strong>alta concentrazione di CBD<\/strong>. <span style=\"font-weight: 400\">Contiene anche meno dello 0,31% di THC, quindi questo hashish \u00e8 <strong>legale in Spagna e in Europa<\/strong>.<\/span><\/p>\n<p>\u00c8 molto pi\u00f9 di un semplice hashish al CBD. \u00c8 un capolavoro che unisce qualit\u00e0, purezza e un aroma ineguagliabile; un&#039;opzione eccezionale sul mercato. <span style=\"font-weight: 400\"> Esplora la sua consistenza e assapora i suoi aromi speziati! Scopri perch\u00e9 <strong>CBD hashish Carte D&#039;Or <\/strong>\u00c8 una delle resine pi\u00f9 autentiche e di altissima qualit\u00e0 che puoi trovare se vuoi <strong>hashish CBD economico<\/strong> ma di qualit\u00e0 superiore.<\/span><\/p>\n<p>&nbsp;<\/p>\n<h2>Caratteristiche dell&#039;hashish CBD Carte D&#039;Or:<\/h2>\n<ul>\n<li><b>Aspetto e consistenza: <span style=\"font-size: 16px;font-weight: 400\">Si distingue per la sua <strong>consistenza morbida e compatta, un po&#039; mielosa<\/strong>Di colore marrone dorato scuro, questo hashish ha un c<strong>consistenza modellabile <\/strong>che ne facilita l&#039;uso, riflettendo la cura e la precisione nella sua produzione artigianale.\u00a0<\/span><\/b><\/li>\n<li><span style=\"font-size: 16px;font-weight: 400\"><strong>Aroma e sapore:<\/strong> <strong>spezie pregiate<\/strong>; Con tocchi olfattivi orientali.<\/span><\/li>\n<li><strong>Origine e purezza:<\/strong><span style=\"font-size: 16px;font-weight: 400\"> \u00c8 fatto con <strong>metodi tradizionali <\/strong>che consentono di preservare i cannabinoidi e i terpeni naturali della canapa.\u00a0<\/span><\/li>\n<\/ul>\n<p>&nbsp;<\/p>\n<h3><b>Perch\u00e9 acquistare hashish CBD <\/b>Carta d&#039;oro <b><\/b><b>nel fumo di iguana?<\/b><\/h3>\n<p><span style=\"font-weight: 400\">Noi di Iguana Smoke ci impegniamo per la qualit\u00e0. I nostri prodotti a base di hashish al CBD sono naturali e biologici al 100%, privi di sostanze chimiche o pesticidi. Questo significa che quando acquisti da noi, stai scegliendo <strong>resina di hashish e CBD pura e sicura<\/strong>Come nel caso del nostro <strong>CBD hashish Carte D&#039;Or<\/strong><strong>.<\/strong><\/span><\/p>\n<p><span style=\"font-weight: 400\">Questo \u00e8 il posto sicuro per <strong>Acquista hashish CBD online in Spagna.<\/strong> Tutti i nostri prodotti sono approvati dall&#039;UE, a garanzia della loro legalit\u00e0 e sicurezza. Con meno dello 0,3% di THC, puoi godere dei numerosi benefici del CBD senza gli effetti psicoattivi. <strong>Hashish CBD senza THC e con alto contenuto di CBD<\/strong> Rispetta gli standard qualitativi, la cui analisi \u00e8 consultabile.<\/span><span style=\"font-weight: 400\">\u00a0<a href=\"https:\/\/iguanasmoke.com\/analiticas\/\">Qui<\/a>.\u00a0<\/span><\/p>\n<p><em><span style=\"font-weight: 400\">*Ricorda: il suo utilizzo \u00e8 destinato al collezionismo o all&#039;aromaterapia secondo la legislazione spagnola.\u00a0<\/span><\/em><\/p>\n<p><span style=\"font-weight: 400\">Inoltre, se ami le nostre resine CBD pi\u00f9 tradizionali come la <a href=\"https:\/\/iguanasmoke.com\/producto\/hash-cbd-nepal-cream-20\/\">hashish CBD Nepal<\/a> o il <a href=\"https:\/\/iguanasmoke.com\/producto\/hash-cbd-triple-filtrado\/\">Hashish CBD triplo filtrato<\/a>, t\u00e8 <\/span><span style=\"font-weight: 400\">assicuriamo che il <strong>Hash CBD Carte D&#039;Or<\/strong>\u00a0Ti piacer\u00e0. E non dimenticare di provarne altri. <strong>Prodotti TOP<\/strong> come il <a href=\"https:\/\/iguanasmoke.com\/producto\/live-resin-cbd-84-live-terpenes\/\">Estratto di resina viva<\/a> o il <a href=\"https:\/\/iguanasmoke.com\/producto\/vape-cbd-full-spectrum-iguana-pod-lemon-haze\/\">CBD a spettro completo<\/a>. <\/span><span style=\"font-weight: 400\">In breve, esplora la nostra gamma e trova subito i tuoi preferiti.\u00a0<\/span><\/p>\n<p>&nbsp;<\/p>\n<h3><b>Iguana Smoke \u00e8 sinonimo di qualit\u00e0 e fiducia<\/b><\/h3>\n<p><span style=\"font-weight: 400\">Noi di Iguana Smoke crediamo che il consumo di CBD debba essere un&#039;esperienza sicura e piacevole. Ecco perch\u00e9 offriamo prodotti di alta qualit\u00e0 che incontrano il gusto delle nuove generazioni: persone che cercano un benessere semplice con marchi autentici e affidabili. Ricorda che tutti i nostri prodotti sono <strong>Hashish CBD senza THC<\/strong>, come il <strong>Hash CBD Carte D&#039;Or 43% <\/strong>che proverai.<\/span><\/p>\n<p>Come sapete, la nostra missione \u00e8 chiara: offrirvi il meglio che il mondo dei cannabinoidi ha da offrire a un prezzo equo, con la tranquillit\u00e0 di sapere di scegliere un prodotto certificato, efficace e legale al 100%. Siamo all&#039;avanguardia nei prodotti a base di CBD.<\/p>\n<p>Hai ancora domande? Scrivici e saremo lieti di aiutarti a trovare il prodotto perfetto per te.<\/p>","protected":false},"excerpt":{"rendered":"<p>Prova Hash CBD Carte D&#039;Or, una resina di CBD unica con un aroma speciale, ideale per i pi\u00f9 esigenti.<\/p>\n<ul>\n<li>Texture densa e cremosa, con un elegante tono dorato<\/li>\n<li>Aroma delicato: terroso, con sottili note floreali<\/li>\n<li>100% legale in Spagna: THC &lt;0,3% e CBD 43%<\/li>\n<\/ul>\n<p>Analisi della qualit\u00e0: clicca <a href=\"https:\/\/iguanasmoke.com\/analiticas\/\">Qui<\/a><\/p>","protected":false},"featured_media":17422,"comment_status":"open","ping_status":"closed","template":"","meta":{"_acf_changed":false,"site-sidebar-layout":"default","site-content-layout":"","ast-site-content-layout":"default","site-content-style":"default","site-sidebar-style":"default","ast-global-header-display":"","ast-banner-title-visibility":"","ast-main-header-display":"","ast-hfb-above-header-display":"","ast-hfb-below-header-display":"","ast-hfb-mobile-header-display":"","site-post-title":"","ast-breadcrumbs-content":"","ast-featured-img":"","footer-sml-layout":"","theme-transparent-header-meta":"default","adv-header-id-meta":"","stick-header-meta":"","header-above-stick-meta":"","header-main-stick-meta":"","header-below-stick-meta":"","astra-migrate-meta-layouts":"set","ast-page-background-enabled":"default","ast-page-background-meta":{"desktop":{"background-color":"var(--ast-global-color-4)","background-image":"","background-repeat":"repeat","background-position":"center center","background-size":"auto","background-attachment":"scroll","background-type":"","background-media":"","overlay-type":"","overlay-color":"","overlay-opacity":"","overlay-gradient":""},"tablet":{"background-color":"","background-image":"","background-repeat":"repeat","background-position":"center center","background-size":"auto","background-attachment":"scroll","background-type":"","background-media":"","overlay-type":"","overlay-color":"","overlay-opacity":"","overlay-gradient":""},"mobile":{"background-color":"","background-image":"","background-repeat":"repeat","background-position":"center center","background-size":"auto","background-attachment":"scroll","background-type":"","background-media":"","overlay-type":"","overlay-color":"","overlay-opacity":"","overlay-gradient":""}},"ast-content-background-meta":{"desktop":{"background-color":"var(--ast-global-color-5)","background-image":"","background-repeat":"repeat","background-position":"center center","background-size":"auto","background-attachment":"scroll","background-type":"","background-media":"","overlay-type":"","overlay-color":"","overlay-opacity":"","overlay-gradient":""},"tablet":{"background-color":"var(--ast-global-color-5)","background-image":"","background-repeat":"repeat","background-position":"center center","background-size":"auto","background-attachment":"scroll","background-type":"","background-media":"","overlay-type":"","overlay-color":"","overlay-opacity":"","overlay-gradient":""},"mobile":{"background-color":"var(--ast-global-color-5)","background-image":"","background-repeat":"repeat","background-position":"center center","background-size":"auto","background-attachment":"scroll","background-type":"","background-media":"","overlay-type":"","overlay-color":"","overlay-opacity":"","overlay-gradient":""}}},"product_brand":[],"product_cat":[66,86],"product_tag":[],"class_list":{"0":"post-16940","1":"product","2":"type-product","3":"status-publish","4":"has-post-thumbnail","6":"product_cat-resinas","7":"product_cat-resinas-cbd","8":"desktop-align-center","9":"tablet-align-left","10":"mobile-align-left","12":"first","13":"instock","14":"taxable","15":"shipping-taxable","16":"purchasable","17":"product-type-variable"},"acf":[],"yoast_head":"<!-- This site is optimized with the Yoast SEO plugin v27.4 - https:\/\/yoast.com\/product\/yoast-seo-wordpress\/ -->\n<title>Hash CBD Carte D&#039;or 43% - Resinas CBD Mayoristas y Tiendas - THE LYF LABS<\/title>\n<meta name=\"description\" content=\"Prueba el nuevo hash CBD Carte D&#039;Or: irresistible y potente. Compra CBD online para tiendas y empieza a disfrutar de la calidad del hach\u00eds CBD Carte d&#039;or.\" \/>\n<meta name=\"robots\" content=\"index, follow, max-snippet:-1, max-image-preview:large, max-video-preview:-1\" \/>\n<link rel=\"canonical\" href=\"https:\/\/thelyflabs.com\/it\/product\/hash-cbd-carte-dor\/\" \/>\n<meta property=\"og:locale\" content=\"it_IT\" \/>\n<meta property=\"og:type\" content=\"article\" \/>\n<meta property=\"og:title\" content=\"Hash CBD Carte D&#039;or 43% - Resinas CBD Mayoristas y Tiendas - THE LYF LABS\" \/>\n<meta property=\"og:description\" content=\"Prueba el nuevo hash CBD Carte D&#039;Or: irresistible y potente. Compra CBD online para tiendas y empieza a disfrutar de la calidad del hach\u00eds CBD Carte d&#039;or.\" \/>\n<meta property=\"og:url\" content=\"https:\/\/thelyflabs.com\/it\/product\/hash-cbd-carte-dor\/\" \/>\n<meta property=\"og:site_name\" content=\"THE LYF LABS\" \/>\n<meta property=\"article:modified_time\" content=\"2026-03-19T12:50:22+00:00\" \/>\n<meta property=\"og:image\" content=\"https:\/\/thelyflabs.com\/wp-content\/uploads\/2026\/03\/Carte-dor-2g-con-hash.webp\" \/>\n\t<meta property=\"og:image:width\" content=\"1000\" \/>\n\t<meta property=\"og:image:height\" content=\"1000\" \/>\n\t<meta property=\"og:image:type\" content=\"image\/webp\" \/>\n<meta name=\"twitter:card\" content=\"summary_large_image\" \/>\n<meta name=\"twitter:label1\" content=\"Tempo di lettura stimato\" \/>\n\t<meta name=\"twitter:data1\" content=\"3 minuti\" \/>\n<script type=\"application\/ld+json\" class=\"yoast-schema-graph\">{\"@context\":\"https:\\\/\\\/schema.org\",\"@graph\":[{\"@type\":\"WebPage\",\"@id\":\"https:\\\/\\\/thelyflabs.com\\\/product\\\/hash-cbd-carte-dor\",\"url\":\"https:\\\/\\\/thelyflabs.com\\\/product\\\/hash-cbd-carte-dor\",\"name\":\"Hash CBD Carte D'or 43% - Resinas CBD Mayoristas y Tiendas - THE LYF LABS\",\"isPartOf\":{\"@id\":\"https:\\\/\\\/thelyflabs.com\\\/#website\"},\"primaryImageOfPage\":{\"@id\":\"https:\\\/\\\/thelyflabs.com\\\/product\\\/hash-cbd-carte-dor#primaryimage\"},\"image\":{\"@id\":\"https:\\\/\\\/thelyflabs.com\\\/product\\\/hash-cbd-carte-dor#primaryimage\"},\"thumbnailUrl\":\"https:\\\/\\\/thelyflabs.com\\\/wp-content\\\/uploads\\\/2026\\\/03\\\/Carte-dor-2g-con-hash.webp\",\"datePublished\":\"2026-03-09T10:30:19+00:00\",\"dateModified\":\"2026-03-19T12:50:22+00:00\",\"description\":\"Prueba el nuevo hash CBD Carte D'Or: irresistible y potente. Compra CBD online para tiendas y empieza a disfrutar de la calidad del hach\u00eds CBD Carte d'or.\",\"breadcrumb\":{\"@id\":\"https:\\\/\\\/thelyflabs.com\\\/product\\\/hash-cbd-carte-dor#breadcrumb\"},\"inLanguage\":\"it-IT\",\"potentialAction\":[{\"@type\":\"ReadAction\",\"target\":[\"https:\\\/\\\/thelyflabs.com\\\/product\\\/hash-cbd-carte-dor\"]}]},{\"@type\":\"ImageObject\",\"inLanguage\":\"it-IT\",\"@id\":\"https:\\\/\\\/thelyflabs.com\\\/product\\\/hash-cbd-carte-dor#primaryimage\",\"url\":\"https:\\\/\\\/thelyflabs.com\\\/wp-content\\\/uploads\\\/2026\\\/03\\\/Carte-dor-2g-con-hash.webp\",\"contentUrl\":\"https:\\\/\\\/thelyflabs.com\\\/wp-content\\\/uploads\\\/2026\\\/03\\\/Carte-dor-2g-con-hash.webp\",\"width\":1000,\"height\":1000,\"caption\":\"Hash CBD Carte D'or-2g\"},{\"@type\":\"BreadcrumbList\",\"@id\":\"https:\\\/\\\/thelyflabs.com\\\/product\\\/hash-cbd-carte-dor#breadcrumb\",\"itemListElement\":[{\"@type\":\"ListItem\",\"position\":1,\"name\":\"Portada\",\"item\":\"https:\\\/\\\/thelyflabs.com\\\/\"},{\"@type\":\"ListItem\",\"position\":2,\"name\":\"Tienda\",\"item\":\"https:\\\/\\\/thelyflabs.com\\\/tienda\"},{\"@type\":\"ListItem\",\"position\":3,\"name\":\"Hash CBD Carte D&#8217;or 43%\"}]},{\"@type\":\"WebSite\",\"@id\":\"https:\\\/\\\/thelyflabs.com\\\/#website\",\"url\":\"https:\\\/\\\/thelyflabs.com\\\/\",\"name\":\"The LYF Labs\",\"description\":\"CBD al por mayor\",\"publisher\":{\"@id\":\"https:\\\/\\\/thelyflabs.com\\\/#organization\"},\"potentialAction\":[{\"@type\":\"SearchAction\",\"target\":{\"@type\":\"EntryPoint\",\"urlTemplate\":\"https:\\\/\\\/thelyflabs.com\\\/?s={search_term_string}\"},\"query-input\":{\"@type\":\"PropertyValueSpecification\",\"valueRequired\":true,\"valueName\":\"search_term_string\"}}],\"inLanguage\":\"it-IT\"},{\"@type\":\"Organization\",\"@id\":\"https:\\\/\\\/thelyflabs.com\\\/#organization\",\"name\":\"The LYF Labs\",\"url\":\"https:\\\/\\\/thelyflabs.com\\\/\",\"logo\":{\"@type\":\"ImageObject\",\"inLanguage\":\"it-IT\",\"@id\":\"https:\\\/\\\/thelyflabs.com\\\/#\\\/schema\\\/logo\\\/image\\\/\",\"url\":\"https:\\\/\\\/thelyflabs.com\\\/wp-content\\\/uploads\\\/2023\\\/01\\\/cropped-LogoTheLYFLabs.png\",\"contentUrl\":\"https:\\\/\\\/thelyflabs.com\\\/wp-content\\\/uploads\\\/2023\\\/01\\\/cropped-LogoTheLYFLabs.png\",\"width\":600,\"height\":180,\"caption\":\"The LYF Labs\"},\"image\":{\"@id\":\"https:\\\/\\\/thelyflabs.com\\\/#\\\/schema\\\/logo\\\/image\\\/\"}}]}<\/script>\n<!-- \/ Yoast SEO plugin. -->","yoast_head_json":{"title":"Hash CBD Carte D'or 43% - Resinas CBD Mayoristas y Tiendas - THE LYF LABS","description":"Prueba el nuevo hash CBD Carte D'Or: irresistible y potente. Compra CBD online para tiendas y empieza a disfrutar de la calidad del hach\u00eds CBD Carte d'or.","robots":{"index":"index","follow":"follow","max-snippet":"max-snippet:-1","max-image-preview":"max-image-preview:large","max-video-preview":"max-video-preview:-1"},"canonical":"https:\/\/thelyflabs.com\/it\/product\/hash-cbd-carte-dor\/","og_locale":"it_IT","og_type":"article","og_title":"Hash CBD Carte D'or 43% - Resinas CBD Mayoristas y Tiendas - THE LYF LABS","og_description":"Prueba el nuevo hash CBD Carte D'Or: irresistible y potente. Compra CBD online para tiendas y empieza a disfrutar de la calidad del hach\u00eds CBD Carte d'or.","og_url":"https:\/\/thelyflabs.com\/it\/product\/hash-cbd-carte-dor\/","og_site_name":"THE LYF LABS","article_modified_time":"2026-03-19T12:50:22+00:00","og_image":[{"width":1000,"height":1000,"url":"https:\/\/thelyflabs.com\/wp-content\/uploads\/2026\/03\/Carte-dor-2g-con-hash.webp","type":"image\/webp"}],"twitter_card":"summary_large_image","twitter_misc":{"Tempo di lettura stimato":"3 minuti"},"schema":{"@context":"https:\/\/schema.org","@graph":[{"@type":"WebPage","@id":"https:\/\/thelyflabs.com\/product\/hash-cbd-carte-dor","url":"https:\/\/thelyflabs.com\/product\/hash-cbd-carte-dor","name":"Hash CBD Carte D'or 43% - Resinas CBD Mayoristas y Tiendas - THE LYF LABS","isPartOf":{"@id":"https:\/\/thelyflabs.com\/#website"},"primaryImageOfPage":{"@id":"https:\/\/thelyflabs.com\/product\/hash-cbd-carte-dor#primaryimage"},"image":{"@id":"https:\/\/thelyflabs.com\/product\/hash-cbd-carte-dor#primaryimage"},"thumbnailUrl":"https:\/\/thelyflabs.com\/wp-content\/uploads\/2026\/03\/Carte-dor-2g-con-hash.webp","datePublished":"2026-03-09T10:30:19+00:00","dateModified":"2026-03-19T12:50:22+00:00","description":"Prueba el nuevo hash CBD Carte D'Or: irresistible y potente. Compra CBD online para tiendas y empieza a disfrutar de la calidad del hach\u00eds CBD Carte d'or.","breadcrumb":{"@id":"https:\/\/thelyflabs.com\/product\/hash-cbd-carte-dor#breadcrumb"},"inLanguage":"it-IT","potentialAction":[{"@type":"ReadAction","target":["https:\/\/thelyflabs.com\/product\/hash-cbd-carte-dor"]}]},{"@type":"ImageObject","inLanguage":"it-IT","@id":"https:\/\/thelyflabs.com\/product\/hash-cbd-carte-dor#primaryimage","url":"https:\/\/thelyflabs.com\/wp-content\/uploads\/2026\/03\/Carte-dor-2g-con-hash.webp","contentUrl":"https:\/\/thelyflabs.com\/wp-content\/uploads\/2026\/03\/Carte-dor-2g-con-hash.webp","width":1000,"height":1000,"caption":"Hash CBD Carte D'or-2g"},{"@type":"BreadcrumbList","@id":"https:\/\/thelyflabs.com\/product\/hash-cbd-carte-dor#breadcrumb","itemListElement":[{"@type":"ListItem","position":1,"name":"Portada","item":"https:\/\/thelyflabs.com\/"},{"@type":"ListItem","position":2,"name":"Tienda","item":"https:\/\/thelyflabs.com\/tienda"},{"@type":"ListItem","position":3,"name":"Hash CBD Carte D&#8217;or 43%"}]},{"@type":"WebSite","@id":"https:\/\/thelyflabs.com\/#website","url":"https:\/\/thelyflabs.com\/","name":"I laboratori LYF","description":"CBD all&#039;ingrosso","publisher":{"@id":"https:\/\/thelyflabs.com\/#organization"},"potentialAction":[{"@type":"SearchAction","target":{"@type":"EntryPoint","urlTemplate":"https:\/\/thelyflabs.com\/?s={search_term_string}"},"query-input":{"@type":"PropertyValueSpecification","valueRequired":true,"valueName":"search_term_string"}}],"inLanguage":"it-IT"},{"@type":"Organization","@id":"https:\/\/thelyflabs.com\/#organization","name":"I laboratori LYF","url":"https:\/\/thelyflabs.com\/","logo":{"@type":"ImageObject","inLanguage":"it-IT","@id":"https:\/\/thelyflabs.com\/#\/schema\/logo\/image\/","url":"https:\/\/thelyflabs.com\/wp-content\/uploads\/2023\/01\/cropped-LogoTheLYFLabs.png","contentUrl":"https:\/\/thelyflabs.com\/wp-content\/uploads\/2023\/01\/cropped-LogoTheLYFLabs.png","width":600,"height":180,"caption":"The LYF Labs"},"image":{"@id":"https:\/\/thelyflabs.com\/#\/schema\/logo\/image\/"}}]}},"_links":{"self":[{"href":"https:\/\/thelyflabs.com\/it\/wp-json\/wp\/v2\/product\/16940","targetHints":{"allow":["GET"]}}],"collection":[{"href":"https:\/\/thelyflabs.com\/it\/wp-json\/wp\/v2\/product"}],"about":[{"href":"https:\/\/thelyflabs.com\/it\/wp-json\/wp\/v2\/types\/product"}],"replies":[{"embeddable":true,"href":"https:\/\/thelyflabs.com\/it\/wp-json\/wp\/v2\/comments?post=16940"}],"wp:featuredmedia":[{"embeddable":true,"href":"https:\/\/thelyflabs.com\/it\/wp-json\/wp\/v2\/media\/17422"}],"wp:attachment":[{"href":"https:\/\/thelyflabs.com\/it\/wp-json\/wp\/v2\/media?parent=16940"}],"wp:term":[{"taxonomy":"product_brand","embeddable":true,"href":"https:\/\/thelyflabs.com\/it\/wp-json\/wp\/v2\/product_brand?post=16940"},{"taxonomy":"product_cat","embeddable":true,"href":"https:\/\/thelyflabs.com\/it\/wp-json\/wp\/v2\/product_cat?post=16940"},{"taxonomy":"product_tag","embeddable":true,"href":"https:\/\/thelyflabs.com\/it\/wp-json\/wp\/v2\/product_tag?post=16940"}],"curies":[{"name":"parola chiave","href":"https:\/\/api.w.org\/{rel}","templated":true}]}}