{"id":17022,"date":"2026-03-12T10:11:35","date_gmt":"2026-03-12T09:11:35","guid":{"rendered":"https:\/\/thelyflabs.com\/?post_type=product&#038;p=17022"},"modified":"2026-03-30T11:07:31","modified_gmt":"2026-03-30T09:07:31","slug":"flor-e8h-gorilla-glue-space-flowers","status":"publish","type":"product","link":"https:\/\/thelyflabs.com\/it\/product\/flor-e8h-gorilla-glue-space-flowers","title":{"rendered":"Fiore E8H Gorilla Glue Space Flowers"},"content":{"rendered":"<section class=\"product-description\">\n<h1 data-start=\"1609\" data-end=\"1642\"><span style=\"font-weight: 400\">Fiore E8H Gorilla Glue <\/span><span style=\"font-weight: 400\">Fiori spaziali<\/span><\/h1>\n<p data-start=\"549\" data-end=\"976\"><span style=\"font-weight: 400\">Se stai cercando di acquistare fiori di CBD della massima qualit\u00e0 online, <strong>Fiore E8H Gorilla Glue Space Flowers <\/strong>\u00c8 la scelta ideale per chi ha bisogno di lucidit\u00e0 mentale e buon umore, senza gli effetti psicoattivi del THC. Arricchito con la molecola E8H, questo fiore di CBD porta la funzionalit\u00e0 a un livello superiore.<\/span><\/p>\n<p data-start=\"549\" data-end=\"976\"><span style=\"font-weight: 400\">Grazie al tuo <strong>agricoltura biologica senza pesticidi<\/strong>Naturalmente stagionato e con un&#039;estetica resinosamente compatta, il fiore E8H Gorilla Glue \u00e8 perfetto per chi desidera un fiore potente e pulito con un effetto equilibrato<\/span><\/p>\n<p data-start=\"549\" data-end=\"976\"><span style=\"font-weight: 400\"> In <strong>Fumo di iguana<\/strong>Selezioniamo attentamente ogni lotto per offrirti un <strong>Gorilla Glue E8H <\/strong><\/span><span style=\"font-weight: 400\"><b>incredibile<\/b>, pensato per i veri intenditori di fiori e cannabidiolo.<\/span><\/p>\n<h2><strong>Com&#039;\u00e8 il fiore di E8H Gorilla Glue?<\/strong><\/h2>\n<p><span style=\"font-weight: 400\">Questo fiore CBD\/E8H \u00e8 diventato uno dei preferiti da coloro che vogliono <strong>Acquista online cime di CBD di alta qualit\u00e0<\/strong>E non \u00e8 un caso, perch\u00e9 questa variet\u00e0 si distingue per la sua <strong>aspetto vibrante<\/strong>, il suo <strong>aroma potente <\/strong>e il suo <strong>profilo terpenico<\/strong> caratteristica del Gorilla Glue Flower.\u00a0<\/span><\/p>\n<ul>\n<li><span style=\"font-weight: 400\"><strong>Tipo e percentuale di CBD:<\/strong> Questo fiore \u00e8 a predominanza Indica e contiene 10% CBD ed E8H.<\/span><\/li>\n<li><span style=\"font-weight: 400\"><strong>Aspetto<\/strong>gemme <strong>ingombrante<\/strong>, <\/span><span style=\"font-weight: 400\"><b>denso e resinoso,<\/b> con toni <strong style=\"font-weight: 400\">pistilli verde scuro e ambra;<\/strong> il tutto con uno strato di tricomi che sembrano brina.<\/span><\/li>\n<li><span style=\"font-weight: 400\"><strong>Profumo<\/strong>Terroso e potente, con note di pino, caff\u00e8 e uno sfondo acido che cattura fin dal primo assaggio.\u00a0<\/span><\/li>\n<li><span style=\"font-weight: 400\"><strong>Origine<\/strong>: viene da un <strong>genetica<\/strong> <strong>selezionati:<\/strong> Ispirato al leggendario GC#4, adattato al formato legale CBD.\u00a0<\/span><\/li>\n<\/ul>\n<p><span style=\"font-weight: 400\">Grazie alla combinazione di CBD ed E8H proverai una naturale sensazione di benessere: migliora il tuo umore, ti dona concentrazione e serenit\u00e0 senza disconnessione o sonnolenza.\u00a0<\/span><\/p>\n<p>&nbsp;<\/p>\n<h2><strong>Guida rapida per scegliere le giuste gemme di CBD <\/strong><\/h2>\n<ul>\n<li><span style=\"font-weight: 400\">Controlla il contenuto di CBD e THC <\/span><\/li>\n<li><span style=\"font-weight: 400\">Scegli marchi affidabili e trasparenti <\/span><\/li>\n<li><span style=\"font-weight: 400\">Verifica certificazioni e controlli qualit\u00e0 <\/span><\/li>\n<li><span style=\"font-weight: 400\">Leggi le recensioni dei clienti reali <\/span><\/li>\n<\/ul>\n<p><span style=\"font-weight: 400\">In <strong>Fumo di iguana<\/strong>La nostra community \u00e8 la migliore garanzia di fiducia. Non perderti il nostro <strong>Fiore E8H Gorilla Glue Space Flowers<\/strong><strong>\u00a0<\/strong>pi\u00f9 autentico.<\/span><\/p>\n<p>&nbsp;<\/p>\n<h2 data-start=\"1548\" data-end=\"1601\">Perch\u00e9 acquistare <span style=\"font-weight: 400\"><strong>Fiore E8H Gorilla Glue<\/strong><\/span><strong>\u00a0<\/strong>presso The Lyf Labs?<\/h2>\n<p data-start=\"2504\" data-end=\"2696\"><span style=\"font-weight: 400\">Se ti stai chiedendo dove acquistare fiori di CBD online, noi di Iguana Smoke ti diamo diversi motivi per acquistare da noi: <\/span><\/p>\n<ol>\n<li style=\"list-style-type: none\">\n<ol>\n<li data-start=\"2504\" data-end=\"2696\"><span style=\"font-weight: 400\">\u2705 <strong>Fiori di CBD convenienti e di prima qualit\u00e0:<\/strong> Massima qualit\u00e0 a prezzi equi<\/span><\/li>\n<li data-start=\"2504\" data-end=\"2696\"><span style=\"font-weight: 400\">\u2705 <strong>Agricoltura biologica:<\/strong> senza pesticidi, senza sostanze chimiche, senza OGM<\/span><\/li>\n<li data-start=\"2504\" data-end=\"2696\"><span style=\"font-weight: 400\">\u2705 <strong>Contenuto di THC &lt;0,3%:<\/strong> legale 100% in Spagna e in Europa<\/span><\/li>\n<li data-start=\"2504\" data-end=\"2696\"><span style=\"font-weight: 400\">\u2705 <strong>Spedizione veloce e discreta:<\/strong> Lo riceverai a casa tua in 24\/48 ore.<\/span><\/li>\n<li data-start=\"2504\" data-end=\"2696\"><span style=\"font-weight: 400\"> \u2705 <strong>Piattaforma di pagamento sicura<\/strong><\/span><\/li>\n<li data-start=\"2504\" data-end=\"2696\"><span style=\"font-weight: 400\">\u2705 <strong>Esperti di prodotti CBD<\/strong>: <strong><a href=\"https:\/\/iguanasmoke.com\/categoria\/hash-cbd\/\">Resine<\/a><\/strong>, <a href=\"https:\/\/iguanasmoke.com\/categoria\/aceite-de-cbd\/\"><strong>Oli<\/strong><\/a>, <a href=\"https:\/\/iguanasmoke.com\/categoria\/pop-corn-cbd-cogollos-pequenos-cbd-mini-buds-cbd\/\"><strong>Popcorn<\/strong><\/a>, <a href=\"https:\/\/iguanasmoke.com\/categoria\/extractos-cbd\/\"><strong>Estratti<\/strong><\/a>, <a href=\"https:\/\/iguanasmoke.com\/categoria\/vaper-cbd\/\"><strong>Svapatori<\/strong> <\/a>e molto altro ancora<\/span><\/li>\n<\/ol>\n<\/li>\n<\/ol>\n<p><span style=\"font-weight: 400\">Inoltre, tutti i nostri fiori di CBD sono<strong> approvato dall&#039;UE<\/strong>garantendone cos\u00ec la legalit\u00e0 e la sicurezza. Abbiamo<a href=\"https:\/\/iguanasmoke.com\/analiticas\/\"><strong> rapporti di laboratorio indipendenti<\/strong><\/a> per verificarne la qualit\u00e0 e la tracciabilit\u00e0. <\/span><\/p>\n<p><span style=\"font-weight: 400\">Hai provato il nostro <strong style=\"font-weight: 400\"><a href=\"https:\/\/iguanasmoke.com\/producto\/flor-amnesia-e8h-space-flowers\/\">Flor E8H Amnesia<\/a><\/strong>, Nostro <a style=\"font-weight: 400\" href=\"https:\/\/iguanasmoke.com\/categoria\/nuevas-moleculas\/sativanol\/\"><strong>E8H Vapes <\/strong><\/a>o il nostro <a style=\"font-weight: 400\" href=\"https:\/\/iguanasmoke.com\/producto\/space-hash-bubblegum-e8h\/\"><strong>Gomma da masticare Space Hash E8H<\/strong><\/a>Non perdere il <strong style=\"font-weight: 400\"><a href=\"https:\/\/iguanasmoke.com\/categoria\/flores-cbd\/flores-cbd-indoor\/\">Fiori da interno di alta qualit\u00e0<\/a> <\/strong>o il <a style=\"font-weight: 400\" href=\"https:\/\/iguanasmoke.com\/categoria\/pop-corn-cbd-cogollos-pequenos-cbd-mini-buds-cbd\/\"><strong>Piccole cime di CBD - Popcorn<\/strong><\/a> pi\u00f9 famoso sul mercato.<\/span><\/p>\n<h2><\/h2>\n<h2>Qualit\u00e0 e sicurezza<\/h2>\n<p>In <strong>I laboratori Lyf<\/strong>, garantiamo che ogni lotto di <span style=\"font-weight: 400\"><strong>Fiore E8H Gorilla Glue<\/strong><\/span>\u00a0Viene sottoposto a rigorose analisi di laboratorio per confermarne la purezza, l&#039;assenza di pesticidi e i livelli legali di THC (inferiori a 0,3%). Il nostro impegno per la qualit\u00e0 e la sicurezza ci consente di offrire un prodotto affidabile, adatto a tutti gli utenti che apprezzano la legalit\u00e0 e l&#039;eccellenza nel loro consumo.<\/p>\n<\/section>\n<section class=\"product-description\">Lyf Labs si impegna a offrire prodotti che uniscono tradizione, innovazione e la massima qualit\u00e0. <span style=\"font-weight: 400\"><strong>Fiore E8H Gorilla Glue<\/strong><\/span> \u00c8 una scelta eccellente per chi cerca un fiore di CBD di alta qualit\u00e0, dal profilo moderno e dall&#039;esperienza d&#039;uso unica. Affidatevi a noi per aggiungere alla vostra collezione o al vostro catalogo un prodotto che si distingue per autenticit\u00e0, sapore e affidabilit\u00e0.<span style=\"font-size: 1.7em;font-weight: bold\">Lyf Labs \u00e8 di qualit\u00e0<\/span><\/section>\n<p>Lyf Labs rappresenta l&#039;eccellenza nel mercato all&#039;ingrosso dei cannabinoidi, offrendo prodotti innovativi, sicuri e ad alta purezza a negozi specializzati e distributori. Ci concentriamo sulla soddisfazione delle esigenze di un settore professionale che ricerca qualit\u00e0 costante, tracciabilit\u00e0 e prezzi competitivi. Se cercate un fornitore affidabile e lungimirante, in Lyf Labs troverete un partner strategico che vi aiuter\u00e0 a crescere nel mercato della canapa.<\/p>","protected":false},"excerpt":{"rendered":"<p><span style=\"font-weight: 400\">Questo fiore E8H <span style=\"font-size: 16px;font-weight: 400\">Si distingue per i suoi toni aromatici con sfumature terrose, che lo rendono un fiore unico per aroma e sapore.<\/span><\/span><\/p>\n<ul>\n<li>Fiore di CBD premium arricchito con E8H<\/li>\n<li>THC: &lt;0,3%<\/li>\n<li>Aroma forte con sentori di legno e pino<\/li>\n<li>100% legale Spagna ed Europa<\/li>\n<\/ul>\n<p><span style=\"font-weight: 400\">Consultazione<strong> <a href=\"https:\/\/iguanasmoke.com\/analiticas\/\">analisi di laboratorio.<\/a><\/strong><\/span><\/p>","protected":false},"featured_media":17028,"comment_status":"open","ping_status":"closed","template":"","meta":{"_acf_changed":false,"site-sidebar-layout":"default","site-content-layout":"","ast-site-content-layout":"default","site-content-style":"default","site-sidebar-style":"default","ast-global-header-display":"","ast-banner-title-visibility":"","ast-main-header-display":"","ast-hfb-above-header-display":"","ast-hfb-below-header-display":"","ast-hfb-mobile-header-display":"","site-post-title":"","ast-breadcrumbs-content":"","ast-featured-img":"","footer-sml-layout":"","theme-transparent-header-meta":"default","adv-header-id-meta":"","stick-header-meta":"","header-above-stick-meta":"","header-main-stick-meta":"","header-below-stick-meta":"","astra-migrate-meta-layouts":"set","ast-page-background-enabled":"default","ast-page-background-meta":{"desktop":{"background-color":"var(--ast-global-color-4)","background-image":"","background-repeat":"repeat","background-position":"center center","background-size":"auto","background-attachment":"scroll","background-type":"","background-media":"","overlay-type":"","overlay-color":"","overlay-opacity":"","overlay-gradient":""},"tablet":{"background-color":"","background-image":"","background-repeat":"repeat","background-position":"center center","background-size":"auto","background-attachment":"scroll","background-type":"","background-media":"","overlay-type":"","overlay-color":"","overlay-opacity":"","overlay-gradient":""},"mobile":{"background-color":"","background-image":"","background-repeat":"repeat","background-position":"center center","background-size":"auto","background-attachment":"scroll","background-type":"","background-media":"","overlay-type":"","overlay-color":"","overlay-opacity":"","overlay-gradient":""}},"ast-content-background-meta":{"desktop":{"background-color":"var(--ast-global-color-5)","background-image":"","background-repeat":"repeat","background-position":"center center","background-size":"auto","background-attachment":"scroll","background-type":"","background-media":"","overlay-type":"","overlay-color":"","overlay-opacity":"","overlay-gradient":""},"tablet":{"background-color":"var(--ast-global-color-5)","background-image":"","background-repeat":"repeat","background-position":"center center","background-size":"auto","background-attachment":"scroll","background-type":"","background-media":"","overlay-type":"","overlay-color":"","overlay-opacity":"","overlay-gradient":""},"mobile":{"background-color":"var(--ast-global-color-5)","background-image":"","background-repeat":"repeat","background-position":"center center","background-size":"auto","background-attachment":"scroll","background-type":"","background-media":"","overlay-type":"","overlay-color":"","overlay-opacity":"","overlay-gradient":""}}},"product_brand":[],"product_cat":[145,150,40,146],"product_tag":[],"class_list":{"0":"post-17022","1":"product","2":"type-product","3":"status-publish","4":"has-post-thumbnail","6":"product_cat-e8h","7":"product_cat-flores-de-e8h","8":"product_cat-iguanasmoke","9":"product_cat-nuevas-moleculas","10":"desktop-align-center","11":"tablet-align-left","12":"mobile-align-left","14":"first","15":"outofstock","16":"taxable","17":"shipping-taxable","18":"purchasable","19":"product-type-variable"},"acf":[],"yoast_head":"<!-- This site is optimized with the Yoast SEO plugin v27.3 - https:\/\/yoast.com\/product\/yoast-seo-wordpress\/ -->\n<title>Flor E8H Gorilla Glue Space Flowers - THE LYF LABS<\/title>\n<meta name=\"description\" content=\"Opta por la Flor E8H Gorilla Glue para una experiencia de CBD excepcional. Conseguir\u00e1s claridad mental sin psicoactividad.\" \/>\n<meta name=\"robots\" content=\"index, follow, max-snippet:-1, max-image-preview:large, max-video-preview:-1\" \/>\n<link rel=\"canonical\" href=\"https:\/\/thelyflabs.com\/it\/product\/flor-e8h-gorilla-glue-space-flowers\/\" \/>\n<meta property=\"og:locale\" content=\"it_IT\" \/>\n<meta property=\"og:type\" content=\"article\" \/>\n<meta property=\"og:title\" content=\"Flor E8H Gorilla Glue Space Flowers - THE LYF LABS\" \/>\n<meta property=\"og:description\" content=\"Opta por la Flor E8H Gorilla Glue para una experiencia de CBD excepcional. Conseguir\u00e1s claridad mental sin psicoactividad.\" \/>\n<meta property=\"og:url\" content=\"https:\/\/thelyflabs.com\/it\/product\/flor-e8h-gorilla-glue-space-flowers\/\" \/>\n<meta property=\"og:site_name\" content=\"THE LYF LABS\" \/>\n<meta property=\"article:modified_time\" content=\"2026-03-30T09:07:31+00:00\" \/>\n<meta property=\"og:image\" content=\"https:\/\/thelyflabs.com\/wp-content\/uploads\/2026\/03\/Space-Flowers-Gorilla-1g-E8H-con-cogollo.webp\" \/>\n\t<meta property=\"og:image:width\" content=\"1000\" \/>\n\t<meta property=\"og:image:height\" content=\"1000\" \/>\n\t<meta property=\"og:image:type\" content=\"image\/webp\" \/>\n<meta name=\"twitter:card\" content=\"summary_large_image\" \/>\n<meta name=\"twitter:label1\" content=\"Tempo di lettura stimato\" \/>\n\t<meta name=\"twitter:data1\" content=\"4 minuti\" \/>\n<script type=\"application\/ld+json\" class=\"yoast-schema-graph\">{\"@context\":\"https:\\\/\\\/schema.org\",\"@graph\":[{\"@type\":\"WebPage\",\"@id\":\"https:\\\/\\\/thelyflabs.com\\\/product\\\/flor-e8h-gorilla-glue-space-flowers\",\"url\":\"https:\\\/\\\/thelyflabs.com\\\/product\\\/flor-e8h-gorilla-glue-space-flowers\",\"name\":\"Flor E8H Gorilla Glue Space Flowers - THE LYF LABS\",\"isPartOf\":{\"@id\":\"https:\\\/\\\/thelyflabs.com\\\/#website\"},\"primaryImageOfPage\":{\"@id\":\"https:\\\/\\\/thelyflabs.com\\\/product\\\/flor-e8h-gorilla-glue-space-flowers#primaryimage\"},\"image\":{\"@id\":\"https:\\\/\\\/thelyflabs.com\\\/product\\\/flor-e8h-gorilla-glue-space-flowers#primaryimage\"},\"thumbnailUrl\":\"https:\\\/\\\/thelyflabs.com\\\/wp-content\\\/uploads\\\/2026\\\/03\\\/Space-Flowers-Gorilla-1g-E8H-con-cogollo.webp\",\"datePublished\":\"2026-03-12T09:11:35+00:00\",\"dateModified\":\"2026-03-30T09:07:31+00:00\",\"description\":\"Opta por la Flor E8H Gorilla Glue para una experiencia de CBD excepcional. Conseguir\u00e1s claridad mental sin psicoactividad.\",\"breadcrumb\":{\"@id\":\"https:\\\/\\\/thelyflabs.com\\\/product\\\/flor-e8h-gorilla-glue-space-flowers#breadcrumb\"},\"inLanguage\":\"it-IT\",\"potentialAction\":[{\"@type\":\"ReadAction\",\"target\":[\"https:\\\/\\\/thelyflabs.com\\\/product\\\/flor-e8h-gorilla-glue-space-flowers\"]}]},{\"@type\":\"ImageObject\",\"inLanguage\":\"it-IT\",\"@id\":\"https:\\\/\\\/thelyflabs.com\\\/product\\\/flor-e8h-gorilla-glue-space-flowers#primaryimage\",\"url\":\"https:\\\/\\\/thelyflabs.com\\\/wp-content\\\/uploads\\\/2026\\\/03\\\/Space-Flowers-Gorilla-1g-E8H-con-cogollo.webp\",\"contentUrl\":\"https:\\\/\\\/thelyflabs.com\\\/wp-content\\\/uploads\\\/2026\\\/03\\\/Space-Flowers-Gorilla-1g-E8H-con-cogollo.webp\",\"width\":1000,\"height\":1000,\"caption\":\"flor de gorilla cbd eniquecidad con e8h\"},{\"@type\":\"BreadcrumbList\",\"@id\":\"https:\\\/\\\/thelyflabs.com\\\/product\\\/flor-e8h-gorilla-glue-space-flowers#breadcrumb\",\"itemListElement\":[{\"@type\":\"ListItem\",\"position\":1,\"name\":\"Portada\",\"item\":\"https:\\\/\\\/thelyflabs.com\\\/\"},{\"@type\":\"ListItem\",\"position\":2,\"name\":\"Tienda\",\"item\":\"https:\\\/\\\/thelyflabs.com\\\/tienda\"},{\"@type\":\"ListItem\",\"position\":3,\"name\":\"Flor E8H Gorilla Glue Space Flowers\"}]},{\"@type\":\"WebSite\",\"@id\":\"https:\\\/\\\/thelyflabs.com\\\/#website\",\"url\":\"https:\\\/\\\/thelyflabs.com\\\/\",\"name\":\"The LYF Labs\",\"description\":\"CBD al por mayor\",\"publisher\":{\"@id\":\"https:\\\/\\\/thelyflabs.com\\\/#organization\"},\"potentialAction\":[{\"@type\":\"SearchAction\",\"target\":{\"@type\":\"EntryPoint\",\"urlTemplate\":\"https:\\\/\\\/thelyflabs.com\\\/?s={search_term_string}\"},\"query-input\":{\"@type\":\"PropertyValueSpecification\",\"valueRequired\":true,\"valueName\":\"search_term_string\"}}],\"inLanguage\":\"it-IT\"},{\"@type\":\"Organization\",\"@id\":\"https:\\\/\\\/thelyflabs.com\\\/#organization\",\"name\":\"The LYF Labs\",\"url\":\"https:\\\/\\\/thelyflabs.com\\\/\",\"logo\":{\"@type\":\"ImageObject\",\"inLanguage\":\"it-IT\",\"@id\":\"https:\\\/\\\/thelyflabs.com\\\/#\\\/schema\\\/logo\\\/image\\\/\",\"url\":\"https:\\\/\\\/thelyflabs.com\\\/wp-content\\\/uploads\\\/2023\\\/01\\\/cropped-LogoTheLYFLabs.png\",\"contentUrl\":\"https:\\\/\\\/thelyflabs.com\\\/wp-content\\\/uploads\\\/2023\\\/01\\\/cropped-LogoTheLYFLabs.png\",\"width\":600,\"height\":180,\"caption\":\"The LYF Labs\"},\"image\":{\"@id\":\"https:\\\/\\\/thelyflabs.com\\\/#\\\/schema\\\/logo\\\/image\\\/\"}}]}<\/script>\n<!-- \/ Yoast SEO plugin. -->","yoast_head_json":{"title":"Flor E8H Gorilla Glue Space Flowers - THE LYF LABS","description":"Opta por la Flor E8H Gorilla Glue para una experiencia de CBD excepcional. Conseguir\u00e1s claridad mental sin psicoactividad.","robots":{"index":"index","follow":"follow","max-snippet":"max-snippet:-1","max-image-preview":"max-image-preview:large","max-video-preview":"max-video-preview:-1"},"canonical":"https:\/\/thelyflabs.com\/it\/product\/flor-e8h-gorilla-glue-space-flowers\/","og_locale":"it_IT","og_type":"article","og_title":"Flor E8H Gorilla Glue Space Flowers - THE LYF LABS","og_description":"Opta por la Flor E8H Gorilla Glue para una experiencia de CBD excepcional. Conseguir\u00e1s claridad mental sin psicoactividad.","og_url":"https:\/\/thelyflabs.com\/it\/product\/flor-e8h-gorilla-glue-space-flowers\/","og_site_name":"THE LYF LABS","article_modified_time":"2026-03-30T09:07:31+00:00","og_image":[{"width":1000,"height":1000,"url":"https:\/\/thelyflabs.com\/wp-content\/uploads\/2026\/03\/Space-Flowers-Gorilla-1g-E8H-con-cogollo.webp","type":"image\/webp"}],"twitter_card":"summary_large_image","twitter_misc":{"Tempo di lettura stimato":"4 minuti"},"schema":{"@context":"https:\/\/schema.org","@graph":[{"@type":"WebPage","@id":"https:\/\/thelyflabs.com\/product\/flor-e8h-gorilla-glue-space-flowers","url":"https:\/\/thelyflabs.com\/product\/flor-e8h-gorilla-glue-space-flowers","name":"Flor E8H Gorilla Glue Space Flowers - THE LYF LABS","isPartOf":{"@id":"https:\/\/thelyflabs.com\/#website"},"primaryImageOfPage":{"@id":"https:\/\/thelyflabs.com\/product\/flor-e8h-gorilla-glue-space-flowers#primaryimage"},"image":{"@id":"https:\/\/thelyflabs.com\/product\/flor-e8h-gorilla-glue-space-flowers#primaryimage"},"thumbnailUrl":"https:\/\/thelyflabs.com\/wp-content\/uploads\/2026\/03\/Space-Flowers-Gorilla-1g-E8H-con-cogollo.webp","datePublished":"2026-03-12T09:11:35+00:00","dateModified":"2026-03-30T09:07:31+00:00","description":"Opta por la Flor E8H Gorilla Glue para una experiencia de CBD excepcional. Conseguir\u00e1s claridad mental sin psicoactividad.","breadcrumb":{"@id":"https:\/\/thelyflabs.com\/product\/flor-e8h-gorilla-glue-space-flowers#breadcrumb"},"inLanguage":"it-IT","potentialAction":[{"@type":"ReadAction","target":["https:\/\/thelyflabs.com\/product\/flor-e8h-gorilla-glue-space-flowers"]}]},{"@type":"ImageObject","inLanguage":"it-IT","@id":"https:\/\/thelyflabs.com\/product\/flor-e8h-gorilla-glue-space-flowers#primaryimage","url":"https:\/\/thelyflabs.com\/wp-content\/uploads\/2026\/03\/Space-Flowers-Gorilla-1g-E8H-con-cogollo.webp","contentUrl":"https:\/\/thelyflabs.com\/wp-content\/uploads\/2026\/03\/Space-Flowers-Gorilla-1g-E8H-con-cogollo.webp","width":1000,"height":1000,"caption":"flor de gorilla cbd eniquecidad con e8h"},{"@type":"BreadcrumbList","@id":"https:\/\/thelyflabs.com\/product\/flor-e8h-gorilla-glue-space-flowers#breadcrumb","itemListElement":[{"@type":"ListItem","position":1,"name":"Portada","item":"https:\/\/thelyflabs.com\/"},{"@type":"ListItem","position":2,"name":"Tienda","item":"https:\/\/thelyflabs.com\/tienda"},{"@type":"ListItem","position":3,"name":"Flor E8H Gorilla Glue Space Flowers"}]},{"@type":"WebSite","@id":"https:\/\/thelyflabs.com\/#website","url":"https:\/\/thelyflabs.com\/","name":"I laboratori LYF","description":"CBD all&#039;ingrosso","publisher":{"@id":"https:\/\/thelyflabs.com\/#organization"},"potentialAction":[{"@type":"SearchAction","target":{"@type":"EntryPoint","urlTemplate":"https:\/\/thelyflabs.com\/?s={search_term_string}"},"query-input":{"@type":"PropertyValueSpecification","valueRequired":true,"valueName":"search_term_string"}}],"inLanguage":"it-IT"},{"@type":"Organization","@id":"https:\/\/thelyflabs.com\/#organization","name":"I laboratori LYF","url":"https:\/\/thelyflabs.com\/","logo":{"@type":"ImageObject","inLanguage":"it-IT","@id":"https:\/\/thelyflabs.com\/#\/schema\/logo\/image\/","url":"https:\/\/thelyflabs.com\/wp-content\/uploads\/2023\/01\/cropped-LogoTheLYFLabs.png","contentUrl":"https:\/\/thelyflabs.com\/wp-content\/uploads\/2023\/01\/cropped-LogoTheLYFLabs.png","width":600,"height":180,"caption":"The LYF Labs"},"image":{"@id":"https:\/\/thelyflabs.com\/#\/schema\/logo\/image\/"}}]}},"_links":{"self":[{"href":"https:\/\/thelyflabs.com\/it\/wp-json\/wp\/v2\/product\/17022","targetHints":{"allow":["GET"]}}],"collection":[{"href":"https:\/\/thelyflabs.com\/it\/wp-json\/wp\/v2\/product"}],"about":[{"href":"https:\/\/thelyflabs.com\/it\/wp-json\/wp\/v2\/types\/product"}],"replies":[{"embeddable":true,"href":"https:\/\/thelyflabs.com\/it\/wp-json\/wp\/v2\/comments?post=17022"}],"wp:featuredmedia":[{"embeddable":true,"href":"https:\/\/thelyflabs.com\/it\/wp-json\/wp\/v2\/media\/17028"}],"wp:attachment":[{"href":"https:\/\/thelyflabs.com\/it\/wp-json\/wp\/v2\/media?parent=17022"}],"wp:term":[{"taxonomy":"product_brand","embeddable":true,"href":"https:\/\/thelyflabs.com\/it\/wp-json\/wp\/v2\/product_brand?post=17022"},{"taxonomy":"product_cat","embeddable":true,"href":"https:\/\/thelyflabs.com\/it\/wp-json\/wp\/v2\/product_cat?post=17022"},{"taxonomy":"product_tag","embeddable":true,"href":"https:\/\/thelyflabs.com\/it\/wp-json\/wp\/v2\/product_tag?post=17022"}],"curies":[{"name":"parola chiave","href":"https:\/\/api.w.org\/{rel}","templated":true}]}}