{"id":17264,"date":"2026-03-13T15:22:02","date_gmt":"2026-03-13T14:22:02","guid":{"rendered":"https:\/\/thelyflabs.com\/?post_type=product&#038;p=17264"},"modified":"2026-04-01T10:20:55","modified_gmt":"2026-04-01T08:20:55","slug":"flor-10-oh-gorilla-glue-space-flowers","status":"publish","type":"product","link":"https:\/\/thelyflabs.com\/it\/product\/flor-10-oh-gorilla-glue-space-flowers","title":{"rendered":"Fiore 10-OH Gorilla Glue Space Flowers"},"content":{"rendered":"<h1 data-start=\"1609\" data-end=\"1642\"><span style=\"font-weight: 400\">Flor 10-OH Gorilla Glue <\/span><span style=\"font-weight: 400\">Fiori spaziali<\/span><\/h1>\n<p data-start=\"549\" data-end=\"976\"><span style=\"font-weight: 400\">Si est\u00e1s buscando comprar flores 10-OH online de la m\u00e1s alta calidad, la <strong>Fiore 10-OH Gorilla Glue Space Flowers <\/strong>es la opci\u00f3n ideal para quienes necesitan claridad mental y un buen estado de \u00e1nimo sin los efectos psicoactivos del THC. Enriquecida con la mol\u00e9cula de 10-OH, esta flor CBD va un paso m\u00e1s all\u00e1 en funcionalidad.<\/span><\/p>\n<p data-start=\"549\" data-end=\"976\"><span style=\"font-weight: 400\">Grazie al tuo <strong>agricoltura biologica senza pesticidi<\/strong>, curada de forma natural y con una est\u00e9tica resinosamente compacta, la flor E8H Gorilla Glue es perfecta para quienes desean una flor potente, limpia y con un efecto equilibrado, similar a los cogollos cl\u00e1sicos del cannabis pero sin efectos psicoactivos del THC. Por eso, muchas personas optan por<strong> comprar flores 10-OH<\/strong> porque esta flor es una alternativa legal a los cogollos de marihuana.<\/span><\/p>\n<p data-start=\"549\" data-end=\"976\"><span style=\"font-weight: 400\"> In <strong>Fumo di iguana<\/strong>Selezioniamo attentamente ogni lotto per offrirti un <strong>Gorilla Glue 10-OH <\/strong><\/span><span style=\"font-weight: 400\"><b>incredibile<\/b>, pensada para aut\u00e9nticos conocedores de las flores.<\/span><\/p>\n<h2><strong>\u00bfC\u00f3mo es la Flor 10-OH Gorilla Glue?<\/strong><\/h2>\n<p><span style=\"font-weight: 400\">Questo fiore CBD\/E8H \u00e8 diventato uno dei preferiti da coloro che vogliono <strong>Acquista online cime di CBD di alta qualit\u00e0<\/strong>E non \u00e8 un caso, perch\u00e9 questa variet\u00e0 si distingue per la sua <strong>apariencia<\/strong>, il suo <strong>aroma potente <\/strong>e il suo <strong>profilo terpenico<\/strong> caratteristica del Gorilla Glue Flower.\u00a0<\/span><\/p>\n<ul>\n<li><span style=\"font-weight: 400\"><strong>Tipo e percentuale di CBD:<\/strong> Esta flor es dominante \u00cdndica y contiene 10% CBD y est\u00e1 enriquecido con la mol\u00e9cula de 10-OH.<\/span><\/li>\n<li><span style=\"font-weight: 400\"><strong>Aspetto<\/strong>: sus cogollos son <strong>ingombrante<\/strong>, <\/span><span style=\"font-weight: 400\"><b>denso e resinoso,<\/b> con toni <strong style=\"font-weight: 400\">pistilli verde scuro e ambra;<\/strong> il tutto con uno strato di tricomi che sembrano brina.<\/span><\/li>\n<li><span style=\"font-weight: 400\"><strong>Profumo<\/strong>Terroso e potente, con note di pino, caff\u00e8 e uno sfondo acido che cattura fin dal primo assaggio.\u00a0<\/span><\/li>\n<li><span style=\"font-weight: 400\"><strong>Origine<\/strong>: viene da un <strong>genetica<\/strong> <strong>selezionati:<\/strong> Ispirato al leggendario GC#4, adattato al formato legale CBD.\u00a0<\/span><\/li>\n<\/ul>\n<p><span style=\"font-weight: 400\">IL <strong>flores 10-OH son cada vez m\u00e1s populares<\/strong> ya que visualmente recuerdan a los <strong>cogollos de la marihuana tradicional<\/strong>. Adem\u00e1s, en pa\u00edses donde el cannabis es legal, algunos usuarios <strong>reportan sensaciones que pueden recordar<\/strong> a las asociadas al THC o la marihuana.\u00a0<\/span><\/p>\n<p>&nbsp;<\/p>\n<h2><strong>Gu\u00eda r\u00e1pida para elegir bien cogollos 10-OH<\/strong><\/h2>\n<ul>\n<li><span style=\"font-weight: 400\">Controlla il contenuto di CBD e THC <\/span><\/li>\n<li><span style=\"font-weight: 400\">Scegli marchi affidabili e trasparenti<\/span><\/li>\n<li>Revisa la apariencia de los cogollos<\/li>\n<li><span style=\"font-weight: 400\">Verifica certificazioni e controlli qualit\u00e0 <\/span><\/li>\n<li><span style=\"font-weight: 400\">Leggi le recensioni dei clienti reali <\/span><\/li>\n<\/ul>\n<p><span style=\"font-weight: 400\">In <strong>Fumo di iguana<\/strong>La nostra community \u00e8 la migliore garanzia di fiducia. Non perderti il nostro <strong>Fiore 10-OH Gorilla Glue Space Flowers<\/strong><strong>\u00a0<\/strong>pi\u00f9 autentico.<\/span><\/p>\n<p>&nbsp;<\/p>\n<p>&nbsp;<\/p>\n<h2 data-start=\"1548\" data-end=\"1601\">Perch\u00e9 acquistare <span style=\"font-weight: 400\"><strong>Fiore 10-OH Gorilla Glue Space Flowers <\/strong><\/span>nel fumo di iguana?<\/h2>\n<p data-start=\"2504\" data-end=\"2696\"><span style=\"font-weight: 400\">Si te preguntas d\u00f3nde comprar flores 10-OH online, en Iguana Smoke te damos varias razones para hacerlo con nosotros: <\/span><\/p>\n<ol>\n<li style=\"list-style-type: none\">\n<ol>\n<li data-start=\"2504\" data-end=\"2696\"><span style=\"font-weight: 400\">\u2705 <strong>Fiori di CBD convenienti e di prima qualit\u00e0:<\/strong> Massima qualit\u00e0 a prezzi equi.<\/span><\/li>\n<li data-start=\"2504\" data-end=\"2696\"><span style=\"font-weight: 400\">\u2705 <strong>Agricoltura biologica:<\/strong> senza pesticidi, senza sostanze chimiche, senza OGM<\/span><\/li>\n<li data-start=\"2504\" data-end=\"2696\"><span style=\"font-weight: 400\">\u2705 <strong>Selecci\u00f3n de variedades populares<\/strong>\u00a0como Gelato, Amnesia y Gorilla Glue<\/span><\/li>\n<li data-start=\"2504\" data-end=\"2696\"><span style=\"font-weight: 400\">\u2705 <strong>Contenuto di THC &lt;0,3%:<\/strong> legale 100% in Spagna e in Europa<\/span><\/li>\n<li data-start=\"2504\" data-end=\"2696\"><span style=\"font-weight: 400\">\u2705 <strong>Spedizione veloce e discreta:<\/strong> Lo riceverai a casa tua in 24\/48 ore.<\/span><\/li>\n<li data-start=\"2504\" data-end=\"2696\"><span style=\"font-weight: 400\"> \u2705 <strong>Piattaforma di pagamento sicura<\/strong><\/span><\/li>\n<li data-start=\"2504\" data-end=\"2696\"><span style=\"font-weight: 400\">\u2705 <strong>Esperti di prodotti CBD<\/strong>: <strong><a href=\"https:\/\/iguanasmoke.com\/categoria\/hash-cbd\/\">Resine<\/a><\/strong>, <a href=\"https:\/\/iguanasmoke.com\/categoria\/aceite-de-cbd\/\"><strong>Oli<\/strong><\/a>, <a href=\"https:\/\/iguanasmoke.com\/categoria\/pop-corn-cbd-cogollos-pequenos-cbd-mini-buds-cbd\/\"><strong>Popcorn<\/strong><\/a>, <a href=\"https:\/\/iguanasmoke.com\/categoria\/extractos-cbd\/\"><strong>Estratti<\/strong><\/a>, <a href=\"https:\/\/iguanasmoke.com\/categoria\/vaper-cbd\/\"><strong>Svapatori<\/strong> <\/a>e molto altro ancora<\/span><\/li>\n<\/ol>\n<\/li>\n<\/ol>\n<p><span style=\"font-weight: 400\">Inoltre, tutti i nostri fiori di CBD sono<strong> approvato dall&#039;UE<\/strong>garantendone cos\u00ec la legalit\u00e0 e la sicurezza. Abbiamo<a href=\"https:\/\/iguanasmoke.com\/analiticas\/\"><strong> rapporti di laboratorio indipendenti<\/strong><\/a> per verificarne la qualit\u00e0 e la tracciabilit\u00e0. <\/span><\/p>\n<p><span style=\"font-weight: 400\">Hai provato il nostro <strong style=\"font-weight: 400\"><a href=\"https:\/\/iguanasmoke.com\/producto\/flor-10-oh-amnesia-space-flowers-comprar-flores-10-oh-legales-iguana-smoke\/\">Flor 10-OH Amnesia<\/a><\/strong>, Nostro <a style=\"font-weight: 400\" href=\"https:\/\/iguanasmoke.com\/categoria\/nuevas-moleculas\/\"><strong>Vapers 10-OH <\/strong><\/a>o il nostro <a style=\"font-weight: 400\" href=\"https:\/\/iguanasmoke.com\/producto\/space-hash-dry-sift-10-oh\/\"><strong>Space Hash Dry Sift 10-OH<\/strong><\/a>Non perdere il <strong><a href=\"https:\/\/iguanasmoke.com\/categoria\/cbd\/ready-to-roll\/\">Picaduras de Flores CBD m\u00e1s premium<\/a><\/strong> o il <a style=\"font-weight: 400\" href=\"https:\/\/iguanasmoke.com\/categoria\/pop-corn-cbd-cogollos-pequenos-cbd-mini-buds-cbd\/\"><strong>Piccole cime di CBD - Popcorn<\/strong><\/a> pi\u00f9 famoso sul mercato.<\/span><\/p>\n<p>&nbsp;<\/p>\n<h3><b>Iguana Smoke es tu tienda de cannabinoides legales online\u00a0<\/b><\/h3>\n<p><span style=\"font-weight: 400\">In<strong> Fumo di iguana<\/strong>, creemos que disfrutar del CBD debe ser una experiencia segura. Por eso tenemos productos como esta <strong>Flor 10-OH Gorilla Glue <\/strong><strong>Fiori spaziali<\/strong>, que conecta con las nuevas generaciones: personas que buscan bienestar sin complicaciones, con marcas aut\u00e9nticas y fiables. <\/span><\/p>\n<p><span style=\"font-weight: 400\">Ya sabes, nuestra misi\u00f3n es clara:<strong> llevarte lo mejor del mundo del CBD a un precio justo<\/strong>. Adem\u00e1s, te damos la tranquilidad de saber que est\u00e1s eligiendo un <strong>producto certificado, efectivo y 100% legal<\/strong>. Da el paso; Compra tu Flor CBD hoy y eleva tu experiencia a otro nivel.\u00a0<\/span><\/p>\n<p>Hai ancora domande? Scrivici e saremo lieti di aiutarti a trovare il prodotto perfetto per te.<\/p>\n<p>&nbsp;<\/p>\n<p>&nbsp;<\/p>\n<h6>\u2139\ufe0f<strong> Informazioni legali<\/strong><\/h6>\n<p><em><span style=\"font-weight: 400\">*Producto destinado a coleccionismo o aromaterapia, conforme a la legislaci\u00f3n espa\u00f1ola vigente. <\/span><\/em><\/p>\n<p><em><span style=\"font-weight: 400\">**Derivados del c\u00e1\u00f1amo industrial certificado. Contiene menos del 0,3 THC y no incluye cannabinoides ilegales como HHC, HHC-P, THCP, THCP-O, H4CBD ni sustancias recogidas en el Anexo I del Real Decreto 2829\/1977, as\u00ed como tampoco contiene sustancias fiscalizadas por convenios internacionales.\u00a0<\/span><\/em><\/p>","protected":false},"excerpt":{"rendered":"<p><span style=\"font-weight: 400\">Esta Flor 10-OH <span style=\"font-size: 16px;font-weight: 400\">Si distingue per i suoi toni aromatici con sfumature terrose, che lo rendono un fiore unico per aroma e sapore.<\/span><\/span><\/p>\n<ul>\n<li>Flor CBD premium enriquecida con 10-OH<\/li>\n<li>THC: &lt;0,3%<\/li>\n<li>Aroma forte con toni di legno e pino<\/li>\n<li>100% legale Spagna ed Europa<\/li>\n<\/ul>\n<p><span style=\"font-weight: 400\">Consultazione<strong> <a href=\"https:\/\/iguanasmoke.com\/analiticas\/\">analisi di laboratorio.<\/a><\/strong><\/span><\/p>","protected":false},"featured_media":17268,"comment_status":"open","ping_status":"closed","template":"","meta":{"_acf_changed":false,"site-sidebar-layout":"default","site-content-layout":"","ast-site-content-layout":"default","site-content-style":"default","site-sidebar-style":"default","ast-global-header-display":"","ast-banner-title-visibility":"","ast-main-header-display":"","ast-hfb-above-header-display":"","ast-hfb-below-header-display":"","ast-hfb-mobile-header-display":"","site-post-title":"","ast-breadcrumbs-content":"","ast-featured-img":"","footer-sml-layout":"","theme-transparent-header-meta":"default","adv-header-id-meta":"","stick-header-meta":"","header-above-stick-meta":"","header-main-stick-meta":"","header-below-stick-meta":"","astra-migrate-meta-layouts":"set","ast-page-background-enabled":"default","ast-page-background-meta":{"desktop":{"background-color":"var(--ast-global-color-4)","background-image":"","background-repeat":"repeat","background-position":"center center","background-size":"auto","background-attachment":"scroll","background-type":"","background-media":"","overlay-type":"","overlay-color":"","overlay-opacity":"","overlay-gradient":""},"tablet":{"background-color":"","background-image":"","background-repeat":"repeat","background-position":"center center","background-size":"auto","background-attachment":"scroll","background-type":"","background-media":"","overlay-type":"","overlay-color":"","overlay-opacity":"","overlay-gradient":""},"mobile":{"background-color":"","background-image":"","background-repeat":"repeat","background-position":"center center","background-size":"auto","background-attachment":"scroll","background-type":"","background-media":"","overlay-type":"","overlay-color":"","overlay-opacity":"","overlay-gradient":""}},"ast-content-background-meta":{"desktop":{"background-color":"var(--ast-global-color-5)","background-image":"","background-repeat":"repeat","background-position":"center center","background-size":"auto","background-attachment":"scroll","background-type":"","background-media":"","overlay-type":"","overlay-color":"","overlay-opacity":"","overlay-gradient":""},"tablet":{"background-color":"var(--ast-global-color-5)","background-image":"","background-repeat":"repeat","background-position":"center center","background-size":"auto","background-attachment":"scroll","background-type":"","background-media":"","overlay-type":"","overlay-color":"","overlay-opacity":"","overlay-gradient":""},"mobile":{"background-color":"var(--ast-global-color-5)","background-image":"","background-repeat":"repeat","background-position":"center center","background-size":"auto","background-attachment":"scroll","background-type":"","background-media":"","overlay-type":"","overlay-color":"","overlay-opacity":"","overlay-gradient":""}}},"product_brand":[],"product_cat":[140,151,146],"product_tag":[],"class_list":{"0":"post-17264","1":"product","2":"type-product","3":"status-publish","4":"has-post-thumbnail","6":"product_cat-10oh","7":"product_cat-flores-de-10-oh","8":"product_cat-nuevas-moleculas","9":"desktop-align-center","10":"tablet-align-left","11":"mobile-align-left","13":"first","14":"instock","15":"taxable","16":"shipping-taxable","17":"purchasable","18":"product-type-variable"},"acf":[],"yoast_head":"<!-- This site is optimized with the Yoast SEO plugin v27.3 - https:\/\/yoast.com\/product\/yoast-seo-wordpress\/ -->\n<title>Flor 10-OH Gorilla Glue Space Flowers - THE LYF LABS<\/title>\n<meta name=\"description\" content=\"Flor 10-OH Gorilla Glue ofrece calidad suprema en CBD sin los efectos del THC. Aumenta tu bienestar y compra la tuya ahora!\" \/>\n<meta name=\"robots\" content=\"index, follow, max-snippet:-1, max-image-preview:large, max-video-preview:-1\" \/>\n<link rel=\"canonical\" href=\"https:\/\/thelyflabs.com\/it\/product\/flor-10-oh-gorilla-glue-space-flowers\/\" \/>\n<meta property=\"og:locale\" content=\"it_IT\" \/>\n<meta property=\"og:type\" content=\"article\" \/>\n<meta property=\"og:title\" content=\"Flor 10-OH Gorilla Glue Space Flowers - THE LYF LABS\" \/>\n<meta property=\"og:description\" content=\"Flor 10-OH Gorilla Glue ofrece calidad suprema en CBD sin los efectos del THC. Aumenta tu bienestar y compra la tuya ahora!\" \/>\n<meta property=\"og:url\" content=\"https:\/\/thelyflabs.com\/it\/product\/flor-10-oh-gorilla-glue-space-flowers\/\" \/>\n<meta property=\"og:site_name\" content=\"THE LYF LABS\" \/>\n<meta property=\"article:modified_time\" content=\"2026-04-01T08:20:55+00:00\" \/>\n<meta property=\"og:image\" content=\"https:\/\/thelyflabs.com\/wp-content\/uploads\/2026\/03\/Space-Flowers-Gorilla-5g-10-OH-con-cogollo.webp\" \/>\n\t<meta property=\"og:image:width\" content=\"1000\" \/>\n\t<meta property=\"og:image:height\" content=\"1000\" \/>\n\t<meta property=\"og:image:type\" content=\"image\/webp\" \/>\n<meta name=\"twitter:card\" content=\"summary_large_image\" \/>\n<meta name=\"twitter:label1\" content=\"Tempo di lettura stimato\" \/>\n\t<meta name=\"twitter:data1\" content=\"4 minuti\" \/>\n<script type=\"application\/ld+json\" class=\"yoast-schema-graph\">{\"@context\":\"https:\\\/\\\/schema.org\",\"@graph\":[{\"@type\":\"WebPage\",\"@id\":\"https:\\\/\\\/thelyflabs.com\\\/product\\\/flor-10-oh-gorilla-glue-space-flowers\",\"url\":\"https:\\\/\\\/thelyflabs.com\\\/product\\\/flor-10-oh-gorilla-glue-space-flowers\",\"name\":\"Flor 10-OH Gorilla Glue Space Flowers - THE LYF LABS\",\"isPartOf\":{\"@id\":\"https:\\\/\\\/thelyflabs.com\\\/#website\"},\"primaryImageOfPage\":{\"@id\":\"https:\\\/\\\/thelyflabs.com\\\/product\\\/flor-10-oh-gorilla-glue-space-flowers#primaryimage\"},\"image\":{\"@id\":\"https:\\\/\\\/thelyflabs.com\\\/product\\\/flor-10-oh-gorilla-glue-space-flowers#primaryimage\"},\"thumbnailUrl\":\"https:\\\/\\\/thelyflabs.com\\\/wp-content\\\/uploads\\\/2026\\\/03\\\/Space-Flowers-Gorilla-5g-10-OH-con-cogollo.webp\",\"datePublished\":\"2026-03-13T14:22:02+00:00\",\"dateModified\":\"2026-04-01T08:20:55+00:00\",\"description\":\"Flor 10-OH Gorilla Glue ofrece calidad suprema en CBD sin los efectos del THC. Aumenta tu bienestar y compra la tuya ahora!\",\"breadcrumb\":{\"@id\":\"https:\\\/\\\/thelyflabs.com\\\/product\\\/flor-10-oh-gorilla-glue-space-flowers#breadcrumb\"},\"inLanguage\":\"it-IT\",\"potentialAction\":[{\"@type\":\"ReadAction\",\"target\":[\"https:\\\/\\\/thelyflabs.com\\\/product\\\/flor-10-oh-gorilla-glue-space-flowers\"]}]},{\"@type\":\"ImageObject\",\"inLanguage\":\"it-IT\",\"@id\":\"https:\\\/\\\/thelyflabs.com\\\/product\\\/flor-10-oh-gorilla-glue-space-flowers#primaryimage\",\"url\":\"https:\\\/\\\/thelyflabs.com\\\/wp-content\\\/uploads\\\/2026\\\/03\\\/Space-Flowers-Gorilla-5g-10-OH-con-cogollo.webp\",\"contentUrl\":\"https:\\\/\\\/thelyflabs.com\\\/wp-content\\\/uploads\\\/2026\\\/03\\\/Space-Flowers-Gorilla-5g-10-OH-con-cogollo.webp\",\"width\":1000,\"height\":1000},{\"@type\":\"BreadcrumbList\",\"@id\":\"https:\\\/\\\/thelyflabs.com\\\/product\\\/flor-10-oh-gorilla-glue-space-flowers#breadcrumb\",\"itemListElement\":[{\"@type\":\"ListItem\",\"position\":1,\"name\":\"Portada\",\"item\":\"https:\\\/\\\/thelyflabs.com\\\/\"},{\"@type\":\"ListItem\",\"position\":2,\"name\":\"Tienda\",\"item\":\"https:\\\/\\\/thelyflabs.com\\\/tienda\"},{\"@type\":\"ListItem\",\"position\":3,\"name\":\"Flor 10-OH Gorilla Glue Space Flowers\"}]},{\"@type\":\"WebSite\",\"@id\":\"https:\\\/\\\/thelyflabs.com\\\/#website\",\"url\":\"https:\\\/\\\/thelyflabs.com\\\/\",\"name\":\"The LYF Labs\",\"description\":\"CBD al por mayor\",\"publisher\":{\"@id\":\"https:\\\/\\\/thelyflabs.com\\\/#organization\"},\"potentialAction\":[{\"@type\":\"SearchAction\",\"target\":{\"@type\":\"EntryPoint\",\"urlTemplate\":\"https:\\\/\\\/thelyflabs.com\\\/?s={search_term_string}\"},\"query-input\":{\"@type\":\"PropertyValueSpecification\",\"valueRequired\":true,\"valueName\":\"search_term_string\"}}],\"inLanguage\":\"it-IT\"},{\"@type\":\"Organization\",\"@id\":\"https:\\\/\\\/thelyflabs.com\\\/#organization\",\"name\":\"The LYF Labs\",\"url\":\"https:\\\/\\\/thelyflabs.com\\\/\",\"logo\":{\"@type\":\"ImageObject\",\"inLanguage\":\"it-IT\",\"@id\":\"https:\\\/\\\/thelyflabs.com\\\/#\\\/schema\\\/logo\\\/image\\\/\",\"url\":\"https:\\\/\\\/thelyflabs.com\\\/wp-content\\\/uploads\\\/2023\\\/01\\\/cropped-LogoTheLYFLabs.png\",\"contentUrl\":\"https:\\\/\\\/thelyflabs.com\\\/wp-content\\\/uploads\\\/2023\\\/01\\\/cropped-LogoTheLYFLabs.png\",\"width\":600,\"height\":180,\"caption\":\"The LYF Labs\"},\"image\":{\"@id\":\"https:\\\/\\\/thelyflabs.com\\\/#\\\/schema\\\/logo\\\/image\\\/\"}}]}<\/script>\n<!-- \/ Yoast SEO plugin. -->","yoast_head_json":{"title":"Flor 10-OH Gorilla Glue Space Flowers - THE LYF LABS","description":"Flor 10-OH Gorilla Glue ofrece calidad suprema en CBD sin los efectos del THC. Aumenta tu bienestar y compra la tuya ahora!","robots":{"index":"index","follow":"follow","max-snippet":"max-snippet:-1","max-image-preview":"max-image-preview:large","max-video-preview":"max-video-preview:-1"},"canonical":"https:\/\/thelyflabs.com\/it\/product\/flor-10-oh-gorilla-glue-space-flowers\/","og_locale":"it_IT","og_type":"article","og_title":"Flor 10-OH Gorilla Glue Space Flowers - THE LYF LABS","og_description":"Flor 10-OH Gorilla Glue ofrece calidad suprema en CBD sin los efectos del THC. Aumenta tu bienestar y compra la tuya ahora!","og_url":"https:\/\/thelyflabs.com\/it\/product\/flor-10-oh-gorilla-glue-space-flowers\/","og_site_name":"THE LYF LABS","article_modified_time":"2026-04-01T08:20:55+00:00","og_image":[{"width":1000,"height":1000,"url":"https:\/\/thelyflabs.com\/wp-content\/uploads\/2026\/03\/Space-Flowers-Gorilla-5g-10-OH-con-cogollo.webp","type":"image\/webp"}],"twitter_card":"summary_large_image","twitter_misc":{"Tempo di lettura stimato":"4 minuti"},"schema":{"@context":"https:\/\/schema.org","@graph":[{"@type":"WebPage","@id":"https:\/\/thelyflabs.com\/product\/flor-10-oh-gorilla-glue-space-flowers","url":"https:\/\/thelyflabs.com\/product\/flor-10-oh-gorilla-glue-space-flowers","name":"Flor 10-OH Gorilla Glue Space Flowers - THE LYF LABS","isPartOf":{"@id":"https:\/\/thelyflabs.com\/#website"},"primaryImageOfPage":{"@id":"https:\/\/thelyflabs.com\/product\/flor-10-oh-gorilla-glue-space-flowers#primaryimage"},"image":{"@id":"https:\/\/thelyflabs.com\/product\/flor-10-oh-gorilla-glue-space-flowers#primaryimage"},"thumbnailUrl":"https:\/\/thelyflabs.com\/wp-content\/uploads\/2026\/03\/Space-Flowers-Gorilla-5g-10-OH-con-cogollo.webp","datePublished":"2026-03-13T14:22:02+00:00","dateModified":"2026-04-01T08:20:55+00:00","description":"Flor 10-OH Gorilla Glue ofrece calidad suprema en CBD sin los efectos del THC. Aumenta tu bienestar y compra la tuya ahora!","breadcrumb":{"@id":"https:\/\/thelyflabs.com\/product\/flor-10-oh-gorilla-glue-space-flowers#breadcrumb"},"inLanguage":"it-IT","potentialAction":[{"@type":"ReadAction","target":["https:\/\/thelyflabs.com\/product\/flor-10-oh-gorilla-glue-space-flowers"]}]},{"@type":"ImageObject","inLanguage":"it-IT","@id":"https:\/\/thelyflabs.com\/product\/flor-10-oh-gorilla-glue-space-flowers#primaryimage","url":"https:\/\/thelyflabs.com\/wp-content\/uploads\/2026\/03\/Space-Flowers-Gorilla-5g-10-OH-con-cogollo.webp","contentUrl":"https:\/\/thelyflabs.com\/wp-content\/uploads\/2026\/03\/Space-Flowers-Gorilla-5g-10-OH-con-cogollo.webp","width":1000,"height":1000},{"@type":"BreadcrumbList","@id":"https:\/\/thelyflabs.com\/product\/flor-10-oh-gorilla-glue-space-flowers#breadcrumb","itemListElement":[{"@type":"ListItem","position":1,"name":"Portada","item":"https:\/\/thelyflabs.com\/"},{"@type":"ListItem","position":2,"name":"Tienda","item":"https:\/\/thelyflabs.com\/tienda"},{"@type":"ListItem","position":3,"name":"Flor 10-OH Gorilla Glue Space Flowers"}]},{"@type":"WebSite","@id":"https:\/\/thelyflabs.com\/#website","url":"https:\/\/thelyflabs.com\/","name":"I laboratori LYF","description":"CBD all&#039;ingrosso","publisher":{"@id":"https:\/\/thelyflabs.com\/#organization"},"potentialAction":[{"@type":"SearchAction","target":{"@type":"EntryPoint","urlTemplate":"https:\/\/thelyflabs.com\/?s={search_term_string}"},"query-input":{"@type":"PropertyValueSpecification","valueRequired":true,"valueName":"search_term_string"}}],"inLanguage":"it-IT"},{"@type":"Organization","@id":"https:\/\/thelyflabs.com\/#organization","name":"I laboratori LYF","url":"https:\/\/thelyflabs.com\/","logo":{"@type":"ImageObject","inLanguage":"it-IT","@id":"https:\/\/thelyflabs.com\/#\/schema\/logo\/image\/","url":"https:\/\/thelyflabs.com\/wp-content\/uploads\/2023\/01\/cropped-LogoTheLYFLabs.png","contentUrl":"https:\/\/thelyflabs.com\/wp-content\/uploads\/2023\/01\/cropped-LogoTheLYFLabs.png","width":600,"height":180,"caption":"The LYF Labs"},"image":{"@id":"https:\/\/thelyflabs.com\/#\/schema\/logo\/image\/"}}]}},"_links":{"self":[{"href":"https:\/\/thelyflabs.com\/it\/wp-json\/wp\/v2\/product\/17264","targetHints":{"allow":["GET"]}}],"collection":[{"href":"https:\/\/thelyflabs.com\/it\/wp-json\/wp\/v2\/product"}],"about":[{"href":"https:\/\/thelyflabs.com\/it\/wp-json\/wp\/v2\/types\/product"}],"replies":[{"embeddable":true,"href":"https:\/\/thelyflabs.com\/it\/wp-json\/wp\/v2\/comments?post=17264"}],"wp:featuredmedia":[{"embeddable":true,"href":"https:\/\/thelyflabs.com\/it\/wp-json\/wp\/v2\/media\/17268"}],"wp:attachment":[{"href":"https:\/\/thelyflabs.com\/it\/wp-json\/wp\/v2\/media?parent=17264"}],"wp:term":[{"taxonomy":"product_brand","embeddable":true,"href":"https:\/\/thelyflabs.com\/it\/wp-json\/wp\/v2\/product_brand?post=17264"},{"taxonomy":"product_cat","embeddable":true,"href":"https:\/\/thelyflabs.com\/it\/wp-json\/wp\/v2\/product_cat?post=17264"},{"taxonomy":"product_tag","embeddable":true,"href":"https:\/\/thelyflabs.com\/it\/wp-json\/wp\/v2\/product_tag?post=17264"}],"curies":[{"name":"parola chiave","href":"https:\/\/api.w.org\/{rel}","templated":true}]}}