{"id":17958,"date":"2026-04-08T12:27:36","date_gmt":"2026-04-08T10:27:36","guid":{"rendered":"https:\/\/thelyflabs.com\/?post_type=product&#038;p=17958"},"modified":"2026-04-08T14:36:31","modified_gmt":"2026-04-08T12:36:31","slug":"vaper-cbd-full-spectrum-lemon-haze-1ml","status":"publish","type":"product","link":"https:\/\/thelyflabs.com\/it\/product\/vaper-cbd-full-spectrum-lemon-haze-1ml","title":{"rendered":"Vaper CBD Full Spectrum \u2013 Lemon Haze 1ml"},"content":{"rendered":"<h1><span style=\"font-weight: 400\">Vaper CBD Full Spectrum: Lemon Haze 1ml mayorista<\/span><\/h1>\n<p><span style=\"font-weight: 400\">Scopri il <strong>vaper CBD Full Spectrum Lemon Haze<\/strong>, una joya del bienestar disponible <strong>exclusivamente en The Lyf Labs con precio mayorista<\/strong>. <\/span><span style=\"font-weight: 400\">Dise\u00f1ado para quienes buscan una <strong>experiencia de vapeo completa<\/strong>, <strong>natural y potente<\/strong>, este <strong>CBD svapo<\/strong> combina la fuerza terap\u00e9utica del cannabidiol con el inconfundible aroma del lim\u00f3n.<\/span><\/p>\n<p><span style=\"font-weight: 400\">As\u00ed es, nuestro <strong>vaper de CBD<\/strong> est\u00e1 elaborado con <strong>extracto Full Spectrum de c\u00e1\u00f1amo org\u00e1nico<\/strong>, conservando todos los cannabinoides y terpenos de la planta. Adem\u00e1s contiene\u00a0<strong>300mg\/1ml<\/strong><strong>\u00a0di CBD<\/strong> (70% de concentraci\u00f3n) y te proporciona aproximadamente unas\u00a0<strong>300<\/strong><strong>\u00a0caladas<\/strong>. <\/span><\/p>\n<p><span style=\"font-weight: 400\">Disfruta de una <strong>sensaci\u00f3n de alivio r\u00e1pida y duradera<\/strong>, ideal para acompa\u00f1arte en momentos de estr\u00e9s, ansiedad o descanso.<\/span><\/p>\n<h2><\/h2>\n<p>&nbsp;<\/p>\n<h2><strong>Caracter\u00edsticas principales Vaper CBD Full Spectrum mayorista:<\/strong><\/h2>\n<ul>\n<li><span style=\"font-weight: 400\"><strong>Contiene CBD Full Spectrum de alta calidad<\/strong>, con un perfil natural de cannabinoides.<\/span><\/li>\n<li><span style=\"font-weight: 400\"><strong>Extracto de c\u00e1\u00f1amo org\u00e1nico<\/strong>, sin aditivos ni disolventes.<\/span><\/li>\n<li><span style=\"font-weight: 400\">Disponible en<strong> 1 ml<\/strong>. <\/span><\/li>\n<li>Ideal para uso diario: <strong>no hay combusti\u00f3n, ni olor, ni genera tolerancia<\/strong>.<\/li>\n<li><span style=\"font-weight: 400\">Hasta <strong>300<\/strong><strong>\u00a0caladas<\/strong>.<\/span><\/li>\n<li>Bater\u00eda recargable USB tipo C.<\/li>\n<li><span style=\"font-weight: 400\"><strong>Nessun THC rilevabile<\/strong>. <\/span><\/li>\n<li><span style=\"font-weight: 400\"><strong>Calidad garantizada por Iguana Smoke<\/strong>.<\/span><\/li>\n<\/ul>\n<p><span style=\"font-weight: 400\">Lui <strong>vaper CBD Full Spectrum <\/strong>es la forma m\u00e1s c\u00f3moda y limpia de disfrutar de todos los <strong>beneficios del Cannabidiol<\/strong>, sin mantenimiento ni complicaciones.<\/span><\/p>\n<p>&nbsp;<\/p>\n<h2><strong>\u00bfQu\u00e9 es un vaper desechable?<\/strong><\/h2>\n<p><span style=\"font-weight: 400\">UN <strong>vaper CBD desechable<\/strong> es un dispositivo tipo \u00abpen\u00bb <strong>de 1ml <\/strong>que viene cargado con l\u00edquido de <strong>CBD Full Spectrum<\/strong>. La gran diferencia con otros tipos de vapers es que no necesita recargarse ni rellenarse: <strong>cuando se acaba, simplemente se desecha<\/strong>.<\/span><\/p>\n<p><span style=\"font-weight: 400\">Tambi\u00e9n, existen <strong><a href=\"https:\/\/thelyflabs.com\/it\/product-category\/vaper-cbd\/cartuchos\/\">cartuchos CBD Full Spectrum desechables<\/a><\/strong> que son microc\u00e1psulas que contienen el l\u00edquido pero necesitan de una bater\u00eda externa para usarse.<\/span><\/p>\n<p>&nbsp;<\/p>\n<section class=\"product-description\">\n<h3><b>\u00bfD\u00f3nde comprar tus Vaper CBD Full Spectrum mayorista<\/b><b>?<\/b><\/h3>\n<p><span style=\"font-weight: 400\">Se stai cercando <strong>comprar vaper CBD Full Spectrum<\/strong><strong>, <\/strong>este es tu lugar seguro para <strong>comprar vaper desechable CBD Full Spectrum en Espa\u00f1a.<\/strong> Todos nuestros productos est\u00e1n aprobados por la UE, garantizando su legalidad y seguridad. Adem\u00e1s, si quieres puedes consultar<\/span><strong><a href=\"https:\/\/iguanasmoke.com\/analiticas\/\">analisi di laboratorio.<\/a><\/strong><\/p>\n<p><span style=\"font-weight: 400\">No te olvides de explorar <\/span><span style=\"font-weight: 400\">nuestra variedad y encontrar ya tus favoritos.<\/span><\/p>\n<p><strong data-start=\"303\" data-end=\"345\">Env\u00edo r\u00e1pido y discreto en toda Espa\u00f1a<\/strong>, con <strong data-start=\"351\" data-end=\"387\">atenci\u00f3n cercana y personalizada<\/strong> para resolver cualquier duda antes y despu\u00e9s de tu compra.<\/p>\n<p>&nbsp;<\/p>\n<h2>Qualit\u00e0 e sicurezza<\/h2>\n<p>In <strong>I laboratori Lyf<\/strong>, garantiamo che ogni lotto di <span style=\"font-weight: 400\"><strong>vaper CBD Full Spectrum<\/strong><\/span>\u00a0Viene sottoposto a rigorose analisi di laboratorio per confermarne la purezza, l&#039;assenza di pesticidi e i livelli legali di THC (inferiori a 0,3%). Il nostro impegno per la qualit\u00e0 e la sicurezza ci consente di offrire un prodotto affidabile, adatto a tutti gli utenti che apprezzano la legalit\u00e0 e l&#039;eccellenza nel loro consumo.<\/p>\n<\/section>\n<section class=\"product-description\">The Lyf Labs se compromete a ofrecer <strong>productos que combinan tradici\u00f3n, innovaci\u00f3n y m\u00e1xima calidad<\/strong>. Conf\u00eda en nosotros para llevar a tu colecci\u00f3n o cat\u00e1logo un producto que destaca por su autenticidad, sabor y fiabilidad.<\/section>\n<section><\/section>\n<section><\/section>\n<section><\/section>\n<section><\/section>\n<section><\/section>\n<section><\/section>\n<section><\/section>\n<section><\/section>\n<section><\/section>\n<h1><\/h1>\n<p>&nbsp;<\/p>\n<p>&nbsp;<\/p>\n<h3 class=\"product-description\"><span style=\"font-size: 1.7em;font-weight: bold\">Lyf Labs \u00e8 di qualit\u00e0<\/span><\/h3>\n<p>The Lyf Labs representa la excelencia en el <strong>mercado mayorista de cannabinoides,<\/strong> ofreciendo productos innovadores, seguros y de alta pureza para <strong>tiendas especializadas y distribuidores<\/strong>. Nos enfocamos en satisfacer las necesidades de un sector profesional que busca calidad constante, trazabilidad y <strong>precios competitivos<\/strong>. Si buscas un proveedor confiable y con visi\u00f3n de futuro, en The Lyf Labs encontrar\u00e1s un aliado estrat\u00e9gico para crecer en el mercado del c\u00e1\u00f1amo.<\/p>\n<p>&nbsp;<\/p>\n<h6>\u2139\ufe0f<strong> Informazioni legali<\/strong><\/h6>\n<p><em><span style=\"font-weight: 400\">*Producto destinado a coleccionismo o aromaterapia, conforme a la legislaci\u00f3n espa\u00f1ola vigente. <\/span><\/em><\/p>\n<p><em><span style=\"font-weight: 400\">**Derivados del c\u00e1\u00f1amo industrial certificado. Contiene menos del 0,3 THC y no incluye cannabinoides ilegales como HHC, HHC-P, THCP, THCP-O, H4CBD ni sustancias recogidas en el Anexo I del Real Decreto 2829\/1977, as\u00ed como tampoco contiene sustancias fiscalizadas por convenios internacionales.<\/span><\/em><\/p>","protected":false},"excerpt":{"rendered":"<h4>Caratteristiche<\/h4>\n<ul>\n<li style=\"list-style-type: none\">\n<ul>\n<li>Sabor Lim\u00f3n<\/li>\n<li>Capacidad: 1ml<\/li>\n<li>Sbuffi: fino a 300<\/li>\n<li>Terpeni naturali di alta qualit\u00e0<\/li>\n<li>CBD Full Spectrum 70% 300mg<\/li>\n<li>THC: 0%, HHC: 0%, THC-P: 0%, Nicotina: 0%<\/li>\n<li>Non contiene VG, PG, PEG, MCT o altri agenti di taglio.<\/li>\n<\/ul>\n<\/li>\n<\/ul>\n<p><span style=\"font-weight: 400\">Adem\u00e1s, si quieres puedes consultar<strong> <a href=\"https:\/\/iguanasmoke.com\/analiticas\/\">analisi di laboratorio.<\/a><\/strong><\/span><\/p>","protected":false},"featured_media":17946,"comment_status":"open","ping_status":"closed","template":"","meta":{"_acf_changed":false,"site-sidebar-layout":"default","site-content-layout":"","ast-site-content-layout":"default","site-content-style":"default","site-sidebar-style":"default","ast-global-header-display":"","ast-banner-title-visibility":"","ast-main-header-display":"","ast-hfb-above-header-display":"","ast-hfb-below-header-display":"","ast-hfb-mobile-header-display":"","site-post-title":"","ast-breadcrumbs-content":"","ast-featured-img":"","footer-sml-layout":"","theme-transparent-header-meta":"default","adv-header-id-meta":"","stick-header-meta":"","header-above-stick-meta":"","header-main-stick-meta":"","header-below-stick-meta":"","astra-migrate-meta-layouts":"set","ast-page-background-enabled":"default","ast-page-background-meta":{"desktop":{"background-color":"var(--ast-global-color-4)","background-image":"","background-repeat":"repeat","background-position":"center center","background-size":"auto","background-attachment":"scroll","background-type":"","background-media":"","overlay-type":"","overlay-color":"","overlay-opacity":"","overlay-gradient":""},"tablet":{"background-color":"","background-image":"","background-repeat":"repeat","background-position":"center center","background-size":"auto","background-attachment":"scroll","background-type":"","background-media":"","overlay-type":"","overlay-color":"","overlay-opacity":"","overlay-gradient":""},"mobile":{"background-color":"","background-image":"","background-repeat":"repeat","background-position":"center center","background-size":"auto","background-attachment":"scroll","background-type":"","background-media":"","overlay-type":"","overlay-color":"","overlay-opacity":"","overlay-gradient":""}},"ast-content-background-meta":{"desktop":{"background-color":"var(--ast-global-color-5)","background-image":"","background-repeat":"repeat","background-position":"center center","background-size":"auto","background-attachment":"scroll","background-type":"","background-media":"","overlay-type":"","overlay-color":"","overlay-opacity":"","overlay-gradient":""},"tablet":{"background-color":"var(--ast-global-color-5)","background-image":"","background-repeat":"repeat","background-position":"center center","background-size":"auto","background-attachment":"scroll","background-type":"","background-media":"","overlay-type":"","overlay-color":"","overlay-opacity":"","overlay-gradient":""},"mobile":{"background-color":"var(--ast-global-color-5)","background-image":"","background-repeat":"repeat","background-position":"center center","background-size":"auto","background-attachment":"scroll","background-type":"","background-media":"","overlay-type":"","overlay-color":"","overlay-opacity":"","overlay-gradient":""}}},"product_brand":[],"product_cat":[79],"product_tag":[],"class_list":{"0":"post-17958","1":"product","2":"type-product","3":"status-publish","4":"has-post-thumbnail","6":"product_cat-full-spectrum-cbd","7":"desktop-align-center","8":"tablet-align-left","9":"mobile-align-left","11":"first","12":"instock","13":"taxable","14":"shipping-taxable","15":"product-type-simple"},"acf":[],"yoast_head":"<!-- This site is optimized with the Yoast SEO plugin v27.3 - https:\/\/yoast.com\/product\/yoast-seo-wordpress\/ -->\n<title>Vaper Lemon Haze 1ml mayorista: CBD Full Spectrum - THE LYF LABS<\/title>\n<meta name=\"description\" content=\"Experimenta el Vaper CBD Full Spectrum Lemon Haze 1ml mayorista y transforma tu bienestar. Una potente experiencia natural que no querr\u00e1s perderte.\" \/>\n<meta name=\"robots\" content=\"index, follow, max-snippet:-1, max-image-preview:large, max-video-preview:-1\" \/>\n<link rel=\"canonical\" href=\"https:\/\/thelyflabs.com\/it\/product\/vaper-cbd-full-spectrum-lemon-haze-1ml\/\" \/>\n<meta property=\"og:locale\" content=\"it_IT\" \/>\n<meta property=\"og:type\" content=\"article\" \/>\n<meta property=\"og:title\" content=\"Vaper Lemon Haze 1ml mayorista: CBD Full Spectrum - THE LYF LABS\" \/>\n<meta property=\"og:description\" content=\"Experimenta el Vaper CBD Full Spectrum Lemon Haze 1ml mayorista y transforma tu bienestar. Una potente experiencia natural que no querr\u00e1s perderte.\" \/>\n<meta property=\"og:url\" content=\"https:\/\/thelyflabs.com\/it\/product\/vaper-cbd-full-spectrum-lemon-haze-1ml\/\" \/>\n<meta property=\"og:site_name\" content=\"THE LYF LABS\" \/>\n<meta property=\"article:modified_time\" content=\"2026-04-08T12:36:31+00:00\" \/>\n<meta property=\"og:image\" content=\"https:\/\/thelyflabs.com\/wp-content\/uploads\/2026\/04\/Bolsa-Vape-Full-Spectrum-Lemon-con-vape-1ml.webp\" \/>\n\t<meta property=\"og:image:width\" content=\"1000\" \/>\n\t<meta property=\"og:image:height\" content=\"1000\" \/>\n\t<meta property=\"og:image:type\" content=\"image\/webp\" \/>\n<meta name=\"twitter:card\" content=\"summary_large_image\" \/>\n<meta name=\"twitter:label1\" content=\"Tempo di lettura stimato\" \/>\n\t<meta name=\"twitter:data1\" content=\"3 minuti\" \/>\n<script type=\"application\/ld+json\" class=\"yoast-schema-graph\">{\"@context\":\"https:\\\/\\\/schema.org\",\"@graph\":[{\"@type\":\"WebPage\",\"@id\":\"https:\\\/\\\/thelyflabs.com\\\/product\\\/vaper-cbd-full-spectrum-lemon-haze-1ml\",\"url\":\"https:\\\/\\\/thelyflabs.com\\\/product\\\/vaper-cbd-full-spectrum-lemon-haze-1ml\",\"name\":\"Vaper Lemon Haze 1ml mayorista: CBD Full Spectrum - THE LYF LABS\",\"isPartOf\":{\"@id\":\"https:\\\/\\\/thelyflabs.com\\\/#website\"},\"primaryImageOfPage\":{\"@id\":\"https:\\\/\\\/thelyflabs.com\\\/product\\\/vaper-cbd-full-spectrum-lemon-haze-1ml#primaryimage\"},\"image\":{\"@id\":\"https:\\\/\\\/thelyflabs.com\\\/product\\\/vaper-cbd-full-spectrum-lemon-haze-1ml#primaryimage\"},\"thumbnailUrl\":\"https:\\\/\\\/thelyflabs.com\\\/wp-content\\\/uploads\\\/2026\\\/04\\\/Bolsa-Vape-Full-Spectrum-Lemon-con-vape-1ml.webp\",\"datePublished\":\"2026-04-08T10:27:36+00:00\",\"dateModified\":\"2026-04-08T12:36:31+00:00\",\"description\":\"Experimenta el Vaper CBD Full Spectrum Lemon Haze 1ml mayorista y transforma tu bienestar. Una potente experiencia natural que no querr\u00e1s perderte.\",\"breadcrumb\":{\"@id\":\"https:\\\/\\\/thelyflabs.com\\\/product\\\/vaper-cbd-full-spectrum-lemon-haze-1ml#breadcrumb\"},\"inLanguage\":\"it-IT\",\"potentialAction\":[{\"@type\":\"ReadAction\",\"target\":[\"https:\\\/\\\/thelyflabs.com\\\/product\\\/vaper-cbd-full-spectrum-lemon-haze-1ml\"]}]},{\"@type\":\"ImageObject\",\"inLanguage\":\"it-IT\",\"@id\":\"https:\\\/\\\/thelyflabs.com\\\/product\\\/vaper-cbd-full-spectrum-lemon-haze-1ml#primaryimage\",\"url\":\"https:\\\/\\\/thelyflabs.com\\\/wp-content\\\/uploads\\\/2026\\\/04\\\/Bolsa-Vape-Full-Spectrum-Lemon-con-vape-1ml.webp\",\"contentUrl\":\"https:\\\/\\\/thelyflabs.com\\\/wp-content\\\/uploads\\\/2026\\\/04\\\/Bolsa-Vape-Full-Spectrum-Lemon-con-vape-1ml.webp\",\"width\":1000,\"height\":1000,\"caption\":\"vaper cbd full spectrum 1ml lemon\"},{\"@type\":\"BreadcrumbList\",\"@id\":\"https:\\\/\\\/thelyflabs.com\\\/product\\\/vaper-cbd-full-spectrum-lemon-haze-1ml#breadcrumb\",\"itemListElement\":[{\"@type\":\"ListItem\",\"position\":1,\"name\":\"Portada\",\"item\":\"https:\\\/\\\/thelyflabs.com\\\/\"},{\"@type\":\"ListItem\",\"position\":2,\"name\":\"Tienda\",\"item\":\"https:\\\/\\\/thelyflabs.com\\\/tienda\"},{\"@type\":\"ListItem\",\"position\":3,\"name\":\"Vaper CBD Full Spectrum \u2013 Lemon Haze 1ml\"}]},{\"@type\":\"WebSite\",\"@id\":\"https:\\\/\\\/thelyflabs.com\\\/#website\",\"url\":\"https:\\\/\\\/thelyflabs.com\\\/\",\"name\":\"The LYF Labs\",\"description\":\"CBD al por mayor\",\"publisher\":{\"@id\":\"https:\\\/\\\/thelyflabs.com\\\/#organization\"},\"potentialAction\":[{\"@type\":\"SearchAction\",\"target\":{\"@type\":\"EntryPoint\",\"urlTemplate\":\"https:\\\/\\\/thelyflabs.com\\\/?s={search_term_string}\"},\"query-input\":{\"@type\":\"PropertyValueSpecification\",\"valueRequired\":true,\"valueName\":\"search_term_string\"}}],\"inLanguage\":\"it-IT\"},{\"@type\":\"Organization\",\"@id\":\"https:\\\/\\\/thelyflabs.com\\\/#organization\",\"name\":\"The LYF Labs\",\"url\":\"https:\\\/\\\/thelyflabs.com\\\/\",\"logo\":{\"@type\":\"ImageObject\",\"inLanguage\":\"it-IT\",\"@id\":\"https:\\\/\\\/thelyflabs.com\\\/#\\\/schema\\\/logo\\\/image\\\/\",\"url\":\"https:\\\/\\\/thelyflabs.com\\\/wp-content\\\/uploads\\\/2023\\\/01\\\/cropped-LogoTheLYFLabs.png\",\"contentUrl\":\"https:\\\/\\\/thelyflabs.com\\\/wp-content\\\/uploads\\\/2023\\\/01\\\/cropped-LogoTheLYFLabs.png\",\"width\":600,\"height\":180,\"caption\":\"The LYF Labs\"},\"image\":{\"@id\":\"https:\\\/\\\/thelyflabs.com\\\/#\\\/schema\\\/logo\\\/image\\\/\"}}]}<\/script>\n<!-- \/ Yoast SEO plugin. -->","yoast_head_json":{"title":"Vaper Lemon Haze 1ml mayorista: CBD Full Spectrum - THE LYF LABS","description":"Experimenta el Vaper CBD Full Spectrum Lemon Haze 1ml mayorista y transforma tu bienestar. Una potente experiencia natural que no querr\u00e1s perderte.","robots":{"index":"index","follow":"follow","max-snippet":"max-snippet:-1","max-image-preview":"max-image-preview:large","max-video-preview":"max-video-preview:-1"},"canonical":"https:\/\/thelyflabs.com\/it\/product\/vaper-cbd-full-spectrum-lemon-haze-1ml\/","og_locale":"it_IT","og_type":"article","og_title":"Vaper Lemon Haze 1ml mayorista: CBD Full Spectrum - THE LYF LABS","og_description":"Experimenta el Vaper CBD Full Spectrum Lemon Haze 1ml mayorista y transforma tu bienestar. Una potente experiencia natural que no querr\u00e1s perderte.","og_url":"https:\/\/thelyflabs.com\/it\/product\/vaper-cbd-full-spectrum-lemon-haze-1ml\/","og_site_name":"THE LYF LABS","article_modified_time":"2026-04-08T12:36:31+00:00","og_image":[{"width":1000,"height":1000,"url":"https:\/\/thelyflabs.com\/wp-content\/uploads\/2026\/04\/Bolsa-Vape-Full-Spectrum-Lemon-con-vape-1ml.webp","type":"image\/webp"}],"twitter_card":"summary_large_image","twitter_misc":{"Tempo di lettura stimato":"3 minuti"},"schema":{"@context":"https:\/\/schema.org","@graph":[{"@type":"WebPage","@id":"https:\/\/thelyflabs.com\/product\/vaper-cbd-full-spectrum-lemon-haze-1ml","url":"https:\/\/thelyflabs.com\/product\/vaper-cbd-full-spectrum-lemon-haze-1ml","name":"Vaper Lemon Haze 1ml mayorista: CBD Full Spectrum - THE LYF LABS","isPartOf":{"@id":"https:\/\/thelyflabs.com\/#website"},"primaryImageOfPage":{"@id":"https:\/\/thelyflabs.com\/product\/vaper-cbd-full-spectrum-lemon-haze-1ml#primaryimage"},"image":{"@id":"https:\/\/thelyflabs.com\/product\/vaper-cbd-full-spectrum-lemon-haze-1ml#primaryimage"},"thumbnailUrl":"https:\/\/thelyflabs.com\/wp-content\/uploads\/2026\/04\/Bolsa-Vape-Full-Spectrum-Lemon-con-vape-1ml.webp","datePublished":"2026-04-08T10:27:36+00:00","dateModified":"2026-04-08T12:36:31+00:00","description":"Experimenta el Vaper CBD Full Spectrum Lemon Haze 1ml mayorista y transforma tu bienestar. Una potente experiencia natural que no querr\u00e1s perderte.","breadcrumb":{"@id":"https:\/\/thelyflabs.com\/product\/vaper-cbd-full-spectrum-lemon-haze-1ml#breadcrumb"},"inLanguage":"it-IT","potentialAction":[{"@type":"ReadAction","target":["https:\/\/thelyflabs.com\/product\/vaper-cbd-full-spectrum-lemon-haze-1ml"]}]},{"@type":"ImageObject","inLanguage":"it-IT","@id":"https:\/\/thelyflabs.com\/product\/vaper-cbd-full-spectrum-lemon-haze-1ml#primaryimage","url":"https:\/\/thelyflabs.com\/wp-content\/uploads\/2026\/04\/Bolsa-Vape-Full-Spectrum-Lemon-con-vape-1ml.webp","contentUrl":"https:\/\/thelyflabs.com\/wp-content\/uploads\/2026\/04\/Bolsa-Vape-Full-Spectrum-Lemon-con-vape-1ml.webp","width":1000,"height":1000,"caption":"vaper cbd full spectrum 1ml lemon"},{"@type":"BreadcrumbList","@id":"https:\/\/thelyflabs.com\/product\/vaper-cbd-full-spectrum-lemon-haze-1ml#breadcrumb","itemListElement":[{"@type":"ListItem","position":1,"name":"Portada","item":"https:\/\/thelyflabs.com\/"},{"@type":"ListItem","position":2,"name":"Tienda","item":"https:\/\/thelyflabs.com\/tienda"},{"@type":"ListItem","position":3,"name":"Vaper CBD Full Spectrum \u2013 Lemon Haze 1ml"}]},{"@type":"WebSite","@id":"https:\/\/thelyflabs.com\/#website","url":"https:\/\/thelyflabs.com\/","name":"I laboratori LYF","description":"CBD all&#039;ingrosso","publisher":{"@id":"https:\/\/thelyflabs.com\/#organization"},"potentialAction":[{"@type":"SearchAction","target":{"@type":"EntryPoint","urlTemplate":"https:\/\/thelyflabs.com\/?s={search_term_string}"},"query-input":{"@type":"PropertyValueSpecification","valueRequired":true,"valueName":"search_term_string"}}],"inLanguage":"it-IT"},{"@type":"Organization","@id":"https:\/\/thelyflabs.com\/#organization","name":"I laboratori LYF","url":"https:\/\/thelyflabs.com\/","logo":{"@type":"ImageObject","inLanguage":"it-IT","@id":"https:\/\/thelyflabs.com\/#\/schema\/logo\/image\/","url":"https:\/\/thelyflabs.com\/wp-content\/uploads\/2023\/01\/cropped-LogoTheLYFLabs.png","contentUrl":"https:\/\/thelyflabs.com\/wp-content\/uploads\/2023\/01\/cropped-LogoTheLYFLabs.png","width":600,"height":180,"caption":"The LYF Labs"},"image":{"@id":"https:\/\/thelyflabs.com\/#\/schema\/logo\/image\/"}}]}},"_links":{"self":[{"href":"https:\/\/thelyflabs.com\/it\/wp-json\/wp\/v2\/product\/17958","targetHints":{"allow":["GET"]}}],"collection":[{"href":"https:\/\/thelyflabs.com\/it\/wp-json\/wp\/v2\/product"}],"about":[{"href":"https:\/\/thelyflabs.com\/it\/wp-json\/wp\/v2\/types\/product"}],"replies":[{"embeddable":true,"href":"https:\/\/thelyflabs.com\/it\/wp-json\/wp\/v2\/comments?post=17958"}],"wp:featuredmedia":[{"embeddable":true,"href":"https:\/\/thelyflabs.com\/it\/wp-json\/wp\/v2\/media\/17946"}],"wp:attachment":[{"href":"https:\/\/thelyflabs.com\/it\/wp-json\/wp\/v2\/media?parent=17958"}],"wp:term":[{"taxonomy":"product_brand","embeddable":true,"href":"https:\/\/thelyflabs.com\/it\/wp-json\/wp\/v2\/product_brand?post=17958"},{"taxonomy":"product_cat","embeddable":true,"href":"https:\/\/thelyflabs.com\/it\/wp-json\/wp\/v2\/product_cat?post=17958"},{"taxonomy":"product_tag","embeddable":true,"href":"https:\/\/thelyflabs.com\/it\/wp-json\/wp\/v2\/product_tag?post=17958"}],"curies":[{"name":"parola chiave","href":"https:\/\/api.w.org\/{rel}","templated":true}]}}