{"id":190,"date":"2023-01-29T20:11:45","date_gmt":"2023-01-29T20:11:45","guid":{"rendered":"https:\/\/thelyflabs.com\/?post_type=product&#038;p=190"},"modified":"2026-02-08T23:27:15","modified_gmt":"2026-02-08T22:27:15","slug":"aceite-cbd-isolate-5-lyf-15ml","status":"publish","type":"product","link":"https:\/\/thelyflabs.com\/it\/product\/aceite-cbd-isolate-5-lyf-15ml","title":{"rendered":"Olio di CBD isolato 15 ml 5% CBD"},"content":{"rendered":"<p><span style=\"font-weight: 400;\">I nostri oli LYF CBD Isolate sono privi di THC e pensati per chi non desidera assumere la componente psicoattiva della pianta.\u00a0<\/span><\/p>\n<p><span style=\"font-weight: 400;\">Presso The LYF Labs coltiviamo le nostre piante di canapa biologica in modo sostenibile e senza additivi chimici o OGM.\u00a0<\/span><\/p>\n<p><span style=\"font-weight: 400;\">Le sue propriet\u00e0 medicinali lo rendono un&#039;alternativa perfetta agli antidolorifici farmaceutici, poich\u00e9 aiuta a combattere il dolore cronico e l&#039;ansia, regola il sonno, ha propriet\u00e0 antiossidanti e pu\u00f2 aiutare a ridurre la pressione sanguigna, tra i molti altri benefici per il nostro organismo. Il suo uso topico \u00e8 raccomandato per trattare disturbi della pelle come eruzioni cutanee, acne, psoriasi, irritazioni, dermatite atopica, malattie infiammatorie e altri tipi di patologie cutanee. Se desideri saperne di pi\u00f9 sui benefici del CBD, ti invitiamo a visitare il nostro blog.<\/span><\/p>","protected":false},"excerpt":{"rendered":"<ul>\n<li style=\"font-weight: 400;\" aria-level=\"1\"><span style=\"font-weight: 400;\">Olio di CBD puro premium 5% 15 ml<\/span><\/li>\n<li style=\"font-weight: 400;\" aria-level=\"1\"><span style=\"font-weight: 400;\">Contiene 750 mg di estratto di CBD diluito in olio di semi di canapa biologico<\/span><\/li>\n<li style=\"font-weight: 400;\" aria-level=\"1\"><span style=\"font-weight: 400;\">Ingredienti naturali 100%, vegani, senza OGM e rispettosi dell&#039;ambiente<\/span><\/li>\n<li style=\"font-weight: 400;\" aria-level=\"1\"><span style=\"font-weight: 400;\">Prodotto in Spagna<\/span><\/li>\n<li style=\"font-weight: 400;\" aria-level=\"1\"><span style=\"font-weight: 400;\">Non contiene THC<\/span><\/li>\n<\/ul>\n<p><span style=\"font-weight: 400;\">Il nostro olio LYF CBD Isolate 5% \u00e8 pensato per chi desidera entrare nel mondo del CBD con un prodotto di alta qualit\u00e0, efficace, affidabile, sicuro, legale al 100% e privo di THC.<\/span><\/p>\n<p><span style=\"font-weight: 400;\">Gli oli di CBD LYF vengono estratti e filtrati nei nostri laboratori sotto rigorosi controlli di qualit\u00e0, garantendo che conservino tutte le propriet\u00e0 benefiche della pianta. Il nostro obiettivo \u00e8 raggiungere la massima purezza nei nostri prodotti, rispettando l&#039;ambiente e offrendo la massima qualit\u00e0 ai nostri clienti. <\/span><\/p>\n<p>Analisi della qualit\u00e0: <a href=\"http:\/\/lyfhemp.com\/wp-content\/uploads\/2018\/02\/Aceite-ISO-5.pdf\" target=\"_blank\" rel=\"noopener\">clicca qui<\/a><\/p>","protected":false},"featured_media":191,"comment_status":"open","ping_status":"closed","template":"","meta":{"_acf_changed":false,"site-sidebar-layout":"default","site-content-layout":"default","ast-site-content-layout":"default","site-content-style":"default","site-sidebar-style":"default","ast-global-header-display":"","ast-banner-title-visibility":"","ast-main-header-display":"","ast-hfb-above-header-display":"","ast-hfb-below-header-display":"","ast-hfb-mobile-header-display":"","site-post-title":"","ast-breadcrumbs-content":"","ast-featured-img":"","footer-sml-layout":"","theme-transparent-header-meta":"default","adv-header-id-meta":"","stick-header-meta":"","header-above-stick-meta":"","header-main-stick-meta":"","header-below-stick-meta":"","astra-migrate-meta-layouts":"default","ast-page-background-enabled":"default","ast-page-background-meta":{"desktop":{"background-color":"var(--ast-global-color-4)","background-image":"","background-repeat":"repeat","background-position":"center center","background-size":"auto","background-attachment":"scroll","background-type":"","background-media":"","overlay-type":"","overlay-color":"","overlay-opacity":"","overlay-gradient":""},"tablet":{"background-color":"","background-image":"","background-repeat":"repeat","background-position":"center center","background-size":"auto","background-attachment":"scroll","background-type":"","background-media":"","overlay-type":"","overlay-color":"","overlay-opacity":"","overlay-gradient":""},"mobile":{"background-color":"","background-image":"","background-repeat":"repeat","background-position":"center center","background-size":"auto","background-attachment":"scroll","background-type":"","background-media":"","overlay-type":"","overlay-color":"","overlay-opacity":"","overlay-gradient":""}},"ast-content-background-meta":{"desktop":{"background-color":"var(--ast-global-color-5)","background-image":"","background-repeat":"repeat","background-position":"center center","background-size":"auto","background-attachment":"scroll","background-type":"","background-media":"","overlay-type":"","overlay-color":"","overlay-opacity":"","overlay-gradient":""},"tablet":{"background-color":"var(--ast-global-color-5)","background-image":"","background-repeat":"repeat","background-position":"center center","background-size":"auto","background-attachment":"scroll","background-type":"","background-media":"","overlay-type":"","overlay-color":"","overlay-opacity":"","overlay-gradient":""},"mobile":{"background-color":"var(--ast-global-color-5)","background-image":"","background-repeat":"repeat","background-position":"center center","background-size":"auto","background-attachment":"scroll","background-type":"","background-media":"","overlay-type":"","overlay-color":"","overlay-opacity":"","overlay-gradient":""}}},"product_brand":[],"product_cat":[25,44],"product_tag":[],"class_list":{"0":"post-190","1":"product","2":"type-product","3":"status-publish","4":"has-post-thumbnail","6":"product_cat-aceite-de-cbd","7":"product_cat-lyf","8":"desktop-align-center","9":"tablet-align-left","10":"mobile-align-left","12":"first","13":"instock","14":"taxable","15":"shipping-taxable","16":"purchasable","17":"product-type-simple"},"acf":[],"yoast_head":"<!-- This site is optimized with the Yoast SEO plugin v27.4 - https:\/\/yoast.com\/product\/yoast-seo-wordpress\/ -->\n<title>Aceite de CBD Isolate 15ml 5% CBD - THE LYF LABS<\/title>\n<meta name=\"robots\" content=\"index, follow, max-snippet:-1, max-image-preview:large, max-video-preview:-1\" \/>\n<link rel=\"canonical\" href=\"https:\/\/thelyflabs.com\/it\/product\/aceite-cbd-isolate-5-lyf-15ml\/\" \/>\n<meta property=\"og:locale\" content=\"it_IT\" \/>\n<meta property=\"og:type\" content=\"article\" \/>\n<meta property=\"og:title\" content=\"Aceite de CBD Isolate 15ml 5% CBD - THE LYF LABS\" \/>\n<meta property=\"og:description\" content=\"Aceite puro de CBD premium al 5% de 15 ml  Contiene 750mg de extracto de CBD diluido en aceite de semillas de c\u00e1\u00f1amo ecol\u00f3gico  Ingredientes 100% naturales, vegano, sin GMO y respetuoso con el medio ambiente  Fabricado en Espa\u00f1a  No contiene THC  Nuestro aceite LYF CDB Isolate al 5% est\u00e1 pensado para aquellas personas que quieren introducirse en el mundo del CBD con un producto de primera calidad, eficaz, confiable, seguro, 100% legal y libre de THC.  Los aceites LYF de CBD son extra\u00eddos y filtrados en nuestros laboratorios bajo estrictos controles de calidad, lo que garantiza que mantienen todas las propiedades beneficiosas de la planta. Nuestro objetivo es conseguir la m\u00e1xima pureza en nuestros productos; respetando el medio ambiente y proporcionando la mayor calidad a nuestros clientes.   An\u00e1lisis de calidad: Pincha aqu\u00ed\" \/>\n<meta property=\"og:url\" content=\"https:\/\/thelyflabs.com\/it\/product\/aceite-cbd-isolate-5-lyf-15ml\/\" \/>\n<meta property=\"og:site_name\" content=\"THE LYF LABS\" \/>\n<meta property=\"article:modified_time\" content=\"2026-02-08T22:27:15+00:00\" \/>\n<meta property=\"og:image\" content=\"https:\/\/thelyflabs.com\/wp-content\/uploads\/2023\/01\/02gotero-y-caja.png\" \/>\n\t<meta property=\"og:image:width\" content=\"1166\" \/>\n\t<meta property=\"og:image:height\" content=\"1000\" \/>\n\t<meta property=\"og:image:type\" content=\"image\/png\" \/>\n<meta name=\"twitter:card\" content=\"summary_large_image\" \/>\n<meta name=\"twitter:label1\" content=\"Tempo di lettura stimato\" \/>\n\t<meta name=\"twitter:data1\" content=\"1 minuto\" \/>\n<script type=\"application\/ld+json\" class=\"yoast-schema-graph\">{\"@context\":\"https:\\\/\\\/schema.org\",\"@graph\":[{\"@type\":\"WebPage\",\"@id\":\"https:\\\/\\\/thelyflabs.com\\\/product\\\/aceite-cbd-isolate-5-lyf-15ml\",\"url\":\"https:\\\/\\\/thelyflabs.com\\\/product\\\/aceite-cbd-isolate-5-lyf-15ml\",\"name\":\"Aceite de CBD Isolate 15ml 5% CBD - THE LYF LABS\",\"isPartOf\":{\"@id\":\"https:\\\/\\\/thelyflabs.com\\\/#website\"},\"primaryImageOfPage\":{\"@id\":\"https:\\\/\\\/thelyflabs.com\\\/product\\\/aceite-cbd-isolate-5-lyf-15ml#primaryimage\"},\"image\":{\"@id\":\"https:\\\/\\\/thelyflabs.com\\\/product\\\/aceite-cbd-isolate-5-lyf-15ml#primaryimage\"},\"thumbnailUrl\":\"https:\\\/\\\/thelyflabs.com\\\/wp-content\\\/uploads\\\/2023\\\/01\\\/02gotero-y-caja.png\",\"datePublished\":\"2023-01-29T20:11:45+00:00\",\"dateModified\":\"2026-02-08T22:27:15+00:00\",\"breadcrumb\":{\"@id\":\"https:\\\/\\\/thelyflabs.com\\\/product\\\/aceite-cbd-isolate-5-lyf-15ml#breadcrumb\"},\"inLanguage\":\"it-IT\",\"potentialAction\":[{\"@type\":\"ReadAction\",\"target\":[\"https:\\\/\\\/thelyflabs.com\\\/product\\\/aceite-cbd-isolate-5-lyf-15ml\"]}]},{\"@type\":\"ImageObject\",\"inLanguage\":\"it-IT\",\"@id\":\"https:\\\/\\\/thelyflabs.com\\\/product\\\/aceite-cbd-isolate-5-lyf-15ml#primaryimage\",\"url\":\"https:\\\/\\\/thelyflabs.com\\\/wp-content\\\/uploads\\\/2023\\\/01\\\/02gotero-y-caja.png\",\"contentUrl\":\"https:\\\/\\\/thelyflabs.com\\\/wp-content\\\/uploads\\\/2023\\\/01\\\/02gotero-y-caja.png\",\"width\":1166,\"height\":1000},{\"@type\":\"BreadcrumbList\",\"@id\":\"https:\\\/\\\/thelyflabs.com\\\/product\\\/aceite-cbd-isolate-5-lyf-15ml#breadcrumb\",\"itemListElement\":[{\"@type\":\"ListItem\",\"position\":1,\"name\":\"Portada\",\"item\":\"https:\\\/\\\/thelyflabs.com\\\/\"},{\"@type\":\"ListItem\",\"position\":2,\"name\":\"Tienda\",\"item\":\"https:\\\/\\\/thelyflabs.com\\\/tienda\"},{\"@type\":\"ListItem\",\"position\":3,\"name\":\"Aceite de CBD Isolate 15ml 5% CBD\"}]},{\"@type\":\"WebSite\",\"@id\":\"https:\\\/\\\/thelyflabs.com\\\/#website\",\"url\":\"https:\\\/\\\/thelyflabs.com\\\/\",\"name\":\"The LYF Labs\",\"description\":\"CBD al por mayor\",\"publisher\":{\"@id\":\"https:\\\/\\\/thelyflabs.com\\\/#organization\"},\"potentialAction\":[{\"@type\":\"SearchAction\",\"target\":{\"@type\":\"EntryPoint\",\"urlTemplate\":\"https:\\\/\\\/thelyflabs.com\\\/?s={search_term_string}\"},\"query-input\":{\"@type\":\"PropertyValueSpecification\",\"valueRequired\":true,\"valueName\":\"search_term_string\"}}],\"inLanguage\":\"it-IT\"},{\"@type\":\"Organization\",\"@id\":\"https:\\\/\\\/thelyflabs.com\\\/#organization\",\"name\":\"The LYF Labs\",\"url\":\"https:\\\/\\\/thelyflabs.com\\\/\",\"logo\":{\"@type\":\"ImageObject\",\"inLanguage\":\"it-IT\",\"@id\":\"https:\\\/\\\/thelyflabs.com\\\/#\\\/schema\\\/logo\\\/image\\\/\",\"url\":\"https:\\\/\\\/thelyflabs.com\\\/wp-content\\\/uploads\\\/2023\\\/01\\\/cropped-LogoTheLYFLabs.png\",\"contentUrl\":\"https:\\\/\\\/thelyflabs.com\\\/wp-content\\\/uploads\\\/2023\\\/01\\\/cropped-LogoTheLYFLabs.png\",\"width\":600,\"height\":180,\"caption\":\"The LYF Labs\"},\"image\":{\"@id\":\"https:\\\/\\\/thelyflabs.com\\\/#\\\/schema\\\/logo\\\/image\\\/\"}}]}<\/script>\n<!-- \/ Yoast SEO plugin. -->","yoast_head_json":{"title":"Aceite de CBD Isolate 15ml 5% CBD - THE LYF LABS","robots":{"index":"index","follow":"follow","max-snippet":"max-snippet:-1","max-image-preview":"max-image-preview:large","max-video-preview":"max-video-preview:-1"},"canonical":"https:\/\/thelyflabs.com\/it\/product\/aceite-cbd-isolate-5-lyf-15ml\/","og_locale":"it_IT","og_type":"article","og_title":"Aceite de CBD Isolate 15ml 5% CBD - THE LYF LABS","og_description":"Aceite puro de CBD premium al 5% de 15 ml  Contiene 750mg de extracto de CBD diluido en aceite de semillas de c\u00e1\u00f1amo ecol\u00f3gico  Ingredientes 100% naturales, vegano, sin GMO y respetuoso con el medio ambiente  Fabricado en Espa\u00f1a  No contiene THC  Nuestro aceite LYF CDB Isolate al 5% est\u00e1 pensado para aquellas personas que quieren introducirse en el mundo del CBD con un producto de primera calidad, eficaz, confiable, seguro, 100% legal y libre de THC.  Los aceites LYF de CBD son extra\u00eddos y filtrados en nuestros laboratorios bajo estrictos controles de calidad, lo que garantiza que mantienen todas las propiedades beneficiosas de la planta. Nuestro objetivo es conseguir la m\u00e1xima pureza en nuestros productos; respetando el medio ambiente y proporcionando la mayor calidad a nuestros clientes.   An\u00e1lisis de calidad: Pincha aqu\u00ed","og_url":"https:\/\/thelyflabs.com\/it\/product\/aceite-cbd-isolate-5-lyf-15ml\/","og_site_name":"THE LYF LABS","article_modified_time":"2026-02-08T22:27:15+00:00","og_image":[{"width":1166,"height":1000,"url":"https:\/\/thelyflabs.com\/wp-content\/uploads\/2023\/01\/02gotero-y-caja.png","type":"image\/png"}],"twitter_card":"summary_large_image","twitter_misc":{"Tempo di lettura stimato":"1 minuto"},"schema":{"@context":"https:\/\/schema.org","@graph":[{"@type":"WebPage","@id":"https:\/\/thelyflabs.com\/product\/aceite-cbd-isolate-5-lyf-15ml","url":"https:\/\/thelyflabs.com\/product\/aceite-cbd-isolate-5-lyf-15ml","name":"Aceite de CBD Isolate 15ml 5% CBD - THE LYF LABS","isPartOf":{"@id":"https:\/\/thelyflabs.com\/#website"},"primaryImageOfPage":{"@id":"https:\/\/thelyflabs.com\/product\/aceite-cbd-isolate-5-lyf-15ml#primaryimage"},"image":{"@id":"https:\/\/thelyflabs.com\/product\/aceite-cbd-isolate-5-lyf-15ml#primaryimage"},"thumbnailUrl":"https:\/\/thelyflabs.com\/wp-content\/uploads\/2023\/01\/02gotero-y-caja.png","datePublished":"2023-01-29T20:11:45+00:00","dateModified":"2026-02-08T22:27:15+00:00","breadcrumb":{"@id":"https:\/\/thelyflabs.com\/product\/aceite-cbd-isolate-5-lyf-15ml#breadcrumb"},"inLanguage":"it-IT","potentialAction":[{"@type":"ReadAction","target":["https:\/\/thelyflabs.com\/product\/aceite-cbd-isolate-5-lyf-15ml"]}]},{"@type":"ImageObject","inLanguage":"it-IT","@id":"https:\/\/thelyflabs.com\/product\/aceite-cbd-isolate-5-lyf-15ml#primaryimage","url":"https:\/\/thelyflabs.com\/wp-content\/uploads\/2023\/01\/02gotero-y-caja.png","contentUrl":"https:\/\/thelyflabs.com\/wp-content\/uploads\/2023\/01\/02gotero-y-caja.png","width":1166,"height":1000},{"@type":"BreadcrumbList","@id":"https:\/\/thelyflabs.com\/product\/aceite-cbd-isolate-5-lyf-15ml#breadcrumb","itemListElement":[{"@type":"ListItem","position":1,"name":"Portada","item":"https:\/\/thelyflabs.com\/"},{"@type":"ListItem","position":2,"name":"Tienda","item":"https:\/\/thelyflabs.com\/tienda"},{"@type":"ListItem","position":3,"name":"Aceite de CBD Isolate 15ml 5% CBD"}]},{"@type":"WebSite","@id":"https:\/\/thelyflabs.com\/#website","url":"https:\/\/thelyflabs.com\/","name":"I laboratori LYF","description":"CBD all&#039;ingrosso","publisher":{"@id":"https:\/\/thelyflabs.com\/#organization"},"potentialAction":[{"@type":"SearchAction","target":{"@type":"EntryPoint","urlTemplate":"https:\/\/thelyflabs.com\/?s={search_term_string}"},"query-input":{"@type":"PropertyValueSpecification","valueRequired":true,"valueName":"search_term_string"}}],"inLanguage":"it-IT"},{"@type":"Organization","@id":"https:\/\/thelyflabs.com\/#organization","name":"I laboratori LYF","url":"https:\/\/thelyflabs.com\/","logo":{"@type":"ImageObject","inLanguage":"it-IT","@id":"https:\/\/thelyflabs.com\/#\/schema\/logo\/image\/","url":"https:\/\/thelyflabs.com\/wp-content\/uploads\/2023\/01\/cropped-LogoTheLYFLabs.png","contentUrl":"https:\/\/thelyflabs.com\/wp-content\/uploads\/2023\/01\/cropped-LogoTheLYFLabs.png","width":600,"height":180,"caption":"The LYF Labs"},"image":{"@id":"https:\/\/thelyflabs.com\/#\/schema\/logo\/image\/"}}]}},"_links":{"self":[{"href":"https:\/\/thelyflabs.com\/it\/wp-json\/wp\/v2\/product\/190","targetHints":{"allow":["GET"]}}],"collection":[{"href":"https:\/\/thelyflabs.com\/it\/wp-json\/wp\/v2\/product"}],"about":[{"href":"https:\/\/thelyflabs.com\/it\/wp-json\/wp\/v2\/types\/product"}],"replies":[{"embeddable":true,"href":"https:\/\/thelyflabs.com\/it\/wp-json\/wp\/v2\/comments?post=190"}],"wp:featuredmedia":[{"embeddable":true,"href":"https:\/\/thelyflabs.com\/it\/wp-json\/wp\/v2\/media\/191"}],"wp:attachment":[{"href":"https:\/\/thelyflabs.com\/it\/wp-json\/wp\/v2\/media?parent=190"}],"wp:term":[{"taxonomy":"product_brand","embeddable":true,"href":"https:\/\/thelyflabs.com\/it\/wp-json\/wp\/v2\/product_brand?post=190"},{"taxonomy":"product_cat","embeddable":true,"href":"https:\/\/thelyflabs.com\/it\/wp-json\/wp\/v2\/product_cat?post=190"},{"taxonomy":"product_tag","embeddable":true,"href":"https:\/\/thelyflabs.com\/it\/wp-json\/wp\/v2\/product_tag?post=190"}],"curies":[{"name":"parola chiave","href":"https:\/\/api.w.org\/{rel}","templated":true}]}}