{"id":2217,"date":"2023-06-26T12:12:03","date_gmt":"2023-06-26T12:12:03","guid":{"rendered":"https:\/\/thelyflabs.com\/?post_type=product&#038;p=2217"},"modified":"2023-06-29T05:46:15","modified_gmt":"2023-06-29T05:46:15","slug":"wildkraut-energy-sniff","status":"publish","type":"product","link":"https:\/\/thelyflabs.com\/it\/product\/wildkraut-energy-sniff","title":{"rendered":"Wildkraut Energy Sniff"},"content":{"rendered":"<h2><strong>Wildkraut Energy Sniff<\/strong><\/h2>\n<p>Wildkraut \u00e8 un energizzante somministrato per via nasale.<\/p>\n<p>Si tratta di un prodotto basato su un&#039;antica ricetta alpina, con un nuovo modo di interpretare questa combinazione di erbe naturali.<\/p>\n<p>Non contiene tabacco n\u00e9 nicotina ed \u00e8 composto da un&#039;attenta selezione di erbe alpine come l&#039;Imperatrice e caffeina estratta dal chicco di caff\u00e8 verde.<\/p>\n<p>Questi ingredienti vengono assorbiti pi\u00f9 rapidamente attraverso la mucosa nasale. Il potere di Wildkraut \u00e8 ottimale se somministrato in questo modo, proprio quando si ha bisogno di un po&#039; di energia extra.<\/p>\n<p>Wildkraut ti risveglia, dandoti pi\u00f9 energia mentre lavori, studi o ti alleni.<\/p>\n<p>Rimani selvaggio. Rimani sveglio.<\/p>\n<p>Prodotto in Austria. Alimentato dalla natura<\/p>","protected":false},"excerpt":{"rendered":"<h1><strong>Wildkraut Energy Sniff<\/strong><\/h1>\n<p>Ingredienti naturali per combattere la stanchezza:<\/p>\n<ul>\n<li>Imperatorio<\/li>\n<li>Radice d&#039;oro<\/li>\n<li>Menta d&#039;acqua<\/li>\n<li>Guaran\u00e0<\/li>\n<li>Moringa<\/li>\n<li>Caffeina<\/li>\n<li>Taurina<\/li>\n<li>Pi\u00f9 di 20 annusate per bottiglia<\/li>\n<li>Sostituisci la tua bevanda energetica<\/li>\n<\/ul>\n<p>Analisi della qualit\u00e0: clicca <a href=\"https:\/\/iguanasmoke.com\/wp-content\/uploads\/2018\/02\/Analitica-E-Liquid-Iguana-Smoke-Junio-2022.pdf\" target=\"_blank\" rel=\"noopener\">Qui<\/a><\/p>","protected":false},"featured_media":2220,"comment_status":"open","ping_status":"closed","template":"","meta":{"_acf_changed":false,"site-sidebar-layout":"default","site-content-layout":"default","ast-site-content-layout":"default","site-content-style":"default","site-sidebar-style":"default","ast-global-header-display":"","ast-banner-title-visibility":"","ast-main-header-display":"","ast-hfb-above-header-display":"","ast-hfb-below-header-display":"","ast-hfb-mobile-header-display":"","site-post-title":"","ast-breadcrumbs-content":"","ast-featured-img":"","footer-sml-layout":"","theme-transparent-header-meta":"default","adv-header-id-meta":"","stick-header-meta":"","header-above-stick-meta":"","header-main-stick-meta":"","header-below-stick-meta":"","astra-migrate-meta-layouts":"default","ast-page-background-enabled":"default","ast-page-background-meta":{"desktop":{"background-color":"var(--ast-global-color-4)","background-image":"","background-repeat":"repeat","background-position":"center center","background-size":"auto","background-attachment":"scroll","background-type":"","background-media":"","overlay-type":"","overlay-color":"","overlay-opacity":"","overlay-gradient":""},"tablet":{"background-color":"","background-image":"","background-repeat":"repeat","background-position":"center center","background-size":"auto","background-attachment":"scroll","background-type":"","background-media":"","overlay-type":"","overlay-color":"","overlay-opacity":"","overlay-gradient":""},"mobile":{"background-color":"","background-image":"","background-repeat":"repeat","background-position":"center center","background-size":"auto","background-attachment":"scroll","background-type":"","background-media":"","overlay-type":"","overlay-color":"","overlay-opacity":"","overlay-gradient":""}},"ast-content-background-meta":{"desktop":{"background-color":"var(--ast-global-color-5)","background-image":"","background-repeat":"repeat","background-position":"center center","background-size":"auto","background-attachment":"scroll","background-type":"","background-media":"","overlay-type":"","overlay-color":"","overlay-opacity":"","overlay-gradient":""},"tablet":{"background-color":"var(--ast-global-color-5)","background-image":"","background-repeat":"repeat","background-position":"center center","background-size":"auto","background-attachment":"scroll","background-type":"","background-media":"","overlay-type":"","overlay-color":"","overlay-opacity":"","overlay-gradient":""},"mobile":{"background-color":"var(--ast-global-color-5)","background-image":"","background-repeat":"repeat","background-position":"center center","background-size":"auto","background-attachment":"scroll","background-type":"","background-media":"","overlay-type":"","overlay-color":"","overlay-opacity":"","overlay-gradient":""}}},"product_brand":[],"product_cat":[72],"product_tag":[],"class_list":{"0":"post-2217","1":"product","2":"type-product","3":"status-publish","4":"has-post-thumbnail","6":"product_cat-energizantes","7":"desktop-align-center","8":"tablet-align-left","9":"mobile-align-left","11":"first","12":"instock","13":"taxable","14":"shipping-taxable","15":"purchasable","16":"product-type-simple"},"acf":[],"yoast_head":"<!-- This site is optimized with the Yoast SEO plugin v27.4 - https:\/\/yoast.com\/product\/yoast-seo-wordpress\/ -->\n<title>Wildkraut Energy Sniff - THE LYF LABS<\/title>\n<meta name=\"description\" content=\"Wildkraut energizante en venta para mayoristas.\" \/>\n<meta name=\"robots\" content=\"index, follow, max-snippet:-1, max-image-preview:large, max-video-preview:-1\" \/>\n<link rel=\"canonical\" href=\"https:\/\/thelyflabs.com\/it\/product\/wildkraut-energy-sniff\/\" \/>\n<meta property=\"og:locale\" content=\"it_IT\" \/>\n<meta property=\"og:type\" content=\"article\" \/>\n<meta property=\"og:title\" content=\"Wildkraut Energy Sniff - THE LYF LABS\" \/>\n<meta property=\"og:description\" content=\"Wildkraut energizante en venta para mayoristas.\" \/>\n<meta property=\"og:url\" content=\"https:\/\/thelyflabs.com\/it\/product\/wildkraut-energy-sniff\/\" \/>\n<meta property=\"og:site_name\" content=\"THE LYF LABS\" \/>\n<meta property=\"article:modified_time\" content=\"2023-06-29T05:46:15+00:00\" \/>\n<meta property=\"og:image\" content=\"https:\/\/thelyflabs.com\/wp-content\/uploads\/2023\/06\/WK_Packshot_Storer.jpg\" \/>\n\t<meta property=\"og:image:width\" content=\"1672\" \/>\n\t<meta property=\"og:image:height\" content=\"1722\" \/>\n\t<meta property=\"og:image:type\" content=\"image\/jpeg\" \/>\n<meta name=\"twitter:card\" content=\"summary_large_image\" \/>\n<meta name=\"twitter:label1\" content=\"Tempo di lettura stimato\" \/>\n\t<meta name=\"twitter:data1\" content=\"1 minuto\" \/>\n<script type=\"application\/ld+json\" class=\"yoast-schema-graph\">{\"@context\":\"https:\\\/\\\/schema.org\",\"@graph\":[{\"@type\":\"WebPage\",\"@id\":\"https:\\\/\\\/thelyflabs.com\\\/product\\\/wildkraut-energy-sniff\",\"url\":\"https:\\\/\\\/thelyflabs.com\\\/product\\\/wildkraut-energy-sniff\",\"name\":\"Wildkraut Energy Sniff - THE LYF LABS\",\"isPartOf\":{\"@id\":\"https:\\\/\\\/thelyflabs.com\\\/#website\"},\"primaryImageOfPage\":{\"@id\":\"https:\\\/\\\/thelyflabs.com\\\/product\\\/wildkraut-energy-sniff#primaryimage\"},\"image\":{\"@id\":\"https:\\\/\\\/thelyflabs.com\\\/product\\\/wildkraut-energy-sniff#primaryimage\"},\"thumbnailUrl\":\"https:\\\/\\\/thelyflabs.com\\\/wp-content\\\/uploads\\\/2023\\\/06\\\/WK_Packshot_Storer.jpg\",\"datePublished\":\"2023-06-26T12:12:03+00:00\",\"dateModified\":\"2023-06-29T05:46:15+00:00\",\"description\":\"Wildkraut energizante en venta para mayoristas.\",\"breadcrumb\":{\"@id\":\"https:\\\/\\\/thelyflabs.com\\\/product\\\/wildkraut-energy-sniff#breadcrumb\"},\"inLanguage\":\"it-IT\",\"potentialAction\":[{\"@type\":\"ReadAction\",\"target\":[\"https:\\\/\\\/thelyflabs.com\\\/product\\\/wildkraut-energy-sniff\"]}]},{\"@type\":\"ImageObject\",\"inLanguage\":\"it-IT\",\"@id\":\"https:\\\/\\\/thelyflabs.com\\\/product\\\/wildkraut-energy-sniff#primaryimage\",\"url\":\"https:\\\/\\\/thelyflabs.com\\\/wp-content\\\/uploads\\\/2023\\\/06\\\/WK_Packshot_Storer.jpg\",\"contentUrl\":\"https:\\\/\\\/thelyflabs.com\\\/wp-content\\\/uploads\\\/2023\\\/06\\\/WK_Packshot_Storer.jpg\",\"width\":1672,\"height\":1722},{\"@type\":\"BreadcrumbList\",\"@id\":\"https:\\\/\\\/thelyflabs.com\\\/product\\\/wildkraut-energy-sniff#breadcrumb\",\"itemListElement\":[{\"@type\":\"ListItem\",\"position\":1,\"name\":\"Portada\",\"item\":\"https:\\\/\\\/thelyflabs.com\\\/\"},{\"@type\":\"ListItem\",\"position\":2,\"name\":\"Tienda\",\"item\":\"https:\\\/\\\/thelyflabs.com\\\/tienda\"},{\"@type\":\"ListItem\",\"position\":3,\"name\":\"Wildkraut Energy Sniff\"}]},{\"@type\":\"WebSite\",\"@id\":\"https:\\\/\\\/thelyflabs.com\\\/#website\",\"url\":\"https:\\\/\\\/thelyflabs.com\\\/\",\"name\":\"The LYF Labs\",\"description\":\"CBD al por mayor\",\"publisher\":{\"@id\":\"https:\\\/\\\/thelyflabs.com\\\/#organization\"},\"potentialAction\":[{\"@type\":\"SearchAction\",\"target\":{\"@type\":\"EntryPoint\",\"urlTemplate\":\"https:\\\/\\\/thelyflabs.com\\\/?s={search_term_string}\"},\"query-input\":{\"@type\":\"PropertyValueSpecification\",\"valueRequired\":true,\"valueName\":\"search_term_string\"}}],\"inLanguage\":\"it-IT\"},{\"@type\":\"Organization\",\"@id\":\"https:\\\/\\\/thelyflabs.com\\\/#organization\",\"name\":\"The LYF Labs\",\"url\":\"https:\\\/\\\/thelyflabs.com\\\/\",\"logo\":{\"@type\":\"ImageObject\",\"inLanguage\":\"it-IT\",\"@id\":\"https:\\\/\\\/thelyflabs.com\\\/#\\\/schema\\\/logo\\\/image\\\/\",\"url\":\"https:\\\/\\\/thelyflabs.com\\\/wp-content\\\/uploads\\\/2023\\\/01\\\/cropped-LogoTheLYFLabs.png\",\"contentUrl\":\"https:\\\/\\\/thelyflabs.com\\\/wp-content\\\/uploads\\\/2023\\\/01\\\/cropped-LogoTheLYFLabs.png\",\"width\":600,\"height\":180,\"caption\":\"The LYF Labs\"},\"image\":{\"@id\":\"https:\\\/\\\/thelyflabs.com\\\/#\\\/schema\\\/logo\\\/image\\\/\"}}]}<\/script>\n<!-- \/ Yoast SEO plugin. -->","yoast_head_json":{"title":"Wildkraut Energy Sniff - THE LYF LABS","description":"Wildkraut energizante en venta para mayoristas.","robots":{"index":"index","follow":"follow","max-snippet":"max-snippet:-1","max-image-preview":"max-image-preview:large","max-video-preview":"max-video-preview:-1"},"canonical":"https:\/\/thelyflabs.com\/it\/product\/wildkraut-energy-sniff\/","og_locale":"it_IT","og_type":"article","og_title":"Wildkraut Energy Sniff - THE LYF LABS","og_description":"Wildkraut energizante en venta para mayoristas.","og_url":"https:\/\/thelyflabs.com\/it\/product\/wildkraut-energy-sniff\/","og_site_name":"THE LYF LABS","article_modified_time":"2023-06-29T05:46:15+00:00","og_image":[{"width":1672,"height":1722,"url":"https:\/\/thelyflabs.com\/wp-content\/uploads\/2023\/06\/WK_Packshot_Storer.jpg","type":"image\/jpeg"}],"twitter_card":"summary_large_image","twitter_misc":{"Tempo di lettura stimato":"1 minuto"},"schema":{"@context":"https:\/\/schema.org","@graph":[{"@type":"WebPage","@id":"https:\/\/thelyflabs.com\/product\/wildkraut-energy-sniff","url":"https:\/\/thelyflabs.com\/product\/wildkraut-energy-sniff","name":"Wildkraut Energy Sniff - THE LYF LABS","isPartOf":{"@id":"https:\/\/thelyflabs.com\/#website"},"primaryImageOfPage":{"@id":"https:\/\/thelyflabs.com\/product\/wildkraut-energy-sniff#primaryimage"},"image":{"@id":"https:\/\/thelyflabs.com\/product\/wildkraut-energy-sniff#primaryimage"},"thumbnailUrl":"https:\/\/thelyflabs.com\/wp-content\/uploads\/2023\/06\/WK_Packshot_Storer.jpg","datePublished":"2023-06-26T12:12:03+00:00","dateModified":"2023-06-29T05:46:15+00:00","description":"Wildkraut energizante en venta para mayoristas.","breadcrumb":{"@id":"https:\/\/thelyflabs.com\/product\/wildkraut-energy-sniff#breadcrumb"},"inLanguage":"it-IT","potentialAction":[{"@type":"ReadAction","target":["https:\/\/thelyflabs.com\/product\/wildkraut-energy-sniff"]}]},{"@type":"ImageObject","inLanguage":"it-IT","@id":"https:\/\/thelyflabs.com\/product\/wildkraut-energy-sniff#primaryimage","url":"https:\/\/thelyflabs.com\/wp-content\/uploads\/2023\/06\/WK_Packshot_Storer.jpg","contentUrl":"https:\/\/thelyflabs.com\/wp-content\/uploads\/2023\/06\/WK_Packshot_Storer.jpg","width":1672,"height":1722},{"@type":"BreadcrumbList","@id":"https:\/\/thelyflabs.com\/product\/wildkraut-energy-sniff#breadcrumb","itemListElement":[{"@type":"ListItem","position":1,"name":"Portada","item":"https:\/\/thelyflabs.com\/"},{"@type":"ListItem","position":2,"name":"Tienda","item":"https:\/\/thelyflabs.com\/tienda"},{"@type":"ListItem","position":3,"name":"Wildkraut Energy Sniff"}]},{"@type":"WebSite","@id":"https:\/\/thelyflabs.com\/#website","url":"https:\/\/thelyflabs.com\/","name":"I laboratori LYF","description":"CBD all&#039;ingrosso","publisher":{"@id":"https:\/\/thelyflabs.com\/#organization"},"potentialAction":[{"@type":"SearchAction","target":{"@type":"EntryPoint","urlTemplate":"https:\/\/thelyflabs.com\/?s={search_term_string}"},"query-input":{"@type":"PropertyValueSpecification","valueRequired":true,"valueName":"search_term_string"}}],"inLanguage":"it-IT"},{"@type":"Organization","@id":"https:\/\/thelyflabs.com\/#organization","name":"I laboratori LYF","url":"https:\/\/thelyflabs.com\/","logo":{"@type":"ImageObject","inLanguage":"it-IT","@id":"https:\/\/thelyflabs.com\/#\/schema\/logo\/image\/","url":"https:\/\/thelyflabs.com\/wp-content\/uploads\/2023\/01\/cropped-LogoTheLYFLabs.png","contentUrl":"https:\/\/thelyflabs.com\/wp-content\/uploads\/2023\/01\/cropped-LogoTheLYFLabs.png","width":600,"height":180,"caption":"The LYF Labs"},"image":{"@id":"https:\/\/thelyflabs.com\/#\/schema\/logo\/image\/"}}]}},"_links":{"self":[{"href":"https:\/\/thelyflabs.com\/it\/wp-json\/wp\/v2\/product\/2217","targetHints":{"allow":["GET"]}}],"collection":[{"href":"https:\/\/thelyflabs.com\/it\/wp-json\/wp\/v2\/product"}],"about":[{"href":"https:\/\/thelyflabs.com\/it\/wp-json\/wp\/v2\/types\/product"}],"replies":[{"embeddable":true,"href":"https:\/\/thelyflabs.com\/it\/wp-json\/wp\/v2\/comments?post=2217"}],"wp:featuredmedia":[{"embeddable":true,"href":"https:\/\/thelyflabs.com\/it\/wp-json\/wp\/v2\/media\/2220"}],"wp:attachment":[{"href":"https:\/\/thelyflabs.com\/it\/wp-json\/wp\/v2\/media?parent=2217"}],"wp:term":[{"taxonomy":"product_brand","embeddable":true,"href":"https:\/\/thelyflabs.com\/it\/wp-json\/wp\/v2\/product_brand?post=2217"},{"taxonomy":"product_cat","embeddable":true,"href":"https:\/\/thelyflabs.com\/it\/wp-json\/wp\/v2\/product_cat?post=2217"},{"taxonomy":"product_tag","embeddable":true,"href":"https:\/\/thelyflabs.com\/it\/wp-json\/wp\/v2\/product_tag?post=2217"}],"curies":[{"name":"parola chiave","href":"https:\/\/api.w.org\/{rel}","templated":true}]}}