{"id":2314,"date":"2023-07-06T18:08:06","date_gmt":"2023-07-06T18:08:06","guid":{"rendered":"https:\/\/thelyflabs.com\/?post_type=product&#038;p=2314"},"modified":"2024-11-26T11:36:51","modified_gmt":"2024-11-26T10:36:51","slug":"eye-vape-pocket-cotton-candy","status":"publish","type":"product","link":"https:\/\/thelyflabs.com\/it\/product\/eye-vape-pocket-cotton-candy","title":{"rendered":"Eye Vape Pocket \u2013 Cotton Candy 600 tiri"},"content":{"rendered":"<h2><strong>Pod monouso Nicotine Eye Vape Pocket Cotton Candy<\/strong><\/h2>\n<p>Vi presentiamo la nuova pod usa e getta con nicotina Eye Vape Pocket Cotton Candy! Il suo sapore di zucchero filato sar\u00e0 la cosa pi\u00f9 vicina che troverete alle caramelle. Le sue 600 boccate la rendono la compagna perfetta. \u00c8 disponibile in otto gusti diversi:<\/p>\n<ul style=\"font-weight: 400;\">\n<li>Mirtillo<\/li>\n<li>Ghiaccio alla ciliegia<\/li>\n<li>Zucchero filato<\/li>\n<li>Ghiaccio all&#039;uva<\/li>\n<li>Guaiava<\/li>\n<li>Limonata rosa<\/li>\n<li>Energia alla fragola<\/li>\n<li>Anguria<\/li>\n<\/ul>\n<p>Sceglilo e inizia a divertirti!<\/p>","protected":false},"excerpt":{"rendered":"<h2>Eye Vape Pocket gusto Cotton Candy<\/h2>\n<p>Caratteristiche:<\/p>\n<ul>\n<li style=\"font-weight: 400;\">Dimensioni: 93x14mm<\/li>\n<li style=\"font-weight: 400;\">Batteria: 400 mAh<\/li>\n<li style=\"font-weight: 400;\">Capacit\u00e0: 2 ml<\/li>\n<li style=\"font-weight: 400;\">Sbuffi: 600<\/li>\n<li style=\"font-weight: 400;\">Materiale esterno: gomma<\/li>\n<li style=\"font-weight: 400;\">Nicotina: 20 mg\/ml \u2013 2%<\/li>\n<li style=\"font-weight: 400;\">Confezione: Confezione di tabacco 88x55x23 (pronta per la distribuzione)<\/li>\n<\/ul>\n<p>Richiedi informazioni per grandi quantit\u00e0<\/p>","protected":false},"featured_media":2318,"comment_status":"open","ping_status":"closed","template":"","meta":{"_acf_changed":false,"site-sidebar-layout":"default","site-content-layout":"default","ast-site-content-layout":"default","site-content-style":"default","site-sidebar-style":"default","ast-global-header-display":"","ast-banner-title-visibility":"","ast-main-header-display":"","ast-hfb-above-header-display":"","ast-hfb-below-header-display":"","ast-hfb-mobile-header-display":"","site-post-title":"","ast-breadcrumbs-content":"","ast-featured-img":"","footer-sml-layout":"","theme-transparent-header-meta":"default","adv-header-id-meta":"","stick-header-meta":"","header-above-stick-meta":"","header-main-stick-meta":"","header-below-stick-meta":"","astra-migrate-meta-layouts":"default","ast-page-background-enabled":"default","ast-page-background-meta":{"desktop":{"background-color":"var(--ast-global-color-4)","background-image":"","background-repeat":"repeat","background-position":"center center","background-size":"auto","background-attachment":"scroll","background-type":"","background-media":"","overlay-type":"","overlay-color":"","overlay-opacity":"","overlay-gradient":""},"tablet":{"background-color":"","background-image":"","background-repeat":"repeat","background-position":"center center","background-size":"auto","background-attachment":"scroll","background-type":"","background-media":"","overlay-type":"","overlay-color":"","overlay-opacity":"","overlay-gradient":""},"mobile":{"background-color":"","background-image":"","background-repeat":"repeat","background-position":"center center","background-size":"auto","background-attachment":"scroll","background-type":"","background-media":"","overlay-type":"","overlay-color":"","overlay-opacity":"","overlay-gradient":""}},"ast-content-background-meta":{"desktop":{"background-color":"var(--ast-global-color-5)","background-image":"","background-repeat":"repeat","background-position":"center center","background-size":"auto","background-attachment":"scroll","background-type":"","background-media":"","overlay-type":"","overlay-color":"","overlay-opacity":"","overlay-gradient":""},"tablet":{"background-color":"var(--ast-global-color-5)","background-image":"","background-repeat":"repeat","background-position":"center center","background-size":"auto","background-attachment":"scroll","background-type":"","background-media":"","overlay-type":"","overlay-color":"","overlay-opacity":"","overlay-gradient":""},"mobile":{"background-color":"var(--ast-global-color-5)","background-image":"","background-repeat":"repeat","background-position":"center center","background-size":"auto","background-attachment":"scroll","background-type":"","background-media":"","overlay-type":"","overlay-color":"","overlay-opacity":"","overlay-gradient":""}}},"product_brand":[],"product_cat":[73],"product_tag":[],"class_list":{"0":"post-2314","1":"product","2":"type-product","3":"status-publish","4":"has-post-thumbnail","6":"product_cat-pod-desechable-nicotina","7":"desktop-align-center","8":"tablet-align-left","9":"mobile-align-left","11":"first","12":"outofstock","13":"taxable","14":"shipping-taxable","15":"purchasable","16":"product-type-simple"},"acf":[],"yoast_head":"<!-- This site is optimized with the Yoast SEO plugin v27.4 - https:\/\/yoast.com\/product\/yoast-seo-wordpress\/ -->\n<title>Eye Vape Pocket - Cotton Candy 600 Puffs - THE LYF LABS<\/title>\n<meta name=\"description\" content=\"Pod desechable con nicotina Eye Vape Pocket Cotton Candy. El Eye Vape de nicotina contiene 600 caladas y una tasa de 20mg\/ml.\" \/>\n<meta name=\"robots\" content=\"index, follow, max-snippet:-1, max-image-preview:large, max-video-preview:-1\" \/>\n<link rel=\"canonical\" href=\"https:\/\/thelyflabs.com\/it\/product\/eye-vape-pocket-cotton-candy\/\" \/>\n<meta property=\"og:locale\" content=\"it_IT\" \/>\n<meta property=\"og:type\" content=\"article\" \/>\n<meta property=\"og:title\" content=\"Eye Vape Pocket - Cotton Candy 600 Puffs - THE LYF LABS\" \/>\n<meta property=\"og:description\" content=\"Pod desechable con nicotina Eye Vape Pocket Cotton Candy. El Eye Vape de nicotina contiene 600 caladas y una tasa de 20mg\/ml.\" \/>\n<meta property=\"og:url\" content=\"https:\/\/thelyflabs.com\/it\/product\/eye-vape-pocket-cotton-candy\/\" \/>\n<meta property=\"og:site_name\" content=\"THE LYF LABS\" \/>\n<meta property=\"article:modified_time\" content=\"2024-11-26T10:36:51+00:00\" \/>\n<meta property=\"og:image\" content=\"https:\/\/thelyflabs.com\/wp-content\/uploads\/2023\/07\/Eye-Vape-Cotton-candy.webp\" \/>\n\t<meta property=\"og:image:width\" content=\"500\" \/>\n\t<meta property=\"og:image:height\" content=\"500\" \/>\n\t<meta property=\"og:image:type\" content=\"image\/webp\" \/>\n<meta name=\"twitter:card\" content=\"summary_large_image\" \/>\n<meta name=\"twitter:label1\" content=\"Tempo di lettura stimato\" \/>\n\t<meta name=\"twitter:data1\" content=\"1 minuto\" \/>\n<script type=\"application\/ld+json\" class=\"yoast-schema-graph\">{\"@context\":\"https:\\\/\\\/schema.org\",\"@graph\":[{\"@type\":\"WebPage\",\"@id\":\"https:\\\/\\\/thelyflabs.com\\\/product\\\/eye-vape-pocket-cotton-candy\",\"url\":\"https:\\\/\\\/thelyflabs.com\\\/product\\\/eye-vape-pocket-cotton-candy\",\"name\":\"Eye Vape Pocket - Cotton Candy 600 Puffs - THE LYF LABS\",\"isPartOf\":{\"@id\":\"https:\\\/\\\/thelyflabs.com\\\/#website\"},\"primaryImageOfPage\":{\"@id\":\"https:\\\/\\\/thelyflabs.com\\\/product\\\/eye-vape-pocket-cotton-candy#primaryimage\"},\"image\":{\"@id\":\"https:\\\/\\\/thelyflabs.com\\\/product\\\/eye-vape-pocket-cotton-candy#primaryimage\"},\"thumbnailUrl\":\"https:\\\/\\\/thelyflabs.com\\\/wp-content\\\/uploads\\\/2023\\\/07\\\/Eye-Vape-Cotton-candy.webp\",\"datePublished\":\"2023-07-06T18:08:06+00:00\",\"dateModified\":\"2024-11-26T10:36:51+00:00\",\"description\":\"Pod desechable con nicotina Eye Vape Pocket Cotton Candy. El Eye Vape de nicotina contiene 600 caladas y una tasa de 20mg\\\/ml.\",\"breadcrumb\":{\"@id\":\"https:\\\/\\\/thelyflabs.com\\\/product\\\/eye-vape-pocket-cotton-candy#breadcrumb\"},\"inLanguage\":\"it-IT\",\"potentialAction\":[{\"@type\":\"ReadAction\",\"target\":[\"https:\\\/\\\/thelyflabs.com\\\/product\\\/eye-vape-pocket-cotton-candy\"]}]},{\"@type\":\"ImageObject\",\"inLanguage\":\"it-IT\",\"@id\":\"https:\\\/\\\/thelyflabs.com\\\/product\\\/eye-vape-pocket-cotton-candy#primaryimage\",\"url\":\"https:\\\/\\\/thelyflabs.com\\\/wp-content\\\/uploads\\\/2023\\\/07\\\/Eye-Vape-Cotton-candy.webp\",\"contentUrl\":\"https:\\\/\\\/thelyflabs.com\\\/wp-content\\\/uploads\\\/2023\\\/07\\\/Eye-Vape-Cotton-candy.webp\",\"width\":500,\"height\":500,\"caption\":\"Vape nicotina desechable al por mayor\"},{\"@type\":\"BreadcrumbList\",\"@id\":\"https:\\\/\\\/thelyflabs.com\\\/product\\\/eye-vape-pocket-cotton-candy#breadcrumb\",\"itemListElement\":[{\"@type\":\"ListItem\",\"position\":1,\"name\":\"Portada\",\"item\":\"https:\\\/\\\/thelyflabs.com\\\/\"},{\"@type\":\"ListItem\",\"position\":2,\"name\":\"Tienda\",\"item\":\"https:\\\/\\\/thelyflabs.com\\\/tienda\"},{\"@type\":\"ListItem\",\"position\":3,\"name\":\"Eye Vape Pocket &#8211; Cotton Candy 600 Puffs\"}]},{\"@type\":\"WebSite\",\"@id\":\"https:\\\/\\\/thelyflabs.com\\\/#website\",\"url\":\"https:\\\/\\\/thelyflabs.com\\\/\",\"name\":\"The LYF Labs\",\"description\":\"CBD al por mayor\",\"publisher\":{\"@id\":\"https:\\\/\\\/thelyflabs.com\\\/#organization\"},\"potentialAction\":[{\"@type\":\"SearchAction\",\"target\":{\"@type\":\"EntryPoint\",\"urlTemplate\":\"https:\\\/\\\/thelyflabs.com\\\/?s={search_term_string}\"},\"query-input\":{\"@type\":\"PropertyValueSpecification\",\"valueRequired\":true,\"valueName\":\"search_term_string\"}}],\"inLanguage\":\"it-IT\"},{\"@type\":\"Organization\",\"@id\":\"https:\\\/\\\/thelyflabs.com\\\/#organization\",\"name\":\"The LYF Labs\",\"url\":\"https:\\\/\\\/thelyflabs.com\\\/\",\"logo\":{\"@type\":\"ImageObject\",\"inLanguage\":\"it-IT\",\"@id\":\"https:\\\/\\\/thelyflabs.com\\\/#\\\/schema\\\/logo\\\/image\\\/\",\"url\":\"https:\\\/\\\/thelyflabs.com\\\/wp-content\\\/uploads\\\/2023\\\/01\\\/cropped-LogoTheLYFLabs.png\",\"contentUrl\":\"https:\\\/\\\/thelyflabs.com\\\/wp-content\\\/uploads\\\/2023\\\/01\\\/cropped-LogoTheLYFLabs.png\",\"width\":600,\"height\":180,\"caption\":\"The LYF Labs\"},\"image\":{\"@id\":\"https:\\\/\\\/thelyflabs.com\\\/#\\\/schema\\\/logo\\\/image\\\/\"}}]}<\/script>\n<!-- \/ Yoast SEO plugin. -->","yoast_head_json":{"title":"Eye Vape Pocket - Cotton Candy 600 Puffs - THE LYF LABS","description":"Pod desechable con nicotina Eye Vape Pocket Cotton Candy. El Eye Vape de nicotina contiene 600 caladas y una tasa de 20mg\/ml.","robots":{"index":"index","follow":"follow","max-snippet":"max-snippet:-1","max-image-preview":"max-image-preview:large","max-video-preview":"max-video-preview:-1"},"canonical":"https:\/\/thelyflabs.com\/it\/product\/eye-vape-pocket-cotton-candy\/","og_locale":"it_IT","og_type":"article","og_title":"Eye Vape Pocket - Cotton Candy 600 Puffs - THE LYF LABS","og_description":"Pod desechable con nicotina Eye Vape Pocket Cotton Candy. El Eye Vape de nicotina contiene 600 caladas y una tasa de 20mg\/ml.","og_url":"https:\/\/thelyflabs.com\/it\/product\/eye-vape-pocket-cotton-candy\/","og_site_name":"THE LYF LABS","article_modified_time":"2024-11-26T10:36:51+00:00","og_image":[{"width":500,"height":500,"url":"https:\/\/thelyflabs.com\/wp-content\/uploads\/2023\/07\/Eye-Vape-Cotton-candy.webp","type":"image\/webp"}],"twitter_card":"summary_large_image","twitter_misc":{"Tempo di lettura stimato":"1 minuto"},"schema":{"@context":"https:\/\/schema.org","@graph":[{"@type":"WebPage","@id":"https:\/\/thelyflabs.com\/product\/eye-vape-pocket-cotton-candy","url":"https:\/\/thelyflabs.com\/product\/eye-vape-pocket-cotton-candy","name":"Eye Vape Pocket - Cotton Candy 600 Puffs - THE LYF LABS","isPartOf":{"@id":"https:\/\/thelyflabs.com\/#website"},"primaryImageOfPage":{"@id":"https:\/\/thelyflabs.com\/product\/eye-vape-pocket-cotton-candy#primaryimage"},"image":{"@id":"https:\/\/thelyflabs.com\/product\/eye-vape-pocket-cotton-candy#primaryimage"},"thumbnailUrl":"https:\/\/thelyflabs.com\/wp-content\/uploads\/2023\/07\/Eye-Vape-Cotton-candy.webp","datePublished":"2023-07-06T18:08:06+00:00","dateModified":"2024-11-26T10:36:51+00:00","description":"Pod desechable con nicotina Eye Vape Pocket Cotton Candy. El Eye Vape de nicotina contiene 600 caladas y una tasa de 20mg\/ml.","breadcrumb":{"@id":"https:\/\/thelyflabs.com\/product\/eye-vape-pocket-cotton-candy#breadcrumb"},"inLanguage":"it-IT","potentialAction":[{"@type":"ReadAction","target":["https:\/\/thelyflabs.com\/product\/eye-vape-pocket-cotton-candy"]}]},{"@type":"ImageObject","inLanguage":"it-IT","@id":"https:\/\/thelyflabs.com\/product\/eye-vape-pocket-cotton-candy#primaryimage","url":"https:\/\/thelyflabs.com\/wp-content\/uploads\/2023\/07\/Eye-Vape-Cotton-candy.webp","contentUrl":"https:\/\/thelyflabs.com\/wp-content\/uploads\/2023\/07\/Eye-Vape-Cotton-candy.webp","width":500,"height":500,"caption":"Vape nicotina desechable al por mayor"},{"@type":"BreadcrumbList","@id":"https:\/\/thelyflabs.com\/product\/eye-vape-pocket-cotton-candy#breadcrumb","itemListElement":[{"@type":"ListItem","position":1,"name":"Portada","item":"https:\/\/thelyflabs.com\/"},{"@type":"ListItem","position":2,"name":"Tienda","item":"https:\/\/thelyflabs.com\/tienda"},{"@type":"ListItem","position":3,"name":"Eye Vape Pocket &#8211; Cotton Candy 600 Puffs"}]},{"@type":"WebSite","@id":"https:\/\/thelyflabs.com\/#website","url":"https:\/\/thelyflabs.com\/","name":"I laboratori LYF","description":"CBD all&#039;ingrosso","publisher":{"@id":"https:\/\/thelyflabs.com\/#organization"},"potentialAction":[{"@type":"SearchAction","target":{"@type":"EntryPoint","urlTemplate":"https:\/\/thelyflabs.com\/?s={search_term_string}"},"query-input":{"@type":"PropertyValueSpecification","valueRequired":true,"valueName":"search_term_string"}}],"inLanguage":"it-IT"},{"@type":"Organization","@id":"https:\/\/thelyflabs.com\/#organization","name":"I laboratori LYF","url":"https:\/\/thelyflabs.com\/","logo":{"@type":"ImageObject","inLanguage":"it-IT","@id":"https:\/\/thelyflabs.com\/#\/schema\/logo\/image\/","url":"https:\/\/thelyflabs.com\/wp-content\/uploads\/2023\/01\/cropped-LogoTheLYFLabs.png","contentUrl":"https:\/\/thelyflabs.com\/wp-content\/uploads\/2023\/01\/cropped-LogoTheLYFLabs.png","width":600,"height":180,"caption":"The LYF Labs"},"image":{"@id":"https:\/\/thelyflabs.com\/#\/schema\/logo\/image\/"}}]}},"_links":{"self":[{"href":"https:\/\/thelyflabs.com\/it\/wp-json\/wp\/v2\/product\/2314","targetHints":{"allow":["GET"]}}],"collection":[{"href":"https:\/\/thelyflabs.com\/it\/wp-json\/wp\/v2\/product"}],"about":[{"href":"https:\/\/thelyflabs.com\/it\/wp-json\/wp\/v2\/types\/product"}],"replies":[{"embeddable":true,"href":"https:\/\/thelyflabs.com\/it\/wp-json\/wp\/v2\/comments?post=2314"}],"wp:featuredmedia":[{"embeddable":true,"href":"https:\/\/thelyflabs.com\/it\/wp-json\/wp\/v2\/media\/2318"}],"wp:attachment":[{"href":"https:\/\/thelyflabs.com\/it\/wp-json\/wp\/v2\/media?parent=2314"}],"wp:term":[{"taxonomy":"product_brand","embeddable":true,"href":"https:\/\/thelyflabs.com\/it\/wp-json\/wp\/v2\/product_brand?post=2314"},{"taxonomy":"product_cat","embeddable":true,"href":"https:\/\/thelyflabs.com\/it\/wp-json\/wp\/v2\/product_cat?post=2314"},{"taxonomy":"product_tag","embeddable":true,"href":"https:\/\/thelyflabs.com\/it\/wp-json\/wp\/v2\/product_tag?post=2314"}],"curies":[{"name":"parola chiave","href":"https:\/\/api.w.org\/{rel}","templated":true}]}}