{"id":2515,"date":"2023-08-04T11:46:42","date_gmt":"2023-08-04T11:46:42","guid":{"rendered":"https:\/\/thelyflabs.com\/?post_type=product&#038;p=2515"},"modified":"2026-04-30T14:52:14","modified_gmt":"2026-04-30T12:52:14","slug":"hash-cbd-50-caramel","status":"publish","type":"product","link":"https:\/\/thelyflabs.com\/it\/product\/hash-cbd-50-caramel","title":{"rendered":"Caramel Hash CBD 50%"},"content":{"rendered":"<h1><span style=\"font-weight: 400\">Caramel Hash 50% CBD: un buon inizio\u00a0\u00a0<\/span><\/h1>\n<p><span style=\"font-weight: 400\">Se stai cercando di approfondire le meraviglie dell&#039;hashish CBD,<strong> Caramel Hash CBD 50%<\/strong> \u00c8 una scelta che non vi deluder\u00e0. Questo prodotto unisce una qualit\u00e0 eccezionale a un aroma delicato e gradevole, rendendolo la scelta ideale per chi \u00e8 interessato ad apprezzare la sua composizione di CBD 50%.<\/span><span style=\"font-size: 16px;font-weight: 400\">. <\/span><\/p>\n<p><span style=\"font-size: 16px;font-weight: 400\">La sua combinazione di purezza, potenza e un aroma deliziosamente attraente lo rendono la scelta perfetta per coloro che desiderano<\/span><strong style=\"font-size: 16px\"> acquistare hashish a basso costo online<\/strong><span style=\"font-size: 16px;font-weight: 400\"> Con la certezza di ottenere il meglio. Non esitate ad acquistare Hash CBD Caramel 50%.<\/span><\/p>\n<p>&nbsp;<\/p>\n<h2>Caratteristiche del Caramel Hash 50% CBD:<\/h2>\n<ul>\n<li><span style=\"font-size: 16px;font-weight: 400\"><strong>Aspetto e consistenza:<\/strong> A prima vista, Caramel Hash CBD 50% ci colpisce per la sua <strong>consistenza unica, soda e resinosa<\/strong>Ci\u00f2 riflette la qualit\u00e0 superiore del nostro hashish e l&#039;attento processo di produzione. Il suo colore e la sua consistenza si distinguono nel mercato della resina di CBD, posizionandolo come <strong>alternativa di qualit\u00e0 superiore<\/strong> rispetto ad altre opzioni.\u00a0<\/span><\/li>\n<li><span style=\"font-size: 16px;font-weight: 400\"><strong>Aroma e sapore:<\/strong> A differenza di altri prodotti a base di hashish, il <strong>Caramel Hash CBD<\/strong> offre un<strong> profilo olfattivo sottile<\/strong> ma piacevole, il che lo rende una delle sue caratteristiche pi\u00f9 attraenti, perfetto per chi cerca esperienze sensoriali con <strong>note pi\u00f9 delicate.<\/strong><\/span><\/li>\n<li><span style=\"font-size: 16px;font-weight: 400\"><strong>Origine e purezza:<\/strong> Nasce da un&#039;attenta selezione delle migliori materie prime, garantendone cos\u00ec purezza e resistenza. Questa attenzione ai dettagli assicura di ottenere un prodotto di alta qualit\u00e0, fondamentale per chi cerca <strong>CBD economico<\/strong> ma non vogliono scendere a compromessi sulla qualit\u00e0 di <strong>Hash CBD Caramello 50%.<\/strong><\/span><\/li>\n<\/ul>\n<p>&nbsp;<\/p>\n<section class=\"product-description\">\n<h2>Qualit\u00e0 e sicurezza<\/h2>\n<p>In <strong>I laboratori Lyf<\/strong>, garantiamo che ogni lotto di <span style=\"font-size: 16px;font-weight: 400\"><strong>Caramel Hash CBD<\/strong><\/span>\u00a0Viene sottoposto a rigorose analisi di laboratorio per confermarne la purezza, l&#039;assenza di pesticidi e i livelli legali di THC (inferiori a 0,3%). Il nostro impegno per la qualit\u00e0 e la sicurezza ci consente di offrire un prodotto affidabile, adatto a tutti gli utenti che apprezzano la legalit\u00e0 e l&#039;eccellenza nel loro consumo.<\/p>\n<p>&nbsp;<\/p>\n<p><span style=\"font-size: 1.7em;font-weight: bold\">Perch\u00e9 acquistare Hash CBD da The Lyf Labs?<\/span><\/p>\n<\/section>\n<section class=\"product-description\">\n<ul>\n<li>Prodotto 100% legale nell&#039;Unione Europea, conforme alle normative vigenti sul THC.<\/li>\n<li>Naturale, senza pesticidi n\u00e9 additivi chimici, a garanzia di un consumo sicuro e sano.<\/li>\n<li>Testati in laboratori certificati per garantire la massima purezza e qualit\u00e0.<\/li>\n<li>Ogni acquisto \u00e8 accompagnato da una consegna rapida e da un servizio professionale.<\/li>\n<li>Acquisto sicuro e supporto specializzato per risolvere qualsiasi dubbio.<\/li>\n<\/ul>\n<p>Lyf Labs si impegna a offrire prodotti che uniscono tradizione, innovazione e la massima qualit\u00e0. <span style=\"font-size: 16px;font-weight: 400\"><strong>Caramel Hash CBD<\/strong><\/span>\u00a0\u00c8 una scelta eccellente per chi cerca un hashish artigianale dal profilo moderno e un&#039;esperienza d&#039;uso unica. Affidati a noi per aggiungere alla tua collezione o al tuo catalogo un prodotto che si distingue per autenticit\u00e0, sapore e affidabilit\u00e0.<\/p>\n<p>&nbsp;<\/p>\n<p><span style=\"font-size: 1.7em;font-weight: bold\">Lyf Labs \u00e8 di qualit\u00e0<\/span><\/p>\n<\/section>\n<p>Lyf Labs rappresenta l&#039;eccellenza nel mercato all&#039;ingrosso dei cannabinoidi, offrendo prodotti innovativi, sicuri e ad alta purezza a negozi specializzati e distributori. Ci concentriamo sulla soddisfazione delle esigenze di un settore professionale che ricerca qualit\u00e0 costante, tracciabilit\u00e0 e prezzi competitivi. Se cercate un fornitore affidabile e lungimirante, in Lyf Labs troverete un partner strategico che vi aiuter\u00e0 a crescere nel mercato della canapa.<\/p>","protected":false},"excerpt":{"rendered":"<p><span style=\"font-weight: 400\">Il Caramel Hash CBD 50% di Iguana Smoke si distingue per il suo aroma e la sua consistenza soda e resinosa. Questo lo rende la scelta perfetta per i principianti nel mondo dell&#039;hashish.<\/span><\/p>\n<ul>\n<li>CBD: 50% \/ THC: &lt;0,3%<\/li>\n<li>Aroma forte con toni dolci<\/li>\n<li>100% legale in Europa<\/li>\n<\/ul>\n<p>Analisi della qualit\u00e0: clicca\u00a0<a href=\"https:\/\/iguanasmoke.com\/analiticas\/\" target=\"_blank\" rel=\"noopener\">Qui<\/a><\/p>","protected":false},"featured_media":17506,"comment_status":"open","ping_status":"closed","template":"","meta":{"_acf_changed":false,"site-sidebar-layout":"default","site-content-layout":"default","ast-site-content-layout":"default","site-content-style":"default","site-sidebar-style":"default","ast-global-header-display":"","ast-banner-title-visibility":"","ast-main-header-display":"","ast-hfb-above-header-display":"","ast-hfb-below-header-display":"","ast-hfb-mobile-header-display":"","site-post-title":"","ast-breadcrumbs-content":"","ast-featured-img":"","footer-sml-layout":"","theme-transparent-header-meta":"default","adv-header-id-meta":"","stick-header-meta":"","header-above-stick-meta":"","header-main-stick-meta":"","header-below-stick-meta":"","astra-migrate-meta-layouts":"set","ast-page-background-enabled":"default","ast-page-background-meta":{"desktop":{"background-color":"var(--ast-global-color-4)","background-image":"","background-repeat":"repeat","background-position":"center center","background-size":"auto","background-attachment":"scroll","background-type":"","background-media":"","overlay-type":"","overlay-color":"","overlay-opacity":"","overlay-gradient":""},"tablet":{"background-color":"","background-image":"","background-repeat":"repeat","background-position":"center center","background-size":"auto","background-attachment":"scroll","background-type":"","background-media":"","overlay-type":"","overlay-color":"","overlay-opacity":"","overlay-gradient":""},"mobile":{"background-color":"","background-image":"","background-repeat":"repeat","background-position":"center center","background-size":"auto","background-attachment":"scroll","background-type":"","background-media":"","overlay-type":"","overlay-color":"","overlay-opacity":"","overlay-gradient":""}},"ast-content-background-meta":{"desktop":{"background-color":"var(--ast-global-color-5)","background-image":"","background-repeat":"repeat","background-position":"center center","background-size":"auto","background-attachment":"scroll","background-type":"","background-media":"","overlay-type":"","overlay-color":"","overlay-opacity":"","overlay-gradient":""},"tablet":{"background-color":"var(--ast-global-color-5)","background-image":"","background-repeat":"repeat","background-position":"center center","background-size":"auto","background-attachment":"scroll","background-type":"","background-media":"","overlay-type":"","overlay-color":"","overlay-opacity":"","overlay-gradient":""},"mobile":{"background-color":"var(--ast-global-color-5)","background-image":"","background-repeat":"repeat","background-position":"center center","background-size":"auto","background-attachment":"scroll","background-type":"","background-media":"","overlay-type":"","overlay-color":"","overlay-opacity":"","overlay-gradient":""}}},"product_brand":[],"product_cat":[40,66,86],"product_tag":[],"class_list":{"0":"post-2515","1":"product","2":"type-product","3":"status-publish","4":"has-post-thumbnail","6":"product_cat-iguanasmoke","7":"product_cat-resinas","8":"product_cat-resinas-cbd","9":"desktop-align-center","10":"tablet-align-left","11":"mobile-align-left","13":"first","14":"instock","15":"taxable","16":"shipping-taxable","17":"purchasable","18":"product-type-variable"},"acf":[],"yoast_head":"<!-- This site is optimized with the Yoast SEO plugin v27.4 - https:\/\/yoast.com\/product\/yoast-seo-wordpress\/ -->\n<title>Caramel Hash CBD 50% - THE LYF LABS<\/title>\n<meta name=\"description\" content=\"Caramel Hash CBD 50% y Flores CBD al por mayor. Calidad y precio para tiendas. Iguana Smoke por mayor.\" \/>\n<meta name=\"robots\" content=\"index, follow, max-snippet:-1, max-image-preview:large, max-video-preview:-1\" \/>\n<link rel=\"canonical\" href=\"https:\/\/thelyflabs.com\/it\/product\/hash-cbd-50-caramel\/\" \/>\n<meta property=\"og:locale\" content=\"it_IT\" \/>\n<meta property=\"og:type\" content=\"article\" \/>\n<meta property=\"og:title\" content=\"Caramel Hash CBD 50% - THE LYF LABS\" \/>\n<meta property=\"og:description\" content=\"Caramel Hash CBD 50% y Flores CBD al por mayor. Calidad y precio para tiendas. Iguana Smoke por mayor.\" \/>\n<meta property=\"og:url\" content=\"https:\/\/thelyflabs.com\/it\/product\/hash-cbd-50-caramel\/\" \/>\n<meta property=\"og:site_name\" content=\"THE LYF LABS\" \/>\n<meta property=\"article:modified_time\" content=\"2026-04-30T12:52:14+00:00\" \/>\n<meta property=\"og:image\" content=\"https:\/\/thelyflabs.com\/wp-content\/uploads\/2023\/08\/Caramel-2-con-hash.webp\" \/>\n\t<meta property=\"og:image:width\" content=\"1000\" \/>\n\t<meta property=\"og:image:height\" content=\"1000\" \/>\n\t<meta property=\"og:image:type\" content=\"image\/webp\" \/>\n<meta name=\"twitter:card\" content=\"summary_large_image\" \/>\n<meta name=\"twitter:label1\" content=\"Tempo di lettura stimato\" \/>\n\t<meta name=\"twitter:data1\" content=\"3 minuti\" \/>\n<script type=\"application\/ld+json\" class=\"yoast-schema-graph\">{\"@context\":\"https:\\\/\\\/schema.org\",\"@graph\":[{\"@type\":\"WebPage\",\"@id\":\"https:\\\/\\\/thelyflabs.com\\\/product\\\/hash-cbd-50-caramel\",\"url\":\"https:\\\/\\\/thelyflabs.com\\\/product\\\/hash-cbd-50-caramel\",\"name\":\"Caramel Hash CBD 50% - THE LYF LABS\",\"isPartOf\":{\"@id\":\"https:\\\/\\\/thelyflabs.com\\\/#website\"},\"primaryImageOfPage\":{\"@id\":\"https:\\\/\\\/thelyflabs.com\\\/product\\\/hash-cbd-50-caramel#primaryimage\"},\"image\":{\"@id\":\"https:\\\/\\\/thelyflabs.com\\\/product\\\/hash-cbd-50-caramel#primaryimage\"},\"thumbnailUrl\":\"https:\\\/\\\/thelyflabs.com\\\/wp-content\\\/uploads\\\/2023\\\/08\\\/Caramel-2-con-hash.webp\",\"datePublished\":\"2023-08-04T11:46:42+00:00\",\"dateModified\":\"2026-04-30T12:52:14+00:00\",\"description\":\"Caramel Hash CBD 50% y Flores CBD al por mayor. Calidad y precio para tiendas. Iguana Smoke por mayor.\",\"breadcrumb\":{\"@id\":\"https:\\\/\\\/thelyflabs.com\\\/product\\\/hash-cbd-50-caramel#breadcrumb\"},\"inLanguage\":\"it-IT\",\"potentialAction\":[{\"@type\":\"ReadAction\",\"target\":[\"https:\\\/\\\/thelyflabs.com\\\/product\\\/hash-cbd-50-caramel\"]}]},{\"@type\":\"ImageObject\",\"inLanguage\":\"it-IT\",\"@id\":\"https:\\\/\\\/thelyflabs.com\\\/product\\\/hash-cbd-50-caramel#primaryimage\",\"url\":\"https:\\\/\\\/thelyflabs.com\\\/wp-content\\\/uploads\\\/2023\\\/08\\\/Caramel-2-con-hash.webp\",\"contentUrl\":\"https:\\\/\\\/thelyflabs.com\\\/wp-content\\\/uploads\\\/2023\\\/08\\\/Caramel-2-con-hash.webp\",\"width\":1000,\"height\":1000,\"caption\":\"Hash CBD Caramel 2g\"},{\"@type\":\"BreadcrumbList\",\"@id\":\"https:\\\/\\\/thelyflabs.com\\\/product\\\/hash-cbd-50-caramel#breadcrumb\",\"itemListElement\":[{\"@type\":\"ListItem\",\"position\":1,\"name\":\"Portada\",\"item\":\"https:\\\/\\\/thelyflabs.com\\\/\"},{\"@type\":\"ListItem\",\"position\":2,\"name\":\"Tienda\",\"item\":\"https:\\\/\\\/thelyflabs.com\\\/tienda\"},{\"@type\":\"ListItem\",\"position\":3,\"name\":\"Caramel Hash CBD 50%\"}]},{\"@type\":\"WebSite\",\"@id\":\"https:\\\/\\\/thelyflabs.com\\\/#website\",\"url\":\"https:\\\/\\\/thelyflabs.com\\\/\",\"name\":\"The LYF Labs\",\"description\":\"CBD al por mayor\",\"publisher\":{\"@id\":\"https:\\\/\\\/thelyflabs.com\\\/#organization\"},\"potentialAction\":[{\"@type\":\"SearchAction\",\"target\":{\"@type\":\"EntryPoint\",\"urlTemplate\":\"https:\\\/\\\/thelyflabs.com\\\/?s={search_term_string}\"},\"query-input\":{\"@type\":\"PropertyValueSpecification\",\"valueRequired\":true,\"valueName\":\"search_term_string\"}}],\"inLanguage\":\"it-IT\"},{\"@type\":\"Organization\",\"@id\":\"https:\\\/\\\/thelyflabs.com\\\/#organization\",\"name\":\"The LYF Labs\",\"url\":\"https:\\\/\\\/thelyflabs.com\\\/\",\"logo\":{\"@type\":\"ImageObject\",\"inLanguage\":\"it-IT\",\"@id\":\"https:\\\/\\\/thelyflabs.com\\\/#\\\/schema\\\/logo\\\/image\\\/\",\"url\":\"https:\\\/\\\/thelyflabs.com\\\/wp-content\\\/uploads\\\/2023\\\/01\\\/cropped-LogoTheLYFLabs.png\",\"contentUrl\":\"https:\\\/\\\/thelyflabs.com\\\/wp-content\\\/uploads\\\/2023\\\/01\\\/cropped-LogoTheLYFLabs.png\",\"width\":600,\"height\":180,\"caption\":\"The LYF Labs\"},\"image\":{\"@id\":\"https:\\\/\\\/thelyflabs.com\\\/#\\\/schema\\\/logo\\\/image\\\/\"}}]}<\/script>\n<!-- \/ Yoast SEO plugin. -->","yoast_head_json":{"title":"Caramel Hash CBD 50% - THE LYF LABS","description":"Caramel Hash CBD 50% y Flores CBD al por mayor. Calidad y precio para tiendas. Iguana Smoke por mayor.","robots":{"index":"index","follow":"follow","max-snippet":"max-snippet:-1","max-image-preview":"max-image-preview:large","max-video-preview":"max-video-preview:-1"},"canonical":"https:\/\/thelyflabs.com\/it\/product\/hash-cbd-50-caramel\/","og_locale":"it_IT","og_type":"article","og_title":"Caramel Hash CBD 50% - THE LYF LABS","og_description":"Caramel Hash CBD 50% y Flores CBD al por mayor. Calidad y precio para tiendas. Iguana Smoke por mayor.","og_url":"https:\/\/thelyflabs.com\/it\/product\/hash-cbd-50-caramel\/","og_site_name":"THE LYF LABS","article_modified_time":"2026-04-30T12:52:14+00:00","og_image":[{"width":1000,"height":1000,"url":"https:\/\/thelyflabs.com\/wp-content\/uploads\/2023\/08\/Caramel-2-con-hash.webp","type":"image\/webp"}],"twitter_card":"summary_large_image","twitter_misc":{"Tempo di lettura stimato":"3 minuti"},"schema":{"@context":"https:\/\/schema.org","@graph":[{"@type":"WebPage","@id":"https:\/\/thelyflabs.com\/product\/hash-cbd-50-caramel","url":"https:\/\/thelyflabs.com\/product\/hash-cbd-50-caramel","name":"Caramel Hash CBD 50% - THE LYF LABS","isPartOf":{"@id":"https:\/\/thelyflabs.com\/#website"},"primaryImageOfPage":{"@id":"https:\/\/thelyflabs.com\/product\/hash-cbd-50-caramel#primaryimage"},"image":{"@id":"https:\/\/thelyflabs.com\/product\/hash-cbd-50-caramel#primaryimage"},"thumbnailUrl":"https:\/\/thelyflabs.com\/wp-content\/uploads\/2023\/08\/Caramel-2-con-hash.webp","datePublished":"2023-08-04T11:46:42+00:00","dateModified":"2026-04-30T12:52:14+00:00","description":"Caramel Hash CBD 50% y Flores CBD al por mayor. Calidad y precio para tiendas. Iguana Smoke por mayor.","breadcrumb":{"@id":"https:\/\/thelyflabs.com\/product\/hash-cbd-50-caramel#breadcrumb"},"inLanguage":"it-IT","potentialAction":[{"@type":"ReadAction","target":["https:\/\/thelyflabs.com\/product\/hash-cbd-50-caramel"]}]},{"@type":"ImageObject","inLanguage":"it-IT","@id":"https:\/\/thelyflabs.com\/product\/hash-cbd-50-caramel#primaryimage","url":"https:\/\/thelyflabs.com\/wp-content\/uploads\/2023\/08\/Caramel-2-con-hash.webp","contentUrl":"https:\/\/thelyflabs.com\/wp-content\/uploads\/2023\/08\/Caramel-2-con-hash.webp","width":1000,"height":1000,"caption":"Hash CBD Caramel 2g"},{"@type":"BreadcrumbList","@id":"https:\/\/thelyflabs.com\/product\/hash-cbd-50-caramel#breadcrumb","itemListElement":[{"@type":"ListItem","position":1,"name":"Portada","item":"https:\/\/thelyflabs.com\/"},{"@type":"ListItem","position":2,"name":"Tienda","item":"https:\/\/thelyflabs.com\/tienda"},{"@type":"ListItem","position":3,"name":"Caramel Hash CBD 50%"}]},{"@type":"WebSite","@id":"https:\/\/thelyflabs.com\/#website","url":"https:\/\/thelyflabs.com\/","name":"I laboratori LYF","description":"CBD all&#039;ingrosso","publisher":{"@id":"https:\/\/thelyflabs.com\/#organization"},"potentialAction":[{"@type":"SearchAction","target":{"@type":"EntryPoint","urlTemplate":"https:\/\/thelyflabs.com\/?s={search_term_string}"},"query-input":{"@type":"PropertyValueSpecification","valueRequired":true,"valueName":"search_term_string"}}],"inLanguage":"it-IT"},{"@type":"Organization","@id":"https:\/\/thelyflabs.com\/#organization","name":"I laboratori LYF","url":"https:\/\/thelyflabs.com\/","logo":{"@type":"ImageObject","inLanguage":"it-IT","@id":"https:\/\/thelyflabs.com\/#\/schema\/logo\/image\/","url":"https:\/\/thelyflabs.com\/wp-content\/uploads\/2023\/01\/cropped-LogoTheLYFLabs.png","contentUrl":"https:\/\/thelyflabs.com\/wp-content\/uploads\/2023\/01\/cropped-LogoTheLYFLabs.png","width":600,"height":180,"caption":"The LYF Labs"},"image":{"@id":"https:\/\/thelyflabs.com\/#\/schema\/logo\/image\/"}}]}},"_links":{"self":[{"href":"https:\/\/thelyflabs.com\/it\/wp-json\/wp\/v2\/product\/2515","targetHints":{"allow":["GET"]}}],"collection":[{"href":"https:\/\/thelyflabs.com\/it\/wp-json\/wp\/v2\/product"}],"about":[{"href":"https:\/\/thelyflabs.com\/it\/wp-json\/wp\/v2\/types\/product"}],"replies":[{"embeddable":true,"href":"https:\/\/thelyflabs.com\/it\/wp-json\/wp\/v2\/comments?post=2515"}],"wp:featuredmedia":[{"embeddable":true,"href":"https:\/\/thelyflabs.com\/it\/wp-json\/wp\/v2\/media\/17506"}],"wp:attachment":[{"href":"https:\/\/thelyflabs.com\/it\/wp-json\/wp\/v2\/media?parent=2515"}],"wp:term":[{"taxonomy":"product_brand","embeddable":true,"href":"https:\/\/thelyflabs.com\/it\/wp-json\/wp\/v2\/product_brand?post=2515"},{"taxonomy":"product_cat","embeddable":true,"href":"https:\/\/thelyflabs.com\/it\/wp-json\/wp\/v2\/product_cat?post=2515"},{"taxonomy":"product_tag","embeddable":true,"href":"https:\/\/thelyflabs.com\/it\/wp-json\/wp\/v2\/product_tag?post=2515"}],"curies":[{"name":"parola chiave","href":"https:\/\/api.w.org\/{rel}","templated":true}]}}