{"id":2653,"date":"2023-08-17T04:55:36","date_gmt":"2023-08-17T04:55:36","guid":{"rendered":"https:\/\/thelyflabs.com\/?post_type=product&#038;p=2653"},"modified":"2026-03-27T10:55:07","modified_gmt":"2026-03-27T09:55:07","slug":"e-liquid-cbd-broad-spectrum-gorilla-glue-1500-2500mg-liquido-vaper","status":"publish","type":"product","link":"https:\/\/thelyflabs.com\/it\/product\/e-liquid-cbd-broad-spectrum-gorilla-glue-1500-2500mg-liquido-vaper","title":{"rendered":"E-Liquid CBD ad ampio spettro Gorilla Glue 1500\/2500 mg Liquido per svapo"},"content":{"rendered":"<h2>E-Liquid CBD ad ampio spettro Gorilla Glue 1500\/2500 mg Liquido per svapo<\/h2>\n<p>L&#039;e-liquid Gorilla Glue CBD Broad Spectrum ha un sapore terroso e di pino, simile all&#039;odore di bosco, mescolato a note di agrumi e spezie. Alcuni potrebbero anche notare sottili sentori di cioccolato o caff\u00e8, che aggiungono un tocco di dolcezza e profondit\u00e0 al profilo aromatico.<\/p>\n<p>Il nostro liquido per sigaretta elettronica al CBD ad ampio spettro 1500\/2500 mg rappresenta il perfetto connubio tra scienza e natura. Ogni goccia squisita \u00e8 accuratamente formulata per offrirti un&#039;esperienza premium e costante ad ogni svapo.<\/p>\n<p>\u00c8 importante sottolineare che gli e-liquid ad ampio spettro hanno il potenziale di offrire una gamma pi\u00f9 ampia di benefici rispetto all&#039;isolato di CBD, grazie alla collaborazione sinergica di pi\u00f9 composti attivi.<\/p>\n<p>Gli e-liquid CBD Broad Spectrum 1500\/2500 mg sono, senza dubbio, la scelta perfetta per chi cerca una soluzione completa per il benessere. Sfrutta appieno i benefici del CBD e di altri cannabinoidi in un&#039;esperienza di svapo davvero unica. Migliora la tua routine di benessere abbracciando il potere innato della natura ed esplora un livello di sollievo completamente nuovo.<\/p>\n<p>I nostri nuovi liquidi per svapare sono disponibili in 5 gusti diversi:<\/p>\n<ul>\n<li>AK-47<\/li>\n<li>Amnesia<\/li>\n<li>Banana Kush<\/li>\n<li>Gorilla Glue<\/li>\n<li>Lemon Haze<\/li>\n<\/ul>\n<p>La nuova formulazione di CBD ad ampio spettro contiene pi\u00f9 cannabinoidi che mai!<\/p>\n<p class=\"p1\">Gli e-liquid Iguana Smoke rappresentano il perfetto equilibrio tra qualit\u00e0 del prodotto e prezzo accessibile.<\/p>\n<p class=\"p1\">Gli ingredienti accuratamente selezionati e il rigoroso processo di produzione li rendono un&#039;ottima scelta per uno svapo di CBD sicuro.<\/p>\n<p class=\"p1\">Nessun prodotto Iguana Smoke \u00e8 psicoattivo e, nel caso degli E-liquid, tutti contengono 0,% di THC.<\/p>\n<p>Acquista all&#039;ingrosso l&#039;E-Liquid CBD ad ampio spettro su LyfLabs al miglior prezzo per distributori e grossisti!<\/p>","protected":false},"excerpt":{"rendered":"<h2>E-Liquid CBD ad ampio spettro Gorilla Glue<\/h2>\n<p>Ingredienti:<\/p>\n<ul>\n<li>Glicole propenile 80%<\/li>\n<li>Glicerina vegetale 20%<\/li>\n<li>Aromi<\/li>\n<li>CBD ad ampio spettro<\/li>\n<li>0% THC<\/li>\n<\/ul>","protected":false},"featured_media":2640,"comment_status":"open","ping_status":"closed","template":"","meta":{"_acf_changed":false,"site-sidebar-layout":"default","site-content-layout":"default","ast-site-content-layout":"default","site-content-style":"default","site-sidebar-style":"default","ast-global-header-display":"","ast-banner-title-visibility":"","ast-main-header-display":"","ast-hfb-above-header-display":"","ast-hfb-below-header-display":"","ast-hfb-mobile-header-display":"","site-post-title":"","ast-breadcrumbs-content":"","ast-featured-img":"","footer-sml-layout":"","theme-transparent-header-meta":"default","adv-header-id-meta":"","stick-header-meta":"","header-above-stick-meta":"","header-main-stick-meta":"","header-below-stick-meta":"","astra-migrate-meta-layouts":"set","ast-page-background-enabled":"default","ast-page-background-meta":{"desktop":{"background-color":"var(--ast-global-color-4)","background-image":"","background-repeat":"repeat","background-position":"center center","background-size":"auto","background-attachment":"scroll","background-type":"","background-media":"","overlay-type":"","overlay-color":"","overlay-opacity":"","overlay-gradient":""},"tablet":{"background-color":"","background-image":"","background-repeat":"repeat","background-position":"center center","background-size":"auto","background-attachment":"scroll","background-type":"","background-media":"","overlay-type":"","overlay-color":"","overlay-opacity":"","overlay-gradient":""},"mobile":{"background-color":"","background-image":"","background-repeat":"repeat","background-position":"center center","background-size":"auto","background-attachment":"scroll","background-type":"","background-media":"","overlay-type":"","overlay-color":"","overlay-opacity":"","overlay-gradient":""}},"ast-content-background-meta":{"desktop":{"background-color":"var(--ast-global-color-5)","background-image":"","background-repeat":"repeat","background-position":"center center","background-size":"auto","background-attachment":"scroll","background-type":"","background-media":"","overlay-type":"","overlay-color":"","overlay-opacity":"","overlay-gradient":""},"tablet":{"background-color":"var(--ast-global-color-5)","background-image":"","background-repeat":"repeat","background-position":"center center","background-size":"auto","background-attachment":"scroll","background-type":"","background-media":"","overlay-type":"","overlay-color":"","overlay-opacity":"","overlay-gradient":""},"mobile":{"background-color":"var(--ast-global-color-5)","background-image":"","background-repeat":"repeat","background-position":"center center","background-size":"auto","background-attachment":"scroll","background-type":"","background-media":"","overlay-type":"","overlay-color":"","overlay-opacity":"","overlay-gradient":""}}},"product_brand":[],"product_cat":[84,28,40],"product_tag":[74,75],"class_list":{"0":"post-2653","1":"product","2":"type-product","3":"status-publish","4":"has-post-thumbnail","6":"product_cat-e-liquid-broad-spectrum-cbd","7":"product_cat-e-liquid-cbd","8":"product_cat-iguanasmoke","9":"product_tag-cbd","10":"product_tag-e-liquid","11":"desktop-align-center","12":"tablet-align-left","13":"mobile-align-left","15":"first","16":"instock","17":"taxable","18":"shipping-taxable","19":"purchasable","20":"product-type-variable"},"acf":[],"yoast_head":"<!-- This site is optimized with the Yoast SEO plugin v27.3 - https:\/\/yoast.com\/product\/yoast-seo-wordpress\/ -->\n<title>E-Liquid CBD Broad Spectrum Gorilla Glue 1500\/2500mg L\u00edquido Vaper - THE LYF LABS<\/title>\n<meta name=\"description\" content=\"Compra E-Liquid CBD Broad Spectrum Mayorista en LyfLabs al mejor precio y con calidad inigualable. Env\u00edo gratuito para compras que superen los 35\u20ac.\" \/>\n<meta name=\"robots\" content=\"index, follow, max-snippet:-1, max-image-preview:large, max-video-preview:-1\" \/>\n<link rel=\"canonical\" href=\"https:\/\/thelyflabs.com\/it\/product\/e-liquid-cbd-broad-spectrum-gorilla-glue-1500-2500mg-liquido-vaper\/\" \/>\n<meta property=\"og:locale\" content=\"it_IT\" \/>\n<meta property=\"og:type\" content=\"article\" \/>\n<meta property=\"og:title\" content=\"E-Liquid CBD Broad Spectrum Gorilla Glue 1500\/2500mg L\u00edquido Vaper - THE LYF LABS\" \/>\n<meta property=\"og:description\" content=\"Compra E-Liquid CBD Broad Spectrum Mayorista en LyfLabs al mejor precio y con calidad inigualable. Env\u00edo gratuito para compras que superen los 35\u20ac.\" \/>\n<meta property=\"og:url\" content=\"https:\/\/thelyflabs.com\/it\/product\/e-liquid-cbd-broad-spectrum-gorilla-glue-1500-2500mg-liquido-vaper\/\" \/>\n<meta property=\"og:site_name\" content=\"THE LYF LABS\" \/>\n<meta property=\"article:modified_time\" content=\"2026-03-27T09:55:07+00:00\" \/>\n<meta property=\"og:image\" content=\"https:\/\/thelyflabs.com\/wp-content\/uploads\/2023\/08\/gorilla-glue-broad-spectrum-1500-webp.webp\" \/>\n\t<meta property=\"og:image:width\" content=\"500\" \/>\n\t<meta property=\"og:image:height\" content=\"500\" \/>\n\t<meta property=\"og:image:type\" content=\"image\/webp\" \/>\n<meta name=\"twitter:card\" content=\"summary_large_image\" \/>\n<meta name=\"twitter:label1\" content=\"Tempo di lettura stimato\" \/>\n\t<meta name=\"twitter:data1\" content=\"2 minuti\" \/>\n<script type=\"application\/ld+json\" class=\"yoast-schema-graph\">{\"@context\":\"https:\\\/\\\/schema.org\",\"@graph\":[{\"@type\":\"WebPage\",\"@id\":\"https:\\\/\\\/thelyflabs.com\\\/product\\\/e-liquid-cbd-broad-spectrum-gorilla-glue-1500-2500mg-liquido-vaper\",\"url\":\"https:\\\/\\\/thelyflabs.com\\\/product\\\/e-liquid-cbd-broad-spectrum-gorilla-glue-1500-2500mg-liquido-vaper\",\"name\":\"E-Liquid CBD Broad Spectrum Gorilla Glue 1500\\\/2500mg L\u00edquido Vaper - THE LYF LABS\",\"isPartOf\":{\"@id\":\"https:\\\/\\\/thelyflabs.com\\\/#website\"},\"primaryImageOfPage\":{\"@id\":\"https:\\\/\\\/thelyflabs.com\\\/product\\\/e-liquid-cbd-broad-spectrum-gorilla-glue-1500-2500mg-liquido-vaper#primaryimage\"},\"image\":{\"@id\":\"https:\\\/\\\/thelyflabs.com\\\/product\\\/e-liquid-cbd-broad-spectrum-gorilla-glue-1500-2500mg-liquido-vaper#primaryimage\"},\"thumbnailUrl\":\"https:\\\/\\\/thelyflabs.com\\\/wp-content\\\/uploads\\\/2023\\\/08\\\/gorilla-glue-broad-spectrum-1500-webp.webp\",\"datePublished\":\"2023-08-17T04:55:36+00:00\",\"dateModified\":\"2026-03-27T09:55:07+00:00\",\"description\":\"Compra E-Liquid CBD Broad Spectrum Mayorista en LyfLabs al mejor precio y con calidad inigualable. Env\u00edo gratuito para compras que superen los 35\u20ac.\",\"breadcrumb\":{\"@id\":\"https:\\\/\\\/thelyflabs.com\\\/product\\\/e-liquid-cbd-broad-spectrum-gorilla-glue-1500-2500mg-liquido-vaper#breadcrumb\"},\"inLanguage\":\"it-IT\",\"potentialAction\":[{\"@type\":\"ReadAction\",\"target\":[\"https:\\\/\\\/thelyflabs.com\\\/product\\\/e-liquid-cbd-broad-spectrum-gorilla-glue-1500-2500mg-liquido-vaper\"]}]},{\"@type\":\"ImageObject\",\"inLanguage\":\"it-IT\",\"@id\":\"https:\\\/\\\/thelyflabs.com\\\/product\\\/e-liquid-cbd-broad-spectrum-gorilla-glue-1500-2500mg-liquido-vaper#primaryimage\",\"url\":\"https:\\\/\\\/thelyflabs.com\\\/wp-content\\\/uploads\\\/2023\\\/08\\\/gorilla-glue-broad-spectrum-1500-webp.webp\",\"contentUrl\":\"https:\\\/\\\/thelyflabs.com\\\/wp-content\\\/uploads\\\/2023\\\/08\\\/gorilla-glue-broad-spectrum-1500-webp.webp\",\"width\":500,\"height\":500,\"caption\":\"liquido para vapear cbd al por mayor sabor gorilla\"},{\"@type\":\"BreadcrumbList\",\"@id\":\"https:\\\/\\\/thelyflabs.com\\\/product\\\/e-liquid-cbd-broad-spectrum-gorilla-glue-1500-2500mg-liquido-vaper#breadcrumb\",\"itemListElement\":[{\"@type\":\"ListItem\",\"position\":1,\"name\":\"Portada\",\"item\":\"https:\\\/\\\/thelyflabs.com\\\/\"},{\"@type\":\"ListItem\",\"position\":2,\"name\":\"Tienda\",\"item\":\"https:\\\/\\\/thelyflabs.com\\\/tienda\"},{\"@type\":\"ListItem\",\"position\":3,\"name\":\"E-Liquid CBD Broad Spectrum Gorilla Glue 1500\\\/2500mg L\u00edquido Vaper\"}]},{\"@type\":\"WebSite\",\"@id\":\"https:\\\/\\\/thelyflabs.com\\\/#website\",\"url\":\"https:\\\/\\\/thelyflabs.com\\\/\",\"name\":\"The LYF Labs\",\"description\":\"CBD al por mayor\",\"publisher\":{\"@id\":\"https:\\\/\\\/thelyflabs.com\\\/#organization\"},\"potentialAction\":[{\"@type\":\"SearchAction\",\"target\":{\"@type\":\"EntryPoint\",\"urlTemplate\":\"https:\\\/\\\/thelyflabs.com\\\/?s={search_term_string}\"},\"query-input\":{\"@type\":\"PropertyValueSpecification\",\"valueRequired\":true,\"valueName\":\"search_term_string\"}}],\"inLanguage\":\"it-IT\"},{\"@type\":\"Organization\",\"@id\":\"https:\\\/\\\/thelyflabs.com\\\/#organization\",\"name\":\"The LYF Labs\",\"url\":\"https:\\\/\\\/thelyflabs.com\\\/\",\"logo\":{\"@type\":\"ImageObject\",\"inLanguage\":\"it-IT\",\"@id\":\"https:\\\/\\\/thelyflabs.com\\\/#\\\/schema\\\/logo\\\/image\\\/\",\"url\":\"https:\\\/\\\/thelyflabs.com\\\/wp-content\\\/uploads\\\/2023\\\/01\\\/cropped-LogoTheLYFLabs.png\",\"contentUrl\":\"https:\\\/\\\/thelyflabs.com\\\/wp-content\\\/uploads\\\/2023\\\/01\\\/cropped-LogoTheLYFLabs.png\",\"width\":600,\"height\":180,\"caption\":\"The LYF Labs\"},\"image\":{\"@id\":\"https:\\\/\\\/thelyflabs.com\\\/#\\\/schema\\\/logo\\\/image\\\/\"}}]}<\/script>\n<!-- \/ Yoast SEO plugin. -->","yoast_head_json":{"title":"E-Liquid CBD Broad Spectrum Gorilla Glue 1500\/2500mg L\u00edquido Vaper - THE LYF LABS","description":"Compra E-Liquid CBD Broad Spectrum Mayorista en LyfLabs al mejor precio y con calidad inigualable. Env\u00edo gratuito para compras que superen los 35\u20ac.","robots":{"index":"index","follow":"follow","max-snippet":"max-snippet:-1","max-image-preview":"max-image-preview:large","max-video-preview":"max-video-preview:-1"},"canonical":"https:\/\/thelyflabs.com\/it\/product\/e-liquid-cbd-broad-spectrum-gorilla-glue-1500-2500mg-liquido-vaper\/","og_locale":"it_IT","og_type":"article","og_title":"E-Liquid CBD Broad Spectrum Gorilla Glue 1500\/2500mg L\u00edquido Vaper - THE LYF LABS","og_description":"Compra E-Liquid CBD Broad Spectrum Mayorista en LyfLabs al mejor precio y con calidad inigualable. Env\u00edo gratuito para compras que superen los 35\u20ac.","og_url":"https:\/\/thelyflabs.com\/it\/product\/e-liquid-cbd-broad-spectrum-gorilla-glue-1500-2500mg-liquido-vaper\/","og_site_name":"THE LYF LABS","article_modified_time":"2026-03-27T09:55:07+00:00","og_image":[{"width":500,"height":500,"url":"https:\/\/thelyflabs.com\/wp-content\/uploads\/2023\/08\/gorilla-glue-broad-spectrum-1500-webp.webp","type":"image\/webp"}],"twitter_card":"summary_large_image","twitter_misc":{"Tempo di lettura stimato":"2 minuti"},"schema":{"@context":"https:\/\/schema.org","@graph":[{"@type":"WebPage","@id":"https:\/\/thelyflabs.com\/product\/e-liquid-cbd-broad-spectrum-gorilla-glue-1500-2500mg-liquido-vaper","url":"https:\/\/thelyflabs.com\/product\/e-liquid-cbd-broad-spectrum-gorilla-glue-1500-2500mg-liquido-vaper","name":"E-Liquid CBD Broad Spectrum Gorilla Glue 1500\/2500mg L\u00edquido Vaper - THE LYF LABS","isPartOf":{"@id":"https:\/\/thelyflabs.com\/#website"},"primaryImageOfPage":{"@id":"https:\/\/thelyflabs.com\/product\/e-liquid-cbd-broad-spectrum-gorilla-glue-1500-2500mg-liquido-vaper#primaryimage"},"image":{"@id":"https:\/\/thelyflabs.com\/product\/e-liquid-cbd-broad-spectrum-gorilla-glue-1500-2500mg-liquido-vaper#primaryimage"},"thumbnailUrl":"https:\/\/thelyflabs.com\/wp-content\/uploads\/2023\/08\/gorilla-glue-broad-spectrum-1500-webp.webp","datePublished":"2023-08-17T04:55:36+00:00","dateModified":"2026-03-27T09:55:07+00:00","description":"Compra E-Liquid CBD Broad Spectrum Mayorista en LyfLabs al mejor precio y con calidad inigualable. Env\u00edo gratuito para compras que superen los 35\u20ac.","breadcrumb":{"@id":"https:\/\/thelyflabs.com\/product\/e-liquid-cbd-broad-spectrum-gorilla-glue-1500-2500mg-liquido-vaper#breadcrumb"},"inLanguage":"it-IT","potentialAction":[{"@type":"ReadAction","target":["https:\/\/thelyflabs.com\/product\/e-liquid-cbd-broad-spectrum-gorilla-glue-1500-2500mg-liquido-vaper"]}]},{"@type":"ImageObject","inLanguage":"it-IT","@id":"https:\/\/thelyflabs.com\/product\/e-liquid-cbd-broad-spectrum-gorilla-glue-1500-2500mg-liquido-vaper#primaryimage","url":"https:\/\/thelyflabs.com\/wp-content\/uploads\/2023\/08\/gorilla-glue-broad-spectrum-1500-webp.webp","contentUrl":"https:\/\/thelyflabs.com\/wp-content\/uploads\/2023\/08\/gorilla-glue-broad-spectrum-1500-webp.webp","width":500,"height":500,"caption":"liquido para vapear cbd al por mayor sabor gorilla"},{"@type":"BreadcrumbList","@id":"https:\/\/thelyflabs.com\/product\/e-liquid-cbd-broad-spectrum-gorilla-glue-1500-2500mg-liquido-vaper#breadcrumb","itemListElement":[{"@type":"ListItem","position":1,"name":"Portada","item":"https:\/\/thelyflabs.com\/"},{"@type":"ListItem","position":2,"name":"Tienda","item":"https:\/\/thelyflabs.com\/tienda"},{"@type":"ListItem","position":3,"name":"E-Liquid CBD Broad Spectrum Gorilla Glue 1500\/2500mg L\u00edquido Vaper"}]},{"@type":"WebSite","@id":"https:\/\/thelyflabs.com\/#website","url":"https:\/\/thelyflabs.com\/","name":"I laboratori LYF","description":"CBD all&#039;ingrosso","publisher":{"@id":"https:\/\/thelyflabs.com\/#organization"},"potentialAction":[{"@type":"SearchAction","target":{"@type":"EntryPoint","urlTemplate":"https:\/\/thelyflabs.com\/?s={search_term_string}"},"query-input":{"@type":"PropertyValueSpecification","valueRequired":true,"valueName":"search_term_string"}}],"inLanguage":"it-IT"},{"@type":"Organization","@id":"https:\/\/thelyflabs.com\/#organization","name":"I laboratori LYF","url":"https:\/\/thelyflabs.com\/","logo":{"@type":"ImageObject","inLanguage":"it-IT","@id":"https:\/\/thelyflabs.com\/#\/schema\/logo\/image\/","url":"https:\/\/thelyflabs.com\/wp-content\/uploads\/2023\/01\/cropped-LogoTheLYFLabs.png","contentUrl":"https:\/\/thelyflabs.com\/wp-content\/uploads\/2023\/01\/cropped-LogoTheLYFLabs.png","width":600,"height":180,"caption":"The LYF Labs"},"image":{"@id":"https:\/\/thelyflabs.com\/#\/schema\/logo\/image\/"}}]}},"_links":{"self":[{"href":"https:\/\/thelyflabs.com\/it\/wp-json\/wp\/v2\/product\/2653","targetHints":{"allow":["GET"]}}],"collection":[{"href":"https:\/\/thelyflabs.com\/it\/wp-json\/wp\/v2\/product"}],"about":[{"href":"https:\/\/thelyflabs.com\/it\/wp-json\/wp\/v2\/types\/product"}],"replies":[{"embeddable":true,"href":"https:\/\/thelyflabs.com\/it\/wp-json\/wp\/v2\/comments?post=2653"}],"wp:featuredmedia":[{"embeddable":true,"href":"https:\/\/thelyflabs.com\/it\/wp-json\/wp\/v2\/media\/2640"}],"wp:attachment":[{"href":"https:\/\/thelyflabs.com\/it\/wp-json\/wp\/v2\/media?parent=2653"}],"wp:term":[{"taxonomy":"product_brand","embeddable":true,"href":"https:\/\/thelyflabs.com\/it\/wp-json\/wp\/v2\/product_brand?post=2653"},{"taxonomy":"product_cat","embeddable":true,"href":"https:\/\/thelyflabs.com\/it\/wp-json\/wp\/v2\/product_cat?post=2653"},{"taxonomy":"product_tag","embeddable":true,"href":"https:\/\/thelyflabs.com\/it\/wp-json\/wp\/v2\/product_tag?post=2653"}],"curies":[{"name":"parola chiave","href":"https:\/\/api.w.org\/{rel}","templated":true}]}}