{"id":2757,"date":"2023-08-24T05:15:12","date_gmt":"2023-08-24T05:15:12","guid":{"rendered":"https:\/\/thelyflabs.com\/?post_type=product&#038;p=2757"},"modified":"2026-04-17T13:10:49","modified_gmt":"2026-04-17T11:10:49","slug":"vaper-cbd-pod-pocket-lemon-haze-broad-spectrum-750mg","status":"publish","type":"product","link":"https:\/\/thelyflabs.com\/it\/product\/vaper-cbd-pod-pocket-lemon-haze-broad-spectrum-750mg","title":{"rendered":"Vaper CBD &#8211; Iguana Pod Pocket CBD Lemon Haze Broad Spectrum 750mg"},"content":{"rendered":"<h1><span style=\"font-weight: 400\">Iguana Pod Pocket CBD Lemon Haze Broad Spectrum 3ml &#8211; Vaper Desechable CBD<\/span><\/h1>\n<p><span style=\"font-weight: 400\">Lui <strong>Iguana Pod Pocket CBD Lemon Broad Spectrum mayorista <\/strong>\u00e8 un <strong>vape pocket CBD desechable<\/strong> pensado para quienes buscan una forma c\u00f3moda y discreta de disfrutar del CBD en su d\u00eda a d\u00eda.<\/span><\/p>\n<p><span style=\"font-weight: 400\">Adem\u00e1s, este <strong>vaper pod pocket CBD<\/strong> combina un <strong>dise\u00f1o ergon\u00f3mico, ligero y compacto<\/strong> con un acabado de primera calidad. Por ello, resulta ideal para llevar en el bolsillo o bolso sin renunciar a estilo ni la comodidad. <\/span><\/p>\n<p><span style=\"font-weight: 400\">Asimismo, su <strong>formato vaper desechable CBD no requiere de recargas<\/strong> ni mantenimiento. Simplemente, abre el dispositivo y empieza a usarlo.<\/span><\/p>\n<p>&nbsp;<\/p>\n<h2><strong>Aroma Lemon Haze: car\u00e1cter fresco\u00a0<\/strong><\/h2>\n<p><span style=\"font-weight: 400\">Esta variedad destaca por su perfil <strong>arom\u00e1tico vibrante y refrescante.<\/strong> Predominan los aromas c\u00edtricos intensos a lim\u00f3n fresco, acompa\u00f1ados de ligeros matices herbales y terrosos que aportan profundidad y car\u00e1cter al aroma.\u00a0<\/span><\/p>\n<p><span style=\"font-weight: 400\">Gracias a este perfil arom\u00e1tico tan equilibrado y estimulante, el <strong>Iguana Pod Pocket CBD Lemon Haze Broad Spectrum<\/strong><strong>\u00a0<\/strong>se convierte en una opci\u00f3n ideal dentro del mundo vaper pod pocket CBD, especialmente para quienes prefieren sabores cann\u00e1bicos c\u00edtricos intensos.<\/span><\/p>\n<p>&nbsp;<\/p>\n<h2><strong>Vaper Pod Pocket CBD Broad Spectrum: m\u00e1s CBD por calada<\/strong><\/h2>\n<p><span style=\"font-weight: 400\">Gracias a su formato <strong>Vape Pocket CBD desechable<\/strong>, este vaper desechable CBD es perfecto tanto para personas que se inician en el vapeo de CBD como para usuarios habituales que buscan comodidad y rapidez. <\/span><\/p>\n<p><span style=\"font-weight: 400\">Esta nueva <strong>f\u00f3rmula de CBD amplio espectro contiene m\u00e1s cannabinoides<\/strong> que nunca, con los <strong>Pod Pockets CBD Broad Spectrum<\/strong> podr\u00e1s disfrutar de 750mg CBD y hasta 900 caladas.<\/span><\/p>\n<p><span style=\"font-weight: 400\">Adem\u00e1s, <strong>no necesita botones, configuraciones ni recargas<\/strong>. Por tanto, solo tienes que elegir tu sabor favorito, abrir el dispositivo y disfrutar.\u00a0<\/span><\/p>\n<p>&nbsp;<\/p>\n<h3><b>\u00bfD\u00f3nde comprar tus <span style=\"font-weight: 400\"><strong>Iguana Pod Pocket CBD <\/strong><\/span>mayorista<\/b><b>?<\/b><\/h3>\n<p><span style=\"font-weight: 400\">Se stai cercando <strong>comprar vaper CBD pocket<\/strong><\/span><span style=\"font-weight: 400\"><strong>, <\/strong>este es tu lugar seguro para <strong>comprar un vaper desechable CBD mayorista en Espa\u00f1a.<\/strong> Todos nuestros productos est\u00e1n aprobados por la UE, garantizando su legalidad y seguridad. Adem\u00e1s, si quieres puedes consultar<\/span><strong> <a href=\"https:\/\/iguanasmoke.com\/analiticas\/\">analisi di laboratorio.<\/a><\/strong><\/p>\n<p><span style=\"font-weight: 400\">No te olvides de explorar <\/span><span style=\"font-weight: 400\">nuestra variedad y encontrar ya tus favoritos.<\/span><\/p>\n<p><strong data-start=\"303\" data-end=\"345\">Env\u00edo r\u00e1pido y discreto en toda Espa\u00f1a<\/strong>, con <strong data-start=\"351\" data-end=\"387\">atenci\u00f3n cercana y personalizada<\/strong> para resolver cualquier duda antes y despu\u00e9s de tu compra.<\/p>\n<p>&nbsp;<\/p>\n<p>&nbsp;<\/p>\n<section class=\"product-description\">\n<h2>Qualit\u00e0 e sicurezza<\/h2>\n<p>In <strong>I laboratori Lyf<\/strong>, garantiamo che ogni lotto di <span style=\"font-weight: 400\"><strong>Iguana Pod Pocket CBD Broad Spectrum mayorista<\/strong><\/span>\u00a0Viene sottoposto a rigorose analisi di laboratorio per confermarne la purezza, l&#039;assenza di pesticidi e i livelli legali di THC (inferiori a 0,3%). Il nostro impegno per la qualit\u00e0 e la sicurezza ci consente di offrire un prodotto affidabile, adatto a tutti gli utenti che apprezzano la legalit\u00e0 e l&#039;eccellenza nel loro consumo.<\/p>\n<\/section>\n<section class=\"product-description\">The Lyf Labs se compromete a ofrecer <strong>productos que combinan tradici\u00f3n, innovaci\u00f3n y m\u00e1xima calidad<\/strong>. Conf\u00eda en nosotros para llevar a tu colecci\u00f3n o cat\u00e1logo un producto que destaca por su autenticidad, sabor y fiabilidad.<\/section>\n<section><\/section>\n<section><\/section>\n<section><\/section>\n<section><\/section>\n<section><\/section>\n<section><\/section>\n<section><\/section>\n<section><\/section>\n<section><\/section>\n<p>&nbsp;<\/p>\n<p>&nbsp;<\/p>\n<h3 class=\"product-description\"><span style=\"font-size: 1.7em;font-weight: bold\">Lyf Labs \u00e8 di qualit\u00e0<\/span><\/h3>\n<p>The Lyf Labs representa la excelencia en el <strong>mercado mayorista de cannabinoides,<\/strong> ofreciendo productos innovadores, seguros y de alta pureza para <strong>tiendas especializadas y distribuidores<\/strong>. Nos enfocamos en satisfacer las necesidades de un sector profesional que busca calidad constante, trazabilidad y <strong>precios competitivos<\/strong>. Si buscas un proveedor confiable y con visi\u00f3n de futuro, en The Lyf Labs encontrar\u00e1s un aliado estrat\u00e9gico para crecer en el mercado del c\u00e1\u00f1amo.<\/p>\n<p>&nbsp;<\/p>\n<h6>\u2139\ufe0f<strong> Informazioni legali<\/strong><\/h6>\n<p><em><span style=\"font-weight: 400\">*Producto destinado a coleccionismo o aromaterapia, conforme a la legislaci\u00f3n espa\u00f1ola vigente. <\/span><\/em><\/p>\n<p><em><span style=\"font-weight: 400\">**Derivados del c\u00e1\u00f1amo industrial certificado. Contiene menos del 0,3 THC y no incluye cannabinoides ilegales como HHC, HHC-P, THCP, THCP-O, H4CBD ni sustancias recogidas en el Anexo I del Real Decreto 2829\/1977, as\u00ed como tampoco contiene sustancias fiscalizadas por convenios internacionales.<\/span><\/em><\/p>","protected":false},"excerpt":{"rendered":"<p><span style=\"font-weight: 400\">Caracter\u00edsticas t\u00e9cnicas del <strong>Pod Pocket CBD &#8211; Vaper CBD desechable<\/strong>: <\/span><\/p>\n<ul>\n<li><span style=\"font-weight: 400\">Dimensioni: <strong>65,5 x 35 x 12 mm<\/strong> (alto x ancho x profundo) <\/span><\/li>\n<li><span style=\"font-weight: 400\">Bater\u00eda: <strong>550 mAh <\/strong><\/span><\/li>\n<li><span style=\"font-weight: 400\">Capacit\u00e0: <strong>3ml <\/strong><\/span><\/li>\n<li><span style=\"font-weight: 400\">Soffi: <strong>hasta 900 <\/strong><\/span><\/li>\n<li><span style=\"font-weight: 400\">CBD:<strong> 750mg\/3ml <\/strong><\/span><\/li>\n<li><span style=\"font-weight: 400\">THC: <strong>0% <\/strong><\/span><\/li>\n<li><span style=\"font-weight: 400\">Nicotina: <strong>0%\u00a0<\/strong>\u00a0<\/span><\/li>\n<\/ul>\n<p><span style=\"font-weight: 400\">Adem\u00e1s, si quieres puedes consultar<strong> <a href=\"https:\/\/iguanasmoke.com\/analiticas\/\">analisi di laboratorio.<\/a><\/strong><\/span><\/p>","protected":false},"featured_media":8256,"comment_status":"open","ping_status":"closed","template":"","meta":{"_acf_changed":false,"site-sidebar-layout":"default","site-content-layout":"default","ast-site-content-layout":"default","site-content-style":"default","site-sidebar-style":"default","ast-global-header-display":"","ast-banner-title-visibility":"","ast-main-header-display":"","ast-hfb-above-header-display":"","ast-hfb-below-header-display":"","ast-hfb-mobile-header-display":"","site-post-title":"","ast-breadcrumbs-content":"","ast-featured-img":"","footer-sml-layout":"","theme-transparent-header-meta":"default","adv-header-id-meta":"","stick-header-meta":"","header-above-stick-meta":"","header-main-stick-meta":"","header-below-stick-meta":"","astra-migrate-meta-layouts":"set","ast-page-background-enabled":"default","ast-page-background-meta":{"desktop":{"background-color":"var(--ast-global-color-4)","background-image":"","background-repeat":"repeat","background-position":"center center","background-size":"auto","background-attachment":"scroll","background-type":"","background-media":"","overlay-type":"","overlay-color":"","overlay-opacity":"","overlay-gradient":""},"tablet":{"background-color":"","background-image":"","background-repeat":"repeat","background-position":"center center","background-size":"auto","background-attachment":"scroll","background-type":"","background-media":"","overlay-type":"","overlay-color":"","overlay-opacity":"","overlay-gradient":""},"mobile":{"background-color":"","background-image":"","background-repeat":"repeat","background-position":"center center","background-size":"auto","background-attachment":"scroll","background-type":"","background-media":"","overlay-type":"","overlay-color":"","overlay-opacity":"","overlay-gradient":""}},"ast-content-background-meta":{"desktop":{"background-color":"var(--ast-global-color-5)","background-image":"","background-repeat":"repeat","background-position":"center center","background-size":"auto","background-attachment":"scroll","background-type":"","background-media":"","overlay-type":"","overlay-color":"","overlay-opacity":"","overlay-gradient":""},"tablet":{"background-color":"var(--ast-global-color-5)","background-image":"","background-repeat":"repeat","background-position":"center center","background-size":"auto","background-attachment":"scroll","background-type":"","background-media":"","overlay-type":"","overlay-color":"","overlay-opacity":"","overlay-gradient":""},"mobile":{"background-color":"var(--ast-global-color-5)","background-image":"","background-repeat":"repeat","background-position":"center center","background-size":"auto","background-attachment":"scroll","background-type":"","background-media":"","overlay-type":"","overlay-color":"","overlay-opacity":"","overlay-gradient":""}}},"product_brand":[],"product_cat":[80,76,77,82],"product_tag":[],"class_list":{"0":"post-2757","1":"product","2":"type-product","3":"status-publish","4":"has-post-thumbnail","6":"product_cat-broad-spectrum-cbd","7":"product_cat-vaper-cbd","8":"product_cat-vape-pocket-cbd","9":"product_cat-vape-cbd-pocket-iguana-smoke","10":"desktop-align-center","11":"tablet-align-left","12":"mobile-align-left","14":"first","15":"outofstock","16":"taxable","17":"shipping-taxable","18":"purchasable","19":"product-type-simple"},"acf":[],"yoast_head":"<!-- This site is optimized with the Yoast SEO plugin v27.4 - https:\/\/yoast.com\/product\/yoast-seo-wordpress\/ -->\n<title>Pocket CBD Lemon Broad Spectrum mayorista: Vaper CBD - THE LYF LABS<\/title>\n<meta name=\"description\" content=\"Consigue aqu\u00ed tu Pod Pocket CBD Lemon Broad Spectrum mayorista. Este Vaper CBD ofrece hasta 900 caladas y no contiene THC ni nicotina.\" \/>\n<meta name=\"robots\" content=\"index, follow, max-snippet:-1, max-image-preview:large, max-video-preview:-1\" \/>\n<link rel=\"canonical\" href=\"https:\/\/thelyflabs.com\/it\/product\/vaper-cbd-pod-pocket-lemon-haze-broad-spectrum-750mg\/\" \/>\n<meta property=\"og:locale\" content=\"it_IT\" \/>\n<meta property=\"og:type\" content=\"article\" \/>\n<meta property=\"og:title\" content=\"Pocket CBD Lemon Broad Spectrum mayorista: Vaper CBD - THE LYF LABS\" \/>\n<meta property=\"og:description\" content=\"Consigue aqu\u00ed tu Pod Pocket CBD Lemon Broad Spectrum mayorista. Este Vaper CBD ofrece hasta 900 caladas y no contiene THC ni nicotina.\" \/>\n<meta property=\"og:url\" content=\"https:\/\/thelyflabs.com\/it\/product\/vaper-cbd-pod-pocket-lemon-haze-broad-spectrum-750mg\/\" \/>\n<meta property=\"og:site_name\" content=\"THE LYF LABS\" \/>\n<meta property=\"article:modified_time\" content=\"2026-04-17T11:10:49+00:00\" \/>\n<meta property=\"og:image\" content=\"https:\/\/thelyflabs.com\/wp-content\/uploads\/2023\/08\/caja-y-vape-banana-kush-webp-1.webp\" \/>\n\t<meta property=\"og:image:width\" content=\"500\" \/>\n\t<meta property=\"og:image:height\" content=\"500\" \/>\n\t<meta property=\"og:image:type\" content=\"image\/webp\" \/>\n<meta name=\"twitter:card\" content=\"summary_large_image\" \/>\n<meta name=\"twitter:label1\" content=\"Tempo di lettura stimato\" \/>\n\t<meta name=\"twitter:data1\" content=\"3 minuti\" \/>\n<script type=\"application\/ld+json\" class=\"yoast-schema-graph\">{\"@context\":\"https:\\\/\\\/schema.org\",\"@graph\":[{\"@type\":\"WebPage\",\"@id\":\"https:\\\/\\\/thelyflabs.com\\\/product\\\/vaper-cbd-pod-pocket-lemon-haze-broad-spectrum-750mg\",\"url\":\"https:\\\/\\\/thelyflabs.com\\\/product\\\/vaper-cbd-pod-pocket-lemon-haze-broad-spectrum-750mg\",\"name\":\"Pocket CBD Lemon Broad Spectrum mayorista: Vaper CBD - THE LYF LABS\",\"isPartOf\":{\"@id\":\"https:\\\/\\\/thelyflabs.com\\\/#website\"},\"primaryImageOfPage\":{\"@id\":\"https:\\\/\\\/thelyflabs.com\\\/product\\\/vaper-cbd-pod-pocket-lemon-haze-broad-spectrum-750mg#primaryimage\"},\"image\":{\"@id\":\"https:\\\/\\\/thelyflabs.com\\\/product\\\/vaper-cbd-pod-pocket-lemon-haze-broad-spectrum-750mg#primaryimage\"},\"thumbnailUrl\":\"https:\\\/\\\/thelyflabs.com\\\/wp-content\\\/uploads\\\/2023\\\/08\\\/caja-y-vape-banana-kush-webp-1.webp\",\"datePublished\":\"2023-08-24T05:15:12+00:00\",\"dateModified\":\"2026-04-17T11:10:49+00:00\",\"description\":\"Consigue aqu\u00ed tu Pod Pocket CBD Lemon Broad Spectrum mayorista. Este Vaper CBD ofrece hasta 900 caladas y no contiene THC ni nicotina.\",\"breadcrumb\":{\"@id\":\"https:\\\/\\\/thelyflabs.com\\\/product\\\/vaper-cbd-pod-pocket-lemon-haze-broad-spectrum-750mg#breadcrumb\"},\"inLanguage\":\"it-IT\",\"potentialAction\":[{\"@type\":\"ReadAction\",\"target\":[\"https:\\\/\\\/thelyflabs.com\\\/product\\\/vaper-cbd-pod-pocket-lemon-haze-broad-spectrum-750mg\"]}]},{\"@type\":\"ImageObject\",\"inLanguage\":\"it-IT\",\"@id\":\"https:\\\/\\\/thelyflabs.com\\\/product\\\/vaper-cbd-pod-pocket-lemon-haze-broad-spectrum-750mg#primaryimage\",\"url\":\"https:\\\/\\\/thelyflabs.com\\\/wp-content\\\/uploads\\\/2023\\\/08\\\/caja-y-vape-banana-kush-webp-1.webp\",\"contentUrl\":\"https:\\\/\\\/thelyflabs.com\\\/wp-content\\\/uploads\\\/2023\\\/08\\\/caja-y-vape-banana-kush-webp-1.webp\",\"width\":500,\"height\":500,\"caption\":\"vapeador banana kush\"},{\"@type\":\"BreadcrumbList\",\"@id\":\"https:\\\/\\\/thelyflabs.com\\\/product\\\/vaper-cbd-pod-pocket-lemon-haze-broad-spectrum-750mg#breadcrumb\",\"itemListElement\":[{\"@type\":\"ListItem\",\"position\":1,\"name\":\"Portada\",\"item\":\"https:\\\/\\\/thelyflabs.com\\\/\"},{\"@type\":\"ListItem\",\"position\":2,\"name\":\"Tienda\",\"item\":\"https:\\\/\\\/thelyflabs.com\\\/tienda\"},{\"@type\":\"ListItem\",\"position\":3,\"name\":\"Vaper CBD &#8211; Iguana Pod Pocket CBD Lemon Haze Broad Spectrum 750mg\"}]},{\"@type\":\"WebSite\",\"@id\":\"https:\\\/\\\/thelyflabs.com\\\/#website\",\"url\":\"https:\\\/\\\/thelyflabs.com\\\/\",\"name\":\"The LYF Labs\",\"description\":\"CBD al por mayor\",\"publisher\":{\"@id\":\"https:\\\/\\\/thelyflabs.com\\\/#organization\"},\"potentialAction\":[{\"@type\":\"SearchAction\",\"target\":{\"@type\":\"EntryPoint\",\"urlTemplate\":\"https:\\\/\\\/thelyflabs.com\\\/?s={search_term_string}\"},\"query-input\":{\"@type\":\"PropertyValueSpecification\",\"valueRequired\":true,\"valueName\":\"search_term_string\"}}],\"inLanguage\":\"it-IT\"},{\"@type\":\"Organization\",\"@id\":\"https:\\\/\\\/thelyflabs.com\\\/#organization\",\"name\":\"The LYF Labs\",\"url\":\"https:\\\/\\\/thelyflabs.com\\\/\",\"logo\":{\"@type\":\"ImageObject\",\"inLanguage\":\"it-IT\",\"@id\":\"https:\\\/\\\/thelyflabs.com\\\/#\\\/schema\\\/logo\\\/image\\\/\",\"url\":\"https:\\\/\\\/thelyflabs.com\\\/wp-content\\\/uploads\\\/2023\\\/01\\\/cropped-LogoTheLYFLabs.png\",\"contentUrl\":\"https:\\\/\\\/thelyflabs.com\\\/wp-content\\\/uploads\\\/2023\\\/01\\\/cropped-LogoTheLYFLabs.png\",\"width\":600,\"height\":180,\"caption\":\"The LYF Labs\"},\"image\":{\"@id\":\"https:\\\/\\\/thelyflabs.com\\\/#\\\/schema\\\/logo\\\/image\\\/\"}}]}<\/script>\n<!-- \/ Yoast SEO plugin. -->","yoast_head_json":{"title":"Pocket CBD Lemon Broad Spectrum mayorista: Vaper CBD - THE LYF LABS","description":"Consigue aqu\u00ed tu Pod Pocket CBD Lemon Broad Spectrum mayorista. Este Vaper CBD ofrece hasta 900 caladas y no contiene THC ni nicotina.","robots":{"index":"index","follow":"follow","max-snippet":"max-snippet:-1","max-image-preview":"max-image-preview:large","max-video-preview":"max-video-preview:-1"},"canonical":"https:\/\/thelyflabs.com\/it\/product\/vaper-cbd-pod-pocket-lemon-haze-broad-spectrum-750mg\/","og_locale":"it_IT","og_type":"article","og_title":"Pocket CBD Lemon Broad Spectrum mayorista: Vaper CBD - THE LYF LABS","og_description":"Consigue aqu\u00ed tu Pod Pocket CBD Lemon Broad Spectrum mayorista. Este Vaper CBD ofrece hasta 900 caladas y no contiene THC ni nicotina.","og_url":"https:\/\/thelyflabs.com\/it\/product\/vaper-cbd-pod-pocket-lemon-haze-broad-spectrum-750mg\/","og_site_name":"THE LYF LABS","article_modified_time":"2026-04-17T11:10:49+00:00","og_image":[{"width":500,"height":500,"url":"https:\/\/thelyflabs.com\/wp-content\/uploads\/2023\/08\/caja-y-vape-banana-kush-webp-1.webp","type":"image\/webp"}],"twitter_card":"summary_large_image","twitter_misc":{"Tempo di lettura stimato":"3 minuti"},"schema":{"@context":"https:\/\/schema.org","@graph":[{"@type":"WebPage","@id":"https:\/\/thelyflabs.com\/product\/vaper-cbd-pod-pocket-lemon-haze-broad-spectrum-750mg","url":"https:\/\/thelyflabs.com\/product\/vaper-cbd-pod-pocket-lemon-haze-broad-spectrum-750mg","name":"Pocket CBD Lemon Broad Spectrum mayorista: Vaper CBD - THE LYF LABS","isPartOf":{"@id":"https:\/\/thelyflabs.com\/#website"},"primaryImageOfPage":{"@id":"https:\/\/thelyflabs.com\/product\/vaper-cbd-pod-pocket-lemon-haze-broad-spectrum-750mg#primaryimage"},"image":{"@id":"https:\/\/thelyflabs.com\/product\/vaper-cbd-pod-pocket-lemon-haze-broad-spectrum-750mg#primaryimage"},"thumbnailUrl":"https:\/\/thelyflabs.com\/wp-content\/uploads\/2023\/08\/caja-y-vape-banana-kush-webp-1.webp","datePublished":"2023-08-24T05:15:12+00:00","dateModified":"2026-04-17T11:10:49+00:00","description":"Consigue aqu\u00ed tu Pod Pocket CBD Lemon Broad Spectrum mayorista. Este Vaper CBD ofrece hasta 900 caladas y no contiene THC ni nicotina.","breadcrumb":{"@id":"https:\/\/thelyflabs.com\/product\/vaper-cbd-pod-pocket-lemon-haze-broad-spectrum-750mg#breadcrumb"},"inLanguage":"it-IT","potentialAction":[{"@type":"ReadAction","target":["https:\/\/thelyflabs.com\/product\/vaper-cbd-pod-pocket-lemon-haze-broad-spectrum-750mg"]}]},{"@type":"ImageObject","inLanguage":"it-IT","@id":"https:\/\/thelyflabs.com\/product\/vaper-cbd-pod-pocket-lemon-haze-broad-spectrum-750mg#primaryimage","url":"https:\/\/thelyflabs.com\/wp-content\/uploads\/2023\/08\/caja-y-vape-banana-kush-webp-1.webp","contentUrl":"https:\/\/thelyflabs.com\/wp-content\/uploads\/2023\/08\/caja-y-vape-banana-kush-webp-1.webp","width":500,"height":500,"caption":"vapeador banana kush"},{"@type":"BreadcrumbList","@id":"https:\/\/thelyflabs.com\/product\/vaper-cbd-pod-pocket-lemon-haze-broad-spectrum-750mg#breadcrumb","itemListElement":[{"@type":"ListItem","position":1,"name":"Portada","item":"https:\/\/thelyflabs.com\/"},{"@type":"ListItem","position":2,"name":"Tienda","item":"https:\/\/thelyflabs.com\/tienda"},{"@type":"ListItem","position":3,"name":"Vaper CBD &#8211; Iguana Pod Pocket CBD Lemon Haze Broad Spectrum 750mg"}]},{"@type":"WebSite","@id":"https:\/\/thelyflabs.com\/#website","url":"https:\/\/thelyflabs.com\/","name":"I laboratori LYF","description":"CBD all&#039;ingrosso","publisher":{"@id":"https:\/\/thelyflabs.com\/#organization"},"potentialAction":[{"@type":"SearchAction","target":{"@type":"EntryPoint","urlTemplate":"https:\/\/thelyflabs.com\/?s={search_term_string}"},"query-input":{"@type":"PropertyValueSpecification","valueRequired":true,"valueName":"search_term_string"}}],"inLanguage":"it-IT"},{"@type":"Organization","@id":"https:\/\/thelyflabs.com\/#organization","name":"I laboratori LYF","url":"https:\/\/thelyflabs.com\/","logo":{"@type":"ImageObject","inLanguage":"it-IT","@id":"https:\/\/thelyflabs.com\/#\/schema\/logo\/image\/","url":"https:\/\/thelyflabs.com\/wp-content\/uploads\/2023\/01\/cropped-LogoTheLYFLabs.png","contentUrl":"https:\/\/thelyflabs.com\/wp-content\/uploads\/2023\/01\/cropped-LogoTheLYFLabs.png","width":600,"height":180,"caption":"The LYF Labs"},"image":{"@id":"https:\/\/thelyflabs.com\/#\/schema\/logo\/image\/"}}]}},"_links":{"self":[{"href":"https:\/\/thelyflabs.com\/it\/wp-json\/wp\/v2\/product\/2757","targetHints":{"allow":["GET"]}}],"collection":[{"href":"https:\/\/thelyflabs.com\/it\/wp-json\/wp\/v2\/product"}],"about":[{"href":"https:\/\/thelyflabs.com\/it\/wp-json\/wp\/v2\/types\/product"}],"replies":[{"embeddable":true,"href":"https:\/\/thelyflabs.com\/it\/wp-json\/wp\/v2\/comments?post=2757"}],"wp:featuredmedia":[{"embeddable":true,"href":"https:\/\/thelyflabs.com\/it\/wp-json\/wp\/v2\/media\/8256"}],"wp:attachment":[{"href":"https:\/\/thelyflabs.com\/it\/wp-json\/wp\/v2\/media?parent=2757"}],"wp:term":[{"taxonomy":"product_brand","embeddable":true,"href":"https:\/\/thelyflabs.com\/it\/wp-json\/wp\/v2\/product_brand?post=2757"},{"taxonomy":"product_cat","embeddable":true,"href":"https:\/\/thelyflabs.com\/it\/wp-json\/wp\/v2\/product_cat?post=2757"},{"taxonomy":"product_tag","embeddable":true,"href":"https:\/\/thelyflabs.com\/it\/wp-json\/wp\/v2\/product_tag?post=2757"}],"curies":[{"name":"parola chiave","href":"https:\/\/api.w.org\/{rel}","templated":true}]}}