{"id":4052,"date":"2023-12-28T14:58:13","date_gmt":"2023-12-28T14:58:13","guid":{"rendered":"https:\/\/thelyflabs.com\/?post_type=product&#038;p=4052"},"modified":"2025-05-27T01:03:51","modified_gmt":"2025-05-26T23:03:51","slug":"grinder-mini-iguana-smoke","status":"publish","type":"product","link":"https:\/\/thelyflabs.com\/it\/product\/grinder-mini-iguana-smoke","title":{"rendered":"Grinder Mini Iguana Smoke"},"content":{"rendered":"<h3>Grinder Mini Iguana Smoke<\/h3>\n<p>Esplora nuove vette nella preparazione delle erbe con il mini grinder Iguana Smoke, una perfetta fusione di funzionalit\u00e0 e stile. Questo eccezionale grinder \u00e8 disponibile in sei colori vivaci, permettendoti di esprimere la tua personalit\u00e0 e di perfezionare la tua esperienza di fumo.<\/p>\n<p>Progettato per offrire risultati costanti, il grinder Iguana Smoke \u00e8 uno strumento essenziale per gli amanti delle erbe. I suoi denti affilati e di precisione macinano le vostre erbe preferite con facilit\u00e0, garantendo una consistenza perfetta ad ogni sessione.<\/p>\n<p>La variet\u00e0 di colori disponibili ti permette di scegliere il grinder pi\u00f9 adatto al tuo stile unico. Dalle tonalit\u00e0 classiche alle opzioni pi\u00f9 audaci, ogni colore \u00e8 un&#039;espressione di individualit\u00e0. Inoltre, lo strato esterno di alta qualit\u00e0 non solo aggiunge stile, ma offre anche un&#039;eccezionale resistenza all&#039;usura quotidiana.<\/p>\n<p>Con un design ancora pi\u00f9 compatto e portatile, il mini grinder Iguana Smoke diventa il compagno perfetto per le tue avventure. A casa o in viaggio, porta con te questo strumento essenziale per goderti momenti di relax con le tue erbe preferite.<\/p>\n<p>Migliora la tua esperienza di fumo con il grinder Iguana Smoke. Scopri la combinazione perfetta di stile, prestazioni e durata ad ogni utilizzo. Scegli il tuo colore preferito e porta il tuo rituale di fumo a un livello superiore!<\/p>\n<h3>PERCH\u00c9 LYF LABS?<\/h3>\n<p>Dai impulso al tuo business con THE LYF LABS, il tuo partner di fiducia per il commercio all&#039;ingrosso di CBD. Offriamo un&#039;ampia gamma di prodotti premium per soddisfare le esigenze dei tuoi clienti. Massimizza i tuoi profitti ed espandi la tua presenza nel mercato del CBD. Unisciti a noi per una partnership di successo e duratura!<\/p>","protected":false},"excerpt":{"rendered":"<p>Grinder Mini Iguana Smoke:<\/p>\n<ul>\n<li>Dimensioni: 42 mm<\/li>\n<li>Scegli se ne vuoi 1 o 12!<\/li>\n<li>Disponibile in 6 colori<\/li>\n<li>Nero<\/li>\n<li>Rosso<\/li>\n<li>Blu<\/li>\n<li>Arancia<\/li>\n<li>Giallo<\/li>\n<li>Verde<\/li>\n<\/ul>","protected":false},"featured_media":4062,"comment_status":"open","ping_status":"closed","template":"","meta":{"_acf_changed":false,"site-sidebar-layout":"default","site-content-layout":"","ast-site-content-layout":"default","site-content-style":"default","site-sidebar-style":"default","ast-global-header-display":"","ast-banner-title-visibility":"","ast-main-header-display":"","ast-hfb-above-header-display":"","ast-hfb-below-header-display":"","ast-hfb-mobile-header-display":"","site-post-title":"","ast-breadcrumbs-content":"","ast-featured-img":"","footer-sml-layout":"","theme-transparent-header-meta":"default","adv-header-id-meta":"","stick-header-meta":"","header-above-stick-meta":"","header-main-stick-meta":"","header-below-stick-meta":"","astra-migrate-meta-layouts":"set","ast-page-background-enabled":"default","ast-page-background-meta":{"desktop":{"background-color":"var(--ast-global-color-4)","background-image":"","background-repeat":"repeat","background-position":"center center","background-size":"auto","background-attachment":"scroll","background-type":"","background-media":"","overlay-type":"","overlay-color":"","overlay-opacity":"","overlay-gradient":""},"tablet":{"background-color":"","background-image":"","background-repeat":"repeat","background-position":"center center","background-size":"auto","background-attachment":"scroll","background-type":"","background-media":"","overlay-type":"","overlay-color":"","overlay-opacity":"","overlay-gradient":""},"mobile":{"background-color":"","background-image":"","background-repeat":"repeat","background-position":"center center","background-size":"auto","background-attachment":"scroll","background-type":"","background-media":"","overlay-type":"","overlay-color":"","overlay-opacity":"","overlay-gradient":""}},"ast-content-background-meta":{"desktop":{"background-color":"var(--ast-global-color-5)","background-image":"","background-repeat":"repeat","background-position":"center center","background-size":"auto","background-attachment":"scroll","background-type":"","background-media":"","overlay-type":"","overlay-color":"","overlay-opacity":"","overlay-gradient":""},"tablet":{"background-color":"var(--ast-global-color-5)","background-image":"","background-repeat":"repeat","background-position":"center center","background-size":"auto","background-attachment":"scroll","background-type":"","background-media":"","overlay-type":"","overlay-color":"","overlay-opacity":"","overlay-gradient":""},"mobile":{"background-color":"var(--ast-global-color-5)","background-image":"","background-repeat":"repeat","background-position":"center center","background-size":"auto","background-attachment":"scroll","background-type":"","background-media":"","overlay-type":"","overlay-color":"","overlay-opacity":"","overlay-gradient":""}}},"product_brand":[],"product_cat":[93,40,108],"product_tag":[],"class_list":{"0":"post-4052","1":"product","2":"type-product","3":"status-publish","4":"has-post-thumbnail","6":"product_cat-grinders","7":"product_cat-iguanasmoke","8":"product_cat-novedades","9":"desktop-align-center","10":"tablet-align-left","11":"mobile-align-left","13":"first","14":"outofstock","15":"taxable","16":"shipping-taxable","17":"purchasable","18":"product-type-variable"},"acf":[],"yoast_head":"<!-- This site is optimized with the Yoast SEO plugin v27.3 - https:\/\/yoast.com\/product\/yoast-seo-wordpress\/ -->\n<title>Grinder Mini Iguana Smoke - THE LYF LABS<\/title>\n<meta name=\"description\" content=\"Consigue tu Grinder Mini Iguana Smoke en THE LYF LABS. Consigue aqui los mejores precios para tiendas mayoristas y distribuidores!\" \/>\n<meta name=\"robots\" content=\"index, follow, max-snippet:-1, max-image-preview:large, max-video-preview:-1\" \/>\n<link rel=\"canonical\" href=\"https:\/\/thelyflabs.com\/it\/product\/grinder-mini-iguana-smoke\/\" \/>\n<meta property=\"og:locale\" content=\"it_IT\" \/>\n<meta property=\"og:type\" content=\"article\" \/>\n<meta property=\"og:title\" content=\"Grinder Mini Iguana Smoke - THE LYF LABS\" \/>\n<meta property=\"og:description\" content=\"Consigue tu Grinder Mini Iguana Smoke en THE LYF LABS. Consigue aqui los mejores precios para tiendas mayoristas y distribuidores!\" \/>\n<meta property=\"og:url\" content=\"https:\/\/thelyflabs.com\/it\/product\/grinder-mini-iguana-smoke\/\" \/>\n<meta property=\"og:site_name\" content=\"THE LYF LABS\" \/>\n<meta property=\"article:modified_time\" content=\"2025-05-26T23:03:51+00:00\" \/>\n<meta property=\"og:image\" content=\"https:\/\/thelyflabs.com\/wp-content\/uploads\/2023\/12\/Grinders-Peque-webp-1.webp\" \/>\n\t<meta property=\"og:image:width\" content=\"500\" \/>\n\t<meta property=\"og:image:height\" content=\"500\" \/>\n\t<meta property=\"og:image:type\" content=\"image\/webp\" \/>\n<meta name=\"twitter:card\" content=\"summary_large_image\" \/>\n<meta name=\"twitter:label1\" content=\"Tempo di lettura stimato\" \/>\n\t<meta name=\"twitter:data1\" content=\"3 minuti\" \/>\n<script type=\"application\/ld+json\" class=\"yoast-schema-graph\">{\"@context\":\"https:\\\/\\\/schema.org\",\"@graph\":[{\"@type\":\"WebPage\",\"@id\":\"https:\\\/\\\/thelyflabs.com\\\/product\\\/grinder-mini-iguana-smoke\",\"url\":\"https:\\\/\\\/thelyflabs.com\\\/product\\\/grinder-mini-iguana-smoke\",\"name\":\"Grinder Mini Iguana Smoke - THE LYF LABS\",\"isPartOf\":{\"@id\":\"https:\\\/\\\/thelyflabs.com\\\/#website\"},\"primaryImageOfPage\":{\"@id\":\"https:\\\/\\\/thelyflabs.com\\\/product\\\/grinder-mini-iguana-smoke#primaryimage\"},\"image\":{\"@id\":\"https:\\\/\\\/thelyflabs.com\\\/product\\\/grinder-mini-iguana-smoke#primaryimage\"},\"thumbnailUrl\":\"https:\\\/\\\/thelyflabs.com\\\/wp-content\\\/uploads\\\/2023\\\/12\\\/Grinders-Peque-webp-1.webp\",\"datePublished\":\"2023-12-28T14:58:13+00:00\",\"dateModified\":\"2025-05-26T23:03:51+00:00\",\"description\":\"Consigue tu Grinder Mini Iguana Smoke en THE LYF LABS. Consigue aqui los mejores precios para tiendas mayoristas y distribuidores!\",\"breadcrumb\":{\"@id\":\"https:\\\/\\\/thelyflabs.com\\\/product\\\/grinder-mini-iguana-smoke#breadcrumb\"},\"inLanguage\":\"it-IT\",\"potentialAction\":[{\"@type\":\"ReadAction\",\"target\":[\"https:\\\/\\\/thelyflabs.com\\\/product\\\/grinder-mini-iguana-smoke\"]}]},{\"@type\":\"ImageObject\",\"inLanguage\":\"it-IT\",\"@id\":\"https:\\\/\\\/thelyflabs.com\\\/product\\\/grinder-mini-iguana-smoke#primaryimage\",\"url\":\"https:\\\/\\\/thelyflabs.com\\\/wp-content\\\/uploads\\\/2023\\\/12\\\/Grinders-Peque-webp-1.webp\",\"contentUrl\":\"https:\\\/\\\/thelyflabs.com\\\/wp-content\\\/uploads\\\/2023\\\/12\\\/Grinders-Peque-webp-1.webp\",\"width\":500,\"height\":500,\"caption\":\"grinders peque\u00f1os iguana mayorista\"},{\"@type\":\"BreadcrumbList\",\"@id\":\"https:\\\/\\\/thelyflabs.com\\\/product\\\/grinder-mini-iguana-smoke#breadcrumb\",\"itemListElement\":[{\"@type\":\"ListItem\",\"position\":1,\"name\":\"Portada\",\"item\":\"https:\\\/\\\/thelyflabs.com\\\/\"},{\"@type\":\"ListItem\",\"position\":2,\"name\":\"Tienda\",\"item\":\"https:\\\/\\\/thelyflabs.com\\\/tienda\"},{\"@type\":\"ListItem\",\"position\":3,\"name\":\"Grinder Mini Iguana Smoke\"}]},{\"@type\":\"WebSite\",\"@id\":\"https:\\\/\\\/thelyflabs.com\\\/#website\",\"url\":\"https:\\\/\\\/thelyflabs.com\\\/\",\"name\":\"The LYF Labs\",\"description\":\"CBD al por mayor\",\"publisher\":{\"@id\":\"https:\\\/\\\/thelyflabs.com\\\/#organization\"},\"potentialAction\":[{\"@type\":\"SearchAction\",\"target\":{\"@type\":\"EntryPoint\",\"urlTemplate\":\"https:\\\/\\\/thelyflabs.com\\\/?s={search_term_string}\"},\"query-input\":{\"@type\":\"PropertyValueSpecification\",\"valueRequired\":true,\"valueName\":\"search_term_string\"}}],\"inLanguage\":\"it-IT\"},{\"@type\":\"Organization\",\"@id\":\"https:\\\/\\\/thelyflabs.com\\\/#organization\",\"name\":\"The LYF Labs\",\"url\":\"https:\\\/\\\/thelyflabs.com\\\/\",\"logo\":{\"@type\":\"ImageObject\",\"inLanguage\":\"it-IT\",\"@id\":\"https:\\\/\\\/thelyflabs.com\\\/#\\\/schema\\\/logo\\\/image\\\/\",\"url\":\"https:\\\/\\\/thelyflabs.com\\\/wp-content\\\/uploads\\\/2023\\\/01\\\/cropped-LogoTheLYFLabs.png\",\"contentUrl\":\"https:\\\/\\\/thelyflabs.com\\\/wp-content\\\/uploads\\\/2023\\\/01\\\/cropped-LogoTheLYFLabs.png\",\"width\":600,\"height\":180,\"caption\":\"The LYF Labs\"},\"image\":{\"@id\":\"https:\\\/\\\/thelyflabs.com\\\/#\\\/schema\\\/logo\\\/image\\\/\"}}]}<\/script>\n<!-- \/ Yoast SEO plugin. -->","yoast_head_json":{"title":"Grinder Mini Iguana Smoke - THE LYF LABS","description":"Consigue tu Grinder Mini Iguana Smoke en THE LYF LABS. Consigue aqui los mejores precios para tiendas mayoristas y distribuidores!","robots":{"index":"index","follow":"follow","max-snippet":"max-snippet:-1","max-image-preview":"max-image-preview:large","max-video-preview":"max-video-preview:-1"},"canonical":"https:\/\/thelyflabs.com\/it\/product\/grinder-mini-iguana-smoke\/","og_locale":"it_IT","og_type":"article","og_title":"Grinder Mini Iguana Smoke - THE LYF LABS","og_description":"Consigue tu Grinder Mini Iguana Smoke en THE LYF LABS. Consigue aqui los mejores precios para tiendas mayoristas y distribuidores!","og_url":"https:\/\/thelyflabs.com\/it\/product\/grinder-mini-iguana-smoke\/","og_site_name":"THE LYF LABS","article_modified_time":"2025-05-26T23:03:51+00:00","og_image":[{"width":500,"height":500,"url":"https:\/\/thelyflabs.com\/wp-content\/uploads\/2023\/12\/Grinders-Peque-webp-1.webp","type":"image\/webp"}],"twitter_card":"summary_large_image","twitter_misc":{"Tempo di lettura stimato":"3 minuti"},"schema":{"@context":"https:\/\/schema.org","@graph":[{"@type":"WebPage","@id":"https:\/\/thelyflabs.com\/product\/grinder-mini-iguana-smoke","url":"https:\/\/thelyflabs.com\/product\/grinder-mini-iguana-smoke","name":"Grinder Mini Iguana Smoke - THE LYF LABS","isPartOf":{"@id":"https:\/\/thelyflabs.com\/#website"},"primaryImageOfPage":{"@id":"https:\/\/thelyflabs.com\/product\/grinder-mini-iguana-smoke#primaryimage"},"image":{"@id":"https:\/\/thelyflabs.com\/product\/grinder-mini-iguana-smoke#primaryimage"},"thumbnailUrl":"https:\/\/thelyflabs.com\/wp-content\/uploads\/2023\/12\/Grinders-Peque-webp-1.webp","datePublished":"2023-12-28T14:58:13+00:00","dateModified":"2025-05-26T23:03:51+00:00","description":"Consigue tu Grinder Mini Iguana Smoke en THE LYF LABS. Consigue aqui los mejores precios para tiendas mayoristas y distribuidores!","breadcrumb":{"@id":"https:\/\/thelyflabs.com\/product\/grinder-mini-iguana-smoke#breadcrumb"},"inLanguage":"it-IT","potentialAction":[{"@type":"ReadAction","target":["https:\/\/thelyflabs.com\/product\/grinder-mini-iguana-smoke"]}]},{"@type":"ImageObject","inLanguage":"it-IT","@id":"https:\/\/thelyflabs.com\/product\/grinder-mini-iguana-smoke#primaryimage","url":"https:\/\/thelyflabs.com\/wp-content\/uploads\/2023\/12\/Grinders-Peque-webp-1.webp","contentUrl":"https:\/\/thelyflabs.com\/wp-content\/uploads\/2023\/12\/Grinders-Peque-webp-1.webp","width":500,"height":500,"caption":"grinders peque\u00f1os iguana mayorista"},{"@type":"BreadcrumbList","@id":"https:\/\/thelyflabs.com\/product\/grinder-mini-iguana-smoke#breadcrumb","itemListElement":[{"@type":"ListItem","position":1,"name":"Portada","item":"https:\/\/thelyflabs.com\/"},{"@type":"ListItem","position":2,"name":"Tienda","item":"https:\/\/thelyflabs.com\/tienda"},{"@type":"ListItem","position":3,"name":"Grinder Mini Iguana Smoke"}]},{"@type":"WebSite","@id":"https:\/\/thelyflabs.com\/#website","url":"https:\/\/thelyflabs.com\/","name":"I laboratori LYF","description":"CBD all&#039;ingrosso","publisher":{"@id":"https:\/\/thelyflabs.com\/#organization"},"potentialAction":[{"@type":"SearchAction","target":{"@type":"EntryPoint","urlTemplate":"https:\/\/thelyflabs.com\/?s={search_term_string}"},"query-input":{"@type":"PropertyValueSpecification","valueRequired":true,"valueName":"search_term_string"}}],"inLanguage":"it-IT"},{"@type":"Organization","@id":"https:\/\/thelyflabs.com\/#organization","name":"I laboratori LYF","url":"https:\/\/thelyflabs.com\/","logo":{"@type":"ImageObject","inLanguage":"it-IT","@id":"https:\/\/thelyflabs.com\/#\/schema\/logo\/image\/","url":"https:\/\/thelyflabs.com\/wp-content\/uploads\/2023\/01\/cropped-LogoTheLYFLabs.png","contentUrl":"https:\/\/thelyflabs.com\/wp-content\/uploads\/2023\/01\/cropped-LogoTheLYFLabs.png","width":600,"height":180,"caption":"The LYF Labs"},"image":{"@id":"https:\/\/thelyflabs.com\/#\/schema\/logo\/image\/"}}]}},"_links":{"self":[{"href":"https:\/\/thelyflabs.com\/it\/wp-json\/wp\/v2\/product\/4052","targetHints":{"allow":["GET"]}}],"collection":[{"href":"https:\/\/thelyflabs.com\/it\/wp-json\/wp\/v2\/product"}],"about":[{"href":"https:\/\/thelyflabs.com\/it\/wp-json\/wp\/v2\/types\/product"}],"replies":[{"embeddable":true,"href":"https:\/\/thelyflabs.com\/it\/wp-json\/wp\/v2\/comments?post=4052"}],"wp:featuredmedia":[{"embeddable":true,"href":"https:\/\/thelyflabs.com\/it\/wp-json\/wp\/v2\/media\/4062"}],"wp:attachment":[{"href":"https:\/\/thelyflabs.com\/it\/wp-json\/wp\/v2\/media?parent=4052"}],"wp:term":[{"taxonomy":"product_brand","embeddable":true,"href":"https:\/\/thelyflabs.com\/it\/wp-json\/wp\/v2\/product_brand?post=4052"},{"taxonomy":"product_cat","embeddable":true,"href":"https:\/\/thelyflabs.com\/it\/wp-json\/wp\/v2\/product_cat?post=4052"},{"taxonomy":"product_tag","embeddable":true,"href":"https:\/\/thelyflabs.com\/it\/wp-json\/wp\/v2\/product_tag?post=4052"}],"curies":[{"name":"parola chiave","href":"https:\/\/api.w.org\/{rel}","templated":true}]}}