{"id":4205,"date":"2024-01-05T19:46:37","date_gmt":"2024-01-05T19:46:37","guid":{"rendered":"https:\/\/thelyflabs.com\/?post_type=product&#038;p=4205"},"modified":"2026-04-16T15:30:19","modified_gmt":"2026-04-16T13:30:19","slug":"vaper-cbd-pod-pocket-10-unidades-variadas","status":"publish","type":"product","link":"https:\/\/thelyflabs.com\/it\/product\/vaper-cbd-pod-pocket-10-unidades-variadas","title":{"rendered":"Vape de CBD &#8211; Iguana Pod Pocket CBD 10 Unidades Variadas"},"content":{"rendered":"<h1><span style=\"font-weight: 400\">Iguana Pod Pocket CBD 10 Unidades Variadas<\/span><\/h1>\n<p>Disfruta de 10 unidades variadas de tus Iguana Pod Pocket CBD mayorista. Podr\u00e1s probar sabores como Gelato, Gorilla, Watermelon, Melon Mint, Mango, Lemon Haze Broad Spectrum, Amnesia Broad Spectrum, Ak-47 Broad Spectrum, Grape, Red Berries y Berry Ice.<\/p>\n<p>Nuestro Iguana Pod Pocket CBD fusiona la elegancia con la portabilidad. Su dise\u00f1o ergon\u00f3mico y acabado de primera calidad hacen que sea una declaraci\u00f3n de estilo mientras cabe perfectamente en tu bolsillo o bolso, acompa\u00f1\u00e1ndote en todas tus aventuras. Su dise\u00f1o atractivo y su tama\u00f1o compacto lo hacen un complemento ideal para llevar siempre contigo.<\/p>\n<p>&nbsp;<\/p>\n<section class=\"product-description\">\n<h2>Qualit\u00e0 e sicurezza<\/h2>\n<p>In <strong>I laboratori Lyf<\/strong>, garantiamo che ogni lotto di <span style=\"font-weight: 400\"><strong>Iguana Pod Pocket CBD mayorista<\/strong><\/span>\u00a0Viene sottoposto a rigorose analisi di laboratorio per confermarne la purezza, l&#039;assenza di pesticidi e i livelli legali di THC (inferiori a 0,3%). Il nostro impegno per la qualit\u00e0 e la sicurezza ci consente di offrire un prodotto affidabile, adatto a tutti gli utenti che apprezzano la legalit\u00e0 e l&#039;eccellenza nel loro consumo.<\/p>\n<\/section>\n<section class=\"product-description\">The Lyf Labs se compromete a ofrecer <strong>productos que combinan tradici\u00f3n, innovaci\u00f3n y m\u00e1xima calidad<\/strong>. Conf\u00eda en nosotros para llevar a tu colecci\u00f3n o cat\u00e1logo un producto que destaca por su autenticidad, sabor y fiabilidad.<\/section>\n<section><\/section>\n<section><\/section>\n<section><\/section>\n<section><\/section>\n<section><\/section>\n<section><\/section>\n<section><\/section>\n<section><\/section>\n<section><\/section>\n<p>&nbsp;<\/p>\n<p>&nbsp;<\/p>\n<h3 class=\"product-description\"><span style=\"font-size: 1.7em;font-weight: bold\">Lyf Labs \u00e8 di qualit\u00e0<\/span><\/h3>\n<p>The Lyf Labs representa la excelencia en el <strong>mercado mayorista de cannabinoides,<\/strong> ofreciendo productos innovadores, seguros y de alta pureza para <strong>tiendas especializadas y distribuidores<\/strong>. Nos enfocamos en satisfacer las necesidades de un sector profesional que busca calidad constante, trazabilidad y <strong>precios competitivos<\/strong>. Si buscas un proveedor confiable y con visi\u00f3n de futuro, en The Lyf Labs encontrar\u00e1s un aliado estrat\u00e9gico para crecer en el mercado del c\u00e1\u00f1amo.<\/p>\n<p>&nbsp;<\/p>\n<h6>\u2139\ufe0f<strong> Informazioni legali<\/strong><\/h6>\n<p><em><span style=\"font-weight: 400\">*Producto destinado a coleccionismo o aromaterapia, conforme a la legislaci\u00f3n espa\u00f1ola vigente. <\/span><\/em><\/p>\n<p><em><span style=\"font-weight: 400\">**Derivados del c\u00e1\u00f1amo industrial certificado. Contiene menos del 0,3 THC y no incluye cannabinoides ilegales como HHC, HHC-P, THCP, THCP-O, H4CBD ni sustancias recogidas en el Anexo I del Real Decreto 2829\/1977, as\u00ed como tampoco contiene sustancias fiscalizadas por convenios internacionales.<\/span><\/em><\/p>","protected":false},"excerpt":{"rendered":"<p><span style=\"font-weight: 400\">Caracter\u00edsticas t\u00e9cnicas del <strong>Pod Pocket CBD &#8211; Vaper CBD desechable &#8211; 10 unidades<\/strong>: <\/span><\/p>\n<ul>\n<li><span style=\"font-weight: 400\">Dimensioni: <strong>65,5 x 35 x 12 mm<\/strong> (alto x ancho x profundo) <\/span><\/li>\n<li><span style=\"font-weight: 400\">Bater\u00eda: <strong>550 mAh <\/strong><\/span><\/li>\n<li><span style=\"font-weight: 400\">Capacit\u00e0: <strong>3ml <\/strong><\/span><\/li>\n<li><span style=\"font-weight: 400\">Soffi: <strong>hasta 900 <\/strong><\/span><\/li>\n<li><span style=\"font-weight: 400\">CBD: <strong>225\/3ml o 750mg\/3ml<\/strong><\/span><\/li>\n<li><span style=\"font-weight: 400\">THC: <strong>0% <\/strong><\/span><\/li>\n<li><span style=\"font-weight: 400\">Nicotina: <strong>0%\u00a0<\/strong>\u00a0<\/span><\/li>\n<\/ul>\n<p><span style=\"font-weight: 400\">Adem\u00e1s, si quieres puedes consultar<strong> <a href=\"https:\/\/iguanasmoke.com\/analiticas\/\">analisi di laboratorio.<\/a><\/strong><\/span><\/p>","protected":false},"featured_media":2747,"comment_status":"open","ping_status":"closed","template":"","meta":{"_acf_changed":false,"site-sidebar-layout":"default","site-content-layout":"default","ast-site-content-layout":"default","site-content-style":"default","site-sidebar-style":"default","ast-global-header-display":"","ast-banner-title-visibility":"","ast-main-header-display":"","ast-hfb-above-header-display":"","ast-hfb-below-header-display":"","ast-hfb-mobile-header-display":"","site-post-title":"","ast-breadcrumbs-content":"","ast-featured-img":"","footer-sml-layout":"","theme-transparent-header-meta":"default","adv-header-id-meta":"","stick-header-meta":"","header-above-stick-meta":"","header-main-stick-meta":"","header-below-stick-meta":"","astra-migrate-meta-layouts":"set","ast-page-background-enabled":"default","ast-page-background-meta":{"desktop":{"background-color":"var(--ast-global-color-4)","background-image":"","background-repeat":"repeat","background-position":"center center","background-size":"auto","background-attachment":"scroll","background-type":"","background-media":"","overlay-type":"","overlay-color":"","overlay-opacity":"","overlay-gradient":""},"tablet":{"background-color":"","background-image":"","background-repeat":"repeat","background-position":"center center","background-size":"auto","background-attachment":"scroll","background-type":"","background-media":"","overlay-type":"","overlay-color":"","overlay-opacity":"","overlay-gradient":""},"mobile":{"background-color":"","background-image":"","background-repeat":"repeat","background-position":"center center","background-size":"auto","background-attachment":"scroll","background-type":"","background-media":"","overlay-type":"","overlay-color":"","overlay-opacity":"","overlay-gradient":""}},"ast-content-background-meta":{"desktop":{"background-color":"var(--ast-global-color-5)","background-image":"","background-repeat":"repeat","background-position":"center center","background-size":"auto","background-attachment":"scroll","background-type":"","background-media":"","overlay-type":"","overlay-color":"","overlay-opacity":"","overlay-gradient":""},"tablet":{"background-color":"var(--ast-global-color-5)","background-image":"","background-repeat":"repeat","background-position":"center center","background-size":"auto","background-attachment":"scroll","background-type":"","background-media":"","overlay-type":"","overlay-color":"","overlay-opacity":"","overlay-gradient":""},"mobile":{"background-color":"var(--ast-global-color-5)","background-image":"","background-repeat":"repeat","background-position":"center center","background-size":"auto","background-attachment":"scroll","background-type":"","background-media":"","overlay-type":"","overlay-color":"","overlay-opacity":"","overlay-gradient":""}}},"product_brand":[],"product_cat":[80,76,77,82],"product_tag":[],"class_list":{"0":"post-4205","1":"product","2":"type-product","3":"status-publish","4":"has-post-thumbnail","6":"product_cat-broad-spectrum-cbd","7":"product_cat-vaper-cbd","8":"product_cat-vape-pocket-cbd","9":"product_cat-vape-cbd-pocket-iguana-smoke","10":"desktop-align-center","11":"tablet-align-left","12":"mobile-align-left","14":"first","15":"outofstock","16":"taxable","17":"shipping-taxable","18":"purchasable","19":"product-type-simple"},"acf":[],"yoast_head":"<!-- This site is optimized with the Yoast SEO plugin v27.4 - https:\/\/yoast.com\/product\/yoast-seo-wordpress\/ -->\n<title>Iguana Pod Pocket CBD mayorista: 10 unidades variadas - THE LYF LABS<\/title>\n<meta name=\"description\" content=\"Iguana Pod Pocket CBD mayorista: con 10 unidades variadas. Consigue aqu\u00ed tu pack de Pods de CBD a precio mayorista en nuestra tienda exclusiva.\" \/>\n<meta name=\"robots\" content=\"index, follow, max-snippet:-1, max-image-preview:large, max-video-preview:-1\" \/>\n<link rel=\"canonical\" href=\"https:\/\/thelyflabs.com\/it\/product\/vaper-cbd-pod-pocket-10-unidades-variadas\/\" \/>\n<meta property=\"og:locale\" content=\"it_IT\" \/>\n<meta property=\"og:type\" content=\"article\" \/>\n<meta property=\"og:title\" content=\"Iguana Pod Pocket CBD mayorista: 10 unidades variadas - THE LYF LABS\" \/>\n<meta property=\"og:description\" content=\"Iguana Pod Pocket CBD mayorista: con 10 unidades variadas. Consigue aqu\u00ed tu pack de Pods de CBD a precio mayorista en nuestra tienda exclusiva.\" \/>\n<meta property=\"og:url\" content=\"https:\/\/thelyflabs.com\/it\/product\/vaper-cbd-pod-pocket-10-unidades-variadas\/\" \/>\n<meta property=\"og:site_name\" content=\"THE LYF LABS\" \/>\n<meta property=\"article:modified_time\" content=\"2026-04-16T13:30:19+00:00\" \/>\n<meta property=\"og:image\" content=\"https:\/\/thelyflabs.com\/wp-content\/uploads\/2023\/08\/Vape-Iguana-Pod-Pocket.webp\" \/>\n\t<meta property=\"og:image:width\" content=\"500\" \/>\n\t<meta property=\"og:image:height\" content=\"500\" \/>\n\t<meta property=\"og:image:type\" content=\"image\/webp\" \/>\n<meta name=\"twitter:card\" content=\"summary_large_image\" \/>\n<meta name=\"twitter:label1\" content=\"Tempo di lettura stimato\" \/>\n\t<meta name=\"twitter:data1\" content=\"2 minuti\" \/>\n<script type=\"application\/ld+json\" class=\"yoast-schema-graph\">{\"@context\":\"https:\\\/\\\/schema.org\",\"@graph\":[{\"@type\":\"WebPage\",\"@id\":\"https:\\\/\\\/thelyflabs.com\\\/product\\\/vaper-cbd-pod-pocket-10-unidades-variadas\",\"url\":\"https:\\\/\\\/thelyflabs.com\\\/product\\\/vaper-cbd-pod-pocket-10-unidades-variadas\",\"name\":\"Iguana Pod Pocket CBD mayorista: 10 unidades variadas - THE LYF LABS\",\"isPartOf\":{\"@id\":\"https:\\\/\\\/thelyflabs.com\\\/#website\"},\"primaryImageOfPage\":{\"@id\":\"https:\\\/\\\/thelyflabs.com\\\/product\\\/vaper-cbd-pod-pocket-10-unidades-variadas#primaryimage\"},\"image\":{\"@id\":\"https:\\\/\\\/thelyflabs.com\\\/product\\\/vaper-cbd-pod-pocket-10-unidades-variadas#primaryimage\"},\"thumbnailUrl\":\"https:\\\/\\\/thelyflabs.com\\\/wp-content\\\/uploads\\\/2023\\\/08\\\/Vape-Iguana-Pod-Pocket.webp\",\"datePublished\":\"2024-01-05T19:46:37+00:00\",\"dateModified\":\"2026-04-16T13:30:19+00:00\",\"description\":\"Iguana Pod Pocket CBD mayorista: con 10 unidades variadas. Consigue aqu\u00ed tu pack de Pods de CBD a precio mayorista en nuestra tienda exclusiva.\",\"breadcrumb\":{\"@id\":\"https:\\\/\\\/thelyflabs.com\\\/product\\\/vaper-cbd-pod-pocket-10-unidades-variadas#breadcrumb\"},\"inLanguage\":\"it-IT\",\"potentialAction\":[{\"@type\":\"ReadAction\",\"target\":[\"https:\\\/\\\/thelyflabs.com\\\/product\\\/vaper-cbd-pod-pocket-10-unidades-variadas\"]}]},{\"@type\":\"ImageObject\",\"inLanguage\":\"it-IT\",\"@id\":\"https:\\\/\\\/thelyflabs.com\\\/product\\\/vaper-cbd-pod-pocket-10-unidades-variadas#primaryimage\",\"url\":\"https:\\\/\\\/thelyflabs.com\\\/wp-content\\\/uploads\\\/2023\\\/08\\\/Vape-Iguana-Pod-Pocket.webp\",\"contentUrl\":\"https:\\\/\\\/thelyflabs.com\\\/wp-content\\\/uploads\\\/2023\\\/08\\\/Vape-Iguana-Pod-Pocket.webp\",\"width\":500,\"height\":500,\"caption\":\"pod tama\u00f1o pocket al por mayor\"},{\"@type\":\"BreadcrumbList\",\"@id\":\"https:\\\/\\\/thelyflabs.com\\\/product\\\/vaper-cbd-pod-pocket-10-unidades-variadas#breadcrumb\",\"itemListElement\":[{\"@type\":\"ListItem\",\"position\":1,\"name\":\"Portada\",\"item\":\"https:\\\/\\\/thelyflabs.com\\\/\"},{\"@type\":\"ListItem\",\"position\":2,\"name\":\"Tienda\",\"item\":\"https:\\\/\\\/thelyflabs.com\\\/tienda\"},{\"@type\":\"ListItem\",\"position\":3,\"name\":\"Vape de CBD &#8211; Iguana Pod Pocket CBD 10 Unidades Variadas\"}]},{\"@type\":\"WebSite\",\"@id\":\"https:\\\/\\\/thelyflabs.com\\\/#website\",\"url\":\"https:\\\/\\\/thelyflabs.com\\\/\",\"name\":\"The LYF Labs\",\"description\":\"CBD al por mayor\",\"publisher\":{\"@id\":\"https:\\\/\\\/thelyflabs.com\\\/#organization\"},\"potentialAction\":[{\"@type\":\"SearchAction\",\"target\":{\"@type\":\"EntryPoint\",\"urlTemplate\":\"https:\\\/\\\/thelyflabs.com\\\/?s={search_term_string}\"},\"query-input\":{\"@type\":\"PropertyValueSpecification\",\"valueRequired\":true,\"valueName\":\"search_term_string\"}}],\"inLanguage\":\"it-IT\"},{\"@type\":\"Organization\",\"@id\":\"https:\\\/\\\/thelyflabs.com\\\/#organization\",\"name\":\"The LYF Labs\",\"url\":\"https:\\\/\\\/thelyflabs.com\\\/\",\"logo\":{\"@type\":\"ImageObject\",\"inLanguage\":\"it-IT\",\"@id\":\"https:\\\/\\\/thelyflabs.com\\\/#\\\/schema\\\/logo\\\/image\\\/\",\"url\":\"https:\\\/\\\/thelyflabs.com\\\/wp-content\\\/uploads\\\/2023\\\/01\\\/cropped-LogoTheLYFLabs.png\",\"contentUrl\":\"https:\\\/\\\/thelyflabs.com\\\/wp-content\\\/uploads\\\/2023\\\/01\\\/cropped-LogoTheLYFLabs.png\",\"width\":600,\"height\":180,\"caption\":\"The LYF Labs\"},\"image\":{\"@id\":\"https:\\\/\\\/thelyflabs.com\\\/#\\\/schema\\\/logo\\\/image\\\/\"}}]}<\/script>\n<!-- \/ Yoast SEO plugin. -->","yoast_head_json":{"title":"Iguana Pod Pocket CBD mayorista: 10 unidades variadas - THE LYF LABS","description":"Iguana Pod Pocket CBD mayorista: con 10 unidades variadas. Consigue aqu\u00ed tu pack de Pods de CBD a precio mayorista en nuestra tienda exclusiva.","robots":{"index":"index","follow":"follow","max-snippet":"max-snippet:-1","max-image-preview":"max-image-preview:large","max-video-preview":"max-video-preview:-1"},"canonical":"https:\/\/thelyflabs.com\/it\/product\/vaper-cbd-pod-pocket-10-unidades-variadas\/","og_locale":"it_IT","og_type":"article","og_title":"Iguana Pod Pocket CBD mayorista: 10 unidades variadas - THE LYF LABS","og_description":"Iguana Pod Pocket CBD mayorista: con 10 unidades variadas. Consigue aqu\u00ed tu pack de Pods de CBD a precio mayorista en nuestra tienda exclusiva.","og_url":"https:\/\/thelyflabs.com\/it\/product\/vaper-cbd-pod-pocket-10-unidades-variadas\/","og_site_name":"THE LYF LABS","article_modified_time":"2026-04-16T13:30:19+00:00","og_image":[{"width":500,"height":500,"url":"https:\/\/thelyflabs.com\/wp-content\/uploads\/2023\/08\/Vape-Iguana-Pod-Pocket.webp","type":"image\/webp"}],"twitter_card":"summary_large_image","twitter_misc":{"Tempo di lettura stimato":"2 minuti"},"schema":{"@context":"https:\/\/schema.org","@graph":[{"@type":"WebPage","@id":"https:\/\/thelyflabs.com\/product\/vaper-cbd-pod-pocket-10-unidades-variadas","url":"https:\/\/thelyflabs.com\/product\/vaper-cbd-pod-pocket-10-unidades-variadas","name":"Iguana Pod Pocket CBD mayorista: 10 unidades variadas - THE LYF LABS","isPartOf":{"@id":"https:\/\/thelyflabs.com\/#website"},"primaryImageOfPage":{"@id":"https:\/\/thelyflabs.com\/product\/vaper-cbd-pod-pocket-10-unidades-variadas#primaryimage"},"image":{"@id":"https:\/\/thelyflabs.com\/product\/vaper-cbd-pod-pocket-10-unidades-variadas#primaryimage"},"thumbnailUrl":"https:\/\/thelyflabs.com\/wp-content\/uploads\/2023\/08\/Vape-Iguana-Pod-Pocket.webp","datePublished":"2024-01-05T19:46:37+00:00","dateModified":"2026-04-16T13:30:19+00:00","description":"Iguana Pod Pocket CBD mayorista: con 10 unidades variadas. Consigue aqu\u00ed tu pack de Pods de CBD a precio mayorista en nuestra tienda exclusiva.","breadcrumb":{"@id":"https:\/\/thelyflabs.com\/product\/vaper-cbd-pod-pocket-10-unidades-variadas#breadcrumb"},"inLanguage":"it-IT","potentialAction":[{"@type":"ReadAction","target":["https:\/\/thelyflabs.com\/product\/vaper-cbd-pod-pocket-10-unidades-variadas"]}]},{"@type":"ImageObject","inLanguage":"it-IT","@id":"https:\/\/thelyflabs.com\/product\/vaper-cbd-pod-pocket-10-unidades-variadas#primaryimage","url":"https:\/\/thelyflabs.com\/wp-content\/uploads\/2023\/08\/Vape-Iguana-Pod-Pocket.webp","contentUrl":"https:\/\/thelyflabs.com\/wp-content\/uploads\/2023\/08\/Vape-Iguana-Pod-Pocket.webp","width":500,"height":500,"caption":"pod tama\u00f1o pocket al por mayor"},{"@type":"BreadcrumbList","@id":"https:\/\/thelyflabs.com\/product\/vaper-cbd-pod-pocket-10-unidades-variadas#breadcrumb","itemListElement":[{"@type":"ListItem","position":1,"name":"Portada","item":"https:\/\/thelyflabs.com\/"},{"@type":"ListItem","position":2,"name":"Tienda","item":"https:\/\/thelyflabs.com\/tienda"},{"@type":"ListItem","position":3,"name":"Vape de CBD &#8211; Iguana Pod Pocket CBD 10 Unidades Variadas"}]},{"@type":"WebSite","@id":"https:\/\/thelyflabs.com\/#website","url":"https:\/\/thelyflabs.com\/","name":"I laboratori LYF","description":"CBD all&#039;ingrosso","publisher":{"@id":"https:\/\/thelyflabs.com\/#organization"},"potentialAction":[{"@type":"SearchAction","target":{"@type":"EntryPoint","urlTemplate":"https:\/\/thelyflabs.com\/?s={search_term_string}"},"query-input":{"@type":"PropertyValueSpecification","valueRequired":true,"valueName":"search_term_string"}}],"inLanguage":"it-IT"},{"@type":"Organization","@id":"https:\/\/thelyflabs.com\/#organization","name":"I laboratori LYF","url":"https:\/\/thelyflabs.com\/","logo":{"@type":"ImageObject","inLanguage":"it-IT","@id":"https:\/\/thelyflabs.com\/#\/schema\/logo\/image\/","url":"https:\/\/thelyflabs.com\/wp-content\/uploads\/2023\/01\/cropped-LogoTheLYFLabs.png","contentUrl":"https:\/\/thelyflabs.com\/wp-content\/uploads\/2023\/01\/cropped-LogoTheLYFLabs.png","width":600,"height":180,"caption":"The LYF Labs"},"image":{"@id":"https:\/\/thelyflabs.com\/#\/schema\/logo\/image\/"}}]}},"_links":{"self":[{"href":"https:\/\/thelyflabs.com\/it\/wp-json\/wp\/v2\/product\/4205","targetHints":{"allow":["GET"]}}],"collection":[{"href":"https:\/\/thelyflabs.com\/it\/wp-json\/wp\/v2\/product"}],"about":[{"href":"https:\/\/thelyflabs.com\/it\/wp-json\/wp\/v2\/types\/product"}],"replies":[{"embeddable":true,"href":"https:\/\/thelyflabs.com\/it\/wp-json\/wp\/v2\/comments?post=4205"}],"wp:featuredmedia":[{"embeddable":true,"href":"https:\/\/thelyflabs.com\/it\/wp-json\/wp\/v2\/media\/2747"}],"wp:attachment":[{"href":"https:\/\/thelyflabs.com\/it\/wp-json\/wp\/v2\/media?parent=4205"}],"wp:term":[{"taxonomy":"product_brand","embeddable":true,"href":"https:\/\/thelyflabs.com\/it\/wp-json\/wp\/v2\/product_brand?post=4205"},{"taxonomy":"product_cat","embeddable":true,"href":"https:\/\/thelyflabs.com\/it\/wp-json\/wp\/v2\/product_cat?post=4205"},{"taxonomy":"product_tag","embeddable":true,"href":"https:\/\/thelyflabs.com\/it\/wp-json\/wp\/v2\/product_tag?post=4205"}],"curies":[{"name":"parola chiave","href":"https:\/\/api.w.org\/{rel}","templated":true}]}}