{"id":475,"date":"2023-02-01T15:50:08","date_gmt":"2023-02-01T15:50:08","guid":{"rendered":"https:\/\/thelyflabs.com\/?post_type=product&#038;p=475"},"modified":"2026-01-20T12:46:38","modified_gmt":"2026-01-20T11:46:38","slug":"pop-corn-sour-tsunami-cbd-25gr","status":"publish","type":"product","link":"https:\/\/thelyflabs.com\/it\/product\/pop-corn-sour-tsunami-cbd-25gr","title":{"rendered":"Pop Corn Sour Tsunami CBD 25gr"},"content":{"rendered":"<h1 data-start=\"233\" data-end=\"304\">Popcorn Sour Tsunami CBD 25g: Mini cime aromatiche di alta qualit\u00e0<\/h1>\n<p data-start=\"306\" data-end=\"620\">Da Iguana Smoke, il tuo negozio online di CBD di fiducia, presentiamo uno dei nostri formati pi\u00f9 apprezzati: Popcorn Sour Tsunami CBD 25 g. Queste mini cime di CBD, note anche come popcorn, si distinguono per le dimensioni compatte, l&#039;aroma intenso e l&#039;eccellente concentrazione di cannabidiolo.<\/p>\n<p data-start=\"622\" data-end=\"784\">Il formato da 25 grammi \u00e8 ideale per chi conosce gi\u00e0 la qualit\u00e0 dei nostri fiori e cerca un prodotto legale, aromatico e con un miglior rapporto qualit\u00e0-prezzo.<\/p>\n<h2 data-start=\"786\" data-end=\"824\">Cosa sono i popcorn acidi dello tsunami?<\/h2>\n<p data-start=\"826\" data-end=\"1146\">Popcorn Sour Tsunami sono piccole cime di Cannabis sativa, selezionate dalle parti pi\u00f9 dense della pianta. La genetica Sour Tsunami conferisce loro un profilo terpenico con note agrumate, erbacee e sottili note di gasolio. I fiori sono compatti, senza semi e hanno una consistenza resinosa e un aspetto professionale.<\/p>\n<p data-start=\"1148\" data-end=\"1312\">Sebbene siano mini cime, mantengono tutto il contenuto di CBD e i terpeni naturali dei fiori pi\u00f9 grandi, il che le rende un&#039;opzione economica senza sacrificare qualit\u00e0 o potenza.<\/p>","protected":false},"excerpt":{"rendered":"<p>CBD: 15% \/ THC: &lt; 0,2%<\/p>\n<p>Piccole gemme (Mini Buds)<\/p>\n<p>Sativa dominante<\/p>\n<p>Aroma forte con toni dolci<\/p>\n<p>100% legale in Europa<\/p>\n<p>Analisi della qualit\u00e0: clicca <a href=\"https:\/\/iguanasmoke.com\/wp-content\/uploads\/2018\/02\/Flor-Sour-Tsunami.pdf\" target=\"_blank\" rel=\"noopener\">Qui<\/a><\/p>","protected":false},"featured_media":8110,"comment_status":"open","ping_status":"closed","template":"","meta":{"_acf_changed":false,"site-sidebar-layout":"default","site-content-layout":"default","ast-site-content-layout":"default","site-content-style":"default","site-sidebar-style":"default","ast-global-header-display":"","ast-banner-title-visibility":"","ast-main-header-display":"","ast-hfb-above-header-display":"","ast-hfb-below-header-display":"","ast-hfb-mobile-header-display":"","site-post-title":"","ast-breadcrumbs-content":"","ast-featured-img":"","footer-sml-layout":"","theme-transparent-header-meta":"default","adv-header-id-meta":"","stick-header-meta":"","header-above-stick-meta":"","header-main-stick-meta":"","header-below-stick-meta":"","astra-migrate-meta-layouts":"set","ast-page-background-enabled":"default","ast-page-background-meta":{"desktop":{"background-color":"var(--ast-global-color-4)","background-image":"","background-repeat":"repeat","background-position":"center center","background-size":"auto","background-attachment":"scroll","background-type":"","background-media":"","overlay-type":"","overlay-color":"","overlay-opacity":"","overlay-gradient":""},"tablet":{"background-color":"","background-image":"","background-repeat":"repeat","background-position":"center center","background-size":"auto","background-attachment":"scroll","background-type":"","background-media":"","overlay-type":"","overlay-color":"","overlay-opacity":"","overlay-gradient":""},"mobile":{"background-color":"","background-image":"","background-repeat":"repeat","background-position":"center center","background-size":"auto","background-attachment":"scroll","background-type":"","background-media":"","overlay-type":"","overlay-color":"","overlay-opacity":"","overlay-gradient":""}},"ast-content-background-meta":{"desktop":{"background-color":"var(--ast-global-color-5)","background-image":"","background-repeat":"repeat","background-position":"center center","background-size":"auto","background-attachment":"scroll","background-type":"","background-media":"","overlay-type":"","overlay-color":"","overlay-opacity":"","overlay-gradient":""},"tablet":{"background-color":"var(--ast-global-color-5)","background-image":"","background-repeat":"repeat","background-position":"center center","background-size":"auto","background-attachment":"scroll","background-type":"","background-media":"","overlay-type":"","overlay-color":"","overlay-opacity":"","overlay-gradient":""},"mobile":{"background-color":"var(--ast-global-color-5)","background-image":"","background-repeat":"repeat","background-position":"center center","background-size":"auto","background-attachment":"scroll","background-type":"","background-media":"","overlay-type":"","overlay-color":"","overlay-opacity":"","overlay-gradient":""}}},"product_brand":[],"product_cat":[24,40,110],"product_tag":[],"class_list":{"0":"post-475","1":"product","2":"type-product","3":"status-publish","4":"has-post-thumbnail","6":"product_cat-flores-de-cbd","7":"product_cat-iguanasmoke","8":"product_cat-pop-corn-mini-buds","9":"desktop-align-center","10":"tablet-align-left","11":"mobile-align-left","13":"first","14":"instock","15":"taxable","16":"shipping-taxable","17":"purchasable","18":"product-type-simple"},"acf":[],"yoast_head":"<!-- This site is optimized with the Yoast SEO plugin v27.4 - https:\/\/yoast.com\/product\/yoast-seo-wordpress\/ -->\n<title>Comprar Pop Corn Sour Tsunami CBD 25g | Mini Buds Arom\u00e1ticos y Legales<\/title>\n<meta name=\"description\" content=\"Compra Pop Corn Sour Tsunami CBD 25g en Iguana Smoke. Mini cogollos con alto contenido en CBD, aroma c\u00edtrico y menos de 0,2% THC. Env\u00edo discreto en 24\/48h.\" \/>\n<meta name=\"robots\" content=\"index, follow, max-snippet:-1, max-image-preview:large, max-video-preview:-1\" \/>\n<link rel=\"canonical\" href=\"https:\/\/thelyflabs.com\/it\/product\/pop-corn-sour-tsunami-cbd-25gr\/\" \/>\n<meta property=\"og:locale\" content=\"it_IT\" \/>\n<meta property=\"og:type\" content=\"article\" \/>\n<meta property=\"og:title\" content=\"Comprar Pop Corn Sour Tsunami CBD 25g | Mini Buds Arom\u00e1ticos y Legales\" \/>\n<meta property=\"og:description\" content=\"Compra Pop Corn Sour Tsunami CBD 25g en Iguana Smoke. Mini cogollos con alto contenido en CBD, aroma c\u00edtrico y menos de 0,2% THC. Env\u00edo discreto en 24\/48h.\" \/>\n<meta property=\"og:url\" content=\"https:\/\/thelyflabs.com\/it\/product\/pop-corn-sour-tsunami-cbd-25gr\/\" \/>\n<meta property=\"og:site_name\" content=\"THE LYF LABS\" \/>\n<meta property=\"article:modified_time\" content=\"2026-01-20T11:46:38+00:00\" \/>\n<meta property=\"og:image\" content=\"https:\/\/thelyflabs.com\/wp-content\/uploads\/2023\/02\/Pop-corn-negativo-25g-con-mini-buds.webp\" \/>\n\t<meta property=\"og:image:width\" content=\"1000\" \/>\n\t<meta property=\"og:image:height\" content=\"1000\" \/>\n\t<meta property=\"og:image:type\" content=\"image\/webp\" \/>\n<meta name=\"twitter:card\" content=\"summary_large_image\" \/>\n<meta name=\"twitter:label1\" content=\"Tempo di lettura stimato\" \/>\n\t<meta name=\"twitter:data1\" content=\"2 minuti\" \/>\n<script type=\"application\/ld+json\" class=\"yoast-schema-graph\">{\"@context\":\"https:\\\/\\\/schema.org\",\"@graph\":[{\"@type\":\"WebPage\",\"@id\":\"https:\\\/\\\/thelyflabs.com\\\/product\\\/pop-corn-sour-tsunami-cbd-25gr\",\"url\":\"https:\\\/\\\/thelyflabs.com\\\/product\\\/pop-corn-sour-tsunami-cbd-25gr\",\"name\":\"Comprar Pop Corn Sour Tsunami CBD 25g | Mini Buds Arom\u00e1ticos y Legales\",\"isPartOf\":{\"@id\":\"https:\\\/\\\/thelyflabs.com\\\/#website\"},\"primaryImageOfPage\":{\"@id\":\"https:\\\/\\\/thelyflabs.com\\\/product\\\/pop-corn-sour-tsunami-cbd-25gr#primaryimage\"},\"image\":{\"@id\":\"https:\\\/\\\/thelyflabs.com\\\/product\\\/pop-corn-sour-tsunami-cbd-25gr#primaryimage\"},\"thumbnailUrl\":\"https:\\\/\\\/thelyflabs.com\\\/wp-content\\\/uploads\\\/2023\\\/02\\\/Pop-corn-negativo-25g-con-mini-buds.webp\",\"datePublished\":\"2023-02-01T15:50:08+00:00\",\"dateModified\":\"2026-01-20T11:46:38+00:00\",\"description\":\"Compra Pop Corn Sour Tsunami CBD 25g en Iguana Smoke. Mini cogollos con alto contenido en CBD, aroma c\u00edtrico y menos de 0,2% THC. Env\u00edo discreto en 24\\\/48h.\",\"breadcrumb\":{\"@id\":\"https:\\\/\\\/thelyflabs.com\\\/product\\\/pop-corn-sour-tsunami-cbd-25gr#breadcrumb\"},\"inLanguage\":\"it-IT\",\"potentialAction\":[{\"@type\":\"ReadAction\",\"target\":[\"https:\\\/\\\/thelyflabs.com\\\/product\\\/pop-corn-sour-tsunami-cbd-25gr\"]}]},{\"@type\":\"ImageObject\",\"inLanguage\":\"it-IT\",\"@id\":\"https:\\\/\\\/thelyflabs.com\\\/product\\\/pop-corn-sour-tsunami-cbd-25gr#primaryimage\",\"url\":\"https:\\\/\\\/thelyflabs.com\\\/wp-content\\\/uploads\\\/2023\\\/02\\\/Pop-corn-negativo-25g-con-mini-buds.webp\",\"contentUrl\":\"https:\\\/\\\/thelyflabs.com\\\/wp-content\\\/uploads\\\/2023\\\/02\\\/Pop-corn-negativo-25g-con-mini-buds.webp\",\"width\":1000,\"height\":1000,\"caption\":\"pop corn 25g\"},{\"@type\":\"BreadcrumbList\",\"@id\":\"https:\\\/\\\/thelyflabs.com\\\/product\\\/pop-corn-sour-tsunami-cbd-25gr#breadcrumb\",\"itemListElement\":[{\"@type\":\"ListItem\",\"position\":1,\"name\":\"Portada\",\"item\":\"https:\\\/\\\/thelyflabs.com\\\/\"},{\"@type\":\"ListItem\",\"position\":2,\"name\":\"Tienda\",\"item\":\"https:\\\/\\\/thelyflabs.com\\\/tienda\"},{\"@type\":\"ListItem\",\"position\":3,\"name\":\"Pop Corn Sour Tsunami CBD 25gr\"}]},{\"@type\":\"WebSite\",\"@id\":\"https:\\\/\\\/thelyflabs.com\\\/#website\",\"url\":\"https:\\\/\\\/thelyflabs.com\\\/\",\"name\":\"The LYF Labs\",\"description\":\"CBD al por mayor\",\"publisher\":{\"@id\":\"https:\\\/\\\/thelyflabs.com\\\/#organization\"},\"potentialAction\":[{\"@type\":\"SearchAction\",\"target\":{\"@type\":\"EntryPoint\",\"urlTemplate\":\"https:\\\/\\\/thelyflabs.com\\\/?s={search_term_string}\"},\"query-input\":{\"@type\":\"PropertyValueSpecification\",\"valueRequired\":true,\"valueName\":\"search_term_string\"}}],\"inLanguage\":\"it-IT\"},{\"@type\":\"Organization\",\"@id\":\"https:\\\/\\\/thelyflabs.com\\\/#organization\",\"name\":\"The LYF Labs\",\"url\":\"https:\\\/\\\/thelyflabs.com\\\/\",\"logo\":{\"@type\":\"ImageObject\",\"inLanguage\":\"it-IT\",\"@id\":\"https:\\\/\\\/thelyflabs.com\\\/#\\\/schema\\\/logo\\\/image\\\/\",\"url\":\"https:\\\/\\\/thelyflabs.com\\\/wp-content\\\/uploads\\\/2023\\\/01\\\/cropped-LogoTheLYFLabs.png\",\"contentUrl\":\"https:\\\/\\\/thelyflabs.com\\\/wp-content\\\/uploads\\\/2023\\\/01\\\/cropped-LogoTheLYFLabs.png\",\"width\":600,\"height\":180,\"caption\":\"The LYF Labs\"},\"image\":{\"@id\":\"https:\\\/\\\/thelyflabs.com\\\/#\\\/schema\\\/logo\\\/image\\\/\"}}]}<\/script>\n<!-- \/ Yoast SEO plugin. -->","yoast_head_json":{"title":"Comprar Pop Corn Sour Tsunami CBD 25g | Mini Buds Arom\u00e1ticos y Legales","description":"Compra Pop Corn Sour Tsunami CBD 25g en Iguana Smoke. Mini cogollos con alto contenido en CBD, aroma c\u00edtrico y menos de 0,2% THC. Env\u00edo discreto en 24\/48h.","robots":{"index":"index","follow":"follow","max-snippet":"max-snippet:-1","max-image-preview":"max-image-preview:large","max-video-preview":"max-video-preview:-1"},"canonical":"https:\/\/thelyflabs.com\/it\/product\/pop-corn-sour-tsunami-cbd-25gr\/","og_locale":"it_IT","og_type":"article","og_title":"Comprar Pop Corn Sour Tsunami CBD 25g | Mini Buds Arom\u00e1ticos y Legales","og_description":"Compra Pop Corn Sour Tsunami CBD 25g en Iguana Smoke. Mini cogollos con alto contenido en CBD, aroma c\u00edtrico y menos de 0,2% THC. Env\u00edo discreto en 24\/48h.","og_url":"https:\/\/thelyflabs.com\/it\/product\/pop-corn-sour-tsunami-cbd-25gr\/","og_site_name":"THE LYF LABS","article_modified_time":"2026-01-20T11:46:38+00:00","og_image":[{"width":1000,"height":1000,"url":"https:\/\/thelyflabs.com\/wp-content\/uploads\/2023\/02\/Pop-corn-negativo-25g-con-mini-buds.webp","type":"image\/webp"}],"twitter_card":"summary_large_image","twitter_misc":{"Tempo di lettura stimato":"2 minuti"},"schema":{"@context":"https:\/\/schema.org","@graph":[{"@type":"WebPage","@id":"https:\/\/thelyflabs.com\/product\/pop-corn-sour-tsunami-cbd-25gr","url":"https:\/\/thelyflabs.com\/product\/pop-corn-sour-tsunami-cbd-25gr","name":"Comprar Pop Corn Sour Tsunami CBD 25g | Mini Buds Arom\u00e1ticos y Legales","isPartOf":{"@id":"https:\/\/thelyflabs.com\/#website"},"primaryImageOfPage":{"@id":"https:\/\/thelyflabs.com\/product\/pop-corn-sour-tsunami-cbd-25gr#primaryimage"},"image":{"@id":"https:\/\/thelyflabs.com\/product\/pop-corn-sour-tsunami-cbd-25gr#primaryimage"},"thumbnailUrl":"https:\/\/thelyflabs.com\/wp-content\/uploads\/2023\/02\/Pop-corn-negativo-25g-con-mini-buds.webp","datePublished":"2023-02-01T15:50:08+00:00","dateModified":"2026-01-20T11:46:38+00:00","description":"Compra Pop Corn Sour Tsunami CBD 25g en Iguana Smoke. Mini cogollos con alto contenido en CBD, aroma c\u00edtrico y menos de 0,2% THC. Env\u00edo discreto en 24\/48h.","breadcrumb":{"@id":"https:\/\/thelyflabs.com\/product\/pop-corn-sour-tsunami-cbd-25gr#breadcrumb"},"inLanguage":"it-IT","potentialAction":[{"@type":"ReadAction","target":["https:\/\/thelyflabs.com\/product\/pop-corn-sour-tsunami-cbd-25gr"]}]},{"@type":"ImageObject","inLanguage":"it-IT","@id":"https:\/\/thelyflabs.com\/product\/pop-corn-sour-tsunami-cbd-25gr#primaryimage","url":"https:\/\/thelyflabs.com\/wp-content\/uploads\/2023\/02\/Pop-corn-negativo-25g-con-mini-buds.webp","contentUrl":"https:\/\/thelyflabs.com\/wp-content\/uploads\/2023\/02\/Pop-corn-negativo-25g-con-mini-buds.webp","width":1000,"height":1000,"caption":"pop corn 25g"},{"@type":"BreadcrumbList","@id":"https:\/\/thelyflabs.com\/product\/pop-corn-sour-tsunami-cbd-25gr#breadcrumb","itemListElement":[{"@type":"ListItem","position":1,"name":"Portada","item":"https:\/\/thelyflabs.com\/"},{"@type":"ListItem","position":2,"name":"Tienda","item":"https:\/\/thelyflabs.com\/tienda"},{"@type":"ListItem","position":3,"name":"Pop Corn Sour Tsunami CBD 25gr"}]},{"@type":"WebSite","@id":"https:\/\/thelyflabs.com\/#website","url":"https:\/\/thelyflabs.com\/","name":"I laboratori LYF","description":"CBD all&#039;ingrosso","publisher":{"@id":"https:\/\/thelyflabs.com\/#organization"},"potentialAction":[{"@type":"SearchAction","target":{"@type":"EntryPoint","urlTemplate":"https:\/\/thelyflabs.com\/?s={search_term_string}"},"query-input":{"@type":"PropertyValueSpecification","valueRequired":true,"valueName":"search_term_string"}}],"inLanguage":"it-IT"},{"@type":"Organization","@id":"https:\/\/thelyflabs.com\/#organization","name":"I laboratori LYF","url":"https:\/\/thelyflabs.com\/","logo":{"@type":"ImageObject","inLanguage":"it-IT","@id":"https:\/\/thelyflabs.com\/#\/schema\/logo\/image\/","url":"https:\/\/thelyflabs.com\/wp-content\/uploads\/2023\/01\/cropped-LogoTheLYFLabs.png","contentUrl":"https:\/\/thelyflabs.com\/wp-content\/uploads\/2023\/01\/cropped-LogoTheLYFLabs.png","width":600,"height":180,"caption":"The LYF Labs"},"image":{"@id":"https:\/\/thelyflabs.com\/#\/schema\/logo\/image\/"}}]}},"_links":{"self":[{"href":"https:\/\/thelyflabs.com\/it\/wp-json\/wp\/v2\/product\/475","targetHints":{"allow":["GET"]}}],"collection":[{"href":"https:\/\/thelyflabs.com\/it\/wp-json\/wp\/v2\/product"}],"about":[{"href":"https:\/\/thelyflabs.com\/it\/wp-json\/wp\/v2\/types\/product"}],"replies":[{"embeddable":true,"href":"https:\/\/thelyflabs.com\/it\/wp-json\/wp\/v2\/comments?post=475"}],"wp:featuredmedia":[{"embeddable":true,"href":"https:\/\/thelyflabs.com\/it\/wp-json\/wp\/v2\/media\/8110"}],"wp:attachment":[{"href":"https:\/\/thelyflabs.com\/it\/wp-json\/wp\/v2\/media?parent=475"}],"wp:term":[{"taxonomy":"product_brand","embeddable":true,"href":"https:\/\/thelyflabs.com\/it\/wp-json\/wp\/v2\/product_brand?post=475"},{"taxonomy":"product_cat","embeddable":true,"href":"https:\/\/thelyflabs.com\/it\/wp-json\/wp\/v2\/product_cat?post=475"},{"taxonomy":"product_tag","embeddable":true,"href":"https:\/\/thelyflabs.com\/it\/wp-json\/wp\/v2\/product_tag?post=475"}],"curies":[{"name":"parola chiave","href":"https:\/\/api.w.org\/{rel}","templated":true}]}}