{"id":6248,"date":"2024-04-08T20:07:18","date_gmt":"2024-04-08T19:07:18","guid":{"rendered":"https:\/\/thelyflabs.com\/?post_type=product&#038;p=6248"},"modified":"2026-04-27T13:20:11","modified_gmt":"2026-04-27T11:20:11","slug":"flores-de-cbd-picadura-de-flores-ready-to-roll-gelato-15gr","status":"publish","type":"product","link":"https:\/\/thelyflabs.com\/it\/product\/flores-de-cbd-picadura-de-flores-ready-to-roll-gelato-15gr","title":{"rendered":"Picadura de Flores CBD | Ready to Roll 15gr"},"content":{"rendered":"<h1 data-start=\"2843\" data-end=\"2962\"><span style=\"font-size: 32px;font-weight: 400\">Picadura de Flores CBD sin Trim &#8211; Ready to Roll 15g\u00a0<\/span><\/h1>\n<p><span style=\"font-weight: 400\">Questo <strong>Pronti a partire<\/strong> es uno de nuestros productos m\u00e1s TOP: <strong>Picadura de Flores CBD 15g<\/strong> <strong>mayorista<\/strong> listas para usar. Nuestras flores CBD provienen de <strong>flores de c\u00e1\u00f1amo certificadas<\/strong> por la UE. Son la elecci\u00f3n perfecta para quienes buscan comprar<strong> picadura de c\u00e1\u00f1amo <\/strong>Di<strong> flores de CBD de alta calidad<\/strong> en formato m\u00e1s c\u00f3modo y pr\u00e1ctico.\u00a0<\/span><\/p>\n<p><span style=\"font-weight: 400\">Esta <strong>picadura de flor CBD no es un simple Trim CBD<\/strong>: se trata de <strong>cogollos aut\u00e9nticos<\/strong>, seleccionados a mano y <strong>picados<\/strong> cuidadosamente para conservar sus aromas y propiedades naturales. Con este <strong>Ready To Roll sin Trim CBD<\/strong>, disfrutar de una experiencia premium nunca fue tan f\u00e1cil.<\/span><\/p>\n<p><span style=\"font-weight: 400\">Ya no tienes que triturar ni preparar los cogollos porque te lo ponemos muy f\u00e1cil: tan solo <strong>abre el pouch y disfruta de tu momento<\/strong>. Comprar flores CBD en este formato es sin\u00f3nimo de eficiencia y disfrute inmediato. <\/span><\/p>\n<p><span style=\"font-weight: 400\">Adem\u00e1s, nuestras flores se cultivan de manera ecol\u00f3gica, sin pesticidas ni transg\u00e9nicos. Perfectas para consumidores conscientes y amantes del buen rollo.\u00a0<\/span><\/p>\n<p data-start=\"998\" data-end=\"1107\"><strong data-start=\"1001\" data-end=\"1106\">Descubre m\u00e1s variedades en nuestra secci\u00f3n de <a class=\"decorated-link cursor-pointer\" href=\"https:\/\/thelyflabs.com\/it\/product-category\/flores-de-cbd\/\" rel=\"noopener\" data-start=\"1049\" data-end=\"1104\">Fiori di CBD<\/a><\/strong>.<\/p>\n<p>&nbsp;<\/p>\n<p>&nbsp;<\/p>\n<h2><strong>\u00bfPor qu\u00e9 elegir Picadura de Flores CBD 15g &#8211; Ready To Roll para comprar flores de CBD?<\/strong><\/h2>\n<p data-start=\"1459\" data-end=\"1612\"><span style=\"font-weight: 400\">E<\/span><span style=\"font-weight: 400\">ntendemos que cuando buscas comprar flores de CBD, no quieres cualquier cosa. Por eso te traemos el <strong>Pronti a partire<\/strong>. Esta picadura de flores CBD 15g proviene de flores dominantes <strong>Sativa,<\/strong> y contiene un <strong>15% de CBD<\/strong> E <strong>menos del 0,3%<\/strong> <strong>THC,<\/strong> lo que las hace legales en Espa\u00f1a y Europa.\u00a0<\/span><\/p>\n<p data-start=\"1459\" data-end=\"1612\"><span style=\"font-weight: 400\">Esta <strong>picadura<\/strong> viene en un<strong> pouch antiolor<\/strong> super pr\u00e1ctico y \u00fanico, perfecto para transportarlo sin preocupaciones. Su <strong>aroma fuerte, con notas dulces y toques c\u00edtricos o mentolados<\/strong>, la convierte en una opci\u00f3n TOP para los amantes del CBD y las flores de CBD.<\/span><\/p>\n<p>&nbsp;<\/p>\n<h2 data-start=\"2473\" data-end=\"2533\"><strong>Consejos para comprar Ready To Roll y otras flores de CBD<\/strong><\/h2>\n<ul>\n<li><span style=\"font-weight: 400\"><strong>Revisa el contenido de CBD y de THC<\/strong>: Este Ready To Roll tiene 15% de CBD y menos de 0,3%THC, lo que te asegura una experiencia intensa sin efectos psicoactivos. <\/span><\/li>\n<li><strong>Compra siempre a un vendedor confiable:<\/strong> <span style=\"font-weight: 400\">En Iguana Smoke, te ofrecemos flores de CBD baratas y de calidad, con total transparencia en su composici\u00f3n.\u00a0<\/span><\/li>\n<li><strong>Consulta las valoraciones de otros clientes:<\/strong> <span style=\"font-weight: 400\">Nuestra comunidad comparte su experiencia para ayudarte a elegir lo mejor.\u00a0<\/span><\/li>\n<\/ul>\n<p>&nbsp;<\/p>\n<section class=\"product-description\">\n<h2><strong>\u00bfD\u00f3nde comprar tu\u00a0Picadura de Flores CBD 15g mayorista?<\/strong><\/h2>\n<p><span style=\"font-weight: 400\">Se stai cercando <strong>comprar Picadura de Flores CBD<\/strong><strong>, <\/strong>este es tu lugar seguro en Espa\u00f1a. Todos nuestros productos est\u00e1n aprobados por la UE, garantizando su legalidad y seguridad. Adem\u00e1s, si quieres puedes consultar<\/span><strong> <a href=\"https:\/\/iguanasmoke.com\/analiticas\/\">analisi di laboratorio.<\/a><\/strong><\/p>\n<p><span style=\"font-weight: 400\">No te olvides de probar los nuevos sabores de los <strong>Pronti a partire<\/strong>:<strong> <a href=\"https:\/\/thelyflabs.com\/it\/product\/flores-de-cbd-ready-to-roll-super-skunk-15gr\/\">Super Skunk<\/a>, <a href=\"https:\/\/thelyflabs.com\/it\/product\/flores-de-cbd-ready-to-roll-zkittlez-15gr\/\">Zkittlez<\/a>, <a href=\"https:\/\/thelyflabs.com\/it\/product\/flores-de-cbd-ready-to-roll-lemon-haze-15gr\/\">Lemon Haze<\/a>, <a href=\"https:\/\/thelyflabs.com\/it\/product\/flores-de-cbd-ready-to-roll-amnesia-15gr\/\">Amnesia<\/a><\/strong>. Tambi\u00e9n descubre <\/span><span style=\"font-weight: 400\">otros <strong>Prodotti TOP<\/strong> como\u00a0el <a href=\"https:\/\/thelyflabs.com\/it\/product\/pop-corn-sour-tsunami-cbd-25gr\/\"><strong>Popcorn 25g<\/strong><\/a>. <\/span><span style=\"font-weight: 400\">Explora nuestra variedad y encuentra ahora tus favoritos.<\/span><span style=\"font-weight: 400\">\u00a0<\/span><\/p>\n<p><strong data-start=\"303\" data-end=\"345\">Env\u00edo r\u00e1pido y discreto en toda Espa\u00f1a<\/strong>, con <strong data-start=\"351\" data-end=\"387\">atenci\u00f3n cercana y personalizada<\/strong> para resolver cualquier duda antes y despu\u00e9s de tu compra.<\/p>\n<p>&nbsp;<\/p>\n<h2><strong>Qualit\u00e0 e sicurezza<\/strong><\/h2>\n<p>In <strong>I laboratori Lyf<\/strong>, garantiamo che ogni lotto di <strong>Picadura de Flores CBD<\/strong> 15g mayorista\u00a0pasa por rigurosos an\u00e1lisis de laboratorio para confirmar su pureza, ausencia de pesticidas y niveles legales de THC (menos de 0,3%). Nuestro compromiso con la calidad y la seguridad permite ofrecer un producto confiable y apto para todos los usuarios que valoran la legalidad y la excelencia en sus consumos.<\/p>\n<\/section>\n<section class=\"product-description\">The Lyf Labs se compromete a ofrecer <strong>productos que combinan tradici\u00f3n, innovaci\u00f3n y m\u00e1xima calidad<\/strong>. Conf\u00eda en nosotros para llevar a tu colecci\u00f3n o cat\u00e1logo un producto que destaca por su autenticidad, sabor y fiabilidad.<\/section>\n<section><\/section>\n<section><\/section>\n<section><\/section>\n<section><\/section>\n<section><\/section>\n<section><\/section>\n<section><\/section>\n<section><\/section>\n<section><\/section>\n<p>&nbsp;<\/p>\n<h2 class=\"product-description\"><span style=\"font-size: 1.7em;font-weight: bold\">Lyf Labs \u00e8 di qualit\u00e0<\/span><\/h2>\n<p>The Lyf Labs representa la excelencia en el <strong>mercado mayorista de cannabinoides,<\/strong> ofreciendo productos innovadores, seguros y de alta pureza para <strong>tiendas especializadas y distribuidores<\/strong>. Nos enfocamos en satisfacer las necesidades de un sector profesional que busca calidad constante, trazabilidad y <strong>precios competitivos<\/strong>. Si buscas un proveedor confiable y con visi\u00f3n de futuro, en The Lyf Labs encontrar\u00e1s un aliado estrat\u00e9gico para crecer en el mercado del c\u00e1\u00f1amo.<\/p>\n<p>&nbsp;<\/p>\n<h6>\u2139\ufe0f<strong> Informazioni legali<\/strong><\/h6>\n<p><em><span style=\"font-weight: 400\">*Producto destinado a coleccionismo o aromaterapia, conforme a la legislaci\u00f3n espa\u00f1ola vigente. <\/span><\/em><\/p>\n<p><em><span style=\"font-weight: 400\">**Derivados del c\u00e1\u00f1amo industrial certificado. Contiene menos del 0,3 THC y no incluye cannabinoides ilegales como HHC, HHC-P, THCP, THCP-O, H4CBD ni sustancias recogidas en el Anexo I del Real Decreto 2829\/1977, as\u00ed como tampoco contiene sustancias fiscalizadas por convenios internacionales.<\/span><\/em><\/p>","protected":false},"excerpt":{"rendered":"<ul>\n<li>Formato Ready To Roll, 15g.<\/li>\n<li>Flores Picadas de CBD de c\u00e1\u00f1amo org\u00e1nico<\/li>\n<li>No es Trim ni Tamizado<\/li>\n<li>CBD: 15% \/ THC: &lt; 0,3%<\/li>\n<li>Pouch transportable anti-olor listo para usar<\/li>\n<li>Dominante Sativa: aroma fuerte &#8211; tonos dulces<\/li>\n<li><span style=\"font-size: 16px\">100% legal en Espa\u00f1a y Europa<\/span><\/li>\n<li>Controllare il <a style=\"font-size: 16px;background-color: #ffffff\" href=\"https:\/\/iguanasmoke.com\/wp-content\/uploads\/2018\/02\/Flor-Sour-Tsunami.pdf\" target=\"_blank\" rel=\"noopener\">an\u00e1lisis de calidad<\/a><\/li>\n<\/ul>","protected":false},"featured_media":13072,"comment_status":"open","ping_status":"closed","template":"","meta":{"_acf_changed":false,"site-sidebar-layout":"default","site-content-layout":"default","ast-site-content-layout":"default","site-content-style":"default","site-sidebar-style":"default","ast-global-header-display":"","ast-banner-title-visibility":"","ast-main-header-display":"","ast-hfb-above-header-display":"","ast-hfb-below-header-display":"","ast-hfb-mobile-header-display":"","site-post-title":"","ast-breadcrumbs-content":"","ast-featured-img":"","footer-sml-layout":"","theme-transparent-header-meta":"default","adv-header-id-meta":"","stick-header-meta":"","header-above-stick-meta":"","header-main-stick-meta":"","header-below-stick-meta":"","astra-migrate-meta-layouts":"set","ast-page-background-enabled":"default","ast-page-background-meta":{"desktop":{"background-color":"var(--ast-global-color-4)","background-image":"","background-repeat":"repeat","background-position":"center center","background-size":"auto","background-attachment":"scroll","background-type":"","background-media":"","overlay-type":"","overlay-color":"","overlay-opacity":"","overlay-gradient":""},"tablet":{"background-color":"","background-image":"","background-repeat":"repeat","background-position":"center center","background-size":"auto","background-attachment":"scroll","background-type":"","background-media":"","overlay-type":"","overlay-color":"","overlay-opacity":"","overlay-gradient":""},"mobile":{"background-color":"","background-image":"","background-repeat":"repeat","background-position":"center center","background-size":"auto","background-attachment":"scroll","background-type":"","background-media":"","overlay-type":"","overlay-color":"","overlay-opacity":"","overlay-gradient":""}},"ast-content-background-meta":{"desktop":{"background-color":"var(--ast-global-color-5)","background-image":"","background-repeat":"repeat","background-position":"center center","background-size":"auto","background-attachment":"scroll","background-type":"","background-media":"","overlay-type":"","overlay-color":"","overlay-opacity":"","overlay-gradient":""},"tablet":{"background-color":"var(--ast-global-color-5)","background-image":"","background-repeat":"repeat","background-position":"center center","background-size":"auto","background-attachment":"scroll","background-type":"","background-media":"","overlay-type":"","overlay-color":"","overlay-opacity":"","overlay-gradient":""},"mobile":{"background-color":"var(--ast-global-color-5)","background-image":"","background-repeat":"repeat","background-position":"center center","background-size":"auto","background-attachment":"scroll","background-type":"","background-media":"","overlay-type":"","overlay-color":"","overlay-opacity":"","overlay-gradient":""}}},"product_brand":[],"product_cat":[24,108,116],"product_tag":[],"class_list":{"0":"post-6248","1":"product","2":"type-product","3":"status-publish","4":"has-post-thumbnail","6":"product_cat-flores-de-cbd","7":"product_cat-novedades","8":"product_cat-ready-to-roll","9":"desktop-align-center","10":"tablet-align-left","11":"mobile-align-left","13":"first","14":"instock","15":"taxable","16":"shipping-taxable","17":"purchasable","18":"product-type-simple"},"acf":[],"yoast_head":"<!-- This site is optimized with the Yoast SEO plugin v27.4 - https:\/\/yoast.com\/product\/yoast-seo-wordpress\/ -->\n<title>Picadura de Flores CBD 15g mayorista - THE LYF LABS<\/title>\n<meta name=\"description\" content=\"Picadura de Flores CBD 15g mayorista en formato Ready to Roll. Compra cogollos de marihuana legal. Env\u00edo gratuito en Espa\u00f1a y Portugal a partir de 100\u20ac.\" \/>\n<meta name=\"robots\" content=\"index, follow, max-snippet:-1, max-image-preview:large, max-video-preview:-1\" \/>\n<link rel=\"canonical\" href=\"https:\/\/thelyflabs.com\/it\/product\/flores-de-cbd-picadura-de-flores-ready-to-roll-gelato-15gr\/\" \/>\n<meta property=\"og:locale\" content=\"it_IT\" \/>\n<meta property=\"og:type\" content=\"article\" \/>\n<meta property=\"og:title\" content=\"Picadura de Flores CBD 15g mayorista - THE LYF LABS\" \/>\n<meta property=\"og:description\" content=\"Picadura de Flores CBD 15g mayorista en formato Ready to Roll. Compra cogollos de marihuana legal. Env\u00edo gratuito en Espa\u00f1a y Portugal a partir de 100\u20ac.\" \/>\n<meta property=\"og:url\" content=\"https:\/\/thelyflabs.com\/it\/product\/flores-de-cbd-picadura-de-flores-ready-to-roll-gelato-15gr\/\" \/>\n<meta property=\"og:site_name\" content=\"THE LYF LABS\" \/>\n<meta property=\"article:modified_time\" content=\"2026-04-27T11:20:11+00:00\" \/>\n<meta property=\"og:image\" content=\"https:\/\/thelyflabs.com\/wp-content\/uploads\/2024\/04\/parte-atras-con-monton-scaled.webp\" \/>\n\t<meta property=\"og:image:width\" content=\"2560\" \/>\n\t<meta property=\"og:image:height\" content=\"2560\" \/>\n\t<meta property=\"og:image:type\" content=\"image\/webp\" \/>\n<meta name=\"twitter:card\" content=\"summary_large_image\" \/>\n<meta name=\"twitter:label1\" content=\"Tempo di lettura stimato\" \/>\n\t<meta name=\"twitter:data1\" content=\"4 minuti\" \/>\n<script type=\"application\/ld+json\" class=\"yoast-schema-graph\">{\"@context\":\"https:\\\/\\\/schema.org\",\"@graph\":[{\"@type\":\"WebPage\",\"@id\":\"https:\\\/\\\/thelyflabs.com\\\/product\\\/flores-de-cbd-picadura-de-flores-ready-to-roll-gelato-15gr\",\"url\":\"https:\\\/\\\/thelyflabs.com\\\/product\\\/flores-de-cbd-picadura-de-flores-ready-to-roll-gelato-15gr\",\"name\":\"Picadura de Flores CBD 15g mayorista - THE LYF LABS\",\"isPartOf\":{\"@id\":\"https:\\\/\\\/thelyflabs.com\\\/#website\"},\"primaryImageOfPage\":{\"@id\":\"https:\\\/\\\/thelyflabs.com\\\/product\\\/flores-de-cbd-picadura-de-flores-ready-to-roll-gelato-15gr#primaryimage\"},\"image\":{\"@id\":\"https:\\\/\\\/thelyflabs.com\\\/product\\\/flores-de-cbd-picadura-de-flores-ready-to-roll-gelato-15gr#primaryimage\"},\"thumbnailUrl\":\"https:\\\/\\\/thelyflabs.com\\\/wp-content\\\/uploads\\\/2024\\\/04\\\/parte-atras-con-monton-scaled.webp\",\"datePublished\":\"2024-04-08T19:07:18+00:00\",\"dateModified\":\"2026-04-27T11:20:11+00:00\",\"description\":\"Picadura de Flores CBD 15g mayorista en formato Ready to Roll. Compra cogollos de marihuana legal. Env\u00edo gratuito en Espa\u00f1a y Portugal a partir de 100\u20ac.\",\"breadcrumb\":{\"@id\":\"https:\\\/\\\/thelyflabs.com\\\/product\\\/flores-de-cbd-picadura-de-flores-ready-to-roll-gelato-15gr#breadcrumb\"},\"inLanguage\":\"it-IT\",\"potentialAction\":[{\"@type\":\"ReadAction\",\"target\":[\"https:\\\/\\\/thelyflabs.com\\\/product\\\/flores-de-cbd-picadura-de-flores-ready-to-roll-gelato-15gr\"]}]},{\"@type\":\"ImageObject\",\"inLanguage\":\"it-IT\",\"@id\":\"https:\\\/\\\/thelyflabs.com\\\/product\\\/flores-de-cbd-picadura-de-flores-ready-to-roll-gelato-15gr#primaryimage\",\"url\":\"https:\\\/\\\/thelyflabs.com\\\/wp-content\\\/uploads\\\/2024\\\/04\\\/parte-atras-con-monton-scaled.webp\",\"contentUrl\":\"https:\\\/\\\/thelyflabs.com\\\/wp-content\\\/uploads\\\/2024\\\/04\\\/parte-atras-con-monton-scaled.webp\",\"width\":2560,\"height\":2560,\"caption\":\"Picadura de Flores CBD 15g mayorista o Picadura de Flores CBD 30g mayorista\"},{\"@type\":\"BreadcrumbList\",\"@id\":\"https:\\\/\\\/thelyflabs.com\\\/product\\\/flores-de-cbd-picadura-de-flores-ready-to-roll-gelato-15gr#breadcrumb\",\"itemListElement\":[{\"@type\":\"ListItem\",\"position\":1,\"name\":\"Portada\",\"item\":\"https:\\\/\\\/thelyflabs.com\\\/\"},{\"@type\":\"ListItem\",\"position\":2,\"name\":\"Tienda\",\"item\":\"https:\\\/\\\/thelyflabs.com\\\/tienda\"},{\"@type\":\"ListItem\",\"position\":3,\"name\":\"Picadura de Flores CBD | Ready to Roll 15gr\"}]},{\"@type\":\"WebSite\",\"@id\":\"https:\\\/\\\/thelyflabs.com\\\/#website\",\"url\":\"https:\\\/\\\/thelyflabs.com\\\/\",\"name\":\"The LYF Labs\",\"description\":\"CBD al por mayor\",\"publisher\":{\"@id\":\"https:\\\/\\\/thelyflabs.com\\\/#organization\"},\"potentialAction\":[{\"@type\":\"SearchAction\",\"target\":{\"@type\":\"EntryPoint\",\"urlTemplate\":\"https:\\\/\\\/thelyflabs.com\\\/?s={search_term_string}\"},\"query-input\":{\"@type\":\"PropertyValueSpecification\",\"valueRequired\":true,\"valueName\":\"search_term_string\"}}],\"inLanguage\":\"it-IT\"},{\"@type\":\"Organization\",\"@id\":\"https:\\\/\\\/thelyflabs.com\\\/#organization\",\"name\":\"The LYF Labs\",\"url\":\"https:\\\/\\\/thelyflabs.com\\\/\",\"logo\":{\"@type\":\"ImageObject\",\"inLanguage\":\"it-IT\",\"@id\":\"https:\\\/\\\/thelyflabs.com\\\/#\\\/schema\\\/logo\\\/image\\\/\",\"url\":\"https:\\\/\\\/thelyflabs.com\\\/wp-content\\\/uploads\\\/2023\\\/01\\\/cropped-LogoTheLYFLabs.png\",\"contentUrl\":\"https:\\\/\\\/thelyflabs.com\\\/wp-content\\\/uploads\\\/2023\\\/01\\\/cropped-LogoTheLYFLabs.png\",\"width\":600,\"height\":180,\"caption\":\"The LYF Labs\"},\"image\":{\"@id\":\"https:\\\/\\\/thelyflabs.com\\\/#\\\/schema\\\/logo\\\/image\\\/\"}}]}<\/script>\n<!-- \/ Yoast SEO plugin. -->","yoast_head_json":{"title":"Picadura de Flores CBD 15g mayorista - THE LYF LABS","description":"Picadura de Flores CBD 15g mayorista en formato Ready to Roll. Compra cogollos de marihuana legal. Env\u00edo gratuito en Espa\u00f1a y Portugal a partir de 100\u20ac.","robots":{"index":"index","follow":"follow","max-snippet":"max-snippet:-1","max-image-preview":"max-image-preview:large","max-video-preview":"max-video-preview:-1"},"canonical":"https:\/\/thelyflabs.com\/it\/product\/flores-de-cbd-picadura-de-flores-ready-to-roll-gelato-15gr\/","og_locale":"it_IT","og_type":"article","og_title":"Picadura de Flores CBD 15g mayorista - THE LYF LABS","og_description":"Picadura de Flores CBD 15g mayorista en formato Ready to Roll. Compra cogollos de marihuana legal. Env\u00edo gratuito en Espa\u00f1a y Portugal a partir de 100\u20ac.","og_url":"https:\/\/thelyflabs.com\/it\/product\/flores-de-cbd-picadura-de-flores-ready-to-roll-gelato-15gr\/","og_site_name":"THE LYF LABS","article_modified_time":"2026-04-27T11:20:11+00:00","og_image":[{"width":2560,"height":2560,"url":"https:\/\/thelyflabs.com\/wp-content\/uploads\/2024\/04\/parte-atras-con-monton-scaled.webp","type":"image\/webp"}],"twitter_card":"summary_large_image","twitter_misc":{"Tempo di lettura stimato":"4 minuti"},"schema":{"@context":"https:\/\/schema.org","@graph":[{"@type":"WebPage","@id":"https:\/\/thelyflabs.com\/product\/flores-de-cbd-picadura-de-flores-ready-to-roll-gelato-15gr","url":"https:\/\/thelyflabs.com\/product\/flores-de-cbd-picadura-de-flores-ready-to-roll-gelato-15gr","name":"Picadura de Flores CBD 15g mayorista - THE LYF LABS","isPartOf":{"@id":"https:\/\/thelyflabs.com\/#website"},"primaryImageOfPage":{"@id":"https:\/\/thelyflabs.com\/product\/flores-de-cbd-picadura-de-flores-ready-to-roll-gelato-15gr#primaryimage"},"image":{"@id":"https:\/\/thelyflabs.com\/product\/flores-de-cbd-picadura-de-flores-ready-to-roll-gelato-15gr#primaryimage"},"thumbnailUrl":"https:\/\/thelyflabs.com\/wp-content\/uploads\/2024\/04\/parte-atras-con-monton-scaled.webp","datePublished":"2024-04-08T19:07:18+00:00","dateModified":"2026-04-27T11:20:11+00:00","description":"Picadura de Flores CBD 15g mayorista en formato Ready to Roll. Compra cogollos de marihuana legal. Env\u00edo gratuito en Espa\u00f1a y Portugal a partir de 100\u20ac.","breadcrumb":{"@id":"https:\/\/thelyflabs.com\/product\/flores-de-cbd-picadura-de-flores-ready-to-roll-gelato-15gr#breadcrumb"},"inLanguage":"it-IT","potentialAction":[{"@type":"ReadAction","target":["https:\/\/thelyflabs.com\/product\/flores-de-cbd-picadura-de-flores-ready-to-roll-gelato-15gr"]}]},{"@type":"ImageObject","inLanguage":"it-IT","@id":"https:\/\/thelyflabs.com\/product\/flores-de-cbd-picadura-de-flores-ready-to-roll-gelato-15gr#primaryimage","url":"https:\/\/thelyflabs.com\/wp-content\/uploads\/2024\/04\/parte-atras-con-monton-scaled.webp","contentUrl":"https:\/\/thelyflabs.com\/wp-content\/uploads\/2024\/04\/parte-atras-con-monton-scaled.webp","width":2560,"height":2560,"caption":"Picadura de Flores CBD 15g mayorista o Picadura de Flores CBD 30g mayorista"},{"@type":"BreadcrumbList","@id":"https:\/\/thelyflabs.com\/product\/flores-de-cbd-picadura-de-flores-ready-to-roll-gelato-15gr#breadcrumb","itemListElement":[{"@type":"ListItem","position":1,"name":"Portada","item":"https:\/\/thelyflabs.com\/"},{"@type":"ListItem","position":2,"name":"Tienda","item":"https:\/\/thelyflabs.com\/tienda"},{"@type":"ListItem","position":3,"name":"Picadura de Flores CBD | Ready to Roll 15gr"}]},{"@type":"WebSite","@id":"https:\/\/thelyflabs.com\/#website","url":"https:\/\/thelyflabs.com\/","name":"I laboratori LYF","description":"CBD all&#039;ingrosso","publisher":{"@id":"https:\/\/thelyflabs.com\/#organization"},"potentialAction":[{"@type":"SearchAction","target":{"@type":"EntryPoint","urlTemplate":"https:\/\/thelyflabs.com\/?s={search_term_string}"},"query-input":{"@type":"PropertyValueSpecification","valueRequired":true,"valueName":"search_term_string"}}],"inLanguage":"it-IT"},{"@type":"Organization","@id":"https:\/\/thelyflabs.com\/#organization","name":"I laboratori LYF","url":"https:\/\/thelyflabs.com\/","logo":{"@type":"ImageObject","inLanguage":"it-IT","@id":"https:\/\/thelyflabs.com\/#\/schema\/logo\/image\/","url":"https:\/\/thelyflabs.com\/wp-content\/uploads\/2023\/01\/cropped-LogoTheLYFLabs.png","contentUrl":"https:\/\/thelyflabs.com\/wp-content\/uploads\/2023\/01\/cropped-LogoTheLYFLabs.png","width":600,"height":180,"caption":"The LYF Labs"},"image":{"@id":"https:\/\/thelyflabs.com\/#\/schema\/logo\/image\/"}}]}},"_links":{"self":[{"href":"https:\/\/thelyflabs.com\/it\/wp-json\/wp\/v2\/product\/6248","targetHints":{"allow":["GET"]}}],"collection":[{"href":"https:\/\/thelyflabs.com\/it\/wp-json\/wp\/v2\/product"}],"about":[{"href":"https:\/\/thelyflabs.com\/it\/wp-json\/wp\/v2\/types\/product"}],"replies":[{"embeddable":true,"href":"https:\/\/thelyflabs.com\/it\/wp-json\/wp\/v2\/comments?post=6248"}],"wp:featuredmedia":[{"embeddable":true,"href":"https:\/\/thelyflabs.com\/it\/wp-json\/wp\/v2\/media\/13072"}],"wp:attachment":[{"href":"https:\/\/thelyflabs.com\/it\/wp-json\/wp\/v2\/media?parent=6248"}],"wp:term":[{"taxonomy":"product_brand","embeddable":true,"href":"https:\/\/thelyflabs.com\/it\/wp-json\/wp\/v2\/product_brand?post=6248"},{"taxonomy":"product_cat","embeddable":true,"href":"https:\/\/thelyflabs.com\/it\/wp-json\/wp\/v2\/product_cat?post=6248"},{"taxonomy":"product_tag","embeddable":true,"href":"https:\/\/thelyflabs.com\/it\/wp-json\/wp\/v2\/product_tag?post=6248"}],"curies":[{"name":"parola chiave","href":"https:\/\/api.w.org\/{rel}","templated":true}]}}