{"id":7591,"date":"2024-07-16T12:00:52","date_gmt":"2024-07-16T10:00:52","guid":{"rendered":"https:\/\/thelyflabs.com\/?post_type=product&#038;p=7591"},"modified":"2026-04-01T10:26:39","modified_gmt":"2026-04-01T08:26:39","slug":"pop-corn-mini-buds-indoor-cbd-25gr","status":"publish","type":"product","link":"https:\/\/thelyflabs.com\/it\/product\/pop-corn-mini-buds-indoor-cbd-25gr","title":{"rendered":"Pop Corn \u2013 Mini Buds Indoor CBD 25gr"},"content":{"rendered":"<h1>Pop Corn \u2013 Mini Buds Indoor CBD 25gr<\/h1>\n<p><strong>Descrizione del prodotto:<\/strong><\/p>\n<p>Scopri la qualit\u00e0 premium dei nostri fiori di CBD Pop Corn - Mini Buds Indoor da 25 grammi su Iguana Smoke. Questi fiori di CBD coltivati indoor offrono un&#039;esperienza senza pari per gli amanti del CBD. Con un contenuto di CBD ad alta purezza e un sapore morbido e naturale, i nostri mini bud sono perfetti per chi desidera rilassarsi e godere dei benefici del CBD senza gli effetti psicoattivi del THC.<\/p>\n<p>Ogni confezione contiene 25 grammi di piccoli e potenti fiori di CBD, noti come &quot;Pop Corn Buds&quot; per le loro dimensioni compatte e la densit\u00e0. Questi mini fiori sono ideali per la vaporizzazione, l&#039;infusione o semplicemente per essere gustati al naturale.<\/p>\n<p><strong>Caratteristiche:<\/strong><\/p>\n<ul>\n<li><strong>Qualit\u00e0 Premium:<\/strong> Fiori di CBD da coltivazione indoor.<\/li>\n<li><strong>Alto contenuto di CBD:<\/strong> Potente ed efficace.<\/li>\n<li><strong>Aromi e sapori naturali:<\/strong> Morbido e piacevole.<\/li>\n<li><strong>Versatilit\u00e0:<\/strong> Perfetto per diverse forme di consumo.<\/li>\n<\/ul>\n<p><strong>Benefici:<\/strong><\/p>\n<ul>\n<li><strong>Relax:<\/strong> Aiuta a ridurre lo stress e l&#039;ansia.<\/li>\n<li><strong>Benessere:<\/strong> Favorisce uno stato di calma e benessere generale.<\/li>\n<li><strong>Senza THC:<\/strong> Goditi i benefici del CBD senza gli effetti psicoattivi.<\/li>\n<\/ul>\n<p>Prova la differenza con Pop Corn \u2013 Mini Buds Indoor CBD 25g di Iguana Smoke e porta la tua esperienza con il CBD a un livello superiore.<\/p>\n<h2><b>Acquista fiori e boccioli di CBD da Iguana Smoke<\/b><\/h2>\n<p><span style=\"font-weight: 400\">I fiori di CBD di Iguana Smoke vengono raccolti biologicamente dagli agricoltori, senza l&#039;uso di pesticidi o OGM, garantendo prodotti di alta qualit\u00e0 e privi di sostanze chimiche. L&#039;utilizzo di metodi di agricoltura biologica promuove la sostenibilit\u00e0 e la responsabilit\u00e0 ambientale, rendendo il prodotto attraente per i consumatori attenti all&#039;ambiente.<\/span><\/p>\n<p><em><span style=\"font-weight: 400\">L&#039;Unione Europea approva le piante di Cannabis Sativa da cui vengono raccolti i fiori di Iguana Smoke, rendendoli legali al 100%. Inoltre, questi fiori contengono meno dello 0,2% di THC, quindi non hanno effetti psicoattivi. Questo li rende un&#039;opzione perfetta per chi desidera godere dei benefici del CBD senza subire gli effetti psicoattivi del THC.<\/span><\/em><\/p>\n<p><span style=\"font-size: 16px;font-weight: 400\">Se ti piace questo fiore, potresti apprezzare anche <\/span><span style=\"text-decoration: underline\"><strong><a href=\"https:\/\/iguanasmoke.com\/producto\/gelato-cbd\/\">Gelato al CBD<\/a><\/strong>,<\/span><span style=\"font-size: 16px;font-weight: 400\"> IL<\/span><span style=\"text-decoration: underline\"> <a href=\"https:\/\/iguanasmoke.com\/producto\/amnesia-cbd\/\"><strong>Amnesia<\/strong><\/a><\/span><span style=\"font-size: 16px;font-weight: 400\"> onda <\/span><a style=\"font-size: 16px;font-weight: 400;background-color: #ffffff\" href=\"https:\/\/iguanasmoke.com\/producto\/shelby-cbd\/\"><strong><span style=\"text-decoration: underline\">Shelby<\/span><\/strong><\/a><span style=\"font-size: 16px;font-weight: 400\">.<\/span><\/p>\n<p><span style=\"font-weight: 400\">Se vuoi esplorare altri prodotti, dai un&#039;occhiata al nostro <a href=\"https:\/\/iguanasmoke.com\/categoria\/aceites\/\"><span style=\"text-decoration: underline\"><strong>oli di CBD<\/strong><\/span><\/a> O<a href=\"https:\/\/iguanasmoke.com\/categoria\/vape-cbd\/\"><span style=\"text-decoration: underline\"> <strong>vaporizzatori di CBD<\/strong>.<\/span><\/a><\/span><\/p>\n<p><span style=\"font-weight: 400\"><strong>Fumo di iguana<\/strong> \u00e8 sinonimo di qualit\u00e0; un marchio attraente che si rivolge alla nuova generazione di consumatori di CBD alla ricerca di un prodotto sicuro, affidabile e conveniente, che abbia tutte le caratteristiche per posizionarsi con successo nel fiorente mercato del CBD. Per qualsiasi domanda, non esitate a contattarci: saremo lieti di aiutarvi.<\/span><\/p>\n<p>&nbsp;<\/p>\n<h2><span style=\"color: #ffffff\">Acquista fiori di CBD, acquista fiori di CBD online, fiori di CBD all&#039;ingrosso, gemme di CBD, gemme di CBD online, acquista fiori di CBD, acquista fiori di CBD online, acquista marijuana online.<\/span><\/h2>","protected":false},"excerpt":{"rendered":"<p><span style=\"font-weight: 400\">Le nostre Popcorn - Mini Buds Indoor CBD sono state accuratamente selezionate per soddisfare le esigenze aromatiche degli utilizzatori di fiori di CBD nel settore della marijuana legale. Si distinguono per il loro aroma dolce, simile al gasolio. Le nostre CBD Mini Buds conquistano molti con il loro profilo aromatico unico, dove alcuni potrebbero notare un aroma di cioccolato, che ne esalta il carattere squisito e sofisticato.<\/span><\/p>\n<ul>\n<li>CBD: 15% \/ THC: &lt; 0,2%<\/li>\n<li>Piccole gemme (Mini Buds)<\/li>\n<li>Sativa dominante<\/li>\n<li>Aroma forte con toni dolci<\/li>\n<\/ul>\n<p>100% legale in Europa<\/p>\n<p>Analisi della qualit\u00e0: clicca <a href=\"https:\/\/iguanasmoke.com\/wp-content\/uploads\/2018\/02\/Flor-Sour-Tsunami.pdf\" target=\"_blank\" rel=\"noopener\">Qui<\/a><\/p>","protected":false},"featured_media":7595,"comment_status":"open","ping_status":"closed","template":"","meta":{"_acf_changed":false,"site-sidebar-layout":"default","site-content-layout":"","ast-site-content-layout":"default","site-content-style":"default","site-sidebar-style":"default","ast-global-header-display":"","ast-banner-title-visibility":"","ast-main-header-display":"","ast-hfb-above-header-display":"","ast-hfb-below-header-display":"","ast-hfb-mobile-header-display":"","site-post-title":"","ast-breadcrumbs-content":"","ast-featured-img":"","footer-sml-layout":"","theme-transparent-header-meta":"default","adv-header-id-meta":"","stick-header-meta":"","header-above-stick-meta":"","header-main-stick-meta":"","header-below-stick-meta":"","astra-migrate-meta-layouts":"set","ast-page-background-enabled":"default","ast-page-background-meta":{"desktop":{"background-color":"var(--ast-global-color-4)","background-image":"","background-repeat":"repeat","background-position":"center center","background-size":"auto","background-attachment":"scroll","background-type":"","background-media":"","overlay-type":"","overlay-color":"","overlay-opacity":"","overlay-gradient":""},"tablet":{"background-color":"","background-image":"","background-repeat":"repeat","background-position":"center center","background-size":"auto","background-attachment":"scroll","background-type":"","background-media":"","overlay-type":"","overlay-color":"","overlay-opacity":"","overlay-gradient":""},"mobile":{"background-color":"","background-image":"","background-repeat":"repeat","background-position":"center center","background-size":"auto","background-attachment":"scroll","background-type":"","background-media":"","overlay-type":"","overlay-color":"","overlay-opacity":"","overlay-gradient":""}},"ast-content-background-meta":{"desktop":{"background-color":"var(--ast-global-color-5)","background-image":"","background-repeat":"repeat","background-position":"center center","background-size":"auto","background-attachment":"scroll","background-type":"","background-media":"","overlay-type":"","overlay-color":"","overlay-opacity":"","overlay-gradient":""},"tablet":{"background-color":"var(--ast-global-color-5)","background-image":"","background-repeat":"repeat","background-position":"center center","background-size":"auto","background-attachment":"scroll","background-type":"","background-media":"","overlay-type":"","overlay-color":"","overlay-opacity":"","overlay-gradient":""},"mobile":{"background-color":"var(--ast-global-color-5)","background-image":"","background-repeat":"repeat","background-position":"center center","background-size":"auto","background-attachment":"scroll","background-type":"","background-media":"","overlay-type":"","overlay-color":"","overlay-opacity":"","overlay-gradient":""}}},"product_brand":[],"product_cat":[24,108,110,123],"product_tag":[],"class_list":{"0":"post-7591","1":"product","2":"type-product","3":"status-publish","4":"has-post-thumbnail","6":"product_cat-flores-de-cbd","7":"product_cat-novedades","8":"product_cat-pop-corn-mini-buds","9":"product_cat-pop-corn-cbd-mini-buds","10":"desktop-align-center","11":"tablet-align-left","12":"mobile-align-left","14":"first","15":"instock","16":"taxable","17":"shipping-taxable","18":"purchasable","19":"product-type-simple"},"acf":[],"yoast_head":"<!-- This site is optimized with the Yoast SEO plugin v27.4 - https:\/\/yoast.com\/product\/yoast-seo-wordpress\/ -->\n<title>Pop Corn - Mini Buds Indoor CBD 25gr - THE LYF LABS<\/title>\n<meta name=\"robots\" content=\"index, follow, max-snippet:-1, max-image-preview:large, max-video-preview:-1\" \/>\n<link rel=\"canonical\" href=\"https:\/\/thelyflabs.com\/it\/product\/pop-corn-mini-buds-indoor-cbd-25gr\/\" \/>\n<meta property=\"og:locale\" content=\"it_IT\" \/>\n<meta property=\"og:type\" content=\"article\" \/>\n<meta property=\"og:title\" content=\"Pop Corn - Mini Buds Indoor CBD 25gr - THE LYF LABS\" \/>\n<meta property=\"og:description\" content=\"Nuestros Pop Corn - Mini Buds Indoor CBD han sido seleccioados cuidadosamente para satisfacers las necesidades arom\u00e1ticas de los usuarios de flores de CBD en el \u00e1mbito de la marihuana legal. Destaca por su olor, dulce y a combustible diesel. Nuestros Mini Buds de CBD atraen a muchos por su perfil arom\u00e1tico \u00fanico, donde algunos pueden notar un aroma a chocolate, sumando a su car\u00e1cter exquisito y sofisticado.   CBD: 15% \/ THC: &lt; 0,2%  Cogollos peque\u00f1os (Mini Buds)  Dominante Sativa  Aroma fuerte con tonos dulces  100% legal en Europa  An\u00e1lisis de calidad: pincha aqu\u00ed\" \/>\n<meta property=\"og:url\" content=\"https:\/\/thelyflabs.com\/it\/product\/pop-corn-mini-buds-indoor-cbd-25gr\/\" \/>\n<meta property=\"og:site_name\" content=\"THE LYF LABS\" \/>\n<meta property=\"article:modified_time\" content=\"2026-04-01T08:26:39+00:00\" \/>\n<meta property=\"og:image\" content=\"https:\/\/thelyflabs.com\/wp-content\/uploads\/2024\/07\/Pop-corn-negativo-25g.webp\" \/>\n\t<meta property=\"og:image:width\" content=\"1000\" \/>\n\t<meta property=\"og:image:height\" content=\"1000\" \/>\n\t<meta property=\"og:image:type\" content=\"image\/webp\" \/>\n<meta name=\"twitter:card\" content=\"summary_large_image\" \/>\n<meta name=\"twitter:label1\" content=\"Tempo di lettura stimato\" \/>\n\t<meta name=\"twitter:data1\" content=\"4 minuti\" \/>\n<script type=\"application\/ld+json\" class=\"yoast-schema-graph\">{\"@context\":\"https:\\\/\\\/schema.org\",\"@graph\":[{\"@type\":\"WebPage\",\"@id\":\"https:\\\/\\\/thelyflabs.com\\\/product\\\/pop-corn-mini-buds-indoor-cbd-25gr\",\"url\":\"https:\\\/\\\/thelyflabs.com\\\/product\\\/pop-corn-mini-buds-indoor-cbd-25gr\",\"name\":\"Pop Corn - Mini Buds Indoor CBD 25gr - THE LYF LABS\",\"isPartOf\":{\"@id\":\"https:\\\/\\\/thelyflabs.com\\\/#website\"},\"primaryImageOfPage\":{\"@id\":\"https:\\\/\\\/thelyflabs.com\\\/product\\\/pop-corn-mini-buds-indoor-cbd-25gr#primaryimage\"},\"image\":{\"@id\":\"https:\\\/\\\/thelyflabs.com\\\/product\\\/pop-corn-mini-buds-indoor-cbd-25gr#primaryimage\"},\"thumbnailUrl\":\"https:\\\/\\\/thelyflabs.com\\\/wp-content\\\/uploads\\\/2024\\\/07\\\/Pop-corn-negativo-25g.webp\",\"datePublished\":\"2024-07-16T10:00:52+00:00\",\"dateModified\":\"2026-04-01T08:26:39+00:00\",\"breadcrumb\":{\"@id\":\"https:\\\/\\\/thelyflabs.com\\\/product\\\/pop-corn-mini-buds-indoor-cbd-25gr#breadcrumb\"},\"inLanguage\":\"it-IT\",\"potentialAction\":[{\"@type\":\"ReadAction\",\"target\":[\"https:\\\/\\\/thelyflabs.com\\\/product\\\/pop-corn-mini-buds-indoor-cbd-25gr\"]}]},{\"@type\":\"ImageObject\",\"inLanguage\":\"it-IT\",\"@id\":\"https:\\\/\\\/thelyflabs.com\\\/product\\\/pop-corn-mini-buds-indoor-cbd-25gr#primaryimage\",\"url\":\"https:\\\/\\\/thelyflabs.com\\\/wp-content\\\/uploads\\\/2024\\\/07\\\/Pop-corn-negativo-25g.webp\",\"contentUrl\":\"https:\\\/\\\/thelyflabs.com\\\/wp-content\\\/uploads\\\/2024\\\/07\\\/Pop-corn-negativo-25g.webp\",\"width\":1000,\"height\":1000},{\"@type\":\"BreadcrumbList\",\"@id\":\"https:\\\/\\\/thelyflabs.com\\\/product\\\/pop-corn-mini-buds-indoor-cbd-25gr#breadcrumb\",\"itemListElement\":[{\"@type\":\"ListItem\",\"position\":1,\"name\":\"Portada\",\"item\":\"https:\\\/\\\/thelyflabs.com\\\/\"},{\"@type\":\"ListItem\",\"position\":2,\"name\":\"Tienda\",\"item\":\"https:\\\/\\\/thelyflabs.com\\\/tienda\"},{\"@type\":\"ListItem\",\"position\":3,\"name\":\"Pop Corn &#8211; Mini Buds Indoor CBD 25gr\"}]},{\"@type\":\"WebSite\",\"@id\":\"https:\\\/\\\/thelyflabs.com\\\/#website\",\"url\":\"https:\\\/\\\/thelyflabs.com\\\/\",\"name\":\"The LYF Labs\",\"description\":\"CBD al por mayor\",\"publisher\":{\"@id\":\"https:\\\/\\\/thelyflabs.com\\\/#organization\"},\"potentialAction\":[{\"@type\":\"SearchAction\",\"target\":{\"@type\":\"EntryPoint\",\"urlTemplate\":\"https:\\\/\\\/thelyflabs.com\\\/?s={search_term_string}\"},\"query-input\":{\"@type\":\"PropertyValueSpecification\",\"valueRequired\":true,\"valueName\":\"search_term_string\"}}],\"inLanguage\":\"it-IT\"},{\"@type\":\"Organization\",\"@id\":\"https:\\\/\\\/thelyflabs.com\\\/#organization\",\"name\":\"The LYF Labs\",\"url\":\"https:\\\/\\\/thelyflabs.com\\\/\",\"logo\":{\"@type\":\"ImageObject\",\"inLanguage\":\"it-IT\",\"@id\":\"https:\\\/\\\/thelyflabs.com\\\/#\\\/schema\\\/logo\\\/image\\\/\",\"url\":\"https:\\\/\\\/thelyflabs.com\\\/wp-content\\\/uploads\\\/2023\\\/01\\\/cropped-LogoTheLYFLabs.png\",\"contentUrl\":\"https:\\\/\\\/thelyflabs.com\\\/wp-content\\\/uploads\\\/2023\\\/01\\\/cropped-LogoTheLYFLabs.png\",\"width\":600,\"height\":180,\"caption\":\"The LYF Labs\"},\"image\":{\"@id\":\"https:\\\/\\\/thelyflabs.com\\\/#\\\/schema\\\/logo\\\/image\\\/\"}}]}<\/script>\n<!-- \/ Yoast SEO plugin. -->","yoast_head_json":{"title":"Pop Corn - Mini Buds Indoor CBD 25gr - THE LYF LABS","robots":{"index":"index","follow":"follow","max-snippet":"max-snippet:-1","max-image-preview":"max-image-preview:large","max-video-preview":"max-video-preview:-1"},"canonical":"https:\/\/thelyflabs.com\/it\/product\/pop-corn-mini-buds-indoor-cbd-25gr\/","og_locale":"it_IT","og_type":"article","og_title":"Pop Corn - Mini Buds Indoor CBD 25gr - THE LYF LABS","og_description":"Nuestros Pop Corn - Mini Buds Indoor CBD han sido seleccioados cuidadosamente para satisfacers las necesidades arom\u00e1ticas de los usuarios de flores de CBD en el \u00e1mbito de la marihuana legal. Destaca por su olor, dulce y a combustible diesel. Nuestros Mini Buds de CBD atraen a muchos por su perfil arom\u00e1tico \u00fanico, donde algunos pueden notar un aroma a chocolate, sumando a su car\u00e1cter exquisito y sofisticado.   CBD: 15% \/ THC: &lt; 0,2%  Cogollos peque\u00f1os (Mini Buds)  Dominante Sativa  Aroma fuerte con tonos dulces  100% legal en Europa  An\u00e1lisis de calidad: pincha aqu\u00ed","og_url":"https:\/\/thelyflabs.com\/it\/product\/pop-corn-mini-buds-indoor-cbd-25gr\/","og_site_name":"THE LYF LABS","article_modified_time":"2026-04-01T08:26:39+00:00","og_image":[{"width":1000,"height":1000,"url":"https:\/\/thelyflabs.com\/wp-content\/uploads\/2024\/07\/Pop-corn-negativo-25g.webp","type":"image\/webp"}],"twitter_card":"summary_large_image","twitter_misc":{"Tempo di lettura stimato":"4 minuti"},"schema":{"@context":"https:\/\/schema.org","@graph":[{"@type":"WebPage","@id":"https:\/\/thelyflabs.com\/product\/pop-corn-mini-buds-indoor-cbd-25gr","url":"https:\/\/thelyflabs.com\/product\/pop-corn-mini-buds-indoor-cbd-25gr","name":"Pop Corn - Mini Buds Indoor CBD 25gr - THE LYF LABS","isPartOf":{"@id":"https:\/\/thelyflabs.com\/#website"},"primaryImageOfPage":{"@id":"https:\/\/thelyflabs.com\/product\/pop-corn-mini-buds-indoor-cbd-25gr#primaryimage"},"image":{"@id":"https:\/\/thelyflabs.com\/product\/pop-corn-mini-buds-indoor-cbd-25gr#primaryimage"},"thumbnailUrl":"https:\/\/thelyflabs.com\/wp-content\/uploads\/2024\/07\/Pop-corn-negativo-25g.webp","datePublished":"2024-07-16T10:00:52+00:00","dateModified":"2026-04-01T08:26:39+00:00","breadcrumb":{"@id":"https:\/\/thelyflabs.com\/product\/pop-corn-mini-buds-indoor-cbd-25gr#breadcrumb"},"inLanguage":"it-IT","potentialAction":[{"@type":"ReadAction","target":["https:\/\/thelyflabs.com\/product\/pop-corn-mini-buds-indoor-cbd-25gr"]}]},{"@type":"ImageObject","inLanguage":"it-IT","@id":"https:\/\/thelyflabs.com\/product\/pop-corn-mini-buds-indoor-cbd-25gr#primaryimage","url":"https:\/\/thelyflabs.com\/wp-content\/uploads\/2024\/07\/Pop-corn-negativo-25g.webp","contentUrl":"https:\/\/thelyflabs.com\/wp-content\/uploads\/2024\/07\/Pop-corn-negativo-25g.webp","width":1000,"height":1000},{"@type":"BreadcrumbList","@id":"https:\/\/thelyflabs.com\/product\/pop-corn-mini-buds-indoor-cbd-25gr#breadcrumb","itemListElement":[{"@type":"ListItem","position":1,"name":"Portada","item":"https:\/\/thelyflabs.com\/"},{"@type":"ListItem","position":2,"name":"Tienda","item":"https:\/\/thelyflabs.com\/tienda"},{"@type":"ListItem","position":3,"name":"Pop Corn &#8211; Mini Buds Indoor CBD 25gr"}]},{"@type":"WebSite","@id":"https:\/\/thelyflabs.com\/#website","url":"https:\/\/thelyflabs.com\/","name":"I laboratori LYF","description":"CBD all&#039;ingrosso","publisher":{"@id":"https:\/\/thelyflabs.com\/#organization"},"potentialAction":[{"@type":"SearchAction","target":{"@type":"EntryPoint","urlTemplate":"https:\/\/thelyflabs.com\/?s={search_term_string}"},"query-input":{"@type":"PropertyValueSpecification","valueRequired":true,"valueName":"search_term_string"}}],"inLanguage":"it-IT"},{"@type":"Organization","@id":"https:\/\/thelyflabs.com\/#organization","name":"I laboratori LYF","url":"https:\/\/thelyflabs.com\/","logo":{"@type":"ImageObject","inLanguage":"it-IT","@id":"https:\/\/thelyflabs.com\/#\/schema\/logo\/image\/","url":"https:\/\/thelyflabs.com\/wp-content\/uploads\/2023\/01\/cropped-LogoTheLYFLabs.png","contentUrl":"https:\/\/thelyflabs.com\/wp-content\/uploads\/2023\/01\/cropped-LogoTheLYFLabs.png","width":600,"height":180,"caption":"The LYF Labs"},"image":{"@id":"https:\/\/thelyflabs.com\/#\/schema\/logo\/image\/"}}]}},"_links":{"self":[{"href":"https:\/\/thelyflabs.com\/it\/wp-json\/wp\/v2\/product\/7591","targetHints":{"allow":["GET"]}}],"collection":[{"href":"https:\/\/thelyflabs.com\/it\/wp-json\/wp\/v2\/product"}],"about":[{"href":"https:\/\/thelyflabs.com\/it\/wp-json\/wp\/v2\/types\/product"}],"replies":[{"embeddable":true,"href":"https:\/\/thelyflabs.com\/it\/wp-json\/wp\/v2\/comments?post=7591"}],"wp:featuredmedia":[{"embeddable":true,"href":"https:\/\/thelyflabs.com\/it\/wp-json\/wp\/v2\/media\/7595"}],"wp:attachment":[{"href":"https:\/\/thelyflabs.com\/it\/wp-json\/wp\/v2\/media?parent=7591"}],"wp:term":[{"taxonomy":"product_brand","embeddable":true,"href":"https:\/\/thelyflabs.com\/it\/wp-json\/wp\/v2\/product_brand?post=7591"},{"taxonomy":"product_cat","embeddable":true,"href":"https:\/\/thelyflabs.com\/it\/wp-json\/wp\/v2\/product_cat?post=7591"},{"taxonomy":"product_tag","embeddable":true,"href":"https:\/\/thelyflabs.com\/it\/wp-json\/wp\/v2\/product_tag?post=7591"}],"curies":[{"name":"parola chiave","href":"https:\/\/api.w.org\/{rel}","templated":true}]}}