{"id":7786,"date":"2024-07-31T07:41:33","date_gmt":"2024-07-31T05:41:33","guid":{"rendered":"https:\/\/thelyflabs.com\/?post_type=product&#038;p=7786"},"modified":"2024-07-31T14:51:00","modified_gmt":"2024-07-31T12:51:00","slug":"semillas-de-canamo-peladas-lyf-sabor-original-250g","status":"publish","type":"product","link":"https:\/\/thelyflabs.com\/it\/product\/semillas-de-canamo-peladas-lyf-sabor-original-250g","title":{"rendered":"Semi di canapa decorticati LYF \u2013 Gusto originale (250 g)"},"content":{"rendered":"<h3>Semi di canapa decorticati LYF \u2013 Gusto originale (250 g)<\/h3>\n<p>Scopri il potere nutrizionale dei semi di canapa decorticati di LYF! Coltivati biologicamente, questi semi di canapa sono un gioiello della natura, ricchi di benefici per la salute.<\/p>\n<p><strong>Vantaggi evidenziati:<\/strong><\/p>\n<ul>\n<li><strong>Agricoltura biologica:<\/strong> Provenienti da coltivazioni sostenibili, i nostri semi di canapa rispettano l&#039;ambiente e preservano la purezza dei loro nutrienti.<\/li>\n<li><strong>Ricco di Omega 3 e 6:<\/strong> Mantieni sano il tuo cuore ed equilibra la tua dieta con questi acidi grassi essenziali, noti per le loro propriet\u00e0 antinfiammatorie e per il loro contributo alla salute cardiovascolare.<\/li>\n<li><strong>Alto contenuto proteico:<\/strong> Ideali per gli sportivi e le persone attive, questi semi sono un&#039;ottima fonte di proteine vegetali, perfette per rafforzare muscoli e tessuti.<\/li>\n<\/ul>\n<p><strong>Gusto originale:<\/strong> Godetevi il sapore autentico e naturale dei nostri semi, che si adattano facilmente a qualsiasi dieta. Sono perfetti da aggiungere a frullati, insalate, yogurt o semplicemente come spuntino sano.<\/p>\n<p><strong>Presentazione:<\/strong> Sacchetto da 250 g, facile da trasportare e conservare, mantenendo sempre la freschezza e la qualit\u00e0 del prodotto.<\/p>\n<p>In <strong>I LABORATORI LYF<\/strong>Siamo orgogliosi di offrire prodotti che non solo hanno un buon sapore, ma fanno anche bene alla salute. Aggiungi i semi di canapa decorticati alla tua routine quotidiana e sentirai la differenza nella tua salute e nel tuo benessere.<\/p>","protected":false},"excerpt":{"rendered":"<h3>\u00a0Migliora la tua salute con i semi di canapa decorticati di LYF! Coltivati biologicamente, questi semi sono ricchi di acidi grassi omega 3 e 6 e ricchi di proteine.<\/h3>\n<p><strong>Benefici:<\/strong><\/p>\n<ul>\n<li>agricoltura biologica<\/li>\n<li>Ricco di omega 3 e 6<\/li>\n<li>Alto contenuto proteico<\/li>\n<li>Sapore originale e naturale<\/li>\n<\/ul>\n<p><strong>Usi:<\/strong><\/p>\n<ul>\n<li>Aggiungere ai frullati<\/li>\n<li>Insalate<\/li>\n<li>Yogurt<\/li>\n<li>Spuntini<\/li>\n<\/ul>","protected":false},"featured_media":7788,"comment_status":"open","ping_status":"closed","template":"","meta":{"_acf_changed":false,"site-sidebar-layout":"default","site-content-layout":"","ast-site-content-layout":"default","site-content-style":"default","site-sidebar-style":"default","ast-global-header-display":"","ast-banner-title-visibility":"","ast-main-header-display":"","ast-hfb-above-header-display":"","ast-hfb-below-header-display":"","ast-hfb-mobile-header-display":"","site-post-title":"","ast-breadcrumbs-content":"","ast-featured-img":"","footer-sml-layout":"","theme-transparent-header-meta":"default","adv-header-id-meta":"","stick-header-meta":"","header-above-stick-meta":"","header-main-stick-meta":"","header-below-stick-meta":"","astra-migrate-meta-layouts":"set","ast-page-background-enabled":"default","ast-page-background-meta":{"desktop":{"background-color":"var(--ast-global-color-4)","background-image":"","background-repeat":"repeat","background-position":"center center","background-size":"auto","background-attachment":"scroll","background-type":"","background-media":"","overlay-type":"","overlay-color":"","overlay-opacity":"","overlay-gradient":""},"tablet":{"background-color":"","background-image":"","background-repeat":"repeat","background-position":"center center","background-size":"auto","background-attachment":"scroll","background-type":"","background-media":"","overlay-type":"","overlay-color":"","overlay-opacity":"","overlay-gradient":""},"mobile":{"background-color":"","background-image":"","background-repeat":"repeat","background-position":"center center","background-size":"auto","background-attachment":"scroll","background-type":"","background-media":"","overlay-type":"","overlay-color":"","overlay-opacity":"","overlay-gradient":""}},"ast-content-background-meta":{"desktop":{"background-color":"var(--ast-global-color-5)","background-image":"","background-repeat":"repeat","background-position":"center center","background-size":"auto","background-attachment":"scroll","background-type":"","background-media":"","overlay-type":"","overlay-color":"","overlay-opacity":"","overlay-gradient":""},"tablet":{"background-color":"var(--ast-global-color-5)","background-image":"","background-repeat":"repeat","background-position":"center center","background-size":"auto","background-attachment":"scroll","background-type":"","background-media":"","overlay-type":"","overlay-color":"","overlay-opacity":"","overlay-gradient":""},"mobile":{"background-color":"var(--ast-global-color-5)","background-image":"","background-repeat":"repeat","background-position":"center center","background-size":"auto","background-attachment":"scroll","background-type":"","background-media":"","overlay-type":"","overlay-color":"","overlay-opacity":"","overlay-gradient":""}}},"product_brand":[],"product_cat":[124,44],"product_tag":[],"class_list":{"0":"post-7786","1":"product","2":"type-product","3":"status-publish","4":"has-post-thumbnail","6":"product_cat-alimentacion","7":"product_cat-lyf","8":"desktop-align-center","9":"tablet-align-left","10":"mobile-align-left","12":"first","13":"instock","14":"taxable","15":"shipping-taxable","16":"purchasable","17":"product-type-simple"},"acf":[],"yoast_head":"<!-- This site is optimized with the Yoast SEO plugin v27.4 - https:\/\/yoast.com\/product\/yoast-seo-wordpress\/ -->\n<title>Semillas de C\u00e1\u00f1amo Peladas LYF - Sabor Original (250g) - THE LYF LABS<\/title>\n<meta name=\"description\" content=\"Semillas de Ca\u00f1amo en un formato listo para consumir. Manten tu salud con este snack natural. Env\u00edo gratuito en Espa\u00f1a y Portugal a partir de 100\u20ac.\" \/>\n<meta name=\"robots\" content=\"index, follow, max-snippet:-1, max-image-preview:large, max-video-preview:-1\" \/>\n<link rel=\"canonical\" href=\"https:\/\/thelyflabs.com\/it\/product\/semillas-de-canamo-peladas-lyf-sabor-original-250g\/\" \/>\n<meta property=\"og:locale\" content=\"it_IT\" \/>\n<meta property=\"og:type\" content=\"article\" \/>\n<meta property=\"og:title\" content=\"Semillas de C\u00e1\u00f1amo Peladas LYF - Sabor Original (250g) - THE LYF LABS\" \/>\n<meta property=\"og:description\" content=\"Semillas de Ca\u00f1amo en un formato listo para consumir. Manten tu salud con este snack natural. Env\u00edo gratuito en Espa\u00f1a y Portugal a partir de 100\u20ac.\" \/>\n<meta property=\"og:url\" content=\"https:\/\/thelyflabs.com\/it\/product\/semillas-de-canamo-peladas-lyf-sabor-original-250g\/\" \/>\n<meta property=\"og:site_name\" content=\"THE LYF LABS\" \/>\n<meta property=\"article:modified_time\" content=\"2024-07-31T12:51:00+00:00\" \/>\n<meta property=\"og:image\" content=\"https:\/\/thelyflabs.com\/wp-content\/uploads\/2024\/07\/Bolsas-doble-Original-frontal.webp\" \/>\n\t<meta property=\"og:image:width\" content=\"1000\" \/>\n\t<meta property=\"og:image:height\" content=\"1000\" \/>\n\t<meta property=\"og:image:type\" content=\"image\/webp\" \/>\n<meta name=\"twitter:card\" content=\"summary_large_image\" \/>\n<meta name=\"twitter:label1\" content=\"Tempo di lettura stimato\" \/>\n\t<meta name=\"twitter:data1\" content=\"2 minuti\" \/>\n<script type=\"application\/ld+json\" class=\"yoast-schema-graph\">{\"@context\":\"https:\\\/\\\/schema.org\",\"@graph\":[{\"@type\":\"WebPage\",\"@id\":\"https:\\\/\\\/thelyflabs.com\\\/product\\\/semillas-de-canamo-peladas-lyf-sabor-original-250g\",\"url\":\"https:\\\/\\\/thelyflabs.com\\\/product\\\/semillas-de-canamo-peladas-lyf-sabor-original-250g\",\"name\":\"Semillas de C\u00e1\u00f1amo Peladas LYF - Sabor Original (250g) - THE LYF LABS\",\"isPartOf\":{\"@id\":\"https:\\\/\\\/thelyflabs.com\\\/#website\"},\"primaryImageOfPage\":{\"@id\":\"https:\\\/\\\/thelyflabs.com\\\/product\\\/semillas-de-canamo-peladas-lyf-sabor-original-250g#primaryimage\"},\"image\":{\"@id\":\"https:\\\/\\\/thelyflabs.com\\\/product\\\/semillas-de-canamo-peladas-lyf-sabor-original-250g#primaryimage\"},\"thumbnailUrl\":\"https:\\\/\\\/thelyflabs.com\\\/wp-content\\\/uploads\\\/2024\\\/07\\\/Bolsas-doble-Original-frontal.webp\",\"datePublished\":\"2024-07-31T05:41:33+00:00\",\"dateModified\":\"2024-07-31T12:51:00+00:00\",\"description\":\"Semillas de Ca\u00f1amo en un formato listo para consumir. Manten tu salud con este snack natural. Env\u00edo gratuito en Espa\u00f1a y Portugal a partir de 100\u20ac.\",\"breadcrumb\":{\"@id\":\"https:\\\/\\\/thelyflabs.com\\\/product\\\/semillas-de-canamo-peladas-lyf-sabor-original-250g#breadcrumb\"},\"inLanguage\":\"it-IT\",\"potentialAction\":[{\"@type\":\"ReadAction\",\"target\":[\"https:\\\/\\\/thelyflabs.com\\\/product\\\/semillas-de-canamo-peladas-lyf-sabor-original-250g\"]}]},{\"@type\":\"ImageObject\",\"inLanguage\":\"it-IT\",\"@id\":\"https:\\\/\\\/thelyflabs.com\\\/product\\\/semillas-de-canamo-peladas-lyf-sabor-original-250g#primaryimage\",\"url\":\"https:\\\/\\\/thelyflabs.com\\\/wp-content\\\/uploads\\\/2024\\\/07\\\/Bolsas-doble-Original-frontal.webp\",\"contentUrl\":\"https:\\\/\\\/thelyflabs.com\\\/wp-content\\\/uploads\\\/2024\\\/07\\\/Bolsas-doble-Original-frontal.webp\",\"width\":1000,\"height\":1000},{\"@type\":\"BreadcrumbList\",\"@id\":\"https:\\\/\\\/thelyflabs.com\\\/product\\\/semillas-de-canamo-peladas-lyf-sabor-original-250g#breadcrumb\",\"itemListElement\":[{\"@type\":\"ListItem\",\"position\":1,\"name\":\"Portada\",\"item\":\"https:\\\/\\\/thelyflabs.com\\\/\"},{\"@type\":\"ListItem\",\"position\":2,\"name\":\"Tienda\",\"item\":\"https:\\\/\\\/thelyflabs.com\\\/tienda\"},{\"@type\":\"ListItem\",\"position\":3,\"name\":\"Semillas de C\u00e1\u00f1amo Peladas LYF &#8211; Sabor Original (250g)\"}]},{\"@type\":\"WebSite\",\"@id\":\"https:\\\/\\\/thelyflabs.com\\\/#website\",\"url\":\"https:\\\/\\\/thelyflabs.com\\\/\",\"name\":\"The LYF Labs\",\"description\":\"CBD al por mayor\",\"publisher\":{\"@id\":\"https:\\\/\\\/thelyflabs.com\\\/#organization\"},\"potentialAction\":[{\"@type\":\"SearchAction\",\"target\":{\"@type\":\"EntryPoint\",\"urlTemplate\":\"https:\\\/\\\/thelyflabs.com\\\/?s={search_term_string}\"},\"query-input\":{\"@type\":\"PropertyValueSpecification\",\"valueRequired\":true,\"valueName\":\"search_term_string\"}}],\"inLanguage\":\"it-IT\"},{\"@type\":\"Organization\",\"@id\":\"https:\\\/\\\/thelyflabs.com\\\/#organization\",\"name\":\"The LYF Labs\",\"url\":\"https:\\\/\\\/thelyflabs.com\\\/\",\"logo\":{\"@type\":\"ImageObject\",\"inLanguage\":\"it-IT\",\"@id\":\"https:\\\/\\\/thelyflabs.com\\\/#\\\/schema\\\/logo\\\/image\\\/\",\"url\":\"https:\\\/\\\/thelyflabs.com\\\/wp-content\\\/uploads\\\/2023\\\/01\\\/cropped-LogoTheLYFLabs.png\",\"contentUrl\":\"https:\\\/\\\/thelyflabs.com\\\/wp-content\\\/uploads\\\/2023\\\/01\\\/cropped-LogoTheLYFLabs.png\",\"width\":600,\"height\":180,\"caption\":\"The LYF Labs\"},\"image\":{\"@id\":\"https:\\\/\\\/thelyflabs.com\\\/#\\\/schema\\\/logo\\\/image\\\/\"}}]}<\/script>\n<!-- \/ Yoast SEO plugin. -->","yoast_head_json":{"title":"Semillas de C\u00e1\u00f1amo Peladas LYF - Sabor Original (250g) - THE LYF LABS","description":"Semillas de Ca\u00f1amo en un formato listo para consumir. Manten tu salud con este snack natural. Env\u00edo gratuito en Espa\u00f1a y Portugal a partir de 100\u20ac.","robots":{"index":"index","follow":"follow","max-snippet":"max-snippet:-1","max-image-preview":"max-image-preview:large","max-video-preview":"max-video-preview:-1"},"canonical":"https:\/\/thelyflabs.com\/it\/product\/semillas-de-canamo-peladas-lyf-sabor-original-250g\/","og_locale":"it_IT","og_type":"article","og_title":"Semillas de C\u00e1\u00f1amo Peladas LYF - Sabor Original (250g) - THE LYF LABS","og_description":"Semillas de Ca\u00f1amo en un formato listo para consumir. Manten tu salud con este snack natural. Env\u00edo gratuito en Espa\u00f1a y Portugal a partir de 100\u20ac.","og_url":"https:\/\/thelyflabs.com\/it\/product\/semillas-de-canamo-peladas-lyf-sabor-original-250g\/","og_site_name":"THE LYF LABS","article_modified_time":"2024-07-31T12:51:00+00:00","og_image":[{"width":1000,"height":1000,"url":"https:\/\/thelyflabs.com\/wp-content\/uploads\/2024\/07\/Bolsas-doble-Original-frontal.webp","type":"image\/webp"}],"twitter_card":"summary_large_image","twitter_misc":{"Tempo di lettura stimato":"2 minuti"},"schema":{"@context":"https:\/\/schema.org","@graph":[{"@type":"WebPage","@id":"https:\/\/thelyflabs.com\/product\/semillas-de-canamo-peladas-lyf-sabor-original-250g","url":"https:\/\/thelyflabs.com\/product\/semillas-de-canamo-peladas-lyf-sabor-original-250g","name":"Semillas de C\u00e1\u00f1amo Peladas LYF - Sabor Original (250g) - THE LYF LABS","isPartOf":{"@id":"https:\/\/thelyflabs.com\/#website"},"primaryImageOfPage":{"@id":"https:\/\/thelyflabs.com\/product\/semillas-de-canamo-peladas-lyf-sabor-original-250g#primaryimage"},"image":{"@id":"https:\/\/thelyflabs.com\/product\/semillas-de-canamo-peladas-lyf-sabor-original-250g#primaryimage"},"thumbnailUrl":"https:\/\/thelyflabs.com\/wp-content\/uploads\/2024\/07\/Bolsas-doble-Original-frontal.webp","datePublished":"2024-07-31T05:41:33+00:00","dateModified":"2024-07-31T12:51:00+00:00","description":"Semillas de Ca\u00f1amo en un formato listo para consumir. Manten tu salud con este snack natural. Env\u00edo gratuito en Espa\u00f1a y Portugal a partir de 100\u20ac.","breadcrumb":{"@id":"https:\/\/thelyflabs.com\/product\/semillas-de-canamo-peladas-lyf-sabor-original-250g#breadcrumb"},"inLanguage":"it-IT","potentialAction":[{"@type":"ReadAction","target":["https:\/\/thelyflabs.com\/product\/semillas-de-canamo-peladas-lyf-sabor-original-250g"]}]},{"@type":"ImageObject","inLanguage":"it-IT","@id":"https:\/\/thelyflabs.com\/product\/semillas-de-canamo-peladas-lyf-sabor-original-250g#primaryimage","url":"https:\/\/thelyflabs.com\/wp-content\/uploads\/2024\/07\/Bolsas-doble-Original-frontal.webp","contentUrl":"https:\/\/thelyflabs.com\/wp-content\/uploads\/2024\/07\/Bolsas-doble-Original-frontal.webp","width":1000,"height":1000},{"@type":"BreadcrumbList","@id":"https:\/\/thelyflabs.com\/product\/semillas-de-canamo-peladas-lyf-sabor-original-250g#breadcrumb","itemListElement":[{"@type":"ListItem","position":1,"name":"Portada","item":"https:\/\/thelyflabs.com\/"},{"@type":"ListItem","position":2,"name":"Tienda","item":"https:\/\/thelyflabs.com\/tienda"},{"@type":"ListItem","position":3,"name":"Semillas de C\u00e1\u00f1amo Peladas LYF &#8211; Sabor Original (250g)"}]},{"@type":"WebSite","@id":"https:\/\/thelyflabs.com\/#website","url":"https:\/\/thelyflabs.com\/","name":"I laboratori LYF","description":"CBD all&#039;ingrosso","publisher":{"@id":"https:\/\/thelyflabs.com\/#organization"},"potentialAction":[{"@type":"SearchAction","target":{"@type":"EntryPoint","urlTemplate":"https:\/\/thelyflabs.com\/?s={search_term_string}"},"query-input":{"@type":"PropertyValueSpecification","valueRequired":true,"valueName":"search_term_string"}}],"inLanguage":"it-IT"},{"@type":"Organization","@id":"https:\/\/thelyflabs.com\/#organization","name":"I laboratori LYF","url":"https:\/\/thelyflabs.com\/","logo":{"@type":"ImageObject","inLanguage":"it-IT","@id":"https:\/\/thelyflabs.com\/#\/schema\/logo\/image\/","url":"https:\/\/thelyflabs.com\/wp-content\/uploads\/2023\/01\/cropped-LogoTheLYFLabs.png","contentUrl":"https:\/\/thelyflabs.com\/wp-content\/uploads\/2023\/01\/cropped-LogoTheLYFLabs.png","width":600,"height":180,"caption":"The LYF Labs"},"image":{"@id":"https:\/\/thelyflabs.com\/#\/schema\/logo\/image\/"}}]}},"_links":{"self":[{"href":"https:\/\/thelyflabs.com\/it\/wp-json\/wp\/v2\/product\/7786","targetHints":{"allow":["GET"]}}],"collection":[{"href":"https:\/\/thelyflabs.com\/it\/wp-json\/wp\/v2\/product"}],"about":[{"href":"https:\/\/thelyflabs.com\/it\/wp-json\/wp\/v2\/types\/product"}],"replies":[{"embeddable":true,"href":"https:\/\/thelyflabs.com\/it\/wp-json\/wp\/v2\/comments?post=7786"}],"wp:featuredmedia":[{"embeddable":true,"href":"https:\/\/thelyflabs.com\/it\/wp-json\/wp\/v2\/media\/7788"}],"wp:attachment":[{"href":"https:\/\/thelyflabs.com\/it\/wp-json\/wp\/v2\/media?parent=7786"}],"wp:term":[{"taxonomy":"product_brand","embeddable":true,"href":"https:\/\/thelyflabs.com\/it\/wp-json\/wp\/v2\/product_brand?post=7786"},{"taxonomy":"product_cat","embeddable":true,"href":"https:\/\/thelyflabs.com\/it\/wp-json\/wp\/v2\/product_cat?post=7786"},{"taxonomy":"product_tag","embeddable":true,"href":"https:\/\/thelyflabs.com\/it\/wp-json\/wp\/v2\/product_tag?post=7786"}],"curies":[{"name":"parola chiave","href":"https:\/\/api.w.org\/{rel}","templated":true}]}}