{"id":8317,"date":"2024-09-06T06:53:50","date_gmt":"2024-09-06T04:53:50","guid":{"rendered":"https:\/\/thelyflabs.com\/?post_type=product&#038;p=8317"},"modified":"2025-05-27T22:39:59","modified_gmt":"2025-05-27T20:39:59","slug":"pack-10-flores-de-cbd-ready-to-roll-gelato-15gr","status":"publish","type":"product","link":"https:\/\/thelyflabs.com\/it\/product\/pack-10-flores-de-cbd-ready-to-roll-gelato-15gr","title":{"rendered":"Confezione da 10 fiori di CBD pronti da arrotolare Gelato 15gr"},"content":{"rendered":"<h1><b>Caratteristiche dei fiori di CBD Ready To Roll Gelato<\/b><\/h1>\n<p><span style=\"font-weight: 400\">I fiori di CBD Ready To Roll Gelato sono un&#039;ottima opzione per chi \u00e8 interessato all&#039;acquisto di fiori di CBD. Questi fiori offrono un&#039;esperienza unica a chi desidera acquistare cime online.<\/span><\/p>\n<h3><b>Aspetto<\/b><\/h3>\n<p><span style=\"font-weight: 400\">La praticit\u00e0 \u00e8 fondamentale. Acquistando i fiori di CBD sminuzzati, risparmi tempo e fatica, e puoi goderti la tua esperienza con il CBD pi\u00f9 velocemente. I nostri fiori di CBD mantengono la loro freschezza e il loro aroma, garantendo un&#039;esperienza piacevole.<\/span><\/p>\n<h3><b>Profumo<\/b><\/h3>\n<p><span style=\"font-weight: 400\">Uno degli aspetti pi\u00f9 importanti di questa variet\u00e0 di CBD \u00e8 il suo aroma. I fiori di CBD Ready To Roll Gelato presentano un profilo olfattivo complesso e profondamente accattivante, che combina note dolci con un netto sentore di gasolio. Presenta note agrumate e terrose che bilanciano le note acide con sottili accenni di dolcezza.<\/span><\/p>\n<h3><b>Origine<\/b><\/h3>\n<p><span style=\"font-weight: 400\">I fiori di CBD Ready To Roll Gelato sono radicati in genetiche accuratamente selezionate. Questa variet\u00e0 \u00e8 il risultato di un meticoloso incrocio studiato per esaltare il meglio del CBD. La sua origine, coltivata con cura, garantisce un&#039;esperienza costante e di alta qualit\u00e0, rendendola ideale per chi cerca un punto di riferimento affidabile per l&#039;acquisto di cannabis.<\/span><\/p>\n<h3><b>Valutazione complessiva<\/b><\/h3>\n<p><span style=\"font-weight: 400\">I fiori di CBD Ready To Roll Gelato rappresentano il meglio del mondo del CBD. Il loro aspetto straordinario, l&#039;aroma dolce e l&#039;origine premium li rendono la scelta perfetta per chi cerca cime che offrano un&#039;esperienza superiore, rendendoli la scelta ideale se stai cercando cime online o se stai cercando cannabidiolo vicino a te.<\/span><\/p>\n<h2><b>Acquista fiori e boccioli di CBD <\/b><b>presso Iguana Smoke<\/b><\/h2>\n<p><span style=\"font-weight: 400\">I fiori di CBD di Iguana Smoke vengono raccolti biologicamente dagli agricoltori, senza l&#039;uso di pesticidi o OGM, garantendo prodotti di alta qualit\u00e0 e privi di sostanze chimiche. L&#039;utilizzo di metodi di agricoltura biologica promuove la sostenibilit\u00e0 e la responsabilit\u00e0 ambientale, rendendo il prodotto attraente per i consumatori attenti all&#039;ambiente.<\/span><\/p>\n<p><span style=\"font-weight: 400\">L&#039;Unione Europea approva le piante di Cannabis Sativa da cui vengono raccolti i fiori di Iguana Smoke, rendendoli legali al 100%. Questi fiori contengono meno dello 0,2% di THC, quindi non hanno effetti psicoattivi. Questo li rende un&#039;opzione perfetta per chi desidera godere dei benefici del CBD senza subire gli effetti psicoattivi del THC.<\/span><\/p>\n<p><span style=\"font-weight: 400\">Se ti piace questo fiore, potresti apprezzare anche <a href=\"https:\/\/iguanasmoke.com\/producto\/sour-diesel-cbd\/\"><span style=\"text-decoration: underline\"><strong>Diesel acido<\/strong><\/span><\/a>, IL <a href=\"https:\/\/iguanasmoke.com\/producto\/gorilla-glue-flores-de-cbd\/\"><span style=\"text-decoration: underline\"><strong>Gorilla Glue<\/strong><\/span><\/a> onda <a href=\"https:\/\/iguanasmoke.com\/producto\/shelby-cbd\/\"><strong>Shelby<\/strong><\/a>.<\/span><\/p>\n<p><span style=\"font-weight: 400\">Puoi anche esplorare altri prodotti, dai un&#039;occhiata al nostro <a href=\"https:\/\/iguanasmoke.com\/categoria\/pre-rolls\/\"><span style=\"text-decoration: underline\"><strong>pre-roll<\/strong><\/span><\/a> o il nostro <a href=\"https:\/\/iguanasmoke.com\/categoria\/h4cbd\/\"><span style=\"text-decoration: underline\"><strong>Prodotti H4CBD<\/strong><\/span><\/a>.<\/span><\/p>\n<h3>Iguana Smoke \u00e8 di qualit\u00e0<\/h3>\n<p><span style=\"font-weight: 400\">Iguana Smoke \u00e8 sinonimo di qualit\u00e0; un marchio attraente che si rivolge alla nuova generazione di consumatori di CBD alla ricerca di un prodotto sicuro, affidabile e conveniente, che abbia tutte le caratteristiche per posizionarsi con successo nel fiorente mercato del CBD. Per qualsiasi domanda, non esitate a contattarci: saremo lieti di aiutarvi.<\/span><\/p>\n<p>&nbsp;<\/p>\n<p>&nbsp;<\/p>\n<h2><span style=\"color: #ffffff\">Acquista fiori di CBD, acquista fiori di CBD online, fiori di CBD all&#039;ingrosso, gemme di CBD, gemme di CBD online, acquista fiori di CBD, acquista fiori di CBD online, acquista marijuana online.<\/span><\/h2>","protected":false},"excerpt":{"rendered":"<p><strong>Fiori autentici<\/strong> di gelato al CBD tritato per facilitarne l&#039;uso.<\/p>\n<p>Importante, <strong><em>Non si tratta di tagliare o setacciare!<\/em><\/strong><\/p>\n<p><span style=\"font-weight: 400\">I fiori di CBD Ready To Roll, Gelato CBD, sono una variet\u00e0 di spicco nel mondo della marijuana legale. Alcuni utenti potrebbero notare note di frutti di bosco, agrumi o persino menta.<\/span><\/p>\n<ul>\n<li>CBD: 15% \/ THC: &lt; 0,2%<\/li>\n<li>Formato pronto per la spedizione<\/li>\n<li>Borsa portatile antiodore<\/li>\n<li>Pronto all&#039;uso<\/li>\n<li>Sativa dominante<\/li>\n<li>Aroma forte con toni dolci<\/li>\n<\/ul>\n<p>100% legale in Europa<\/p>\n<p>Analisi della qualit\u00e0: clicca <a href=\"https:\/\/iguanasmoke.com\/wp-content\/uploads\/2018\/02\/Flor-Sour-Tsunami.pdf\" target=\"_blank\" rel=\"noopener\">Qui<\/a><\/p>","protected":false},"featured_media":8349,"comment_status":"open","ping_status":"closed","template":"","meta":{"_acf_changed":false,"site-sidebar-layout":"default","site-content-layout":"default","ast-site-content-layout":"default","site-content-style":"default","site-sidebar-style":"default","ast-global-header-display":"","ast-banner-title-visibility":"","ast-main-header-display":"","ast-hfb-above-header-display":"","ast-hfb-below-header-display":"","ast-hfb-mobile-header-display":"","site-post-title":"","ast-breadcrumbs-content":"","ast-featured-img":"","footer-sml-layout":"","theme-transparent-header-meta":"default","adv-header-id-meta":"","stick-header-meta":"","header-above-stick-meta":"","header-main-stick-meta":"","header-below-stick-meta":"","astra-migrate-meta-layouts":"set","ast-page-background-enabled":"default","ast-page-background-meta":{"desktop":{"background-color":"var(--ast-global-color-4)","background-image":"","background-repeat":"repeat","background-position":"center center","background-size":"auto","background-attachment":"scroll","background-type":"","background-media":"","overlay-type":"","overlay-color":"","overlay-opacity":"","overlay-gradient":""},"tablet":{"background-color":"","background-image":"","background-repeat":"repeat","background-position":"center center","background-size":"auto","background-attachment":"scroll","background-type":"","background-media":"","overlay-type":"","overlay-color":"","overlay-opacity":"","overlay-gradient":""},"mobile":{"background-color":"","background-image":"","background-repeat":"repeat","background-position":"center center","background-size":"auto","background-attachment":"scroll","background-type":"","background-media":"","overlay-type":"","overlay-color":"","overlay-opacity":"","overlay-gradient":""}},"ast-content-background-meta":{"desktop":{"background-color":"var(--ast-global-color-5)","background-image":"","background-repeat":"repeat","background-position":"center center","background-size":"auto","background-attachment":"scroll","background-type":"","background-media":"","overlay-type":"","overlay-color":"","overlay-opacity":"","overlay-gradient":""},"tablet":{"background-color":"var(--ast-global-color-5)","background-image":"","background-repeat":"repeat","background-position":"center center","background-size":"auto","background-attachment":"scroll","background-type":"","background-media":"","overlay-type":"","overlay-color":"","overlay-opacity":"","overlay-gradient":""},"mobile":{"background-color":"var(--ast-global-color-5)","background-image":"","background-repeat":"repeat","background-position":"center center","background-size":"auto","background-attachment":"scroll","background-type":"","background-media":"","overlay-type":"","overlay-color":"","overlay-opacity":"","overlay-gradient":""}}},"product_brand":[],"product_cat":[24,108,102,116],"product_tag":[],"class_list":{"0":"post-8317","1":"product","2":"type-product","3":"status-publish","4":"has-post-thumbnail","6":"product_cat-flores-de-cbd","7":"product_cat-novedades","8":"product_cat-packs-y-ofertas","9":"product_cat-ready-to-roll","10":"desktop-align-center","11":"tablet-align-left","12":"mobile-align-left","14":"first","15":"instock","16":"taxable","17":"shipping-taxable","18":"purchasable","19":"product-type-composite"},"acf":[],"yoast_head":"<!-- This site is optimized with the Yoast SEO plugin v27.3 - https:\/\/yoast.com\/product\/yoast-seo-wordpress\/ -->\n<title>Flores de CBD Ready To Roll Sour Tsunami - THE LYF LABS - Compra CBD online<\/title>\n<meta name=\"description\" content=\"Flores de CBD picadas Ready to Roll en un formato listo para usar. Compra cogollos de marihuana legal. Env\u00edo gratuito en Espa\u00f1a y Portugal a partir de 100\u20ac.\" \/>\n<meta name=\"robots\" content=\"index, follow, max-snippet:-1, max-image-preview:large, max-video-preview:-1\" \/>\n<link rel=\"canonical\" href=\"https:\/\/thelyflabs.com\/it\/product\/pack-10-flores-de-cbd-ready-to-roll-gelato-15gr\/\" \/>\n<meta property=\"og:locale\" content=\"it_IT\" \/>\n<meta property=\"og:type\" content=\"article\" \/>\n<meta property=\"og:title\" content=\"Flores de CBD Ready To Roll Sour Tsunami - THE LYF LABS - Compra CBD online\" \/>\n<meta property=\"og:description\" content=\"Flores de CBD picadas Ready to Roll en un formato listo para usar. Compra cogollos de marihuana legal. Env\u00edo gratuito en Espa\u00f1a y Portugal a partir de 100\u20ac.\" \/>\n<meta property=\"og:url\" content=\"https:\/\/thelyflabs.com\/it\/product\/pack-10-flores-de-cbd-ready-to-roll-gelato-15gr\/\" \/>\n<meta property=\"og:site_name\" content=\"THE LYF LABS\" \/>\n<meta property=\"article:modified_time\" content=\"2025-05-27T20:39:59+00:00\" \/>\n<meta property=\"og:image\" content=\"https:\/\/thelyflabs.com\/wp-content\/uploads\/2024\/09\/Proyecto-nuevo-3.webp\" \/>\n\t<meta property=\"og:image:width\" content=\"500\" \/>\n\t<meta property=\"og:image:height\" content=\"500\" \/>\n\t<meta property=\"og:image:type\" content=\"image\/webp\" \/>\n<meta name=\"twitter:card\" content=\"summary_large_image\" \/>\n<meta name=\"twitter:label1\" content=\"Tempo di lettura stimato\" \/>\n\t<meta name=\"twitter:data1\" content=\"4 minuti\" \/>\n<script type=\"application\/ld+json\" class=\"yoast-schema-graph\">{\"@context\":\"https:\\\/\\\/schema.org\",\"@graph\":[{\"@type\":\"WebPage\",\"@id\":\"https:\\\/\\\/thelyflabs.com\\\/product\\\/pack-10-flores-de-cbd-ready-to-roll-gelato-15gr\",\"url\":\"https:\\\/\\\/thelyflabs.com\\\/product\\\/pack-10-flores-de-cbd-ready-to-roll-gelato-15gr\",\"name\":\"Flores de CBD Ready To Roll Sour Tsunami - THE LYF LABS - Compra CBD online\",\"isPartOf\":{\"@id\":\"https:\\\/\\\/thelyflabs.com\\\/#website\"},\"primaryImageOfPage\":{\"@id\":\"https:\\\/\\\/thelyflabs.com\\\/product\\\/pack-10-flores-de-cbd-ready-to-roll-gelato-15gr#primaryimage\"},\"image\":{\"@id\":\"https:\\\/\\\/thelyflabs.com\\\/product\\\/pack-10-flores-de-cbd-ready-to-roll-gelato-15gr#primaryimage\"},\"thumbnailUrl\":\"https:\\\/\\\/thelyflabs.com\\\/wp-content\\\/uploads\\\/2024\\\/09\\\/Proyecto-nuevo-3.webp\",\"datePublished\":\"2024-09-06T04:53:50+00:00\",\"dateModified\":\"2025-05-27T20:39:59+00:00\",\"description\":\"Flores de CBD picadas Ready to Roll en un formato listo para usar. Compra cogollos de marihuana legal. Env\u00edo gratuito en Espa\u00f1a y Portugal a partir de 100\u20ac.\",\"breadcrumb\":{\"@id\":\"https:\\\/\\\/thelyflabs.com\\\/product\\\/pack-10-flores-de-cbd-ready-to-roll-gelato-15gr#breadcrumb\"},\"inLanguage\":\"it-IT\",\"potentialAction\":[{\"@type\":\"ReadAction\",\"target\":[\"https:\\\/\\\/thelyflabs.com\\\/product\\\/pack-10-flores-de-cbd-ready-to-roll-gelato-15gr\"]}]},{\"@type\":\"ImageObject\",\"inLanguage\":\"it-IT\",\"@id\":\"https:\\\/\\\/thelyflabs.com\\\/product\\\/pack-10-flores-de-cbd-ready-to-roll-gelato-15gr#primaryimage\",\"url\":\"https:\\\/\\\/thelyflabs.com\\\/wp-content\\\/uploads\\\/2024\\\/09\\\/Proyecto-nuevo-3.webp\",\"contentUrl\":\"https:\\\/\\\/thelyflabs.com\\\/wp-content\\\/uploads\\\/2024\\\/09\\\/Proyecto-nuevo-3.webp\",\"width\":500,\"height\":500,\"caption\":\"pack 10 unidades ready to roll\"},{\"@type\":\"BreadcrumbList\",\"@id\":\"https:\\\/\\\/thelyflabs.com\\\/product\\\/pack-10-flores-de-cbd-ready-to-roll-gelato-15gr#breadcrumb\",\"itemListElement\":[{\"@type\":\"ListItem\",\"position\":1,\"name\":\"Portada\",\"item\":\"https:\\\/\\\/thelyflabs.com\\\/\"},{\"@type\":\"ListItem\",\"position\":2,\"name\":\"Tienda\",\"item\":\"https:\\\/\\\/thelyflabs.com\\\/tienda\"},{\"@type\":\"ListItem\",\"position\":3,\"name\":\"Pack 10 Flores de CBD Ready to Roll Gelato 15gr\"}]},{\"@type\":\"WebSite\",\"@id\":\"https:\\\/\\\/thelyflabs.com\\\/#website\",\"url\":\"https:\\\/\\\/thelyflabs.com\\\/\",\"name\":\"The LYF Labs\",\"description\":\"CBD al por mayor\",\"publisher\":{\"@id\":\"https:\\\/\\\/thelyflabs.com\\\/#organization\"},\"potentialAction\":[{\"@type\":\"SearchAction\",\"target\":{\"@type\":\"EntryPoint\",\"urlTemplate\":\"https:\\\/\\\/thelyflabs.com\\\/?s={search_term_string}\"},\"query-input\":{\"@type\":\"PropertyValueSpecification\",\"valueRequired\":true,\"valueName\":\"search_term_string\"}}],\"inLanguage\":\"it-IT\"},{\"@type\":\"Organization\",\"@id\":\"https:\\\/\\\/thelyflabs.com\\\/#organization\",\"name\":\"The LYF Labs\",\"url\":\"https:\\\/\\\/thelyflabs.com\\\/\",\"logo\":{\"@type\":\"ImageObject\",\"inLanguage\":\"it-IT\",\"@id\":\"https:\\\/\\\/thelyflabs.com\\\/#\\\/schema\\\/logo\\\/image\\\/\",\"url\":\"https:\\\/\\\/thelyflabs.com\\\/wp-content\\\/uploads\\\/2023\\\/01\\\/cropped-LogoTheLYFLabs.png\",\"contentUrl\":\"https:\\\/\\\/thelyflabs.com\\\/wp-content\\\/uploads\\\/2023\\\/01\\\/cropped-LogoTheLYFLabs.png\",\"width\":600,\"height\":180,\"caption\":\"The LYF Labs\"},\"image\":{\"@id\":\"https:\\\/\\\/thelyflabs.com\\\/#\\\/schema\\\/logo\\\/image\\\/\"}}]}<\/script>\n<!-- \/ Yoast SEO plugin. -->","yoast_head_json":{"title":"Flores de CBD Ready To Roll Sour Tsunami - THE LYF LABS - Compra CBD online","description":"Flores de CBD picadas Ready to Roll en un formato listo para usar. Compra cogollos de marihuana legal. Env\u00edo gratuito en Espa\u00f1a y Portugal a partir de 100\u20ac.","robots":{"index":"index","follow":"follow","max-snippet":"max-snippet:-1","max-image-preview":"max-image-preview:large","max-video-preview":"max-video-preview:-1"},"canonical":"https:\/\/thelyflabs.com\/it\/product\/pack-10-flores-de-cbd-ready-to-roll-gelato-15gr\/","og_locale":"it_IT","og_type":"article","og_title":"Flores de CBD Ready To Roll Sour Tsunami - THE LYF LABS - Compra CBD online","og_description":"Flores de CBD picadas Ready to Roll en un formato listo para usar. Compra cogollos de marihuana legal. Env\u00edo gratuito en Espa\u00f1a y Portugal a partir de 100\u20ac.","og_url":"https:\/\/thelyflabs.com\/it\/product\/pack-10-flores-de-cbd-ready-to-roll-gelato-15gr\/","og_site_name":"THE LYF LABS","article_modified_time":"2025-05-27T20:39:59+00:00","og_image":[{"width":500,"height":500,"url":"https:\/\/thelyflabs.com\/wp-content\/uploads\/2024\/09\/Proyecto-nuevo-3.webp","type":"image\/webp"}],"twitter_card":"summary_large_image","twitter_misc":{"Tempo di lettura stimato":"4 minuti"},"schema":{"@context":"https:\/\/schema.org","@graph":[{"@type":"WebPage","@id":"https:\/\/thelyflabs.com\/product\/pack-10-flores-de-cbd-ready-to-roll-gelato-15gr","url":"https:\/\/thelyflabs.com\/product\/pack-10-flores-de-cbd-ready-to-roll-gelato-15gr","name":"Flores de CBD Ready To Roll Sour Tsunami - THE LYF LABS - Compra CBD online","isPartOf":{"@id":"https:\/\/thelyflabs.com\/#website"},"primaryImageOfPage":{"@id":"https:\/\/thelyflabs.com\/product\/pack-10-flores-de-cbd-ready-to-roll-gelato-15gr#primaryimage"},"image":{"@id":"https:\/\/thelyflabs.com\/product\/pack-10-flores-de-cbd-ready-to-roll-gelato-15gr#primaryimage"},"thumbnailUrl":"https:\/\/thelyflabs.com\/wp-content\/uploads\/2024\/09\/Proyecto-nuevo-3.webp","datePublished":"2024-09-06T04:53:50+00:00","dateModified":"2025-05-27T20:39:59+00:00","description":"Flores de CBD picadas Ready to Roll en un formato listo para usar. Compra cogollos de marihuana legal. Env\u00edo gratuito en Espa\u00f1a y Portugal a partir de 100\u20ac.","breadcrumb":{"@id":"https:\/\/thelyflabs.com\/product\/pack-10-flores-de-cbd-ready-to-roll-gelato-15gr#breadcrumb"},"inLanguage":"it-IT","potentialAction":[{"@type":"ReadAction","target":["https:\/\/thelyflabs.com\/product\/pack-10-flores-de-cbd-ready-to-roll-gelato-15gr"]}]},{"@type":"ImageObject","inLanguage":"it-IT","@id":"https:\/\/thelyflabs.com\/product\/pack-10-flores-de-cbd-ready-to-roll-gelato-15gr#primaryimage","url":"https:\/\/thelyflabs.com\/wp-content\/uploads\/2024\/09\/Proyecto-nuevo-3.webp","contentUrl":"https:\/\/thelyflabs.com\/wp-content\/uploads\/2024\/09\/Proyecto-nuevo-3.webp","width":500,"height":500,"caption":"pack 10 unidades ready to roll"},{"@type":"BreadcrumbList","@id":"https:\/\/thelyflabs.com\/product\/pack-10-flores-de-cbd-ready-to-roll-gelato-15gr#breadcrumb","itemListElement":[{"@type":"ListItem","position":1,"name":"Portada","item":"https:\/\/thelyflabs.com\/"},{"@type":"ListItem","position":2,"name":"Tienda","item":"https:\/\/thelyflabs.com\/tienda"},{"@type":"ListItem","position":3,"name":"Pack 10 Flores de CBD Ready to Roll Gelato 15gr"}]},{"@type":"WebSite","@id":"https:\/\/thelyflabs.com\/#website","url":"https:\/\/thelyflabs.com\/","name":"I laboratori LYF","description":"CBD all&#039;ingrosso","publisher":{"@id":"https:\/\/thelyflabs.com\/#organization"},"potentialAction":[{"@type":"SearchAction","target":{"@type":"EntryPoint","urlTemplate":"https:\/\/thelyflabs.com\/?s={search_term_string}"},"query-input":{"@type":"PropertyValueSpecification","valueRequired":true,"valueName":"search_term_string"}}],"inLanguage":"it-IT"},{"@type":"Organization","@id":"https:\/\/thelyflabs.com\/#organization","name":"I laboratori LYF","url":"https:\/\/thelyflabs.com\/","logo":{"@type":"ImageObject","inLanguage":"it-IT","@id":"https:\/\/thelyflabs.com\/#\/schema\/logo\/image\/","url":"https:\/\/thelyflabs.com\/wp-content\/uploads\/2023\/01\/cropped-LogoTheLYFLabs.png","contentUrl":"https:\/\/thelyflabs.com\/wp-content\/uploads\/2023\/01\/cropped-LogoTheLYFLabs.png","width":600,"height":180,"caption":"The LYF Labs"},"image":{"@id":"https:\/\/thelyflabs.com\/#\/schema\/logo\/image\/"}}]}},"_links":{"self":[{"href":"https:\/\/thelyflabs.com\/it\/wp-json\/wp\/v2\/product\/8317","targetHints":{"allow":["GET"]}}],"collection":[{"href":"https:\/\/thelyflabs.com\/it\/wp-json\/wp\/v2\/product"}],"about":[{"href":"https:\/\/thelyflabs.com\/it\/wp-json\/wp\/v2\/types\/product"}],"replies":[{"embeddable":true,"href":"https:\/\/thelyflabs.com\/it\/wp-json\/wp\/v2\/comments?post=8317"}],"wp:featuredmedia":[{"embeddable":true,"href":"https:\/\/thelyflabs.com\/it\/wp-json\/wp\/v2\/media\/8349"}],"wp:attachment":[{"href":"https:\/\/thelyflabs.com\/it\/wp-json\/wp\/v2\/media?parent=8317"}],"wp:term":[{"taxonomy":"product_brand","embeddable":true,"href":"https:\/\/thelyflabs.com\/it\/wp-json\/wp\/v2\/product_brand?post=8317"},{"taxonomy":"product_cat","embeddable":true,"href":"https:\/\/thelyflabs.com\/it\/wp-json\/wp\/v2\/product_cat?post=8317"},{"taxonomy":"product_tag","embeddable":true,"href":"https:\/\/thelyflabs.com\/it\/wp-json\/wp\/v2\/product_tag?post=8317"}],"curies":[{"name":"parola chiave","href":"https:\/\/api.w.org\/{rel}","templated":true}]}}