{"id":8839,"date":"2024-11-07T12:42:43","date_gmt":"2024-11-07T11:42:43","guid":{"rendered":"https:\/\/thelyflabs.com\/?post_type=product&#038;p=8839"},"modified":"2025-09-15T17:23:59","modified_gmt":"2025-09-15T15:23:59","slug":"extracto-organico-de-hongos-focus","status":"publish","type":"product","link":"https:\/\/thelyflabs.com\/it\/product\/extracto-organico-de-hongos-focus","title":{"rendered":"Estratto di funghi biologici Focus"},"content":{"rendered":"<h1>Estratto di funghi biologici Focus<\/h1>\n<p><strong>La tua bussola per migliorare la concentrazione, evitare procrastinazioni e confusione: torna sulla strada dell&#039;attenzione e della chiarezza<\/strong><\/p>\n<p>Stai cercando di concentrarti mentre la tua mente vaga? Che tu stia studiando, imparando una nuova competenza, preparandoti per un colloquio o una presentazione, \u00e8 facile distrarsi. Che fine ha fatto quella concentrazione che avevi prima?<\/p>\n<p>IL <strong>Bussola di messa a fuoco<\/strong> combina i rimedi floreali e i funghi pi\u00f9 efficaci per aiutarti a ritrovare la lucidit\u00e0 mentale e la precisione.<\/p>\n<h3>Ingredienti attivi:<\/h3>\n<h4><strong>Fungo:<\/strong><\/h4>\n<ul>\n<li><strong>Reishi:<\/strong> Il supereroe del sonno non-REM. Aiuta a prolungare la durata del sonno non-REM, favorendo un sonno di qualit\u00e0.<\/li>\n<li><strong>Cordyceps:<\/strong> Svolge un ruolo fondamentale nella regolazione del ritmo circadiano e pu\u00f2 aumentare i livelli di serotonina e melatonina, essenziali per il processo del sonno.<\/li>\n<li><strong>Criniera di leone:<\/strong> Aiuta ad aumentare naturalmente il BDNF, un fattore neurotrofico la cui carenza, secondo gli studi, \u00e8 associata a problemi di sonno.<\/li>\n<li><strong>Chaga:<\/strong> Regola la risposta naturale allo stress, riducendo l&#039;infiammazione, il colesterolo e i livelli di zucchero nel sangue.<\/li>\n<\/ul>\n<h4><strong>Miscele floreali:<\/strong><\/h4>\n<ul>\n<li><strong>Polianthus de Nan:<\/strong> Stimola l&#039;energia necessaria per portare avanti qualsiasi progetto.<\/li>\n<li><strong>Saldatura:<\/strong> Offre una visione globale, tenendo presente il quadro generale.<\/li>\n<li><strong>Carota:<\/strong> Aiuto nell&#039;organizzazione per consentirti di raggiungere i tuoi obiettivi.<\/li>\n<li><strong>Ranuncolo:<\/strong> Stimola la fiducia creativa.<\/li>\n<li><strong>Mora:<\/strong> Facilita l&#039;avanzamento e la concretizzazione delle idee.<\/li>\n<li><strong>Clematide:<\/strong> Aiuta a smettere di fantasticare e a mantenere la concentrazione.<\/li>\n<\/ul>","protected":false},"excerpt":{"rendered":"<p>IL <strong>Bussola di messa a fuoco<\/strong> Ti aiuter\u00e0 a gestire i momenti in cui hai bisogno di acutezza mentale e di una concentrazione cristallina.<\/p>\n<p><strong>Misurare:<\/strong> 50 ml<br \/>\n<strong>Porzioni:<\/strong> 30 (3 spruzzi al mattino \/ 3 alla sera)<\/p>","protected":false},"featured_media":8840,"comment_status":"open","ping_status":"closed","template":"","meta":{"_acf_changed":false,"site-sidebar-layout":"default","site-content-layout":"","ast-site-content-layout":"default","site-content-style":"default","site-sidebar-style":"default","ast-global-header-display":"","ast-banner-title-visibility":"","ast-main-header-display":"","ast-hfb-above-header-display":"","ast-hfb-below-header-display":"","ast-hfb-mobile-header-display":"","site-post-title":"","ast-breadcrumbs-content":"","ast-featured-img":"","footer-sml-layout":"","theme-transparent-header-meta":"default","adv-header-id-meta":"","stick-header-meta":"","header-above-stick-meta":"","header-main-stick-meta":"","header-below-stick-meta":"","astra-migrate-meta-layouts":"set","ast-page-background-enabled":"default","ast-page-background-meta":{"desktop":{"background-color":"var(--ast-global-color-4)","background-image":"","background-repeat":"repeat","background-position":"center center","background-size":"auto","background-attachment":"scroll","background-type":"","background-media":"","overlay-type":"","overlay-color":"","overlay-opacity":"","overlay-gradient":""},"tablet":{"background-color":"","background-image":"","background-repeat":"repeat","background-position":"center center","background-size":"auto","background-attachment":"scroll","background-type":"","background-media":"","overlay-type":"","overlay-color":"","overlay-opacity":"","overlay-gradient":""},"mobile":{"background-color":"","background-image":"","background-repeat":"repeat","background-position":"center center","background-size":"auto","background-attachment":"scroll","background-type":"","background-media":"","overlay-type":"","overlay-color":"","overlay-opacity":"","overlay-gradient":""}},"ast-content-background-meta":{"desktop":{"background-color":"var(--ast-global-color-5)","background-image":"","background-repeat":"repeat","background-position":"center center","background-size":"auto","background-attachment":"scroll","background-type":"","background-media":"","overlay-type":"","overlay-color":"","overlay-opacity":"","overlay-gradient":""},"tablet":{"background-color":"var(--ast-global-color-5)","background-image":"","background-repeat":"repeat","background-position":"center center","background-size":"auto","background-attachment":"scroll","background-type":"","background-media":"","overlay-type":"","overlay-color":"","overlay-opacity":"","overlay-gradient":""},"mobile":{"background-color":"var(--ast-global-color-5)","background-image":"","background-repeat":"repeat","background-position":"center center","background-size":"auto","background-attachment":"scroll","background-type":"","background-media":"","overlay-type":"","overlay-color":"","overlay-opacity":"","overlay-gradient":""}}},"product_brand":[],"product_cat":[127],"product_tag":[],"class_list":{"0":"post-8839","1":"product","2":"type-product","3":"status-publish","4":"has-post-thumbnail","6":"product_cat-setas-funcionales","7":"desktop-align-center","8":"tablet-align-left","9":"mobile-align-left","11":"first","12":"outofstock","13":"taxable","14":"shipping-taxable","15":"purchasable","16":"product-type-simple"},"acf":[],"yoast_head":"<!-- This site is optimized with the Yoast SEO plugin v27.4 - https:\/\/yoast.com\/product\/yoast-seo-wordpress\/ -->\n<title>Extracto Org\u00e1nico de Hongos Focus - THE LYF LABS<\/title>\n<meta name=\"description\" content=\"Descubre el poder del extracto org\u00e1nico de hongo Focus para mejorar la concentraci\u00f3n y la claridad mental. Ideal para combatir la distracci\u00f3n, aumentar el enfoque y potenciar tu productividad de manera natural. Compr\u00e1lo en The LYF Labs\" \/>\n<meta name=\"robots\" content=\"index, follow, max-snippet:-1, max-image-preview:large, max-video-preview:-1\" \/>\n<link rel=\"canonical\" href=\"https:\/\/thelyflabs.com\/it\/product\/extracto-organico-de-hongos-focus\/\" \/>\n<meta property=\"og:locale\" content=\"it_IT\" \/>\n<meta property=\"og:type\" content=\"article\" \/>\n<meta property=\"og:title\" content=\"Extracto Org\u00e1nico de Hongos Focus - THE LYF LABS\" \/>\n<meta property=\"og:description\" content=\"Descubre el poder del extracto org\u00e1nico de hongo Focus para mejorar la concentraci\u00f3n y la claridad mental. Ideal para combatir la distracci\u00f3n, aumentar el enfoque y potenciar tu productividad de manera natural. Compr\u00e1lo en The LYF Labs\" \/>\n<meta property=\"og:url\" content=\"https:\/\/thelyflabs.com\/it\/product\/extracto-organico-de-hongos-focus\/\" \/>\n<meta property=\"og:site_name\" content=\"THE LYF LABS\" \/>\n<meta property=\"article:modified_time\" content=\"2025-09-15T15:23:59+00:00\" \/>\n<meta property=\"og:image\" content=\"https:\/\/thelyflabs.com\/wp-content\/uploads\/2024\/10\/4.webp\" \/>\n\t<meta property=\"og:image:width\" content=\"1409\" \/>\n\t<meta property=\"og:image:height\" content=\"2000\" \/>\n\t<meta property=\"og:image:type\" content=\"image\/webp\" \/>\n<meta name=\"twitter:card\" content=\"summary_large_image\" \/>\n<meta name=\"twitter:label1\" content=\"Tempo di lettura stimato\" \/>\n\t<meta name=\"twitter:data1\" content=\"2 minuti\" \/>\n<script type=\"application\/ld+json\" class=\"yoast-schema-graph\">{\"@context\":\"https:\\\/\\\/schema.org\",\"@graph\":[{\"@type\":\"WebPage\",\"@id\":\"https:\\\/\\\/thelyflabs.com\\\/product\\\/extracto-organico-de-hongos-focus\",\"url\":\"https:\\\/\\\/thelyflabs.com\\\/product\\\/extracto-organico-de-hongos-focus\",\"name\":\"Extracto Org\u00e1nico de Hongos Focus - THE LYF LABS\",\"isPartOf\":{\"@id\":\"https:\\\/\\\/thelyflabs.com\\\/#website\"},\"primaryImageOfPage\":{\"@id\":\"https:\\\/\\\/thelyflabs.com\\\/product\\\/extracto-organico-de-hongos-focus#primaryimage\"},\"image\":{\"@id\":\"https:\\\/\\\/thelyflabs.com\\\/product\\\/extracto-organico-de-hongos-focus#primaryimage\"},\"thumbnailUrl\":\"https:\\\/\\\/thelyflabs.com\\\/wp-content\\\/uploads\\\/2024\\\/10\\\/4.webp\",\"datePublished\":\"2024-11-07T11:42:43+00:00\",\"dateModified\":\"2025-09-15T15:23:59+00:00\",\"description\":\"Descubre el poder del extracto org\u00e1nico de hongo Focus para mejorar la concentraci\u00f3n y la claridad mental. Ideal para combatir la distracci\u00f3n, aumentar el enfoque y potenciar tu productividad de manera natural. Compr\u00e1lo en The LYF Labs\",\"breadcrumb\":{\"@id\":\"https:\\\/\\\/thelyflabs.com\\\/product\\\/extracto-organico-de-hongos-focus#breadcrumb\"},\"inLanguage\":\"it-IT\",\"potentialAction\":[{\"@type\":\"ReadAction\",\"target\":[\"https:\\\/\\\/thelyflabs.com\\\/product\\\/extracto-organico-de-hongos-focus\"]}]},{\"@type\":\"ImageObject\",\"inLanguage\":\"it-IT\",\"@id\":\"https:\\\/\\\/thelyflabs.com\\\/product\\\/extracto-organico-de-hongos-focus#primaryimage\",\"url\":\"https:\\\/\\\/thelyflabs.com\\\/wp-content\\\/uploads\\\/2024\\\/10\\\/4.webp\",\"contentUrl\":\"https:\\\/\\\/thelyflabs.com\\\/wp-content\\\/uploads\\\/2024\\\/10\\\/4.webp\",\"width\":1409,\"height\":2000},{\"@type\":\"BreadcrumbList\",\"@id\":\"https:\\\/\\\/thelyflabs.com\\\/product\\\/extracto-organico-de-hongos-focus#breadcrumb\",\"itemListElement\":[{\"@type\":\"ListItem\",\"position\":1,\"name\":\"Portada\",\"item\":\"https:\\\/\\\/thelyflabs.com\\\/\"},{\"@type\":\"ListItem\",\"position\":2,\"name\":\"Tienda\",\"item\":\"https:\\\/\\\/thelyflabs.com\\\/tienda\"},{\"@type\":\"ListItem\",\"position\":3,\"name\":\"Extracto Org\u00e1nico de Hongos Focus\"}]},{\"@type\":\"WebSite\",\"@id\":\"https:\\\/\\\/thelyflabs.com\\\/#website\",\"url\":\"https:\\\/\\\/thelyflabs.com\\\/\",\"name\":\"The LYF Labs\",\"description\":\"CBD al por mayor\",\"publisher\":{\"@id\":\"https:\\\/\\\/thelyflabs.com\\\/#organization\"},\"potentialAction\":[{\"@type\":\"SearchAction\",\"target\":{\"@type\":\"EntryPoint\",\"urlTemplate\":\"https:\\\/\\\/thelyflabs.com\\\/?s={search_term_string}\"},\"query-input\":{\"@type\":\"PropertyValueSpecification\",\"valueRequired\":true,\"valueName\":\"search_term_string\"}}],\"inLanguage\":\"it-IT\"},{\"@type\":\"Organization\",\"@id\":\"https:\\\/\\\/thelyflabs.com\\\/#organization\",\"name\":\"The LYF Labs\",\"url\":\"https:\\\/\\\/thelyflabs.com\\\/\",\"logo\":{\"@type\":\"ImageObject\",\"inLanguage\":\"it-IT\",\"@id\":\"https:\\\/\\\/thelyflabs.com\\\/#\\\/schema\\\/logo\\\/image\\\/\",\"url\":\"https:\\\/\\\/thelyflabs.com\\\/wp-content\\\/uploads\\\/2023\\\/01\\\/cropped-LogoTheLYFLabs.png\",\"contentUrl\":\"https:\\\/\\\/thelyflabs.com\\\/wp-content\\\/uploads\\\/2023\\\/01\\\/cropped-LogoTheLYFLabs.png\",\"width\":600,\"height\":180,\"caption\":\"The LYF Labs\"},\"image\":{\"@id\":\"https:\\\/\\\/thelyflabs.com\\\/#\\\/schema\\\/logo\\\/image\\\/\"}}]}<\/script>\n<!-- \/ Yoast SEO plugin. -->","yoast_head_json":{"title":"Extracto Org\u00e1nico de Hongos Focus - THE LYF LABS","description":"Descubre el poder del extracto org\u00e1nico de hongo Focus para mejorar la concentraci\u00f3n y la claridad mental. Ideal para combatir la distracci\u00f3n, aumentar el enfoque y potenciar tu productividad de manera natural. Compr\u00e1lo en The LYF Labs","robots":{"index":"index","follow":"follow","max-snippet":"max-snippet:-1","max-image-preview":"max-image-preview:large","max-video-preview":"max-video-preview:-1"},"canonical":"https:\/\/thelyflabs.com\/it\/product\/extracto-organico-de-hongos-focus\/","og_locale":"it_IT","og_type":"article","og_title":"Extracto Org\u00e1nico de Hongos Focus - THE LYF LABS","og_description":"Descubre el poder del extracto org\u00e1nico de hongo Focus para mejorar la concentraci\u00f3n y la claridad mental. Ideal para combatir la distracci\u00f3n, aumentar el enfoque y potenciar tu productividad de manera natural. Compr\u00e1lo en The LYF Labs","og_url":"https:\/\/thelyflabs.com\/it\/product\/extracto-organico-de-hongos-focus\/","og_site_name":"THE LYF LABS","article_modified_time":"2025-09-15T15:23:59+00:00","og_image":[{"width":1409,"height":2000,"url":"https:\/\/thelyflabs.com\/wp-content\/uploads\/2024\/10\/4.webp","type":"image\/webp"}],"twitter_card":"summary_large_image","twitter_misc":{"Tempo di lettura stimato":"2 minuti"},"schema":{"@context":"https:\/\/schema.org","@graph":[{"@type":"WebPage","@id":"https:\/\/thelyflabs.com\/product\/extracto-organico-de-hongos-focus","url":"https:\/\/thelyflabs.com\/product\/extracto-organico-de-hongos-focus","name":"Extracto Org\u00e1nico de Hongos Focus - THE LYF LABS","isPartOf":{"@id":"https:\/\/thelyflabs.com\/#website"},"primaryImageOfPage":{"@id":"https:\/\/thelyflabs.com\/product\/extracto-organico-de-hongos-focus#primaryimage"},"image":{"@id":"https:\/\/thelyflabs.com\/product\/extracto-organico-de-hongos-focus#primaryimage"},"thumbnailUrl":"https:\/\/thelyflabs.com\/wp-content\/uploads\/2024\/10\/4.webp","datePublished":"2024-11-07T11:42:43+00:00","dateModified":"2025-09-15T15:23:59+00:00","description":"Descubre el poder del extracto org\u00e1nico de hongo Focus para mejorar la concentraci\u00f3n y la claridad mental. Ideal para combatir la distracci\u00f3n, aumentar el enfoque y potenciar tu productividad de manera natural. Compr\u00e1lo en The LYF Labs","breadcrumb":{"@id":"https:\/\/thelyflabs.com\/product\/extracto-organico-de-hongos-focus#breadcrumb"},"inLanguage":"it-IT","potentialAction":[{"@type":"ReadAction","target":["https:\/\/thelyflabs.com\/product\/extracto-organico-de-hongos-focus"]}]},{"@type":"ImageObject","inLanguage":"it-IT","@id":"https:\/\/thelyflabs.com\/product\/extracto-organico-de-hongos-focus#primaryimage","url":"https:\/\/thelyflabs.com\/wp-content\/uploads\/2024\/10\/4.webp","contentUrl":"https:\/\/thelyflabs.com\/wp-content\/uploads\/2024\/10\/4.webp","width":1409,"height":2000},{"@type":"BreadcrumbList","@id":"https:\/\/thelyflabs.com\/product\/extracto-organico-de-hongos-focus#breadcrumb","itemListElement":[{"@type":"ListItem","position":1,"name":"Portada","item":"https:\/\/thelyflabs.com\/"},{"@type":"ListItem","position":2,"name":"Tienda","item":"https:\/\/thelyflabs.com\/tienda"},{"@type":"ListItem","position":3,"name":"Extracto Org\u00e1nico de Hongos Focus"}]},{"@type":"WebSite","@id":"https:\/\/thelyflabs.com\/#website","url":"https:\/\/thelyflabs.com\/","name":"I laboratori LYF","description":"CBD all&#039;ingrosso","publisher":{"@id":"https:\/\/thelyflabs.com\/#organization"},"potentialAction":[{"@type":"SearchAction","target":{"@type":"EntryPoint","urlTemplate":"https:\/\/thelyflabs.com\/?s={search_term_string}"},"query-input":{"@type":"PropertyValueSpecification","valueRequired":true,"valueName":"search_term_string"}}],"inLanguage":"it-IT"},{"@type":"Organization","@id":"https:\/\/thelyflabs.com\/#organization","name":"I laboratori LYF","url":"https:\/\/thelyflabs.com\/","logo":{"@type":"ImageObject","inLanguage":"it-IT","@id":"https:\/\/thelyflabs.com\/#\/schema\/logo\/image\/","url":"https:\/\/thelyflabs.com\/wp-content\/uploads\/2023\/01\/cropped-LogoTheLYFLabs.png","contentUrl":"https:\/\/thelyflabs.com\/wp-content\/uploads\/2023\/01\/cropped-LogoTheLYFLabs.png","width":600,"height":180,"caption":"The LYF Labs"},"image":{"@id":"https:\/\/thelyflabs.com\/#\/schema\/logo\/image\/"}}]}},"_links":{"self":[{"href":"https:\/\/thelyflabs.com\/it\/wp-json\/wp\/v2\/product\/8839","targetHints":{"allow":["GET"]}}],"collection":[{"href":"https:\/\/thelyflabs.com\/it\/wp-json\/wp\/v2\/product"}],"about":[{"href":"https:\/\/thelyflabs.com\/it\/wp-json\/wp\/v2\/types\/product"}],"replies":[{"embeddable":true,"href":"https:\/\/thelyflabs.com\/it\/wp-json\/wp\/v2\/comments?post=8839"}],"wp:featuredmedia":[{"embeddable":true,"href":"https:\/\/thelyflabs.com\/it\/wp-json\/wp\/v2\/media\/8840"}],"wp:attachment":[{"href":"https:\/\/thelyflabs.com\/it\/wp-json\/wp\/v2\/media?parent=8839"}],"wp:term":[{"taxonomy":"product_brand","embeddable":true,"href":"https:\/\/thelyflabs.com\/it\/wp-json\/wp\/v2\/product_brand?post=8839"},{"taxonomy":"product_cat","embeddable":true,"href":"https:\/\/thelyflabs.com\/it\/wp-json\/wp\/v2\/product_cat?post=8839"},{"taxonomy":"product_tag","embeddable":true,"href":"https:\/\/thelyflabs.com\/it\/wp-json\/wp\/v2\/product_tag?post=8839"}],"curies":[{"name":"parola chiave","href":"https:\/\/api.w.org\/{rel}","templated":true}]}}