{"id":9732,"date":"2024-12-18T15:36:37","date_gmt":"2024-12-18T14:36:37","guid":{"rendered":"https:\/\/thelyflabs.com\/?post_type=product&#038;p=9732"},"modified":"2026-03-09T11:19:14","modified_gmt":"2026-03-09T10:19:14","slug":"sugar-wax-cbd-88-con-live-terpenes","status":"publish","type":"product","link":"https:\/\/thelyflabs.com\/it\/product\/sugar-wax-cbd-88-con-live-terpenes","title":{"rendered":"Sugar Wax CBD 88% con terpeni vivi"},"content":{"rendered":"<h1>Acquista Sugar Wax CBD con terpeni vivi<\/h1>\n<h2>Cos&#039;\u00e8 Sugar Wax CBD<\/h2>\n<p>Sugar Wax CBD \u00e8 un concentrato di cannabis noto per la sua consistenza granulosa e cristallina che ricorda lo zucchero inumidito. Questo prodotto \u00e8 ricavato da piante di cannabis ricche di CBD ed \u00e8 ideale per chi cerca un&#039;esperienza di alta qualit\u00e0 con tutti i benefici del cannabidiolo, senza gli effetti psicoattivi del THC.<\/p>\n<p>Il segreto di Sugar Wax risiede nel suo processo di estrazione, che preserva sia i cannabinoidi che i terpeni nella loro forma pi\u00f9 pura. Questo non solo garantisce un alto contenuto di CBD, ma anche un&#039;esperienza aromatica e sensoriale eccezionale, grazie alla presenza di terpeni vivi.<\/p>\n<h2>Cosa sono i terpeni vivi<\/h2>\n<p>I terpeni vivi sono composti aromatici naturali presenti nelle piante di cannabis, estratti freschi per preservarne intatte le propriet\u00e0. Questi terpeni non solo contribuiscono al sapore e all&#039;aroma unici di ogni variet\u00e0 di cannabis, ma potenziano anche gli effetti terapeutici del CBD attraverso l&#039;&quot;effetto entourage&quot;, una sinergia che amplifica i benefici dei cannabinoidi.<\/p>\n<p>Combinando Sugar Wax CBD con Live Terpenes, si ottiene un prodotto equilibrato e potente, pensato per chi cerca benessere, relax e un&#039;esperienza sensoriale di alta qualit\u00e0.<\/p>\n<h3>Caratteristiche del prodotto<\/h3>\n<p>La nostra cera di zucchero al CBD con terpeni vivi offre una qualit\u00e0 eccezionale con le seguenti caratteristiche eccezionali:<\/p>\n<ol>\n<li>Texture granulare e facile da usare<\/li>\n<\/ol>\n<p>Sugar Wax CBD ha una consistenza unica che lo rende perfetto per lo svapo o il dabbing. La sua texture lo rende facile da manipolare e dosare.<\/p>\n<ol start=\"2\">\n<li>Alto contenuto di CBD<\/li>\n<\/ol>\n<p>Ogni lotto del nostro prodotto contiene un&#039;elevata concentrazione di CBD, garantendo effetti rilassanti e terapeutici senza gli effetti psicoattivi del THC.<\/p>\n<ol start=\"3\">\n<li>Terpeni naturali vivi<\/li>\n<\/ol>\n<p>Grazie ai terpeni vivi, questo concentrato offre un profilo aromatico e di sapore ricco e autentico, migliorando l&#039;esperienza di ogni utilizzatore.<\/p>\n<ol start=\"4\">\n<li>Testato in laboratori indipendenti<\/li>\n<\/ol>\n<p>Tutti i nostri prodotti sono testati da laboratori terzi per garantirne purezza, sicurezza e qualit\u00e0. Non contengono pesticidi o solventi nocivi.<\/p>\n<ol start=\"5\">\n<li>Senza THC<\/li>\n<\/ol>\n<p>Il nostro Sugar Wax CBD contiene meno dello 0,2% di THC, garantendone la legalit\u00e0 e la sicurezza nei Paesi in cui il CBD \u00e8 consentito.<\/p>\n<h2>Come conservare la cera di zucchero CBD<\/h2>\n<p>La cera di zucchero al CBD con terpeni vivi \u00e8 un prodotto delicato che richiede una conservazione adeguata per mantenerne la freschezza e la potenza. Seguite questi consigli:<\/p>\n<p>Conservare in un luogo fresco e buio: la luce e il calore possono degradare i cannabinoidi e i terpeni.<\/p>\n<p>Utilizzare un contenitore ermetico: questo impedisce l&#039;ossidazione e la perdita dell&#039;aroma.<\/p>\n<p>Refrigerazione facoltativa: per una maggiore durata, conservare il prodotto in frigorifero, ma assicurarsi di lasciarlo raggiungere la temperatura ambiente prima dell&#039;uso.<\/p>\n<p>Con la cura adeguata, la tua cera di zucchero al CBD rimarr\u00e0 fresca ed efficace pi\u00f9 a lungo.<\/p>\n<h2>Perch\u00e9 acquistare Sugar Wax CBD con terpeni vivi da Iguana Smoke<\/h2>\n<p>Scegliendo il nostro negozio online per acquistare Sugar Wax CBD avrai la garanzia di:<\/p>\n<p>Qualit\u00e0 garantita: lavoriamo solo con produttori fidati che utilizzano processi di estrazione all&#039;avanguardia.<\/p>\n<p>Variet\u00e0 selezionate: offriamo profili terpenici esclusivi, personalizzati in base alle tue preferenze e alle tue esigenze.<\/p>\n<p>Spedizione veloce e discreta: ricevi il tuo prodotto in tutta sicurezza e riservatezza.<\/p>\n<p>Servizio clienti dedicato: siamo qui per aiutarti a scegliere il prodotto migliore per te e rispondere a tutte le tue domande.<\/p>\n<h2>Domande frequenti su Sugar Wax CBD<\/h2>\n<ol>\n<li>Sugar Wax CBD \u00e8 legale?<\/li>\n<\/ol>\n<p>S\u00ec, il nostro prodotto contiene meno dello 0,2% di THC, il che lo rende legale nella maggior parte dei paesi in cui il CBD \u00e8 consentito.<\/p>\n<ol start=\"2\">\n<li>Quanto dovrei usarne?<\/li>\n<\/ol>\n<p>Consigliamo di iniziare con una piccola dose, soprattutto se sei un principiante, e di regolarla in base alle tue esigenze.<\/p>\n<h2>Acquista subito Sugar Wax CBD<\/h2>\n<p>Non aspettare oltre per provare i benefici del nostro Sugar Wax CBD con terpeni vivi. Questo concentrato premium \u00e8 ideale per chi cerca un prodotto naturale, efficace e di qualit\u00e0 superiore.<\/p>\n<p>Ordina oggi stesso e scopri perch\u00e9 siamo la scelta migliore per Sugar Wax CBD. Trasforma il tuo benessere con questo prodotto eccezionale!<\/p>","protected":false},"excerpt":{"rendered":"<p><strong>Sugar Wax CBD con terpeni vivi<\/strong> \u00c8 un concentrato granulare di cannabis, ricco di CBD e terpeni vivi che ne esaltano il sapore, l&#039;aroma e i benefici terapeutici. Una corretta conservazione ne garantisce freschezza e potenza. Acquista subito questo prodotto premium nel nostro negozio online.<\/p>\n<ul>\n<li>CBD: 88% \/ THC: &lt; 0,2%<\/li>\n<li>Texture CBD Sugar Wax<\/li>\n<li>Aroma ineguagliabile con terpeni vivi<\/li>\n<li>100% legale in Europa<\/li>\n<\/ul>\n<p>Analisi della qualit\u00e0: clicca\u00a0<a href=\"https:\/\/iguanasmoke.com\/analiticas\/\" target=\"_blank\" rel=\"noopener\">Qui<\/a><\/p>","protected":false},"featured_media":9736,"comment_status":"open","ping_status":"closed","template":"","meta":{"_acf_changed":false,"site-sidebar-layout":"default","site-content-layout":"","ast-site-content-layout":"default","site-content-style":"default","site-sidebar-style":"default","ast-global-header-display":"","ast-banner-title-visibility":"","ast-main-header-display":"","ast-hfb-above-header-display":"","ast-hfb-below-header-display":"","ast-hfb-mobile-header-display":"","site-post-title":"","ast-breadcrumbs-content":"","ast-featured-img":"","footer-sml-layout":"","theme-transparent-header-meta":"default","adv-header-id-meta":"","stick-header-meta":"","header-above-stick-meta":"","header-main-stick-meta":"","header-below-stick-meta":"","astra-migrate-meta-layouts":"set","ast-page-background-enabled":"default","ast-page-background-meta":{"desktop":{"background-color":"var(--ast-global-color-4)","background-image":"","background-repeat":"repeat","background-position":"center center","background-size":"auto","background-attachment":"scroll","background-type":"","background-media":"","overlay-type":"","overlay-color":"","overlay-opacity":"","overlay-gradient":""},"tablet":{"background-color":"","background-image":"","background-repeat":"repeat","background-position":"center center","background-size":"auto","background-attachment":"scroll","background-type":"","background-media":"","overlay-type":"","overlay-color":"","overlay-opacity":"","overlay-gradient":""},"mobile":{"background-color":"","background-image":"","background-repeat":"repeat","background-position":"center center","background-size":"auto","background-attachment":"scroll","background-type":"","background-media":"","overlay-type":"","overlay-color":"","overlay-opacity":"","overlay-gradient":""}},"ast-content-background-meta":{"desktop":{"background-color":"var(--ast-global-color-5)","background-image":"","background-repeat":"repeat","background-position":"center center","background-size":"auto","background-attachment":"scroll","background-type":"","background-media":"","overlay-type":"","overlay-color":"","overlay-opacity":"","overlay-gradient":""},"tablet":{"background-color":"var(--ast-global-color-5)","background-image":"","background-repeat":"repeat","background-position":"center center","background-size":"auto","background-attachment":"scroll","background-type":"","background-media":"","overlay-type":"","overlay-color":"","overlay-opacity":"","overlay-gradient":""},"mobile":{"background-color":"var(--ast-global-color-5)","background-image":"","background-repeat":"repeat","background-position":"center center","background-size":"auto","background-attachment":"scroll","background-type":"","background-media":"","overlay-type":"","overlay-color":"","overlay-opacity":"","overlay-gradient":""}}},"product_brand":[],"product_cat":[29,40],"product_tag":[],"class_list":{"0":"post-9732","1":"product","2":"type-product","3":"status-publish","4":"has-post-thumbnail","6":"product_cat-extractosdecbd","7":"product_cat-iguanasmoke","8":"desktop-align-center","9":"tablet-align-left","10":"mobile-align-left","12":"first","13":"instock","14":"taxable","15":"shipping-taxable","16":"purchasable","17":"product-type-variable"},"acf":[],"yoast_head":"<!-- This site is optimized with the Yoast SEO plugin v27.4 - https:\/\/yoast.com\/product\/yoast-seo-wordpress\/ -->\n<title>Sugar Wax CBD 88% con Live Terpenes - Extractos CBD - THE LYF LABS<\/title>\n<meta name=\"description\" content=\"Compra el concentrado de CBD Sugar Wax 88% con Live Terpenes de beneficios terap\u00e9uticos. Descuentos exclusivos mayoristas y distribuidores en The Lyf Labs.\" \/>\n<meta name=\"robots\" content=\"index, follow, max-snippet:-1, max-image-preview:large, max-video-preview:-1\" \/>\n<link rel=\"canonical\" href=\"https:\/\/thelyflabs.com\/it\/product\/sugar-wax-cbd-88-con-live-terpenes\/\" \/>\n<meta property=\"og:locale\" content=\"it_IT\" \/>\n<meta property=\"og:type\" content=\"article\" \/>\n<meta property=\"og:title\" content=\"Sugar Wax CBD 88% con Live Terpenes - Extractos CBD - THE LYF LABS\" \/>\n<meta property=\"og:description\" content=\"Compra el concentrado de CBD Sugar Wax 88% con Live Terpenes de beneficios terap\u00e9uticos. Descuentos exclusivos mayoristas y distribuidores en The Lyf Labs.\" \/>\n<meta property=\"og:url\" content=\"https:\/\/thelyflabs.com\/it\/product\/sugar-wax-cbd-88-con-live-terpenes\/\" \/>\n<meta property=\"og:site_name\" content=\"THE LYF LABS\" \/>\n<meta property=\"article:modified_time\" content=\"2026-03-09T10:19:14+00:00\" \/>\n<meta property=\"og:image\" content=\"https:\/\/thelyflabs.com\/wp-content\/uploads\/2024\/12\/Rosing-sugar-wax.webp\" \/>\n\t<meta property=\"og:image:width\" content=\"1000\" \/>\n\t<meta property=\"og:image:height\" content=\"1000\" \/>\n\t<meta property=\"og:image:type\" content=\"image\/webp\" \/>\n<meta name=\"twitter:card\" content=\"summary_large_image\" \/>\n<meta name=\"twitter:label1\" content=\"Tempo di lettura stimato\" \/>\n\t<meta name=\"twitter:data1\" content=\"4 minuti\" \/>\n<script type=\"application\/ld+json\" class=\"yoast-schema-graph\">{\"@context\":\"https:\\\/\\\/schema.org\",\"@graph\":[{\"@type\":\"WebPage\",\"@id\":\"https:\\\/\\\/thelyflabs.com\\\/product\\\/sugar-wax-cbd-88-con-live-terpenes\",\"url\":\"https:\\\/\\\/thelyflabs.com\\\/product\\\/sugar-wax-cbd-88-con-live-terpenes\",\"name\":\"Sugar Wax CBD 88% con Live Terpenes - Extractos CBD - THE LYF LABS\",\"isPartOf\":{\"@id\":\"https:\\\/\\\/thelyflabs.com\\\/#website\"},\"primaryImageOfPage\":{\"@id\":\"https:\\\/\\\/thelyflabs.com\\\/product\\\/sugar-wax-cbd-88-con-live-terpenes#primaryimage\"},\"image\":{\"@id\":\"https:\\\/\\\/thelyflabs.com\\\/product\\\/sugar-wax-cbd-88-con-live-terpenes#primaryimage\"},\"thumbnailUrl\":\"https:\\\/\\\/thelyflabs.com\\\/wp-content\\\/uploads\\\/2024\\\/12\\\/Rosing-sugar-wax.webp\",\"datePublished\":\"2024-12-18T14:36:37+00:00\",\"dateModified\":\"2026-03-09T10:19:14+00:00\",\"description\":\"Compra el concentrado de CBD Sugar Wax 88% con Live Terpenes de beneficios terap\u00e9uticos. Descuentos exclusivos mayoristas y distribuidores en The Lyf Labs.\",\"breadcrumb\":{\"@id\":\"https:\\\/\\\/thelyflabs.com\\\/product\\\/sugar-wax-cbd-88-con-live-terpenes#breadcrumb\"},\"inLanguage\":\"it-IT\",\"potentialAction\":[{\"@type\":\"ReadAction\",\"target\":[\"https:\\\/\\\/thelyflabs.com\\\/product\\\/sugar-wax-cbd-88-con-live-terpenes\"]}]},{\"@type\":\"ImageObject\",\"inLanguage\":\"it-IT\",\"@id\":\"https:\\\/\\\/thelyflabs.com\\\/product\\\/sugar-wax-cbd-88-con-live-terpenes#primaryimage\",\"url\":\"https:\\\/\\\/thelyflabs.com\\\/wp-content\\\/uploads\\\/2024\\\/12\\\/Rosing-sugar-wax.webp\",\"contentUrl\":\"https:\\\/\\\/thelyflabs.com\\\/wp-content\\\/uploads\\\/2024\\\/12\\\/Rosing-sugar-wax.webp\",\"width\":1000,\"height\":1000},{\"@type\":\"BreadcrumbList\",\"@id\":\"https:\\\/\\\/thelyflabs.com\\\/product\\\/sugar-wax-cbd-88-con-live-terpenes#breadcrumb\",\"itemListElement\":[{\"@type\":\"ListItem\",\"position\":1,\"name\":\"Portada\",\"item\":\"https:\\\/\\\/thelyflabs.com\\\/\"},{\"@type\":\"ListItem\",\"position\":2,\"name\":\"Tienda\",\"item\":\"https:\\\/\\\/thelyflabs.com\\\/tienda\"},{\"@type\":\"ListItem\",\"position\":3,\"name\":\"Sugar Wax CBD 88% con Live Terpenes\"}]},{\"@type\":\"WebSite\",\"@id\":\"https:\\\/\\\/thelyflabs.com\\\/#website\",\"url\":\"https:\\\/\\\/thelyflabs.com\\\/\",\"name\":\"The LYF Labs\",\"description\":\"CBD al por mayor\",\"publisher\":{\"@id\":\"https:\\\/\\\/thelyflabs.com\\\/#organization\"},\"potentialAction\":[{\"@type\":\"SearchAction\",\"target\":{\"@type\":\"EntryPoint\",\"urlTemplate\":\"https:\\\/\\\/thelyflabs.com\\\/?s={search_term_string}\"},\"query-input\":{\"@type\":\"PropertyValueSpecification\",\"valueRequired\":true,\"valueName\":\"search_term_string\"}}],\"inLanguage\":\"it-IT\"},{\"@type\":\"Organization\",\"@id\":\"https:\\\/\\\/thelyflabs.com\\\/#organization\",\"name\":\"The LYF Labs\",\"url\":\"https:\\\/\\\/thelyflabs.com\\\/\",\"logo\":{\"@type\":\"ImageObject\",\"inLanguage\":\"it-IT\",\"@id\":\"https:\\\/\\\/thelyflabs.com\\\/#\\\/schema\\\/logo\\\/image\\\/\",\"url\":\"https:\\\/\\\/thelyflabs.com\\\/wp-content\\\/uploads\\\/2023\\\/01\\\/cropped-LogoTheLYFLabs.png\",\"contentUrl\":\"https:\\\/\\\/thelyflabs.com\\\/wp-content\\\/uploads\\\/2023\\\/01\\\/cropped-LogoTheLYFLabs.png\",\"width\":600,\"height\":180,\"caption\":\"The LYF Labs\"},\"image\":{\"@id\":\"https:\\\/\\\/thelyflabs.com\\\/#\\\/schema\\\/logo\\\/image\\\/\"}}]}<\/script>\n<!-- \/ Yoast SEO plugin. -->","yoast_head_json":{"title":"Sugar Wax CBD 88% con Live Terpenes - Extractos CBD - THE LYF LABS","description":"Compra el concentrado de CBD Sugar Wax 88% con Live Terpenes de beneficios terap\u00e9uticos. Descuentos exclusivos mayoristas y distribuidores en The Lyf Labs.","robots":{"index":"index","follow":"follow","max-snippet":"max-snippet:-1","max-image-preview":"max-image-preview:large","max-video-preview":"max-video-preview:-1"},"canonical":"https:\/\/thelyflabs.com\/it\/product\/sugar-wax-cbd-88-con-live-terpenes\/","og_locale":"it_IT","og_type":"article","og_title":"Sugar Wax CBD 88% con Live Terpenes - Extractos CBD - THE LYF LABS","og_description":"Compra el concentrado de CBD Sugar Wax 88% con Live Terpenes de beneficios terap\u00e9uticos. Descuentos exclusivos mayoristas y distribuidores en The Lyf Labs.","og_url":"https:\/\/thelyflabs.com\/it\/product\/sugar-wax-cbd-88-con-live-terpenes\/","og_site_name":"THE LYF LABS","article_modified_time":"2026-03-09T10:19:14+00:00","og_image":[{"width":1000,"height":1000,"url":"https:\/\/thelyflabs.com\/wp-content\/uploads\/2024\/12\/Rosing-sugar-wax.webp","type":"image\/webp"}],"twitter_card":"summary_large_image","twitter_misc":{"Tempo di lettura stimato":"4 minuti"},"schema":{"@context":"https:\/\/schema.org","@graph":[{"@type":"WebPage","@id":"https:\/\/thelyflabs.com\/product\/sugar-wax-cbd-88-con-live-terpenes","url":"https:\/\/thelyflabs.com\/product\/sugar-wax-cbd-88-con-live-terpenes","name":"Sugar Wax CBD 88% con Live Terpenes - Extractos CBD - THE LYF LABS","isPartOf":{"@id":"https:\/\/thelyflabs.com\/#website"},"primaryImageOfPage":{"@id":"https:\/\/thelyflabs.com\/product\/sugar-wax-cbd-88-con-live-terpenes#primaryimage"},"image":{"@id":"https:\/\/thelyflabs.com\/product\/sugar-wax-cbd-88-con-live-terpenes#primaryimage"},"thumbnailUrl":"https:\/\/thelyflabs.com\/wp-content\/uploads\/2024\/12\/Rosing-sugar-wax.webp","datePublished":"2024-12-18T14:36:37+00:00","dateModified":"2026-03-09T10:19:14+00:00","description":"Compra el concentrado de CBD Sugar Wax 88% con Live Terpenes de beneficios terap\u00e9uticos. Descuentos exclusivos mayoristas y distribuidores en The Lyf Labs.","breadcrumb":{"@id":"https:\/\/thelyflabs.com\/product\/sugar-wax-cbd-88-con-live-terpenes#breadcrumb"},"inLanguage":"it-IT","potentialAction":[{"@type":"ReadAction","target":["https:\/\/thelyflabs.com\/product\/sugar-wax-cbd-88-con-live-terpenes"]}]},{"@type":"ImageObject","inLanguage":"it-IT","@id":"https:\/\/thelyflabs.com\/product\/sugar-wax-cbd-88-con-live-terpenes#primaryimage","url":"https:\/\/thelyflabs.com\/wp-content\/uploads\/2024\/12\/Rosing-sugar-wax.webp","contentUrl":"https:\/\/thelyflabs.com\/wp-content\/uploads\/2024\/12\/Rosing-sugar-wax.webp","width":1000,"height":1000},{"@type":"BreadcrumbList","@id":"https:\/\/thelyflabs.com\/product\/sugar-wax-cbd-88-con-live-terpenes#breadcrumb","itemListElement":[{"@type":"ListItem","position":1,"name":"Portada","item":"https:\/\/thelyflabs.com\/"},{"@type":"ListItem","position":2,"name":"Tienda","item":"https:\/\/thelyflabs.com\/tienda"},{"@type":"ListItem","position":3,"name":"Sugar Wax CBD 88% con Live Terpenes"}]},{"@type":"WebSite","@id":"https:\/\/thelyflabs.com\/#website","url":"https:\/\/thelyflabs.com\/","name":"I laboratori LYF","description":"CBD all&#039;ingrosso","publisher":{"@id":"https:\/\/thelyflabs.com\/#organization"},"potentialAction":[{"@type":"SearchAction","target":{"@type":"EntryPoint","urlTemplate":"https:\/\/thelyflabs.com\/?s={search_term_string}"},"query-input":{"@type":"PropertyValueSpecification","valueRequired":true,"valueName":"search_term_string"}}],"inLanguage":"it-IT"},{"@type":"Organization","@id":"https:\/\/thelyflabs.com\/#organization","name":"I laboratori LYF","url":"https:\/\/thelyflabs.com\/","logo":{"@type":"ImageObject","inLanguage":"it-IT","@id":"https:\/\/thelyflabs.com\/#\/schema\/logo\/image\/","url":"https:\/\/thelyflabs.com\/wp-content\/uploads\/2023\/01\/cropped-LogoTheLYFLabs.png","contentUrl":"https:\/\/thelyflabs.com\/wp-content\/uploads\/2023\/01\/cropped-LogoTheLYFLabs.png","width":600,"height":180,"caption":"The LYF Labs"},"image":{"@id":"https:\/\/thelyflabs.com\/#\/schema\/logo\/image\/"}}]}},"_links":{"self":[{"href":"https:\/\/thelyflabs.com\/it\/wp-json\/wp\/v2\/product\/9732","targetHints":{"allow":["GET"]}}],"collection":[{"href":"https:\/\/thelyflabs.com\/it\/wp-json\/wp\/v2\/product"}],"about":[{"href":"https:\/\/thelyflabs.com\/it\/wp-json\/wp\/v2\/types\/product"}],"replies":[{"embeddable":true,"href":"https:\/\/thelyflabs.com\/it\/wp-json\/wp\/v2\/comments?post=9732"}],"wp:featuredmedia":[{"embeddable":true,"href":"https:\/\/thelyflabs.com\/it\/wp-json\/wp\/v2\/media\/9736"}],"wp:attachment":[{"href":"https:\/\/thelyflabs.com\/it\/wp-json\/wp\/v2\/media?parent=9732"}],"wp:term":[{"taxonomy":"product_brand","embeddable":true,"href":"https:\/\/thelyflabs.com\/it\/wp-json\/wp\/v2\/product_brand?post=9732"},{"taxonomy":"product_cat","embeddable":true,"href":"https:\/\/thelyflabs.com\/it\/wp-json\/wp\/v2\/product_cat?post=9732"},{"taxonomy":"product_tag","embeddable":true,"href":"https:\/\/thelyflabs.com\/it\/wp-json\/wp\/v2\/product_tag?post=9732"}],"curies":[{"name":"parola chiave","href":"https:\/\/api.w.org\/{rel}","templated":true}]}}