{"id":3,"date":"2023-01-22T14:15:50","date_gmt":"2023-01-22T14:15:50","guid":{"rendered":"http:\/\/thelyflabs.com\/?page_id=3"},"modified":"2026-03-25T09:32:14","modified_gmt":"2026-03-25T08:32:14","slug":"privacy-policy","status":"publish","type":"page","link":"https:\/\/thelyflabs.com\/pt\/privacy-policy","title":{"rendered":"Pol\u00edtica de privacidade"},"content":{"rendered":"<p style=\"text-align: justify;\"><strong>Privacidade Condi\u00e7\u00f5es Legais<\/strong><\/p>\n<!-- \/wp:post-content -->\n<p style=\"text-align: justify;\"><!-- wp:paragraph -->As Condi\u00e7\u00f5es Legais de Privacidade fazem parte das Condi\u00e7\u00f5es Legais Gerais (doravante, os &quot;Termos de Uso&quot;) que regem, entre outros, o acesso e uso do site contido no dom\u00ednio thelyflabs.com (doravante, a &quot;Web&quot;).<\/p>\n<!-- \/wp:paragraph -->\n<p style=\"text-align: justify;\"><!-- wp:paragraph -->O acesso e uso da Web implica a aceita\u00e7\u00e3o, sem reservas de qualquer tipo, como USU\u00c1RIO das Condi\u00e7\u00f5es de Uso.<\/p>\n<!-- \/wp:paragraph -->\n<p style=\"text-align: justify;\"><!-- wp:paragraph --><strong>1. IDENTIFICA\u00c7\u00c3O DO CONTROLADOR<\/strong><\/p>\n<!-- \/wp:paragraph -->\n<p style=\"text-align: justify;\"><!-- wp:paragraph -->Raz\u00f3n Social: Aura Works s.r.o.<\/p>\n<!-- \/wp:paragraph -->\n<p style=\"text-align: justify;\"><!-- wp:paragraph -->N\u00famero de Identificaci\u00f3n Fiscal (VAT): CZ23934352<\/p>\n<!-- \/wp:paragraph -->\n<p style=\"text-align: justify;\"><!-- wp:paragraph -->N\u00famero de Identificaci\u00f3n (I\u010cO): 239 34 352<\/p>\n<!-- \/wp:paragraph -->\n<p style=\"text-align: justify;\"><!-- wp:paragraph -->Domicilio Social: \u0160umavsk\u00e1 1094\/3, Vinohrady, 120 00 Praga 2, Rep\u00fablica Checa<\/p>\n<!-- \/wp:paragraph -->\n<p style=\"text-align: justify;\"><!-- wp:paragraph -->E-mail: contact@thelyflabs.com<\/p>\n<!-- \/wp:paragraph -->\n<p style=\"text-align: justify;\"><!-- wp:paragraph --><strong>2. DADOS PESSOAIS QUE GUARDAMOS E PROCESSAMOS<\/strong><\/p>\n<!-- \/wp:paragraph -->\n<p style=\"text-align: justify;\"><!-- wp:paragraph -->As informa\u00e7\u00f5es que coletamos incluem o endere\u00e7o de protocolo de Internet (IP) do dispositivo que voc\u00ea est\u00e1 usando, o programa de navegador que voc\u00ea est\u00e1 usando, seu sistema operacional, a data e a hora do acesso, o endere\u00e7o de Internet a partir do qual voc\u00ea acessou nosso site e tamb\u00e9m informa\u00e7\u00f5es sobre como voc\u00ea usa nosso site.<\/p>\n<!-- \/wp:paragraph -->\n<p style=\"text-align: justify;\"><!-- wp:paragraph -->Geralmente, os dados pessoais que o USU\u00c1RIO e\/ou USU\u00c1RIO-CLIENTE nos fornece s\u00e3o: nome e sobrenome, endere\u00e7o, RG, data de nascimento, e-mail, telefone para contato e dados para pagamento.<\/p>\n<!-- \/wp:paragraph -->\n<p style=\"text-align: justify;\"><!-- wp:paragraph -->N\u00e3o coletamos nenhuma informa\u00e7\u00e3o pessoal de menores.<\/p>\n<!-- \/wp:paragraph -->\n<p style=\"text-align: justify;\"><!-- wp:paragraph -->Se voc\u00ea \u00e9 menor de idade, n\u00e3o tente se registrar como USU\u00c1RIO-CLIENTE.<\/p>\n<!-- \/wp:paragraph -->\n<p style=\"text-align: justify;\"><!-- wp:paragraph -->Se descobrirmos que obtivemos inadvertidamente informa\u00e7\u00f5es pessoais de um menor, excluiremos essas informa\u00e7\u00f5es o mais r\u00e1pido poss\u00edvel.<\/p>\n<!-- \/wp:paragraph -->\n<p style=\"text-align: justify;\"><!-- wp:paragraph --><strong>3. ACEITA\u00c7\u00c3O E CONSENTIMENTO DO INTERESSADO<\/strong><\/p>\n<!-- \/wp:paragraph -->\n<p style=\"text-align: justify;\"><!-- wp:paragraph -->Nos casos em que para fazer um pedido seja necess\u00e1rio preencher e enviar um formul\u00e1rio, o seu preenchimento implicar\u00e1 necessariamente que foi informado e deu expressamente o seu consentimento ao conte\u00fado da cl\u00e1usula anexa ao referido formul\u00e1rio ou \u00e0 aceita\u00e7\u00e3o do mesmo a Pol\u00edtica de Privacidade.<\/p>\n<!-- \/wp:paragraph -->\n<p style=\"text-align: justify;\"><!-- wp:paragraph -->Todos os nossos formul\u00e1rios possuem o s\u00edmbolo * nos dados obrigat\u00f3rios. Caso voc\u00ea n\u00e3o forne\u00e7a esses campos ou n\u00e3o aceite a Pol\u00edtica de Privacidade, o envio das informa\u00e7\u00f5es n\u00e3o ser\u00e1 permitido.<\/p>\n<!-- \/wp:paragraph -->\n<p style=\"text-align: justify;\"><!-- wp:paragraph -->Em particular, o USU\u00c1RIO: &quot;Sou maior de 18 anos e li e aceito a Pol\u00edtica de Privacidade e Cookies.&quot;<\/p>\n<!-- \/wp:paragraph -->\n<p style=\"text-align: justify;\"><!-- wp:paragraph --><strong>4. LEGITIMA\u00c7\u00c3O PARA O TRATAMENTO DE DADOS PESSOAIS<\/strong><\/p>\n<!-- \/wp:paragraph -->\n<p style=\"text-align: justify;\"><!-- wp:paragraph -->A. Consentimento do USU\u00c1RIO e\/ou USU\u00c1RIO-CLIENTE.<\/p>\n<!-- \/wp:paragraph -->\n<p style=\"text-align: justify;\"><!-- wp:paragraph -->B. Execu\u00e7\u00e3o de um contrato.<\/p>\n<!-- \/wp:paragraph -->\n<p style=\"text-align: justify;\"><!-- wp:paragraph -->C. Cumplimiento de obligaciones legales, como puede ser la gesti\u00f3n del cobro de los recibos correspondientes al pago de los servicios prestados.<\/p>\n<!-- \/wp:paragraph -->\n<p style=\"text-align: justify;\"><!-- wp:paragraph --><strong>5. CUMPRIMENTO DE OBRIGA\u00c7\u00c3O LEGAL<\/strong><\/p>\n<!-- \/wp:paragraph -->\n<p style=\"text-align: justify;\"><!-- wp:paragraph -->La gesti\u00f3n del cobro de los recibos correspondientes al pago de los servicios prestados se realizar\u00e1 de conformidad con la normativa legal aplicable en cada momento.<\/p>\n<!-- \/wp:paragraph -->\n<p style=\"text-align: justify;\"><!-- wp:paragraph --><strong>6. USU\u00c1RIO-CLIENTE, FINALIDADES DO TRATAMENTO DOS SEUS DADOS<\/strong><\/p>\n<!-- \/wp:paragraph -->\n<p style=\"text-align: justify;\"><!-- wp:paragraph -->No The LYF Labs, processaremos seus dados pessoais para os seguintes fins:<\/p>\n<!-- \/wp:paragraph -->\n<p style=\"text-align: justify;\"><!-- wp:paragraph -->A. Gerenciar a rela\u00e7\u00e3o contratual e a presta\u00e7\u00e3o dos servi\u00e7os solicitados pelo USU\u00c1RIO-CLIENTE.<\/p>\n<!-- \/wp:paragraph -->\n<p style=\"text-align: justify;\"><!-- wp:paragraph -->B. Realizar todos os procedimentos administrativos, fiscais e cont\u00e1beis necess\u00e1rios para cumprir nossos compromissos e obriga\u00e7\u00f5es legais.<\/p>\n<!-- \/wp:paragraph -->\n<p style=\"text-align: justify;\"><!-- wp:paragraph -->C. Nos casos de d\u00e9bito direto, o The LYF Labs gerir\u00e1 a cobran\u00e7a na conta indicada para o efeito e por tempo indeterminado, enquanto perdurar a rela\u00e7\u00e3o entre ambas as partes, atrav\u00e9s dos recibos correspondentes ao pagamento dos servi\u00e7os prestados pelo The LYF Laborat\u00f3rios.<\/p>\n<!-- \/wp:paragraph -->\n<p style=\"text-align: justify;\"><!-- wp:paragraph -->D. Informar o USU\u00c1RIO-CLIENTE por qualquer meio, inclusive enviando comunica\u00e7\u00f5es comerciais para o endere\u00e7o de e-mail que o USU\u00c1RIO-CLIENTE fornecer, se aplic\u00e1vel, sobre os produtos e servi\u00e7os da The LYF Labs similares aos adquiridos pelo Usu\u00e1rio.<\/p>\n<!-- \/wp:paragraph -->\n<p style=\"text-align: justify;\"><!-- wp:paragraph -->E. Realizar atividades promocionais sobre outros produtos e servi\u00e7os de The LYF Labs, incluindo o envio de comunica\u00e7\u00f5es comerciais para o endere\u00e7o de correio eletr\u00f3nico que o USU\u00c1RIO-CLIENTE fornecer, se aplic\u00e1vel.<\/p>\n<!-- \/wp:paragraph -->\n<p style=\"text-align: justify;\"><!-- wp:paragraph --><strong>7. DIREITOS DO USU\u00c1RIO<\/strong><\/p>\n<!-- \/wp:paragraph -->\n<p style=\"text-align: justify;\"><!-- wp:paragraph -->A. Saiba se estamos processando seus dados ou n\u00e3o.<\/p>\n<!-- \/wp:paragraph -->\n<p style=\"text-align: justify;\"><!-- wp:paragraph -->B. Acesse seus dados pessoais.<\/p>\n<!-- \/wp:paragraph -->\n<p style=\"text-align: justify;\"><!-- wp:paragraph -->C. Solicitar a retifica\u00e7\u00e3o dos seus dados caso sejam inexatos.<\/p>\n<!-- \/wp:paragraph -->\n<p style=\"text-align: justify;\"><!-- wp:paragraph -->D. Solicitar a elimina\u00e7\u00e3o dos seus dados caso deixem de ser necess\u00e1rios para as finalidades para as quais foram recolhidos ou caso retire o consentimento concedido.<\/p>\n<!-- \/wp:paragraph -->\n<p style=\"text-align: justify;\"><!-- wp:paragraph -->E. Solicitar a limita\u00e7\u00e3o do tratamento dos seus dados, em alguns casos, caso em que apenas os conservaremos de acordo com a regulamenta\u00e7\u00e3o em vigor.<\/p>\n<!-- \/wp:paragraph -->\n<p style=\"text-align: justify;\"><!-- wp:paragraph -->F. Para transportar os seus dados, que lhe ser\u00e3o fornecidos num formato estruturado, de uso comum ou leg\u00edvel por m\u00e1quina. Se preferir, podemos envi\u00e1-los para o novo respons\u00e1vel que voc\u00ea designar para n\u00f3s. S\u00f3 \u00e9 v\u00e1lido em certos casos.<\/p>\n<!-- \/wp:paragraph -->\n<p style=\"text-align: justify;\"><!-- wp:paragraph -->G. Apresentar uma reclama\u00e7\u00e3o junto \u00e0 Ag\u00eancia Espanhola de Prote\u00e7\u00e3o de Dados ou autoridade de controle competente, se considerar que n\u00e3o o atendemos corretamente.<\/p>\n<!-- \/wp:paragraph -->\n<p style=\"text-align: justify;\"><!-- wp:paragraph -->H. Para revogar o consentimento para qualquer tratamento para o qual voc\u00ea nos consentiu, a qualquer momento.<\/p>\n<!-- \/wp:paragraph -->\n<p style=\"text-align: justify;\"><!-- wp:paragraph -->Se voc\u00ea modificar algum dado, agradecemos que nos avise para que possamos mant\u00ea-lo atualizado.<\/p>\n<!-- \/wp:paragraph -->\n<p style=\"text-align: justify;\"><!-- wp:paragraph --><strong>8. FORMUL\u00c1RIO PARA EXECU\u00c7\u00c3O DOS DIREITOS DO USU\u00c1RIO<\/strong><\/p>\n<!-- \/wp:paragraph -->\n<p style=\"text-align: justify;\">O LYF Labs disp\u00f5e de formul\u00e1rios para o exerc\u00edcio dos seus direitos que pode solicitar por e-mail ou, se preferir, pode utilizar os elaborados pela Ag\u00eancia Espanhola de Prote\u00e7\u00e3o de Dados ou por terceiros.<\/p>\n<p style=\"text-align: justify;\"><!-- wp:paragraph -->Estes formul\u00e1rios devem ser assinados eletronicamente ou acompanhados de uma fotoc\u00f3pia do DNI. Se algu\u00e9m o representa, voc\u00ea deve anexar uma c\u00f3pia do seu documento de identidade ou assinar o formul\u00e1rio com sua assinatura eletr\u00f4nica. Os formul\u00e1rios podem ser entregues pessoalmente, enviados por carta normal ou por correio eletr\u00f3nico para a morada que consta da Cl\u00e1usula 1.<\/p>\n<!-- \/wp:paragraph -->\n<p style=\"text-align: justify;\"><!-- wp:paragraph --><strong>9. DURA\u00c7\u00c3O DO ARMAZENAMENTO DE DADOS PESSOAIS<\/strong><\/p>\n<!-- \/wp:paragraph -->\n<p style=\"text-align: justify;\"><!-- wp:paragraph -->Os dados do USU\u00c1RIO tratados para o envio de publicidade e promo\u00e7\u00f5es de The LYF Labs ser\u00e3o mantidos at\u00e9 que o consentimento concedido seja revogado. Os dados do UTILIZADOR-CLIENTE ser\u00e3o conservados enquanto durar a presta\u00e7\u00e3o do servi\u00e7o ou obriga\u00e7\u00e3o legal de os conservar.<\/p>\n<!-- \/wp:paragraph -->\n<p style=\"text-align: justify;\"><!-- wp:paragraph --><strong>10. DESTINAT\u00c1RIOS DE DADOS PESSOAIS<\/strong><\/p>\n<!-- \/wp:paragraph -->\n<p style=\"text-align: justify;\"><!-- wp:paragraph -->Os dados pessoais recolhidos ser\u00e3o tratados exclusivamente para a correta presta\u00e7\u00e3o do servi\u00e7o.<\/p>\n<!-- \/wp:paragraph -->\n<p style=\"text-align: justify;\"><!-- wp:paragraph -->No \u00e2mbito das fun\u00e7\u00f5es de inspe\u00e7\u00e3o, avalia\u00e7\u00e3o, acredita\u00e7\u00e3o e planeamento, ter\u00e3o acesso aos seus dados pessoal t\u00e9cnico devidamente credenciado no cumprimento das suas fun\u00e7\u00f5es de verifica\u00e7\u00e3o da qualidade do servi\u00e7o, respeitando os seus direitos ou qualquer outra obriga\u00e7\u00e3o da empresa em rela\u00e7\u00e3o ao usu\u00e1rios ou da pr\u00f3pria Administra\u00e7\u00e3o P\u00fablica.<\/p>\n<!-- \/wp:paragraph -->\n<p style=\"text-align: justify;\"><!-- wp:paragraph -->Seus dados n\u00e3o ser\u00e3o cedidos a terceiros, salvo obriga\u00e7\u00e3o legal.<\/p>\n<!-- \/wp:paragraph -->\n<p style=\"text-align: justify;\"><!-- wp:paragraph -->En concreto se comunicar\u00e1n a la Agencia Estatal de la Administraci\u00f3n Tributaria y a bancos y entidades financieras para el cobro del servicio prestado o producto adquirido, as\u00ed como a los encargados del tratamiento necesarios para la ejecuci\u00f3n del acuerdo.<\/p>\n<!-- \/wp:paragraph -->\n<p style=\"text-align: justify;\"><!-- wp:paragraph -->Em caso de compra ou pagamento, caso opte por uma aplica\u00e7\u00e3o, website, plataforma, cart\u00e3o banc\u00e1rio, ou qualquer outro servi\u00e7o online, os seus dados ser\u00e3o transferidos para essa plataforma ou tratados no seu ambiente, sempre com a m\u00e1xima seguran\u00e7a.<\/p>\n<!-- \/wp:paragraph -->\n<p style=\"text-align: justify;\"><!-- wp:paragraph --><strong>11.BLOG<\/strong><\/p>\n<!-- \/wp:paragraph -->\n<p style=\"text-align: justify;\"><!-- wp:paragraph -->Na Web, o USU\u00c1RIO pode se inscrever no blog de The LYF Labs, desde que nos forne\u00e7a um endere\u00e7o de e-mail. Apenas armazenaremos seu endere\u00e7o de e-mail em nosso banco de dados e enviaremos e-mails periodicamente at\u00e9 que voc\u00ea solicite o cancelamento da assinatura ou paremos de enviar e-mails.<\/p>\n<!-- \/wp:paragraph -->\n<p style=\"text-align: justify;\"><!-- wp:paragraph --><strong>12. REDES SOCIAIS<\/strong><\/p>\n<!-- \/wp:paragraph -->\n<p style=\"text-align: justify;\"><!-- wp:paragraph -->Qualquer retifica\u00e7\u00e3o dos seus dados, informa\u00e7\u00f5es ou publica\u00e7\u00f5es dever\u00e1 ser efetuada atrav\u00e9s da configura\u00e7\u00e3o do seu perfil ou conta na pr\u00f3pria rede social.<\/p>\n<!-- \/wp:paragraph -->\n<p style=\"text-align: justify;\"><!-- wp:paragraph -->A aceita\u00e7\u00e3o de uma rela\u00e7\u00e3o contratual no ambiente da rede social correspondente, e de acordo com as suas pol\u00edticas de privacidade:<\/p>\n<!-- \/wp:paragraph -->\n<p style=\"text-align: justify;\"><!-- wp:paragraph -->Facebook<\/p>\n<p style=\"text-align: justify;\"><span style=\"text-align: justify;\">https:\/\/www.facebook.com\/policy.php?ref=pf<\/span><\/p>\n<!-- \/wp:paragraph -->\n<p style=\"text-align: justify;\"><!-- wp:paragraph -->Instagram<\/p>\n<p style=\"text-align: justify;\"><span style=\"text-align: justify;\">https:\/\/help.instagram.com\/155833707900388<\/span><\/p>\n<!-- \/wp:paragraph -->\n<p style=\"text-align: justify;\"><!-- wp:paragraph -->Linkedin<\/p>\n<p style=\"text-align: justify;\"><span style=\"text-align: justify;\">https:\/\/www.linkedin.com\/legal\/privacy-policy?trk=hb_ft_priv<\/span><\/p>\n<!-- \/wp:paragraph -->\n<p style=\"text-align: justify;\"><!-- wp:paragraph -->Google*<\/p>\n<p style=\"text-align: justify;\"><span style=\"text-align: justify;\">https:\/\/www.google.com\/intl\/es\/policies\/privacy\/<\/span><\/p>\n<!-- \/wp:paragraph -->\n<p style=\"text-align: justify;\"><!-- wp:paragraph -->*(Google+ e Youtube)<\/p>\n<!-- \/wp:paragraph -->\n<p style=\"text-align: justify;\"><!-- wp:paragraph --><strong>13. MEDIDAS DE SEGURAN\u00c7A<\/strong><\/p>\n<!-- \/wp:paragraph -->\n<p style=\"text-align: justify;\">O THE LYF LABS informa que implementou as medidas de seguran\u00e7a t\u00e9cnicas e organizativas necess\u00e1rias para garantir a seguran\u00e7a dos seus dados pessoais e prevenir a sua altera\u00e7\u00e3o, perda, tratamento e\/ou acesso n\u00e3o autorizado, tendo em conta o estado da tecnologia, a natureza do os dados armazenados e os riscos a que est\u00e3o expostos, sejam eles provenientes da a\u00e7\u00e3o humana ou do meio f\u00edsico ou natural, tudo de acordo com o disposto na normativa vigente.<\/p>","protected":false},"excerpt":{"rendered":"<p>Condiciones Legales de Privacidad Las Condiciones Legales de Privacidad forman parte de las Condiciones Legales Generales (en adelante, las \u00abCondiciones de Uso\u00bb) que rigen, entre otros, el acceso y uso al sitio web contenido en el dominio thelyflabs.com (en adelante, la \u00abWeb\u00bb). El acceso y uso a la Web supone la aceptaci\u00f3n, sin reservas de [&hellip;]<\/p>\n","protected":false},"author":1,"featured_media":0,"parent":0,"menu_order":0,"comment_status":"closed","ping_status":"open","template":"","meta":{"_acf_changed":false,"site-sidebar-layout":"default","site-content-layout":"","ast-site-content-layout":"default","site-content-style":"default","site-sidebar-style":"default","ast-global-header-display":"","ast-banner-title-visibility":"","ast-main-header-display":"","ast-hfb-above-header-display":"","ast-hfb-below-header-display":"","ast-hfb-mobile-header-display":"","site-post-title":"","ast-breadcrumbs-content":"","ast-featured-img":"","footer-sml-layout":"","theme-transparent-header-meta":"","adv-header-id-meta":"","stick-header-meta":"","header-above-stick-meta":"","header-main-stick-meta":"","header-below-stick-meta":"","astra-migrate-meta-layouts":"set","ast-page-background-enabled":"default","ast-page-background-meta":{"desktop":{"background-color":"var(--ast-global-color-4)","background-image":"","background-repeat":"repeat","background-position":"center center","background-size":"auto","background-attachment":"scroll","background-type":"","background-media":"","overlay-type":"","overlay-color":"","overlay-opacity":"","overlay-gradient":""},"tablet":{"background-color":"","background-image":"","background-repeat":"repeat","background-position":"center center","background-size":"auto","background-attachment":"scroll","background-type":"","background-media":"","overlay-type":"","overlay-color":"","overlay-opacity":"","overlay-gradient":""},"mobile":{"background-color":"","background-image":"","background-repeat":"repeat","background-position":"center center","background-size":"auto","background-attachment":"scroll","background-type":"","background-media":"","overlay-type":"","overlay-color":"","overlay-opacity":"","overlay-gradient":""}},"ast-content-background-meta":{"desktop":{"background-color":"var(--ast-global-color-5)","background-image":"","background-repeat":"repeat","background-position":"center center","background-size":"auto","background-attachment":"scroll","background-type":"","background-media":"","overlay-type":"","overlay-color":"","overlay-opacity":"","overlay-gradient":""},"tablet":{"background-color":"var(--ast-global-color-5)","background-image":"","background-repeat":"repeat","background-position":"center center","background-size":"auto","background-attachment":"scroll","background-type":"","background-media":"","overlay-type":"","overlay-color":"","overlay-opacity":"","overlay-gradient":""},"mobile":{"background-color":"var(--ast-global-color-5)","background-image":"","background-repeat":"repeat","background-position":"center center","background-size":"auto","background-attachment":"scroll","background-type":"","background-media":"","overlay-type":"","overlay-color":"","overlay-opacity":"","overlay-gradient":""}},"footnotes":""},"class_list":["post-3","page","type-page","status-publish","hentry"],"acf":[],"yoast_head":"<!-- This site is optimized with the Yoast SEO plugin v27.5 - https:\/\/yoast.com\/product\/yoast-seo-wordpress\/ -->\n<title>Pol\u00edtica de privacidad - THE LYF LABS<\/title>\n<meta name=\"robots\" content=\"index, follow, max-snippet:-1, max-image-preview:large, max-video-preview:-1\" \/>\n<link rel=\"canonical\" href=\"https:\/\/thelyflabs.com\/pt\/privacy-policy\/\" \/>\n<meta property=\"og:locale\" content=\"pt_PT\" \/>\n<meta property=\"og:type\" content=\"article\" \/>\n<meta property=\"og:title\" content=\"Pol\u00edtica de privacidad - THE LYF LABS\" \/>\n<meta property=\"og:description\" content=\"Condiciones Legales de Privacidad Las Condiciones Legales de Privacidad forman parte de las Condiciones Legales Generales (en adelante, las \u00abCondiciones de Uso\u00bb) que rigen, entre otros, el acceso y uso al sitio web contenido en el dominio thelyflabs.com (en adelante, la \u00abWeb\u00bb). El acceso y uso a la Web supone la aceptaci\u00f3n, sin reservas de [&hellip;]\" \/>\n<meta property=\"og:url\" content=\"https:\/\/thelyflabs.com\/pt\/privacy-policy\/\" \/>\n<meta property=\"og:site_name\" content=\"THE LYF LABS\" \/>\n<meta property=\"article:modified_time\" content=\"2026-03-25T08:32:14+00:00\" \/>\n<meta name=\"twitter:card\" content=\"summary_large_image\" \/>\n<meta name=\"twitter:label1\" content=\"Tempo estimado de leitura\" \/>\n\t<meta name=\"twitter:data1\" content=\"6 minutos\" \/>\n<script type=\"application\/ld+json\" class=\"yoast-schema-graph\">{\"@context\":\"https:\\\/\\\/schema.org\",\"@graph\":[{\"@type\":\"WebPage\",\"@id\":\"https:\\\/\\\/thelyflabs.com\\\/privacy-policy\",\"url\":\"https:\\\/\\\/thelyflabs.com\\\/privacy-policy\",\"name\":\"Pol\u00edtica de privacidad - THE LYF LABS\",\"isPartOf\":{\"@id\":\"https:\\\/\\\/thelyflabs.com\\\/#website\"},\"datePublished\":\"2023-01-22T14:15:50+00:00\",\"dateModified\":\"2026-03-25T08:32:14+00:00\",\"breadcrumb\":{\"@id\":\"https:\\\/\\\/thelyflabs.com\\\/privacy-policy#breadcrumb\"},\"inLanguage\":\"pt-PT\",\"potentialAction\":[{\"@type\":\"ReadAction\",\"target\":[\"https:\\\/\\\/thelyflabs.com\\\/privacy-policy\"]}]},{\"@type\":\"BreadcrumbList\",\"@id\":\"https:\\\/\\\/thelyflabs.com\\\/privacy-policy#breadcrumb\",\"itemListElement\":[{\"@type\":\"ListItem\",\"position\":1,\"name\":\"Portada\",\"item\":\"https:\\\/\\\/thelyflabs.com\\\/\"},{\"@type\":\"ListItem\",\"position\":2,\"name\":\"Pol\u00edtica de privacidad\"}]},{\"@type\":\"WebSite\",\"@id\":\"https:\\\/\\\/thelyflabs.com\\\/#website\",\"url\":\"https:\\\/\\\/thelyflabs.com\\\/\",\"name\":\"The LYF Labs\",\"description\":\"CBD al por mayor\",\"publisher\":{\"@id\":\"https:\\\/\\\/thelyflabs.com\\\/#organization\"},\"potentialAction\":[{\"@type\":\"SearchAction\",\"target\":{\"@type\":\"EntryPoint\",\"urlTemplate\":\"https:\\\/\\\/thelyflabs.com\\\/?s={search_term_string}\"},\"query-input\":{\"@type\":\"PropertyValueSpecification\",\"valueRequired\":true,\"valueName\":\"search_term_string\"}}],\"inLanguage\":\"pt-PT\"},{\"@type\":\"Organization\",\"@id\":\"https:\\\/\\\/thelyflabs.com\\\/#organization\",\"name\":\"The LYF Labs\",\"url\":\"https:\\\/\\\/thelyflabs.com\\\/\",\"logo\":{\"@type\":\"ImageObject\",\"inLanguage\":\"pt-PT\",\"@id\":\"https:\\\/\\\/thelyflabs.com\\\/#\\\/schema\\\/logo\\\/image\\\/\",\"url\":\"https:\\\/\\\/thelyflabs.com\\\/wp-content\\\/uploads\\\/2023\\\/01\\\/cropped-LogoTheLYFLabs.png\",\"contentUrl\":\"https:\\\/\\\/thelyflabs.com\\\/wp-content\\\/uploads\\\/2023\\\/01\\\/cropped-LogoTheLYFLabs.png\",\"width\":600,\"height\":180,\"caption\":\"The LYF Labs\"},\"image\":{\"@id\":\"https:\\\/\\\/thelyflabs.com\\\/#\\\/schema\\\/logo\\\/image\\\/\"}}]}<\/script>\n<!-- \/ Yoast SEO plugin. -->","yoast_head_json":{"title":"Pol\u00edtica de Privacidade - THE LYF LABS","robots":{"index":"index","follow":"follow","max-snippet":"max-snippet:-1","max-image-preview":"max-image-preview:large","max-video-preview":"max-video-preview:-1"},"canonical":"https:\/\/thelyflabs.com\/pt\/privacy-policy\/","og_locale":"pt_PT","og_type":"article","og_title":"Pol\u00edtica de privacidad - THE LYF LABS","og_description":"Condiciones Legales de Privacidad Las Condiciones Legales de Privacidad forman parte de las Condiciones Legales Generales (en adelante, las \u00abCondiciones de Uso\u00bb) que rigen, entre otros, el acceso y uso al sitio web contenido en el dominio thelyflabs.com (en adelante, la \u00abWeb\u00bb). El acceso y uso a la Web supone la aceptaci\u00f3n, sin reservas de [&hellip;]","og_url":"https:\/\/thelyflabs.com\/pt\/privacy-policy\/","og_site_name":"THE LYF LABS","article_modified_time":"2026-03-25T08:32:14+00:00","twitter_card":"summary_large_image","twitter_misc":{"Tempo estimado de leitura":"6 minutos"},"schema":{"@context":"https:\/\/schema.org","@graph":[{"@type":"WebPage","@id":"https:\/\/thelyflabs.com\/privacy-policy","url":"https:\/\/thelyflabs.com\/privacy-policy","name":"Pol\u00edtica de Privacidade - THE LYF LABS","isPartOf":{"@id":"https:\/\/thelyflabs.com\/#website"},"datePublished":"2023-01-22T14:15:50+00:00","dateModified":"2026-03-25T08:32:14+00:00","breadcrumb":{"@id":"https:\/\/thelyflabs.com\/privacy-policy#breadcrumb"},"inLanguage":"pt-PT","potentialAction":[{"@type":"ReadAction","target":["https:\/\/thelyflabs.com\/privacy-policy"]}]},{"@type":"BreadcrumbList","@id":"https:\/\/thelyflabs.com\/privacy-policy#breadcrumb","itemListElement":[{"@type":"ListItem","position":1,"name":"Portada","item":"https:\/\/thelyflabs.com\/"},{"@type":"ListItem","position":2,"name":"Pol\u00edtica de privacidad"}]},{"@type":"WebSite","@id":"https:\/\/thelyflabs.com\/#website","url":"https:\/\/thelyflabs.com\/","name":"Os Laborat\u00f3rios LYF","description":"CBD atacado","publisher":{"@id":"https:\/\/thelyflabs.com\/#organization"},"potentialAction":[{"@type":"SearchAction","target":{"@type":"EntryPoint","urlTemplate":"https:\/\/thelyflabs.com\/?s={search_term_string}"},"query-input":{"@type":"PropertyValueSpecification","valueRequired":true,"valueName":"search_term_string"}}],"inLanguage":"pt-PT"},{"@type":"Organization","@id":"https:\/\/thelyflabs.com\/#organization","name":"Os Laborat\u00f3rios LYF","url":"https:\/\/thelyflabs.com\/","logo":{"@type":"ImageObject","inLanguage":"pt-PT","@id":"https:\/\/thelyflabs.com\/#\/schema\/logo\/image\/","url":"https:\/\/thelyflabs.com\/wp-content\/uploads\/2023\/01\/cropped-LogoTheLYFLabs.png","contentUrl":"https:\/\/thelyflabs.com\/wp-content\/uploads\/2023\/01\/cropped-LogoTheLYFLabs.png","width":600,"height":180,"caption":"The LYF Labs"},"image":{"@id":"https:\/\/thelyflabs.com\/#\/schema\/logo\/image\/"}}]}},"_links":{"self":[{"href":"https:\/\/thelyflabs.com\/pt\/wp-json\/wp\/v2\/pages\/3","targetHints":{"allow":["GET"]}}],"collection":[{"href":"https:\/\/thelyflabs.com\/pt\/wp-json\/wp\/v2\/pages"}],"about":[{"href":"https:\/\/thelyflabs.com\/pt\/wp-json\/wp\/v2\/types\/page"}],"author":[{"embeddable":true,"href":"https:\/\/thelyflabs.com\/pt\/wp-json\/wp\/v2\/users\/1"}],"replies":[{"embeddable":true,"href":"https:\/\/thelyflabs.com\/pt\/wp-json\/wp\/v2\/comments?post=3"}],"version-history":[{"count":5,"href":"https:\/\/thelyflabs.com\/pt\/wp-json\/wp\/v2\/pages\/3\/revisions"}],"predecessor-version":[{"id":17637,"href":"https:\/\/thelyflabs.com\/pt\/wp-json\/wp\/v2\/pages\/3\/revisions\/17637"}],"wp:attachment":[{"href":"https:\/\/thelyflabs.com\/pt\/wp-json\/wp\/v2\/media?parent=3"}],"curies":[{"name":"wp","href":"https:\/\/api.w.org\/{rel}","templated":true}]}}