{"id":84,"date":"2023-01-28T16:43:47","date_gmt":"2023-01-28T16:43:47","guid":{"rendered":"https:\/\/thelyflabs.com\/?page_id=84"},"modified":"2023-02-21T18:08:43","modified_gmt":"2023-02-21T18:08:43","slug":"empresa","status":"publish","type":"page","link":"https:\/\/thelyflabs.com\/pt\/empresa","title":{"rendered":"Empresa"},"content":{"rendered":"<div data-elementor-type=\"wp-page\" data-elementor-id=\"84\" class=\"elementor elementor-84\" data-elementor-post-type=\"page\">\n\t\t\t\t\t\t<section class=\"elementor-section elementor-top-section elementor-element elementor-element-f30f68b elementor-section-boxed elementor-section-height-default elementor-section-height-default elementor-invisible\" data-id=\"f30f68b\" data-element_type=\"section\" data-e-type=\"section\" data-settings=\"{&quot;animation&quot;:&quot;fadeIn&quot;}\">\n\t\t\t\t\t\t<div class=\"elementor-container elementor-column-gap-default\">\n\t\t\t\t\t<div class=\"elementor-column elementor-col-100 elementor-top-column elementor-element elementor-element-715d933\" data-id=\"715d933\" data-element_type=\"column\" data-e-type=\"column\">\n\t\t\t<div class=\"elementor-widget-wrap elementor-element-populated\">\n\t\t\t\t\t\t<div class=\"elementor-element elementor-element-b7990a5 elementor-widget elementor-widget-spacer\" data-id=\"b7990a5\" data-element_type=\"widget\" data-e-type=\"widget\" data-widget_type=\"spacer.default\">\n\t\t\t\t<div class=\"elementor-widget-container\">\n\t\t\t\t\t\t\t<div class=\"elementor-spacer\">\n\t\t\t<div class=\"elementor-spacer-inner\"><\/div>\n\t\t<\/div>\n\t\t\t\t\t\t<\/div>\n\t\t\t\t<\/div>\n\t\t\t\t<div class=\"elementor-element elementor-element-b5fa885 elementor-widget elementor-widget-heading\" data-id=\"b5fa885\" data-element_type=\"widget\" data-e-type=\"widget\" data-widget_type=\"heading.default\">\n\t\t\t\t<div class=\"elementor-widget-container\">\n\t\t\t\t\t<h2 class=\"elementor-heading-title elementor-size-default\">O que \u00e9 o LYF Labs e por que nos escolher? <\/h2>\t\t\t\t<\/div>\n\t\t\t\t<\/div>\n\t\t\t\t<div class=\"elementor-element elementor-element-2b8be53 elementor-widget elementor-widget-text-editor\" data-id=\"2b8be53\" data-element_type=\"widget\" data-e-type=\"widget\" data-widget_type=\"text-editor.default\">\n\t\t\t\t<div class=\"elementor-widget-container\">\n\t\t\t\t\t\t\t\t\t<p style=\"margin: 0cm 0cm 19.2pt; text-align: justify; background-image: initial; background-position: initial; background-size: initial; background-repeat: initial; background-attachment: initial; background-origin: initial; background-clip: initial;\"><span lang=\"ES\" style=\"font-family: Montserrat; background-image: initial; background-position: initial; background-size: initial; background-repeat: initial; background-attachment: initial; background-origin: initial; background-clip: initial;\">A LYF Labs \u00e9 uma empresa dedicada ao desenvolvimento de todo o tipo de produtos derivados do C\u00e2nhamo<\/span><span lang=\"ES\" style=\"font-family: Montserrat;\">. Orgulhamo-nos de dizer que controlamos todo o processo de cria\u00e7\u00e3o dos nossos produtos: desde o cultivo da planta do c\u00e2nhamo at\u00e9 ao fabrico do produto final. Tamb\u00e9m podemos desenvolver sua marca e criar um E-Commerce que atenda \u00e0s suas necessidades de vendas. Somos especializados em tudo o que \u00e9 necess\u00e1rio para atender nossos clientes e ajud\u00e1-los a transformar suas ideias em produtos de sucesso.<\/span><\/p>\n<p style=\"margin: 0cm 0cm 19.2pt; text-align: justify; background-image: initial; background-position: initial; background-size: initial; background-repeat: initial; background-attachment: initial; background-origin: initial; background-clip: initial;\"><span lang=\"ES\" style=\"font-family: Montserrat;\">O LYF Labs nasceu do nosso amor e respeito pela planta Cannabis Sativa. Conhecemos os seus benef\u00edcios e procuramos utilizar as propriedades terap\u00eauticas do C\u00e2nhamo e do Canabidiol (CBD) para criar uma linha de produtos que contribuam para o bem-estar dos nossos clientes e que possam consumir com seguran\u00e7a e confian\u00e7a nos mais variados formatos e apresenta\u00e7\u00f5es dispon\u00edvel.&nbsp; <\/span><\/p>\n<h3 style=\"margin: 0cm 0cm 19.2pt; text-align: justify; background-image: initial; background-position: initial; background-size: initial; background-repeat: initial; background-attachment: initial; background-origin: initial; background-clip: initial;\"><span lang=\"ES\" style=\"font-family: Montserrat;\">Compromisso com o meio ambiente<\/span><\/h3>\n<p style=\"margin: 0cm 0cm 19.2pt; text-align: justify; background-image: initial; background-position: initial; background-size: initial; background-repeat: initial; background-attachment: initial; background-origin: initial; background-clip: initial;\"><span lang=\"ES\" style=\"font-family: Montserrat;\">A LYF Labs \u00e9 uma jovem empresa espanhola comprometida com o meio ambiente. Cultivamos nossas pr\u00f3prias plantas de c\u00e2nhamo org\u00e2nico de forma sustent\u00e1vel e sem nenhum tipo de aditivo qu\u00edmico ou OGM.<\/span><\/p>\n<h3 style=\"margin: 0cm 0cm 19.2pt; text-align: justify; background-image: initial; background-position: initial; background-size: initial; background-repeat: initial; background-attachment: initial; background-origin: initial; background-clip: initial;\"><span lang=\"ES\" style=\"font-family: Montserrat;\">Somos especialistas na venda de produtos CBD para atacadistas<\/span><\/h3>\n<p style=\"margin: 0cm 0cm 19.2pt; text-align: justify; background-image: initial; background-position: initial; background-size: initial; background-repeat: initial; background-attachment: initial; background-origin: initial; background-clip: initial;\"><span lang=\"ES\" style=\"font-family: Montserrat;\">Se procura produtos de alta qualidade, prontos a vender, com embalagens cuidadas, an\u00e1lises dispon\u00edveis e marcas atrativas e conhecidas no setor, convidamo-lo a descobrir o nosso cat\u00e1logo de produtos CBD para grossistas que encontrar\u00e1 em nossa Loja de Atacado exclusiva para profissionais a pre\u00e7os acess\u00edveis, que lhe permitir\u00e1 ter uma grande margem de lucro.<\/span><\/p>\n<h3 style=\"text-align: justify; background-image: initial; background-position: initial; background-size: initial; background-repeat: initial; background-attachment: initial; background-origin: initial; background-clip: initial;\"><span lang=\"ES\" style=\"font-family: Montserrat;\">Aconselhamo-lo no seu neg\u00f3cio de produtos relacionados com o c\u00e2nhamo<\/span><\/h3>\n<p style=\"text-align: justify; background-image: initial; background-position: initial; background-size: initial; background-repeat: initial; background-attachment: initial; background-origin: initial; background-clip: initial;\"><span lang=\"ES\" style=\"font-family: Montserrat;\">Se, em vez disso, voc\u00ea deseja desenvolver seus pr\u00f3prios produtos, veio ao lugar certo. Podemos ajud\u00e1-lo na cria\u00e7\u00e3o da identidade da sua marca, no desenvolvimento de uma linha de produtos com embalagens personalizadas de alta qualidade, no design e desenvolvimento da sua p\u00e1gina web com E-Commerce e na assist\u00eancia t\u00e9cnica e jur\u00eddica para lan\u00e7ar o seu neg\u00f3cio ou lev\u00e1-lo para o pr\u00f3ximo n\u00edvel para o seu neg\u00f3cio existente.<\/span><\/p>\n<p style=\"text-align: justify; background-image: initial; background-position: initial; background-size: initial; background-repeat: initial; background-attachment: initial; background-origin: initial; background-clip: initial;\"><span lang=\"ES\" style=\"font-family: Montserrat;\">Somos uma equipa dedicada de corpo e alma \u00e0 planta Cannabis Sativa que tanto nos faz bem e que traduzimos em tudo o que fazemos, para n\u00f3s e para os nossos clientes. <\/span><\/p>\n<p style=\"text-align: justify; background-image: initial; background-position: initial; background-size: initial; background-repeat: initial; background-attachment: initial; background-origin: initial; background-clip: initial;\"><span lang=\"ES\" style=\"font-family: Montserrat;\">Estamos ansiosos para que voc\u00ea se junte a n\u00f3s.&nbsp;&nbsp;<\/span><\/p>\t\t\t\t\t\t\t\t<\/div>\n\t\t\t\t<\/div>\n\t\t\t\t\t<\/div>\n\t\t<\/div>\n\t\t\t\t\t<\/div>\n\t\t<\/section>\n\t\t\t\t<\/div>","protected":false},"excerpt":{"rendered":"<p>\u00bfQu\u00e9 es The LYF Labs y por qu\u00e9 elegirnos? The LYF Labs es una empresa dedicada al desarrollo de todo tipo de productos derivados del C\u00e1\u00f1amo. Nos enorgullece decir que controlamos todo el proceso de creaci\u00f3n de nuestros productos: desde el cultivo de la planta del c\u00e1\u00f1amo hasta la fabricaci\u00f3n del producto final. Tambi\u00e9n podemos [&hellip;]<\/p>\n","protected":false},"author":1,"featured_media":0,"parent":0,"menu_order":0,"comment_status":"closed","ping_status":"closed","template":"","meta":{"_acf_changed":false,"site-sidebar-layout":"no-sidebar","site-content-layout":"page-builder","ast-site-content-layout":"default","site-content-style":"default","site-sidebar-style":"default","ast-global-header-display":"","ast-banner-title-visibility":"","ast-main-header-display":"","ast-hfb-above-header-display":"","ast-hfb-below-header-display":"","ast-hfb-mobile-header-display":"","site-post-title":"disabled","ast-breadcrumbs-content":"","ast-featured-img":"disabled","footer-sml-layout":"","theme-transparent-header-meta":"","adv-header-id-meta":"","stick-header-meta":"","header-above-stick-meta":"","header-main-stick-meta":"","header-below-stick-meta":"","astra-migrate-meta-layouts":"default","ast-page-background-enabled":"default","ast-page-background-meta":{"desktop":{"background-color":"var(--ast-global-color-4)","background-image":"","background-repeat":"repeat","background-position":"center center","background-size":"auto","background-attachment":"scroll","background-type":"","background-media":"","overlay-type":"","overlay-color":"","overlay-opacity":"","overlay-gradient":""},"tablet":{"background-color":"","background-image":"","background-repeat":"repeat","background-position":"center center","background-size":"auto","background-attachment":"scroll","background-type":"","background-media":"","overlay-type":"","overlay-color":"","overlay-opacity":"","overlay-gradient":""},"mobile":{"background-color":"","background-image":"","background-repeat":"repeat","background-position":"center center","background-size":"auto","background-attachment":"scroll","background-type":"","background-media":"","overlay-type":"","overlay-color":"","overlay-opacity":"","overlay-gradient":""}},"ast-content-background-meta":{"desktop":{"background-color":"var(--ast-global-color-5)","background-image":"","background-repeat":"repeat","background-position":"center center","background-size":"auto","background-attachment":"scroll","background-type":"","background-media":"","overlay-type":"","overlay-color":"","overlay-opacity":"","overlay-gradient":""},"tablet":{"background-color":"var(--ast-global-color-5)","background-image":"","background-repeat":"repeat","background-position":"center center","background-size":"auto","background-attachment":"scroll","background-type":"","background-media":"","overlay-type":"","overlay-color":"","overlay-opacity":"","overlay-gradient":""},"mobile":{"background-color":"var(--ast-global-color-5)","background-image":"","background-repeat":"repeat","background-position":"center center","background-size":"auto","background-attachment":"scroll","background-type":"","background-media":"","overlay-type":"","overlay-color":"","overlay-opacity":"","overlay-gradient":""}},"footnotes":""},"class_list":["post-84","page","type-page","status-publish","hentry"],"acf":[],"yoast_head":"<!-- This site is optimized with the Yoast SEO plugin v27.3 - https:\/\/yoast.com\/product\/yoast-seo-wordpress\/ -->\n<title>Empresa - THE LYF LABS<\/title>\n<meta name=\"robots\" content=\"index, follow, max-snippet:-1, max-image-preview:large, max-video-preview:-1\" \/>\n<link rel=\"canonical\" href=\"https:\/\/thelyflabs.com\/pt\/empresa\/\" \/>\n<meta property=\"og:locale\" content=\"pt_PT\" \/>\n<meta property=\"og:type\" content=\"article\" \/>\n<meta property=\"og:title\" content=\"Empresa - THE LYF LABS\" \/>\n<meta property=\"og:description\" content=\"\u00bfQu\u00e9 es The LYF Labs y por qu\u00e9 elegirnos? The LYF Labs es una empresa dedicada al desarrollo de todo tipo de productos derivados del C\u00e1\u00f1amo. Nos enorgullece decir que controlamos todo el proceso de creaci\u00f3n de nuestros productos: desde el cultivo de la planta del c\u00e1\u00f1amo hasta la fabricaci\u00f3n del producto final. Tambi\u00e9n podemos [&hellip;]\" \/>\n<meta property=\"og:url\" content=\"https:\/\/thelyflabs.com\/pt\/empresa\/\" \/>\n<meta property=\"og:site_name\" content=\"THE LYF LABS\" \/>\n<meta property=\"article:modified_time\" content=\"2023-02-21T18:08:43+00:00\" \/>\n<meta name=\"twitter:card\" content=\"summary_large_image\" \/>\n<meta name=\"twitter:label1\" content=\"Tempo estimado de leitura\" \/>\n\t<meta name=\"twitter:data1\" content=\"2 minutos\" \/>\n<script type=\"application\/ld+json\" class=\"yoast-schema-graph\">{\"@context\":\"https:\\\/\\\/schema.org\",\"@graph\":[{\"@type\":\"WebPage\",\"@id\":\"https:\\\/\\\/thelyflabs.com\\\/empresa\",\"url\":\"https:\\\/\\\/thelyflabs.com\\\/empresa\",\"name\":\"Empresa - THE LYF LABS\",\"isPartOf\":{\"@id\":\"https:\\\/\\\/thelyflabs.com\\\/#website\"},\"datePublished\":\"2023-01-28T16:43:47+00:00\",\"dateModified\":\"2023-02-21T18:08:43+00:00\",\"breadcrumb\":{\"@id\":\"https:\\\/\\\/thelyflabs.com\\\/empresa#breadcrumb\"},\"inLanguage\":\"pt-PT\",\"potentialAction\":[{\"@type\":\"ReadAction\",\"target\":[\"https:\\\/\\\/thelyflabs.com\\\/empresa\"]}]},{\"@type\":\"BreadcrumbList\",\"@id\":\"https:\\\/\\\/thelyflabs.com\\\/empresa#breadcrumb\",\"itemListElement\":[{\"@type\":\"ListItem\",\"position\":1,\"name\":\"Portada\",\"item\":\"https:\\\/\\\/thelyflabs.com\\\/\"},{\"@type\":\"ListItem\",\"position\":2,\"name\":\"Empresa\"}]},{\"@type\":\"WebSite\",\"@id\":\"https:\\\/\\\/thelyflabs.com\\\/#website\",\"url\":\"https:\\\/\\\/thelyflabs.com\\\/\",\"name\":\"The LYF Labs\",\"description\":\"CBD al por mayor\",\"publisher\":{\"@id\":\"https:\\\/\\\/thelyflabs.com\\\/#organization\"},\"potentialAction\":[{\"@type\":\"SearchAction\",\"target\":{\"@type\":\"EntryPoint\",\"urlTemplate\":\"https:\\\/\\\/thelyflabs.com\\\/?s={search_term_string}\"},\"query-input\":{\"@type\":\"PropertyValueSpecification\",\"valueRequired\":true,\"valueName\":\"search_term_string\"}}],\"inLanguage\":\"pt-PT\"},{\"@type\":\"Organization\",\"@id\":\"https:\\\/\\\/thelyflabs.com\\\/#organization\",\"name\":\"The LYF Labs\",\"url\":\"https:\\\/\\\/thelyflabs.com\\\/\",\"logo\":{\"@type\":\"ImageObject\",\"inLanguage\":\"pt-PT\",\"@id\":\"https:\\\/\\\/thelyflabs.com\\\/#\\\/schema\\\/logo\\\/image\\\/\",\"url\":\"https:\\\/\\\/thelyflabs.com\\\/wp-content\\\/uploads\\\/2023\\\/01\\\/cropped-LogoTheLYFLabs.png\",\"contentUrl\":\"https:\\\/\\\/thelyflabs.com\\\/wp-content\\\/uploads\\\/2023\\\/01\\\/cropped-LogoTheLYFLabs.png\",\"width\":600,\"height\":180,\"caption\":\"The LYF Labs\"},\"image\":{\"@id\":\"https:\\\/\\\/thelyflabs.com\\\/#\\\/schema\\\/logo\\\/image\\\/\"}}]}<\/script>\n<!-- \/ Yoast SEO plugin. -->","yoast_head_json":{"title":"Empresa - THE LYF LABS","robots":{"index":"index","follow":"follow","max-snippet":"max-snippet:-1","max-image-preview":"max-image-preview:large","max-video-preview":"max-video-preview:-1"},"canonical":"https:\/\/thelyflabs.com\/pt\/empresa\/","og_locale":"pt_PT","og_type":"article","og_title":"Empresa - THE LYF LABS","og_description":"\u00bfQu\u00e9 es The LYF Labs y por qu\u00e9 elegirnos? The LYF Labs es una empresa dedicada al desarrollo de todo tipo de productos derivados del C\u00e1\u00f1amo. Nos enorgullece decir que controlamos todo el proceso de creaci\u00f3n de nuestros productos: desde el cultivo de la planta del c\u00e1\u00f1amo hasta la fabricaci\u00f3n del producto final. Tambi\u00e9n podemos [&hellip;]","og_url":"https:\/\/thelyflabs.com\/pt\/empresa\/","og_site_name":"THE LYF LABS","article_modified_time":"2023-02-21T18:08:43+00:00","twitter_card":"summary_large_image","twitter_misc":{"Tempo estimado de leitura":"2 minutos"},"schema":{"@context":"https:\/\/schema.org","@graph":[{"@type":"WebPage","@id":"https:\/\/thelyflabs.com\/empresa","url":"https:\/\/thelyflabs.com\/empresa","name":"Empresa - THE LYF LABS","isPartOf":{"@id":"https:\/\/thelyflabs.com\/#website"},"datePublished":"2023-01-28T16:43:47+00:00","dateModified":"2023-02-21T18:08:43+00:00","breadcrumb":{"@id":"https:\/\/thelyflabs.com\/empresa#breadcrumb"},"inLanguage":"pt-PT","potentialAction":[{"@type":"ReadAction","target":["https:\/\/thelyflabs.com\/empresa"]}]},{"@type":"BreadcrumbList","@id":"https:\/\/thelyflabs.com\/empresa#breadcrumb","itemListElement":[{"@type":"ListItem","position":1,"name":"Portada","item":"https:\/\/thelyflabs.com\/"},{"@type":"ListItem","position":2,"name":"Empresa"}]},{"@type":"WebSite","@id":"https:\/\/thelyflabs.com\/#website","url":"https:\/\/thelyflabs.com\/","name":"Os Laborat\u00f3rios LYF","description":"CBD atacado","publisher":{"@id":"https:\/\/thelyflabs.com\/#organization"},"potentialAction":[{"@type":"SearchAction","target":{"@type":"EntryPoint","urlTemplate":"https:\/\/thelyflabs.com\/?s={search_term_string}"},"query-input":{"@type":"PropertyValueSpecification","valueRequired":true,"valueName":"search_term_string"}}],"inLanguage":"pt-PT"},{"@type":"Organization","@id":"https:\/\/thelyflabs.com\/#organization","name":"Os Laborat\u00f3rios LYF","url":"https:\/\/thelyflabs.com\/","logo":{"@type":"ImageObject","inLanguage":"pt-PT","@id":"https:\/\/thelyflabs.com\/#\/schema\/logo\/image\/","url":"https:\/\/thelyflabs.com\/wp-content\/uploads\/2023\/01\/cropped-LogoTheLYFLabs.png","contentUrl":"https:\/\/thelyflabs.com\/wp-content\/uploads\/2023\/01\/cropped-LogoTheLYFLabs.png","width":600,"height":180,"caption":"The LYF Labs"},"image":{"@id":"https:\/\/thelyflabs.com\/#\/schema\/logo\/image\/"}}]}},"_links":{"self":[{"href":"https:\/\/thelyflabs.com\/pt\/wp-json\/wp\/v2\/pages\/84","targetHints":{"allow":["GET"]}}],"collection":[{"href":"https:\/\/thelyflabs.com\/pt\/wp-json\/wp\/v2\/pages"}],"about":[{"href":"https:\/\/thelyflabs.com\/pt\/wp-json\/wp\/v2\/types\/page"}],"author":[{"embeddable":true,"href":"https:\/\/thelyflabs.com\/pt\/wp-json\/wp\/v2\/users\/1"}],"replies":[{"embeddable":true,"href":"https:\/\/thelyflabs.com\/pt\/wp-json\/wp\/v2\/comments?post=84"}],"version-history":[{"count":46,"href":"https:\/\/thelyflabs.com\/pt\/wp-json\/wp\/v2\/pages\/84\/revisions"}],"predecessor-version":[{"id":1128,"href":"https:\/\/thelyflabs.com\/pt\/wp-json\/wp\/v2\/pages\/84\/revisions\/1128"}],"wp:attachment":[{"href":"https:\/\/thelyflabs.com\/pt\/wp-json\/wp\/v2\/media?parent=84"}],"curies":[{"name":"wp","href":"https:\/\/api.w.org\/{rel}","templated":true}]}}