{"id":913,"date":"2023-02-10T19:51:24","date_gmt":"2023-02-10T19:51:24","guid":{"rendered":"https:\/\/thelyflabs.com\/?page_id=913"},"modified":"2023-02-10T19:51:25","modified_gmt":"2023-02-10T19:51:25","slug":"descargo-de-responsabilidad","status":"publish","type":"page","link":"https:\/\/thelyflabs.com\/pt\/descargo-de-responsabilidad","title":{"rendered":"Isen\u00e7\u00e3o de responsabilidade"},"content":{"rendered":"<p>O THE LYF LABS n\u00e3o se responsabiliza pelo uso indevido dos produtos.<\/p>\n\n\n\n<p>Nenhum dos produtos se destina a diagnosticar, tratar ou curar qualquer doen\u00e7a. A consulta com um m\u00e9dico \u00e9 recomendada antes de iniciar um novo programa de suplemento diet\u00e9tico.<\/p>\n\n\n\n<p>Os produtos vendidos no THE LYF LABS, sejam eles CBD ou Hemp, n\u00e3o se destinam e n\u00e3o devem substituir nenhum tratamento m\u00e9dico recomendado por um profissional licenciado. Sempre que algum produto for fornecido, o mesmo dever\u00e1 ser supervisionado por um especialista e estar\u00e1 sempre sob a responsabilidade do usu\u00e1rio.<\/p>\n\n\n\n<p>Produto colecion\u00e1vel.<\/p>\n\n\n\n<p>Produtos destinados a uso decorativo. N\u00e3o psicoativo. N\u00e3o inale. THC inferior ao decreto real 1729\/1999. N\u00e3o recomendado para uso alimentar ou farmac\u00eautico.<\/p>\n\n\n\n<p>Nossos textos n\u00e3o substituem de forma alguma o conselho profissional de um m\u00e9dico ou farmac\u00eautico e n\u00e3o podem ser usados como base para diagn\u00f3stico independente e in\u00edcio, modifica\u00e7\u00e3o ou t\u00e9rmino do tratamento de doen\u00e7as. Se voc\u00ea tiver d\u00favidas ou reclama\u00e7\u00f5es sobre sua sa\u00fade, consulte sempre um m\u00e9dico de confian\u00e7a. Os conte\u00fados desta p\u00e1gina foram elaborados com o maior cuidado poss\u00edvel e servem exclusivamente para informa\u00e7\u00e3o e forma\u00e7\u00e3o cont\u00ednua sobre o assunto. No entanto, o THE LYF LABS n\u00e3o assume qualquer responsabilidade pela precis\u00e3o, atualidade e integridade dos textos e conte\u00fados fornecidos.<\/p>","protected":false},"excerpt":{"rendered":"<p>THE LYF LABS no se responsabiliza del uso indebido de los productos. Ninguno de los productos est\u00e1n destinados a diagnosticar, tratar o curar ninguna enfermedad. Se recomienda consultar con un m\u00e9dico antes de comenzar un nuevo programa de suplementos diet\u00e9ticos. Los productos que se venden en THE LYF LABS ya sean de CBD o C\u00e1\u00f1amo [&hellip;]<\/p>\n","protected":false},"author":1,"featured_media":0,"parent":0,"menu_order":0,"comment_status":"closed","ping_status":"closed","template":"","meta":{"_acf_changed":false,"site-sidebar-layout":"default","site-content-layout":"","ast-site-content-layout":"default","site-content-style":"default","site-sidebar-style":"default","ast-global-header-display":"","ast-banner-title-visibility":"","ast-main-header-display":"","ast-hfb-above-header-display":"","ast-hfb-below-header-display":"","ast-hfb-mobile-header-display":"","site-post-title":"","ast-breadcrumbs-content":"","ast-featured-img":"","footer-sml-layout":"","theme-transparent-header-meta":"","adv-header-id-meta":"","stick-header-meta":"","header-above-stick-meta":"","header-main-stick-meta":"","header-below-stick-meta":"","astra-migrate-meta-layouts":"default","ast-page-background-enabled":"default","ast-page-background-meta":{"desktop":{"background-color":"var(--ast-global-color-4)","background-image":"","background-repeat":"repeat","background-position":"center center","background-size":"auto","background-attachment":"scroll","background-type":"","background-media":"","overlay-type":"","overlay-color":"","overlay-opacity":"","overlay-gradient":""},"tablet":{"background-color":"","background-image":"","background-repeat":"repeat","background-position":"center center","background-size":"auto","background-attachment":"scroll","background-type":"","background-media":"","overlay-type":"","overlay-color":"","overlay-opacity":"","overlay-gradient":""},"mobile":{"background-color":"","background-image":"","background-repeat":"repeat","background-position":"center center","background-size":"auto","background-attachment":"scroll","background-type":"","background-media":"","overlay-type":"","overlay-color":"","overlay-opacity":"","overlay-gradient":""}},"ast-content-background-meta":{"desktop":{"background-color":"var(--ast-global-color-5)","background-image":"","background-repeat":"repeat","background-position":"center center","background-size":"auto","background-attachment":"scroll","background-type":"","background-media":"","overlay-type":"","overlay-color":"","overlay-opacity":"","overlay-gradient":""},"tablet":{"background-color":"var(--ast-global-color-5)","background-image":"","background-repeat":"repeat","background-position":"center center","background-size":"auto","background-attachment":"scroll","background-type":"","background-media":"","overlay-type":"","overlay-color":"","overlay-opacity":"","overlay-gradient":""},"mobile":{"background-color":"var(--ast-global-color-5)","background-image":"","background-repeat":"repeat","background-position":"center center","background-size":"auto","background-attachment":"scroll","background-type":"","background-media":"","overlay-type":"","overlay-color":"","overlay-opacity":"","overlay-gradient":""}},"footnotes":""},"class_list":["post-913","page","type-page","status-publish","hentry"],"acf":[],"yoast_head":"<!-- This site is optimized with the Yoast SEO plugin v27.3 - https:\/\/yoast.com\/product\/yoast-seo-wordpress\/ -->\n<title>Descargo de responsabilidad - THE LYF LABS<\/title>\n<meta name=\"robots\" content=\"index, follow, max-snippet:-1, max-image-preview:large, max-video-preview:-1\" \/>\n<link rel=\"canonical\" href=\"https:\/\/thelyflabs.com\/pt\/descargo-de-responsabilidad\/\" \/>\n<meta property=\"og:locale\" content=\"pt_PT\" \/>\n<meta property=\"og:type\" content=\"article\" \/>\n<meta property=\"og:title\" content=\"Descargo de responsabilidad - THE LYF LABS\" \/>\n<meta property=\"og:description\" content=\"THE LYF LABS no se responsabiliza del uso indebido de los productos. Ninguno de los productos est\u00e1n destinados a diagnosticar, tratar o curar ninguna enfermedad. Se recomienda consultar con un m\u00e9dico antes de comenzar un nuevo programa de suplementos diet\u00e9ticos. Los productos que se venden en THE LYF LABS ya sean de CBD o C\u00e1\u00f1amo [&hellip;]\" \/>\n<meta property=\"og:url\" content=\"https:\/\/thelyflabs.com\/pt\/descargo-de-responsabilidad\/\" \/>\n<meta property=\"og:site_name\" content=\"THE LYF LABS\" \/>\n<meta property=\"article:modified_time\" content=\"2023-02-10T19:51:25+00:00\" \/>\n<meta name=\"twitter:card\" content=\"summary_large_image\" \/>\n<meta name=\"twitter:label1\" content=\"Tempo estimado de leitura\" \/>\n\t<meta name=\"twitter:data1\" content=\"1 minuto\" \/>\n<script type=\"application\/ld+json\" class=\"yoast-schema-graph\">{\"@context\":\"https:\\\/\\\/schema.org\",\"@graph\":[{\"@type\":\"WebPage\",\"@id\":\"https:\\\/\\\/thelyflabs.com\\\/descargo-de-responsabilidad\",\"url\":\"https:\\\/\\\/thelyflabs.com\\\/descargo-de-responsabilidad\",\"name\":\"Descargo de responsabilidad - THE LYF LABS\",\"isPartOf\":{\"@id\":\"https:\\\/\\\/thelyflabs.com\\\/#website\"},\"datePublished\":\"2023-02-10T19:51:24+00:00\",\"dateModified\":\"2023-02-10T19:51:25+00:00\",\"breadcrumb\":{\"@id\":\"https:\\\/\\\/thelyflabs.com\\\/descargo-de-responsabilidad#breadcrumb\"},\"inLanguage\":\"pt-PT\",\"potentialAction\":[{\"@type\":\"ReadAction\",\"target\":[\"https:\\\/\\\/thelyflabs.com\\\/descargo-de-responsabilidad\"]}]},{\"@type\":\"BreadcrumbList\",\"@id\":\"https:\\\/\\\/thelyflabs.com\\\/descargo-de-responsabilidad#breadcrumb\",\"itemListElement\":[{\"@type\":\"ListItem\",\"position\":1,\"name\":\"Portada\",\"item\":\"https:\\\/\\\/thelyflabs.com\\\/\"},{\"@type\":\"ListItem\",\"position\":2,\"name\":\"Descargo de responsabilidad\"}]},{\"@type\":\"WebSite\",\"@id\":\"https:\\\/\\\/thelyflabs.com\\\/#website\",\"url\":\"https:\\\/\\\/thelyflabs.com\\\/\",\"name\":\"The LYF Labs\",\"description\":\"CBD al por mayor\",\"publisher\":{\"@id\":\"https:\\\/\\\/thelyflabs.com\\\/#organization\"},\"potentialAction\":[{\"@type\":\"SearchAction\",\"target\":{\"@type\":\"EntryPoint\",\"urlTemplate\":\"https:\\\/\\\/thelyflabs.com\\\/?s={search_term_string}\"},\"query-input\":{\"@type\":\"PropertyValueSpecification\",\"valueRequired\":true,\"valueName\":\"search_term_string\"}}],\"inLanguage\":\"pt-PT\"},{\"@type\":\"Organization\",\"@id\":\"https:\\\/\\\/thelyflabs.com\\\/#organization\",\"name\":\"The LYF Labs\",\"url\":\"https:\\\/\\\/thelyflabs.com\\\/\",\"logo\":{\"@type\":\"ImageObject\",\"inLanguage\":\"pt-PT\",\"@id\":\"https:\\\/\\\/thelyflabs.com\\\/#\\\/schema\\\/logo\\\/image\\\/\",\"url\":\"https:\\\/\\\/thelyflabs.com\\\/wp-content\\\/uploads\\\/2023\\\/01\\\/cropped-LogoTheLYFLabs.png\",\"contentUrl\":\"https:\\\/\\\/thelyflabs.com\\\/wp-content\\\/uploads\\\/2023\\\/01\\\/cropped-LogoTheLYFLabs.png\",\"width\":600,\"height\":180,\"caption\":\"The LYF Labs\"},\"image\":{\"@id\":\"https:\\\/\\\/thelyflabs.com\\\/#\\\/schema\\\/logo\\\/image\\\/\"}}]}<\/script>\n<!-- \/ Yoast SEO plugin. -->","yoast_head_json":{"title":"Isen\u00e7\u00e3o de responsabilidade - THE LYF LABS","robots":{"index":"index","follow":"follow","max-snippet":"max-snippet:-1","max-image-preview":"max-image-preview:large","max-video-preview":"max-video-preview:-1"},"canonical":"https:\/\/thelyflabs.com\/pt\/descargo-de-responsabilidad\/","og_locale":"pt_PT","og_type":"article","og_title":"Descargo de responsabilidad - THE LYF LABS","og_description":"THE LYF LABS no se responsabiliza del uso indebido de los productos. Ninguno de los productos est\u00e1n destinados a diagnosticar, tratar o curar ninguna enfermedad. Se recomienda consultar con un m\u00e9dico antes de comenzar un nuevo programa de suplementos diet\u00e9ticos. Los productos que se venden en THE LYF LABS ya sean de CBD o C\u00e1\u00f1amo [&hellip;]","og_url":"https:\/\/thelyflabs.com\/pt\/descargo-de-responsabilidad\/","og_site_name":"THE LYF LABS","article_modified_time":"2023-02-10T19:51:25+00:00","twitter_card":"summary_large_image","twitter_misc":{"Tempo estimado de leitura":"1 minuto"},"schema":{"@context":"https:\/\/schema.org","@graph":[{"@type":"WebPage","@id":"https:\/\/thelyflabs.com\/descargo-de-responsabilidad","url":"https:\/\/thelyflabs.com\/descargo-de-responsabilidad","name":"Isen\u00e7\u00e3o de responsabilidade - THE LYF LABS","isPartOf":{"@id":"https:\/\/thelyflabs.com\/#website"},"datePublished":"2023-02-10T19:51:24+00:00","dateModified":"2023-02-10T19:51:25+00:00","breadcrumb":{"@id":"https:\/\/thelyflabs.com\/descargo-de-responsabilidad#breadcrumb"},"inLanguage":"pt-PT","potentialAction":[{"@type":"ReadAction","target":["https:\/\/thelyflabs.com\/descargo-de-responsabilidad"]}]},{"@type":"BreadcrumbList","@id":"https:\/\/thelyflabs.com\/descargo-de-responsabilidad#breadcrumb","itemListElement":[{"@type":"ListItem","position":1,"name":"Portada","item":"https:\/\/thelyflabs.com\/"},{"@type":"ListItem","position":2,"name":"Descargo de responsabilidad"}]},{"@type":"WebSite","@id":"https:\/\/thelyflabs.com\/#website","url":"https:\/\/thelyflabs.com\/","name":"Os Laborat\u00f3rios LYF","description":"CBD atacado","publisher":{"@id":"https:\/\/thelyflabs.com\/#organization"},"potentialAction":[{"@type":"SearchAction","target":{"@type":"EntryPoint","urlTemplate":"https:\/\/thelyflabs.com\/?s={search_term_string}"},"query-input":{"@type":"PropertyValueSpecification","valueRequired":true,"valueName":"search_term_string"}}],"inLanguage":"pt-PT"},{"@type":"Organization","@id":"https:\/\/thelyflabs.com\/#organization","name":"Os Laborat\u00f3rios LYF","url":"https:\/\/thelyflabs.com\/","logo":{"@type":"ImageObject","inLanguage":"pt-PT","@id":"https:\/\/thelyflabs.com\/#\/schema\/logo\/image\/","url":"https:\/\/thelyflabs.com\/wp-content\/uploads\/2023\/01\/cropped-LogoTheLYFLabs.png","contentUrl":"https:\/\/thelyflabs.com\/wp-content\/uploads\/2023\/01\/cropped-LogoTheLYFLabs.png","width":600,"height":180,"caption":"The LYF Labs"},"image":{"@id":"https:\/\/thelyflabs.com\/#\/schema\/logo\/image\/"}}]}},"_links":{"self":[{"href":"https:\/\/thelyflabs.com\/pt\/wp-json\/wp\/v2\/pages\/913","targetHints":{"allow":["GET"]}}],"collection":[{"href":"https:\/\/thelyflabs.com\/pt\/wp-json\/wp\/v2\/pages"}],"about":[{"href":"https:\/\/thelyflabs.com\/pt\/wp-json\/wp\/v2\/types\/page"}],"author":[{"embeddable":true,"href":"https:\/\/thelyflabs.com\/pt\/wp-json\/wp\/v2\/users\/1"}],"replies":[{"embeddable":true,"href":"https:\/\/thelyflabs.com\/pt\/wp-json\/wp\/v2\/comments?post=913"}],"version-history":[{"count":1,"href":"https:\/\/thelyflabs.com\/pt\/wp-json\/wp\/v2\/pages\/913\/revisions"}],"predecessor-version":[{"id":914,"href":"https:\/\/thelyflabs.com\/pt\/wp-json\/wp\/v2\/pages\/913\/revisions\/914"}],"wp:attachment":[{"href":"https:\/\/thelyflabs.com\/pt\/wp-json\/wp\/v2\/media?parent=913"}],"curies":[{"name":"wp","href":"https:\/\/api.w.org\/{rel}","templated":true}]}}