{"id":915,"date":"2023-02-10T19:56:07","date_gmt":"2023-02-10T19:56:07","guid":{"rendered":"https:\/\/thelyflabs.com\/?page_id=915"},"modified":"2023-05-15T12:37:48","modified_gmt":"2023-05-15T12:37:48","slug":"politica-de-envio-y-devoluciones","status":"publish","type":"page","link":"https:\/\/thelyflabs.com\/pt\/politica-de-envio-y-devoluciones","title":{"rendered":"Pol\u00edtica de envio e devolu\u00e7\u00f5es"},"content":{"rendered":"<p><strong>Condi\u00e7\u00f5es Legais de Envios e Devolu\u00e7\u00f5es<\/strong><\/p>\n\n\n\n<p>Las Condiciones Legales de Env\u00edo y Anulaci\u00f3n forman parte de las Condiciones Legales de Contrataci\u00f3n (en adelante, las \u00abCondiciones de Venta\u00bb) que rigen las operaciones de venta realizadas en la tienda en l\u00ednea contenida en el dominio thelyflabs.com (en adelante, la &quot;Loja online&quot;).<\/p>\n\n\n\n<p>A compra de qualquer um dos produtos oferecidos na Loja Online implica a aceita\u00e7\u00e3o, sem reservas de qualquer tipo, como USU\u00c1RIO-CLIENTE das Condi\u00e7\u00f5es de Uso e Venda.<\/p>\n\n\n\n<ol class=\"wp-block-list\">\n<li><strong>M\u00c9TODOS DE ENVIO<\/strong><\/li>\n<\/ol>\n\n\n\n<p>ENTREGA AO DOMIC\u00cdLIO, uma vez verificado o pagamento da encomenda, esta ser\u00e1 enviada para a morada postal de entrega indicada pelo UTILIZADOR-CLIENTE. Enviaremos notifica\u00e7\u00f5es por e-mail para inform\u00e1-lo sobre o status do seu pedido em um per\u00edodo n\u00e3o superior a 24 horas.<\/p>\n\n\n\n<p>ENVIO DO PACOTE<\/p>\n\n\n\n<p>Encomendas recebidas at\u00e9 \u00e0s 16h00 ser\u00e3o expedidas no pr\u00f3prio dia, ap\u00f3s esta hora as encomendas s\u00e3o expedidas no prazo de 24h \u00fateis ap\u00f3s rece\u00e7\u00e3o do pagamento, atrav\u00e9s de empresa de transporte privado com o respetivo n\u00famero de seguimento enviado automaticamente para o mesmo email onde foi efetuada a encomenda foi colocado.<\/p>\n\n\n\n<p>O pacote chegar\u00e1 em 24\/48 horas a partir do envio do pacote.<\/p>\n\n\n\n<p>Como regra geral, o pacote ser\u00e1 entregue antes das 19h00 em todos os pedidos feitos na pen\u00ednsula.<\/p>\n\n\n\n<p>Os portes de envio t\u00eam um pre\u00e7o de 6\u20ac, sendo gr\u00e1tis a partir de 100\u20ac no cesto de compras (sem aplica\u00e7\u00e3o de cup\u00e3o de desconto).<\/p>\n\n\n\n<p>ILHAS CAN\u00c1RIAS (48-72h)<\/p>\n\n\n\n<p>Os pedidos para as Ilhas Can\u00e1rias ser\u00e3o enviados nas pr\u00f3ximas 24 horas ap\u00f3s o recebimento por empresa de transporte privado, \u00e9 necess\u00e1rio um documento de identidade e anexaremos a fatura ao pacote.<\/p>\n\n\n\n<p>Neste momento n\u00e3o enviamos para as Ilhas Can\u00e1rias a partir do site, consulte por e-mail. <\/p>\n\n\n\n<p>CEUTA\/MELILLA- (48-72h)<\/p>\n\n\n\n<p>Neste momento n\u00e3o enviamos para Ceuta\/Melilla a partir do site, consulte por e-mail. <\/p>\n\n\n\n<ol class=\"wp-block-list\" start=\"2\">\n<li><strong>CUSTOS DE ENVIO E TEMPO DE ENVIO<\/strong><\/li>\n<\/ol>\n\n\n\n<p>As despesas de ENVIO AO DOMIC\u00cdLIO ir\u00e3o variar em fun\u00e7\u00e3o da localiza\u00e7\u00e3o e peso, sendo que os valores e prazos de entrega est\u00e3o estipulados na oferta de venda de cada produto. Nos envios para a pen\u00ednsula o prazo \u00e9 de 24 a 48 horas. Nos envios para outros pa\u00edses europeus o prazo \u00e9 de 5 a 7 dias.<\/p>\n\n\n\n<p>Os envios ser\u00e3o efetuados \u00fanica e exclusivamente pelos Correios ou empresa de transporte particular e ser\u00e1 o USU\u00c1RIO-CLIENTE quem assumir\u00e1 os custos totais de envio, exceto quando exceder o valor estabelecido para frete gr\u00e1tis ou houver oferta promocional mais favor\u00e1vel para o USU\u00c1RIO- CLIENTE .<\/p>\n\n\n\n<ol class=\"wp-block-list\" start=\"3\">\n<li><strong>CANCELAMENTOS<\/strong><\/li>\n<\/ol>\n\n\n\n<p>A LYF Labs poder\u00e1 aceitar o cancelamento de qualquer encomenda desde que n\u00e3o tenha sido enviada e consoante o estado de prepara\u00e7\u00e3o da mesma, para tal dever\u00e1 comunic\u00e1-la atrav\u00e9s do seguinte endere\u00e7o de correio eletr\u00f3nico: contacto@thelyflabs.com<\/p>\n\n\n\n<p>A LYF Labs poder\u00e1 anular a encomenda se tiver motivos para crer que o meio de pagamento ou a finalidade da compra n\u00e3o s\u00e3o v\u00e1lidos ou l\u00edcitos.<\/p>\n\n\n\n<p>Neste caso, o The LYF Labs entrar\u00e1 em contato com o USU\u00c1RIO-CLIENTE e propor\u00e1 uma forma alternativa de solucionar a irregularidade detectada.<\/p>\n\n\n\n<p><strong>Condi\u00e7\u00f5es legais de Devolu\u00e7\u00e3o e Reembolso<\/strong><\/p>\n\n\n\n<p>Las Condiciones Legales de Devoluci\u00f3n y Reembolso forman parte de las Condiciones Legales de Contrataci\u00f3n (en adelante, las \u00abCondiciones de Venta\u00bb) que rigen las operaciones de venta realizadas en la tienda en l\u00ednea contenida en el dominio thelyflabs.com (en adelante, la &quot;Loja online&quot;).<\/p>\n\n\n\n<p>A compra de qualquer um dos produtos oferecidos na Loja Online implica a aceita\u00e7\u00e3o, sem reservas de qualquer tipo, como USU\u00c1RIO-CLIENTE das Condi\u00e7\u00f5es de Uso e Venda.<\/p>\n\n\n\n<ol class=\"wp-block-list\">\n<li><strong>RETORNAR<\/strong><\/li>\n<\/ol>\n\n\n\n<p>De acordo com a legisla\u00e7\u00e3o vigente, o USU\u00c1RIO-CLIENTE ter\u00e1 o direito de devolver qualquer produto no prazo de 14 (catorze) dias a partir da data de recebimento do produto.<\/p>\n\n\n\n<p>O produto deve estar sem uso e em perfeitas condi\u00e7\u00f5es, incluindo acess\u00f3rios, documenta\u00e7\u00e3o e embalagem original, caso contr\u00e1rio o bem sofrer\u00e1 deprecia\u00e7\u00e3o.<\/p>\n\n\n\n<p>O UTILIZADOR-CLIENTE apenas ser\u00e1 respons\u00e1vel pela diminui\u00e7\u00e3o do valor dos produtos que resulte de manuseamento diferente do necess\u00e1rio para determinar a natureza, caracter\u00edsticas e funcionamento dos bens adquiridos.<\/p>\n\n\n\n<p>Em nenhum caso o dinheiro ser\u00e1 devolvido para produtos de flores se eles forem abertos.<\/p>\n\n\n\n<p>O UTILIZADOR-CLIENTE dever\u00e1 comunicar a sua inten\u00e7\u00e3o de devolver o produto adquirido \u00e0 The LYF Labs, para tal, contacte-nos atrav\u00e9s do email contacto@thelyflabs.com ou atrav\u00e9s do bot\u00e3o chat vis\u00edvel no canto inferior direito do ecr\u00e3.<\/p>\n\n\n\n<ol class=\"wp-block-list\" start=\"2\">\n<li><strong>REEMBOLSO<\/strong><\/li>\n<\/ol>\n\n\n\n<p>O valor ser\u00e1 reembolsado nos termos estabelecidos na RDL 1\/2007 e atrav\u00e9s do mesmo meio de pagamento que o USU\u00c1RIO-CLIENTE utilizou para efetuar a compra.<\/p>\n\n\n\n<p>Para qualquer forma de devolu\u00e7\u00e3o, a mercadoria ser\u00e1 revisada nas instala\u00e7\u00f5es do The LYF Labs. Uma vez verificado o seu correto estado, o valor ser\u00e1 reembolsado menos os custos de envio, conforme forma de pagamento efetuada pelo USU\u00c1RIO-CLIENTE dentro de um prazo n\u00e3o mais de 14 dias corridos a partir do recebimento da mercadoria devolvida.<\/p>\n\n\n\n<p>A LYF Labs arcar\u00e1 com o custo direto da devolu\u00e7\u00e3o em caso de erro de envio ou defeito de fabrica\u00e7\u00e3o. Para isso, The LYF Labs se encarregar\u00e1 do envio e, ap\u00f3s verificar a validade do erro ou defeito de fabrica\u00e7\u00e3o do produto, pagar\u00e1 o valor equivalente aos custos de envio sujeitos \u00e0 devolu\u00e7\u00e3o do produto por conta do USU\u00c1RIO-CLIENTE.<\/p>\n\n\n\n<p>N\u00e3o havendo defeito de fabrica\u00e7\u00e3o ou erro de envio, o USU\u00c1RIO-CLIENTE arcar\u00e1 com os custos de envio para altera\u00e7\u00e3o ou devolu\u00e7\u00e3o de seu pedido dentro do prazo acima mencionado de garantia legal de devolu\u00e7\u00e3o dos produtos, de acordo com as normas vigentes.<\/p>","protected":false},"excerpt":{"rendered":"<p>Condiciones Legales de Env\u00edos y Devoluciones Las Condiciones Legales de Env\u00edo y Anulaci\u00f3n forman parte de las Condiciones Legales de Contrataci\u00f3n (en adelante, las \u00abCondiciones de Venta\u00bb) que rigen las operaciones de venta realizadas en la tienda en l\u00ednea contenida en el dominio thelyflabs.com (en adelante, la \u00abTienda Online\u00bb). La compra de cualquiera de los [&hellip;]<\/p>\n","protected":false},"author":1,"featured_media":0,"parent":0,"menu_order":0,"comment_status":"closed","ping_status":"closed","template":"","meta":{"_acf_changed":false,"site-sidebar-layout":"default","site-content-layout":"","ast-site-content-layout":"default","site-content-style":"default","site-sidebar-style":"default","ast-global-header-display":"","ast-banner-title-visibility":"","ast-main-header-display":"","ast-hfb-above-header-display":"","ast-hfb-below-header-display":"","ast-hfb-mobile-header-display":"","site-post-title":"","ast-breadcrumbs-content":"","ast-featured-img":"","footer-sml-layout":"","theme-transparent-header-meta":"","adv-header-id-meta":"","stick-header-meta":"","header-above-stick-meta":"","header-main-stick-meta":"","header-below-stick-meta":"","astra-migrate-meta-layouts":"default","ast-page-background-enabled":"default","ast-page-background-meta":{"desktop":{"background-color":"var(--ast-global-color-4)","background-image":"","background-repeat":"repeat","background-position":"center center","background-size":"auto","background-attachment":"scroll","background-type":"","background-media":"","overlay-type":"","overlay-color":"","overlay-opacity":"","overlay-gradient":""},"tablet":{"background-color":"","background-image":"","background-repeat":"repeat","background-position":"center center","background-size":"auto","background-attachment":"scroll","background-type":"","background-media":"","overlay-type":"","overlay-color":"","overlay-opacity":"","overlay-gradient":""},"mobile":{"background-color":"","background-image":"","background-repeat":"repeat","background-position":"center center","background-size":"auto","background-attachment":"scroll","background-type":"","background-media":"","overlay-type":"","overlay-color":"","overlay-opacity":"","overlay-gradient":""}},"ast-content-background-meta":{"desktop":{"background-color":"var(--ast-global-color-5)","background-image":"","background-repeat":"repeat","background-position":"center center","background-size":"auto","background-attachment":"scroll","background-type":"","background-media":"","overlay-type":"","overlay-color":"","overlay-opacity":"","overlay-gradient":""},"tablet":{"background-color":"var(--ast-global-color-5)","background-image":"","background-repeat":"repeat","background-position":"center center","background-size":"auto","background-attachment":"scroll","background-type":"","background-media":"","overlay-type":"","overlay-color":"","overlay-opacity":"","overlay-gradient":""},"mobile":{"background-color":"var(--ast-global-color-5)","background-image":"","background-repeat":"repeat","background-position":"center center","background-size":"auto","background-attachment":"scroll","background-type":"","background-media":"","overlay-type":"","overlay-color":"","overlay-opacity":"","overlay-gradient":""}},"footnotes":""},"class_list":["post-915","page","type-page","status-publish","hentry"],"acf":[],"yoast_head":"<!-- This site is optimized with the Yoast SEO plugin v27.3 - https:\/\/yoast.com\/product\/yoast-seo-wordpress\/ -->\n<title>Pol\u00edtica de envi\u00f3 y devoluciones - THE LYF LABS<\/title>\n<meta name=\"robots\" content=\"index, follow, max-snippet:-1, max-image-preview:large, max-video-preview:-1\" \/>\n<link rel=\"canonical\" href=\"https:\/\/thelyflabs.com\/pt\/politica-de-envio-y-devoluciones\/\" \/>\n<meta property=\"og:locale\" content=\"pt_PT\" \/>\n<meta property=\"og:type\" content=\"article\" \/>\n<meta property=\"og:title\" content=\"Pol\u00edtica de envi\u00f3 y devoluciones - THE LYF LABS\" \/>\n<meta property=\"og:description\" content=\"Condiciones Legales de Env\u00edos y Devoluciones Las Condiciones Legales de Env\u00edo y Anulaci\u00f3n forman parte de las Condiciones Legales de Contrataci\u00f3n (en adelante, las \u00abCondiciones de Venta\u00bb) que rigen las operaciones de venta realizadas en la tienda en l\u00ednea contenida en el dominio thelyflabs.com (en adelante, la \u00abTienda Online\u00bb). La compra de cualquiera de los [&hellip;]\" \/>\n<meta property=\"og:url\" content=\"https:\/\/thelyflabs.com\/pt\/politica-de-envio-y-devoluciones\/\" \/>\n<meta property=\"og:site_name\" content=\"THE LYF LABS\" \/>\n<meta property=\"article:modified_time\" content=\"2023-05-15T12:37:48+00:00\" \/>\n<meta name=\"twitter:card\" content=\"summary_large_image\" \/>\n<meta name=\"twitter:label1\" content=\"Tempo estimado de leitura\" \/>\n\t<meta name=\"twitter:data1\" content=\"5 minutos\" \/>\n<script type=\"application\/ld+json\" class=\"yoast-schema-graph\">{\"@context\":\"https:\\\/\\\/schema.org\",\"@graph\":[{\"@type\":\"WebPage\",\"@id\":\"https:\\\/\\\/thelyflabs.com\\\/politica-de-envio-y-devoluciones\",\"url\":\"https:\\\/\\\/thelyflabs.com\\\/politica-de-envio-y-devoluciones\",\"name\":\"Pol\u00edtica de envi\u00f3 y devoluciones - THE LYF LABS\",\"isPartOf\":{\"@id\":\"https:\\\/\\\/thelyflabs.com\\\/#website\"},\"datePublished\":\"2023-02-10T19:56:07+00:00\",\"dateModified\":\"2023-05-15T12:37:48+00:00\",\"breadcrumb\":{\"@id\":\"https:\\\/\\\/thelyflabs.com\\\/politica-de-envio-y-devoluciones#breadcrumb\"},\"inLanguage\":\"pt-PT\",\"potentialAction\":[{\"@type\":\"ReadAction\",\"target\":[\"https:\\\/\\\/thelyflabs.com\\\/politica-de-envio-y-devoluciones\"]}]},{\"@type\":\"BreadcrumbList\",\"@id\":\"https:\\\/\\\/thelyflabs.com\\\/politica-de-envio-y-devoluciones#breadcrumb\",\"itemListElement\":[{\"@type\":\"ListItem\",\"position\":1,\"name\":\"Portada\",\"item\":\"https:\\\/\\\/thelyflabs.com\\\/\"},{\"@type\":\"ListItem\",\"position\":2,\"name\":\"Pol\u00edtica de envi\u00f3 y devoluciones\"}]},{\"@type\":\"WebSite\",\"@id\":\"https:\\\/\\\/thelyflabs.com\\\/#website\",\"url\":\"https:\\\/\\\/thelyflabs.com\\\/\",\"name\":\"The LYF Labs\",\"description\":\"CBD al por mayor\",\"publisher\":{\"@id\":\"https:\\\/\\\/thelyflabs.com\\\/#organization\"},\"potentialAction\":[{\"@type\":\"SearchAction\",\"target\":{\"@type\":\"EntryPoint\",\"urlTemplate\":\"https:\\\/\\\/thelyflabs.com\\\/?s={search_term_string}\"},\"query-input\":{\"@type\":\"PropertyValueSpecification\",\"valueRequired\":true,\"valueName\":\"search_term_string\"}}],\"inLanguage\":\"pt-PT\"},{\"@type\":\"Organization\",\"@id\":\"https:\\\/\\\/thelyflabs.com\\\/#organization\",\"name\":\"The LYF Labs\",\"url\":\"https:\\\/\\\/thelyflabs.com\\\/\",\"logo\":{\"@type\":\"ImageObject\",\"inLanguage\":\"pt-PT\",\"@id\":\"https:\\\/\\\/thelyflabs.com\\\/#\\\/schema\\\/logo\\\/image\\\/\",\"url\":\"https:\\\/\\\/thelyflabs.com\\\/wp-content\\\/uploads\\\/2023\\\/01\\\/cropped-LogoTheLYFLabs.png\",\"contentUrl\":\"https:\\\/\\\/thelyflabs.com\\\/wp-content\\\/uploads\\\/2023\\\/01\\\/cropped-LogoTheLYFLabs.png\",\"width\":600,\"height\":180,\"caption\":\"The LYF Labs\"},\"image\":{\"@id\":\"https:\\\/\\\/thelyflabs.com\\\/#\\\/schema\\\/logo\\\/image\\\/\"}}]}<\/script>\n<!-- \/ Yoast SEO plugin. -->","yoast_head_json":{"title":"Pol\u00edtica de Envio e Devolu\u00e7\u00e3o - THE LYF LABS","robots":{"index":"index","follow":"follow","max-snippet":"max-snippet:-1","max-image-preview":"max-image-preview:large","max-video-preview":"max-video-preview:-1"},"canonical":"https:\/\/thelyflabs.com\/pt\/politica-de-envio-y-devoluciones\/","og_locale":"pt_PT","og_type":"article","og_title":"Pol\u00edtica de envi\u00f3 y devoluciones - THE LYF LABS","og_description":"Condiciones Legales de Env\u00edos y Devoluciones Las Condiciones Legales de Env\u00edo y Anulaci\u00f3n forman parte de las Condiciones Legales de Contrataci\u00f3n (en adelante, las \u00abCondiciones de Venta\u00bb) que rigen las operaciones de venta realizadas en la tienda en l\u00ednea contenida en el dominio thelyflabs.com (en adelante, la \u00abTienda Online\u00bb). La compra de cualquiera de los [&hellip;]","og_url":"https:\/\/thelyflabs.com\/pt\/politica-de-envio-y-devoluciones\/","og_site_name":"THE LYF LABS","article_modified_time":"2023-05-15T12:37:48+00:00","twitter_card":"summary_large_image","twitter_misc":{"Tempo estimado de leitura":"5 minutos"},"schema":{"@context":"https:\/\/schema.org","@graph":[{"@type":"WebPage","@id":"https:\/\/thelyflabs.com\/politica-de-envio-y-devoluciones","url":"https:\/\/thelyflabs.com\/politica-de-envio-y-devoluciones","name":"Pol\u00edtica de Envio e Devolu\u00e7\u00e3o - THE LYF LABS","isPartOf":{"@id":"https:\/\/thelyflabs.com\/#website"},"datePublished":"2023-02-10T19:56:07+00:00","dateModified":"2023-05-15T12:37:48+00:00","breadcrumb":{"@id":"https:\/\/thelyflabs.com\/politica-de-envio-y-devoluciones#breadcrumb"},"inLanguage":"pt-PT","potentialAction":[{"@type":"ReadAction","target":["https:\/\/thelyflabs.com\/politica-de-envio-y-devoluciones"]}]},{"@type":"BreadcrumbList","@id":"https:\/\/thelyflabs.com\/politica-de-envio-y-devoluciones#breadcrumb","itemListElement":[{"@type":"ListItem","position":1,"name":"Portada","item":"https:\/\/thelyflabs.com\/"},{"@type":"ListItem","position":2,"name":"Pol\u00edtica de envi\u00f3 y devoluciones"}]},{"@type":"WebSite","@id":"https:\/\/thelyflabs.com\/#website","url":"https:\/\/thelyflabs.com\/","name":"Os Laborat\u00f3rios LYF","description":"CBD atacado","publisher":{"@id":"https:\/\/thelyflabs.com\/#organization"},"potentialAction":[{"@type":"SearchAction","target":{"@type":"EntryPoint","urlTemplate":"https:\/\/thelyflabs.com\/?s={search_term_string}"},"query-input":{"@type":"PropertyValueSpecification","valueRequired":true,"valueName":"search_term_string"}}],"inLanguage":"pt-PT"},{"@type":"Organization","@id":"https:\/\/thelyflabs.com\/#organization","name":"Os Laborat\u00f3rios LYF","url":"https:\/\/thelyflabs.com\/","logo":{"@type":"ImageObject","inLanguage":"pt-PT","@id":"https:\/\/thelyflabs.com\/#\/schema\/logo\/image\/","url":"https:\/\/thelyflabs.com\/wp-content\/uploads\/2023\/01\/cropped-LogoTheLYFLabs.png","contentUrl":"https:\/\/thelyflabs.com\/wp-content\/uploads\/2023\/01\/cropped-LogoTheLYFLabs.png","width":600,"height":180,"caption":"The LYF Labs"},"image":{"@id":"https:\/\/thelyflabs.com\/#\/schema\/logo\/image\/"}}]}},"_links":{"self":[{"href":"https:\/\/thelyflabs.com\/pt\/wp-json\/wp\/v2\/pages\/915","targetHints":{"allow":["GET"]}}],"collection":[{"href":"https:\/\/thelyflabs.com\/pt\/wp-json\/wp\/v2\/pages"}],"about":[{"href":"https:\/\/thelyflabs.com\/pt\/wp-json\/wp\/v2\/types\/page"}],"author":[{"embeddable":true,"href":"https:\/\/thelyflabs.com\/pt\/wp-json\/wp\/v2\/users\/1"}],"replies":[{"embeddable":true,"href":"https:\/\/thelyflabs.com\/pt\/wp-json\/wp\/v2\/comments?post=915"}],"version-history":[{"count":4,"href":"https:\/\/thelyflabs.com\/pt\/wp-json\/wp\/v2\/pages\/915\/revisions"}],"predecessor-version":[{"id":1862,"href":"https:\/\/thelyflabs.com\/pt\/wp-json\/wp\/v2\/pages\/915\/revisions\/1862"}],"wp:attachment":[{"href":"https:\/\/thelyflabs.com\/pt\/wp-json\/wp\/v2\/media?parent=915"}],"curies":[{"name":"wp","href":"https:\/\/api.w.org\/{rel}","templated":true}]}}